{"id":227,"date":"2025-01-06T13:04:17","date_gmt":"2025-01-06T13:04:17","guid":{"rendered":"https:\/\/kirkensbymisjon.no\/brand\/?page_id=227"},"modified":"2025-06-16T08:42:36","modified_gmt":"2025-06-16T08:42:36","slug":"skilt-og-profilering","status":"publish","type":"page","link":"https:\/\/kirkensbymisjon.no\/brand\/maler\/skilt-og-profilering\/","title":{"rendered":"Skilt og profilering"},"content":{"rendered":"\n<h3 class=\"wp-block-heading\" id=\"h-skilt\">Skilt<\/h3>\n\n\n\n<p>Fasadeprofilering, vindusfolie, skilt m.m.<\/p>\n\n\n\n<p>\u27a8 Last ned&nbsp;<a href=\"https:\/\/kirkensbymisjon.no\/content\/uploads\/sites\/169\/2025\/03\/prinsipper_skilting.pdf\" target=\"_blank\" rel=\"noreferrer noopener\">prinsipper for skilting<\/a><\/p>\n\n\n\n<figure class=\"wp-block-image size-full\"><img loading=\"lazy\" decoding=\"async\" width=\"2560\" height=\"1448\" src=\"https:\/\/kirkensbymisjon.no\/content\/uploads\/sites\/169\/2025\/03\/Mockups-skilt-scaled.jpg\" alt=\"Eksempel p\u00e5 skilt\" class=\"wp-image-421\" srcset=\"https:\/\/kirkensbymisjon.no\/content\/uploads\/sites\/169\/2025\/03\/Mockups-skilt-scaled.jpg 2560w, https:\/\/kirkensbymisjon.no\/content\/uploads\/sites\/169\/2025\/03\/Mockups-skilt-300x170.jpg 300w, https:\/\/kirkensbymisjon.no\/content\/uploads\/sites\/169\/2025\/03\/Mockups-skilt-1024x579.jpg 1024w, https:\/\/kirkensbymisjon.no\/content\/uploads\/sites\/169\/2025\/03\/Mockups-skilt-768x434.jpg 768w, https:\/\/kirkensbymisjon.no\/content\/uploads\/sites\/169\/2025\/03\/Mockups-skilt-1536x869.jpg 1536w, https:\/\/kirkensbymisjon.no\/content\/uploads\/sites\/169\/2025\/03\/Mockups-skilt-2048x1158.jpg 2048w\" sizes=\"auto, (max-width: 2560px) 100vw, 2560px\" \/><\/figure>\n\n\n\n<h3 class=\"wp-block-heading\" id=\"h-rollups-og-messemateriell\">Rollups og messemateriell<\/h3>\n\n\n\n<p>Profilering med rollups, beachflags, telt og stand display.<\/p>\n\n\n\n<figure class=\"wp-block-image size-full is-resized\"><img loading=\"lazy\" decoding=\"async\" width=\"2560\" height=\"1952\" src=\"https:\/\/kirkensbymisjon.no\/content\/uploads\/sites\/169\/2025\/03\/Mockups13-rollups-scaled.jpg\" alt=\"Rollups\" class=\"wp-image-440\" style=\"width:664px;height:auto\" srcset=\"https:\/\/kirkensbymisjon.no\/content\/uploads\/sites\/169\/2025\/03\/Mockups13-rollups-scaled.jpg 2560w, https:\/\/kirkensbymisjon.no\/content\/uploads\/sites\/169\/2025\/03\/Mockups13-rollups-300x229.jpg 300w, https:\/\/kirkensbymisjon.no\/content\/uploads\/sites\/169\/2025\/03\/Mockups13-rollups-1024x781.jpg 1024w, https:\/\/kirkensbymisjon.no\/content\/uploads\/sites\/169\/2025\/03\/Mockups13-rollups-768x586.jpg 768w, https:\/\/kirkensbymisjon.no\/content\/uploads\/sites\/169\/2025\/03\/Mockups13-rollups-1536x1171.jpg 1536w, https:\/\/kirkensbymisjon.no\/content\/uploads\/sites\/169\/2025\/03\/Mockups13-rollups-2048x1562.jpg 2048w\" sizes=\"auto, (max-width: 2560px) 100vw, 2560px\" \/><\/figure>\n\n\n\n<figure class=\"wp-block-image size-full\"><img loading=\"lazy\" decoding=\"async\" width=\"1792\" height=\"1344\" src=\"https:\/\/kirkensbymisjon.no\/content\/uploads\/sites\/169\/2024\/12\/banner-1.jpeg\" alt=\"Banner med slogan og logo\" class=\"wp-image-97\" srcset=\"https:\/\/kirkensbymisjon.no\/content\/uploads\/sites\/169\/2024\/12\/banner-1.jpeg 1792w, https:\/\/kirkensbymisjon.no\/content\/uploads\/sites\/169\/2024\/12\/banner-1-300x225.jpeg 300w, https:\/\/kirkensbymisjon.no\/content\/uploads\/sites\/169\/2024\/12\/banner-1-1024x768.jpeg 1024w, https:\/\/kirkensbymisjon.no\/content\/uploads\/sites\/169\/2024\/12\/banner-1-768x576.jpeg 768w, https:\/\/kirkensbymisjon.no\/content\/uploads\/sites\/169\/2024\/12\/banner-1-1536x1152.jpeg 1536w\" sizes=\"auto, (max-width: 1792px) 100vw, 1792px\" \/><\/figure>\n\n\n\n<h3 class=\"wp-block-heading\" id=\"bildekor\">Bildekor<\/h3>\n\n\n\n<p>Det er anbefalt \u00e5 velge hvite, gr\u00e5 eller svarte biler. Se flere eksempler p\u00e5 bilprofilering i linken under.<\/p>\n\n\n\n<p>\u27a8 Last ned&nbsp;<a href=\"https:\/\/kirkensbymisjon.no\/content\/uploads\/sites\/169\/2025\/03\/profilering_bil.pdf\" target=\"_blank\" rel=\"noreferrer noopener\">eksempler for bilprofilering<\/a><\/p>\n\n\n\n<figure class=\"wp-block-image size-full\"><img loading=\"lazy\" decoding=\"async\" width=\"2560\" height=\"2211\" src=\"https:\/\/kirkensbymisjon.no\/content\/uploads\/sites\/169\/2025\/03\/Mockups-bilprofilering-scaled.jpg\" alt=\"Bilprofilering\" class=\"wp-image-444\" srcset=\"https:\/\/kirkensbymisjon.no\/content\/uploads\/sites\/169\/2025\/03\/Mockups-bilprofilering-scaled.jpg 2560w, https:\/\/kirkensbymisjon.no\/content\/uploads\/sites\/169\/2025\/03\/Mockups-bilprofilering-300x259.jpg 300w, https:\/\/kirkensbymisjon.no\/content\/uploads\/sites\/169\/2025\/03\/Mockups-bilprofilering-1024x884.jpg 1024w, https:\/\/kirkensbymisjon.no\/content\/uploads\/sites\/169\/2025\/03\/Mockups-bilprofilering-768x663.jpg 768w, https:\/\/kirkensbymisjon.no\/content\/uploads\/sites\/169\/2025\/03\/Mockups-bilprofilering-1536x1327.jpg 1536w, https:\/\/kirkensbymisjon.no\/content\/uploads\/sites\/169\/2025\/03\/Mockups-bilprofilering-2048x1769.jpg 2048w\" sizes=\"auto, (max-width: 2560px) 100vw, 2560px\" \/><\/figure>\n","protected":false},"excerpt":{"rendered":"<p>Skilt Fasadeprofilering, vindusfolie, skilt m.m. \u27a8 Last ned&nbsp;prinsipper for skilting Rollups og messemateriell Profilering med&hellip;<\/p>\n","protected":false},"author":5,"featured_media":95,"parent":65,"menu_order":0,"comment_status":"closed","ping_status":"closed","template":"","meta":{"_relevanssi_hide_post":"","_relevanssi_hide_content":"","_relevanssi_pin_for_all":"","_relevanssi_pin_keywords":"","_relevanssi_unpin_keywords":"","_relevanssi_related_keywords":"","_relevanssi_related_include_ids":"","_relevanssi_related_exclude_ids":"","_relevanssi_related_no_append":"","_relevanssi_related_not_related":"","_relevanssi_related_posts":"1","_relevanssi_noindex_reason":"","editor_notices":[],"footnotes":""},"class_list":["post-227","page","type-page","status-publish","has-post-thumbnail","hentry"],"yoast_head":"<!-- This site is optimized with the Yoast SEO Premium plugin v27.2 (Yoast SEO v27.2) - https:\/\/yoast.com\/product\/yoast-seo-premium-wordpress\/ -->\n<title>Skilt og profilering - Designmanual<\/title>\n<meta name=\"robots\" content=\"noindex, follow, max-snippet:-1, max-image-preview:large, max-video-preview:-1\" \/>\n<meta property=\"og:locale\" content=\"nb_NO\" \/>\n<meta property=\"og:type\" content=\"article\" \/>\n<meta property=\"og:title\" content=\"Skilt og profilering\" \/>\n<meta property=\"og:description\" content=\"Skilt Fasadeprofilering, vindusfolie, skilt m.m. \u27a8 Last ned&nbsp;prinsipper for skilting Rollups og messemateriell Profilering med&hellip;\" \/>\n<meta property=\"og:url\" content=\"https:\/\/kirkensbymisjon.no\/brand\/maler\/skilt-og-profilering\/\" \/>\n<meta property=\"og:site_name\" content=\"Designmanual\" \/>\n<meta property=\"article:modified_time\" content=\"2025-06-16T08:42:36+00:00\" \/>\n<meta property=\"og:image\" content=\"https:\/\/kirkensbymisjon.no\/content\/uploads\/sites\/169\/2024\/12\/skilt-1.jpeg\" \/>\n\t<meta property=\"og:image:width\" content=\"972\" \/>\n\t<meta property=\"og:image:height\" content=\"711\" \/>\n\t<meta property=\"og:image:type\" content=\"image\/jpeg\" \/>\n<meta name=\"twitter:card\" content=\"summary_large_image\" \/>\n<meta name=\"twitter:label1\" content=\"Ansl. lesetid\" \/>\n\t<meta name=\"twitter:data1\" content=\"2 minutter\" \/>\n<script type=\"application\/ld+json\" class=\"yoast-schema-graph\">{\"@context\":\"https:\/\/schema.org\",\"@graph\":[{\"@type\":\"WebPage\",\"@id\":\"https:\/\/kirkensbymisjon.no\/brand\/maler\/skilt-og-profilering\/\",\"url\":\"https:\/\/kirkensbymisjon.no\/brand\/maler\/skilt-og-profilering\/\",\"name\":\"Skilt og profilering - Designmanual\",\"isPartOf\":{\"@id\":\"https:\/\/kirkensbymisjon.no\/brand\/#website\"},\"primaryImageOfPage\":{\"@id\":\"https:\/\/kirkensbymisjon.no\/brand\/maler\/skilt-og-profilering\/#primaryimage\"},\"image\":{\"@id\":\"https:\/\/kirkensbymisjon.no\/brand\/maler\/skilt-og-profilering\/#primaryimage\"},\"thumbnailUrl\":\"https:\/\/kirkensbymisjon.no\/content\/uploads\/sites\/169\/2024\/12\/skilt-1.jpeg\",\"datePublished\":\"2025-01-06T13:04:17+00:00\",\"dateModified\":\"2025-06-16T08:42:36+00:00\",\"breadcrumb\":{\"@id\":\"https:\/\/kirkensbymisjon.no\/brand\/maler\/skilt-og-profilering\/#breadcrumb\"},\"inLanguage\":\"nb-NO\",\"potentialAction\":[{\"@type\":\"ReadAction\",\"target\":[\"https:\/\/kirkensbymisjon.no\/brand\/maler\/skilt-og-profilering\/\"]}]},{\"@type\":\"ImageObject\",\"inLanguage\":\"nb-NO\",\"@id\":\"https:\/\/kirkensbymisjon.no\/brand\/maler\/skilt-og-profilering\/#primaryimage\",\"url\":\"https:\/\/kirkensbymisjon.no\/content\/uploads\/sites\/169\/2024\/12\/skilt-1.jpeg\",\"contentUrl\":\"https:\/\/kirkensbymisjon.no\/content\/uploads\/sites\/169\/2024\/12\/skilt-1.jpeg\",\"width\":972,\"height\":711,\"caption\":\"Skilt til virksomhet\"},{\"@type\":\"BreadcrumbList\",\"@id\":\"https:\/\/kirkensbymisjon.no\/brand\/maler\/skilt-og-profilering\/#breadcrumb\",\"itemListElement\":[{\"@type\":\"ListItem\",\"position\":1,\"name\":\"Hjem\",\"item\":\"https:\/\/kirkensbymisjon.no\/brand\/\"},{\"@type\":\"ListItem\",\"position\":2,\"name\":\"Maler og materiell\",\"item\":\"https:\/\/kirkensbymisjon.no\/brand\/maler\/\"},{\"@type\":\"ListItem\",\"position\":3,\"name\":\"Skilt og profilering\"}]},{\"@type\":\"WebSite\",\"@id\":\"https:\/\/kirkensbymisjon.no\/brand\/#website\",\"url\":\"https:\/\/kirkensbymisjon.no\/brand\/\",\"name\":\"Designmanual\",\"description\":\"\",\"potentialAction\":[{\"@type\":\"SearchAction\",\"target\":{\"@type\":\"EntryPoint\",\"urlTemplate\":\"https:\/\/kirkensbymisjon.no\/brand\/?s={search_term_string}\"},\"query-input\":{\"@type\":\"PropertyValueSpecification\",\"valueRequired\":true,\"valueName\":\"search_term_string\"}}],\"inLanguage\":\"nb-NO\"}]}<\/script>\n<!-- \/ Yoast SEO Premium plugin. -->","yoast_head_json":{"title":"Skilt og profilering - Designmanual","robots":{"index":"noindex","follow":"follow","max-snippet":"max-snippet:-1","max-image-preview":"max-image-preview:large","max-video-preview":"max-video-preview:-1"},"og_locale":"nb_NO","og_type":"article","og_title":"Skilt og profilering","og_description":"Skilt Fasadeprofilering, vindusfolie, skilt m.m. \u27a8 Last ned&nbsp;prinsipper for skilting Rollups og messemateriell Profilering med&hellip;","og_url":"https:\/\/kirkensbymisjon.no\/brand\/maler\/skilt-og-profilering\/","og_site_name":"Designmanual","article_modified_time":"2025-06-16T08:42:36+00:00","og_image":[{"width":972,"height":711,"url":"https:\/\/kirkensbymisjon.no\/content\/uploads\/sites\/169\/2024\/12\/skilt-1.jpeg","type":"image\/jpeg"}],"twitter_card":"summary_large_image","twitter_misc":{"Ansl. lesetid":"2 minutter"},"schema":{"@context":"https:\/\/schema.org","@graph":[{"@type":"WebPage","@id":"https:\/\/kirkensbymisjon.no\/brand\/maler\/skilt-og-profilering\/","url":"https:\/\/kirkensbymisjon.no\/brand\/maler\/skilt-og-profilering\/","name":"Skilt og profilering - Designmanual","isPartOf":{"@id":"https:\/\/kirkensbymisjon.no\/brand\/#website"},"primaryImageOfPage":{"@id":"https:\/\/kirkensbymisjon.no\/brand\/maler\/skilt-og-profilering\/#primaryimage"},"image":{"@id":"https:\/\/kirkensbymisjon.no\/brand\/maler\/skilt-og-profilering\/#primaryimage"},"thumbnailUrl":"https:\/\/kirkensbymisjon.no\/content\/uploads\/sites\/169\/2024\/12\/skilt-1.jpeg","datePublished":"2025-01-06T13:04:17+00:00","dateModified":"2025-06-16T08:42:36+00:00","breadcrumb":{"@id":"https:\/\/kirkensbymisjon.no\/brand\/maler\/skilt-og-profilering\/#breadcrumb"},"inLanguage":"nb-NO","potentialAction":[{"@type":"ReadAction","target":["https:\/\/kirkensbymisjon.no\/brand\/maler\/skilt-og-profilering\/"]}]},{"@type":"ImageObject","inLanguage":"nb-NO","@id":"https:\/\/kirkensbymisjon.no\/brand\/maler\/skilt-og-profilering\/#primaryimage","url":"https:\/\/kirkensbymisjon.no\/content\/uploads\/sites\/169\/2024\/12\/skilt-1.jpeg","contentUrl":"https:\/\/kirkensbymisjon.no\/content\/uploads\/sites\/169\/2024\/12\/skilt-1.jpeg","width":972,"height":711,"caption":"Skilt til virksomhet"},{"@type":"BreadcrumbList","@id":"https:\/\/kirkensbymisjon.no\/brand\/maler\/skilt-og-profilering\/#breadcrumb","itemListElement":[{"@type":"ListItem","position":1,"name":"Hjem","item":"https:\/\/kirkensbymisjon.no\/brand\/"},{"@type":"ListItem","position":2,"name":"Maler og materiell","item":"https:\/\/kirkensbymisjon.no\/brand\/maler\/"},{"@type":"ListItem","position":3,"name":"Skilt og profilering"}]},{"@type":"WebSite","@id":"https:\/\/kirkensbymisjon.no\/brand\/#website","url":"https:\/\/kirkensbymisjon.no\/brand\/","name":"Designmanual","description":"","potentialAction":[{"@type":"SearchAction","target":{"@type":"EntryPoint","urlTemplate":"https:\/\/kirkensbymisjon.no\/brand\/?s={search_term_string}"},"query-input":{"@type":"PropertyValueSpecification","valueRequired":true,"valueName":"search_term_string"}}],"inLanguage":"nb-NO"}]}},"_links":{"self":[{"href":"https:\/\/kirkensbymisjon.no\/brand\/wp-json\/wp\/v2\/pages\/227","targetHints":{"allow":["GET"]}}],"collection":[{"href":"https:\/\/kirkensbymisjon.no\/brand\/wp-json\/wp\/v2\/pages"}],"about":[{"href":"https:\/\/kirkensbymisjon.no\/brand\/wp-json\/wp\/v2\/types\/page"}],"author":[{"embeddable":true,"href":"https:\/\/kirkensbymisjon.no\/brand\/wp-json\/wp\/v2\/users\/5"}],"replies":[{"embeddable":true,"href":"https:\/\/kirkensbymisjon.no\/brand\/wp-json\/wp\/v2\/comments?post=227"}],"version-history":[{"count":5,"href":"https:\/\/kirkensbymisjon.no\/brand\/wp-json\/wp\/v2\/pages\/227\/revisions"}],"predecessor-version":[{"id":1021,"href":"https:\/\/kirkensbymisjon.no\/brand\/wp-json\/wp\/v2\/pages\/227\/revisions\/1021"}],"up":[{"embeddable":true,"href":"https:\/\/kirkensbymisjon.no\/brand\/wp-json\/wp\/v2\/pages\/65"}],"wp:featuredmedia":[{"embeddable":true,"href":"https:\/\/kirkensbymisjon.no\/brand\/wp-json\/wp\/v2\/media\/95"}],"wp:attachment":[{"href":"https:\/\/kirkensbymisjon.no\/brand\/wp-json\/wp\/v2\/media?parent=227"}],"curies":[{"name":"wp","href":"https:\/\/api.w.org\/{rel}","templated":true}]}}