{"id":489,"date":"2025-03-25T20:52:13","date_gmt":"2025-03-25T20:52:13","guid":{"rendered":"https:\/\/kirkensbymisjon.no\/brand\/?page_id=489"},"modified":"2025-11-16T08:02:05","modified_gmt":"2025-11-16T08:02:05","slug":"ung","status":"publish","type":"page","link":"https:\/\/kirkensbymisjon.no\/brand\/verktoy\/ung\/","title":{"rendered":"UNG \u2013 visuelt uttrykk mot barn og unge"},"content":{"rendered":"\n<p>Virksomheter og aktiviteter rettet mot barn og unge skal ikke bygge egen merkevare, men kan gjennom&nbsp;<a href=\"https:\/\/kirkensbymisjon.no\/brand\/verktoy\/ung\/#ordbilder\">ordbilder<\/a>&nbsp;og fotovalg tilpasse sin visuelle kommunikasjon mot m\u00e5lgruppen.&nbsp;<\/p>\n\n\n\n<figure class=\"wp-block-image size-full\"><img loading=\"lazy\" decoding=\"async\" width=\"2560\" height=\"1724\" src=\"https:\/\/kirkensbymisjon.no\/content\/uploads\/sites\/169\/2025\/01\/ung-1-scaled.jpg\" alt=\"Eksempel p\u00e5 layout UNG\" class=\"wp-image-236\" srcset=\"https:\/\/kirkensbymisjon.no\/content\/uploads\/sites\/169\/2025\/01\/ung-1-scaled.jpg 2560w, https:\/\/kirkensbymisjon.no\/content\/uploads\/sites\/169\/2025\/01\/ung-1-300x202.jpg 300w, https:\/\/kirkensbymisjon.no\/content\/uploads\/sites\/169\/2025\/01\/ung-1-1024x689.jpg 1024w, https:\/\/kirkensbymisjon.no\/content\/uploads\/sites\/169\/2025\/01\/ung-1-768x517.jpg 768w, https:\/\/kirkensbymisjon.no\/content\/uploads\/sites\/169\/2025\/01\/ung-1-1536x1034.jpg 1536w, https:\/\/kirkensbymisjon.no\/content\/uploads\/sites\/169\/2025\/01\/ung-1-2048x1379.jpg 2048w\" sizes=\"auto, (max-width: 2560px) 100vw, 2560px\" \/><\/figure>\n\n\n\n<p>Ved bruk av disse visuelle verkt\u00f8yene skal likevel hoveduttrykket ivareta v\u00e5r&nbsp;<a href=\"https:\/\/kirkensbymisjon.no\/brand\/strategi\/\">monolittiske merkearkitektur<\/a>,&nbsp;med Kirkens Bymisjon som hovedavsender.<\/p>\n\n\n\n<p>Dette uttrykket skal ikke brukes p\u00e5 formelle og postale trykksaker (f.eks. visittkort, konvolutter og brevark), men kun p\u00e5 flater i direkte kommunikasjon mot barn og unge.&nbsp;<\/p>\n\n\n\n<p>\u27a8 Bruk&nbsp;<a href=\"https:\/\/kirkensbymisjon.no\/brand\/#om-designmaskinen\">designmaskinen&nbsp;til \u00e5 lage materiell<\/a> med UNG<\/p>\n\n\n<div class=\"t2-accordion wp-block-t2-accordion\" data-allow-multiple=\"1\" role=\"list\">\n<div class=\"t2-accordion-item wp-block-t2-accordion-item\" role=\"listitem\">\n\t\t\t<h2 class=\"t2-accordion-title\">\n\t\t\t\t<button type=\"button\" class=\"t2-accordion-trigger\" id=\"hvem-kan-bruke-dette-uttrykket?\" aria-controls=\"accordion-panel\" aria-expanded=\"false\">\n\t\t\t\t\tHvem kan bruke dette uttrykket?\n\t\t\t\t\t<span class=\"t2-accordion-icon is-closed-icon\"><svg xmlns=\"http:\/\/www.w3.org\/2000\/svg\" viewBox=\"0 0 24 24\" height=\"24\" width=\"24\" class=\"t2-icon t2-icon-plus\" aria-hidden=\"true\" focusable=\"false\"><path d=\"M11.8 5.037a1.088 1.088 0 0 0-.722.566c-.075.148-.078.25-.078 2.772v2.619l-2.61.016c-1.867.012-2.652.03-2.756.064-.168.055-.438.301-.54.494-.049.092-.07.223-.07.432 0 .34.054.476.282.704.289.289.14.275 3.064.288l2.63.012v2.619c0 2.544.002 2.625.08 2.778.191.372.516.577.92.577s.729-.205.92-.577c.078-.153.08-.234.08-2.778v-2.619l2.63-.012c2.924-.013 2.775.001 3.064-.288.228-.228.282-.364.282-.704 0-.209-.021-.34-.07-.432-.102-.193-.372-.439-.54-.494-.104-.034-.889-.052-2.756-.064L13 10.994V8.375c0-2.522-.003-2.624-.078-2.772-.214-.418-.685-.656-1.122-.566\"\/><\/svg><\/span>\n\t\t\t\t\t<span class=\"t2-accordion-icon is-open-icon\"><svg xmlns=\"http:\/\/www.w3.org\/2000\/svg\" viewBox=\"0 0 24 24\" height=\"24\" width=\"24\" class=\"t2-icon t2-icon-chevronup\" aria-hidden=\"true\" focusable=\"false\"><path d=\"M6.7 14.7c-.2-.2-.3-.4-.3-.7s.1-.5.3-.7l4.6-4.6c.1-.1.2-.2.3-.2.1 0 .2-.1.4-.1.1 0 .3 0 .4.1.1 0 .2.1.3.2l4.6 4.6c.2.2.3.4.3.7s-.1.5-.3.7c-.2.2-.4.3-.7.3s-.5-.1-.7-.3L12 10.8l-3.9 3.9c-.2.2-.4.3-.7.3s-.5-.1-.7-.3z\" fill=\"currentColor\" \/><\/svg><\/span>\n\t\t\t\t<\/button>\n\t\t\t<\/h2>\n\t\t\t<div class=\"t2-accordion-item__inner-container is-layout-flow\" id=\"accordion-panel\" aria-labelledby=\"hvem-kan-bruke-dette-uttrykket?\" role=\"region\" hidden>\n\t\t\t\t\n\n<p>For \u00e5 finne ut om det som skal produseres kan bruke UNG-uttrykket eller m\u00e5 holde seg til Kirkens Bymisjons hoveduttrykk, kan man stille seg f\u00f8lgende sp\u00f8rsm\u00e5l:<\/p>\n\n\n\n<p><strong><em>1. Skal virksomheten v\u00e6re en del av Kirkens Bymisjon, og definert inn under Kirkens Bymisjons visuelle identitet?<\/em><\/strong><\/p>\n\n\n\n<p>Hvis nei, m\u00e5 virksomheten utvikle en egen identitet.<br>Hvis ja, kan man g\u00e5 videre til neste sp\u00f8rsm\u00e5l.<\/p>\n\n\n\n<p><strong><em>2. Er virksomhetens prim\u00e6re m\u00e5lgruppe barn og unge?<\/em><\/strong><\/p>\n\n\n\n<p>Hvis nei, m\u00e5 virksomheten bruke Kirkens Bymisjons hoveduttrykk.<br>Hvis ja, kan man g\u00e5 videre til neste sp\u00f8rsm\u00e5l.<\/p>\n\n\n\n<p><strong><em>3. Er virksomhetens eksterne kommunikasjon rettet direkte til m\u00e5lgruppen barn og unge?<\/em><\/strong><\/p>\n\n\n\n<p>Hvis nei, m\u00e5 virksomheten bruke Kirkens Bymisjons hoveduttrykk.<br>Hvis ja, kan man g\u00e5 videre til neste sp\u00f8rsm\u00e5l.<\/p>\n\n\n\n<p><strong><em>4. Er virksomhetens suksess avhengig av direkte appell eller status hos m\u00e5lgruppen?<\/em><\/strong><\/p>\n\n\n\n<p>Hvis nei, m\u00e5 virksomheten bruke Kirkens Bymisjons hoveduttrykk.<br>Hvis ja, kan man g\u00e5 videre til neste sp\u00f8rsm\u00e5l.<\/p>\n\n\n\n<p><strong><em>5. Vil Kirkens Bymisjons ordin\u00e6re visuelle identitet v\u00e6re et hinder for \u00e5 n\u00e5 frem eller appellere til m\u00e5lgruppen?<\/em><\/strong><\/p>\n\n\n\n<p>Hvis nei, m\u00e5 virksomheten bruke Kirkens Bymisjons hoveduttrykk.<br>Hvis ja, kan man bruke det visuelle uttrykket rettet mot barn og unge.<\/p>\n\n\n\t\t\t<\/div>\n\t\t<\/div>\n<\/div>\n\n\n<h3 class=\"wp-block-heading\" id=\"ordbilder\">Ordbilder<\/h3>\n\n\n\n<p>Typografiske ordbilder i svart og hvit lages av slogans\/beskrivelser. Dersom du bruker&nbsp;designmaskinen&nbsp;til \u00e5 lage grafisk materiell, finnes det allerede maler tilrettelagt med ulike ordbilder der.&nbsp;<\/p>\n\n\n\n<p>Tilbudsnavn (f.eks. Skattkammeret) i tilknytning til ordbildet, skal alltid settes i profilfonten, og ikke settes i samme typrografiske form som slogans\/beskrivelser i ordbildet. Dette er for \u00e5 skape kontrast, og for \u00e5 visuelt skille mellom tilbudsnavn og innhold.<\/p>\n\n\n\n<p>Ordbildene kan ogs\u00e5 lastes ned og brukes enkeltvis.&nbsp;Har din virksomhet behov utover det som kan lastes ned under her, ta&nbsp;kontakt med oss.<\/p>\n\n\n\n<p>\u27a8 Last ned&nbsp;<a href=\"https:\/\/bymisjon.sharepoint.com\/:f:\/r\/sites\/Grafisk\/Grafisk%20pen\/Designmanual\/UNG\/Ordbilder?csf=1&amp;web=1&amp;e=gj9pi3\" target=\"_blank\" rel=\"noreferrer noopener\">ordbilder<\/a><\/p>\n\n\n\n<figure class=\"wp-block-image size-full\"><img loading=\"lazy\" decoding=\"async\" width=\"1660\" height=\"750\" src=\"https:\/\/kirkensbymisjon.no\/content\/uploads\/sites\/169\/2025\/11\/UNG-ordbilde-2.jpg\" alt=\"\" class=\"wp-image-1059\" srcset=\"https:\/\/kirkensbymisjon.no\/content\/uploads\/sites\/169\/2025\/11\/UNG-ordbilde-2.jpg 1660w, https:\/\/kirkensbymisjon.no\/content\/uploads\/sites\/169\/2025\/11\/UNG-ordbilde-2-300x136.jpg 300w, https:\/\/kirkensbymisjon.no\/content\/uploads\/sites\/169\/2025\/11\/UNG-ordbilde-2-1024x463.jpg 1024w, https:\/\/kirkensbymisjon.no\/content\/uploads\/sites\/169\/2025\/11\/UNG-ordbilde-2-768x347.jpg 768w, https:\/\/kirkensbymisjon.no\/content\/uploads\/sites\/169\/2025\/11\/UNG-ordbilde-2-1536x694.jpg 1536w\" sizes=\"auto, (max-width: 1660px) 100vw, 1660px\" \/><\/figure>\n\n\n\n<h3 class=\"wp-block-heading\"><strong>Fotovalg eksempler<\/strong><\/h3>\n\n\n\n<p>\u27a8 Last ned&nbsp;<a href=\"https:\/\/bymisjon.sharepoint.com\/:f:\/r\/sites\/Grafisk\/Grafisk%20pen\/Designmanual\/UNG\/Foto?csf=1&amp;web=1&amp;e=hrpTub\" target=\"_blank\" rel=\"noreferrer noopener\">bilder som kan brukes til UNG<\/a>&nbsp;(fri bruk)<\/p>\n","protected":false},"excerpt":{"rendered":"<p>Virksomheter og aktiviteter rettet mot barn og unge skal ikke bygge egen merkevare, men kan&hellip;<\/p>\n","protected":false},"author":5,"featured_media":518,"parent":61,"menu_order":0,"comment_status":"closed","ping_status":"closed","template":"","meta":{"_relevanssi_hide_post":"","_relevanssi_hide_content":"","_relevanssi_pin_for_all":"","_relevanssi_pin_keywords":"","_relevanssi_unpin_keywords":"","_relevanssi_related_keywords":"","_relevanssi_related_include_ids":"","_relevanssi_related_exclude_ids":"","_relevanssi_related_no_append":"","_relevanssi_related_not_related":"","_relevanssi_related_posts":"1","_relevanssi_noindex_reason":"","editor_notices":[],"footnotes":""},"class_list":["post-489","page","type-page","status-publish","has-post-thumbnail","hentry"],"yoast_head":"<!-- This site is optimized with the Yoast SEO Premium plugin v27.2 (Yoast SEO v27.2) - https:\/\/yoast.com\/product\/yoast-seo-premium-wordpress\/ -->\n<title>UNG \u2013 visuelt uttrykk mot barn og unge - Designmanual<\/title>\n<meta name=\"robots\" content=\"noindex, follow, max-snippet:-1, max-image-preview:large, max-video-preview:-1\" \/>\n<meta property=\"og:locale\" content=\"nb_NO\" \/>\n<meta property=\"og:type\" content=\"article\" \/>\n<meta property=\"og:title\" content=\"UNG \u2013 visuelt uttrykk mot barn og unge\" \/>\n<meta property=\"og:description\" content=\"Virksomheter og aktiviteter rettet mot barn og unge skal ikke bygge egen merkevare, men kan&hellip;\" \/>\n<meta property=\"og:url\" content=\"https:\/\/kirkensbymisjon.no\/brand\/verktoy\/ung\/\" \/>\n<meta property=\"og:site_name\" content=\"Designmanual\" \/>\n<meta property=\"article:modified_time\" content=\"2025-11-16T08:02:05+00:00\" \/>\n<meta property=\"og:image\" content=\"https:\/\/kirkensbymisjon.no\/content\/uploads\/sites\/169\/2025\/03\/UNG-ordbilde.jpg\" \/>\n\t<meta property=\"og:image:width\" content=\"514\" \/>\n\t<meta property=\"og:image:height\" content=\"643\" \/>\n\t<meta property=\"og:image:type\" content=\"image\/jpeg\" \/>\n<meta name=\"twitter:card\" content=\"summary_large_image\" \/>\n<meta name=\"twitter:label1\" content=\"Ansl. lesetid\" \/>\n\t<meta name=\"twitter:data1\" content=\"3 minutter\" \/>\n<script type=\"application\/ld+json\" class=\"yoast-schema-graph\">{\"@context\":\"https:\/\/schema.org\",\"@graph\":[{\"@type\":\"WebPage\",\"@id\":\"https:\/\/kirkensbymisjon.no\/brand\/verktoy\/ung\/\",\"url\":\"https:\/\/kirkensbymisjon.no\/brand\/verktoy\/ung\/\",\"name\":\"UNG \u2013 visuelt uttrykk mot barn og unge - Designmanual\",\"isPartOf\":{\"@id\":\"https:\/\/kirkensbymisjon.no\/brand\/#website\"},\"primaryImageOfPage\":{\"@id\":\"https:\/\/kirkensbymisjon.no\/brand\/verktoy\/ung\/#primaryimage\"},\"image\":{\"@id\":\"https:\/\/kirkensbymisjon.no\/brand\/verktoy\/ung\/#primaryimage\"},\"thumbnailUrl\":\"https:\/\/kirkensbymisjon.no\/content\/uploads\/sites\/169\/2025\/03\/UNG-ordbilde.jpg\",\"datePublished\":\"2025-03-25T20:52:13+00:00\",\"dateModified\":\"2025-11-16T08:02:05+00:00\",\"breadcrumb\":{\"@id\":\"https:\/\/kirkensbymisjon.no\/brand\/verktoy\/ung\/#breadcrumb\"},\"inLanguage\":\"nb-NO\",\"potentialAction\":[{\"@type\":\"ReadAction\",\"target\":[\"https:\/\/kirkensbymisjon.no\/brand\/verktoy\/ung\/\"]}]},{\"@type\":\"ImageObject\",\"inLanguage\":\"nb-NO\",\"@id\":\"https:\/\/kirkensbymisjon.no\/brand\/verktoy\/ung\/#primaryimage\",\"url\":\"https:\/\/kirkensbymisjon.no\/content\/uploads\/sites\/169\/2025\/03\/UNG-ordbilde.jpg\",\"contentUrl\":\"https:\/\/kirkensbymisjon.no\/content\/uploads\/sites\/169\/2025\/03\/UNG-ordbilde.jpg\",\"width\":514,\"height\":643,\"caption\":\"UNG ordbilde 2\"},{\"@type\":\"BreadcrumbList\",\"@id\":\"https:\/\/kirkensbymisjon.no\/brand\/verktoy\/ung\/#breadcrumb\",\"itemListElement\":[{\"@type\":\"ListItem\",\"position\":1,\"name\":\"Hjem\",\"item\":\"https:\/\/kirkensbymisjon.no\/brand\/\"},{\"@type\":\"ListItem\",\"position\":2,\"name\":\"Verkt\u00f8y\",\"item\":\"https:\/\/kirkensbymisjon.no\/brand\/verktoy\/\"},{\"@type\":\"ListItem\",\"position\":3,\"name\":\"UNG \u2013 visuelt uttrykk mot barn og unge\"}]},{\"@type\":\"WebSite\",\"@id\":\"https:\/\/kirkensbymisjon.no\/brand\/#website\",\"url\":\"https:\/\/kirkensbymisjon.no\/brand\/\",\"name\":\"Designmanual\",\"description\":\"\",\"potentialAction\":[{\"@type\":\"SearchAction\",\"target\":{\"@type\":\"EntryPoint\",\"urlTemplate\":\"https:\/\/kirkensbymisjon.no\/brand\/?s={search_term_string}\"},\"query-input\":{\"@type\":\"PropertyValueSpecification\",\"valueRequired\":true,\"valueName\":\"search_term_string\"}}],\"inLanguage\":\"nb-NO\"}]}<\/script>\n<!-- \/ Yoast SEO Premium plugin. -->","yoast_head_json":{"title":"UNG \u2013 visuelt uttrykk mot barn og unge - Designmanual","robots":{"index":"noindex","follow":"follow","max-snippet":"max-snippet:-1","max-image-preview":"max-image-preview:large","max-video-preview":"max-video-preview:-1"},"og_locale":"nb_NO","og_type":"article","og_title":"UNG \u2013 visuelt uttrykk mot barn og unge","og_description":"Virksomheter og aktiviteter rettet mot barn og unge skal ikke bygge egen merkevare, men kan&hellip;","og_url":"https:\/\/kirkensbymisjon.no\/brand\/verktoy\/ung\/","og_site_name":"Designmanual","article_modified_time":"2025-11-16T08:02:05+00:00","og_image":[{"width":514,"height":643,"url":"https:\/\/kirkensbymisjon.no\/content\/uploads\/sites\/169\/2025\/03\/UNG-ordbilde.jpg","type":"image\/jpeg"}],"twitter_card":"summary_large_image","twitter_misc":{"Ansl. lesetid":"3 minutter"},"schema":{"@context":"https:\/\/schema.org","@graph":[{"@type":"WebPage","@id":"https:\/\/kirkensbymisjon.no\/brand\/verktoy\/ung\/","url":"https:\/\/kirkensbymisjon.no\/brand\/verktoy\/ung\/","name":"UNG \u2013 visuelt uttrykk mot barn og unge - Designmanual","isPartOf":{"@id":"https:\/\/kirkensbymisjon.no\/brand\/#website"},"primaryImageOfPage":{"@id":"https:\/\/kirkensbymisjon.no\/brand\/verktoy\/ung\/#primaryimage"},"image":{"@id":"https:\/\/kirkensbymisjon.no\/brand\/verktoy\/ung\/#primaryimage"},"thumbnailUrl":"https:\/\/kirkensbymisjon.no\/content\/uploads\/sites\/169\/2025\/03\/UNG-ordbilde.jpg","datePublished":"2025-03-25T20:52:13+00:00","dateModified":"2025-11-16T08:02:05+00:00","breadcrumb":{"@id":"https:\/\/kirkensbymisjon.no\/brand\/verktoy\/ung\/#breadcrumb"},"inLanguage":"nb-NO","potentialAction":[{"@type":"ReadAction","target":["https:\/\/kirkensbymisjon.no\/brand\/verktoy\/ung\/"]}]},{"@type":"ImageObject","inLanguage":"nb-NO","@id":"https:\/\/kirkensbymisjon.no\/brand\/verktoy\/ung\/#primaryimage","url":"https:\/\/kirkensbymisjon.no\/content\/uploads\/sites\/169\/2025\/03\/UNG-ordbilde.jpg","contentUrl":"https:\/\/kirkensbymisjon.no\/content\/uploads\/sites\/169\/2025\/03\/UNG-ordbilde.jpg","width":514,"height":643,"caption":"UNG ordbilde 2"},{"@type":"BreadcrumbList","@id":"https:\/\/kirkensbymisjon.no\/brand\/verktoy\/ung\/#breadcrumb","itemListElement":[{"@type":"ListItem","position":1,"name":"Hjem","item":"https:\/\/kirkensbymisjon.no\/brand\/"},{"@type":"ListItem","position":2,"name":"Verkt\u00f8y","item":"https:\/\/kirkensbymisjon.no\/brand\/verktoy\/"},{"@type":"ListItem","position":3,"name":"UNG \u2013 visuelt uttrykk mot barn og unge"}]},{"@type":"WebSite","@id":"https:\/\/kirkensbymisjon.no\/brand\/#website","url":"https:\/\/kirkensbymisjon.no\/brand\/","name":"Designmanual","description":"","potentialAction":[{"@type":"SearchAction","target":{"@type":"EntryPoint","urlTemplate":"https:\/\/kirkensbymisjon.no\/brand\/?s={search_term_string}"},"query-input":{"@type":"PropertyValueSpecification","valueRequired":true,"valueName":"search_term_string"}}],"inLanguage":"nb-NO"}]}},"_links":{"self":[{"href":"https:\/\/kirkensbymisjon.no\/brand\/wp-json\/wp\/v2\/pages\/489","targetHints":{"allow":["GET"]}}],"collection":[{"href":"https:\/\/kirkensbymisjon.no\/brand\/wp-json\/wp\/v2\/pages"}],"about":[{"href":"https:\/\/kirkensbymisjon.no\/brand\/wp-json\/wp\/v2\/types\/page"}],"author":[{"embeddable":true,"href":"https:\/\/kirkensbymisjon.no\/brand\/wp-json\/wp\/v2\/users\/5"}],"replies":[{"embeddable":true,"href":"https:\/\/kirkensbymisjon.no\/brand\/wp-json\/wp\/v2\/comments?post=489"}],"version-history":[{"count":5,"href":"https:\/\/kirkensbymisjon.no\/brand\/wp-json\/wp\/v2\/pages\/489\/revisions"}],"predecessor-version":[{"id":1062,"href":"https:\/\/kirkensbymisjon.no\/brand\/wp-json\/wp\/v2\/pages\/489\/revisions\/1062"}],"up":[{"embeddable":true,"href":"https:\/\/kirkensbymisjon.no\/brand\/wp-json\/wp\/v2\/pages\/61"}],"wp:featuredmedia":[{"embeddable":true,"href":"https:\/\/kirkensbymisjon.no\/brand\/wp-json\/wp\/v2\/media\/518"}],"wp:attachment":[{"href":"https:\/\/kirkensbymisjon.no\/brand\/wp-json\/wp\/v2\/media?parent=489"}],"curies":[{"name":"wp","href":"https:\/\/api.w.org\/{rel}","templated":true}]}}