{"id":507,"date":"2025-03-25T21:15:48","date_gmt":"2025-03-25T21:15:48","guid":{"rendered":"https:\/\/kirkensbymisjon.no\/brand\/?page_id=507"},"modified":"2026-01-16T09:11:10","modified_gmt":"2026-01-16T09:11:10","slug":"digitale-verktoy","status":"publish","type":"page","link":"https:\/\/kirkensbymisjon.no\/brand\/verktoy\/digitale-verktoy\/","title":{"rendered":"Digitale verkt\u00f8y\u00a0"},"content":{"rendered":"\n<h3 class=\"wp-block-heading\" id=\"h-profilikon-for-sosiale-medier\">Profilikon for sosiale medier<\/h3>\n\n\n\n<p>Profilikonet skal&nbsp;<strong>aldri<\/strong>&nbsp;brukes som <a href=\"https:\/\/kirkensbymisjon.no\/brand\/verktoy\/hovedlogo\/\">hovedlogo<\/a> p\u00e5 andre flater, men er kun et profilikon for sosiale medier tilpasset plattformenes premisser.<\/p>\n\n\n\n<ul class=\"wp-block-list\">\n<li>Profilikonet brukes f.eks. p\u00e5 Facebook, Instagram, LinkedIn, Vipps, TikTok, Snap o.l.<\/li>\n\n\n\n<li>Profilikonet skal <strong>alltid<\/strong> st\u00e5 i tilknytning til profilnavnet \u00abKirkens Bymisjon\u00bb eller f.eks. \u00abKirkens Bymisjon, M\u00f8testedet\u00bb for virksomheter.&nbsp;<\/li>\n<\/ul>\n\n\n\n<h3 class=\"wp-block-heading\" id=\"h-last-ned-profilikon-for-sosiale-medier\">Last ned profilikon for sosiale medier<\/h3>\n\n\n\t<div class=\"wp-block-kbm-files\">\n\t\t<div class=\"kbm-files__items\">\n\t\t\t\n\t<a class=\"wp-block-kbm-file-item\" download=\"1\" href=\"https:\/\/kirkensbymisjon.no\/content\/uploads\/sites\/169\/2025\/03\/kb-profilikon-some_RGB.jpg\">\n\t\t<div class=\"kbm-file-item__thumbnail\">\n\t\t\t<span class=\"kbm-file-item__icon\"><\/span>\n\t\t\t<div class=\"kbm-file-item__image\" style=\"background-position: 50% 50%; background-image: url(https:\/\/kirkensbymisjon.no\/content\/uploads\/sites\/169\/2025\/03\/profilikon-some_1x1bkgr-1024x1024.jpg);\"><\/div>\n\t\t<\/div>\n\t\t<p class=\"kbm-file-item__category\">Profilikon for sosiale medier (skal ikke brukes som hovedlogo)<\/p>\n\t\t<p class=\"kbm-file-item__title\">JPG-format (bilde)<\/p>\n\t<\/a>\n\t\n\n\t<a class=\"wp-block-kbm-file-item\" download=\"1\" href=\"https:\/\/kirkensbymisjon.no\/content\/uploads\/sites\/169\/2025\/06\/KB_Profilikon_Pride.jpg\">\n\t\t<div class=\"kbm-file-item__thumbnail\">\n\t\t\t<span class=\"kbm-file-item__icon\"><\/span>\n\t\t\t<div class=\"kbm-file-item__image\" style=\"background-position: 50% 50%; background-image: url(https:\/\/kirkensbymisjon.no\/content\/uploads\/sites\/169\/2025\/06\/profilikon-pride-some_1x1bkgr-1024x1024.jpg);\"><\/div>\n\t\t<\/div>\n\t\t<p class=\"kbm-file-item__category\">Unntak: Profilikon med pride-tema* for sosiale medier <\/p>\n\t\t<p class=\"kbm-file-item__title\">JPG-format (bilde)<\/p>\n\t<\/a>\n\t\n\t\t<\/div>\n\t<\/div>\n\t\n\n\n<p><em>*) Les mer om retningslinjer for <a href=\"https:\/\/bymisjon.sharepoint.com\/:b:\/r\/sites\/Grafisk\/Grafisk%20pen\/Designmanual\/Digitale%20verkt%C3%B8y\/Profilering_SoMe.pdf?csf=1&amp;web=1&amp;e=VDOuLI\" target=\"_blank\" rel=\"noreferrer noopener\">bruk av profilikon med pride-tema<\/a>.<\/em><\/p>\n\n\n\n<h3 class=\"wp-block-heading\" id=\"veileder\">Veileder for profilering p\u00e5 sosiale medier og digitale flater<\/h3>\n\n\n\n<p>I veilederen finner du retningslinjer for navngivning og profilering p\u00e5 sosiale medier. Veilederen inkluderer ogs\u00e5 tips og visuelle retningslinjer for uttak som lages med ulike videoredigeringsprogram (f.eks. Adobe Premiere, Rush, Express eller Microsoft Clipchamp).<\/p>\n\n\n\n<p>\u27a8 Last ned&nbsp;<a href=\"https:\/\/bymisjon.sharepoint.com\/:b:\/r\/sites\/Grafisk\/Grafisk%20pen\/Designmanual\/Digitale%20verkt%C3%B8y\/Veileder_Profilering_SoMe.pdf?csf=1&amp;web=1&amp;e=jSIXEG\" target=\"_blank\" rel=\"noreferrer noopener\">veileder for profilering p\u00e5 sosiale medier<\/a><br>\u27a8 <a href=\"https:\/\/kirkensbymisjon.no\/brand\/#om-designmaskinen\">Bruk designmaskinen<\/a>&nbsp;til \u00e5 lage banners og innhold til sosiale medier<\/p>\n\n\n\n<figure class=\"wp-block-image size-full\"><img loading=\"lazy\" decoding=\"async\" width=\"1024\" height=\"698\" src=\"https:\/\/kirkensbymisjon.no\/content\/uploads\/sites\/169\/2025\/03\/some-videografikk.webp\" alt=\"Some - videografikk\" class=\"wp-image-509\" srcset=\"https:\/\/kirkensbymisjon.no\/content\/uploads\/sites\/169\/2025\/03\/some-videografikk.webp 1024w, https:\/\/kirkensbymisjon.no\/content\/uploads\/sites\/169\/2025\/03\/some-videografikk-300x204.webp 300w, https:\/\/kirkensbymisjon.no\/content\/uploads\/sites\/169\/2025\/03\/some-videografikk-768x524.webp 768w\" sizes=\"auto, (max-width: 1024px) 100vw, 1024px\" \/><\/figure>\n\n\n\n<h3 class=\"wp-block-heading\">Mal for videografikk<\/h3>\n\n\n\n<p>Malen for videografikk er tilpasset i Adobe Premiere Pro i formatene 1&#215;1, 16&#215;9 og 9&#215;16, og inneholder faste elementer. Klikk p\u00e5 lenken under og velg deretter \u00abLegg til i bibliotekene dine\u00bb.&nbsp;<\/p>\n\n\n\n<p>\u27a8 Legg til&nbsp;<a href=\"https:\/\/assets.adobe.com\/public\/b5d16bc7-0829-43ac-7aa5-162dc52f58da\" target=\"_blank\" rel=\"noreferrer noopener\">mal for videografikk<\/a>&nbsp;(Adobe Premier Pro)<br>\u27a8 Bruker du et annet videoredigeringsprogram? <a href=\"https:\/\/kirkensbymisjon.no\/brand\/verktoy\/digitale-verktoy\/#veileder\">F\u00f8lg veilederen<\/a><br>\u27a8 Last ned eksempler p\u00e5&nbsp;<a href=\"https:\/\/bymisjon.sharepoint.com\/:f:\/r\/sites\/Grafisk\/Grafisk%20pen\/Designmanual\/Generiske%20sluttplakater?csf=1&amp;web=1&amp;e=ZDobjZ\" target=\"_blank\" rel=\"noreferrer noopener\">generiske sluttplakater<\/a><\/p>\n\n\n\n<figure class=\"wp-block-image size-full\"><img loading=\"lazy\" decoding=\"async\" width=\"1024\" height=\"1024\" src=\"https:\/\/kirkensbymisjon.no\/content\/uploads\/sites\/169\/2025\/03\/video-animasjon.webp\" alt=\"\" class=\"wp-image-508\" srcset=\"https:\/\/kirkensbymisjon.no\/content\/uploads\/sites\/169\/2025\/03\/video-animasjon.webp 1024w, https:\/\/kirkensbymisjon.no\/content\/uploads\/sites\/169\/2025\/03\/video-animasjon-300x300.webp 300w, https:\/\/kirkensbymisjon.no\/content\/uploads\/sites\/169\/2025\/03\/video-animasjon-150x150.webp 150w, https:\/\/kirkensbymisjon.no\/content\/uploads\/sites\/169\/2025\/03\/video-animasjon-768x768.webp 768w\" sizes=\"auto, (max-width: 1024px) 100vw, 1024px\" \/><\/figure>\n\n\n\n<h3 class=\"wp-block-heading\" id=\"h-andre-digitale-profilelementer\">Andre digitale profilelementer<\/h3>\n\n\n<div class=\"t2-accordion wp-block-t2-accordion\" data-allow-multiple=\"1\" role=\"list\">\n<div class=\"t2-accordion-item wp-block-t2-accordion-item\" role=\"listitem\">\n\t\t\t<h2 class=\"t2-accordion-title\">\n\t\t\t\t<button type=\"button\" class=\"t2-accordion-trigger\" id=\"mailsignatur\" aria-controls=\"accordion-panel\" aria-expanded=\"false\">\n\t\t\t\t\tMailsignatur\n\t\t\t\t\t<span class=\"t2-accordion-icon is-closed-icon\"><svg xmlns=\"http:\/\/www.w3.org\/2000\/svg\" viewBox=\"0 0 24 24\" height=\"24\" width=\"24\" class=\"t2-icon t2-icon-plus\" aria-hidden=\"true\" focusable=\"false\"><path d=\"M11.8 5.037a1.088 1.088 0 0 0-.722.566c-.075.148-.078.25-.078 2.772v2.619l-2.61.016c-1.867.012-2.652.03-2.756.064-.168.055-.438.301-.54.494-.049.092-.07.223-.07.432 0 .34.054.476.282.704.289.289.14.275 3.064.288l2.63.012v2.619c0 2.544.002 2.625.08 2.778.191.372.516.577.92.577s.729-.205.92-.577c.078-.153.08-.234.08-2.778v-2.619l2.63-.012c2.924-.013 2.775.001 3.064-.288.228-.228.282-.364.282-.704 0-.209-.021-.34-.07-.432-.102-.193-.372-.439-.54-.494-.104-.034-.889-.052-2.756-.064L13 10.994V8.375c0-2.522-.003-2.624-.078-2.772-.214-.418-.685-.656-1.122-.566\"\/><\/svg><\/span>\n\t\t\t\t\t<span class=\"t2-accordion-icon is-open-icon\"><svg xmlns=\"http:\/\/www.w3.org\/2000\/svg\" viewBox=\"0 0 24 24\" height=\"24\" width=\"24\" class=\"t2-icon t2-icon-chevronup\" aria-hidden=\"true\" focusable=\"false\"><path d=\"M6.7 14.7c-.2-.2-.3-.4-.3-.7s.1-.5.3-.7l4.6-4.6c.1-.1.2-.2.3-.2.1 0 .2-.1.4-.1.1 0 .3 0 .4.1.1 0 .2.1.3.2l4.6 4.6c.2.2.3.4.3.7s-.1.5-.3.7c-.2.2-.4.3-.7.3s-.5-.1-.7-.3L12 10.8l-3.9 3.9c-.2.2-.4.3-.7.3s-.5-.1-.7-.3z\" fill=\"currentColor\" \/><\/svg><\/span>\n\t\t\t\t<\/button>\n\t\t\t<\/h2>\n\t\t\t<div class=\"t2-accordion-item__inner-container is-layout-flow\" id=\"accordion-panel\" aria-labelledby=\"mailsignatur\" role=\"region\" hidden>\n\t\t\t\t\n\n<p>Mailsignatur er del av av v\u00e5r digitale merkevarestrategi, og er en flate som eksponeres b\u00e5de for interne og eksterne mottakere. Det er derfor viktig \u00e5 sikre god avsenderidentitet for Kirkens Bymisjon.<\/p>\n\n\n\n<p><a href=\"https:\/\/bymisjon.sharepoint.com\/:w:\/r\/sites\/Grafisk\/Grafisk%20pen\/Designmanual\/Digitale%20verkt%C3%B8y\/Mal_Mailsignatur.docx?d=w2eb23f1d2a874db5a390603d01322fa7&amp;csf=1&amp;web=1&amp;e=v3kXWG\" target=\"_blank\" rel=\"noreferrer noopener\">Finn oppsettet som passer din virksomhet\/stilling i veilederen her<\/a>.<\/p>\n\n\n\n<p><strong>Her er noen prinsipper som gjelder:<\/strong><\/p>\n\n\n\n<ul class=\"wp-block-list\">\n<li>Informasjonen m\u00e5 v\u00e6re korrekt og oppsettet skal f\u00f8lge malen.<\/li>\n\n\n\n<li>Logo og bilder skal ikke brukes i mailsignatur.<br>(Kun unntak for store felleskampanjer, f.eks. juleaksjonen.)<\/li>\n\n\n\n<li>Tekst skal settes i 11 pnkt, fonten skal v\u00e6re Segoe UI eller Arial og i svart. Kun siste linje med info om vipps skal v\u00e6re <a href=\"https:\/\/kirkensbymisjon.no\/brand\/verktoy\/fargepalett\/#primar\">oransje<\/a>.<\/li>\n\n\n\n<li>Det er forskjell p\u00e5 oppsett for standard mailsignatur og mailsigantur for samarbeid.<\/li>\n\n\n\n<li>Det jobbes med \u00e5 implementere automatisk genererte mailsignaturer fra grunndata. N\u00e5r dette er p\u00e5 plass nasjonalt, skal b\u00e5de oppsett og informasjon hentes riktig inn i mailsignaturen automatisk.<\/li>\n<\/ul>\n\n\n\t\t\t<\/div>\n\t\t<\/div>\n<\/div>","protected":false},"excerpt":{"rendered":"<p>Profilikon for sosiale medier Profilikonet skal&nbsp;aldri&nbsp;brukes som hovedlogo p\u00e5 andre flater, men er kun et&hellip;<\/p>\n","protected":false},"author":5,"featured_media":519,"parent":61,"menu_order":0,"comment_status":"closed","ping_status":"closed","template":"","meta":{"_relevanssi_hide_post":"","_relevanssi_hide_content":"","_relevanssi_pin_for_all":"","_relevanssi_pin_keywords":"","_relevanssi_unpin_keywords":"","_relevanssi_related_keywords":"","_relevanssi_related_include_ids":"","_relevanssi_related_exclude_ids":"","_relevanssi_related_no_append":"","_relevanssi_related_not_related":"","_relevanssi_related_posts":"1","_relevanssi_noindex_reason":"","editor_notices":[],"footnotes":""},"class_list":["post-507","page","type-page","status-publish","has-post-thumbnail","hentry"],"yoast_head":"<!-- This site is optimized with the Yoast SEO Premium plugin v27.2 (Yoast SEO v27.2) - https:\/\/yoast.com\/product\/yoast-seo-premium-wordpress\/ -->\n<title>Digitale verkt\u00f8y\u00a0 - Designmanual<\/title>\n<meta name=\"robots\" content=\"noindex, follow, max-snippet:-1, max-image-preview:large, max-video-preview:-1\" \/>\n<meta property=\"og:locale\" content=\"nb_NO\" \/>\n<meta property=\"og:type\" content=\"article\" \/>\n<meta property=\"og:title\" content=\"Digitale verkt\u00f8y\u00a0\" \/>\n<meta property=\"og:description\" content=\"Profilikon for sosiale medier Profilikonet skal&nbsp;aldri&nbsp;brukes som hovedlogo p\u00e5 andre flater, men er kun et&hellip;\" \/>\n<meta property=\"og:url\" content=\"https:\/\/kirkensbymisjon.no\/brand\/verktoy\/digitale-verktoy\/\" \/>\n<meta property=\"og:site_name\" content=\"Designmanual\" \/>\n<meta property=\"article:modified_time\" content=\"2026-01-16T09:11:10+00:00\" \/>\n<meta property=\"og:image\" content=\"https:\/\/kirkensbymisjon.no\/content\/uploads\/sites\/169\/2025\/03\/1x1_Skjermplakat6.jpg\" \/>\n\t<meta property=\"og:image:width\" content=\"2250\" \/>\n\t<meta property=\"og:image:height\" content=\"2250\" \/>\n\t<meta property=\"og:image:type\" content=\"image\/jpeg\" \/>\n<meta name=\"twitter:card\" content=\"summary_large_image\" \/>\n<meta name=\"twitter:label1\" content=\"Ansl. lesetid\" \/>\n\t<meta name=\"twitter:data1\" content=\"3 minutter\" \/>\n<script type=\"application\/ld+json\" class=\"yoast-schema-graph\">{\"@context\":\"https:\/\/schema.org\",\"@graph\":[{\"@type\":\"WebPage\",\"@id\":\"https:\/\/kirkensbymisjon.no\/brand\/verktoy\/digitale-verktoy\/\",\"url\":\"https:\/\/kirkensbymisjon.no\/brand\/verktoy\/digitale-verktoy\/\",\"name\":\"Digitale verkt\u00f8y\u00a0 - Designmanual\",\"isPartOf\":{\"@id\":\"https:\/\/kirkensbymisjon.no\/brand\/#website\"},\"primaryImageOfPage\":{\"@id\":\"https:\/\/kirkensbymisjon.no\/brand\/verktoy\/digitale-verktoy\/#primaryimage\"},\"image\":{\"@id\":\"https:\/\/kirkensbymisjon.no\/brand\/verktoy\/digitale-verktoy\/#primaryimage\"},\"thumbnailUrl\":\"https:\/\/kirkensbymisjon.no\/content\/uploads\/sites\/169\/2025\/03\/1x1_Skjermplakat6.jpg\",\"datePublished\":\"2025-03-25T21:15:48+00:00\",\"dateModified\":\"2026-01-16T09:11:10+00:00\",\"breadcrumb\":{\"@id\":\"https:\/\/kirkensbymisjon.no\/brand\/verktoy\/digitale-verktoy\/#breadcrumb\"},\"inLanguage\":\"nb-NO\",\"potentialAction\":[{\"@type\":\"ReadAction\",\"target\":[\"https:\/\/kirkensbymisjon.no\/brand\/verktoy\/digitale-verktoy\/\"]}]},{\"@type\":\"ImageObject\",\"inLanguage\":\"nb-NO\",\"@id\":\"https:\/\/kirkensbymisjon.no\/brand\/verktoy\/digitale-verktoy\/#primaryimage\",\"url\":\"https:\/\/kirkensbymisjon.no\/content\/uploads\/sites\/169\/2025\/03\/1x1_Skjermplakat6.jpg\",\"contentUrl\":\"https:\/\/kirkensbymisjon.no\/content\/uploads\/sites\/169\/2025\/03\/1x1_Skjermplakat6.jpg\",\"width\":2250,\"height\":2250,\"caption\":\"Digitale plakater\"},{\"@type\":\"BreadcrumbList\",\"@id\":\"https:\/\/kirkensbymisjon.no\/brand\/verktoy\/digitale-verktoy\/#breadcrumb\",\"itemListElement\":[{\"@type\":\"ListItem\",\"position\":1,\"name\":\"Hjem\",\"item\":\"https:\/\/kirkensbymisjon.no\/brand\/\"},{\"@type\":\"ListItem\",\"position\":2,\"name\":\"Verkt\u00f8y\",\"item\":\"https:\/\/kirkensbymisjon.no\/brand\/verktoy\/\"},{\"@type\":\"ListItem\",\"position\":3,\"name\":\"Digitale verkt\u00f8y\u00a0\"}]},{\"@type\":\"WebSite\",\"@id\":\"https:\/\/kirkensbymisjon.no\/brand\/#website\",\"url\":\"https:\/\/kirkensbymisjon.no\/brand\/\",\"name\":\"Designmanual\",\"description\":\"\",\"potentialAction\":[{\"@type\":\"SearchAction\",\"target\":{\"@type\":\"EntryPoint\",\"urlTemplate\":\"https:\/\/kirkensbymisjon.no\/brand\/?s={search_term_string}\"},\"query-input\":{\"@type\":\"PropertyValueSpecification\",\"valueRequired\":true,\"valueName\":\"search_term_string\"}}],\"inLanguage\":\"nb-NO\"}]}<\/script>\n<!-- \/ Yoast SEO Premium plugin. -->","yoast_head_json":{"title":"Digitale verkt\u00f8y\u00a0 - Designmanual","robots":{"index":"noindex","follow":"follow","max-snippet":"max-snippet:-1","max-image-preview":"max-image-preview:large","max-video-preview":"max-video-preview:-1"},"og_locale":"nb_NO","og_type":"article","og_title":"Digitale verkt\u00f8y\u00a0","og_description":"Profilikon for sosiale medier Profilikonet skal&nbsp;aldri&nbsp;brukes som hovedlogo p\u00e5 andre flater, men er kun et&hellip;","og_url":"https:\/\/kirkensbymisjon.no\/brand\/verktoy\/digitale-verktoy\/","og_site_name":"Designmanual","article_modified_time":"2026-01-16T09:11:10+00:00","og_image":[{"width":2250,"height":2250,"url":"https:\/\/kirkensbymisjon.no\/content\/uploads\/sites\/169\/2025\/03\/1x1_Skjermplakat6.jpg","type":"image\/jpeg"}],"twitter_card":"summary_large_image","twitter_misc":{"Ansl. lesetid":"3 minutter"},"schema":{"@context":"https:\/\/schema.org","@graph":[{"@type":"WebPage","@id":"https:\/\/kirkensbymisjon.no\/brand\/verktoy\/digitale-verktoy\/","url":"https:\/\/kirkensbymisjon.no\/brand\/verktoy\/digitale-verktoy\/","name":"Digitale verkt\u00f8y\u00a0 - Designmanual","isPartOf":{"@id":"https:\/\/kirkensbymisjon.no\/brand\/#website"},"primaryImageOfPage":{"@id":"https:\/\/kirkensbymisjon.no\/brand\/verktoy\/digitale-verktoy\/#primaryimage"},"image":{"@id":"https:\/\/kirkensbymisjon.no\/brand\/verktoy\/digitale-verktoy\/#primaryimage"},"thumbnailUrl":"https:\/\/kirkensbymisjon.no\/content\/uploads\/sites\/169\/2025\/03\/1x1_Skjermplakat6.jpg","datePublished":"2025-03-25T21:15:48+00:00","dateModified":"2026-01-16T09:11:10+00:00","breadcrumb":{"@id":"https:\/\/kirkensbymisjon.no\/brand\/verktoy\/digitale-verktoy\/#breadcrumb"},"inLanguage":"nb-NO","potentialAction":[{"@type":"ReadAction","target":["https:\/\/kirkensbymisjon.no\/brand\/verktoy\/digitale-verktoy\/"]}]},{"@type":"ImageObject","inLanguage":"nb-NO","@id":"https:\/\/kirkensbymisjon.no\/brand\/verktoy\/digitale-verktoy\/#primaryimage","url":"https:\/\/kirkensbymisjon.no\/content\/uploads\/sites\/169\/2025\/03\/1x1_Skjermplakat6.jpg","contentUrl":"https:\/\/kirkensbymisjon.no\/content\/uploads\/sites\/169\/2025\/03\/1x1_Skjermplakat6.jpg","width":2250,"height":2250,"caption":"Digitale plakater"},{"@type":"BreadcrumbList","@id":"https:\/\/kirkensbymisjon.no\/brand\/verktoy\/digitale-verktoy\/#breadcrumb","itemListElement":[{"@type":"ListItem","position":1,"name":"Hjem","item":"https:\/\/kirkensbymisjon.no\/brand\/"},{"@type":"ListItem","position":2,"name":"Verkt\u00f8y","item":"https:\/\/kirkensbymisjon.no\/brand\/verktoy\/"},{"@type":"ListItem","position":3,"name":"Digitale verkt\u00f8y\u00a0"}]},{"@type":"WebSite","@id":"https:\/\/kirkensbymisjon.no\/brand\/#website","url":"https:\/\/kirkensbymisjon.no\/brand\/","name":"Designmanual","description":"","potentialAction":[{"@type":"SearchAction","target":{"@type":"EntryPoint","urlTemplate":"https:\/\/kirkensbymisjon.no\/brand\/?s={search_term_string}"},"query-input":{"@type":"PropertyValueSpecification","valueRequired":true,"valueName":"search_term_string"}}],"inLanguage":"nb-NO"}]}},"_links":{"self":[{"href":"https:\/\/kirkensbymisjon.no\/brand\/wp-json\/wp\/v2\/pages\/507","targetHints":{"allow":["GET"]}}],"collection":[{"href":"https:\/\/kirkensbymisjon.no\/brand\/wp-json\/wp\/v2\/pages"}],"about":[{"href":"https:\/\/kirkensbymisjon.no\/brand\/wp-json\/wp\/v2\/types\/page"}],"author":[{"embeddable":true,"href":"https:\/\/kirkensbymisjon.no\/brand\/wp-json\/wp\/v2\/users\/5"}],"replies":[{"embeddable":true,"href":"https:\/\/kirkensbymisjon.no\/brand\/wp-json\/wp\/v2\/comments?post=507"}],"version-history":[{"count":4,"href":"https:\/\/kirkensbymisjon.no\/brand\/wp-json\/wp\/v2\/pages\/507\/revisions"}],"predecessor-version":[{"id":1025,"href":"https:\/\/kirkensbymisjon.no\/brand\/wp-json\/wp\/v2\/pages\/507\/revisions\/1025"}],"up":[{"embeddable":true,"href":"https:\/\/kirkensbymisjon.no\/brand\/wp-json\/wp\/v2\/pages\/61"}],"wp:featuredmedia":[{"embeddable":true,"href":"https:\/\/kirkensbymisjon.no\/brand\/wp-json\/wp\/v2\/media\/519"}],"wp:attachment":[{"href":"https:\/\/kirkensbymisjon.no\/brand\/wp-json\/wp\/v2\/media?parent=507"}],"curies":[{"name":"wp","href":"https:\/\/api.w.org\/{rel}","templated":true}]}}