{"id":551,"date":"2025-03-25T22:14:12","date_gmt":"2025-03-25T22:14:12","guid":{"rendered":"https:\/\/kirkensbymisjon.no\/brand\/?page_id=551"},"modified":"2025-06-16T08:38:38","modified_gmt":"2025-06-16T08:38:38","slug":"fonter-og-typografi","status":"publish","type":"page","link":"https:\/\/kirkensbymisjon.no\/brand\/verktoy\/fonter-og-typografi\/","title":{"rendered":"Fonter og typografi"},"content":{"rendered":"\n<h3 class=\"wp-block-heading\" id=\"h-var-profilfont\">V\u00e5r profilfont<\/h3>\n\n\n\n<p>Kirkens Bymisjons profilfont heter&nbsp;<strong>Neuzeit Grotesk<\/strong>.<br>Skriftsnitt: Black, bold, regular og light.<br>Anbefalt kerning: -15 pt<\/p>\n\n\n\n<p>Neuzeit Grotesk er tilgjengelig via&nbsp;<a href=\"https:\/\/www.typekit.com\/fonts\/neuzeit-grotesk\" target=\"_blank\" rel=\"noreferrer noopener\">Adobe Fonts<\/a>, og skal alltid brukes ved grafisk produksjon.<\/p>\n\n\n\n<figure class=\"wp-block-image size-full\"><img loading=\"lazy\" decoding=\"async\" width=\"1915\" height=\"339\" src=\"https:\/\/kirkensbymisjon.no\/content\/uploads\/sites\/169\/2025\/03\/fonter.png\" alt=\"Font\" class=\"wp-image-639\" srcset=\"https:\/\/kirkensbymisjon.no\/content\/uploads\/sites\/169\/2025\/03\/fonter.png 1915w, https:\/\/kirkensbymisjon.no\/content\/uploads\/sites\/169\/2025\/03\/fonter-300x53.png 300w, https:\/\/kirkensbymisjon.no\/content\/uploads\/sites\/169\/2025\/03\/fonter-1024x181.png 1024w, https:\/\/kirkensbymisjon.no\/content\/uploads\/sites\/169\/2025\/03\/fonter-768x136.png 768w, https:\/\/kirkensbymisjon.no\/content\/uploads\/sites\/169\/2025\/03\/fonter-1536x272.png 1536w\" sizes=\"auto, (max-width: 1915px) 100vw, 1915px\" \/><\/figure>\n\n\n\n<p>Denne fonten er b\u00e5de enkel, solid og lesbar, men ogs\u00e5 gjenkjennelig. Font og typografi er et viktig verkt\u00f8y for \u00e5 formidle Kirkens Bymisjons budskap og for \u00e5 skape innhold.<\/p>\n\n\n\n<p><\/p>\n\n\n\n<h3 class=\"wp-block-heading\" id=\"h-alternative-fonter\">Alternative fonter<\/h3>\n\n\n\n<p>I Powerpoint\/Word\/mailsignatur (MS Office) eller andre flater der profilfonten ikke er tilgjengelig, kan <strong>Segoe UI<\/strong> eller&nbsp;<strong>Arial<\/strong>&nbsp;brukes som alternativ font.<\/p>\n\n\n\n<p>Disse fontene er tilgjengelig i alle programmer og p\u00e5 alle plattformer.<\/p>\n","protected":false},"excerpt":{"rendered":"<p>V\u00e5r profilfont Kirkens Bymisjons profilfont heter&nbsp;Neuzeit Grotesk.Skriftsnitt: Black, bold, regular og light.Anbefalt kerning: -15 pt&hellip;<\/p>\n","protected":false},"author":5,"featured_media":550,"parent":61,"menu_order":0,"comment_status":"closed","ping_status":"closed","template":"","meta":{"_relevanssi_hide_post":"","_relevanssi_hide_content":"","_relevanssi_pin_for_all":"","_relevanssi_pin_keywords":"","_relevanssi_unpin_keywords":"","_relevanssi_related_keywords":"","_relevanssi_related_include_ids":"","_relevanssi_related_exclude_ids":"","_relevanssi_related_no_append":"","_relevanssi_related_not_related":"","_relevanssi_related_posts":"1","_relevanssi_noindex_reason":"","editor_notices":[],"footnotes":""},"class_list":["post-551","page","type-page","status-publish","has-post-thumbnail","hentry"],"yoast_head":"<!-- This site is optimized with the Yoast SEO Premium plugin v27.2 (Yoast SEO v27.2) - https:\/\/yoast.com\/product\/yoast-seo-premium-wordpress\/ -->\n<title>Fonter og typografi - Designmanual<\/title>\n<meta name=\"robots\" content=\"noindex, follow, max-snippet:-1, max-image-preview:large, max-video-preview:-1\" \/>\n<meta property=\"og:locale\" content=\"nb_NO\" \/>\n<meta property=\"og:type\" content=\"article\" \/>\n<meta property=\"og:title\" content=\"Fonter og typografi\" \/>\n<meta property=\"og:description\" content=\"V\u00e5r profilfont Kirkens Bymisjons profilfont heter&nbsp;Neuzeit Grotesk.Skriftsnitt: Black, bold, regular og light.Anbefalt kerning: -15 pt&hellip;\" \/>\n<meta property=\"og:url\" content=\"https:\/\/kirkensbymisjon.no\/brand\/verktoy\/fonter-og-typografi\/\" \/>\n<meta property=\"og:site_name\" content=\"Designmanual\" \/>\n<meta property=\"article:modified_time\" content=\"2025-06-16T08:38:38+00:00\" \/>\n<meta property=\"og:image\" content=\"https:\/\/kirkensbymisjon.no\/content\/uploads\/sites\/169\/2025\/03\/typo-scaled.webp\" \/>\n\t<meta property=\"og:image:width\" content=\"2048\" \/>\n\t<meta property=\"og:image:height\" content=\"2560\" \/>\n\t<meta property=\"og:image:type\" content=\"image\/webp\" \/>\n<meta name=\"twitter:card\" content=\"summary_large_image\" \/>\n<meta name=\"twitter:label1\" content=\"Ansl. lesetid\" \/>\n\t<meta name=\"twitter:data1\" content=\"1 minutt\" \/>\n<script type=\"application\/ld+json\" class=\"yoast-schema-graph\">{\"@context\":\"https:\/\/schema.org\",\"@graph\":[{\"@type\":\"WebPage\",\"@id\":\"https:\/\/kirkensbymisjon.no\/brand\/verktoy\/fonter-og-typografi\/\",\"url\":\"https:\/\/kirkensbymisjon.no\/brand\/verktoy\/fonter-og-typografi\/\",\"name\":\"Fonter og typografi - Designmanual\",\"isPartOf\":{\"@id\":\"https:\/\/kirkensbymisjon.no\/brand\/#website\"},\"primaryImageOfPage\":{\"@id\":\"https:\/\/kirkensbymisjon.no\/brand\/verktoy\/fonter-og-typografi\/#primaryimage\"},\"image\":{\"@id\":\"https:\/\/kirkensbymisjon.no\/brand\/verktoy\/fonter-og-typografi\/#primaryimage\"},\"thumbnailUrl\":\"https:\/\/kirkensbymisjon.no\/content\/uploads\/sites\/169\/2025\/03\/typo-scaled.webp\",\"datePublished\":\"2025-03-25T22:14:12+00:00\",\"dateModified\":\"2025-06-16T08:38:38+00:00\",\"breadcrumb\":{\"@id\":\"https:\/\/kirkensbymisjon.no\/brand\/verktoy\/fonter-og-typografi\/#breadcrumb\"},\"inLanguage\":\"nb-NO\",\"potentialAction\":[{\"@type\":\"ReadAction\",\"target\":[\"https:\/\/kirkensbymisjon.no\/brand\/verktoy\/fonter-og-typografi\/\"]}]},{\"@type\":\"ImageObject\",\"inLanguage\":\"nb-NO\",\"@id\":\"https:\/\/kirkensbymisjon.no\/brand\/verktoy\/fonter-og-typografi\/#primaryimage\",\"url\":\"https:\/\/kirkensbymisjon.no\/content\/uploads\/sites\/169\/2025\/03\/typo-scaled.webp\",\"contentUrl\":\"https:\/\/kirkensbymisjon.no\/content\/uploads\/sites\/169\/2025\/03\/typo-scaled.webp\",\"width\":2048,\"height\":2560,\"caption\":\"Fonter og typografi\"},{\"@type\":\"BreadcrumbList\",\"@id\":\"https:\/\/kirkensbymisjon.no\/brand\/verktoy\/fonter-og-typografi\/#breadcrumb\",\"itemListElement\":[{\"@type\":\"ListItem\",\"position\":1,\"name\":\"Hjem\",\"item\":\"https:\/\/kirkensbymisjon.no\/brand\/\"},{\"@type\":\"ListItem\",\"position\":2,\"name\":\"Verkt\u00f8y\",\"item\":\"https:\/\/kirkensbymisjon.no\/brand\/verktoy\/\"},{\"@type\":\"ListItem\",\"position\":3,\"name\":\"Fonter og typografi\"}]},{\"@type\":\"WebSite\",\"@id\":\"https:\/\/kirkensbymisjon.no\/brand\/#website\",\"url\":\"https:\/\/kirkensbymisjon.no\/brand\/\",\"name\":\"Designmanual\",\"description\":\"\",\"potentialAction\":[{\"@type\":\"SearchAction\",\"target\":{\"@type\":\"EntryPoint\",\"urlTemplate\":\"https:\/\/kirkensbymisjon.no\/brand\/?s={search_term_string}\"},\"query-input\":{\"@type\":\"PropertyValueSpecification\",\"valueRequired\":true,\"valueName\":\"search_term_string\"}}],\"inLanguage\":\"nb-NO\"}]}<\/script>\n<!-- \/ Yoast SEO Premium plugin. -->","yoast_head_json":{"title":"Fonter og typografi - Designmanual","robots":{"index":"noindex","follow":"follow","max-snippet":"max-snippet:-1","max-image-preview":"max-image-preview:large","max-video-preview":"max-video-preview:-1"},"og_locale":"nb_NO","og_type":"article","og_title":"Fonter og typografi","og_description":"V\u00e5r profilfont Kirkens Bymisjons profilfont heter&nbsp;Neuzeit Grotesk.Skriftsnitt: Black, bold, regular og light.Anbefalt kerning: -15 pt&hellip;","og_url":"https:\/\/kirkensbymisjon.no\/brand\/verktoy\/fonter-og-typografi\/","og_site_name":"Designmanual","article_modified_time":"2025-06-16T08:38:38+00:00","og_image":[{"width":2048,"height":2560,"url":"https:\/\/kirkensbymisjon.no\/content\/uploads\/sites\/169\/2025\/03\/typo-scaled.webp","type":"image\/webp"}],"twitter_card":"summary_large_image","twitter_misc":{"Ansl. lesetid":"1 minutt"},"schema":{"@context":"https:\/\/schema.org","@graph":[{"@type":"WebPage","@id":"https:\/\/kirkensbymisjon.no\/brand\/verktoy\/fonter-og-typografi\/","url":"https:\/\/kirkensbymisjon.no\/brand\/verktoy\/fonter-og-typografi\/","name":"Fonter og typografi - Designmanual","isPartOf":{"@id":"https:\/\/kirkensbymisjon.no\/brand\/#website"},"primaryImageOfPage":{"@id":"https:\/\/kirkensbymisjon.no\/brand\/verktoy\/fonter-og-typografi\/#primaryimage"},"image":{"@id":"https:\/\/kirkensbymisjon.no\/brand\/verktoy\/fonter-og-typografi\/#primaryimage"},"thumbnailUrl":"https:\/\/kirkensbymisjon.no\/content\/uploads\/sites\/169\/2025\/03\/typo-scaled.webp","datePublished":"2025-03-25T22:14:12+00:00","dateModified":"2025-06-16T08:38:38+00:00","breadcrumb":{"@id":"https:\/\/kirkensbymisjon.no\/brand\/verktoy\/fonter-og-typografi\/#breadcrumb"},"inLanguage":"nb-NO","potentialAction":[{"@type":"ReadAction","target":["https:\/\/kirkensbymisjon.no\/brand\/verktoy\/fonter-og-typografi\/"]}]},{"@type":"ImageObject","inLanguage":"nb-NO","@id":"https:\/\/kirkensbymisjon.no\/brand\/verktoy\/fonter-og-typografi\/#primaryimage","url":"https:\/\/kirkensbymisjon.no\/content\/uploads\/sites\/169\/2025\/03\/typo-scaled.webp","contentUrl":"https:\/\/kirkensbymisjon.no\/content\/uploads\/sites\/169\/2025\/03\/typo-scaled.webp","width":2048,"height":2560,"caption":"Fonter og typografi"},{"@type":"BreadcrumbList","@id":"https:\/\/kirkensbymisjon.no\/brand\/verktoy\/fonter-og-typografi\/#breadcrumb","itemListElement":[{"@type":"ListItem","position":1,"name":"Hjem","item":"https:\/\/kirkensbymisjon.no\/brand\/"},{"@type":"ListItem","position":2,"name":"Verkt\u00f8y","item":"https:\/\/kirkensbymisjon.no\/brand\/verktoy\/"},{"@type":"ListItem","position":3,"name":"Fonter og typografi"}]},{"@type":"WebSite","@id":"https:\/\/kirkensbymisjon.no\/brand\/#website","url":"https:\/\/kirkensbymisjon.no\/brand\/","name":"Designmanual","description":"","potentialAction":[{"@type":"SearchAction","target":{"@type":"EntryPoint","urlTemplate":"https:\/\/kirkensbymisjon.no\/brand\/?s={search_term_string}"},"query-input":{"@type":"PropertyValueSpecification","valueRequired":true,"valueName":"search_term_string"}}],"inLanguage":"nb-NO"}]}},"_links":{"self":[{"href":"https:\/\/kirkensbymisjon.no\/brand\/wp-json\/wp\/v2\/pages\/551","targetHints":{"allow":["GET"]}}],"collection":[{"href":"https:\/\/kirkensbymisjon.no\/brand\/wp-json\/wp\/v2\/pages"}],"about":[{"href":"https:\/\/kirkensbymisjon.no\/brand\/wp-json\/wp\/v2\/types\/page"}],"author":[{"embeddable":true,"href":"https:\/\/kirkensbymisjon.no\/brand\/wp-json\/wp\/v2\/users\/5"}],"replies":[{"embeddable":true,"href":"https:\/\/kirkensbymisjon.no\/brand\/wp-json\/wp\/v2\/comments?post=551"}],"version-history":[{"count":5,"href":"https:\/\/kirkensbymisjon.no\/brand\/wp-json\/wp\/v2\/pages\/551\/revisions"}],"predecessor-version":[{"id":1014,"href":"https:\/\/kirkensbymisjon.no\/brand\/wp-json\/wp\/v2\/pages\/551\/revisions\/1014"}],"up":[{"embeddable":true,"href":"https:\/\/kirkensbymisjon.no\/brand\/wp-json\/wp\/v2\/pages\/61"}],"wp:featuredmedia":[{"embeddable":true,"href":"https:\/\/kirkensbymisjon.no\/brand\/wp-json\/wp\/v2\/media\/550"}],"wp:attachment":[{"href":"https:\/\/kirkensbymisjon.no\/brand\/wp-json\/wp\/v2\/media?parent=551"}],"curies":[{"name":"wp","href":"https:\/\/api.w.org\/{rel}","templated":true}]}}