{"id":558,"date":"2025-03-25T22:22:13","date_gmt":"2025-03-25T22:22:13","guid":{"rendered":"https:\/\/kirkensbymisjon.no\/brand\/?page_id=558"},"modified":"2026-02-09T12:41:42","modified_gmt":"2026-02-09T12:41:42","slug":"foto-og-bildebruk","status":"publish","type":"page","link":"https:\/\/kirkensbymisjon.no\/brand\/verktoy\/foto-og-bildebruk\/","title":{"rendered":"Foto og bildebruk"},"content":{"rendered":"\n<p>Kirkens Bymisjons bildeuttrykk er med p\u00e5 \u00e5 forme v\u00e5r identitet og historiefortelling. \u00d8kt bevissthet rundt valg av motiver og representasjon er derfor viktig i alle kanaler.<\/p>\n\n\n<div class=\"t2-accordion wp-block-t2-accordion\" data-allow-multiple=\"1\" role=\"list\">\n<div class=\"t2-accordion-item wp-block-t2-accordion-item\" role=\"listitem\">\n\t\t\t<h2 class=\"t2-accordion-title\">\n\t\t\t\t<button type=\"button\" class=\"t2-accordion-trigger\" id=\"generelle-rettigheter-for-bruk-av-bilder\" aria-controls=\"accordion-panel\" aria-expanded=\"false\">\n\t\t\t\t\tGenerelle rettigheter for bruk av bilder\n\t\t\t\t\t<span class=\"t2-accordion-icon is-closed-icon\"><svg xmlns=\"http:\/\/www.w3.org\/2000\/svg\" viewBox=\"0 0 24 24\" height=\"24\" width=\"24\" class=\"t2-icon t2-icon-plus\" aria-hidden=\"true\" focusable=\"false\"><path d=\"M11.8 5.037a1.088 1.088 0 0 0-.722.566c-.075.148-.078.25-.078 2.772v2.619l-2.61.016c-1.867.012-2.652.03-2.756.064-.168.055-.438.301-.54.494-.049.092-.07.223-.07.432 0 .34.054.476.282.704.289.289.14.275 3.064.288l2.63.012v2.619c0 2.544.002 2.625.08 2.778.191.372.516.577.92.577s.729-.205.92-.577c.078-.153.08-.234.08-2.778v-2.619l2.63-.012c2.924-.013 2.775.001 3.064-.288.228-.228.282-.364.282-.704 0-.209-.021-.34-.07-.432-.102-.193-.372-.439-.54-.494-.104-.034-.889-.052-2.756-.064L13 10.994V8.375c0-2.522-.003-2.624-.078-2.772-.214-.418-.685-.656-1.122-.566\"\/><\/svg><\/span>\n\t\t\t\t\t<span class=\"t2-accordion-icon is-open-icon\"><svg xmlns=\"http:\/\/www.w3.org\/2000\/svg\" viewBox=\"0 0 24 24\" height=\"24\" width=\"24\" class=\"t2-icon t2-icon-chevronup\" aria-hidden=\"true\" focusable=\"false\"><path d=\"M6.7 14.7c-.2-.2-.3-.4-.3-.7s.1-.5.3-.7l4.6-4.6c.1-.1.2-.2.3-.2.1 0 .2-.1.4-.1.1 0 .3 0 .4.1.1 0 .2.1.3.2l4.6 4.6c.2.2.3.4.3.7s-.1.5-.3.7c-.2.2-.4.3-.7.3s-.5-.1-.7-.3L12 10.8l-3.9 3.9c-.2.2-.4.3-.7.3s-.5-.1-.7-.3z\" fill=\"currentColor\" \/><\/svg><\/span>\n\t\t\t\t<\/button>\n\t\t\t<\/h2>\n\t\t\t<div class=\"t2-accordion-item__inner-container is-layout-flow\" id=\"accordion-panel\" aria-labelledby=\"generelle-rettigheter-for-bruk-av-bilder\" role=\"region\" hidden>\n\t\t\t\t\n\n<p>Det er viktig at vi ikke bruker bilder vi ikke har rettigheter til n\u00e5r vi publiserer i v\u00e5re digitale kanaler eller lager annet materiell. Dette kan medf\u00f8re betalingskrav i ettertid.<\/p>\n\n\n\n<ul class=\"wp-block-list\">\n<li>Bilder er regulert av \u00e5ndsverksloven. Det er derfor ikke tillatt \u00e5 bruke bilder man ikke har opphavsretten til, eller eventuelt har hentet inn&nbsp;tillatelse for \u00e5 bruke.<\/li>\n\n\n\n<li>Bilder skal som hovedregel alltid kreditere med fotografnavn\/opphaveren.<\/li>\n\n\n\n<li>Bilder hentet fra v\u00e5r egen bildebank skal krediteres slik: &laquo;Foto: Kirkens Bymisjon&raquo;. <\/li>\n\n\n\n<li>Dette har alltid v\u00e6rt strengt regulert, men det har ikke alltid v\u00e6rt s\u00e5 lett \u00e5 fange opp. N\u00e5 som det finnes flere digitale verkt\u00f8y for bildegjenkjenning er arbeidet med \u00e5 h\u00e5ndheve opphavsretten enklere. Dette blir derfor ekstra viktig \u00e5 f\u00f8lge fremover, for \u00e5 unng\u00e5 un\u00f8dvendige betalingskrav.<\/li>\n<\/ul>\n\n\n\n<ul class=\"wp-block-list\">\n<li>Alle som publiserer og lager materiell som inkluderer bilder, har et s\u00e6rskilt ansvar for \u00e5 sikre at vi&nbsp;kun bruker bilder vi har rettigheter til og\/eller tillatelse til \u00e5 bruke.&nbsp;<\/li>\n\n\n\n<li>Illustrasjonsbilder skal oppleves ekte og sannferdige, og vi skal unng\u00e5 bruk av KI-genererte bilder.<\/li>\n<\/ul>\n\n\n\n<ul class=\"wp-block-list\">\n<li>I kvalitetsportalen Compilo er ogs\u00e5 retningslinjer for bruk av bilder beskrevet n\u00e6rmere:\u00a0<a href=\"https:\/\/x10.ksx.no\/system.php?item=1216&amp;ok=j2vygc65szpqr00\" target=\"_blank\" rel=\"noreferrer noopener\">Publisering av bilde og videoopptak<\/a>.<\/li>\n<\/ul>\n\n\n\t\t\t<\/div>\n\t\t<\/div>\n<\/div>\n\n\n<div class=\"wp-block-media-text alignwide is-stacked-on-mobile is-style-filled\"><figure class=\"wp-block-media-text__media\"><img loading=\"lazy\" decoding=\"async\" width=\"850\" height=\"681\" src=\"https:\/\/kirkensbymisjon.no\/content\/uploads\/sites\/169\/2024\/12\/brand-1-1.jpg\" alt=\"Ansatt med logo p\u00e5 genser\" class=\"wp-image-106 size-full\" srcset=\"https:\/\/kirkensbymisjon.no\/content\/uploads\/sites\/169\/2024\/12\/brand-1-1.jpg 850w, https:\/\/kirkensbymisjon.no\/content\/uploads\/sites\/169\/2024\/12\/brand-1-1-300x240.jpg 300w, https:\/\/kirkensbymisjon.no\/content\/uploads\/sites\/169\/2024\/12\/brand-1-1-768x615.jpg 768w\" sizes=\"auto, (max-width: 850px) 100vw, 850px\" \/><\/figure><div class=\"wp-block-media-text__content\">\n<h2 class=\"wp-block-heading\" id=\"h-var-bildebank\">V\u00e5r bildebank<\/h2>\n\n\n\n<p><strong>Logg inn i v\u00e5r \u00e5pne bildebank:<\/strong> <a href=\"https:\/\/lightroom.adobe.com\/\" target=\"_blank\" rel=\"noreferrer noopener\">lightroom.adobe.com<\/a><br>Brukernavn: bildebank@bymisjon.no<br>Passord: Illustrasjon09<\/p>\n\n\n\n<p><br>For \u00e5 f\u00e5 tilgang til v\u00e5rt dokumentariske bildearkiv, bestille fotooppdrag eller ved sp\u00f8rsm\u00e5l om samtykke, ta kontakt med fotograf <a href=\"mailto:torstein.ihle@bymisjon.no\">torstein.ihle@bymisjon.no<\/a>.<\/p>\n\n\n\n<p><strong>Tips til andre \u00e5pne bildebanker<\/strong> (gratis):&nbsp;<a href=\"https:\/\/kirkensbymisjon.workplace.com\/groups\/164711210738940\/permalink\/1007856473091072\/\" target=\"_blank\" rel=\"noreferrer noopener\">Les mer her<\/a><\/p>\n<\/div><\/div>\n\n\n\n<h3 class=\"wp-block-heading\" id=\"h-tips-til-hvordan-du-kan-gjore-gode-bildevalg-nbsp\"><strong>Tips til hvordan du kan gj\u00f8re gode bildevalg: &nbsp;<\/strong><\/h3>\n\n\n\n<ul class=\"wp-block-list\">\n<li>Bilder skal gjenspeile v\u00e5rt mangfoldige arbeid og bekrefte aktualiteter i tiden\/samfunnet.&nbsp;<\/li>\n\n\n\n<li>V\u00e5r totale bildesammensetning skal sikre god representasjon i alder, kj\u00f8nn, bakgrunn og andre identitetsmark\u00f8rer.&nbsp;<\/li>\n\n\n\n<li>Historiefortellingen skal v\u00e6re troverdig, inkluderende og antistigmatiserende.<\/li>\n<\/ul>\n\n\n\n<p>Vi skiller mellom&nbsp;<strong>dokumentariske bilder<\/strong>&nbsp;(virkelige hendelser) og&nbsp;<strong>\u00e5pne illustrasjonsbilder<\/strong>&nbsp;(regisserte situasjoner) \u2013 og v\u00e5rt bildeuttrykk er organisert etter niv\u00e5ene beskrevet under (niv\u00e5 1\u20133).<\/p>\n\n\n\n<div class=\"wp-block-media-text alignwide is-stacked-on-mobile is-style-filled\"><figure class=\"wp-block-media-text__media\"><img loading=\"lazy\" decoding=\"async\" width=\"1024\" height=\"683\" src=\"https:\/\/kirkensbymisjon.no\/content\/uploads\/sites\/169\/2025\/03\/bilder-n1-1024x683.webp\" alt=\"Foto og bildebruk\" class=\"wp-image-559 size-full\" srcset=\"https:\/\/kirkensbymisjon.no\/content\/uploads\/sites\/169\/2025\/03\/bilder-n1-1024x683.webp 1024w, https:\/\/kirkensbymisjon.no\/content\/uploads\/sites\/169\/2025\/03\/bilder-n1-300x200.webp 300w, https:\/\/kirkensbymisjon.no\/content\/uploads\/sites\/169\/2025\/03\/bilder-n1-768x512.webp 768w, https:\/\/kirkensbymisjon.no\/content\/uploads\/sites\/169\/2025\/03\/bilder-n1-1536x1024.webp 1536w, https:\/\/kirkensbymisjon.no\/content\/uploads\/sites\/169\/2025\/03\/bilder-n1.webp 1792w\" sizes=\"auto, (max-width: 1024px) 100vw, 1024px\" \/><\/figure><div class=\"wp-block-media-text__content\">\n<h3 class=\"wp-block-heading\">Niv\u00e5 1: Symboler og frihet<\/h3>\n\n\n\n<p>Illustrasjonsbilder.<\/p>\n\n\n\n<p>Kirkens Bymisjons symboler satt i milj\u00f8. Dette kobler symbolene tettere opp mot det menneskelige og gj\u00f8r de mer levende.<\/p>\n\n\n\n<p><strong>Lyset <\/strong>er tegnet for h\u00e5p.<br><strong>Hjertet <\/strong>minner om kj\u00e6rligheten.<br><strong>Brostein<\/strong> symboliserer hverdagen.<br><strong>Korset <\/strong>er kristentroens symbol for tro.<br><strong>Frihet<\/strong> gjennom natur og gatemilj\u00f8.<\/p>\n<\/div><\/div>\n\n\n\n<div class=\"wp-block-media-text alignwide is-stacked-on-mobile is-style-filled\"><figure class=\"wp-block-media-text__media\"><img loading=\"lazy\" decoding=\"async\" width=\"1024\" height=\"683\" src=\"https:\/\/kirkensbymisjon.no\/content\/uploads\/sites\/169\/2025\/03\/bilder-n2-1024x683.webp\" alt=\"Foto og bildebruk\" class=\"wp-image-560 size-full\" srcset=\"https:\/\/kirkensbymisjon.no\/content\/uploads\/sites\/169\/2025\/03\/bilder-n2-1024x683.webp 1024w, https:\/\/kirkensbymisjon.no\/content\/uploads\/sites\/169\/2025\/03\/bilder-n2-300x200.webp 300w, https:\/\/kirkensbymisjon.no\/content\/uploads\/sites\/169\/2025\/03\/bilder-n2-768x512.webp 768w, https:\/\/kirkensbymisjon.no\/content\/uploads\/sites\/169\/2025\/03\/bilder-n2-1536x1024.webp 1536w, https:\/\/kirkensbymisjon.no\/content\/uploads\/sites\/169\/2025\/03\/bilder-n2.webp 1792w\" sizes=\"auto, (max-width: 1024px) 100vw, 1024px\" \/><\/figure><div class=\"wp-block-media-text__content\">\n<h3 class=\"wp-block-heading\" id=\"h-niva-2-arbeidsfelt\">Niv\u00e5 2: Arbeidsfelt<\/h3>\n\n\n\n<p>Illustrasjonsbilder.<\/p>\n\n\n\n<p>Foto som illustrerer og representerer v\u00e5rt arbeid og menneskem\u00f8ter. Kombinasjoner av mennesker og deres omgivelser er med p\u00e5 \u00e5 utvide v\u00e5r visuelle historiefortelling.&nbsp;<\/p>\n\n\n\n<p>Der det ikke er mulig \u00e5 vise identifiserbare ansikter, kan hender, milj\u00f8 og andre detaljer v\u00e6re med p\u00e5 \u00e5 beskrive arbeidsfeltet.<\/p>\n<\/div><\/div>\n\n\n\n<div class=\"wp-block-media-text alignwide is-stacked-on-mobile is-style-filled\"><figure class=\"wp-block-media-text__media\"><img loading=\"lazy\" decoding=\"async\" width=\"1024\" height=\"683\" src=\"https:\/\/kirkensbymisjon.no\/content\/uploads\/sites\/169\/2025\/03\/bilder-n3-1024x683.webp\" alt=\"Foto og bildebruk\" class=\"wp-image-561 size-full\" srcset=\"https:\/\/kirkensbymisjon.no\/content\/uploads\/sites\/169\/2025\/03\/bilder-n3-1024x683.webp 1024w, https:\/\/kirkensbymisjon.no\/content\/uploads\/sites\/169\/2025\/03\/bilder-n3-300x200.webp 300w, https:\/\/kirkensbymisjon.no\/content\/uploads\/sites\/169\/2025\/03\/bilder-n3-768x512.webp 768w, https:\/\/kirkensbymisjon.no\/content\/uploads\/sites\/169\/2025\/03\/bilder-n3-1536x1024.webp 1536w, https:\/\/kirkensbymisjon.no\/content\/uploads\/sites\/169\/2025\/03\/bilder-n3.webp 1792w\" sizes=\"auto, (max-width: 1024px) 100vw, 1024px\" \/><\/figure><div class=\"wp-block-media-text__content\">\n<h3 class=\"wp-block-heading\">Niv\u00e5 3: Dokumentariske bilder<\/h3>\n\n\n\n<p>Redaksjonelle bilder.<br>Dokumentasjon av virkelige hendelser.&nbsp;<\/p>\n\n\n\n<p>V\u00e6r oppmerksom p\u00e5 at bilder tatt i en sammenheng ikke fritt kan brukes i en ny sammenheng. Samtykke fra de som er avbildet m\u00e5 alltid innhentes.<\/p>\n<\/div><\/div>\n\n\n<div class=\"t2-accordion alignwide wp-block-t2-accordion\" data-allow-multiple=\"1\" role=\"list\">\n<div class=\"t2-accordion-item wp-block-t2-accordion-item\" role=\"listitem\">\n\t\t\t<h2 class=\"t2-accordion-title\">\n\t\t\t\t<button type=\"button\" class=\"t2-accordion-trigger\" id=\"hvordan-finne-fram-i-designmanualen?\" aria-controls=\"accordion-panel-1\" aria-expanded=\"false\">\n\t\t\t\t\tHvordan finne fram i designmanualen?\n\t\t\t\t\t<span class=\"t2-accordion-icon is-closed-icon\"><svg xmlns=\"http:\/\/www.w3.org\/2000\/svg\" viewBox=\"0 0 24 24\" height=\"24\" width=\"24\" class=\"t2-icon t2-icon-plus\" aria-hidden=\"true\" focusable=\"false\"><path d=\"M11.8 5.037a1.088 1.088 0 0 0-.722.566c-.075.148-.078.25-.078 2.772v2.619l-2.61.016c-1.867.012-2.652.03-2.756.064-.168.055-.438.301-.54.494-.049.092-.07.223-.07.432 0 .34.054.476.282.704.289.289.14.275 3.064.288l2.63.012v2.619c0 2.544.002 2.625.08 2.778.191.372.516.577.92.577s.729-.205.92-.577c.078-.153.08-.234.08-2.778v-2.619l2.63-.012c2.924-.013 2.775.001 3.064-.288.228-.228.282-.364.282-.704 0-.209-.021-.34-.07-.432-.102-.193-.372-.439-.54-.494-.104-.034-.889-.052-2.756-.064L13 10.994V8.375c0-2.522-.003-2.624-.078-2.772-.214-.418-.685-.656-1.122-.566\"\/><\/svg><\/span>\n\t\t\t\t\t<span class=\"t2-accordion-icon is-open-icon\"><svg xmlns=\"http:\/\/www.w3.org\/2000\/svg\" viewBox=\"0 0 24 24\" height=\"24\" width=\"24\" class=\"t2-icon t2-icon-chevronup\" aria-hidden=\"true\" focusable=\"false\"><path d=\"M6.7 14.7c-.2-.2-.3-.4-.3-.7s.1-.5.3-.7l4.6-4.6c.1-.1.2-.2.3-.2.1 0 .2-.1.4-.1.1 0 .3 0 .4.1.1 0 .2.1.3.2l4.6 4.6c.2.2.3.4.3.7s-.1.5-.3.7c-.2.2-.4.3-.7.3s-.5-.1-.7-.3L12 10.8l-3.9 3.9c-.2.2-.4.3-.7.3s-.5-.1-.7-.3z\" fill=\"currentColor\" \/><\/svg><\/span>\n\t\t\t\t<\/button>\n\t\t\t<\/h2>\n\t\t\t<div class=\"t2-accordion-item__inner-container is-layout-flow\" id=\"accordion-panel-1\" aria-labelledby=\"hvordan-finne-fram-i-designmanualen?\" role=\"region\" hidden>\n\t\t\t\t\n\n<p>Du kan enten bruke menylinjen over, lete litt rundt p\u00e5 sidene eller velge fra listen under:<\/p>\n\n\n\n<p><strong><strong>Visuelle verkt\u00f8y og elementer<\/strong><br><\/strong>\u27a8 <a href=\"https:\/\/kirkensbymisjon.no\/brand\/verktoy\/hovedlogo\/\">Hovedlogo<\/a><br>\u27a8 <a href=\"https:\/\/kirkensbymisjon.no\/brand\/verktoy\/fargepalett\/\">Fargepalett<\/a><br>\u27a8 <a href=\"https:\/\/kirkensbymisjon.no\/brand\/verktoy\/fonter-og-typografi\/\">Fonter<\/a> <br>\u27a8 <a href=\"https:\/\/kirkensbymisjon.no\/brand\/verktoy\/foto-og-bildebruk\/\">Foto<\/a> <br>\u27a8 <a href=\"https:\/\/kirkensbymisjon.no\/brand\/verktoy\/ikoner-og-grafikk\/\">Ikoner<\/a><br>\u27a8 <a href=\"https:\/\/kirkensbymisjon.no\/brand\/verktoy\/ung\/\">UNG<\/a> \u2013 visuelt uttrykk mot barn og unge<br>\u27a8 <a href=\"https:\/\/kirkensbymisjon.no\/brand\/verktoy\/digitale-verktoy\/\">Digitale verkt\u00f8y<\/a> \u2013 some og skjerm<br>\u27a8 <a href=\"https:\/\/kirkensbymisjon.no\/brand\/verktoy\/papirvalg\/\">Papirvalg<\/a><\/p>\n\n\n\n<p><strong>Gode hjelpemidler<br><\/strong>\u27a8 <a href=\"https:\/\/kirkensbymisjon.no\/brand\/#designmaskinen\">Designmaskinen<\/a> <br>\u27a8 <a href=\"https:\/\/kirkensbymisjon.no\/brand\/maler\/\">Maler og fellesmateriell<\/a><br>\u27a8 <a href=\"https:\/\/kirkensbymisjon.no\/brand\/maler\/#bestilling\">Bestillingsportaler og leverand\u00f8rer<\/a><br>\u27a8 <a href=\"https:\/\/kirkensbymisjon.no\/brand\/strategi\/\">Merkevarestrategi<\/a><br>\u27a8 <a href=\"https:\/\/kirkensbymisjon.workplace.com\/groups\/164711210738940\" target=\"_blank\" rel=\"noreferrer noopener\">Workplace-gruppen: Visuell identitet<\/a><br>\u27a8 <a href=\"https:\/\/kirkensbymisjon.no\/brand\/strategi\/#kontakt\">Henvendelser til merkevareansvarlig enhet<\/a><\/p>\n\n\n\n<p><strong>Om samarbeid<br><\/strong>\u27a8 <a href=\"https:\/\/kirkensbymisjon.no\/brand\/samarbeid\/\">Co-branding<\/a><br>\u27a8 <a href=\"https:\/\/kirkensbymisjon.no\/brand\/samarbeid\">Samarbeid og partnerskap<\/a><br>\u27a8 <a href=\"https:\/\/kirkensbymisjon.no\/brand\/samarbeid\">Sponsorater<\/a><\/p>\n\n\n\n<p><strong>Eksempler p\u00e5 bruk<br><\/strong>\u27a8 <a href=\"https:\/\/kirkensbymisjon.no\/brand\/maler\/layout-og-utforming\/\">Layout og utforming<\/a><br>\u27a8 <a href=\"https:\/\/kirkensbymisjon.no\/brand\/maler\/bekledning-og-profilartikler\/\">Bekledning og profilartikler<\/a><br>\u27a8 <a href=\"https:\/\/kirkensbymisjon.no\/brand\/maler\/skilt-og-profilering\/\">Skilt og profilering<\/a><br>\u27a8 <a href=\"https:\/\/kirkensbymisjon.no\/brand\/maler\/skilt-og-profilering\/#bildekor\">Bildekor<\/a><br>\u27a8 <a href=\"https:\/\/kirkensbymisjon.no\/brand\/verktoy\/kampanjer\/\">Kampanjer og utgivelser<\/a><br>\u27a8 <a href=\"https:\/\/kirkensbymisjon.no\/brand\/maler\/digitale-kanaler\/\">Digitale kanaler<\/a><br><\/p>\n\n\n\t\t\t<\/div>\n\t\t<\/div>\n<\/div>","protected":false},"excerpt":{"rendered":"<p>Kirkens Bymisjons bildeuttrykk er med p\u00e5 \u00e5 forme v\u00e5r identitet og historiefortelling. \u00d8kt bevissthet rundt&hellip;<\/p>\n","protected":false},"author":5,"featured_media":559,"parent":61,"menu_order":0,"comment_status":"closed","ping_status":"closed","template":"","meta":{"_relevanssi_hide_post":"","_relevanssi_hide_content":"","_relevanssi_pin_for_all":"","_relevanssi_pin_keywords":"","_relevanssi_unpin_keywords":"","_relevanssi_related_keywords":"","_relevanssi_related_include_ids":"","_relevanssi_related_exclude_ids":"","_relevanssi_related_no_append":"","_relevanssi_related_not_related":"","_relevanssi_related_posts":"1","_relevanssi_noindex_reason":"","editor_notices":[],"footnotes":""},"class_list":["post-558","page","type-page","status-publish","has-post-thumbnail","hentry"],"yoast_head":"<!-- This site is optimized with the Yoast SEO Premium plugin v27.2 (Yoast SEO v27.2) - https:\/\/yoast.com\/product\/yoast-seo-premium-wordpress\/ -->\n<title>Foto og bildebruk - Designmanual<\/title>\n<meta name=\"robots\" content=\"noindex, follow, max-snippet:-1, max-image-preview:large, max-video-preview:-1\" \/>\n<meta property=\"og:locale\" content=\"nb_NO\" \/>\n<meta property=\"og:type\" content=\"article\" \/>\n<meta property=\"og:title\" content=\"Foto og bildebruk\" \/>\n<meta property=\"og:description\" content=\"Kirkens Bymisjons bildeuttrykk er med p\u00e5 \u00e5 forme v\u00e5r identitet og historiefortelling. \u00d8kt bevissthet rundt&hellip;\" \/>\n<meta property=\"og:url\" content=\"https:\/\/kirkensbymisjon.no\/brand\/verktoy\/foto-og-bildebruk\/\" \/>\n<meta property=\"og:site_name\" content=\"Designmanual\" \/>\n<meta property=\"article:modified_time\" content=\"2026-02-09T12:41:42+00:00\" \/>\n<meta property=\"og:image\" content=\"https:\/\/kirkensbymisjon.no\/content\/uploads\/sites\/169\/2025\/03\/bilder-n1.webp\" \/>\n\t<meta property=\"og:image:width\" content=\"1792\" \/>\n\t<meta property=\"og:image:height\" content=\"1195\" \/>\n\t<meta property=\"og:image:type\" content=\"image\/webp\" \/>\n<meta name=\"twitter:card\" content=\"summary_large_image\" \/>\n<meta name=\"twitter:label1\" content=\"Ansl. lesetid\" \/>\n\t<meta name=\"twitter:data1\" content=\"5 minutter\" \/>\n<script type=\"application\/ld+json\" class=\"yoast-schema-graph\">{\"@context\":\"https:\/\/schema.org\",\"@graph\":[{\"@type\":\"WebPage\",\"@id\":\"https:\/\/kirkensbymisjon.no\/brand\/verktoy\/foto-og-bildebruk\/\",\"url\":\"https:\/\/kirkensbymisjon.no\/brand\/verktoy\/foto-og-bildebruk\/\",\"name\":\"Foto og bildebruk - Designmanual\",\"isPartOf\":{\"@id\":\"https:\/\/kirkensbymisjon.no\/brand\/#website\"},\"primaryImageOfPage\":{\"@id\":\"https:\/\/kirkensbymisjon.no\/brand\/verktoy\/foto-og-bildebruk\/#primaryimage\"},\"image\":{\"@id\":\"https:\/\/kirkensbymisjon.no\/brand\/verktoy\/foto-og-bildebruk\/#primaryimage\"},\"thumbnailUrl\":\"https:\/\/kirkensbymisjon.no\/content\/uploads\/sites\/169\/2025\/03\/bilder-n1.webp\",\"datePublished\":\"2025-03-25T22:22:13+00:00\",\"dateModified\":\"2026-02-09T12:41:42+00:00\",\"breadcrumb\":{\"@id\":\"https:\/\/kirkensbymisjon.no\/brand\/verktoy\/foto-og-bildebruk\/#breadcrumb\"},\"inLanguage\":\"nb-NO\",\"potentialAction\":[{\"@type\":\"ReadAction\",\"target\":[\"https:\/\/kirkensbymisjon.no\/brand\/verktoy\/foto-og-bildebruk\/\"]}]},{\"@type\":\"ImageObject\",\"inLanguage\":\"nb-NO\",\"@id\":\"https:\/\/kirkensbymisjon.no\/brand\/verktoy\/foto-og-bildebruk\/#primaryimage\",\"url\":\"https:\/\/kirkensbymisjon.no\/content\/uploads\/sites\/169\/2025\/03\/bilder-n1.webp\",\"contentUrl\":\"https:\/\/kirkensbymisjon.no\/content\/uploads\/sites\/169\/2025\/03\/bilder-n1.webp\",\"width\":1792,\"height\":1195,\"caption\":\"Foto og bildebruk\"},{\"@type\":\"BreadcrumbList\",\"@id\":\"https:\/\/kirkensbymisjon.no\/brand\/verktoy\/foto-og-bildebruk\/#breadcrumb\",\"itemListElement\":[{\"@type\":\"ListItem\",\"position\":1,\"name\":\"Hjem\",\"item\":\"https:\/\/kirkensbymisjon.no\/brand\/\"},{\"@type\":\"ListItem\",\"position\":2,\"name\":\"Verkt\u00f8y\",\"item\":\"https:\/\/kirkensbymisjon.no\/brand\/verktoy\/\"},{\"@type\":\"ListItem\",\"position\":3,\"name\":\"Foto og bildebruk\"}]},{\"@type\":\"WebSite\",\"@id\":\"https:\/\/kirkensbymisjon.no\/brand\/#website\",\"url\":\"https:\/\/kirkensbymisjon.no\/brand\/\",\"name\":\"Designmanual\",\"description\":\"\",\"potentialAction\":[{\"@type\":\"SearchAction\",\"target\":{\"@type\":\"EntryPoint\",\"urlTemplate\":\"https:\/\/kirkensbymisjon.no\/brand\/?s={search_term_string}\"},\"query-input\":{\"@type\":\"PropertyValueSpecification\",\"valueRequired\":true,\"valueName\":\"search_term_string\"}}],\"inLanguage\":\"nb-NO\"}]}<\/script>\n<!-- \/ Yoast SEO Premium plugin. -->","yoast_head_json":{"title":"Foto og bildebruk - Designmanual","robots":{"index":"noindex","follow":"follow","max-snippet":"max-snippet:-1","max-image-preview":"max-image-preview:large","max-video-preview":"max-video-preview:-1"},"og_locale":"nb_NO","og_type":"article","og_title":"Foto og bildebruk","og_description":"Kirkens Bymisjons bildeuttrykk er med p\u00e5 \u00e5 forme v\u00e5r identitet og historiefortelling. \u00d8kt bevissthet rundt&hellip;","og_url":"https:\/\/kirkensbymisjon.no\/brand\/verktoy\/foto-og-bildebruk\/","og_site_name":"Designmanual","article_modified_time":"2026-02-09T12:41:42+00:00","og_image":[{"width":1792,"height":1195,"url":"https:\/\/kirkensbymisjon.no\/content\/uploads\/sites\/169\/2025\/03\/bilder-n1.webp","type":"image\/webp"}],"twitter_card":"summary_large_image","twitter_misc":{"Ansl. lesetid":"5 minutter"},"schema":{"@context":"https:\/\/schema.org","@graph":[{"@type":"WebPage","@id":"https:\/\/kirkensbymisjon.no\/brand\/verktoy\/foto-og-bildebruk\/","url":"https:\/\/kirkensbymisjon.no\/brand\/verktoy\/foto-og-bildebruk\/","name":"Foto og bildebruk - Designmanual","isPartOf":{"@id":"https:\/\/kirkensbymisjon.no\/brand\/#website"},"primaryImageOfPage":{"@id":"https:\/\/kirkensbymisjon.no\/brand\/verktoy\/foto-og-bildebruk\/#primaryimage"},"image":{"@id":"https:\/\/kirkensbymisjon.no\/brand\/verktoy\/foto-og-bildebruk\/#primaryimage"},"thumbnailUrl":"https:\/\/kirkensbymisjon.no\/content\/uploads\/sites\/169\/2025\/03\/bilder-n1.webp","datePublished":"2025-03-25T22:22:13+00:00","dateModified":"2026-02-09T12:41:42+00:00","breadcrumb":{"@id":"https:\/\/kirkensbymisjon.no\/brand\/verktoy\/foto-og-bildebruk\/#breadcrumb"},"inLanguage":"nb-NO","potentialAction":[{"@type":"ReadAction","target":["https:\/\/kirkensbymisjon.no\/brand\/verktoy\/foto-og-bildebruk\/"]}]},{"@type":"ImageObject","inLanguage":"nb-NO","@id":"https:\/\/kirkensbymisjon.no\/brand\/verktoy\/foto-og-bildebruk\/#primaryimage","url":"https:\/\/kirkensbymisjon.no\/content\/uploads\/sites\/169\/2025\/03\/bilder-n1.webp","contentUrl":"https:\/\/kirkensbymisjon.no\/content\/uploads\/sites\/169\/2025\/03\/bilder-n1.webp","width":1792,"height":1195,"caption":"Foto og bildebruk"},{"@type":"BreadcrumbList","@id":"https:\/\/kirkensbymisjon.no\/brand\/verktoy\/foto-og-bildebruk\/#breadcrumb","itemListElement":[{"@type":"ListItem","position":1,"name":"Hjem","item":"https:\/\/kirkensbymisjon.no\/brand\/"},{"@type":"ListItem","position":2,"name":"Verkt\u00f8y","item":"https:\/\/kirkensbymisjon.no\/brand\/verktoy\/"},{"@type":"ListItem","position":3,"name":"Foto og bildebruk"}]},{"@type":"WebSite","@id":"https:\/\/kirkensbymisjon.no\/brand\/#website","url":"https:\/\/kirkensbymisjon.no\/brand\/","name":"Designmanual","description":"","potentialAction":[{"@type":"SearchAction","target":{"@type":"EntryPoint","urlTemplate":"https:\/\/kirkensbymisjon.no\/brand\/?s={search_term_string}"},"query-input":{"@type":"PropertyValueSpecification","valueRequired":true,"valueName":"search_term_string"}}],"inLanguage":"nb-NO"}]}},"_links":{"self":[{"href":"https:\/\/kirkensbymisjon.no\/brand\/wp-json\/wp\/v2\/pages\/558","targetHints":{"allow":["GET"]}}],"collection":[{"href":"https:\/\/kirkensbymisjon.no\/brand\/wp-json\/wp\/v2\/pages"}],"about":[{"href":"https:\/\/kirkensbymisjon.no\/brand\/wp-json\/wp\/v2\/types\/page"}],"author":[{"embeddable":true,"href":"https:\/\/kirkensbymisjon.no\/brand\/wp-json\/wp\/v2\/users\/5"}],"replies":[{"embeddable":true,"href":"https:\/\/kirkensbymisjon.no\/brand\/wp-json\/wp\/v2\/comments?post=558"}],"version-history":[{"count":5,"href":"https:\/\/kirkensbymisjon.no\/brand\/wp-json\/wp\/v2\/pages\/558\/revisions"}],"predecessor-version":[{"id":1067,"href":"https:\/\/kirkensbymisjon.no\/brand\/wp-json\/wp\/v2\/pages\/558\/revisions\/1067"}],"up":[{"embeddable":true,"href":"https:\/\/kirkensbymisjon.no\/brand\/wp-json\/wp\/v2\/pages\/61"}],"wp:featuredmedia":[{"embeddable":true,"href":"https:\/\/kirkensbymisjon.no\/brand\/wp-json\/wp\/v2\/media\/559"}],"wp:attachment":[{"href":"https:\/\/kirkensbymisjon.no\/brand\/wp-json\/wp\/v2\/media?parent=558"}],"curies":[{"name":"wp","href":"https:\/\/api.w.org\/{rel}","templated":true}]}}