{"id":570,"date":"2025-03-25T22:29:55","date_gmt":"2025-03-25T22:29:55","guid":{"rendered":"https:\/\/kirkensbymisjon.no\/brand\/?page_id=570"},"modified":"2025-09-26T13:02:24","modified_gmt":"2025-09-26T13:02:24","slug":"papirvalg","status":"publish","type":"page","link":"https:\/\/kirkensbymisjon.no\/brand\/verktoy\/papirvalg\/","title":{"rendered":"Papirvalg"},"content":{"rendered":"\n<h3 class=\"wp-block-heading\" id=\"h-anbefalt-papir-trykksaker\">Anbefalt papir trykksaker<\/h3>\n\n\n\n<ul class=\"wp-block-list\">\n<li><strong>Edixion<\/strong> er et ubestr\u00f8ket, hvitt papir med h\u00f8y trykkvalitet, som egner seg godt b\u00e5de til digital- og offsettrykk. Papiret har gramvekt fra 70\u2013300. Papiret kjennetegnes av sin naturlige hvithet, h\u00f8ye opasitet, bulk og papirf\u00f8lelse. Edixion er godkjent for \u00e5 inng\u00e5 i svanemerkede trykksaker og er FSC-sertifisert.<\/li>\n\n\n\n<li>Dersom trykkeriet du skal benytte ikke kan levere Edixion, kan det erstattes av et papir med tilsvarende hvithet, opasitet og papirf\u00f8lelse. F.eks. <strong>Scandia2000<\/strong> eller lignende.<a href=\"https:\/\/kirkensbymisjon.no\/brand\/verktoy\/foto-og-bildebruk\/\"><\/a><\/li>\n\n\n\n<li>P\u00e5 st\u00f8rre eller tilpassede produksjoner kan ogs\u00e5 papirvalg avvike grunnet prisgunstighet, milj\u00f8hensyn eller egnethet. F.eks. trykkes Magasniet BY p\u00e5 <strong>Arctic Silk<\/strong>, og enkelte trykksaker for utend\u00f8rsbruk p\u00e5 mer slitesterke papirkvaliteter.<\/li>\n\n\n\n<li>Vi bestreber alltid \u00e5 velge materialer og leverand\u00f8rer som best ivaretar <a href=\"https:\/\/kirkensbymisjon.no\/apenhetsloven\/\" target=\"_blank\" rel=\"noreferrer noopener\">\u00e5penhetsloven<\/a>.<\/li>\n<\/ul>\n\n\n\n<p>Les mer om v\u00e5re <a href=\"https:\/\/kirkensbymisjon.no\/brand\/maler\/#bestilling\" target=\"_blank\" rel=\"noreferrer noopener\">hovedleverand\u00f8rer<\/a>.<\/p>\n\n\n\n<figure class=\"wp-block-image size-full\"><img loading=\"lazy\" decoding=\"async\" width=\"1295\" height=\"734\" src=\"https:\/\/kirkensbymisjon.no\/content\/uploads\/sites\/169\/2025\/03\/papir.webp\" alt=\"Papirvalg\" class=\"wp-image-571\" srcset=\"https:\/\/kirkensbymisjon.no\/content\/uploads\/sites\/169\/2025\/03\/papir.webp 1295w, https:\/\/kirkensbymisjon.no\/content\/uploads\/sites\/169\/2025\/03\/papir-300x170.webp 300w, https:\/\/kirkensbymisjon.no\/content\/uploads\/sites\/169\/2025\/03\/papir-1024x580.webp 1024w, https:\/\/kirkensbymisjon.no\/content\/uploads\/sites\/169\/2025\/03\/papir-768x435.webp 768w\" sizes=\"auto, (max-width: 1295px) 100vw, 1295px\" \/><\/figure>\n\n\n\n<p><\/p>\n","protected":false},"excerpt":{"rendered":"<p>Anbefalt papir trykksaker Les mer om v\u00e5re hovedleverand\u00f8rer.<\/p>\n","protected":false},"author":5,"featured_media":571,"parent":61,"menu_order":0,"comment_status":"closed","ping_status":"closed","template":"","meta":{"_relevanssi_hide_post":"","_relevanssi_hide_content":"","_relevanssi_pin_for_all":"","_relevanssi_pin_keywords":"","_relevanssi_unpin_keywords":"","_relevanssi_related_keywords":"","_relevanssi_related_include_ids":"","_relevanssi_related_exclude_ids":"","_relevanssi_related_no_append":"","_relevanssi_related_not_related":"","_relevanssi_related_posts":"1","_relevanssi_noindex_reason":"","editor_notices":[],"footnotes":""},"class_list":["post-570","page","type-page","status-publish","has-post-thumbnail","hentry"],"yoast_head":"<!-- This site is optimized with the Yoast SEO Premium plugin v27.2 (Yoast SEO v27.2) - https:\/\/yoast.com\/product\/yoast-seo-premium-wordpress\/ -->\n<title>Papirvalg - Designmanual<\/title>\n<meta name=\"robots\" content=\"noindex, follow, max-snippet:-1, max-image-preview:large, max-video-preview:-1\" \/>\n<meta property=\"og:locale\" content=\"nb_NO\" \/>\n<meta property=\"og:type\" content=\"article\" \/>\n<meta property=\"og:title\" content=\"Papirvalg\" \/>\n<meta property=\"og:description\" content=\"Anbefalt papir trykksaker Les mer om v\u00e5re hovedleverand\u00f8rer.\" \/>\n<meta property=\"og:url\" content=\"https:\/\/kirkensbymisjon.no\/brand\/verktoy\/papirvalg\/\" \/>\n<meta property=\"og:site_name\" content=\"Designmanual\" \/>\n<meta property=\"article:modified_time\" content=\"2025-09-26T13:02:24+00:00\" \/>\n<meta property=\"og:image\" content=\"https:\/\/kirkensbymisjon.no\/content\/uploads\/sites\/169\/2025\/03\/papir.webp\" \/>\n\t<meta property=\"og:image:width\" content=\"1295\" \/>\n\t<meta property=\"og:image:height\" content=\"734\" \/>\n\t<meta property=\"og:image:type\" content=\"image\/webp\" \/>\n<meta name=\"twitter:card\" content=\"summary_large_image\" \/>\n<meta name=\"twitter:label1\" content=\"Ansl. lesetid\" \/>\n\t<meta name=\"twitter:data1\" content=\"2 minutter\" \/>\n<script type=\"application\/ld+json\" class=\"yoast-schema-graph\">{\"@context\":\"https:\/\/schema.org\",\"@graph\":[{\"@type\":\"WebPage\",\"@id\":\"https:\/\/kirkensbymisjon.no\/brand\/verktoy\/papirvalg\/\",\"url\":\"https:\/\/kirkensbymisjon.no\/brand\/verktoy\/papirvalg\/\",\"name\":\"Papirvalg - Designmanual\",\"isPartOf\":{\"@id\":\"https:\/\/kirkensbymisjon.no\/brand\/#website\"},\"primaryImageOfPage\":{\"@id\":\"https:\/\/kirkensbymisjon.no\/brand\/verktoy\/papirvalg\/#primaryimage\"},\"image\":{\"@id\":\"https:\/\/kirkensbymisjon.no\/brand\/verktoy\/papirvalg\/#primaryimage\"},\"thumbnailUrl\":\"https:\/\/kirkensbymisjon.no\/content\/uploads\/sites\/169\/2025\/03\/papir.webp\",\"datePublished\":\"2025-03-25T22:29:55+00:00\",\"dateModified\":\"2025-09-26T13:02:24+00:00\",\"breadcrumb\":{\"@id\":\"https:\/\/kirkensbymisjon.no\/brand\/verktoy\/papirvalg\/#breadcrumb\"},\"inLanguage\":\"nb-NO\",\"potentialAction\":[{\"@type\":\"ReadAction\",\"target\":[\"https:\/\/kirkensbymisjon.no\/brand\/verktoy\/papirvalg\/\"]}]},{\"@type\":\"ImageObject\",\"inLanguage\":\"nb-NO\",\"@id\":\"https:\/\/kirkensbymisjon.no\/brand\/verktoy\/papirvalg\/#primaryimage\",\"url\":\"https:\/\/kirkensbymisjon.no\/content\/uploads\/sites\/169\/2025\/03\/papir.webp\",\"contentUrl\":\"https:\/\/kirkensbymisjon.no\/content\/uploads\/sites\/169\/2025\/03\/papir.webp\",\"width\":1295,\"height\":734,\"caption\":\"Papirvalg\"},{\"@type\":\"BreadcrumbList\",\"@id\":\"https:\/\/kirkensbymisjon.no\/brand\/verktoy\/papirvalg\/#breadcrumb\",\"itemListElement\":[{\"@type\":\"ListItem\",\"position\":1,\"name\":\"Hjem\",\"item\":\"https:\/\/kirkensbymisjon.no\/brand\/\"},{\"@type\":\"ListItem\",\"position\":2,\"name\":\"Verkt\u00f8y\",\"item\":\"https:\/\/kirkensbymisjon.no\/brand\/verktoy\/\"},{\"@type\":\"ListItem\",\"position\":3,\"name\":\"Papirvalg\"}]},{\"@type\":\"WebSite\",\"@id\":\"https:\/\/kirkensbymisjon.no\/brand\/#website\",\"url\":\"https:\/\/kirkensbymisjon.no\/brand\/\",\"name\":\"Designmanual\",\"description\":\"\",\"potentialAction\":[{\"@type\":\"SearchAction\",\"target\":{\"@type\":\"EntryPoint\",\"urlTemplate\":\"https:\/\/kirkensbymisjon.no\/brand\/?s={search_term_string}\"},\"query-input\":{\"@type\":\"PropertyValueSpecification\",\"valueRequired\":true,\"valueName\":\"search_term_string\"}}],\"inLanguage\":\"nb-NO\"}]}<\/script>\n<!-- \/ Yoast SEO Premium plugin. -->","yoast_head_json":{"title":"Papirvalg - Designmanual","robots":{"index":"noindex","follow":"follow","max-snippet":"max-snippet:-1","max-image-preview":"max-image-preview:large","max-video-preview":"max-video-preview:-1"},"og_locale":"nb_NO","og_type":"article","og_title":"Papirvalg","og_description":"Anbefalt papir trykksaker Les mer om v\u00e5re hovedleverand\u00f8rer.","og_url":"https:\/\/kirkensbymisjon.no\/brand\/verktoy\/papirvalg\/","og_site_name":"Designmanual","article_modified_time":"2025-09-26T13:02:24+00:00","og_image":[{"width":1295,"height":734,"url":"https:\/\/kirkensbymisjon.no\/content\/uploads\/sites\/169\/2025\/03\/papir.webp","type":"image\/webp"}],"twitter_card":"summary_large_image","twitter_misc":{"Ansl. lesetid":"2 minutter"},"schema":{"@context":"https:\/\/schema.org","@graph":[{"@type":"WebPage","@id":"https:\/\/kirkensbymisjon.no\/brand\/verktoy\/papirvalg\/","url":"https:\/\/kirkensbymisjon.no\/brand\/verktoy\/papirvalg\/","name":"Papirvalg - Designmanual","isPartOf":{"@id":"https:\/\/kirkensbymisjon.no\/brand\/#website"},"primaryImageOfPage":{"@id":"https:\/\/kirkensbymisjon.no\/brand\/verktoy\/papirvalg\/#primaryimage"},"image":{"@id":"https:\/\/kirkensbymisjon.no\/brand\/verktoy\/papirvalg\/#primaryimage"},"thumbnailUrl":"https:\/\/kirkensbymisjon.no\/content\/uploads\/sites\/169\/2025\/03\/papir.webp","datePublished":"2025-03-25T22:29:55+00:00","dateModified":"2025-09-26T13:02:24+00:00","breadcrumb":{"@id":"https:\/\/kirkensbymisjon.no\/brand\/verktoy\/papirvalg\/#breadcrumb"},"inLanguage":"nb-NO","potentialAction":[{"@type":"ReadAction","target":["https:\/\/kirkensbymisjon.no\/brand\/verktoy\/papirvalg\/"]}]},{"@type":"ImageObject","inLanguage":"nb-NO","@id":"https:\/\/kirkensbymisjon.no\/brand\/verktoy\/papirvalg\/#primaryimage","url":"https:\/\/kirkensbymisjon.no\/content\/uploads\/sites\/169\/2025\/03\/papir.webp","contentUrl":"https:\/\/kirkensbymisjon.no\/content\/uploads\/sites\/169\/2025\/03\/papir.webp","width":1295,"height":734,"caption":"Papirvalg"},{"@type":"BreadcrumbList","@id":"https:\/\/kirkensbymisjon.no\/brand\/verktoy\/papirvalg\/#breadcrumb","itemListElement":[{"@type":"ListItem","position":1,"name":"Hjem","item":"https:\/\/kirkensbymisjon.no\/brand\/"},{"@type":"ListItem","position":2,"name":"Verkt\u00f8y","item":"https:\/\/kirkensbymisjon.no\/brand\/verktoy\/"},{"@type":"ListItem","position":3,"name":"Papirvalg"}]},{"@type":"WebSite","@id":"https:\/\/kirkensbymisjon.no\/brand\/#website","url":"https:\/\/kirkensbymisjon.no\/brand\/","name":"Designmanual","description":"","potentialAction":[{"@type":"SearchAction","target":{"@type":"EntryPoint","urlTemplate":"https:\/\/kirkensbymisjon.no\/brand\/?s={search_term_string}"},"query-input":{"@type":"PropertyValueSpecification","valueRequired":true,"valueName":"search_term_string"}}],"inLanguage":"nb-NO"}]}},"_links":{"self":[{"href":"https:\/\/kirkensbymisjon.no\/brand\/wp-json\/wp\/v2\/pages\/570","targetHints":{"allow":["GET"]}}],"collection":[{"href":"https:\/\/kirkensbymisjon.no\/brand\/wp-json\/wp\/v2\/pages"}],"about":[{"href":"https:\/\/kirkensbymisjon.no\/brand\/wp-json\/wp\/v2\/types\/page"}],"author":[{"embeddable":true,"href":"https:\/\/kirkensbymisjon.no\/brand\/wp-json\/wp\/v2\/users\/5"}],"replies":[{"embeddable":true,"href":"https:\/\/kirkensbymisjon.no\/brand\/wp-json\/wp\/v2\/comments?post=570"}],"version-history":[{"count":5,"href":"https:\/\/kirkensbymisjon.no\/brand\/wp-json\/wp\/v2\/pages\/570\/revisions"}],"predecessor-version":[{"id":1039,"href":"https:\/\/kirkensbymisjon.no\/brand\/wp-json\/wp\/v2\/pages\/570\/revisions\/1039"}],"up":[{"embeddable":true,"href":"https:\/\/kirkensbymisjon.no\/brand\/wp-json\/wp\/v2\/pages\/61"}],"wp:featuredmedia":[{"embeddable":true,"href":"https:\/\/kirkensbymisjon.no\/brand\/wp-json\/wp\/v2\/media\/571"}],"wp:attachment":[{"href":"https:\/\/kirkensbymisjon.no\/brand\/wp-json\/wp\/v2\/media?parent=570"}],"curies":[{"name":"wp","href":"https:\/\/api.w.org\/{rel}","templated":true}]}}