{"id":63,"date":"2024-12-19T20:36:11","date_gmt":"2024-12-19T20:36:11","guid":{"rendered":"https:\/\/kirkensbymisjon.no\/brand\/?page_id=63"},"modified":"2026-04-10T07:26:25","modified_gmt":"2026-04-10T07:26:25","slug":"samarbeid","status":"publish","type":"page","link":"https:\/\/kirkensbymisjon.no\/brand\/samarbeid\/","title":{"rendered":"Samarbeid"},"content":{"rendered":"\t<div class=\"alignfull overlay-50 wp-block-kbm-hero\">\n\t\t<div class=\"kbm-hero__inner\">\n\t\t\t\n\t<div class=\"wp-block-kbm-hero-content\">\n\t\t\n\n<h1 class=\"wp-block-heading\" id=\"h-samarbeid-og-synlighet\"><u>Samarbeid<\/u> og synlighet<\/h1>\n\n\n\n<p>Hvordan sikrer vi verdi og tilstedev\u00e6relse i samarbeider med andre akt\u00f8rer?<\/p>\n\n\t<\/div>\n\t\n\t\t<\/div>\n\t\t<div class=\"kbm-hero__image\" style=\"background-position: 50% 50%; background-image: url(https:\/\/kirkensbymisjon.no\/content\/uploads\/sites\/169\/2025\/05\/hero-4.jpeg);\"><\/div>\n\t<\/div>\n\t\n\n\n<h2 class=\"wp-block-heading\" id=\"h-samarbeid-og-partnerskap-eller-sponsorat\">Samarbeid og partnerskap \u2013 eller sponsorat?<\/h2>\n\n\n<div class=\"t2-accordion wp-block-t2-accordion\" data-allow-multiple=\"1\" role=\"list\">\n<div class=\"t2-accordion-item wp-block-t2-accordion-item\" role=\"listitem\">\n\t\t\t<h2 class=\"t2-accordion-title\">\n\t\t\t\t<button type=\"button\" class=\"t2-accordion-trigger\" id=\"co-branding-\u2013-hvem-kan-bruke,-og-hvordan-bruke-v\u00e5r-logo?\" aria-controls=\"accordion-panel\" aria-expanded=\"false\">\n\t\t\t\t\tCo-branding \u2013 hvem kan bruke, og hvordan bruke v\u00e5r logo?\n\t\t\t\t\t<span class=\"t2-accordion-icon is-closed-icon\"><svg xmlns=\"http:\/\/www.w3.org\/2000\/svg\" viewBox=\"0 0 24 24\" height=\"24\" width=\"24\" class=\"t2-icon t2-icon-plus\" aria-hidden=\"true\" focusable=\"false\"><path d=\"M11.8 5.037a1.088 1.088 0 0 0-.722.566c-.075.148-.078.25-.078 2.772v2.619l-2.61.016c-1.867.012-2.652.03-2.756.064-.168.055-.438.301-.54.494-.049.092-.07.223-.07.432 0 .34.054.476.282.704.289.289.14.275 3.064.288l2.63.012v2.619c0 2.544.002 2.625.08 2.778.191.372.516.577.92.577s.729-.205.92-.577c.078-.153.08-.234.08-2.778v-2.619l2.63-.012c2.924-.013 2.775.001 3.064-.288.228-.228.282-.364.282-.704 0-.209-.021-.34-.07-.432-.102-.193-.372-.439-.54-.494-.104-.034-.889-.052-2.756-.064L13 10.994V8.375c0-2.522-.003-2.624-.078-2.772-.214-.418-.685-.656-1.122-.566\"\/><\/svg><\/span>\n\t\t\t\t\t<span class=\"t2-accordion-icon is-open-icon\"><svg xmlns=\"http:\/\/www.w3.org\/2000\/svg\" viewBox=\"0 0 24 24\" height=\"24\" width=\"24\" class=\"t2-icon t2-icon-chevronup\" aria-hidden=\"true\" focusable=\"false\"><path d=\"M6.7 14.7c-.2-.2-.3-.4-.3-.7s.1-.5.3-.7l4.6-4.6c.1-.1.2-.2.3-.2.1 0 .2-.1.4-.1.1 0 .3 0 .4.1.1 0 .2.1.3.2l4.6 4.6c.2.2.3.4.3.7s-.1.5-.3.7c-.2.2-.4.3-.7.3s-.5-.1-.7-.3L12 10.8l-3.9 3.9c-.2.2-.4.3-.7.3s-.5-.1-.7-.3z\" fill=\"currentColor\" \/><\/svg><\/span>\n\t\t\t\t<\/button>\n\t\t\t<\/h2>\n\t\t\t<div class=\"t2-accordion-item__inner-container is-layout-flow\" id=\"accordion-panel\" aria-labelledby=\"co-branding-\u2013-hvem-kan-bruke,-og-hvordan-bruke-v\u00e5r-logo?\" role=\"region\" hidden>\n\t\t\t\t\n\n<p>For \u00e5 vite hvordan Kirkens Bymisjons virksomheter og prosjekter skal profileres sammen med andre akt\u00f8rer, m\u00e5 f\u00f8rst samarbeidet defineres.<\/p>\n\n\n\n<p>F.eks. eier Kirkens Bymisjon virksomheten alene? Er den andre akt\u00f8ren en likestilt partner? Bidrar vi eller den andre akt\u00f8ren kun p\u00e5 et enkeltarrangement, eller er det et langsiktig, strategisk samarbeid? Hvordan visualiserer vi st\u00f8tte og finansiering vs. samarbeid og partnerskap?\u202f<\/p>\n\n\n\n<p>F\u00f8r virksomheter bestiller skilt eller annet materiell er det derfor viktig \u00e5 sette seg inn i retningslinjene for de ulike samarbeidsformene og avtalevilk\u00e5rene. Samt \u00e5 v\u00e6re bevisst forskjellen p\u00e5 det som defineres som formelle&nbsp;samarbeid\/partnerskap vs sponsorater\/st\u00f8ttespillere.<\/p>\n\n\n\t\t\t<\/div>\n\t\t<\/div>\n\n<div class=\"t2-accordion-item wp-block-t2-accordion-item\" role=\"listitem\">\n\t\t\t<h2 class=\"t2-accordion-title\">\n\t\t\t\t<button type=\"button\" class=\"t2-accordion-trigger\" id=\"id-1.-samarbeid-\u2013-n\u00e5r-kirkens-bymisjon-er-hovedakt\u00f8r\" aria-controls=\"accordion-panel-1\" aria-expanded=\"false\">\n\t\t\t\t\t1. Samarbeid \u2013 n\u00e5r Kirkens Bymisjon er hovedakt\u00f8r\n\t\t\t\t\t<span class=\"t2-accordion-icon is-closed-icon\"><svg xmlns=\"http:\/\/www.w3.org\/2000\/svg\" viewBox=\"0 0 24 24\" height=\"24\" width=\"24\" class=\"t2-icon t2-icon-plus\" aria-hidden=\"true\" focusable=\"false\"><path d=\"M11.8 5.037a1.088 1.088 0 0 0-.722.566c-.075.148-.078.25-.078 2.772v2.619l-2.61.016c-1.867.012-2.652.03-2.756.064-.168.055-.438.301-.54.494-.049.092-.07.223-.07.432 0 .34.054.476.282.704.289.289.14.275 3.064.288l2.63.012v2.619c0 2.544.002 2.625.08 2.778.191.372.516.577.92.577s.729-.205.92-.577c.078-.153.08-.234.08-2.778v-2.619l2.63-.012c2.924-.013 2.775.001 3.064-.288.228-.228.282-.364.282-.704 0-.209-.021-.34-.07-.432-.102-.193-.372-.439-.54-.494-.104-.034-.889-.052-2.756-.064L13 10.994V8.375c0-2.522-.003-2.624-.078-2.772-.214-.418-.685-.656-1.122-.566\"\/><\/svg><\/span>\n\t\t\t\t\t<span class=\"t2-accordion-icon is-open-icon\"><svg xmlns=\"http:\/\/www.w3.org\/2000\/svg\" viewBox=\"0 0 24 24\" height=\"24\" width=\"24\" class=\"t2-icon t2-icon-chevronup\" aria-hidden=\"true\" focusable=\"false\"><path d=\"M6.7 14.7c-.2-.2-.3-.4-.3-.7s.1-.5.3-.7l4.6-4.6c.1-.1.2-.2.3-.2.1 0 .2-.1.4-.1.1 0 .3 0 .4.1.1 0 .2.1.3.2l4.6 4.6c.2.2.3.4.3.7s-.1.5-.3.7c-.2.2-.4.3-.7.3s-.5-.1-.7-.3L12 10.8l-3.9 3.9c-.2.2-.4.3-.7.3s-.5-.1-.7-.3z\" fill=\"currentColor\" \/><\/svg><\/span>\n\t\t\t\t<\/button>\n\t\t\t<\/h2>\n\t\t\t<div class=\"t2-accordion-item__inner-container is-layout-flow\" id=\"accordion-panel-1\" aria-labelledby=\"id-1.-samarbeid-\u2013-n\u00e5r-kirkens-bymisjon-er-hovedakt\u00f8r\" role=\"region\" hidden>\n\t\t\t\t\n\n<p>I samarbeid der Kirkens Bymisjon er hovedavsender, samtidig som andre akt\u00f8rer ogs\u00e5 skal synliggj\u00f8res med logo, gjelder f\u00f8lgende:<\/p>\n\n\n\n<p><strong>Visuell framstilling<\/strong><br>Virksomhetsnavnet settes som tekst, og Kirkens Bymisjons logo plasseres sentralt og st\u00f8rre enn de \u00f8vrige, underordnede logoene.<\/p>\n\n\n\n<p><strong>Skriftlig framstilling<\/strong><br>Kirkens Bymisjon er hovedavsender, og \u00f8vrige akt\u00f8rer nevnes i beskrivelsen som tekst.&nbsp;<\/p>\n\n\n\n<p>Har virksomheten nettside under kirkensbymisjon.no, skal samarbeidsakt\u00f8ren nevnes som tekst i beskrivelsen. Tilsvarende skal Kirkens Bymisjon nevnes i beskrivelsen p\u00e5 samarbeidsakt\u00f8rens nettside. Gjelder bl.a. B\u00e6rekraftige fellesskap og Aktivitetshuset, Bjerke.<\/p>\n\n\n\n<p>\u27a8 Last ned&nbsp;<a href=\"https:\/\/kirkensbymisjon.no\/brand\/maler\/\">tilpassede maler<\/a>&nbsp;for din virksomhet<br>\u27a8 Bruk&nbsp;<a href=\"https:\/\/kirkensbymisjon.no\/brand\/#designmaskinen1\">designmaskinen<\/a>&nbsp;og lag materiell for samarbeid<\/p>\n\n\n\t\t\t<\/div>\n\t\t<\/div>\n\n<div class=\"t2-accordion-item wp-block-t2-accordion-item\" role=\"listitem\">\n\t\t\t<h2 class=\"t2-accordion-title\">\n\t\t\t\t<button type=\"button\" class=\"t2-accordion-trigger\" id=\"id-2.-partnerskap-\u2013-n\u00e5r-kirkens-bymisjon-er-en-likestilt-akt\u00f8r\" aria-controls=\"accordion-panel-2\" aria-expanded=\"false\">\n\t\t\t\t\t2. Partnerskap \u2013 n\u00e5r Kirkens Bymisjon er en likestilt akt\u00f8r\n\t\t\t\t\t<span class=\"t2-accordion-icon is-closed-icon\"><svg xmlns=\"http:\/\/www.w3.org\/2000\/svg\" viewBox=\"0 0 24 24\" height=\"24\" width=\"24\" class=\"t2-icon t2-icon-plus\" aria-hidden=\"true\" focusable=\"false\"><path d=\"M11.8 5.037a1.088 1.088 0 0 0-.722.566c-.075.148-.078.25-.078 2.772v2.619l-2.61.016c-1.867.012-2.652.03-2.756.064-.168.055-.438.301-.54.494-.049.092-.07.223-.07.432 0 .34.054.476.282.704.289.289.14.275 3.064.288l2.63.012v2.619c0 2.544.002 2.625.08 2.778.191.372.516.577.92.577s.729-.205.92-.577c.078-.153.08-.234.08-2.778v-2.619l2.63-.012c2.924-.013 2.775.001 3.064-.288.228-.228.282-.364.282-.704 0-.209-.021-.34-.07-.432-.102-.193-.372-.439-.54-.494-.104-.034-.889-.052-2.756-.064L13 10.994V8.375c0-2.522-.003-2.624-.078-2.772-.214-.418-.685-.656-1.122-.566\"\/><\/svg><\/span>\n\t\t\t\t\t<span class=\"t2-accordion-icon is-open-icon\"><svg xmlns=\"http:\/\/www.w3.org\/2000\/svg\" viewBox=\"0 0 24 24\" height=\"24\" width=\"24\" class=\"t2-icon t2-icon-chevronup\" aria-hidden=\"true\" focusable=\"false\"><path d=\"M6.7 14.7c-.2-.2-.3-.4-.3-.7s.1-.5.3-.7l4.6-4.6c.1-.1.2-.2.3-.2.1 0 .2-.1.4-.1.1 0 .3 0 .4.1.1 0 .2.1.3.2l4.6 4.6c.2.2.3.4.3.7s-.1.5-.3.7c-.2.2-.4.3-.7.3s-.5-.1-.7-.3L12 10.8l-3.9 3.9c-.2.2-.4.3-.7.3s-.5-.1-.7-.3z\" fill=\"currentColor\" \/><\/svg><\/span>\n\t\t\t\t<\/button>\n\t\t\t<\/h2>\n\t\t\t<div class=\"t2-accordion-item__inner-container is-layout-flow\" id=\"accordion-panel-2\" aria-labelledby=\"id-2.-partnerskap-\u2013-n\u00e5r-kirkens-bymisjon-er-en-likestilt-akt\u00f8r\" role=\"region\" hidden>\n\t\t\t\t\n\n<p>I partnerskap der Kirkens Bymisjon er en likestilt avsender, sammen med andre akt\u00f8rer, gjelder f\u00f8lgende som hovedregel:<\/p>\n\n\n\n<p><strong>Visuell framstilling<\/strong><br>Virksomhetsnavnet settes som tekst, og Kirkens Bymisjons logo plasseres likestilt med de \u00f8vrige logoene.<\/p>\n\n\n\n<p><strong>Skriftlig framstilling<\/strong><br>Kirkens Bymisjon og \u00f8vrige akt\u00f8rer skal alltid nevnes i beskrivelsen som tekst. Gjelder bl.a. Helsesenteret for papirl\u00f8se migranter, Forandringshuset og frivilligsentralene.<\/p>\n\n\n\n<p>\u27a8 Last ned&nbsp;<a href=\"https:\/\/kirkensbymisjon.no\/brand\/maler\/\">tilpassede maler<\/a>&nbsp;for din virksomhet<br>\u27a8 Bruk&nbsp;<a href=\"https:\/\/kirkensbymisjon.no\/brand\/#designmaskinen1\">designmaskinen<\/a>&nbsp;og lag materiell for partnerskap<\/p>\n\n\n\t\t\t<\/div>\n\t\t<\/div>\n\n<div class=\"t2-accordion-item wp-block-t2-accordion-item\" role=\"listitem\">\n\t\t\t<h2 class=\"t2-accordion-title\">\n\t\t\t\t<button type=\"button\" class=\"t2-accordion-trigger\" id=\"id-3.-partnerskap-\u2013-noen-unntak\" aria-controls=\"accordion-panel-3\" aria-expanded=\"false\">\n\t\t\t\t\t3. Partnerskap \u2013 noen unntak\n\t\t\t\t\t<span class=\"t2-accordion-icon is-closed-icon\"><svg xmlns=\"http:\/\/www.w3.org\/2000\/svg\" viewBox=\"0 0 24 24\" height=\"24\" width=\"24\" class=\"t2-icon t2-icon-plus\" aria-hidden=\"true\" focusable=\"false\"><path d=\"M11.8 5.037a1.088 1.088 0 0 0-.722.566c-.075.148-.078.25-.078 2.772v2.619l-2.61.016c-1.867.012-2.652.03-2.756.064-.168.055-.438.301-.54.494-.049.092-.07.223-.07.432 0 .34.054.476.282.704.289.289.14.275 3.064.288l2.63.012v2.619c0 2.544.002 2.625.08 2.778.191.372.516.577.92.577s.729-.205.92-.577c.078-.153.08-.234.08-2.778v-2.619l2.63-.012c2.924-.013 2.775.001 3.064-.288.228-.228.282-.364.282-.704 0-.209-.021-.34-.07-.432-.102-.193-.372-.439-.54-.494-.104-.034-.889-.052-2.756-.064L13 10.994V8.375c0-2.522-.003-2.624-.078-2.772-.214-.418-.685-.656-1.122-.566\"\/><\/svg><\/span>\n\t\t\t\t\t<span class=\"t2-accordion-icon is-open-icon\"><svg xmlns=\"http:\/\/www.w3.org\/2000\/svg\" viewBox=\"0 0 24 24\" height=\"24\" width=\"24\" class=\"t2-icon t2-icon-chevronup\" aria-hidden=\"true\" focusable=\"false\"><path d=\"M6.7 14.7c-.2-.2-.3-.4-.3-.7s.1-.5.3-.7l4.6-4.6c.1-.1.2-.2.3-.2.1 0 .2-.1.4-.1.1 0 .3 0 .4.1.1 0 .2.1.3.2l4.6 4.6c.2.2.3.4.3.7s-.1.5-.3.7c-.2.2-.4.3-.7.3s-.5-.1-.7-.3L12 10.8l-3.9 3.9c-.2.2-.4.3-.7.3s-.5-.1-.7-.3z\" fill=\"currentColor\" \/><\/svg><\/span>\n\t\t\t\t<\/button>\n\t\t\t<\/h2>\n\t\t\t<div class=\"t2-accordion-item__inner-container is-layout-flow\" id=\"accordion-panel-3\" aria-labelledby=\"id-3.-partnerskap-\u2013-noen-unntak\" role=\"region\" hidden>\n\t\t\t\t\n\n<p>Noen partnerskap er unntatt hovedregelen, da de har egne retningslinjer for hvordan samarbeidet skal profileres. Det gjelder f.eks.:<\/p>\n\n\n\n<p>\u27a8 <strong>Home-Start<\/strong>, som har egne <a href=\"https:\/\/www.homestartnorge.no\/designmanual\/lokale-avdelinger-og-co-branding\" target=\"_blank\" rel=\"noreferrer noopener\">retningslinjer<\/a><br>\u27a8 <strong>Batteriet<\/strong>, som har en egen profil<br>\u27a8 <strong>Camp Hud\u00f8y<\/strong>, som har en egen profil<br>\u27a8 <strong>Unikum<\/strong>, som har en egen profil<\/p>\n\n\n\t\t\t<\/div>\n\t\t<\/div>\n\n<div class=\"t2-accordion-item wp-block-t2-accordion-item\" role=\"listitem\">\n\t\t\t<h2 class=\"t2-accordion-title\">\n\t\t\t\t<button type=\"button\" class=\"t2-accordion-trigger\" id=\"id-4.-&lt;strong&gt;sponsorater-\u2013-st\u00f8ttespillere&lt;\/strong&gt;-i-n\u00e6ringslivet\" aria-controls=\"accordion-panel-4\" aria-expanded=\"false\">\n\t\t\t\t\t4. Sponsorater \u2013 st\u00f8ttespillere i n\u00e6ringslivet\n\t\t\t\t\t<span class=\"t2-accordion-icon is-closed-icon\"><svg xmlns=\"http:\/\/www.w3.org\/2000\/svg\" viewBox=\"0 0 24 24\" height=\"24\" width=\"24\" class=\"t2-icon t2-icon-plus\" aria-hidden=\"true\" focusable=\"false\"><path d=\"M11.8 5.037a1.088 1.088 0 0 0-.722.566c-.075.148-.078.25-.078 2.772v2.619l-2.61.016c-1.867.012-2.652.03-2.756.064-.168.055-.438.301-.54.494-.049.092-.07.223-.07.432 0 .34.054.476.282.704.289.289.14.275 3.064.288l2.63.012v2.619c0 2.544.002 2.625.08 2.778.191.372.516.577.92.577s.729-.205.92-.577c.078-.153.08-.234.08-2.778v-2.619l2.63-.012c2.924-.013 2.775.001 3.064-.288.228-.228.282-.364.282-.704 0-.209-.021-.34-.07-.432-.102-.193-.372-.439-.54-.494-.104-.034-.889-.052-2.756-.064L13 10.994V8.375c0-2.522-.003-2.624-.078-2.772-.214-.418-.685-.656-1.122-.566\"\/><\/svg><\/span>\n\t\t\t\t\t<span class=\"t2-accordion-icon is-open-icon\"><svg xmlns=\"http:\/\/www.w3.org\/2000\/svg\" viewBox=\"0 0 24 24\" height=\"24\" width=\"24\" class=\"t2-icon t2-icon-chevronup\" aria-hidden=\"true\" focusable=\"false\"><path d=\"M6.7 14.7c-.2-.2-.3-.4-.3-.7s.1-.5.3-.7l4.6-4.6c.1-.1.2-.2.3-.2.1 0 .2-.1.4-.1.1 0 .3 0 .4.1.1 0 .2.1.3.2l4.6 4.6c.2.2.3.4.3.7s-.1.5-.3.7c-.2.2-.4.3-.7.3s-.5-.1-.7-.3L12 10.8l-3.9 3.9c-.2.2-.4.3-.7.3s-.5-.1-.7-.3z\" fill=\"currentColor\" \/><\/svg><\/span>\n\t\t\t\t<\/button>\n\t\t\t<\/h2>\n\t\t\t<div class=\"t2-accordion-item__inner-container is-layout-flow\" id=\"accordion-panel-4\" aria-labelledby=\"id-4.-&lt;strong&gt;sponsorater-\u2013-st\u00f8ttespillere&lt;\/strong&gt;-i-n\u00e6ringslivet\" role=\"region\" hidden>\n\t\t\t\t\n\n<p>Form\u00e5let med \u00e5 definere ulike niv\u00e5er er \u00e5 styrke samarbeidspartners verdi av \u00e5 knytte seg til Kirkens Bymisjons verdier, visjon, merkevare og omd\u00f8mmekjennskap, i samsvar med bedriftens \u00f8konomiske investering i samarbeidet. Samarbeid kan v\u00e6re et konkurranse- og anbudsfortrinn. Rammeverket er et uttak og tydeliggj\u00f8ring av Kirkens Bymisjons strategi for samarbeid med n\u00e6ringslivet.<\/p>\n\n\n\n<p>\u27a8 Les rammeverket for\u00a0<a href=\"https:\/\/bymisjon.sharepoint.com\/:b:\/s\/Grafisk\/EdAOfyAUgHlOk1_NZegnOb8B_R1e8tvlBXO-wvvWHNEIEA?e=mouT7p\" target=\"_blank\" rel=\"noreferrer noopener\">sponsorater\/samarbeidspartnere<\/a><br>\u27a8 Last ned\u00a0<a href=\"https:\/\/bymisjon.sharepoint.com\/:f:\/s\/Grafisk\/IgD2n79myQgbSpDqtPxuUoYkAe75mGzxoPify8SwWXY_8tc?e=hbSXI9\" target=\"_blank\" rel=\"noreferrer noopener\">st\u00f8ttemerker<\/a>\u00a0(niv\u00e5 1)<br>\u27a8 Last ned\u00a0<a href=\"https:\/\/bymisjon.sharepoint.com\/:f:\/s\/Grafisk\/IgDLFFQKQ3OhTaHtSNFD28SIAWGwRBhJbBCTCclpxtUd0xg?e=IUKl5l\" target=\"_blank\" rel=\"noreferrer noopener\">st\u00f8ttemerker<\/a>\u00a0(fotballdrakt)<br>\u27a8 Last ned\u00a0<a href=\"https:\/\/kirkensbymisjon.no\/brand\/verktoy\/hovedlogo\/\" target=\"_blank\" rel=\"noreferrer noopener\">logo<\/a>\u00a0(niv\u00e5 2\u20134)<\/p>\n\n\n\n<p>St\u00f8ttespillere, givere og initiativtakere kan ogs\u00e5 synliggj\u00f8re engasjement og bidrag ved bl.a. \u00e5 dele og tagge innlegg og kampanjer fra Kirkens Bymisjons kanaler p\u00e5 sosiale medier.<\/p>\n\n\n\t\t\t<\/div>\n\t\t<\/div>\n<\/div>\n\n\n<figure class=\"wp-block-image size-full\"><img loading=\"lazy\" decoding=\"async\" width=\"2560\" height=\"1726\" src=\"https:\/\/kirkensbymisjon.no\/content\/uploads\/sites\/169\/2025\/01\/samarbeid-1-scaled.jpg\" alt=\"\" class=\"wp-image-239\" srcset=\"https:\/\/kirkensbymisjon.no\/content\/uploads\/sites\/169\/2025\/01\/samarbeid-1-scaled.jpg 2560w, https:\/\/kirkensbymisjon.no\/content\/uploads\/sites\/169\/2025\/01\/samarbeid-1-300x202.jpg 300w, https:\/\/kirkensbymisjon.no\/content\/uploads\/sites\/169\/2025\/01\/samarbeid-1-1024x691.jpg 1024w, https:\/\/kirkensbymisjon.no\/content\/uploads\/sites\/169\/2025\/01\/samarbeid-1-768x518.jpg 768w, https:\/\/kirkensbymisjon.no\/content\/uploads\/sites\/169\/2025\/01\/samarbeid-1-1536x1036.jpg 1536w, https:\/\/kirkensbymisjon.no\/content\/uploads\/sites\/169\/2025\/01\/samarbeid-1-2048x1381.jpg 2048w\" sizes=\"auto, (max-width: 2560px) 100vw, 2560px\" \/><figcaption class=\"wp-element-caption\"><em>Logobruk i samarbeid \u2013 n\u00e5r Kirkens Bymisjon er hovedakt\u00f8r<\/em><\/figcaption><\/figure>\n\n\n\n<figure class=\"wp-block-image size-full\"><img loading=\"lazy\" decoding=\"async\" width=\"2560\" height=\"1724\" src=\"https:\/\/kirkensbymisjon.no\/content\/uploads\/sites\/169\/2025\/01\/partner-1-scaled.jpg\" alt=\"\" class=\"wp-image-238\" srcset=\"https:\/\/kirkensbymisjon.no\/content\/uploads\/sites\/169\/2025\/01\/partner-1-scaled.jpg 2560w, https:\/\/kirkensbymisjon.no\/content\/uploads\/sites\/169\/2025\/01\/partner-1-300x202.jpg 300w, https:\/\/kirkensbymisjon.no\/content\/uploads\/sites\/169\/2025\/01\/partner-1-1024x690.jpg 1024w, https:\/\/kirkensbymisjon.no\/content\/uploads\/sites\/169\/2025\/01\/partner-1-768x517.jpg 768w, https:\/\/kirkensbymisjon.no\/content\/uploads\/sites\/169\/2025\/01\/partner-1-1536x1035.jpg 1536w, https:\/\/kirkensbymisjon.no\/content\/uploads\/sites\/169\/2025\/01\/partner-1-2048x1379.jpg 2048w\" sizes=\"auto, (max-width: 2560px) 100vw, 2560px\" \/><figcaption class=\"wp-element-caption\"><em>Logobruk i partnerskap \u2013 n\u00e5r Kirkens Bymisjon er en likestilt akt\u00f8r<\/em><\/figcaption><\/figure>\n\n\n\n<figure class=\"wp-block-image alignwide size-full\"><img loading=\"lazy\" decoding=\"async\" width=\"2560\" height=\"1510\" src=\"https:\/\/kirkensbymisjon.no\/content\/uploads\/sites\/169\/2025\/03\/samarbeid-scaled.jpg\" alt=\"Samarbeid hybrider\" class=\"wp-image-480\" srcset=\"https:\/\/kirkensbymisjon.no\/content\/uploads\/sites\/169\/2025\/03\/samarbeid-scaled.jpg 2560w, https:\/\/kirkensbymisjon.no\/content\/uploads\/sites\/169\/2025\/03\/samarbeid-300x177.jpg 300w, https:\/\/kirkensbymisjon.no\/content\/uploads\/sites\/169\/2025\/03\/samarbeid-1024x604.jpg 1024w, https:\/\/kirkensbymisjon.no\/content\/uploads\/sites\/169\/2025\/03\/samarbeid-768x453.jpg 768w, https:\/\/kirkensbymisjon.no\/content\/uploads\/sites\/169\/2025\/03\/samarbeid-1536x906.jpg 1536w, https:\/\/kirkensbymisjon.no\/content\/uploads\/sites\/169\/2025\/03\/samarbeid-2048x1208.jpg 2048w\" sizes=\"auto, (max-width: 2560px) 100vw, 2560px\" \/><figcaption class=\"wp-element-caption\"><em>For \u00e5 vite hvordan Kirkens Bymisjons virksomheter og prosjekter skal profileres sammen med andre akt\u00f8rer, m\u00e5 f\u00f8rst samarbeidet defineres. F.eks. eier Kirkens Bymisjon virksomheten alene? Er den andre akt\u00f8ren en likestilt partner? Bidrar vi eller den andre akt\u00f8ren kun p\u00e5 et enkeltarrangement, eller er det et langsiktig, strategisk samarbeid?<\/em><\/figcaption><\/figure>\n\n\n\n<p><\/p>\n","protected":false},"excerpt":{"rendered":"<p>Samarbeid og partnerskap \u2013 eller sponsorat?<\/p>\n","protected":false},"author":5,"featured_media":480,"parent":0,"menu_order":0,"comment_status":"closed","ping_status":"closed","template":"","meta":{"_relevanssi_hide_post":"","_relevanssi_hide_content":"","_relevanssi_pin_for_all":"","_relevanssi_pin_keywords":"","_relevanssi_unpin_keywords":"","_relevanssi_related_keywords":"","_relevanssi_related_include_ids":"","_relevanssi_related_exclude_ids":"","_relevanssi_related_no_append":"","_relevanssi_related_not_related":"","_relevanssi_related_posts":"1","_relevanssi_noindex_reason":"","editor_notices":[],"footnotes":""},"class_list":["post-63","page","type-page","status-publish","has-post-thumbnail","hentry"],"yoast_head":"<!-- This site is optimized with the Yoast SEO Premium plugin v27.2 (Yoast SEO v27.2) - https:\/\/yoast.com\/product\/yoast-seo-premium-wordpress\/ -->\n<title>Samarbeid - Designmanual<\/title>\n<meta name=\"robots\" content=\"noindex, follow, max-snippet:-1, max-image-preview:large, max-video-preview:-1\" \/>\n<meta property=\"og:locale\" content=\"nb_NO\" \/>\n<meta property=\"og:type\" content=\"article\" \/>\n<meta property=\"og:title\" content=\"Samarbeid\" \/>\n<meta property=\"og:description\" content=\"Samarbeid og partnerskap \u2013 eller sponsorat?\" \/>\n<meta property=\"og:url\" content=\"https:\/\/kirkensbymisjon.no\/brand\/samarbeid\/\" \/>\n<meta property=\"og:site_name\" content=\"Designmanual\" \/>\n<meta property=\"article:modified_time\" content=\"2026-04-10T07:26:25+00:00\" \/>\n<meta property=\"og:image\" content=\"https:\/\/kirkensbymisjon.no\/content\/uploads\/sites\/169\/2025\/03\/samarbeid-scaled.jpg\" \/>\n\t<meta property=\"og:image:width\" content=\"2560\" \/>\n\t<meta property=\"og:image:height\" content=\"1510\" \/>\n\t<meta property=\"og:image:type\" content=\"image\/jpeg\" \/>\n<meta name=\"twitter:card\" content=\"summary_large_image\" \/>\n<meta name=\"twitter:label1\" content=\"Ansl. lesetid\" \/>\n\t<meta name=\"twitter:data1\" content=\"4 minutter\" \/>\n<script type=\"application\/ld+json\" class=\"yoast-schema-graph\">{\"@context\":\"https:\/\/schema.org\",\"@graph\":[{\"@type\":\"WebPage\",\"@id\":\"https:\/\/kirkensbymisjon.no\/brand\/samarbeid\/\",\"url\":\"https:\/\/kirkensbymisjon.no\/brand\/samarbeid\/\",\"name\":\"Samarbeid - Designmanual\",\"isPartOf\":{\"@id\":\"https:\/\/kirkensbymisjon.no\/brand\/#website\"},\"primaryImageOfPage\":{\"@id\":\"https:\/\/kirkensbymisjon.no\/brand\/samarbeid\/#primaryimage\"},\"image\":{\"@id\":\"https:\/\/kirkensbymisjon.no\/brand\/samarbeid\/#primaryimage\"},\"thumbnailUrl\":\"https:\/\/kirkensbymisjon.no\/content\/uploads\/sites\/169\/2025\/03\/samarbeid-scaled.jpg\",\"datePublished\":\"2024-12-19T20:36:11+00:00\",\"dateModified\":\"2026-04-10T07:26:25+00:00\",\"breadcrumb\":{\"@id\":\"https:\/\/kirkensbymisjon.no\/brand\/samarbeid\/#breadcrumb\"},\"inLanguage\":\"nb-NO\",\"potentialAction\":[{\"@type\":\"ReadAction\",\"target\":[\"https:\/\/kirkensbymisjon.no\/brand\/samarbeid\/\"]}]},{\"@type\":\"ImageObject\",\"inLanguage\":\"nb-NO\",\"@id\":\"https:\/\/kirkensbymisjon.no\/brand\/samarbeid\/#primaryimage\",\"url\":\"https:\/\/kirkensbymisjon.no\/content\/uploads\/sites\/169\/2025\/03\/samarbeid-scaled.jpg\",\"contentUrl\":\"https:\/\/kirkensbymisjon.no\/content\/uploads\/sites\/169\/2025\/03\/samarbeid-scaled.jpg\",\"width\":2560,\"height\":1510,\"caption\":\"Samarbeid hybrider\"},{\"@type\":\"BreadcrumbList\",\"@id\":\"https:\/\/kirkensbymisjon.no\/brand\/samarbeid\/#breadcrumb\",\"itemListElement\":[{\"@type\":\"ListItem\",\"position\":1,\"name\":\"Hjem\",\"item\":\"https:\/\/kirkensbymisjon.no\/brand\/\"},{\"@type\":\"ListItem\",\"position\":2,\"name\":\"Samarbeid\"}]},{\"@type\":\"WebSite\",\"@id\":\"https:\/\/kirkensbymisjon.no\/brand\/#website\",\"url\":\"https:\/\/kirkensbymisjon.no\/brand\/\",\"name\":\"Designmanual\",\"description\":\"\",\"potentialAction\":[{\"@type\":\"SearchAction\",\"target\":{\"@type\":\"EntryPoint\",\"urlTemplate\":\"https:\/\/kirkensbymisjon.no\/brand\/?s={search_term_string}\"},\"query-input\":{\"@type\":\"PropertyValueSpecification\",\"valueRequired\":true,\"valueName\":\"search_term_string\"}}],\"inLanguage\":\"nb-NO\"}]}<\/script>\n<!-- \/ Yoast SEO Premium plugin. -->","yoast_head_json":{"title":"Samarbeid - Designmanual","robots":{"index":"noindex","follow":"follow","max-snippet":"max-snippet:-1","max-image-preview":"max-image-preview:large","max-video-preview":"max-video-preview:-1"},"og_locale":"nb_NO","og_type":"article","og_title":"Samarbeid","og_description":"Samarbeid og partnerskap \u2013 eller sponsorat?","og_url":"https:\/\/kirkensbymisjon.no\/brand\/samarbeid\/","og_site_name":"Designmanual","article_modified_time":"2026-04-10T07:26:25+00:00","og_image":[{"width":2560,"height":1510,"url":"https:\/\/kirkensbymisjon.no\/content\/uploads\/sites\/169\/2025\/03\/samarbeid-scaled.jpg","type":"image\/jpeg"}],"twitter_card":"summary_large_image","twitter_misc":{"Ansl. lesetid":"4 minutter"},"schema":{"@context":"https:\/\/schema.org","@graph":[{"@type":"WebPage","@id":"https:\/\/kirkensbymisjon.no\/brand\/samarbeid\/","url":"https:\/\/kirkensbymisjon.no\/brand\/samarbeid\/","name":"Samarbeid - Designmanual","isPartOf":{"@id":"https:\/\/kirkensbymisjon.no\/brand\/#website"},"primaryImageOfPage":{"@id":"https:\/\/kirkensbymisjon.no\/brand\/samarbeid\/#primaryimage"},"image":{"@id":"https:\/\/kirkensbymisjon.no\/brand\/samarbeid\/#primaryimage"},"thumbnailUrl":"https:\/\/kirkensbymisjon.no\/content\/uploads\/sites\/169\/2025\/03\/samarbeid-scaled.jpg","datePublished":"2024-12-19T20:36:11+00:00","dateModified":"2026-04-10T07:26:25+00:00","breadcrumb":{"@id":"https:\/\/kirkensbymisjon.no\/brand\/samarbeid\/#breadcrumb"},"inLanguage":"nb-NO","potentialAction":[{"@type":"ReadAction","target":["https:\/\/kirkensbymisjon.no\/brand\/samarbeid\/"]}]},{"@type":"ImageObject","inLanguage":"nb-NO","@id":"https:\/\/kirkensbymisjon.no\/brand\/samarbeid\/#primaryimage","url":"https:\/\/kirkensbymisjon.no\/content\/uploads\/sites\/169\/2025\/03\/samarbeid-scaled.jpg","contentUrl":"https:\/\/kirkensbymisjon.no\/content\/uploads\/sites\/169\/2025\/03\/samarbeid-scaled.jpg","width":2560,"height":1510,"caption":"Samarbeid hybrider"},{"@type":"BreadcrumbList","@id":"https:\/\/kirkensbymisjon.no\/brand\/samarbeid\/#breadcrumb","itemListElement":[{"@type":"ListItem","position":1,"name":"Hjem","item":"https:\/\/kirkensbymisjon.no\/brand\/"},{"@type":"ListItem","position":2,"name":"Samarbeid"}]},{"@type":"WebSite","@id":"https:\/\/kirkensbymisjon.no\/brand\/#website","url":"https:\/\/kirkensbymisjon.no\/brand\/","name":"Designmanual","description":"","potentialAction":[{"@type":"SearchAction","target":{"@type":"EntryPoint","urlTemplate":"https:\/\/kirkensbymisjon.no\/brand\/?s={search_term_string}"},"query-input":{"@type":"PropertyValueSpecification","valueRequired":true,"valueName":"search_term_string"}}],"inLanguage":"nb-NO"}]}},"_links":{"self":[{"href":"https:\/\/kirkensbymisjon.no\/brand\/wp-json\/wp\/v2\/pages\/63","targetHints":{"allow":["GET"]}}],"collection":[{"href":"https:\/\/kirkensbymisjon.no\/brand\/wp-json\/wp\/v2\/pages"}],"about":[{"href":"https:\/\/kirkensbymisjon.no\/brand\/wp-json\/wp\/v2\/types\/page"}],"author":[{"embeddable":true,"href":"https:\/\/kirkensbymisjon.no\/brand\/wp-json\/wp\/v2\/users\/5"}],"replies":[{"embeddable":true,"href":"https:\/\/kirkensbymisjon.no\/brand\/wp-json\/wp\/v2\/comments?post=63"}],"version-history":[{"count":6,"href":"https:\/\/kirkensbymisjon.no\/brand\/wp-json\/wp\/v2\/pages\/63\/revisions"}],"predecessor-version":[{"id":1075,"href":"https:\/\/kirkensbymisjon.no\/brand\/wp-json\/wp\/v2\/pages\/63\/revisions\/1075"}],"wp:featuredmedia":[{"embeddable":true,"href":"https:\/\/kirkensbymisjon.no\/brand\/wp-json\/wp\/v2\/media\/480"}],"wp:attachment":[{"href":"https:\/\/kirkensbymisjon.no\/brand\/wp-json\/wp\/v2\/media?parent=63"}],"curies":[{"name":"wp","href":"https:\/\/api.w.org\/{rel}","templated":true}]}}