{"id":3,"date":"2024-06-26T21:43:05","date_gmt":"2024-06-26T19:43:05","guid":{"rendered":"https:\/\/kirkensbymisjon.no\/tilbud-fattige-tilreisende\/forside\/"},"modified":"2024-09-30T19:08:36","modified_gmt":"2024-09-30T17:08:36","slug":"forside","status":"publish","type":"page","link":"https:\/\/kirkensbymisjon.no\/en-tilbud-fattige-tilreisende\/","title":{"rendered":"Front page"},"content":{"rendered":"\n<p>Our goal is to provide support for individuals in need whilst counteracting and preventing discrimination and exploitation. The department is multidisciplinary and multilingual, with social workers of various backgrounds and expertise, a psychiatric nurse and a lawyer. Our services for destitute migrants is part of our services at <a href=\"https:\/\/kirkensbymisjon.no\/tilbud-bymisjonssenteret\/\">Bymisjonssenteret<\/a>&nbsp;(The Church City Mission Centre) and <a href=\"\/tilbud-toyenkirken\/\">T\u00f8yenkirken<\/a> (T\u00f8yen Church) in Oslo.<\/p>\n\n\n\n<h2 class=\"wp-block-heading\" id=\"h-how-we-work\">How we work<\/h2>\n\n\n<div class=\"t2-accordion wp-block-t2-accordion\" data-allow-multiple=\"1\" role=\"list\">\n<div class=\"t2-accordion-item wp-block-t2-accordion-item\" role=\"listitem\">\n\t\t\t<h3 class=\"t2-accordion-title\">\n\t\t\t\t<button type=\"button\" class=\"t2-accordion-trigger\" id=\"team-t\u00f8yen\" aria-controls=\"accordion-panel\" aria-expanded=\"false\">\n\t\t\t\t\tTeam T\u00f8yen\n\t\t\t\t\t<span class=\"t2-accordion-icon is-closed-icon\"><svg xmlns=\"http:\/\/www.w3.org\/2000\/svg\" viewBox=\"0 0 24 24\" height=\"24\" width=\"24\" class=\"t2-icon t2-icon-plus\" aria-hidden=\"true\" focusable=\"false\"><path d=\"M11.8 5.037a1.088 1.088 0 0 0-.722.566c-.075.148-.078.25-.078 2.772v2.619l-2.61.016c-1.867.012-2.652.03-2.756.064-.168.055-.438.301-.54.494-.049.092-.07.223-.07.432 0 .34.054.476.282.704.289.289.14.275 3.064.288l2.63.012v2.619c0 2.544.002 2.625.08 2.778.191.372.516.577.92.577s.729-.205.92-.577c.078-.153.08-.234.08-2.778v-2.619l2.63-.012c2.924-.013 2.775.001 3.064-.288.228-.228.282-.364.282-.704 0-.209-.021-.34-.07-.432-.102-.193-.372-.439-.54-.494-.104-.034-.889-.052-2.756-.064L13 10.994V8.375c0-2.522-.003-2.624-.078-2.772-.214-.418-.685-.656-1.122-.566\"\/><\/svg><\/span>\n\t\t\t\t\t<span class=\"t2-accordion-icon is-open-icon\"><svg xmlns=\"http:\/\/www.w3.org\/2000\/svg\" viewBox=\"0 0 24 24\" height=\"24\" width=\"24\" class=\"t2-icon t2-icon-chevronup\" aria-hidden=\"true\" focusable=\"false\"><path d=\"M6.7 14.7c-.2-.2-.3-.4-.3-.7s.1-.5.3-.7l4.6-4.6c.1-.1.2-.2.3-.2.1 0 .2-.1.4-.1.1 0 .3 0 .4.1.1 0 .2.1.3.2l4.6 4.6c.2.2.3.4.3.7s-.1.5-.3.7c-.2.2-.4.3-.7.3s-.5-.1-.7-.3L12 10.8l-3.9 3.9c-.2.2-.4.3-.7.3s-.5-.1-.7-.3z\" fill=\"currentColor\" \/><\/svg><\/span>\n\t\t\t\t<\/button>\n\t\t\t<\/h3>\n\t\t\t<div class=\"t2-accordion-item__inner-container is-layout-flow\" id=\"accordion-panel\" aria-labelledby=\"team-t\u00f8yen\" role=\"region\" hidden>\n\t\t\t\t\n\n<p>Team T\u00f8yen is the department work located in the Church City Mission Centre at T\u00f8yen Church, in Herslebs gate 43. <\/p>\n\n\n\n<p><strong>Opening hours<br><\/strong>Monday, Wednesday, Thursday and Friday: 12.00\u201316.00. <br>Saturdays and Sundays: 09.00\u201312.00. <\/p>\n\n\n\n<p>The employees speak several foreign languages and are available for advice and counselling, either with appointments or drop-in. They can help with advice and counselling related to rights, residence, rules in the work market, exploitation and other welfare related questions like housing, health and work.<\/p>\n\n\n\t\t\t<\/div>\n\t\t<\/div>\n\n<div class=\"t2-accordion-item wp-block-t2-accordion-item\" role=\"listitem\">\n\t\t\t<h3 class=\"t2-accordion-title\">\n\t\t\t\t<button type=\"button\" class=\"t2-accordion-trigger\" id=\"outreach\" aria-controls=\"accordion-panel-1\" aria-expanded=\"false\">\n\t\t\t\t\tOutreach\n\t\t\t\t\t<span class=\"t2-accordion-icon is-closed-icon\"><svg xmlns=\"http:\/\/www.w3.org\/2000\/svg\" viewBox=\"0 0 24 24\" height=\"24\" width=\"24\" class=\"t2-icon t2-icon-plus\" aria-hidden=\"true\" focusable=\"false\"><path d=\"M11.8 5.037a1.088 1.088 0 0 0-.722.566c-.075.148-.078.25-.078 2.772v2.619l-2.61.016c-1.867.012-2.652.03-2.756.064-.168.055-.438.301-.54.494-.049.092-.07.223-.07.432 0 .34.054.476.282.704.289.289.14.275 3.064.288l2.63.012v2.619c0 2.544.002 2.625.08 2.778.191.372.516.577.92.577s.729-.205.92-.577c.078-.153.08-.234.08-2.778v-2.619l2.63-.012c2.924-.013 2.775.001 3.064-.288.228-.228.282-.364.282-.704 0-.209-.021-.34-.07-.432-.102-.193-.372-.439-.54-.494-.104-.034-.889-.052-2.756-.064L13 10.994V8.375c0-2.522-.003-2.624-.078-2.772-.214-.418-.685-.656-1.122-.566\"\/><\/svg><\/span>\n\t\t\t\t\t<span class=\"t2-accordion-icon is-open-icon\"><svg xmlns=\"http:\/\/www.w3.org\/2000\/svg\" viewBox=\"0 0 24 24\" height=\"24\" width=\"24\" class=\"t2-icon t2-icon-chevronup\" aria-hidden=\"true\" focusable=\"false\"><path d=\"M6.7 14.7c-.2-.2-.3-.4-.3-.7s.1-.5.3-.7l4.6-4.6c.1-.1.2-.2.3-.2.1 0 .2-.1.4-.1.1 0 .3 0 .4.1.1 0 .2.1.3.2l4.6 4.6c.2.2.3.4.3.7s-.1.5-.3.7c-.2.2-.4.3-.7.3s-.5-.1-.7-.3L12 10.8l-3.9 3.9c-.2.2-.4.3-.7.3s-.5-.1-.7-.3z\" fill=\"currentColor\" \/><\/svg><\/span>\n\t\t\t\t<\/button>\n\t\t\t<\/h3>\n\t\t\t<div class=\"t2-accordion-item__inner-container is-layout-flow\" id=\"accordion-panel-1\" aria-labelledby=\"outreach\" role=\"region\" hidden>\n\t\t\t\t\n\n<p>Many of those with whom we come into contact are in vulnerable situations, lack their own home, and live on the streets. On Tuesdays we conduct outreach in downtown Oslo with a focus on building relationships and providing information about our services.<\/p>\n\n\n\t\t\t<\/div>\n\t\t<\/div>\n\n<div class=\"t2-accordion-item wp-block-t2-accordion-item\" role=\"listitem\">\n\t\t\t<h3 class=\"t2-accordion-title\">\n\t\t\t\t<button type=\"button\" class=\"t2-accordion-trigger\" id=\"laundry-and-storage\" aria-controls=\"accordion-panel-2\" aria-expanded=\"false\">\n\t\t\t\t\tLaundry and Storage\n\t\t\t\t\t<span class=\"t2-accordion-icon is-closed-icon\"><svg xmlns=\"http:\/\/www.w3.org\/2000\/svg\" viewBox=\"0 0 24 24\" height=\"24\" width=\"24\" class=\"t2-icon t2-icon-plus\" aria-hidden=\"true\" focusable=\"false\"><path d=\"M11.8 5.037a1.088 1.088 0 0 0-.722.566c-.075.148-.078.25-.078 2.772v2.619l-2.61.016c-1.867.012-2.652.03-2.756.064-.168.055-.438.301-.54.494-.049.092-.07.223-.07.432 0 .34.054.476.282.704.289.289.14.275 3.064.288l2.63.012v2.619c0 2.544.002 2.625.08 2.778.191.372.516.577.92.577s.729-.205.92-.577c.078-.153.08-.234.08-2.778v-2.619l2.63-.012c2.924-.013 2.775.001 3.064-.288.228-.228.282-.364.282-.704 0-.209-.021-.34-.07-.432-.102-.193-.372-.439-.54-.494-.104-.034-.889-.052-2.756-.064L13 10.994V8.375c0-2.522-.003-2.624-.078-2.772-.214-.418-.685-.656-1.122-.566\"\/><\/svg><\/span>\n\t\t\t\t\t<span class=\"t2-accordion-icon is-open-icon\"><svg xmlns=\"http:\/\/www.w3.org\/2000\/svg\" viewBox=\"0 0 24 24\" height=\"24\" width=\"24\" class=\"t2-icon t2-icon-chevronup\" aria-hidden=\"true\" focusable=\"false\"><path d=\"M6.7 14.7c-.2-.2-.3-.4-.3-.7s.1-.5.3-.7l4.6-4.6c.1-.1.2-.2.3-.2.1 0 .2-.1.4-.1.1 0 .3 0 .4.1.1 0 .2.1.3.2l4.6 4.6c.2.2.3.4.3.7s-.1.5-.3.7c-.2.2-.4.3-.7.3s-.5-.1-.7-.3L12 10.8l-3.9 3.9c-.2.2-.4.3-.7.3s-.5-.1-.7-.3z\" fill=\"currentColor\" \/><\/svg><\/span>\n\t\t\t\t<\/button>\n\t\t\t<\/h3>\n\t\t\t<div class=\"t2-accordion-item__inner-container is-layout-flow\" id=\"accordion-panel-2\" aria-labelledby=\"laundry-and-storage\" role=\"region\" hidden>\n\t\t\t\t\n\n<p>We have the capacity for 12 wash-and-drys on weekdays and 8 on weekends. The clothes are collected on the same day that they are dropped off. <\/p>\n\n\n\n<p>There are 93 storage lockers for rent. Rental contracts are signed in the laundry on weekdays and are valid for three months.<\/p>\n\n\n\t\t\t<\/div>\n\t\t<\/div>\n\n<div class=\"t2-accordion-item wp-block-t2-accordion-item\" role=\"listitem\">\n\t\t\t<h3 class=\"t2-accordion-title\">\n\t\t\t\t<button type=\"button\" class=\"t2-accordion-trigger\" id=\"the-emergency-shelter\" aria-controls=\"accordion-panel-3\" aria-expanded=\"false\">\n\t\t\t\t\tThe Emergency Shelter\n\t\t\t\t\t<span class=\"t2-accordion-icon is-closed-icon\"><svg xmlns=\"http:\/\/www.w3.org\/2000\/svg\" viewBox=\"0 0 24 24\" height=\"24\" width=\"24\" class=\"t2-icon t2-icon-plus\" aria-hidden=\"true\" focusable=\"false\"><path d=\"M11.8 5.037a1.088 1.088 0 0 0-.722.566c-.075.148-.078.25-.078 2.772v2.619l-2.61.016c-1.867.012-2.652.03-2.756.064-.168.055-.438.301-.54.494-.049.092-.07.223-.07.432 0 .34.054.476.282.704.289.289.14.275 3.064.288l2.63.012v2.619c0 2.544.002 2.625.08 2.778.191.372.516.577.92.577s.729-.205.92-.577c.078-.153.08-.234.08-2.778v-2.619l2.63-.012c2.924-.013 2.775.001 3.064-.288.228-.228.282-.364.282-.704 0-.209-.021-.34-.07-.432-.102-.193-.372-.439-.54-.494-.104-.034-.889-.052-2.756-.064L13 10.994V8.375c0-2.522-.003-2.624-.078-2.772-.214-.418-.685-.656-1.122-.566\"\/><\/svg><\/span>\n\t\t\t\t\t<span class=\"t2-accordion-icon is-open-icon\"><svg xmlns=\"http:\/\/www.w3.org\/2000\/svg\" viewBox=\"0 0 24 24\" height=\"24\" width=\"24\" class=\"t2-icon t2-icon-chevronup\" aria-hidden=\"true\" focusable=\"false\"><path d=\"M6.7 14.7c-.2-.2-.3-.4-.3-.7s.1-.5.3-.7l4.6-4.6c.1-.1.2-.2.3-.2.1 0 .2-.1.4-.1.1 0 .3 0 .4.1.1 0 .2.1.3.2l4.6 4.6c.2.2.3.4.3.7s-.1.5-.3.7c-.2.2-.4.3-.7.3s-.5-.1-.7-.3L12 10.8l-3.9 3.9c-.2.2-.4.3-.7.3s-.5-.1-.7-.3z\" fill=\"currentColor\" \/><\/svg><\/span>\n\t\t\t\t<\/button>\n\t\t\t<\/h3>\n\t\t\t<div class=\"t2-accordion-item__inner-container is-layout-flow\" id=\"accordion-panel-3\" aria-labelledby=\"the-emergency-shelter\" role=\"region\" hidden>\n\t\t\t\t\n\n<p>The emergency shelter for women and couples opened in 2013. It is located in Louises gate 30 and has 80 beds. The opening hours are daily from 18.00 to 07.30.<\/p>\n\n\n\n<p>Here, guests are provided a bed for the night and the possibility to enjoy a shower in safe, calm and warm surroundings. Guests are registered upon arrival and can reserve a bed for up to 5 nights at a time. They pay for one night at a time. Guests with reservations are welcome between 18.00 and 20.30. After that, the remaining beds are distributed. If demand exceeds availability, beds are allocated as per luck of the draw.<\/p>\n\n\n\t\t\t<\/div>\n\t\t<\/div>\n<\/div>\n\n\n<div class=\"wp-block-media-text alignwide is-stacked-on-mobile is-style-filled\"><figure class=\"wp-block-media-text__media\"><img loading=\"lazy\" decoding=\"async\" width=\"1024\" height=\"749\" src=\"https:\/\/kirkensbymisjon.no\/content\/uploads\/sites\/163\/2024\/09\/Tilbud_Fattige_tilreisende_02-1024x749.jpg\" alt=\"Kvinne som g\u00e5r ute p\u00e5 gata sent p\u00e5 kvelden\" class=\"wp-image-99 size-full\" srcset=\"https:\/\/kirkensbymisjon.no\/content\/uploads\/sites\/163\/2024\/09\/Tilbud_Fattige_tilreisende_02-1024x749.jpg 1024w, https:\/\/kirkensbymisjon.no\/content\/uploads\/sites\/163\/2024\/09\/Tilbud_Fattige_tilreisende_02-300x220.jpg 300w, https:\/\/kirkensbymisjon.no\/content\/uploads\/sites\/163\/2024\/09\/Tilbud_Fattige_tilreisende_02-768x562.jpg 768w, https:\/\/kirkensbymisjon.no\/content\/uploads\/sites\/163\/2024\/09\/Tilbud_Fattige_tilreisende_02-1536x1124.jpg 1536w, https:\/\/kirkensbymisjon.no\/content\/uploads\/sites\/163\/2024\/09\/Tilbud_Fattige_tilreisende_02.jpg 1701w\" sizes=\"auto, (max-width: 1024px) 100vw, 1024px\" \/><\/figure><div class=\"wp-block-media-text__content\">\n<h2 class=\"wp-block-heading\" id=\"h-mapping-of-homeless-eu-migrants\">Mapping of homeless EU migrants<\/h2>\n\n\n\n<p>We know too little about how many EU migrants are homeless. We have therefore carried out a survey of homeless EU migrants staying in Oslo.<\/p>\n\n\n\n<p><a href=\"https:\/\/kirkensbymisjon.no\/i-count-kartlegging-av-bostedslose-eu-migranter\/\" target=\"_blank\" rel=\"noreferrer noopener\">Read more about the project<\/a><\/p>\n<\/div><\/div>\n","protected":false},"excerpt":{"rendered":"<p>Our goal is to provide support for individuals in need whilst counteracting and preventing discrimination&hellip;<\/p>\n","protected":false},"author":5,"featured_media":0,"parent":0,"menu_order":0,"comment_status":"closed","ping_status":"closed","template":"","meta":{"_relevanssi_hide_post":"","_relevanssi_hide_content":"","_relevanssi_pin_for_all":"","_relevanssi_pin_keywords":"","_relevanssi_unpin_keywords":"","_relevanssi_related_keywords":"","_relevanssi_related_include_ids":"","_relevanssi_related_exclude_ids":"","_relevanssi_related_no_append":"","_relevanssi_related_not_related":"","_relevanssi_related_posts":"1","_relevanssi_noindex_reason":"","editor_notices":[],"footnotes":""},"class_list":["post-3","page","type-page","status-publish","hentry"],"yoast_head":"<!-- This site is optimized with the Yoast SEO Premium plugin v27.2 (Yoast SEO v27.4) - https:\/\/yoast.com\/product\/yoast-seo-premium-wordpress\/ -->\n<title>Kirkens Bymisjon - Fattige tilreisende - English<\/title>\n<meta name=\"description\" content=\"Vi jobber for \u00e5 forbedre de humanit\u00e6re forholdene for fattige tilreisende EU-borgere i Oslo.\" \/>\n<meta name=\"robots\" content=\"noindex, follow, max-snippet:-1, max-image-preview:large, max-video-preview:-1\" \/>\n<meta property=\"og:locale\" content=\"en_US\" \/>\n<meta property=\"og:type\" content=\"article\" \/>\n<meta property=\"og:title\" content=\"Kirkens Bymisjon - Fattige tilreisende - English\" \/>\n<meta property=\"og:description\" content=\"Vi jobber for \u00e5 forbedre de humanit\u00e6re forholdene for fattige tilreisende EU-borgere i Oslo.\" \/>\n<meta property=\"og:url\" content=\"https:\/\/kirkensbymisjon.no\/en-tilbud-fattige-tilreisende\/\" \/>\n<meta property=\"og:site_name\" content=\"Fattige tilreisende - English\" \/>\n<meta property=\"article:modified_time\" content=\"2024-09-30T17:08:36+00:00\" \/>\n<meta property=\"og:image\" content=\"https:\/\/kirkensbymisjon.no\/content\/uploads\/sites\/163\/2024\/09\/Tilbud_Fattige_tilreisende_02-1024x749.jpg\" \/>\n<meta name=\"twitter:card\" content=\"summary_large_image\" \/>\n<meta name=\"twitter:title\" content=\"Front page\" \/>\n<meta name=\"twitter:label1\" content=\"Est. reading time\" \/>\n\t<meta name=\"twitter:data1\" content=\"2 minutes\" \/>\n<script type=\"application\/ld+json\" class=\"yoast-schema-graph\">{\"@context\":\"https:\\\/\\\/schema.org\",\"@graph\":[{\"@type\":\"WebPage\",\"@id\":\"https:\\\/\\\/kirkensbymisjon.no\\\/en-tilbud-fattige-tilreisende\\\/\",\"url\":\"https:\\\/\\\/kirkensbymisjon.no\\\/en-tilbud-fattige-tilreisende\\\/\",\"name\":\"Kirkens Bymisjon - Fattige tilreisende - English\",\"isPartOf\":{\"@id\":\"https:\\\/\\\/kirkensbymisjon.no\\\/en-tilbud-fattige-tilreisende\\\/#website\"},\"primaryImageOfPage\":{\"@id\":\"https:\\\/\\\/kirkensbymisjon.no\\\/en-tilbud-fattige-tilreisende\\\/#primaryimage\"},\"image\":{\"@id\":\"https:\\\/\\\/kirkensbymisjon.no\\\/en-tilbud-fattige-tilreisende\\\/#primaryimage\"},\"thumbnailUrl\":\"https:\\\/\\\/kirkensbymisjon.no\\\/content\\\/uploads\\\/sites\\\/163\\\/2024\\\/09\\\/Tilbud_Fattige_tilreisende_02-1024x749.jpg\",\"datePublished\":\"2024-06-26T19:43:05+00:00\",\"dateModified\":\"2024-09-30T17:08:36+00:00\",\"description\":\"Vi jobber for \u00e5 forbedre de humanit\u00e6re forholdene for fattige tilreisende EU-borgere i Oslo.\",\"breadcrumb\":{\"@id\":\"https:\\\/\\\/kirkensbymisjon.no\\\/en-tilbud-fattige-tilreisende\\\/#breadcrumb\"},\"inLanguage\":\"en-US\",\"potentialAction\":[{\"@type\":\"ReadAction\",\"target\":[\"https:\\\/\\\/kirkensbymisjon.no\\\/en-tilbud-fattige-tilreisende\\\/\"]}]},{\"@type\":\"ImageObject\",\"inLanguage\":\"en-US\",\"@id\":\"https:\\\/\\\/kirkensbymisjon.no\\\/en-tilbud-fattige-tilreisende\\\/#primaryimage\",\"url\":\"https:\\\/\\\/kirkensbymisjon.no\\\/content\\\/uploads\\\/sites\\\/163\\\/2024\\\/09\\\/Tilbud_Fattige_tilreisende_02-1024x749.jpg\",\"contentUrl\":\"https:\\\/\\\/kirkensbymisjon.no\\\/content\\\/uploads\\\/sites\\\/163\\\/2024\\\/09\\\/Tilbud_Fattige_tilreisende_02-1024x749.jpg\"},{\"@type\":\"BreadcrumbList\",\"@id\":\"https:\\\/\\\/kirkensbymisjon.no\\\/en-tilbud-fattige-tilreisende\\\/#breadcrumb\",\"itemListElement\":[{\"@type\":\"ListItem\",\"position\":1,\"name\":\"Hjem\",\"item\":\"https:\\\/\\\/kirkensbymisjon.no\\\/en-tilbud-fattige-tilreisende\\\/\"},{\"@type\":\"ListItem\",\"position\":2,\"name\":\"Front page\"}]},{\"@type\":\"WebSite\",\"@id\":\"https:\\\/\\\/kirkensbymisjon.no\\\/en-tilbud-fattige-tilreisende\\\/#website\",\"url\":\"https:\\\/\\\/kirkensbymisjon.no\\\/en-tilbud-fattige-tilreisende\\\/\",\"name\":\"Fattige tilreisende - English\",\"description\":\"\",\"potentialAction\":[{\"@type\":\"SearchAction\",\"target\":{\"@type\":\"EntryPoint\",\"urlTemplate\":\"https:\\\/\\\/kirkensbymisjon.no\\\/en-tilbud-fattige-tilreisende\\\/?s={search_term_string}\"},\"query-input\":{\"@type\":\"PropertyValueSpecification\",\"valueRequired\":true,\"valueName\":\"search_term_string\"}}],\"inLanguage\":\"en-US\"}]}<\/script>\n<!-- \/ Yoast SEO Premium plugin. -->","yoast_head_json":{"title":"Kirkens Bymisjon - Fattige tilreisende - English","description":"Vi jobber for \u00e5 forbedre de humanit\u00e6re forholdene for fattige tilreisende EU-borgere i Oslo.","robots":{"index":"noindex","follow":"follow","max-snippet":"max-snippet:-1","max-image-preview":"max-image-preview:large","max-video-preview":"max-video-preview:-1"},"og_locale":"en_US","og_type":"article","og_title":"Kirkens Bymisjon - Fattige tilreisende - English","og_description":"Vi jobber for \u00e5 forbedre de humanit\u00e6re forholdene for fattige tilreisende EU-borgere i Oslo.","og_url":"https:\/\/kirkensbymisjon.no\/en-tilbud-fattige-tilreisende\/","og_site_name":"Fattige tilreisende - English","article_modified_time":"2024-09-30T17:08:36+00:00","og_image":[{"url":"https:\/\/kirkensbymisjon.no\/content\/uploads\/sites\/163\/2024\/09\/Tilbud_Fattige_tilreisende_02-1024x749.jpg","type":"","width":"","height":""}],"twitter_card":"summary_large_image","twitter_title":"Front page","twitter_misc":{"Est. reading time":"2 minutes"},"schema":{"@context":"https:\/\/schema.org","@graph":[{"@type":"WebPage","@id":"https:\/\/kirkensbymisjon.no\/en-tilbud-fattige-tilreisende\/","url":"https:\/\/kirkensbymisjon.no\/en-tilbud-fattige-tilreisende\/","name":"Kirkens Bymisjon - Fattige tilreisende - English","isPartOf":{"@id":"https:\/\/kirkensbymisjon.no\/en-tilbud-fattige-tilreisende\/#website"},"primaryImageOfPage":{"@id":"https:\/\/kirkensbymisjon.no\/en-tilbud-fattige-tilreisende\/#primaryimage"},"image":{"@id":"https:\/\/kirkensbymisjon.no\/en-tilbud-fattige-tilreisende\/#primaryimage"},"thumbnailUrl":"https:\/\/kirkensbymisjon.no\/content\/uploads\/sites\/163\/2024\/09\/Tilbud_Fattige_tilreisende_02-1024x749.jpg","datePublished":"2024-06-26T19:43:05+00:00","dateModified":"2024-09-30T17:08:36+00:00","description":"Vi jobber for \u00e5 forbedre de humanit\u00e6re forholdene for fattige tilreisende EU-borgere i Oslo.","breadcrumb":{"@id":"https:\/\/kirkensbymisjon.no\/en-tilbud-fattige-tilreisende\/#breadcrumb"},"inLanguage":"en-US","potentialAction":[{"@type":"ReadAction","target":["https:\/\/kirkensbymisjon.no\/en-tilbud-fattige-tilreisende\/"]}]},{"@type":"ImageObject","inLanguage":"en-US","@id":"https:\/\/kirkensbymisjon.no\/en-tilbud-fattige-tilreisende\/#primaryimage","url":"https:\/\/kirkensbymisjon.no\/content\/uploads\/sites\/163\/2024\/09\/Tilbud_Fattige_tilreisende_02-1024x749.jpg","contentUrl":"https:\/\/kirkensbymisjon.no\/content\/uploads\/sites\/163\/2024\/09\/Tilbud_Fattige_tilreisende_02-1024x749.jpg"},{"@type":"BreadcrumbList","@id":"https:\/\/kirkensbymisjon.no\/en-tilbud-fattige-tilreisende\/#breadcrumb","itemListElement":[{"@type":"ListItem","position":1,"name":"Hjem","item":"https:\/\/kirkensbymisjon.no\/en-tilbud-fattige-tilreisende\/"},{"@type":"ListItem","position":2,"name":"Front page"}]},{"@type":"WebSite","@id":"https:\/\/kirkensbymisjon.no\/en-tilbud-fattige-tilreisende\/#website","url":"https:\/\/kirkensbymisjon.no\/en-tilbud-fattige-tilreisende\/","name":"Fattige tilreisende - English","description":"","potentialAction":[{"@type":"SearchAction","target":{"@type":"EntryPoint","urlTemplate":"https:\/\/kirkensbymisjon.no\/en-tilbud-fattige-tilreisende\/?s={search_term_string}"},"query-input":{"@type":"PropertyValueSpecification","valueRequired":true,"valueName":"search_term_string"}}],"inLanguage":"en-US"}]}},"_links":{"self":[{"href":"https:\/\/kirkensbymisjon.no\/en-tilbud-fattige-tilreisende\/wp-json\/wp\/v2\/pages\/3","targetHints":{"allow":["GET"]}}],"collection":[{"href":"https:\/\/kirkensbymisjon.no\/en-tilbud-fattige-tilreisende\/wp-json\/wp\/v2\/pages"}],"about":[{"href":"https:\/\/kirkensbymisjon.no\/en-tilbud-fattige-tilreisende\/wp-json\/wp\/v2\/types\/page"}],"author":[{"embeddable":true,"href":"https:\/\/kirkensbymisjon.no\/en-tilbud-fattige-tilreisende\/wp-json\/wp\/v2\/users\/5"}],"replies":[{"embeddable":true,"href":"https:\/\/kirkensbymisjon.no\/en-tilbud-fattige-tilreisende\/wp-json\/wp\/v2\/comments?post=3"}],"version-history":[{"count":5,"href":"https:\/\/kirkensbymisjon.no\/en-tilbud-fattige-tilreisende\/wp-json\/wp\/v2\/pages\/3\/revisions"}],"predecessor-version":[{"id":126,"href":"https:\/\/kirkensbymisjon.no\/en-tilbud-fattige-tilreisende\/wp-json\/wp\/v2\/pages\/3\/revisions\/126"}],"wp:attachment":[{"href":"https:\/\/kirkensbymisjon.no\/en-tilbud-fattige-tilreisende\/wp-json\/wp\/v2\/media?parent=3"}],"curies":[{"name":"wp","href":"https:\/\/api.w.org\/{rel}","templated":true}]}}