{"id":2,"date":"2024-06-17T15:25:26","date_gmt":"2024-06-17T13:25:26","guid":{"rendered":"https:\/\/kirkensbymisjon.no\/tilbud-aksept\/?page_id=2"},"modified":"2024-09-19T09:05:10","modified_gmt":"2024-09-19T07:05:10","slug":"forside","status":"publish","type":"page","link":"https:\/\/kirkensbymisjon.no\/fr-tilbud-aksept\/","title":{"rendered":"Premi\u00e8re page"},"content":{"rendered":"\n<div class=\"wp-block-media-text alignwide is-stacked-on-mobile is-style-filled\"><figure class=\"wp-block-media-text__media\"><img decoding=\"async\" src=\"https:\/\/kirkensbymisjon.no\/content\/uploads\/sites\/3\/2024\/06\/Tilbud_Nadheim_03-738x1024.jpeg\" alt=\"Hender under hurtigtest for hiv\" class=\"wp-image-11 size-full\"\/><\/figure><div class=\"wp-block-media-text__content\">\n<h2 class=\"wp-block-heading\" id=\"h-vous-vous-demandez-si-vous-avez-le-vih\">Vous vous demandez si vous avez le VIH?<\/h2>\n\n\n\n<p>Sur <strong>minuttest.no<\/strong>, vous pouvez d\u00e9couvrir o\u00f9 vous pouvez passer gratuitement un test rapide anonyme du VIH et obtenir la r\u00e9ponse en une minute.<\/p>\n\n\n\n<p><a href=\"https:\/\/minuttest.no\/fr\/nos-services-pour-les-personnes-atteintes-du-vih-ou-qui-souhaitent-se-faire-depister\/\" target=\"_blank\" rel=\"noreferrer noopener\">D\u00e9couvrez comment fonctionne le test rapide et o\u00f9 vous pouvez le passer<\/a>.<\/p>\n<\/div><\/div>\n\n\n\n<p>T\u00e9l\u00e9charger des informations sur <a href=\"https:\/\/kirkensbymisjon.no\/content\/uploads\/sites\/161\/2024\/09\/aksept-fransk.pdf\" target=\"_blank\" rel=\"noreferrer noopener\">Aksept en fran\u00e7ais<\/a>.<\/p>\n\n\n\t<div class=\"wp-block-kbm-video\">\n\t\t\n\n<figure class=\"wp-block-embed is-type-video is-provider-vimeo wp-block-embed-vimeo wp-embed-aspect-16-9 wp-has-aspect-ratio\"><div class=\"wp-block-embed__wrapper\">\n<iframe loading=\"lazy\" title=\"Aksept langfilm med Girmay small\" src=\"https:\/\/player.vimeo.com\/video\/917109188?dnt=1&amp;app_id=122963\" width=\"500\" height=\"281\" frameborder=\"0\" allow=\"autoplay; fullscreen; picture-in-picture; clipboard-write\"><\/iframe>\n<\/div><\/figure>\n\n\t\t<div class=\"kbm-video__content\" style=\"aspect-ratio: 16\/9\">\n\t\t\t<div class=\"kbm-video__play\">\n\t\t\t\t<span class=\"screen-reader-text\">Play video<\/span>\n\t\t\t\t<svg xmlns=\"http:\/\/www.w3.org\/2000\/svg\" viewBox=\"0 0 48 48\" height=\"24\" width=\"24\" class=\"t2-icon t2-icon-play\" aria-hidden=\"true\" focusable=\"false\"><rect width=\"48\" height=\"48\" rx=\"24\"\/><path fill=\"currentColor\" d=\"M29.888 23.1913c.5491.3993.5491 1.2181 0 1.6174l-8.2998 6.0363c-.661.4807-1.5882.0085-1.5882-.8088V17.9638c0-.8173.9272-1.2895 1.5882-.8088l8.2998 6.0363Z\"\/><\/svg>\t\t\t\t\t\t\t\t\t<p class=\"kbm-video__subtext\">Informations sur Aksept<\/p>\n\t\t\t\t\t\t\t<\/div>\n\t\t\t\t\t\t\t<h2 class=\"kbm-video__title\">Comment nous travaillons<\/h2>\n\t\t\t\t\t\t<img loading=\"lazy\" decoding=\"async\" width=\"1021\" height=\"499\" src=\"https:\/\/kirkensbymisjon.no\/content\/uploads\/sites\/161\/2024\/09\/tilbud_aksept_videobilde-1.jpg\" class=\"attachment-full size-full\" alt=\"bilde fra video\" style=\"object-position: 0% 95%\" \/>\t\t<\/div>\n\t<\/div>\n\t","protected":false},"excerpt":{"rendered":"<p>Vous vous demandez si vous avez le VIH? Sur minuttest.no, vous pouvez d\u00e9couvrir o\u00f9 vous&hellip;<\/p>\n","protected":false},"author":1,"featured_media":260,"parent":0,"menu_order":0,"comment_status":"closed","ping_status":"closed","template":"","meta":{"_relevanssi_hide_post":"","_relevanssi_hide_content":"","_relevanssi_pin_for_all":"","_relevanssi_pin_keywords":"","_relevanssi_unpin_keywords":"","_relevanssi_related_keywords":"","_relevanssi_related_include_ids":"","_relevanssi_related_exclude_ids":"","_relevanssi_related_no_append":"","_relevanssi_related_not_related":"","_relevanssi_related_posts":"1","_relevanssi_noindex_reason":"","editor_notices":[],"footnotes":""},"class_list":["post-2","page","type-page","status-publish","has-post-thumbnail","hentry"],"yoast_head":"<!-- This site is optimized with the Yoast SEO Premium plugin v27.2 (Yoast SEO v27.2) - https:\/\/yoast.com\/product\/yoast-seo-premium-wordpress\/ -->\n<title>Kirkens Bymisjon - Aksept - French<\/title>\n<meta name=\"description\" content=\"Centre national de sant\u00e9 et d\u2019aide sociale, pour tous ceux touch\u00e9s par leVIH.\" \/>\n<meta name=\"robots\" content=\"noindex, follow, max-snippet:-1, max-image-preview:large, max-video-preview:-1\" \/>\n<meta property=\"og:locale\" content=\"en_US\" \/>\n<meta property=\"og:type\" content=\"article\" \/>\n<meta property=\"og:title\" content=\"Premi\u00e8re page\" \/>\n<meta property=\"og:description\" content=\"Centre national de sant\u00e9 et d\u2019aide sociale, pour tous ceux touch\u00e9s par leVIH.\" \/>\n<meta property=\"og:url\" content=\"https:\/\/kirkensbymisjon.no\/fr-tilbud-aksept\/\" \/>\n<meta property=\"og:site_name\" content=\"Aksept - French\" \/>\n<meta property=\"article:modified_time\" content=\"2024-09-19T07:05:10+00:00\" \/>\n<meta property=\"og:image\" content=\"https:\/\/kirkensbymisjon.no\/content\/uploads\/sites\/161\/2024\/09\/tilbud_aksept_05.jpg\" \/>\n\t<meta property=\"og:image:width\" content=\"2000\" \/>\n\t<meta property=\"og:image:height\" content=\"1316\" \/>\n\t<meta property=\"og:image:type\" content=\"image\/jpeg\" \/>\n<meta name=\"twitter:card\" content=\"summary_large_image\" \/>\n<meta name=\"twitter:label1\" content=\"Est. reading time\" \/>\n\t<meta name=\"twitter:data1\" content=\"1 minute\" \/>\n<script type=\"application\/ld+json\" class=\"yoast-schema-graph\">{\"@context\":\"https:\/\/schema.org\",\"@graph\":[{\"@type\":\"WebPage\",\"@id\":\"https:\/\/kirkensbymisjon.no\/fr-tilbud-aksept\/\",\"url\":\"https:\/\/kirkensbymisjon.no\/fr-tilbud-aksept\/\",\"name\":\"Kirkens Bymisjon - Aksept - French\",\"isPartOf\":{\"@id\":\"https:\/\/kirkensbymisjon.no\/fr-tilbud-aksept\/#website\"},\"primaryImageOfPage\":{\"@id\":\"https:\/\/kirkensbymisjon.no\/fr-tilbud-aksept\/#primaryimage\"},\"image\":{\"@id\":\"https:\/\/kirkensbymisjon.no\/fr-tilbud-aksept\/#primaryimage\"},\"thumbnailUrl\":\"https:\/\/kirkensbymisjon.no\/content\/uploads\/sites\/161\/2024\/09\/tilbud_aksept_05.jpg\",\"datePublished\":\"2024-06-17T13:25:26+00:00\",\"dateModified\":\"2024-09-19T07:05:10+00:00\",\"description\":\"Centre national de sant\u00e9 et d\u2019aide sociale, pour tous ceux touch\u00e9s par leVIH.\",\"breadcrumb\":{\"@id\":\"https:\/\/kirkensbymisjon.no\/fr-tilbud-aksept\/#breadcrumb\"},\"inLanguage\":\"en-US\",\"potentialAction\":[{\"@type\":\"ReadAction\",\"target\":[\"https:\/\/kirkensbymisjon.no\/fr-tilbud-aksept\/\"]}]},{\"@type\":\"ImageObject\",\"inLanguage\":\"en-US\",\"@id\":\"https:\/\/kirkensbymisjon.no\/fr-tilbud-aksept\/#primaryimage\",\"url\":\"https:\/\/kirkensbymisjon.no\/content\/uploads\/sites\/161\/2024\/09\/tilbud_aksept_05.jpg\",\"contentUrl\":\"https:\/\/kirkensbymisjon.no\/content\/uploads\/sites\/161\/2024\/09\/tilbud_aksept_05.jpg\",\"width\":2000,\"height\":1316,\"caption\":\"Mor og datter\"},{\"@type\":\"BreadcrumbList\",\"@id\":\"https:\/\/kirkensbymisjon.no\/fr-tilbud-aksept\/#breadcrumb\",\"itemListElement\":[{\"@type\":\"ListItem\",\"position\":1,\"name\":\"Hjem\",\"item\":\"https:\/\/kirkensbymisjon.no\/fr-tilbud-aksept\/\"},{\"@type\":\"ListItem\",\"position\":2,\"name\":\"Premi\u00e8re page\"}]},{\"@type\":\"WebSite\",\"@id\":\"https:\/\/kirkensbymisjon.no\/fr-tilbud-aksept\/#website\",\"url\":\"https:\/\/kirkensbymisjon.no\/fr-tilbud-aksept\/\",\"name\":\"Aksept - French\",\"description\":\"\",\"potentialAction\":[{\"@type\":\"SearchAction\",\"target\":{\"@type\":\"EntryPoint\",\"urlTemplate\":\"https:\/\/kirkensbymisjon.no\/fr-tilbud-aksept\/?s={search_term_string}\"},\"query-input\":{\"@type\":\"PropertyValueSpecification\",\"valueRequired\":true,\"valueName\":\"search_term_string\"}}],\"inLanguage\":\"en-US\"}]}<\/script>\n<!-- \/ Yoast SEO Premium plugin. -->","yoast_head_json":{"title":"Kirkens Bymisjon - Aksept - French","description":"Centre national de sant\u00e9 et d\u2019aide sociale, pour tous ceux touch\u00e9s par leVIH.","robots":{"index":"noindex","follow":"follow","max-snippet":"max-snippet:-1","max-image-preview":"max-image-preview:large","max-video-preview":"max-video-preview:-1"},"og_locale":"en_US","og_type":"article","og_title":"Premi\u00e8re page","og_description":"Centre national de sant\u00e9 et d\u2019aide sociale, pour tous ceux touch\u00e9s par leVIH.","og_url":"https:\/\/kirkensbymisjon.no\/fr-tilbud-aksept\/","og_site_name":"Aksept - French","article_modified_time":"2024-09-19T07:05:10+00:00","og_image":[{"width":2000,"height":1316,"url":"https:\/\/kirkensbymisjon.no\/content\/uploads\/sites\/161\/2024\/09\/tilbud_aksept_05.jpg","type":"image\/jpeg"}],"twitter_card":"summary_large_image","twitter_misc":{"Est. reading time":"1 minute"},"schema":{"@context":"https:\/\/schema.org","@graph":[{"@type":"WebPage","@id":"https:\/\/kirkensbymisjon.no\/fr-tilbud-aksept\/","url":"https:\/\/kirkensbymisjon.no\/fr-tilbud-aksept\/","name":"Kirkens Bymisjon - Aksept - French","isPartOf":{"@id":"https:\/\/kirkensbymisjon.no\/fr-tilbud-aksept\/#website"},"primaryImageOfPage":{"@id":"https:\/\/kirkensbymisjon.no\/fr-tilbud-aksept\/#primaryimage"},"image":{"@id":"https:\/\/kirkensbymisjon.no\/fr-tilbud-aksept\/#primaryimage"},"thumbnailUrl":"https:\/\/kirkensbymisjon.no\/content\/uploads\/sites\/161\/2024\/09\/tilbud_aksept_05.jpg","datePublished":"2024-06-17T13:25:26+00:00","dateModified":"2024-09-19T07:05:10+00:00","description":"Centre national de sant\u00e9 et d\u2019aide sociale, pour tous ceux touch\u00e9s par leVIH.","breadcrumb":{"@id":"https:\/\/kirkensbymisjon.no\/fr-tilbud-aksept\/#breadcrumb"},"inLanguage":"en-US","potentialAction":[{"@type":"ReadAction","target":["https:\/\/kirkensbymisjon.no\/fr-tilbud-aksept\/"]}]},{"@type":"ImageObject","inLanguage":"en-US","@id":"https:\/\/kirkensbymisjon.no\/fr-tilbud-aksept\/#primaryimage","url":"https:\/\/kirkensbymisjon.no\/content\/uploads\/sites\/161\/2024\/09\/tilbud_aksept_05.jpg","contentUrl":"https:\/\/kirkensbymisjon.no\/content\/uploads\/sites\/161\/2024\/09\/tilbud_aksept_05.jpg","width":2000,"height":1316,"caption":"Mor og datter"},{"@type":"BreadcrumbList","@id":"https:\/\/kirkensbymisjon.no\/fr-tilbud-aksept\/#breadcrumb","itemListElement":[{"@type":"ListItem","position":1,"name":"Hjem","item":"https:\/\/kirkensbymisjon.no\/fr-tilbud-aksept\/"},{"@type":"ListItem","position":2,"name":"Premi\u00e8re page"}]},{"@type":"WebSite","@id":"https:\/\/kirkensbymisjon.no\/fr-tilbud-aksept\/#website","url":"https:\/\/kirkensbymisjon.no\/fr-tilbud-aksept\/","name":"Aksept - French","description":"","potentialAction":[{"@type":"SearchAction","target":{"@type":"EntryPoint","urlTemplate":"https:\/\/kirkensbymisjon.no\/fr-tilbud-aksept\/?s={search_term_string}"},"query-input":{"@type":"PropertyValueSpecification","valueRequired":true,"valueName":"search_term_string"}}],"inLanguage":"en-US"}]}},"_links":{"self":[{"href":"https:\/\/kirkensbymisjon.no\/fr-tilbud-aksept\/wp-json\/wp\/v2\/pages\/2","targetHints":{"allow":["GET"]}}],"collection":[{"href":"https:\/\/kirkensbymisjon.no\/fr-tilbud-aksept\/wp-json\/wp\/v2\/pages"}],"about":[{"href":"https:\/\/kirkensbymisjon.no\/fr-tilbud-aksept\/wp-json\/wp\/v2\/types\/page"}],"author":[{"embeddable":true,"href":"https:\/\/kirkensbymisjon.no\/fr-tilbud-aksept\/wp-json\/wp\/v2\/users\/1"}],"replies":[{"embeddable":true,"href":"https:\/\/kirkensbymisjon.no\/fr-tilbud-aksept\/wp-json\/wp\/v2\/comments?post=2"}],"version-history":[{"count":5,"href":"https:\/\/kirkensbymisjon.no\/fr-tilbud-aksept\/wp-json\/wp\/v2\/pages\/2\/revisions"}],"predecessor-version":[{"id":277,"href":"https:\/\/kirkensbymisjon.no\/fr-tilbud-aksept\/wp-json\/wp\/v2\/pages\/2\/revisions\/277"}],"wp:featuredmedia":[{"embeddable":true,"href":"https:\/\/kirkensbymisjon.no\/fr-tilbud-aksept\/wp-json\/wp\/v2\/media\/260"}],"wp:attachment":[{"href":"https:\/\/kirkensbymisjon.no\/fr-tilbud-aksept\/wp-json\/wp\/v2\/media?parent=2"}],"curies":[{"name":"wp","href":"https:\/\/api.w.org\/{rel}","templated":true}]}}