{"id":1286,"date":"2024-08-20T14:38:48","date_gmt":"2024-08-20T12:38:48","guid":{"rendered":"https:\/\/kirkensbymisjon.no\/nettbutikk\/?page_id=1286"},"modified":"2026-02-03T09:27:44","modified_gmt":"2026-02-03T08:27:44","slug":"kjopsbetingelser","status":"publish","type":"page","link":"https:\/\/kirkensbymisjon.no\/nettbutikk\/kjopsbetingelser\/","title":{"rendered":"Kj\u00f8psbetingelser"},"content":{"rendered":"\t<div class=\"alignfull overlay-50 wp-block-kbm-hero\">\n\t\t<div class=\"kbm-hero__inner\">\n\t\t\t\n\t<div class=\"wp-block-kbm-hero-content\">\n\t\t\n\n<h1 class=\"wp-block-heading\" id=\"h-kjopsbetingelser\">Kj\u00f8psbetingelser<\/h1>\n\n\n\n<div class=\"wp-block-buttons\"><\/div>\n\n\t<\/div>\n\t\n\n\n\t\t<\/div>\n\t\t<div class=\"kbm-hero__image\" style=\"background-position: 50% 50%; background-image: url(https:\/\/kirkensbymisjon.no\/content\/uploads\/sites\/123\/2024\/08\/hvorfor-handle.jpg);\"><\/div>\n\t<\/div>\n\t\n\n\n<h2 class=\"wp-block-heading\" id=\"h-generelt\">Generelt<\/h2>\n\n\n\n<p>For \u00e5 v\u00e6re sikker p\u00e5 at varene kommer riktig frem til deg, er du som kunde selv ansvarlig for at riktig leveringsadresse, epostadresse og telefonnummer er oppgitt.<\/p>\n\n\n\n<p>Vi tar forbehold om eventuelle skrivefeil og trykkfeil n\u00e5r det gjelder pris og informasjon om varene i nettbutikken. Produktene er h\u00e5ndlaget, og variasjoner og farger kan forekomme p\u00e5 enkelte produkter. Farger p\u00e5 varer kan avvike fra foto.<\/p>\n\n\n\n<p>Ta gjerne kontakt med oss ved eventuelle sp\u00f8rsm\u00e5l. Vi \u00f8nsker \u00e5 gi deg god hjelp og en vellykket handel. V\u00e5r e-post adresse er&nbsp;<a href=\"mailto:giverservice@bymisjon.no\">kundeservice@bymisjon.no<\/a>.<\/p>\n\n\n\n<h3 class=\"wp-block-heading\" id=\"h-betaling\">Betaling<\/h3>\n\n\n\n<p>Vi har valgt etablere, trygge og sikre betalingsl\u00f8sninger for deg som kunde: <\/p>\n\n\n\n<ul class=\"wp-block-list\">\n<li>Betaling privatpesoner:\n<ul class=\"wp-block-list\">\n<li>Kortbetaling: Dersom du som kunde bruker kredittkort eller debetkort ved betaling, vil vi reservere kj\u00f8pesummen p\u00e5 kortet ved bestilling. Kortet blir belastet f\u00f8rst n\u00e5r ordren er pakket og klar for utsendelse fra v\u00e5rt lager.<\/li>\n\n\n\n<li>Vipps: Som kunde trenger du bare \u00e5 oppgi mobilnummeret og godkjenne kj\u00f8pet. Bel\u00f8pet blir belastet f\u00f8rst n\u00e5r ordren er pakket og klar for utsendelse fra v\u00e5rt lager.<\/li>\n<\/ul>\n<\/li>\n\n\n\n<li>Betaling bedrifter:\n<ul class=\"wp-block-list\">\n<li>For \u00e5 betale med faktura m\u00e5 du logge deg inn via min konto (\u00f8verst til h\u00f8yre). Kirkens Bymisjon samarbeider med Two AS for it-l\u00f8sning og Kredinor AS for fakturakj\u00f8p. Det er ingen ekstra kostnader med \u00e5 betale med faktura og betalingsfristen er 30 dager.<br>Merk at fakturaen kommer direkte fra Two via EHF med kopi p\u00e5 e-post og ikke Kirkens Bymisjon. For din og ditt selskap sin sikkerhet, brukes \u00abVipps logg inn\u00bb for \u00e5 verifisere din identitet. I tillegg m\u00e5 du ogs\u00e5 oppgi bedriftens organisasjonsnummer for \u00e5 sjekke at du representerer en norsk organisasjon med adresse i Norge.<br>Les mer her:&nbsp;<a href=\"https:\/\/www.two.inc\/buyer-terms-and-conditions-no\" target=\"_blank\" rel=\"noreferrer noopener\">Buyer Terms and Conditions | Norway (two.inc)<\/a>&nbsp;og&nbsp;<a href=\"https:\/\/www.two.inc\/no-privacy-policy\" target=\"_blank\" rel=\"noreferrer noopener\">Privacy policy Norway | Learn about our privacy policy (two.inc)<\/a>.<\/li>\n<\/ul>\n<\/li>\n<\/ul>\n\n\n\n<p>Mottatt ordre er bindene. Falske ordrer vil bli politianmeldt. Svindel og annen kriminell virksomhet vil&nbsp;bli strafferettslig forfulgt.<\/p>\n\n\n\n<p>Ved kort- og kredittkj\u00f8p m\u00e5 vedkommende i f\u00f8lge loven v\u00e6re over 18 \u00e5r.<\/p>\n\n\n\n<p>Vi er opptatt av din sikkerhet som kunde, og all korth\u00e5ndtering skjer kryptert hos v\u00e5re betalingsl\u00f8sninger. Ingen av dine kredittkortopplysninger lagres hos oss.<\/p>\n\n\n\n<h3 class=\"wp-block-heading\" id=\"h-priser\">Priser<\/h3>\n\n\n\n<p>Kirkens Bymisjons nettbutikk med verksteder \u00a0driver ikke n\u00e6ringsvirksomhet i moms-messig forstand. Produktene har derfor ikke merverdiavgift.<\/p>\n\n\n\n<h3 class=\"wp-block-heading\" id=\"h-frakt\">Frakt<\/h3>\n\n\n\n<p><strong>Servicepakke \u2013 Posten \/ Bring&nbsp;<\/strong><\/p>\n\n\n\n<p>Vi har valgt \u00e5 ha fast pris p\u00e5 porto, uavhengig av mengde og tyngde. Denne er kr 95,-.<\/p>\n\n\n\n<p>Vi sender pakkene med Posten\/Bring eller PostNord:<br>Servicepakke&nbsp;sendes med sporing til din n\u00e6rmeste postutlevering. Du mottar SMS og \/ eller epost n\u00e5r sendingen er ankommet hentestedet.<br>Alternativt sender vi&nbsp;<a href=\"https:\/\/www.bring.no\/sende\/pakker\/private-i-norge\/pakke-i-postkassen\" target=\"_blank\" rel=\"noreferrer noopener\">pakke i postkassen<\/a>. Pakken sendes med sporing for levering i postkassen (dersom st\u00f8rrelse og vekt p\u00e5 produktet tillater det).<\/p>\n\n\n\n<p>For bedrifter er det fast pris kr 185,- for frakt. Vi sender pakkene med Posten\/Bring Bedriftspakke.<\/p>\n\n\n\n<p>Vi kan dessverre ikke tilby levering til adresser utenfor Norges fastland.<\/p>\n\n\n\n<h3 class=\"wp-block-heading\" id=\"h-leveringstid\">Leveringstid<\/h3>\n\n\n\n<p>Leveringen tar normalt mellom 2-4 arbeidsdager fra vi mottar bestillingen. I perioder med stor p\u00e5gang kan leveringstiden v\u00e6re noe lengre. Om du ikke har mottatt pakken din i l\u00f8pet av 12 dager er du som kunde selv ansvarlig for \u00e5 kontakte oss.<br>Du er selv ansvarlig for \u00e5 oppgi riktig leveringsadresse og postnummer, e-post og telefonnummer ved bestilling.<\/p>\n\n\n\n<h3 class=\"wp-block-heading\" id=\"h-pakker-som-ikke-hentes\">Pakker som ikke hentes<\/h3>\n\n\n\n<p>Dersom kunde ikke henter ut en forsendelse, vil kunden bli belastet med et administrasjonsgebyr n\u00e5r pakken ankommer v\u00e5rt lager igjen. <br>Vi forbeholder oss retten til \u00e5 avkreve et gebyr p\u00e5 kr 150,- for sendinger som ikke blir hentet ut. Dette gebyret dekker v\u00e5re administrative kostnader i forbindelse med behandling av returen. Gebyret trekkes fra det innbetalte totalbel\u00f8pet, hvorp\u00e5 resten blir refundert. Du vil f\u00e5 melding p\u00e5 e-post om at bel\u00f8pet er refundert minus administrasjonsgebyr. Du m\u00e5 selv legge inn bestillingen p\u00e5 nytt.<br>Bring\/Posten\/PostNord skal sende ut melding om forsendelse s\u00e5 snart den er ankommet utleveringsstedet. Denne meldingen blir sendt p\u00e5 nytt etter ca 1 uke. Dersom pakken ikke blir hentet ut innen 14 dager, vil den bli sendt i retur til oss.<\/p>\n\n\n\n<p>\u00c5 benytte seg av angreretten er ikke det samme som \u00e5 ikke hente ut en ordre. \u00d8nsker du \u00e5 benytte deg av 14 dagers angrerett, ber vi deg hente ut pakken, og f\u00f8lge instruksjonen i avsnittet under som omhandler &laquo;angre, bytte og retur&raquo;. <\/p>\n\n\n\n<h3 class=\"wp-block-heading\" id=\"h-reklamasjon\">Reklamasjon<\/h3>\n\n\n\n<p>Dersom det foreligger en feil eller mangel ved mottatte varer, m\u00e5 du innen 14 dager etter at du oppdaget den, gi&nbsp;oss&nbsp;skriftlig melding om at du vil p\u00e5berope deg feilen.<br>Vi&nbsp;vil da gi deg informasjon om hva du skal gj\u00f8re videre. Reglene om reklamasjon finnes i Lov&nbsp;om forbrukerkj\u00f8p (forbrukerkj\u00f8psloven).<\/p>\n\n\n\n<p>Vurderer vi at reklamasjonsretten er berettiget, vil vi erstatte varen. Vi&nbsp;vil skriftlig bekrefte mottak av alle reklamasjoner.<br>Retten til \u00e5 reklamere gjelder i to \u00e5r fra du mottok produktet. Dette forutsetter at du gir oss beskjed innen rimelig tid og at du fremlegger kvittering og\/ eller ordrenummer p\u00e5 varen. Reklamasjonsretten bortfaller dersom produktet er unormalt mye brukt, brukt feil eller er h\u00e5ndtert p\u00e5 en annen m\u00e5te enn det som er anbefalt. <\/p>\n\n\n\n<p>Ved reklamasjon sender du e-post til oss p\u00e5 <a href=\"mailto:kundeservice@bymisjon.no\">kundeservice@bymisjon.no<\/a>. Vi dekker returkostnadene ved reklamasjoner.<\/p>\n\n\n\n<h3 class=\"wp-block-heading\" id=\"h-feil-skade-ved-levering\">Feil\/skade ved levering<\/h3>\n\n\n\n<p>Om produktet er skadet ved levering m\u00e5 dette meldes omg\u00e5ende og <strong>innen 3<\/strong> <strong>dager<\/strong> til oss p\u00e5&nbsp;<a href=\"mailto:giverservice@bymisjon.no\">kundeservice@bymisjon.no<\/a>&nbsp;&nbsp;Vi \u00f8nsker bilder samt en beskrivelse av hva som har skjedd.<\/p>\n\n\n\n<p>Dette gjelder b\u00e5de synlige transportskader og\/eller skade p\u00e5 produktet, og det er derfor viktig at du pakker opp og kontrollerer at produktet er feilfritt s\u00e5 snart som mulig etter mottagelse.<\/p>\n\n\n\n<p>Om skaden er synlig p\u00e5 emballasjen s\u00e5 melder du fra om dette direkte til sj\u00e5f\u00f8ren ved mottagelse av forsendelsen. Be om at transport\u00f8ren gj\u00f8r en notering av skaden p\u00e5 din kopi av fraktseddelen. Husk \u00e5 alltid ta vare p\u00e5 emballasjen for at reklamasjonen skal kunne h\u00e5ndteres korrekt.<\/p>\n\n\n\n<h3 class=\"wp-block-heading\" id=\"h-angrerett-bytte-og-retur\">Angrerett, bytte og retur<\/h3>\n\n\n\n<p>Du har etter forbrukerkj\u00f8psloven full angrerett i 14 dager etter at du har mottatt bestillingen din. Angreretten gjelder selv om varene er rabaterte. Ved retur m\u00e5 varen v\u00e6re ubrukt, merkelappene m\u00e5 v\u00e6re p\u00e5 og varen sendes i retur i sin originale emballasje. Kunden dekker selv porto hvis varen skal returneres.<\/p>\n\n\n\n<p>Angreretten gjelder ikke varer som av hygieniske \u00e5rsaker ikke kan selges p\u00e5 nytt.<\/p>\n\n\n\n<p>Dersom du \u00f8nsker \u00e5 bytte en vare kj\u00f8pt hos oss fyller du ut vedlagt angrerettskjema og returnerer varen til oss. Ved bytte til varer med ulik pris ber vi deg legge inn ny bestilling p\u00e5 nettbutikken og vi vil refundere pengene for produktet du returnerer til oss. Kunden dekker selv porto for varen som returneres.<\/p>\n\n\n\n<p>Du er ansvarlig for at pakken kommer tilbake til oss n\u00e5r du returnerer varer. Med dette betyr det at du er ansvarlig for pakkens innhold frem til vi mottar returen din. Dermed anbefaler vi \u00e5 sende med sporing slik at du er forsikret.<\/p>\n\n\n\n<p>N\u00e6rmere opplysninger om hvordan du benytter deg av angreretten, fremg\u00e5r av angrerettskjemaet.<\/p>\n\n\n\n<p>Angrerettskjema kan lastes&nbsp;<a href=\"https:\/\/kirkensbymisjon.fra1.digitaloceanspaces.com\/content\/uploads\/sites\/2\/2023\/11\/13120837\/Angrerettskjema.pdf\" target=\"_blank\" rel=\"noreferrer noopener\">ned&nbsp;her.<\/a><\/p>\n\n\n\n<p><strong>RETURADRESSE<\/strong><br>Direct House Oslo AS, Industriveien 2, 1481 Hagan<br>Att: Jarle Reiersen \/ Nettbutikken<\/p>\n\n\n\n<h3 class=\"wp-block-heading\" id=\"h-personopplysninger\">Personopplysninger:<\/h3>\n\n\n\n<p>Vi&nbsp;behandler i utgangspunktet bare personopplysninger du oppgir til oss, og som er n\u00f8dvendige for at vi skal kunne gjennomf\u00f8re v\u00e5re forpliktelser overfor deg.<br>I de tilfeller hvor&nbsp;vi ogs\u00e5 behandler personopplysninger til andre form\u00e5l, for eksempel for \u00e5 sende deg informasjon om tilbud etc., gj\u00f8res dette bare n\u00e5r du har samtykket til det. F\u00f8r du samtykker skal du v\u00e6re informert om hva opplysningene skal brukes til og av hvem.<\/p>\n\n\n\n<h3 class=\"wp-block-heading\" id=\"h-kontaktinformasjon\">Kontaktinformasjon<\/h3>\n\n\n\n<p>Stiftelsen Kirkens Bymisjon<br>Tollbugata 3, 0152 Oslo<br>Org no 944 384 448<br>E-post:\u00a0<a href=\"mailto:kundeservice@bymisjon.no\">kundeservice@bymisjon.no<\/a><\/p>\n","protected":false},"excerpt":{"rendered":"<p>Generelt For \u00e5 v\u00e6re sikker p\u00e5 at varene kommer riktig frem til deg, er du&hellip;<\/p>\n","protected":false},"author":12,"featured_media":1187,"parent":0,"menu_order":0,"comment_status":"closed","ping_status":"closed","template":"","meta":{"_relevanssi_hide_post":"","_relevanssi_hide_content":"","_relevanssi_pin_for_all":"","_relevanssi_pin_keywords":"","_relevanssi_unpin_keywords":"","_relevanssi_related_keywords":"","_relevanssi_related_include_ids":"","_relevanssi_related_exclude_ids":"","_relevanssi_related_no_append":"","_relevanssi_related_not_related":"","_relevanssi_related_posts":"226,140,1,159","_relevanssi_noindex_reason":"","editor_notices":[],"footnotes":""},"class_list":["post-1286","page","type-page","status-publish","has-post-thumbnail","hentry"],"yoast_head":"<!-- This site is optimized with the Yoast SEO Premium plugin v27.2 (Yoast SEO v27.2) - https:\/\/yoast.com\/product\/yoast-seo-premium-wordpress\/ -->\n<title>Kj\u00f8psbetingelser - Nettbutikk<\/title>\n<meta name=\"robots\" content=\"index, follow, max-snippet:-1, max-image-preview:large, max-video-preview:-1\" \/>\n<link rel=\"canonical\" href=\"https:\/\/kirkensbymisjon.no\/nettbutikk\/kjopsbetingelser\/\" \/>\n<meta property=\"og:locale\" content=\"nb_NO\" \/>\n<meta property=\"og:type\" content=\"article\" \/>\n<meta property=\"og:title\" content=\"Kj\u00f8psbetingelser\" \/>\n<meta property=\"og:description\" content=\"Generelt For \u00e5 v\u00e6re sikker p\u00e5 at varene kommer riktig frem til deg, er du&hellip;\" \/>\n<meta property=\"og:url\" content=\"https:\/\/kirkensbymisjon.no\/nettbutikk\/kjopsbetingelser\/\" \/>\n<meta property=\"og:site_name\" content=\"Nettbutikk\" \/>\n<meta property=\"article:modified_time\" content=\"2026-02-03T08:27:44+00:00\" \/>\n<meta property=\"og:image\" content=\"https:\/\/kirkensbymisjon.no\/content\/uploads\/sites\/123\/2024\/08\/hvorfor-handle.jpg\" \/>\n\t<meta property=\"og:image:width\" content=\"1960\" \/>\n\t<meta property=\"og:image:height\" content=\"1050\" \/>\n\t<meta property=\"og:image:type\" content=\"image\/jpeg\" \/>\n<meta name=\"twitter:card\" content=\"summary_large_image\" \/>\n<meta name=\"twitter:label1\" content=\"Ansl. lesetid\" \/>\n\t<meta name=\"twitter:data1\" content=\"7 minutter\" \/>\n<script type=\"application\/ld+json\" class=\"yoast-schema-graph\">{\"@context\":\"https:\/\/schema.org\",\"@graph\":[{\"@type\":\"WebPage\",\"@id\":\"https:\/\/kirkensbymisjon.no\/nettbutikk\/kjopsbetingelser\/\",\"url\":\"https:\/\/kirkensbymisjon.no\/nettbutikk\/kjopsbetingelser\/\",\"name\":\"Kj\u00f8psbetingelser - Nettbutikk\",\"isPartOf\":{\"@id\":\"https:\/\/kirkensbymisjon.no\/nettbutikk\/#website\"},\"primaryImageOfPage\":{\"@id\":\"https:\/\/kirkensbymisjon.no\/nettbutikk\/kjopsbetingelser\/#primaryimage\"},\"image\":{\"@id\":\"https:\/\/kirkensbymisjon.no\/nettbutikk\/kjopsbetingelser\/#primaryimage\"},\"thumbnailUrl\":\"https:\/\/kirkensbymisjon.no\/content\/uploads\/sites\/123\/2024\/08\/hvorfor-handle.jpg\",\"datePublished\":\"2024-08-20T12:38:48+00:00\",\"dateModified\":\"2026-02-03T08:27:44+00:00\",\"breadcrumb\":{\"@id\":\"https:\/\/kirkensbymisjon.no\/nettbutikk\/kjopsbetingelser\/#breadcrumb\"},\"inLanguage\":\"nb-NO\",\"potentialAction\":[{\"@type\":\"ReadAction\",\"target\":[\"https:\/\/kirkensbymisjon.no\/nettbutikk\/kjopsbetingelser\/\"]}]},{\"@type\":\"ImageObject\",\"inLanguage\":\"nb-NO\",\"@id\":\"https:\/\/kirkensbymisjon.no\/nettbutikk\/kjopsbetingelser\/#primaryimage\",\"url\":\"https:\/\/kirkensbymisjon.no\/content\/uploads\/sites\/123\/2024\/08\/hvorfor-handle.jpg\",\"contentUrl\":\"https:\/\/kirkensbymisjon.no\/content\/uploads\/sites\/123\/2024\/08\/hvorfor-handle.jpg\",\"width\":1960,\"height\":1050},{\"@type\":\"BreadcrumbList\",\"@id\":\"https:\/\/kirkensbymisjon.no\/nettbutikk\/kjopsbetingelser\/#breadcrumb\",\"itemListElement\":[{\"@type\":\"ListItem\",\"position\":1,\"name\":\"Hjem\",\"item\":\"https:\/\/kirkensbymisjon.no\/nettbutikk\/\"},{\"@type\":\"ListItem\",\"position\":2,\"name\":\"Kj\u00f8psbetingelser\"}]},{\"@type\":\"WebSite\",\"@id\":\"https:\/\/kirkensbymisjon.no\/nettbutikk\/#website\",\"url\":\"https:\/\/kirkensbymisjon.no\/nettbutikk\/\",\"name\":\"Nettbutikk\",\"description\":\"\",\"potentialAction\":[{\"@type\":\"SearchAction\",\"target\":{\"@type\":\"EntryPoint\",\"urlTemplate\":\"https:\/\/kirkensbymisjon.no\/nettbutikk\/?s={search_term_string}\"},\"query-input\":{\"@type\":\"PropertyValueSpecification\",\"valueRequired\":true,\"valueName\":\"search_term_string\"}}],\"inLanguage\":\"nb-NO\"}]}<\/script>\n<!-- \/ Yoast SEO Premium plugin. -->","yoast_head_json":{"title":"Kj\u00f8psbetingelser - Nettbutikk","robots":{"index":"index","follow":"follow","max-snippet":"max-snippet:-1","max-image-preview":"max-image-preview:large","max-video-preview":"max-video-preview:-1"},"canonical":"https:\/\/kirkensbymisjon.no\/nettbutikk\/kjopsbetingelser\/","og_locale":"nb_NO","og_type":"article","og_title":"Kj\u00f8psbetingelser","og_description":"Generelt For \u00e5 v\u00e6re sikker p\u00e5 at varene kommer riktig frem til deg, er du&hellip;","og_url":"https:\/\/kirkensbymisjon.no\/nettbutikk\/kjopsbetingelser\/","og_site_name":"Nettbutikk","article_modified_time":"2026-02-03T08:27:44+00:00","og_image":[{"width":1960,"height":1050,"url":"https:\/\/kirkensbymisjon.no\/content\/uploads\/sites\/123\/2024\/08\/hvorfor-handle.jpg","type":"image\/jpeg"}],"twitter_card":"summary_large_image","twitter_misc":{"Ansl. lesetid":"7 minutter"},"schema":{"@context":"https:\/\/schema.org","@graph":[{"@type":"WebPage","@id":"https:\/\/kirkensbymisjon.no\/nettbutikk\/kjopsbetingelser\/","url":"https:\/\/kirkensbymisjon.no\/nettbutikk\/kjopsbetingelser\/","name":"Kj\u00f8psbetingelser - Nettbutikk","isPartOf":{"@id":"https:\/\/kirkensbymisjon.no\/nettbutikk\/#website"},"primaryImageOfPage":{"@id":"https:\/\/kirkensbymisjon.no\/nettbutikk\/kjopsbetingelser\/#primaryimage"},"image":{"@id":"https:\/\/kirkensbymisjon.no\/nettbutikk\/kjopsbetingelser\/#primaryimage"},"thumbnailUrl":"https:\/\/kirkensbymisjon.no\/content\/uploads\/sites\/123\/2024\/08\/hvorfor-handle.jpg","datePublished":"2024-08-20T12:38:48+00:00","dateModified":"2026-02-03T08:27:44+00:00","breadcrumb":{"@id":"https:\/\/kirkensbymisjon.no\/nettbutikk\/kjopsbetingelser\/#breadcrumb"},"inLanguage":"nb-NO","potentialAction":[{"@type":"ReadAction","target":["https:\/\/kirkensbymisjon.no\/nettbutikk\/kjopsbetingelser\/"]}]},{"@type":"ImageObject","inLanguage":"nb-NO","@id":"https:\/\/kirkensbymisjon.no\/nettbutikk\/kjopsbetingelser\/#primaryimage","url":"https:\/\/kirkensbymisjon.no\/content\/uploads\/sites\/123\/2024\/08\/hvorfor-handle.jpg","contentUrl":"https:\/\/kirkensbymisjon.no\/content\/uploads\/sites\/123\/2024\/08\/hvorfor-handle.jpg","width":1960,"height":1050},{"@type":"BreadcrumbList","@id":"https:\/\/kirkensbymisjon.no\/nettbutikk\/kjopsbetingelser\/#breadcrumb","itemListElement":[{"@type":"ListItem","position":1,"name":"Hjem","item":"https:\/\/kirkensbymisjon.no\/nettbutikk\/"},{"@type":"ListItem","position":2,"name":"Kj\u00f8psbetingelser"}]},{"@type":"WebSite","@id":"https:\/\/kirkensbymisjon.no\/nettbutikk\/#website","url":"https:\/\/kirkensbymisjon.no\/nettbutikk\/","name":"Nettbutikk","description":"","potentialAction":[{"@type":"SearchAction","target":{"@type":"EntryPoint","urlTemplate":"https:\/\/kirkensbymisjon.no\/nettbutikk\/?s={search_term_string}"},"query-input":{"@type":"PropertyValueSpecification","valueRequired":true,"valueName":"search_term_string"}}],"inLanguage":"nb-NO"}]}},"_links":{"self":[{"href":"https:\/\/kirkensbymisjon.no\/nettbutikk\/wp-json\/wp\/v2\/pages\/1286","targetHints":{"allow":["GET"]}}],"collection":[{"href":"https:\/\/kirkensbymisjon.no\/nettbutikk\/wp-json\/wp\/v2\/pages"}],"about":[{"href":"https:\/\/kirkensbymisjon.no\/nettbutikk\/wp-json\/wp\/v2\/types\/page"}],"author":[{"embeddable":true,"href":"https:\/\/kirkensbymisjon.no\/nettbutikk\/wp-json\/wp\/v2\/users\/12"}],"replies":[{"embeddable":true,"href":"https:\/\/kirkensbymisjon.no\/nettbutikk\/wp-json\/wp\/v2\/comments?post=1286"}],"version-history":[{"count":5,"href":"https:\/\/kirkensbymisjon.no\/nettbutikk\/wp-json\/wp\/v2\/pages\/1286\/revisions"}],"predecessor-version":[{"id":40746,"href":"https:\/\/kirkensbymisjon.no\/nettbutikk\/wp-json\/wp\/v2\/pages\/1286\/revisions\/40746"}],"wp:featuredmedia":[{"embeddable":true,"href":"https:\/\/kirkensbymisjon.no\/nettbutikk\/wp-json\/wp\/v2\/media\/1187"}],"wp:attachment":[{"href":"https:\/\/kirkensbymisjon.no\/nettbutikk\/wp-json\/wp\/v2\/media?parent=1286"}],"curies":[{"name":"wp","href":"https:\/\/api.w.org\/{rel}","templated":true}]}}