{"id":1266,"date":"2024-08-20T13:49:45","date_gmt":"2024-08-20T11:49:45","guid":{"rendered":"https:\/\/kirkensbymisjon.no\/nettbutikk\/?post_type=product&#038;p=1266"},"modified":"2026-01-28T15:00:05","modified_gmt":"2026-01-28T14:00:05","slug":"gi-barn-og-unge-en-mulighet-til-a-delta-pa-aktiviteter","status":"publish","type":"product","link":"https:\/\/kirkensbymisjon.no\/nettbutikk\/produkt\/gi-barn-og-unge-en-mulighet-til-a-delta-pa-aktiviteter\/","title":{"rendered":"Gi barn og unge en mulighet til \u00e5 delta p\u00e5 aktiviteter"},"content":{"rendered":"<p>Med denne gaven bidrar du til \u00e5 \u00e5pne d\u00f8ren til en av v\u00e5re gratis aktivitets- og utl\u00e5nsentraler over hele landet.\u00a0 Disse er \u00e5pne for alle og tilbyr aktiviteter og utl\u00e5n til barn, unge og familier.<\/p>\n<p>Kirkens Bymisjon har en visjon om at alle barn og unge skal ha like muligheter til en aktiv hverdag. Vi \u00f8nsker \u00e5 skape arenaer som er \u00e5pne og inkluderende for alle. Vi tilbyr utl\u00e5n av en rekke sport- og fritidsutstyr.\u00a0 Utstyr for alle \u00e5rstider.<\/p>\n","protected":false},"excerpt":{"rendered":"<p>Ingen barn skal m\u00e5tte st\u00e5 utenfor fordi de mangler utstyr. Gjenbruk er b\u00e6rekraftig \u2013 b\u00e5de&hellip;<\/p>\n","protected":false},"featured_media":1241,"template":"","meta":{"_relevanssi_hide_post":"","_relevanssi_hide_content":"","_relevanssi_pin_for_all":"","_relevanssi_pin_keywords":"","_relevanssi_unpin_keywords":"","_relevanssi_related_keywords":"","_relevanssi_related_include_ids":"","_relevanssi_related_exclude_ids":"","_relevanssi_related_no_append":"","_relevanssi_related_not_related":"","_relevanssi_related_posts":"","_relevanssi_noindex_reason":""},"product_brand":[],"product_cat":[54],"product_tag":[],"class_list":{"0":"post-1266","1":"product","2":"type-product","3":"status-publish","4":"has-post-thumbnail","6":"product_cat-symbolske-gaver","8":"first","9":"instock","10":"virtual","11":"purchasable","12":"product-type-simple"},"yoast_head":"<!-- This site is optimized with the Yoast SEO Premium plugin v27.2 (Yoast SEO v27.2) - https:\/\/yoast.com\/product\/yoast-seo-premium-wordpress\/ -->\n<title>Gi barn og unge en mulighet til \u00e5 delta p\u00e5 aktiviteter - Nettbutikk<\/title>\n<meta name=\"description\" content=\"Gratis aktiviteter og utl\u00e5n hos Kirkens Bymisjons utl\u00e5nsentraler.\" \/>\n<meta name=\"robots\" content=\"index, follow, max-snippet:-1, max-image-preview:large, max-video-preview:-1\" \/>\n<link rel=\"canonical\" href=\"https:\/\/kirkensbymisjon.no\/nettbutikk\/produkt\/gi-barn-og-unge-en-mulighet-til-a-delta-pa-aktiviteter\/\" \/>\n<meta property=\"og:locale\" content=\"nb_NO\" \/>\n<meta property=\"og:type\" content=\"article\" \/>\n<meta property=\"og:title\" content=\"Gi barn og unge en mulighet til \u00e5 delta p\u00e5 aktiviteter\" \/>\n<meta property=\"og:description\" content=\"Gratis aktiviteter og utl\u00e5n hos Kirkens Bymisjons utl\u00e5nsentraler.\" \/>\n<meta property=\"og:url\" content=\"https:\/\/kirkensbymisjon.no\/nettbutikk\/produkt\/gi-barn-og-unge-en-mulighet-til-a-delta-pa-aktiviteter\/\" \/>\n<meta property=\"og:site_name\" content=\"Nettbutikk\" \/>\n<meta property=\"article:modified_time\" content=\"2026-01-28T14:00:05+00:00\" \/>\n<meta property=\"og:image\" content=\"https:\/\/kirkensbymisjon.no\/content\/uploads\/sites\/123\/2024\/08\/skattekammer-2.jpg\" \/>\n\t<meta property=\"og:image:width\" content=\"1200\" \/>\n\t<meta property=\"og:image:height\" content=\"1200\" \/>\n\t<meta property=\"og:image:type\" content=\"image\/jpeg\" \/>\n<meta name=\"twitter:card\" content=\"summary_large_image\" \/>\n<meta name=\"twitter:label1\" content=\"Price\" \/>\n\t<meta name=\"twitter:data1\" content=\"Kr&nbsp;350,&ndash;\" \/>\n\t<meta name=\"twitter:label2\" content=\"Availability\" \/>\n\t<meta name=\"twitter:data2\" content=\"In stock\" \/>\n<script type=\"application\/ld+json\" class=\"yoast-schema-graph\">{\"@context\":\"https:\/\/schema.org\",\"@graph\":[{\"@type\":\"WebPage\",\"@id\":\"https:\/\/kirkensbymisjon.no\/nettbutikk\/produkt\/gi-barn-og-unge-en-mulighet-til-a-delta-pa-aktiviteter\/\",\"url\":\"https:\/\/kirkensbymisjon.no\/nettbutikk\/produkt\/gi-barn-og-unge-en-mulighet-til-a-delta-pa-aktiviteter\/\",\"name\":\"Gi barn og unge en mulighet til \u00e5 delta p\u00e5 aktiviteter - Nettbutikk\",\"isPartOf\":{\"@id\":\"https:\/\/kirkensbymisjon.no\/nettbutikk\/#website\"},\"primaryImageOfPage\":{\"@id\":\"https:\/\/kirkensbymisjon.no\/nettbutikk\/produkt\/gi-barn-og-unge-en-mulighet-til-a-delta-pa-aktiviteter\/#primaryimage\"},\"image\":{\"@id\":\"https:\/\/kirkensbymisjon.no\/nettbutikk\/produkt\/gi-barn-og-unge-en-mulighet-til-a-delta-pa-aktiviteter\/#primaryimage\"},\"thumbnailUrl\":\"https:\/\/kirkensbymisjon.no\/content\/uploads\/sites\/123\/2024\/08\/skattekammer-2.jpg\",\"datePublished\":\"2024-08-20T11:49:45+00:00\",\"dateModified\":\"2026-01-28T14:00:05+00:00\",\"description\":\"Gratis aktiviteter og utl\u00e5n hos Kirkens Bymisjons utl\u00e5nsentraler.\",\"breadcrumb\":{\"@id\":\"https:\/\/kirkensbymisjon.no\/nettbutikk\/produkt\/gi-barn-og-unge-en-mulighet-til-a-delta-pa-aktiviteter\/#breadcrumb\"},\"inLanguage\":\"nb-NO\",\"potentialAction\":[{\"@type\":\"ReadAction\",\"target\":[\"https:\/\/kirkensbymisjon.no\/nettbutikk\/produkt\/gi-barn-og-unge-en-mulighet-til-a-delta-pa-aktiviteter\/\"]}]},{\"@type\":\"ImageObject\",\"inLanguage\":\"nb-NO\",\"@id\":\"https:\/\/kirkensbymisjon.no\/nettbutikk\/produkt\/gi-barn-og-unge-en-mulighet-til-a-delta-pa-aktiviteter\/#primaryimage\",\"url\":\"https:\/\/kirkensbymisjon.no\/content\/uploads\/sites\/123\/2024\/08\/skattekammer-2.jpg\",\"contentUrl\":\"https:\/\/kirkensbymisjon.no\/content\/uploads\/sites\/123\/2024\/08\/skattekammer-2.jpg\",\"width\":1200,\"height\":1200},{\"@type\":\"BreadcrumbList\",\"@id\":\"https:\/\/kirkensbymisjon.no\/nettbutikk\/produkt\/gi-barn-og-unge-en-mulighet-til-a-delta-pa-aktiviteter\/#breadcrumb\",\"itemListElement\":[{\"@type\":\"ListItem\",\"position\":1,\"name\":\"Hjem\",\"item\":\"https:\/\/kirkensbymisjon.no\/nettbutikk\/\"},{\"@type\":\"ListItem\",\"position\":2,\"name\":\"Butikk\",\"item\":\"https:\/\/kirkensbymisjon.no\/nettbutikk\/butikk\/\"},{\"@type\":\"ListItem\",\"position\":3,\"name\":\"Gi barn og unge en mulighet til \u00e5 delta p\u00e5 aktiviteter\"}]},{\"@type\":\"WebSite\",\"@id\":\"https:\/\/kirkensbymisjon.no\/nettbutikk\/#website\",\"url\":\"https:\/\/kirkensbymisjon.no\/nettbutikk\/\",\"name\":\"Nettbutikk\",\"description\":\"\",\"potentialAction\":[{\"@type\":\"SearchAction\",\"target\":{\"@type\":\"EntryPoint\",\"urlTemplate\":\"https:\/\/kirkensbymisjon.no\/nettbutikk\/?s={search_term_string}\"},\"query-input\":{\"@type\":\"PropertyValueSpecification\",\"valueRequired\":true,\"valueName\":\"search_term_string\"}}],\"inLanguage\":\"nb-NO\"}]}<\/script>\n<meta property=\"product:price:amount\" content=\"350.00\" \/>\n<meta property=\"product:price:currency\" content=\"NOK\" \/>\n<meta property=\"og:availability\" content=\"instock\" \/>\n<meta property=\"product:availability\" content=\"instock\" \/>\n<meta property=\"product:retailer_item_id\" content=\"gk-skattkammer\" \/>\n<meta property=\"product:condition\" content=\"new\" \/>\n<!-- \/ Yoast SEO Premium plugin. -->","yoast_head_json":{"title":"Gi barn og unge en mulighet til \u00e5 delta p\u00e5 aktiviteter - Nettbutikk","description":"Gratis aktiviteter og utl\u00e5n hos Kirkens Bymisjons utl\u00e5nsentraler.","robots":{"index":"index","follow":"follow","max-snippet":"max-snippet:-1","max-image-preview":"max-image-preview:large","max-video-preview":"max-video-preview:-1"},"canonical":"https:\/\/kirkensbymisjon.no\/nettbutikk\/produkt\/gi-barn-og-unge-en-mulighet-til-a-delta-pa-aktiviteter\/","og_locale":"nb_NO","og_type":"article","og_title":"Gi barn og unge en mulighet til \u00e5 delta p\u00e5 aktiviteter","og_description":"Gratis aktiviteter og utl\u00e5n hos Kirkens Bymisjons utl\u00e5nsentraler.","og_url":"https:\/\/kirkensbymisjon.no\/nettbutikk\/produkt\/gi-barn-og-unge-en-mulighet-til-a-delta-pa-aktiviteter\/","og_site_name":"Nettbutikk","article_modified_time":"2026-01-28T14:00:05+00:00","og_image":[{"width":1200,"height":1200,"url":"https:\/\/kirkensbymisjon.no\/content\/uploads\/sites\/123\/2024\/08\/skattekammer-2.jpg","type":"image\/jpeg"}],"twitter_card":"summary_large_image","twitter_misc":{"Price":"Kr&nbsp;350,&ndash;","Availability":"In stock"},"schema":{"@context":"https:\/\/schema.org","@graph":[{"@type":"WebPage","@id":"https:\/\/kirkensbymisjon.no\/nettbutikk\/produkt\/gi-barn-og-unge-en-mulighet-til-a-delta-pa-aktiviteter\/","url":"https:\/\/kirkensbymisjon.no\/nettbutikk\/produkt\/gi-barn-og-unge-en-mulighet-til-a-delta-pa-aktiviteter\/","name":"Gi barn og unge en mulighet til \u00e5 delta p\u00e5 aktiviteter - Nettbutikk","isPartOf":{"@id":"https:\/\/kirkensbymisjon.no\/nettbutikk\/#website"},"primaryImageOfPage":{"@id":"https:\/\/kirkensbymisjon.no\/nettbutikk\/produkt\/gi-barn-og-unge-en-mulighet-til-a-delta-pa-aktiviteter\/#primaryimage"},"image":{"@id":"https:\/\/kirkensbymisjon.no\/nettbutikk\/produkt\/gi-barn-og-unge-en-mulighet-til-a-delta-pa-aktiviteter\/#primaryimage"},"thumbnailUrl":"https:\/\/kirkensbymisjon.no\/content\/uploads\/sites\/123\/2024\/08\/skattekammer-2.jpg","datePublished":"2024-08-20T11:49:45+00:00","dateModified":"2026-01-28T14:00:05+00:00","description":"Gratis aktiviteter og utl\u00e5n hos Kirkens Bymisjons utl\u00e5nsentraler.","breadcrumb":{"@id":"https:\/\/kirkensbymisjon.no\/nettbutikk\/produkt\/gi-barn-og-unge-en-mulighet-til-a-delta-pa-aktiviteter\/#breadcrumb"},"inLanguage":"nb-NO","potentialAction":[{"@type":"ReadAction","target":["https:\/\/kirkensbymisjon.no\/nettbutikk\/produkt\/gi-barn-og-unge-en-mulighet-til-a-delta-pa-aktiviteter\/"]}]},{"@type":"ImageObject","inLanguage":"nb-NO","@id":"https:\/\/kirkensbymisjon.no\/nettbutikk\/produkt\/gi-barn-og-unge-en-mulighet-til-a-delta-pa-aktiviteter\/#primaryimage","url":"https:\/\/kirkensbymisjon.no\/content\/uploads\/sites\/123\/2024\/08\/skattekammer-2.jpg","contentUrl":"https:\/\/kirkensbymisjon.no\/content\/uploads\/sites\/123\/2024\/08\/skattekammer-2.jpg","width":1200,"height":1200},{"@type":"BreadcrumbList","@id":"https:\/\/kirkensbymisjon.no\/nettbutikk\/produkt\/gi-barn-og-unge-en-mulighet-til-a-delta-pa-aktiviteter\/#breadcrumb","itemListElement":[{"@type":"ListItem","position":1,"name":"Hjem","item":"https:\/\/kirkensbymisjon.no\/nettbutikk\/"},{"@type":"ListItem","position":2,"name":"Butikk","item":"https:\/\/kirkensbymisjon.no\/nettbutikk\/butikk\/"},{"@type":"ListItem","position":3,"name":"Gi barn og unge en mulighet til \u00e5 delta p\u00e5 aktiviteter"}]},{"@type":"WebSite","@id":"https:\/\/kirkensbymisjon.no\/nettbutikk\/#website","url":"https:\/\/kirkensbymisjon.no\/nettbutikk\/","name":"Nettbutikk","description":"","potentialAction":[{"@type":"SearchAction","target":{"@type":"EntryPoint","urlTemplate":"https:\/\/kirkensbymisjon.no\/nettbutikk\/?s={search_term_string}"},"query-input":{"@type":"PropertyValueSpecification","valueRequired":true,"valueName":"search_term_string"}}],"inLanguage":"nb-NO"}]},"product_price_amount":"350.00","product_price_currency":"NOK","og_availability":"instock","product_availability":"instock","product_retailer_item_id":"gk-skattkammer","product_condition":"new"},"_links":{"self":[{"href":"https:\/\/kirkensbymisjon.no\/nettbutikk\/wp-json\/wp\/v2\/product\/1266","targetHints":{"allow":["GET"]}}],"collection":[{"href":"https:\/\/kirkensbymisjon.no\/nettbutikk\/wp-json\/wp\/v2\/product"}],"about":[{"href":"https:\/\/kirkensbymisjon.no\/nettbutikk\/wp-json\/wp\/v2\/types\/product"}],"wp:featuredmedia":[{"embeddable":true,"href":"https:\/\/kirkensbymisjon.no\/nettbutikk\/wp-json\/wp\/v2\/media\/1241"}],"wp:attachment":[{"href":"https:\/\/kirkensbymisjon.no\/nettbutikk\/wp-json\/wp\/v2\/media?parent=1266"}],"wp:term":[{"taxonomy":"product_brand","embeddable":true,"href":"https:\/\/kirkensbymisjon.no\/nettbutikk\/wp-json\/wp\/v2\/product_brand?post=1266"},{"taxonomy":"product_cat","embeddable":true,"href":"https:\/\/kirkensbymisjon.no\/nettbutikk\/wp-json\/wp\/v2\/product_cat?post=1266"},{"taxonomy":"product_tag","embeddable":true,"href":"https:\/\/kirkensbymisjon.no\/nettbutikk\/wp-json\/wp\/v2\/product_tag?post=1266"}],"curies":[{"name":"wp","href":"https:\/\/api.w.org\/{rel}","templated":true}]}}