{"id":1269,"date":"2024-08-20T13:54:07","date_gmt":"2024-08-20T11:54:07","guid":{"rendered":"https:\/\/kirkensbymisjon.no\/nettbutikk\/?post_type=product&#038;p=1269"},"modified":"2026-01-28T15:00:04","modified_gmt":"2026-01-28T14:00:04","slug":"gi-arbeid-til-en-som-star-utenfor-arbeidslivet","status":"publish","type":"product","link":"https:\/\/kirkensbymisjon.no\/nettbutikk\/produkt\/gi-arbeid-til-en-som-star-utenfor-arbeidslivet\/","title":{"rendered":"Gi arbeid til en som st\u00e5r utenfor arbeidslivet"},"content":{"rendered":"<p id=\"h-ved-a-kjope-vare-produkter-stotter-du-vart-arbeid-og-bidrar-til-a-skape-arbeidsplasser-til-mennesker-som-av-ulike-grunner-er-utenfor-arbeidslivet\" class=\"wp-block-heading\">Med denne gaven st\u00f8tter du v\u00e5rt arbeid og bidrar til \u00e5 skape arbeidsplasser til mennesker som av ulike grunner er utenfor arbeidslivet.<\/p>\n<p>Vi ser og erfarer at mange \u00f8nsker \u00e5 jobbe, men at kravene i det ordin\u00e6re arbeidslivet er uoverkommelige. Dette kan v\u00e6re mennesker med rusutfordringer eller som av andre \u00e5rsaker har varierende dagsform. Uansett om rus, psykisk helse eller drop out fra skole gj\u00f8r at en er utenfor, er dette mennesker som \u00f8nsker \u00e5 delta. Felles for alle er at de vil bidra og v\u00e6re til nytte, hvis oppgavene, arbeidsmengden og arbeidstiden er tilpasset.<\/p>\n<p>&nbsp;<\/p>\n<p>&nbsp;<\/p>\n","protected":false},"excerpt":{"rendered":"<p>I v\u00e5re tiltak kan de som av ulike \u00e5rsaker ikke er i arbeidslivet f\u00e5 oppl\u00e6ring&hellip;<\/p>\n","protected":false},"featured_media":23328,"template":"","meta":{"_relevanssi_hide_post":"","_relevanssi_hide_content":"","_relevanssi_pin_for_all":"","_relevanssi_pin_keywords":"","_relevanssi_unpin_keywords":"","_relevanssi_related_keywords":"","_relevanssi_related_include_ids":"","_relevanssi_related_exclude_ids":"","_relevanssi_related_no_append":"","_relevanssi_related_not_related":"","_relevanssi_related_posts":"","_relevanssi_noindex_reason":""},"product_brand":[],"product_cat":[54],"product_tag":[],"class_list":{"0":"post-1269","1":"product","2":"type-product","3":"status-publish","4":"has-post-thumbnail","6":"product_cat-symbolske-gaver","8":"first","9":"instock","10":"virtual","11":"purchasable","12":"product-type-simple"},"yoast_head":"<!-- This site is optimized with the Yoast SEO Premium plugin v27.2 (Yoast SEO v27.2) - https:\/\/yoast.com\/product\/yoast-seo-premium-wordpress\/ -->\n<title>Gi arbeid til en som st\u00e5r utenfor arbeidslivet - Nettbutikk<\/title>\n<meta name=\"robots\" content=\"index, follow, max-snippet:-1, max-image-preview:large, max-video-preview:-1\" \/>\n<link rel=\"canonical\" href=\"https:\/\/kirkensbymisjon.no\/nettbutikk\/produkt\/gi-arbeid-til-en-som-star-utenfor-arbeidslivet\/\" \/>\n<meta property=\"og:locale\" content=\"nb_NO\" \/>\n<meta property=\"og:type\" content=\"article\" \/>\n<meta property=\"og:title\" content=\"Gi arbeid til en som st\u00e5r utenfor arbeidslivet\" \/>\n<meta property=\"og:description\" content=\"I v\u00e5re tiltak kan de som av ulike \u00e5rsaker ikke er i arbeidslivet f\u00e5 oppl\u00e6ring&hellip;\" \/>\n<meta property=\"og:url\" content=\"https:\/\/kirkensbymisjon.no\/nettbutikk\/produkt\/gi-arbeid-til-en-som-star-utenfor-arbeidslivet\/\" \/>\n<meta property=\"og:site_name\" content=\"Nettbutikk\" \/>\n<meta property=\"article:modified_time\" content=\"2026-01-28T14:00:04+00:00\" \/>\n<meta property=\"og:image\" content=\"https:\/\/kirkensbymisjon.no\/content\/uploads\/sites\/123\/2024\/08\/arbeid-3.jpg\" \/>\n\t<meta property=\"og:image:width\" content=\"1200\" \/>\n\t<meta property=\"og:image:height\" content=\"1200\" \/>\n\t<meta property=\"og:image:type\" content=\"image\/jpeg\" \/>\n<meta name=\"twitter:card\" content=\"summary_large_image\" \/>\n<meta name=\"twitter:label1\" content=\"Price\" \/>\n\t<meta name=\"twitter:data1\" content=\"Kr&nbsp;250,&ndash;\" \/>\n\t<meta name=\"twitter:label2\" content=\"Availability\" \/>\n\t<meta name=\"twitter:data2\" content=\"In stock\" \/>\n<script type=\"application\/ld+json\" class=\"yoast-schema-graph\">{\"@context\":\"https:\/\/schema.org\",\"@graph\":[{\"@type\":\"WebPage\",\"@id\":\"https:\/\/kirkensbymisjon.no\/nettbutikk\/produkt\/gi-arbeid-til-en-som-star-utenfor-arbeidslivet\/\",\"url\":\"https:\/\/kirkensbymisjon.no\/nettbutikk\/produkt\/gi-arbeid-til-en-som-star-utenfor-arbeidslivet\/\",\"name\":\"Gi arbeid til en som st\u00e5r utenfor arbeidslivet - Nettbutikk\",\"isPartOf\":{\"@id\":\"https:\/\/kirkensbymisjon.no\/nettbutikk\/#website\"},\"primaryImageOfPage\":{\"@id\":\"https:\/\/kirkensbymisjon.no\/nettbutikk\/produkt\/gi-arbeid-til-en-som-star-utenfor-arbeidslivet\/#primaryimage\"},\"image\":{\"@id\":\"https:\/\/kirkensbymisjon.no\/nettbutikk\/produkt\/gi-arbeid-til-en-som-star-utenfor-arbeidslivet\/#primaryimage\"},\"thumbnailUrl\":\"https:\/\/kirkensbymisjon.no\/content\/uploads\/sites\/123\/2024\/08\/arbeid-3.jpg\",\"datePublished\":\"2024-08-20T11:54:07+00:00\",\"dateModified\":\"2026-01-28T14:00:04+00:00\",\"breadcrumb\":{\"@id\":\"https:\/\/kirkensbymisjon.no\/nettbutikk\/produkt\/gi-arbeid-til-en-som-star-utenfor-arbeidslivet\/#breadcrumb\"},\"inLanguage\":\"nb-NO\",\"potentialAction\":[{\"@type\":\"ReadAction\",\"target\":[\"https:\/\/kirkensbymisjon.no\/nettbutikk\/produkt\/gi-arbeid-til-en-som-star-utenfor-arbeidslivet\/\"]}]},{\"@type\":\"ImageObject\",\"inLanguage\":\"nb-NO\",\"@id\":\"https:\/\/kirkensbymisjon.no\/nettbutikk\/produkt\/gi-arbeid-til-en-som-star-utenfor-arbeidslivet\/#primaryimage\",\"url\":\"https:\/\/kirkensbymisjon.no\/content\/uploads\/sites\/123\/2024\/08\/arbeid-3.jpg\",\"contentUrl\":\"https:\/\/kirkensbymisjon.no\/content\/uploads\/sites\/123\/2024\/08\/arbeid-3.jpg\",\"width\":1200,\"height\":1200},{\"@type\":\"BreadcrumbList\",\"@id\":\"https:\/\/kirkensbymisjon.no\/nettbutikk\/produkt\/gi-arbeid-til-en-som-star-utenfor-arbeidslivet\/#breadcrumb\",\"itemListElement\":[{\"@type\":\"ListItem\",\"position\":1,\"name\":\"Hjem\",\"item\":\"https:\/\/kirkensbymisjon.no\/nettbutikk\/\"},{\"@type\":\"ListItem\",\"position\":2,\"name\":\"Butikk\",\"item\":\"https:\/\/kirkensbymisjon.no\/nettbutikk\/butikk\/\"},{\"@type\":\"ListItem\",\"position\":3,\"name\":\"Gi arbeid til en som st\u00e5r utenfor arbeidslivet\"}]},{\"@type\":\"WebSite\",\"@id\":\"https:\/\/kirkensbymisjon.no\/nettbutikk\/#website\",\"url\":\"https:\/\/kirkensbymisjon.no\/nettbutikk\/\",\"name\":\"Nettbutikk\",\"description\":\"\",\"potentialAction\":[{\"@type\":\"SearchAction\",\"target\":{\"@type\":\"EntryPoint\",\"urlTemplate\":\"https:\/\/kirkensbymisjon.no\/nettbutikk\/?s={search_term_string}\"},\"query-input\":{\"@type\":\"PropertyValueSpecification\",\"valueRequired\":true,\"valueName\":\"search_term_string\"}}],\"inLanguage\":\"nb-NO\"}]}<\/script>\n<meta property=\"product:price:amount\" content=\"250.00\" \/>\n<meta property=\"product:price:currency\" content=\"NOK\" \/>\n<meta property=\"og:availability\" content=\"instock\" \/>\n<meta property=\"product:availability\" content=\"instock\" \/>\n<meta property=\"product:retailer_item_id\" content=\"gk-arbeidstrening\" \/>\n<meta property=\"product:condition\" content=\"new\" \/>\n<!-- \/ Yoast SEO Premium plugin. -->","yoast_head_json":{"title":"Gi arbeid til en som st\u00e5r utenfor arbeidslivet - Nettbutikk","robots":{"index":"index","follow":"follow","max-snippet":"max-snippet:-1","max-image-preview":"max-image-preview:large","max-video-preview":"max-video-preview:-1"},"canonical":"https:\/\/kirkensbymisjon.no\/nettbutikk\/produkt\/gi-arbeid-til-en-som-star-utenfor-arbeidslivet\/","og_locale":"nb_NO","og_type":"article","og_title":"Gi arbeid til en som st\u00e5r utenfor arbeidslivet","og_description":"I v\u00e5re tiltak kan de som av ulike \u00e5rsaker ikke er i arbeidslivet f\u00e5 oppl\u00e6ring&hellip;","og_url":"https:\/\/kirkensbymisjon.no\/nettbutikk\/produkt\/gi-arbeid-til-en-som-star-utenfor-arbeidslivet\/","og_site_name":"Nettbutikk","article_modified_time":"2026-01-28T14:00:04+00:00","og_image":[{"width":1200,"height":1200,"url":"https:\/\/kirkensbymisjon.no\/content\/uploads\/sites\/123\/2024\/08\/arbeid-3.jpg","type":"image\/jpeg"}],"twitter_card":"summary_large_image","twitter_misc":{"Price":"Kr&nbsp;250,&ndash;","Availability":"In stock"},"schema":{"@context":"https:\/\/schema.org","@graph":[{"@type":"WebPage","@id":"https:\/\/kirkensbymisjon.no\/nettbutikk\/produkt\/gi-arbeid-til-en-som-star-utenfor-arbeidslivet\/","url":"https:\/\/kirkensbymisjon.no\/nettbutikk\/produkt\/gi-arbeid-til-en-som-star-utenfor-arbeidslivet\/","name":"Gi arbeid til en som st\u00e5r utenfor arbeidslivet - Nettbutikk","isPartOf":{"@id":"https:\/\/kirkensbymisjon.no\/nettbutikk\/#website"},"primaryImageOfPage":{"@id":"https:\/\/kirkensbymisjon.no\/nettbutikk\/produkt\/gi-arbeid-til-en-som-star-utenfor-arbeidslivet\/#primaryimage"},"image":{"@id":"https:\/\/kirkensbymisjon.no\/nettbutikk\/produkt\/gi-arbeid-til-en-som-star-utenfor-arbeidslivet\/#primaryimage"},"thumbnailUrl":"https:\/\/kirkensbymisjon.no\/content\/uploads\/sites\/123\/2024\/08\/arbeid-3.jpg","datePublished":"2024-08-20T11:54:07+00:00","dateModified":"2026-01-28T14:00:04+00:00","breadcrumb":{"@id":"https:\/\/kirkensbymisjon.no\/nettbutikk\/produkt\/gi-arbeid-til-en-som-star-utenfor-arbeidslivet\/#breadcrumb"},"inLanguage":"nb-NO","potentialAction":[{"@type":"ReadAction","target":["https:\/\/kirkensbymisjon.no\/nettbutikk\/produkt\/gi-arbeid-til-en-som-star-utenfor-arbeidslivet\/"]}]},{"@type":"ImageObject","inLanguage":"nb-NO","@id":"https:\/\/kirkensbymisjon.no\/nettbutikk\/produkt\/gi-arbeid-til-en-som-star-utenfor-arbeidslivet\/#primaryimage","url":"https:\/\/kirkensbymisjon.no\/content\/uploads\/sites\/123\/2024\/08\/arbeid-3.jpg","contentUrl":"https:\/\/kirkensbymisjon.no\/content\/uploads\/sites\/123\/2024\/08\/arbeid-3.jpg","width":1200,"height":1200},{"@type":"BreadcrumbList","@id":"https:\/\/kirkensbymisjon.no\/nettbutikk\/produkt\/gi-arbeid-til-en-som-star-utenfor-arbeidslivet\/#breadcrumb","itemListElement":[{"@type":"ListItem","position":1,"name":"Hjem","item":"https:\/\/kirkensbymisjon.no\/nettbutikk\/"},{"@type":"ListItem","position":2,"name":"Butikk","item":"https:\/\/kirkensbymisjon.no\/nettbutikk\/butikk\/"},{"@type":"ListItem","position":3,"name":"Gi arbeid til en som st\u00e5r utenfor arbeidslivet"}]},{"@type":"WebSite","@id":"https:\/\/kirkensbymisjon.no\/nettbutikk\/#website","url":"https:\/\/kirkensbymisjon.no\/nettbutikk\/","name":"Nettbutikk","description":"","potentialAction":[{"@type":"SearchAction","target":{"@type":"EntryPoint","urlTemplate":"https:\/\/kirkensbymisjon.no\/nettbutikk\/?s={search_term_string}"},"query-input":{"@type":"PropertyValueSpecification","valueRequired":true,"valueName":"search_term_string"}}],"inLanguage":"nb-NO"}]},"product_price_amount":"250.00","product_price_currency":"NOK","og_availability":"instock","product_availability":"instock","product_retailer_item_id":"gk-arbeidstrening","product_condition":"new"},"_links":{"self":[{"href":"https:\/\/kirkensbymisjon.no\/nettbutikk\/wp-json\/wp\/v2\/product\/1269","targetHints":{"allow":["GET"]}}],"collection":[{"href":"https:\/\/kirkensbymisjon.no\/nettbutikk\/wp-json\/wp\/v2\/product"}],"about":[{"href":"https:\/\/kirkensbymisjon.no\/nettbutikk\/wp-json\/wp\/v2\/types\/product"}],"wp:featuredmedia":[{"embeddable":true,"href":"https:\/\/kirkensbymisjon.no\/nettbutikk\/wp-json\/wp\/v2\/media\/23328"}],"wp:attachment":[{"href":"https:\/\/kirkensbymisjon.no\/nettbutikk\/wp-json\/wp\/v2\/media?parent=1269"}],"wp:term":[{"taxonomy":"product_brand","embeddable":true,"href":"https:\/\/kirkensbymisjon.no\/nettbutikk\/wp-json\/wp\/v2\/product_brand?post=1269"},{"taxonomy":"product_cat","embeddable":true,"href":"https:\/\/kirkensbymisjon.no\/nettbutikk\/wp-json\/wp\/v2\/product_cat?post=1269"},{"taxonomy":"product_tag","embeddable":true,"href":"https:\/\/kirkensbymisjon.no\/nettbutikk\/wp-json\/wp\/v2\/product_tag?post=1269"}],"curies":[{"name":"wp","href":"https:\/\/api.w.org\/{rel}","templated":true}]}}