{"id":14763,"date":"2025-03-01T12:58:06","date_gmt":"2025-03-01T11:58:06","guid":{"rendered":"https:\/\/kirkensbymisjon.no\/nettbutikk\/?post_type=product&#038;p=14763"},"modified":"2026-01-28T14:58:46","modified_gmt":"2026-01-28T13:58:46","slug":"blomsterkasse-i-heltre","status":"publish","type":"product","link":"https:\/\/kirkensbymisjon.no\/nettbutikk\/produkt\/blomsterkasse-i-heltre\/","title":{"rendered":"Blomsterkasse i heltre"},"content":{"rendered":"<p>Gi liv til hagen eller terrassen med v\u00e5re h\u00e5ndlagde blomsterkasser. Bygget for \u00e5 vare, og skapt for \u00e5 t\u00e5le norsk klima.<\/p>\n<p>Materialbruk: Lekter, gran 30&#215;48, med bunn av terrassebord 120x28mm. Innvendig kledd med fiberduk. P\u00e5 bildet vises flere blomsterkasser, vi lagerf\u00f8rer den laveste rektangul\u00e6re kassen. De andre m\u00e5lene kan bestilles p\u00e5 foresp\u00f8rsel.<\/p>\n<p>M\u00e5l blomsterkasse:<\/p>\n<p>L: 1,20 m<br \/>\nH: o,60 m<br \/>\nB: 0,40 m<br \/>\nVekt: 48 kg<\/p>\n<p>Dersom du bestiller til en bedrift kan du registrere bedriften din <a href=\"https:\/\/kirkensbymisjon.no\/nettbutikk\/min-konto\/?company=1#register-form\">her<\/a> for \u00e5 motta faktura.<\/p>\n","protected":false},"excerpt":{"rendered":"<p>Gi liv til hagen eller terrassen med v\u00e5re h\u00e5ndlagde blomsterkasser, skapt for \u00e5 fremheve skj\u00f8nnheten&hellip;<\/p>\n","protected":false},"featured_media":16660,"template":"","meta":{"_relevanssi_hide_post":"","_relevanssi_hide_content":"","_relevanssi_pin_for_all":"","_relevanssi_pin_keywords":"","_relevanssi_unpin_keywords":"","_relevanssi_related_keywords":"","_relevanssi_related_include_ids":"","_relevanssi_related_exclude_ids":"","_relevanssi_related_no_append":"","_relevanssi_related_not_related":"","_relevanssi_related_posts":"","_relevanssi_noindex_reason":""},"product_brand":[],"product_cat":[65,46],"product_tag":[74],"class_list":{"0":"post-14763","1":"product","2":"type-product","3":"status-publish","4":"has-post-thumbnail","6":"product_cat-portalen-kristiansand","7":"product_cat-tilbehor-og-andre-produkter","8":"product_tag-treverk","9":"product_shipping_class-free-shipping-single","10":"member-discount","11":"discount-restricted","13":"first","14":"instock","15":"purchasable","16":"product-type-simple"},"yoast_head":"<!-- This site is optimized with the Yoast SEO Premium plugin v27.2 (Yoast SEO v27.2) - https:\/\/yoast.com\/product\/yoast-seo-premium-wordpress\/ -->\n<title>Blomsterkasse i heltre - Nettbutikk<\/title>\n<meta name=\"robots\" content=\"index, follow, max-snippet:-1, max-image-preview:large, max-video-preview:-1\" \/>\n<link rel=\"canonical\" href=\"https:\/\/kirkensbymisjon.no\/nettbutikk\/produkt\/blomsterkasse-i-heltre\/\" \/>\n<meta property=\"og:locale\" content=\"nb_NO\" \/>\n<meta property=\"og:type\" content=\"article\" \/>\n<meta property=\"og:title\" content=\"Blomsterkasse i heltre\" \/>\n<meta property=\"og:description\" content=\"Gi liv til hagen eller terrassen med v\u00e5re h\u00e5ndlagde blomsterkasser, skapt for \u00e5 fremheve skj\u00f8nnheten&hellip;\" \/>\n<meta property=\"og:url\" content=\"https:\/\/kirkensbymisjon.no\/nettbutikk\/produkt\/blomsterkasse-i-heltre\/\" \/>\n<meta property=\"og:site_name\" content=\"Nettbutikk\" \/>\n<meta property=\"article:modified_time\" content=\"2026-01-28T13:58:46+00:00\" \/>\n<meta property=\"og:image\" content=\"https:\/\/kirkensbymisjon.no\/content\/uploads\/sites\/123\/2025\/03\/Pryd-blomsterkasse-3-stk-scaled.jpg\" \/>\n\t<meta property=\"og:image:width\" content=\"2560\" \/>\n\t<meta property=\"og:image:height\" content=\"2079\" \/>\n\t<meta property=\"og:image:type\" content=\"image\/jpeg\" \/>\n<meta name=\"twitter:card\" content=\"summary_large_image\" \/>\n<meta name=\"twitter:label1\" content=\"Price\" \/>\n\t<meta name=\"twitter:data1\" content=\"Kr&nbsp;3799,&ndash;\" \/>\n\t<meta name=\"twitter:label2\" content=\"Availability\" \/>\n\t<meta name=\"twitter:data2\" content=\"In stock\" \/>\n<script type=\"application\/ld+json\" class=\"yoast-schema-graph\">{\"@context\":\"https:\/\/schema.org\",\"@graph\":[{\"@type\":\"WebPage\",\"@id\":\"https:\/\/kirkensbymisjon.no\/nettbutikk\/produkt\/blomsterkasse-i-heltre\/\",\"url\":\"https:\/\/kirkensbymisjon.no\/nettbutikk\/produkt\/blomsterkasse-i-heltre\/\",\"name\":\"Blomsterkasse i heltre - Nettbutikk\",\"isPartOf\":{\"@id\":\"https:\/\/kirkensbymisjon.no\/nettbutikk\/#website\"},\"primaryImageOfPage\":{\"@id\":\"https:\/\/kirkensbymisjon.no\/nettbutikk\/produkt\/blomsterkasse-i-heltre\/#primaryimage\"},\"image\":{\"@id\":\"https:\/\/kirkensbymisjon.no\/nettbutikk\/produkt\/blomsterkasse-i-heltre\/#primaryimage\"},\"thumbnailUrl\":\"https:\/\/kirkensbymisjon.no\/content\/uploads\/sites\/123\/2025\/03\/Pryd-blomsterkasse-3-stk-scaled.jpg\",\"datePublished\":\"2025-03-01T11:58:06+00:00\",\"dateModified\":\"2026-01-28T13:58:46+00:00\",\"breadcrumb\":{\"@id\":\"https:\/\/kirkensbymisjon.no\/nettbutikk\/produkt\/blomsterkasse-i-heltre\/#breadcrumb\"},\"inLanguage\":\"nb-NO\",\"potentialAction\":[{\"@type\":\"ReadAction\",\"target\":[\"https:\/\/kirkensbymisjon.no\/nettbutikk\/produkt\/blomsterkasse-i-heltre\/\"]}]},{\"@type\":\"ImageObject\",\"inLanguage\":\"nb-NO\",\"@id\":\"https:\/\/kirkensbymisjon.no\/nettbutikk\/produkt\/blomsterkasse-i-heltre\/#primaryimage\",\"url\":\"https:\/\/kirkensbymisjon.no\/content\/uploads\/sites\/123\/2025\/03\/Pryd-blomsterkasse-3-stk-scaled.jpg\",\"contentUrl\":\"https:\/\/kirkensbymisjon.no\/content\/uploads\/sites\/123\/2025\/03\/Pryd-blomsterkasse-3-stk-scaled.jpg\",\"width\":2560,\"height\":2079},{\"@type\":\"BreadcrumbList\",\"@id\":\"https:\/\/kirkensbymisjon.no\/nettbutikk\/produkt\/blomsterkasse-i-heltre\/#breadcrumb\",\"itemListElement\":[{\"@type\":\"ListItem\",\"position\":1,\"name\":\"Hjem\",\"item\":\"https:\/\/kirkensbymisjon.no\/nettbutikk\/\"},{\"@type\":\"ListItem\",\"position\":2,\"name\":\"Butikk\",\"item\":\"https:\/\/kirkensbymisjon.no\/nettbutikk\/butikk\/\"},{\"@type\":\"ListItem\",\"position\":3,\"name\":\"Blomsterkasse i heltre\"}]},{\"@type\":\"WebSite\",\"@id\":\"https:\/\/kirkensbymisjon.no\/nettbutikk\/#website\",\"url\":\"https:\/\/kirkensbymisjon.no\/nettbutikk\/\",\"name\":\"Nettbutikk\",\"description\":\"\",\"potentialAction\":[{\"@type\":\"SearchAction\",\"target\":{\"@type\":\"EntryPoint\",\"urlTemplate\":\"https:\/\/kirkensbymisjon.no\/nettbutikk\/?s={search_term_string}\"},\"query-input\":{\"@type\":\"PropertyValueSpecification\",\"valueRequired\":true,\"valueName\":\"search_term_string\"}}],\"inLanguage\":\"nb-NO\"}]}<\/script>\n<meta property=\"product:price:amount\" content=\"3799.00\" \/>\n<meta property=\"product:price:currency\" content=\"NOK\" \/>\n<meta property=\"og:availability\" content=\"instock\" \/>\n<meta property=\"product:availability\" content=\"instock\" \/>\n<meta property=\"product:retailer_item_id\" content=\"Blomsterkasse\" \/>\n<meta property=\"product:condition\" content=\"new\" \/>\n<!-- \/ Yoast SEO Premium plugin. -->","yoast_head_json":{"title":"Blomsterkasse i heltre - Nettbutikk","robots":{"index":"index","follow":"follow","max-snippet":"max-snippet:-1","max-image-preview":"max-image-preview:large","max-video-preview":"max-video-preview:-1"},"canonical":"https:\/\/kirkensbymisjon.no\/nettbutikk\/produkt\/blomsterkasse-i-heltre\/","og_locale":"nb_NO","og_type":"article","og_title":"Blomsterkasse i heltre","og_description":"Gi liv til hagen eller terrassen med v\u00e5re h\u00e5ndlagde blomsterkasser, skapt for \u00e5 fremheve skj\u00f8nnheten&hellip;","og_url":"https:\/\/kirkensbymisjon.no\/nettbutikk\/produkt\/blomsterkasse-i-heltre\/","og_site_name":"Nettbutikk","article_modified_time":"2026-01-28T13:58:46+00:00","og_image":[{"width":2560,"height":2079,"url":"https:\/\/kirkensbymisjon.no\/content\/uploads\/sites\/123\/2025\/03\/Pryd-blomsterkasse-3-stk-scaled.jpg","type":"image\/jpeg"}],"twitter_card":"summary_large_image","twitter_misc":{"Price":"Kr&nbsp;3799,&ndash;","Availability":"In stock"},"schema":{"@context":"https:\/\/schema.org","@graph":[{"@type":"WebPage","@id":"https:\/\/kirkensbymisjon.no\/nettbutikk\/produkt\/blomsterkasse-i-heltre\/","url":"https:\/\/kirkensbymisjon.no\/nettbutikk\/produkt\/blomsterkasse-i-heltre\/","name":"Blomsterkasse i heltre - Nettbutikk","isPartOf":{"@id":"https:\/\/kirkensbymisjon.no\/nettbutikk\/#website"},"primaryImageOfPage":{"@id":"https:\/\/kirkensbymisjon.no\/nettbutikk\/produkt\/blomsterkasse-i-heltre\/#primaryimage"},"image":{"@id":"https:\/\/kirkensbymisjon.no\/nettbutikk\/produkt\/blomsterkasse-i-heltre\/#primaryimage"},"thumbnailUrl":"https:\/\/kirkensbymisjon.no\/content\/uploads\/sites\/123\/2025\/03\/Pryd-blomsterkasse-3-stk-scaled.jpg","datePublished":"2025-03-01T11:58:06+00:00","dateModified":"2026-01-28T13:58:46+00:00","breadcrumb":{"@id":"https:\/\/kirkensbymisjon.no\/nettbutikk\/produkt\/blomsterkasse-i-heltre\/#breadcrumb"},"inLanguage":"nb-NO","potentialAction":[{"@type":"ReadAction","target":["https:\/\/kirkensbymisjon.no\/nettbutikk\/produkt\/blomsterkasse-i-heltre\/"]}]},{"@type":"ImageObject","inLanguage":"nb-NO","@id":"https:\/\/kirkensbymisjon.no\/nettbutikk\/produkt\/blomsterkasse-i-heltre\/#primaryimage","url":"https:\/\/kirkensbymisjon.no\/content\/uploads\/sites\/123\/2025\/03\/Pryd-blomsterkasse-3-stk-scaled.jpg","contentUrl":"https:\/\/kirkensbymisjon.no\/content\/uploads\/sites\/123\/2025\/03\/Pryd-blomsterkasse-3-stk-scaled.jpg","width":2560,"height":2079},{"@type":"BreadcrumbList","@id":"https:\/\/kirkensbymisjon.no\/nettbutikk\/produkt\/blomsterkasse-i-heltre\/#breadcrumb","itemListElement":[{"@type":"ListItem","position":1,"name":"Hjem","item":"https:\/\/kirkensbymisjon.no\/nettbutikk\/"},{"@type":"ListItem","position":2,"name":"Butikk","item":"https:\/\/kirkensbymisjon.no\/nettbutikk\/butikk\/"},{"@type":"ListItem","position":3,"name":"Blomsterkasse i heltre"}]},{"@type":"WebSite","@id":"https:\/\/kirkensbymisjon.no\/nettbutikk\/#website","url":"https:\/\/kirkensbymisjon.no\/nettbutikk\/","name":"Nettbutikk","description":"","potentialAction":[{"@type":"SearchAction","target":{"@type":"EntryPoint","urlTemplate":"https:\/\/kirkensbymisjon.no\/nettbutikk\/?s={search_term_string}"},"query-input":{"@type":"PropertyValueSpecification","valueRequired":true,"valueName":"search_term_string"}}],"inLanguage":"nb-NO"}]},"product_price_amount":"3799.00","product_price_currency":"NOK","og_availability":"instock","product_availability":"instock","product_retailer_item_id":"Blomsterkasse","product_condition":"new"},"_links":{"self":[{"href":"https:\/\/kirkensbymisjon.no\/nettbutikk\/wp-json\/wp\/v2\/product\/14763","targetHints":{"allow":["GET"]}}],"collection":[{"href":"https:\/\/kirkensbymisjon.no\/nettbutikk\/wp-json\/wp\/v2\/product"}],"about":[{"href":"https:\/\/kirkensbymisjon.no\/nettbutikk\/wp-json\/wp\/v2\/types\/product"}],"wp:featuredmedia":[{"embeddable":true,"href":"https:\/\/kirkensbymisjon.no\/nettbutikk\/wp-json\/wp\/v2\/media\/16660"}],"wp:attachment":[{"href":"https:\/\/kirkensbymisjon.no\/nettbutikk\/wp-json\/wp\/v2\/media?parent=14763"}],"wp:term":[{"taxonomy":"product_brand","embeddable":true,"href":"https:\/\/kirkensbymisjon.no\/nettbutikk\/wp-json\/wp\/v2\/product_brand?post=14763"},{"taxonomy":"product_cat","embeddable":true,"href":"https:\/\/kirkensbymisjon.no\/nettbutikk\/wp-json\/wp\/v2\/product_cat?post=14763"},{"taxonomy":"product_tag","embeddable":true,"href":"https:\/\/kirkensbymisjon.no\/nettbutikk\/wp-json\/wp\/v2\/product_tag?post=14763"}],"curies":[{"name":"wp","href":"https:\/\/api.w.org\/{rel}","templated":true}]}}