{"id":14776,"date":"2025-01-14T16:55:49","date_gmt":"2025-01-14T15:55:49","guid":{"rendered":"https:\/\/kirkensbymisjon.no\/nettbutikk\/?post_type=product&#038;p=14776"},"modified":"2026-04-12T20:43:56","modified_gmt":"2026-04-12T18:43:56","slug":"faebrik-x-kirkens-bymisjon-monstervekt","status":"publish","type":"product","link":"https:\/\/kirkensbymisjon.no\/nettbutikk\/produkt\/faebrik-x-kirkens-bymisjon-monstervekt\/","title":{"rendered":"F\u00e6brik x Kirkens Bymisjon &#8211; m\u00f8nstervekt"},"content":{"rendered":"<p>M\u00f8nstervektene med magnet er utviklet i samarbeid med jentene p\u00e5 F\u00e6brik. P\u00e5 verkstedet v\u00e5rt samler vi p\u00e5 alle glassbiter som blir til overs i produksjonen og lager nye vakre produkter i terrazzom\u00f8nster.\u00a0 Vi tar vare p\u00e5 alt og forvandler hver minste rest til noe nytt, nyttig og vakkert.<\/p>\n<p>Disse vektene holder m\u00f8nsteret p\u00e5 plass og har en magnet p\u00e5 toppen s\u00e5 du enkelt har kontroll p\u00e5 knappen\u00e5lene. M\u00f8nstervektene kommer i ulike fargesammensetninger; sort, rosa og kobolt.<\/p>\n<p>Her f\u00e5r du et vakkert designprodukt samtidig som du st\u00f8tter Kirkens Bymisjons arbeid for \u00e5 skape et arbeidstilbud for mennesker som strever med rus. En flott gave med mening som er pakket i silkepapir og leveres i gaveeske.<\/p>\n<p>St\u00f8rrelse: diameter 9 cm, h\u00f8yde 2,5 cm<\/p>\n<p>Dette produktet er h\u00e5ndlaget ved arbeidstilbudet I jobb,\u00a0<a href=\"https:\/\/kirkensbymisjon.no\/nettbutikk\/produktkategori\/verksteder\/i-jobb-oslo\/\">Oslo<\/a><\/p>\n","protected":false},"excerpt":{"rendered":"<p>M\u00f8nstervektene med magnet er utviklet i samarbeid med F\u00e6brik. P\u00e5 verkstedet v\u00e5rt samler vi p\u00e5&hellip;<\/p>\n","protected":false},"featured_media":17755,"template":"","meta":{"_relevanssi_hide_post":"","_relevanssi_hide_content":"","_relevanssi_pin_for_all":"","_relevanssi_pin_keywords":"","_relevanssi_unpin_keywords":"","_relevanssi_related_keywords":"","_relevanssi_related_include_ids":"","_relevanssi_related_exclude_ids":"","_relevanssi_related_no_append":"","_relevanssi_related_not_related":"","_relevanssi_related_posts":"","_relevanssi_noindex_reason":""},"product_brand":[],"product_cat":[56,46],"product_tag":[],"class_list":{"0":"post-14776","1":"product","2":"type-product","3":"status-publish","4":"has-post-thumbnail","6":"product_cat-i-jobb-oslo","7":"product_cat-tilbehor-og-andre-produkter","8":"member-discount","9":"discount-restricted","11":"first","12":"instock","13":"purchasable","14":"product-type-variable","15":"has-default-attributes"},"yoast_head":"<!-- This site is optimized with the Yoast SEO Premium plugin v27.2 (Yoast SEO v27.2) - https:\/\/yoast.com\/product\/yoast-seo-premium-wordpress\/ -->\n<title>F\u00e6brik x Kirkens Bymisjon - m\u00f8nstervekt - Nettbutikk<\/title>\n<meta name=\"robots\" content=\"index, follow, max-snippet:-1, max-image-preview:large, max-video-preview:-1\" \/>\n<link rel=\"canonical\" href=\"https:\/\/kirkensbymisjon.no\/nettbutikk\/produkt\/faebrik-x-kirkens-bymisjon-monstervekt\/\" \/>\n<meta property=\"og:locale\" content=\"nb_NO\" \/>\n<meta property=\"og:type\" content=\"article\" \/>\n<meta property=\"og:title\" content=\"F\u00e6brik x Kirkens Bymisjon - m\u00f8nstervekt\" \/>\n<meta property=\"og:description\" content=\"M\u00f8nstervektene med magnet er utviklet i samarbeid med F\u00e6brik. P\u00e5 verkstedet v\u00e5rt samler vi p\u00e5&hellip;\" \/>\n<meta property=\"og:url\" content=\"https:\/\/kirkensbymisjon.no\/nettbutikk\/produkt\/faebrik-x-kirkens-bymisjon-monstervekt\/\" \/>\n<meta property=\"og:site_name\" content=\"Nettbutikk\" \/>\n<meta property=\"article:modified_time\" content=\"2026-04-12T18:43:56+00:00\" \/>\n<meta property=\"og:image\" content=\"https:\/\/kirkensbymisjon.no\/content\/uploads\/sites\/123\/2025\/04\/Faebrik-monstervekt-2-1024x1024.jpg\" \/>\n\t<meta property=\"og:image:width\" content=\"1024\" \/>\n\t<meta property=\"og:image:height\" content=\"1024\" \/>\n\t<meta property=\"og:image:type\" content=\"image\/jpeg\" \/>\n<meta name=\"twitter:card\" content=\"summary_large_image\" \/>\n<meta name=\"twitter:label1\" content=\"Availability\" \/>\n\t<meta name=\"twitter:data1\" content=\"In stock\" \/>\n<script type=\"application\/ld+json\" class=\"yoast-schema-graph\">{\"@context\":\"https:\/\/schema.org\",\"@graph\":[{\"@type\":\"WebPage\",\"@id\":\"https:\/\/kirkensbymisjon.no\/nettbutikk\/produkt\/faebrik-x-kirkens-bymisjon-monstervekt\/\",\"url\":\"https:\/\/kirkensbymisjon.no\/nettbutikk\/produkt\/faebrik-x-kirkens-bymisjon-monstervekt\/\",\"name\":\"F\u00e6brik x Kirkens Bymisjon - m\u00f8nstervekt - Nettbutikk\",\"isPartOf\":{\"@id\":\"https:\/\/kirkensbymisjon.no\/nettbutikk\/#website\"},\"primaryImageOfPage\":{\"@id\":\"https:\/\/kirkensbymisjon.no\/nettbutikk\/produkt\/faebrik-x-kirkens-bymisjon-monstervekt\/#primaryimage\"},\"image\":{\"@id\":\"https:\/\/kirkensbymisjon.no\/nettbutikk\/produkt\/faebrik-x-kirkens-bymisjon-monstervekt\/#primaryimage\"},\"thumbnailUrl\":\"https:\/\/kirkensbymisjon.no\/content\/uploads\/sites\/123\/2025\/04\/Faebrik-monstervekt-2-e1744208270847.jpg\",\"datePublished\":\"2025-01-14T15:55:49+00:00\",\"dateModified\":\"2026-04-12T18:43:56+00:00\",\"breadcrumb\":{\"@id\":\"https:\/\/kirkensbymisjon.no\/nettbutikk\/produkt\/faebrik-x-kirkens-bymisjon-monstervekt\/#breadcrumb\"},\"inLanguage\":\"nb-NO\",\"potentialAction\":[{\"@type\":\"ReadAction\",\"target\":[\"https:\/\/kirkensbymisjon.no\/nettbutikk\/produkt\/faebrik-x-kirkens-bymisjon-monstervekt\/\"]}]},{\"@type\":\"ImageObject\",\"inLanguage\":\"nb-NO\",\"@id\":\"https:\/\/kirkensbymisjon.no\/nettbutikk\/produkt\/faebrik-x-kirkens-bymisjon-monstervekt\/#primaryimage\",\"url\":\"https:\/\/kirkensbymisjon.no\/content\/uploads\/sites\/123\/2025\/04\/Faebrik-monstervekt-2-e1744208270847.jpg\",\"contentUrl\":\"https:\/\/kirkensbymisjon.no\/content\/uploads\/sites\/123\/2025\/04\/Faebrik-monstervekt-2-e1744208270847.jpg\",\"width\":1000,\"height\":1000},{\"@type\":\"BreadcrumbList\",\"@id\":\"https:\/\/kirkensbymisjon.no\/nettbutikk\/produkt\/faebrik-x-kirkens-bymisjon-monstervekt\/#breadcrumb\",\"itemListElement\":[{\"@type\":\"ListItem\",\"position\":1,\"name\":\"Hjem\",\"item\":\"https:\/\/kirkensbymisjon.no\/nettbutikk\/\"},{\"@type\":\"ListItem\",\"position\":2,\"name\":\"Butikk\",\"item\":\"https:\/\/kirkensbymisjon.no\/nettbutikk\/butikk\/\"},{\"@type\":\"ListItem\",\"position\":3,\"name\":\"F\u00e6brik x Kirkens Bymisjon &#8211; m\u00f8nstervekt\"}]},{\"@type\":\"WebSite\",\"@id\":\"https:\/\/kirkensbymisjon.no\/nettbutikk\/#website\",\"url\":\"https:\/\/kirkensbymisjon.no\/nettbutikk\/\",\"name\":\"Nettbutikk\",\"description\":\"\",\"potentialAction\":[{\"@type\":\"SearchAction\",\"target\":{\"@type\":\"EntryPoint\",\"urlTemplate\":\"https:\/\/kirkensbymisjon.no\/nettbutikk\/?s={search_term_string}\"},\"query-input\":{\"@type\":\"PropertyValueSpecification\",\"valueRequired\":true,\"valueName\":\"search_term_string\"}}],\"inLanguage\":\"nb-NO\"}]}<\/script>\n<meta property=\"og:availability\" content=\"instock\" \/>\n<meta property=\"product:availability\" content=\"instock\" \/>\n<meta property=\"product:retailer_item_id\" content=\"F1001\" \/>\n<meta property=\"product:condition\" content=\"new\" \/>\n<!-- \/ Yoast SEO Premium plugin. -->","yoast_head_json":{"title":"F\u00e6brik x Kirkens Bymisjon - m\u00f8nstervekt - Nettbutikk","robots":{"index":"index","follow":"follow","max-snippet":"max-snippet:-1","max-image-preview":"max-image-preview:large","max-video-preview":"max-video-preview:-1"},"canonical":"https:\/\/kirkensbymisjon.no\/nettbutikk\/produkt\/faebrik-x-kirkens-bymisjon-monstervekt\/","og_locale":"nb_NO","og_type":"article","og_title":"F\u00e6brik x Kirkens Bymisjon - m\u00f8nstervekt","og_description":"M\u00f8nstervektene med magnet er utviklet i samarbeid med F\u00e6brik. P\u00e5 verkstedet v\u00e5rt samler vi p\u00e5&hellip;","og_url":"https:\/\/kirkensbymisjon.no\/nettbutikk\/produkt\/faebrik-x-kirkens-bymisjon-monstervekt\/","og_site_name":"Nettbutikk","article_modified_time":"2026-04-12T18:43:56+00:00","og_image":[{"width":1024,"height":1024,"url":"https:\/\/kirkensbymisjon.no\/content\/uploads\/sites\/123\/2025\/04\/Faebrik-monstervekt-2-1024x1024.jpg","type":"image\/jpeg"}],"twitter_card":"summary_large_image","twitter_misc":{"Availability":"In stock"},"schema":{"@context":"https:\/\/schema.org","@graph":[{"@type":"WebPage","@id":"https:\/\/kirkensbymisjon.no\/nettbutikk\/produkt\/faebrik-x-kirkens-bymisjon-monstervekt\/","url":"https:\/\/kirkensbymisjon.no\/nettbutikk\/produkt\/faebrik-x-kirkens-bymisjon-monstervekt\/","name":"F\u00e6brik x Kirkens Bymisjon - m\u00f8nstervekt - Nettbutikk","isPartOf":{"@id":"https:\/\/kirkensbymisjon.no\/nettbutikk\/#website"},"primaryImageOfPage":{"@id":"https:\/\/kirkensbymisjon.no\/nettbutikk\/produkt\/faebrik-x-kirkens-bymisjon-monstervekt\/#primaryimage"},"image":{"@id":"https:\/\/kirkensbymisjon.no\/nettbutikk\/produkt\/faebrik-x-kirkens-bymisjon-monstervekt\/#primaryimage"},"thumbnailUrl":"https:\/\/kirkensbymisjon.no\/content\/uploads\/sites\/123\/2025\/04\/Faebrik-monstervekt-2-e1744208270847.jpg","datePublished":"2025-01-14T15:55:49+00:00","dateModified":"2026-04-12T18:43:56+00:00","breadcrumb":{"@id":"https:\/\/kirkensbymisjon.no\/nettbutikk\/produkt\/faebrik-x-kirkens-bymisjon-monstervekt\/#breadcrumb"},"inLanguage":"nb-NO","potentialAction":[{"@type":"ReadAction","target":["https:\/\/kirkensbymisjon.no\/nettbutikk\/produkt\/faebrik-x-kirkens-bymisjon-monstervekt\/"]}]},{"@type":"ImageObject","inLanguage":"nb-NO","@id":"https:\/\/kirkensbymisjon.no\/nettbutikk\/produkt\/faebrik-x-kirkens-bymisjon-monstervekt\/#primaryimage","url":"https:\/\/kirkensbymisjon.no\/content\/uploads\/sites\/123\/2025\/04\/Faebrik-monstervekt-2-e1744208270847.jpg","contentUrl":"https:\/\/kirkensbymisjon.no\/content\/uploads\/sites\/123\/2025\/04\/Faebrik-monstervekt-2-e1744208270847.jpg","width":1000,"height":1000},{"@type":"BreadcrumbList","@id":"https:\/\/kirkensbymisjon.no\/nettbutikk\/produkt\/faebrik-x-kirkens-bymisjon-monstervekt\/#breadcrumb","itemListElement":[{"@type":"ListItem","position":1,"name":"Hjem","item":"https:\/\/kirkensbymisjon.no\/nettbutikk\/"},{"@type":"ListItem","position":2,"name":"Butikk","item":"https:\/\/kirkensbymisjon.no\/nettbutikk\/butikk\/"},{"@type":"ListItem","position":3,"name":"F\u00e6brik x Kirkens Bymisjon &#8211; m\u00f8nstervekt"}]},{"@type":"WebSite","@id":"https:\/\/kirkensbymisjon.no\/nettbutikk\/#website","url":"https:\/\/kirkensbymisjon.no\/nettbutikk\/","name":"Nettbutikk","description":"","potentialAction":[{"@type":"SearchAction","target":{"@type":"EntryPoint","urlTemplate":"https:\/\/kirkensbymisjon.no\/nettbutikk\/?s={search_term_string}"},"query-input":{"@type":"PropertyValueSpecification","valueRequired":true,"valueName":"search_term_string"}}],"inLanguage":"nb-NO"}]},"og_availability":"instock","product_availability":"instock","product_retailer_item_id":"F1001","product_condition":"new"},"_links":{"self":[{"href":"https:\/\/kirkensbymisjon.no\/nettbutikk\/wp-json\/wp\/v2\/product\/14776","targetHints":{"allow":["GET"]}}],"collection":[{"href":"https:\/\/kirkensbymisjon.no\/nettbutikk\/wp-json\/wp\/v2\/product"}],"about":[{"href":"https:\/\/kirkensbymisjon.no\/nettbutikk\/wp-json\/wp\/v2\/types\/product"}],"wp:featuredmedia":[{"embeddable":true,"href":"https:\/\/kirkensbymisjon.no\/nettbutikk\/wp-json\/wp\/v2\/media\/17755"}],"wp:attachment":[{"href":"https:\/\/kirkensbymisjon.no\/nettbutikk\/wp-json\/wp\/v2\/media?parent=14776"}],"wp:term":[{"taxonomy":"product_brand","embeddable":true,"href":"https:\/\/kirkensbymisjon.no\/nettbutikk\/wp-json\/wp\/v2\/product_brand?post=14776"},{"taxonomy":"product_cat","embeddable":true,"href":"https:\/\/kirkensbymisjon.no\/nettbutikk\/wp-json\/wp\/v2\/product_cat?post=14776"},{"taxonomy":"product_tag","embeddable":true,"href":"https:\/\/kirkensbymisjon.no\/nettbutikk\/wp-json\/wp\/v2\/product_tag?post=14776"}],"curies":[{"name":"wp","href":"https:\/\/api.w.org\/{rel}","templated":true}]}}