{"id":15429,"date":"2025-04-02T12:46:15","date_gmt":"2025-04-02T10:46:15","guid":{"rendered":"https:\/\/kirkensbymisjon.no\/nettbutikk\/?post_type=product&#038;p=15429"},"modified":"2026-04-01T22:44:25","modified_gmt":"2026-04-01T20:44:25","slug":"accoya-skjaerefjol-oval-liten","status":"publish","type":"product","link":"https:\/\/kirkensbymisjon.no\/nettbutikk\/produkt\/accoya-skjaerefjol-oval-liten\/","title":{"rendered":"Accoya skj\u00e6refj\u00f8l oval &#8211; liten"},"content":{"rendered":"<p>Denne skj\u00e6rebrikken kombinerer en organisk, elegant form med solide bruksegenskaper Den er lett i vekt, enkel \u00e5 h\u00e5ndtere og t\u00e5ler oppvaskmaskin. Det er et b\u00e6rekraftig alternativ til plast, tradisjonelle trefj\u00f8ler og titanmodeller. Men sin slitestyrke og hygiensike overflate er dette et perfekt og riktig valg for b\u00e5de kj\u00f8kkenet og tursekken. Produktene er laget ved Portalen i\u00a0<a href=\"https:\/\/kirkensbymisjon.no\/nettbutikk\/produktkategori\/verksteder\/portalen-kristiansand\/\">Kristiansand, <\/a>som er en rehabiliteringsbedrift der folk tar tak i sin rusavhengighet og gj\u00f8r noe med den. T\u00e5ler oppvaskmaskin.<\/p>\n<p>St\u00f8rrelse: 25 x 19 x 1,2 cm<\/p>\n<p>NB! Accoya fj\u00f8la er et organisk materiale og m\u00e5 behandler deretter. For \u00e5 bevare formen og kvaliteten p\u00e5 accoyafj\u00f8la etter maskinvask, er det viktig \u00e5 t\u00f8rke den riktig. Plasser fj\u00f8la p\u00e5 h\u00f8ykant med god lufting p\u00e5 begge sider. Som med alle typer organisk materiale og tretyper kan manglende lufting medf\u00f8re fukt og dannelse av mugg. Det er derfor viktig at fj\u00f8lene ikke ligger inntil hverandre og at de f\u00e5r rikelig med luft slik at de t\u00f8rker godt etter vask.<br \/>\nTynne skj\u00e6refj\u00f8ler kan lettere b\u00f8ye seg, men dette er enkelt \u00e5 fikse. Hvis produktet har blitt b\u00f8yd, kan du fukte den lett og legge den p\u00e5 benken med buen opp. Etter noen minutter vil den rette seg av seg selv. Deretter kan du fortsette t\u00f8rkingen p\u00e5 h\u00f8ykant med god lufting.<\/p>\n<p>Accoya er et modifisert, men sv\u00e6rt milj\u00f8vennlig trevirke fremstilt av hurtigvoksende furu. Trevirket som har gjennomg\u00e5tt en acetyleringsprosess som utl\u00f8ser en kjemisk reaksjon i cellestrukturen. Dette bidrar til at treverket har en vannavst\u00f8tende egenskap og dermed kan vaskes i oppvaskmaskinen, noe som gj\u00f8r det enklere \u00e5 fjerne bakterier og lukt. Samtidig f\u00e5r ikke treverket fiberreisning eller fliser. Produktet er milj\u00f8vennlig fremstilt, svanemerket og har enn lett vekt.<\/p>\n","protected":false},"excerpt":{"rendered":"<p>Fj\u00f8la har en organisk, elegant form, og er b\u00e5de lett og solid. Et stilrent og&hellip;<\/p>\n","protected":false},"featured_media":15509,"template":"","meta":{"_relevanssi_hide_post":"","_relevanssi_hide_content":"","_relevanssi_pin_for_all":"","_relevanssi_pin_keywords":"","_relevanssi_unpin_keywords":"","_relevanssi_related_keywords":"","_relevanssi_related_include_ids":"","_relevanssi_related_exclude_ids":"","_relevanssi_related_no_append":"","_relevanssi_related_not_related":"","_relevanssi_related_posts":"","_relevanssi_noindex_reason":""},"product_brand":[],"product_cat":[42,39,65],"product_tag":[89,99,96,74,92],"class_list":{"0":"post-15429","1":"product","2":"type-product","3":"status-publish","4":"has-post-thumbnail","6":"product_cat-borddekking","7":"product_cat-kjokken","8":"product_cat-portalen-kristiansand","9":"product_tag-accoya","10":"product_tag-bestselger","11":"product_tag-hostfavoritter","12":"product_tag-treverk","13":"product_tag-varfavoritter","14":"member-discount","15":"discount-restricted","17":"first","18":"instock","19":"purchasable","20":"product-type-simple"},"yoast_head":"<!-- This site is optimized with the Yoast SEO Premium plugin v27.2 (Yoast SEO v27.2) - https:\/\/yoast.com\/product\/yoast-seo-premium-wordpress\/ -->\n<title>Accoya skj\u00e6refj\u00f8l oval - liten - Nettbutikk<\/title>\n<meta name=\"robots\" content=\"index, follow, max-snippet:-1, max-image-preview:large, max-video-preview:-1\" \/>\n<link rel=\"canonical\" href=\"https:\/\/kirkensbymisjon.no\/nettbutikk\/produkt\/accoya-skjaerefjol-oval-liten\/\" \/>\n<meta property=\"og:locale\" content=\"nb_NO\" \/>\n<meta property=\"og:type\" content=\"article\" \/>\n<meta property=\"og:title\" content=\"Accoya skj\u00e6refj\u00f8l oval - liten\" \/>\n<meta property=\"og:description\" content=\"Fj\u00f8la har en organisk, elegant form, og er b\u00e5de lett og solid. Et stilrent og&hellip;\" \/>\n<meta property=\"og:url\" content=\"https:\/\/kirkensbymisjon.no\/nettbutikk\/produkt\/accoya-skjaerefjol-oval-liten\/\" \/>\n<meta property=\"og:site_name\" content=\"Nettbutikk\" \/>\n<meta property=\"article:modified_time\" content=\"2026-04-01T20:44:25+00:00\" \/>\n<meta property=\"og:image\" content=\"https:\/\/kirkensbymisjon.no\/content\/uploads\/sites\/123\/2025\/02\/skjarebrett-accoya-2.jpg\" \/>\n\t<meta property=\"og:image:width\" content=\"1000\" \/>\n\t<meta property=\"og:image:height\" content=\"1000\" \/>\n\t<meta property=\"og:image:type\" content=\"image\/jpeg\" \/>\n<meta name=\"twitter:card\" content=\"summary_large_image\" \/>\n<meta name=\"twitter:label1\" content=\"Price\" \/>\n\t<meta name=\"twitter:data1\" content=\"Kr&nbsp;349,&ndash;\" \/>\n\t<meta name=\"twitter:label2\" content=\"Availability\" \/>\n\t<meta name=\"twitter:data2\" content=\"In stock\" \/>\n<script type=\"application\/ld+json\" class=\"yoast-schema-graph\">{\"@context\":\"https:\/\/schema.org\",\"@graph\":[{\"@type\":\"WebPage\",\"@id\":\"https:\/\/kirkensbymisjon.no\/nettbutikk\/produkt\/accoya-skjaerefjol-oval-liten\/\",\"url\":\"https:\/\/kirkensbymisjon.no\/nettbutikk\/produkt\/accoya-skjaerefjol-oval-liten\/\",\"name\":\"Accoya skj\u00e6refj\u00f8l oval - liten - Nettbutikk\",\"isPartOf\":{\"@id\":\"https:\/\/kirkensbymisjon.no\/nettbutikk\/#website\"},\"primaryImageOfPage\":{\"@id\":\"https:\/\/kirkensbymisjon.no\/nettbutikk\/produkt\/accoya-skjaerefjol-oval-liten\/#primaryimage\"},\"image\":{\"@id\":\"https:\/\/kirkensbymisjon.no\/nettbutikk\/produkt\/accoya-skjaerefjol-oval-liten\/#primaryimage\"},\"thumbnailUrl\":\"https:\/\/kirkensbymisjon.no\/content\/uploads\/sites\/123\/2025\/02\/skjarebrett-accoya-2.jpg\",\"datePublished\":\"2025-04-02T10:46:15+00:00\",\"dateModified\":\"2026-04-01T20:44:25+00:00\",\"breadcrumb\":{\"@id\":\"https:\/\/kirkensbymisjon.no\/nettbutikk\/produkt\/accoya-skjaerefjol-oval-liten\/#breadcrumb\"},\"inLanguage\":\"nb-NO\",\"potentialAction\":[{\"@type\":\"ReadAction\",\"target\":[\"https:\/\/kirkensbymisjon.no\/nettbutikk\/produkt\/accoya-skjaerefjol-oval-liten\/\"]}]},{\"@type\":\"ImageObject\",\"inLanguage\":\"nb-NO\",\"@id\":\"https:\/\/kirkensbymisjon.no\/nettbutikk\/produkt\/accoya-skjaerefjol-oval-liten\/#primaryimage\",\"url\":\"https:\/\/kirkensbymisjon.no\/content\/uploads\/sites\/123\/2025\/02\/skjarebrett-accoya-2.jpg\",\"contentUrl\":\"https:\/\/kirkensbymisjon.no\/content\/uploads\/sites\/123\/2025\/02\/skjarebrett-accoya-2.jpg\",\"width\":1000,\"height\":1000},{\"@type\":\"BreadcrumbList\",\"@id\":\"https:\/\/kirkensbymisjon.no\/nettbutikk\/produkt\/accoya-skjaerefjol-oval-liten\/#breadcrumb\",\"itemListElement\":[{\"@type\":\"ListItem\",\"position\":1,\"name\":\"Hjem\",\"item\":\"https:\/\/kirkensbymisjon.no\/nettbutikk\/\"},{\"@type\":\"ListItem\",\"position\":2,\"name\":\"Butikk\",\"item\":\"https:\/\/kirkensbymisjon.no\/nettbutikk\/butikk\/\"},{\"@type\":\"ListItem\",\"position\":3,\"name\":\"Accoya skj\u00e6refj\u00f8l oval &#8211; liten\"}]},{\"@type\":\"WebSite\",\"@id\":\"https:\/\/kirkensbymisjon.no\/nettbutikk\/#website\",\"url\":\"https:\/\/kirkensbymisjon.no\/nettbutikk\/\",\"name\":\"Nettbutikk\",\"description\":\"\",\"potentialAction\":[{\"@type\":\"SearchAction\",\"target\":{\"@type\":\"EntryPoint\",\"urlTemplate\":\"https:\/\/kirkensbymisjon.no\/nettbutikk\/?s={search_term_string}\"},\"query-input\":{\"@type\":\"PropertyValueSpecification\",\"valueRequired\":true,\"valueName\":\"search_term_string\"}}],\"inLanguage\":\"nb-NO\"}]}<\/script>\n<meta property=\"product:price:amount\" content=\"349.00\" \/>\n<meta property=\"product:price:currency\" content=\"NOK\" \/>\n<meta property=\"og:availability\" content=\"instock\" \/>\n<meta property=\"product:availability\" content=\"instock\" \/>\n<meta property=\"product:retailer_item_id\" content=\"K1134\" \/>\n<meta property=\"product:condition\" content=\"new\" \/>\n<!-- \/ Yoast SEO Premium plugin. -->","yoast_head_json":{"title":"Accoya skj\u00e6refj\u00f8l oval - liten - Nettbutikk","robots":{"index":"index","follow":"follow","max-snippet":"max-snippet:-1","max-image-preview":"max-image-preview:large","max-video-preview":"max-video-preview:-1"},"canonical":"https:\/\/kirkensbymisjon.no\/nettbutikk\/produkt\/accoya-skjaerefjol-oval-liten\/","og_locale":"nb_NO","og_type":"article","og_title":"Accoya skj\u00e6refj\u00f8l oval - liten","og_description":"Fj\u00f8la har en organisk, elegant form, og er b\u00e5de lett og solid. Et stilrent og&hellip;","og_url":"https:\/\/kirkensbymisjon.no\/nettbutikk\/produkt\/accoya-skjaerefjol-oval-liten\/","og_site_name":"Nettbutikk","article_modified_time":"2026-04-01T20:44:25+00:00","og_image":[{"width":1000,"height":1000,"url":"https:\/\/kirkensbymisjon.no\/content\/uploads\/sites\/123\/2025\/02\/skjarebrett-accoya-2.jpg","type":"image\/jpeg"}],"twitter_card":"summary_large_image","twitter_misc":{"Price":"Kr&nbsp;349,&ndash;","Availability":"In stock"},"schema":{"@context":"https:\/\/schema.org","@graph":[{"@type":"WebPage","@id":"https:\/\/kirkensbymisjon.no\/nettbutikk\/produkt\/accoya-skjaerefjol-oval-liten\/","url":"https:\/\/kirkensbymisjon.no\/nettbutikk\/produkt\/accoya-skjaerefjol-oval-liten\/","name":"Accoya skj\u00e6refj\u00f8l oval - liten - Nettbutikk","isPartOf":{"@id":"https:\/\/kirkensbymisjon.no\/nettbutikk\/#website"},"primaryImageOfPage":{"@id":"https:\/\/kirkensbymisjon.no\/nettbutikk\/produkt\/accoya-skjaerefjol-oval-liten\/#primaryimage"},"image":{"@id":"https:\/\/kirkensbymisjon.no\/nettbutikk\/produkt\/accoya-skjaerefjol-oval-liten\/#primaryimage"},"thumbnailUrl":"https:\/\/kirkensbymisjon.no\/content\/uploads\/sites\/123\/2025\/02\/skjarebrett-accoya-2.jpg","datePublished":"2025-04-02T10:46:15+00:00","dateModified":"2026-04-01T20:44:25+00:00","breadcrumb":{"@id":"https:\/\/kirkensbymisjon.no\/nettbutikk\/produkt\/accoya-skjaerefjol-oval-liten\/#breadcrumb"},"inLanguage":"nb-NO","potentialAction":[{"@type":"ReadAction","target":["https:\/\/kirkensbymisjon.no\/nettbutikk\/produkt\/accoya-skjaerefjol-oval-liten\/"]}]},{"@type":"ImageObject","inLanguage":"nb-NO","@id":"https:\/\/kirkensbymisjon.no\/nettbutikk\/produkt\/accoya-skjaerefjol-oval-liten\/#primaryimage","url":"https:\/\/kirkensbymisjon.no\/content\/uploads\/sites\/123\/2025\/02\/skjarebrett-accoya-2.jpg","contentUrl":"https:\/\/kirkensbymisjon.no\/content\/uploads\/sites\/123\/2025\/02\/skjarebrett-accoya-2.jpg","width":1000,"height":1000},{"@type":"BreadcrumbList","@id":"https:\/\/kirkensbymisjon.no\/nettbutikk\/produkt\/accoya-skjaerefjol-oval-liten\/#breadcrumb","itemListElement":[{"@type":"ListItem","position":1,"name":"Hjem","item":"https:\/\/kirkensbymisjon.no\/nettbutikk\/"},{"@type":"ListItem","position":2,"name":"Butikk","item":"https:\/\/kirkensbymisjon.no\/nettbutikk\/butikk\/"},{"@type":"ListItem","position":3,"name":"Accoya skj\u00e6refj\u00f8l oval &#8211; liten"}]},{"@type":"WebSite","@id":"https:\/\/kirkensbymisjon.no\/nettbutikk\/#website","url":"https:\/\/kirkensbymisjon.no\/nettbutikk\/","name":"Nettbutikk","description":"","potentialAction":[{"@type":"SearchAction","target":{"@type":"EntryPoint","urlTemplate":"https:\/\/kirkensbymisjon.no\/nettbutikk\/?s={search_term_string}"},"query-input":{"@type":"PropertyValueSpecification","valueRequired":true,"valueName":"search_term_string"}}],"inLanguage":"nb-NO"}]},"product_price_amount":"349.00","product_price_currency":"NOK","og_availability":"instock","product_availability":"instock","product_retailer_item_id":"K1134","product_condition":"new"},"_links":{"self":[{"href":"https:\/\/kirkensbymisjon.no\/nettbutikk\/wp-json\/wp\/v2\/product\/15429","targetHints":{"allow":["GET"]}}],"collection":[{"href":"https:\/\/kirkensbymisjon.no\/nettbutikk\/wp-json\/wp\/v2\/product"}],"about":[{"href":"https:\/\/kirkensbymisjon.no\/nettbutikk\/wp-json\/wp\/v2\/types\/product"}],"wp:featuredmedia":[{"embeddable":true,"href":"https:\/\/kirkensbymisjon.no\/nettbutikk\/wp-json\/wp\/v2\/media\/15509"}],"wp:attachment":[{"href":"https:\/\/kirkensbymisjon.no\/nettbutikk\/wp-json\/wp\/v2\/media?parent=15429"}],"wp:term":[{"taxonomy":"product_brand","embeddable":true,"href":"https:\/\/kirkensbymisjon.no\/nettbutikk\/wp-json\/wp\/v2\/product_brand?post=15429"},{"taxonomy":"product_cat","embeddable":true,"href":"https:\/\/kirkensbymisjon.no\/nettbutikk\/wp-json\/wp\/v2\/product_cat?post=15429"},{"taxonomy":"product_tag","embeddable":true,"href":"https:\/\/kirkensbymisjon.no\/nettbutikk\/wp-json\/wp\/v2\/product_tag?post=15429"}],"curies":[{"name":"wp","href":"https:\/\/api.w.org\/{rel}","templated":true}]}}