{"id":15557,"date":"2025-02-27T16:20:37","date_gmt":"2025-02-27T15:20:37","guid":{"rendered":"https:\/\/kirkensbymisjon.no\/nettbutikk\/?post_type=product&#038;p=15557"},"modified":"2026-03-27T10:32:57","modified_gmt":"2026-03-27T09:32:57","slug":"gavepakke-telysholder-og-blameis","status":"publish","type":"product","link":"https:\/\/kirkensbymisjon.no\/nettbutikk\/produkt\/gavepakke-telysholder-og-blameis\/","title":{"rendered":"Gavepakke; telysholder og bl\u00e5meis"},"content":{"rendered":"<p><strong>Telysholder med riller<\/strong><\/p>\n<p>Lysestakene er st\u00f8pt for h\u00e5nd i Jesmonite, som er et b\u00e6rekraftig materiale. Etter at produktet er ferdig st\u00f8pt, blir det pusset for h\u00e5nd.\u00a0For \u00e5 gj\u00f8re produktene vannavvisende, blir de forseglet. Hvert produkt er unikt. Sm\u00e5 luftbobler kan forekomme.<\/p>\n<p>St\u00f8rrelse: ca 10 cm i omkrets<\/p>\n<p>T\u00e5ler ikke oppvaskmaskin! M\u00e5 h\u00e5ndvaskes eller t\u00f8rkes av med fuktig klut.<\/p>\n<p>&nbsp;<\/p>\n<p><strong>Bl\u00e5meis<\/strong><\/p>\n<p>Denne vakre bl\u00e5meisen er laget i tradisjonelle farger og er like flott hengende i vinduet, som p\u00e5 kranser og oppsatser. Fuglen er en flott gave til noen du er glad i eller til deg selv. Glass og m\u00f8nster er n\u00f8ye kuttet og montert for h\u00e5nd f\u00f8r de smeltes i glassovnen v\u00e5r.<\/p>\n<p>Fuglen er ca. 6 cm h\u00f8y og leveres med oppheng.<\/p>\n<p>Dette produktet er laget ved et av v\u00e5re verksteder i\u00a0<a href=\"https:\/\/kirkensbymisjon.no\/nettbutikk\/produktkategori\/verksteder\/i-jobb-oslo\/\">Oslo<\/a>.<\/p>\n","protected":false},"excerpt":{"rendered":"<p>En gavepakke som inneholder en lysebl\u00e5 telysholder med riller og en bl\u00e5meis i glass, pent&hellip;<\/p>\n","protected":false},"featured_media":15534,"template":"","meta":{"_relevanssi_hide_post":"","_relevanssi_hide_content":"","_relevanssi_pin_for_all":"","_relevanssi_pin_keywords":"","_relevanssi_unpin_keywords":"","_relevanssi_related_keywords":"","_relevanssi_related_include_ids":"","_relevanssi_related_exclude_ids":"","_relevanssi_related_no_append":"","_relevanssi_related_not_related":"","_relevanssi_related_posts":"","_relevanssi_noindex_reason":""},"product_brand":[],"product_cat":[31,56,86,65],"product_tag":[92],"class_list":{"0":"post-15557","1":"product","2":"type-product","3":"status-publish","4":"has-post-thumbnail","6":"product_cat-gavepakker","7":"product_cat-i-jobb-oslo","8":"product_cat-paskeprodukter","9":"product_cat-portalen-kristiansand","10":"product_tag-varfavoritter","11":"member-discount","12":"discount-restricted","14":"first","15":"instock","16":"purchasable","17":"product-type-simple"},"yoast_head":"<!-- This site is optimized with the Yoast SEO Premium plugin v27.2 (Yoast SEO v27.2) - https:\/\/yoast.com\/product\/yoast-seo-premium-wordpress\/ -->\n<title>Gavepakke; telysholder og bl\u00e5meis - Nettbutikk<\/title>\n<meta name=\"robots\" content=\"index, follow, max-snippet:-1, max-image-preview:large, max-video-preview:-1\" \/>\n<link rel=\"canonical\" href=\"https:\/\/kirkensbymisjon.no\/nettbutikk\/produkt\/gavepakke-telysholder-og-blameis\/\" \/>\n<meta property=\"og:locale\" content=\"nb_NO\" \/>\n<meta property=\"og:type\" content=\"article\" \/>\n<meta property=\"og:title\" content=\"Gavepakke; telysholder og bl\u00e5meis\" \/>\n<meta property=\"og:description\" content=\"En gavepakke som inneholder en lysebl\u00e5 telysholder med riller og en bl\u00e5meis i glass, pent&hellip;\" \/>\n<meta property=\"og:url\" content=\"https:\/\/kirkensbymisjon.no\/nettbutikk\/produkt\/gavepakke-telysholder-og-blameis\/\" \/>\n<meta property=\"og:site_name\" content=\"Nettbutikk\" \/>\n<meta property=\"article:modified_time\" content=\"2026-03-27T09:32:57+00:00\" \/>\n<meta property=\"og:image\" content=\"https:\/\/kirkensbymisjon.no\/content\/uploads\/sites\/123\/2025\/02\/gavepake-blameis-telysholder.jpg\" \/>\n\t<meta property=\"og:image:width\" content=\"1000\" \/>\n\t<meta property=\"og:image:height\" content=\"1000\" \/>\n\t<meta property=\"og:image:type\" content=\"image\/jpeg\" \/>\n<meta name=\"twitter:card\" content=\"summary_large_image\" \/>\n<meta name=\"twitter:label1\" content=\"Price\" \/>\n\t<meta name=\"twitter:data1\" content=\"Kr&nbsp;285,&ndash;\" \/>\n\t<meta name=\"twitter:label2\" content=\"Availability\" \/>\n\t<meta name=\"twitter:data2\" content=\"In stock\" \/>\n<script type=\"application\/ld+json\" class=\"yoast-schema-graph\">{\"@context\":\"https:\/\/schema.org\",\"@graph\":[{\"@type\":\"WebPage\",\"@id\":\"https:\/\/kirkensbymisjon.no\/nettbutikk\/produkt\/gavepakke-telysholder-og-blameis\/\",\"url\":\"https:\/\/kirkensbymisjon.no\/nettbutikk\/produkt\/gavepakke-telysholder-og-blameis\/\",\"name\":\"Gavepakke; telysholder og bl\u00e5meis - Nettbutikk\",\"isPartOf\":{\"@id\":\"https:\/\/kirkensbymisjon.no\/nettbutikk\/#website\"},\"primaryImageOfPage\":{\"@id\":\"https:\/\/kirkensbymisjon.no\/nettbutikk\/produkt\/gavepakke-telysholder-og-blameis\/#primaryimage\"},\"image\":{\"@id\":\"https:\/\/kirkensbymisjon.no\/nettbutikk\/produkt\/gavepakke-telysholder-og-blameis\/#primaryimage\"},\"thumbnailUrl\":\"https:\/\/kirkensbymisjon.no\/content\/uploads\/sites\/123\/2025\/02\/gavepake-blameis-telysholder.jpg\",\"datePublished\":\"2025-02-27T15:20:37+00:00\",\"dateModified\":\"2026-03-27T09:32:57+00:00\",\"breadcrumb\":{\"@id\":\"https:\/\/kirkensbymisjon.no\/nettbutikk\/produkt\/gavepakke-telysholder-og-blameis\/#breadcrumb\"},\"inLanguage\":\"nb-NO\",\"potentialAction\":[{\"@type\":\"ReadAction\",\"target\":[\"https:\/\/kirkensbymisjon.no\/nettbutikk\/produkt\/gavepakke-telysholder-og-blameis\/\"]}]},{\"@type\":\"ImageObject\",\"inLanguage\":\"nb-NO\",\"@id\":\"https:\/\/kirkensbymisjon.no\/nettbutikk\/produkt\/gavepakke-telysholder-og-blameis\/#primaryimage\",\"url\":\"https:\/\/kirkensbymisjon.no\/content\/uploads\/sites\/123\/2025\/02\/gavepake-blameis-telysholder.jpg\",\"contentUrl\":\"https:\/\/kirkensbymisjon.no\/content\/uploads\/sites\/123\/2025\/02\/gavepake-blameis-telysholder.jpg\",\"width\":1000,\"height\":1000},{\"@type\":\"BreadcrumbList\",\"@id\":\"https:\/\/kirkensbymisjon.no\/nettbutikk\/produkt\/gavepakke-telysholder-og-blameis\/#breadcrumb\",\"itemListElement\":[{\"@type\":\"ListItem\",\"position\":1,\"name\":\"Hjem\",\"item\":\"https:\/\/kirkensbymisjon.no\/nettbutikk\/\"},{\"@type\":\"ListItem\",\"position\":2,\"name\":\"Butikk\",\"item\":\"https:\/\/kirkensbymisjon.no\/nettbutikk\/butikk\/\"},{\"@type\":\"ListItem\",\"position\":3,\"name\":\"Gavepakke; telysholder og bl\u00e5meis\"}]},{\"@type\":\"WebSite\",\"@id\":\"https:\/\/kirkensbymisjon.no\/nettbutikk\/#website\",\"url\":\"https:\/\/kirkensbymisjon.no\/nettbutikk\/\",\"name\":\"Nettbutikk\",\"description\":\"\",\"potentialAction\":[{\"@type\":\"SearchAction\",\"target\":{\"@type\":\"EntryPoint\",\"urlTemplate\":\"https:\/\/kirkensbymisjon.no\/nettbutikk\/?s={search_term_string}\"},\"query-input\":{\"@type\":\"PropertyValueSpecification\",\"valueRequired\":true,\"valueName\":\"search_term_string\"}}],\"inLanguage\":\"nb-NO\"}]}<\/script>\n<meta property=\"product:price:amount\" content=\"285.00\" \/>\n<meta property=\"product:price:currency\" content=\"NOK\" \/>\n<meta property=\"og:availability\" content=\"instock\" \/>\n<meta property=\"product:availability\" content=\"instock\" \/>\n<meta property=\"product:retailer_item_id\" content=\"Pakke - telysholder + bl\u00e5meis\" \/>\n<meta property=\"product:condition\" content=\"new\" \/>\n<!-- \/ Yoast SEO Premium plugin. -->","yoast_head_json":{"title":"Gavepakke; telysholder og bl\u00e5meis - Nettbutikk","robots":{"index":"index","follow":"follow","max-snippet":"max-snippet:-1","max-image-preview":"max-image-preview:large","max-video-preview":"max-video-preview:-1"},"canonical":"https:\/\/kirkensbymisjon.no\/nettbutikk\/produkt\/gavepakke-telysholder-og-blameis\/","og_locale":"nb_NO","og_type":"article","og_title":"Gavepakke; telysholder og bl\u00e5meis","og_description":"En gavepakke som inneholder en lysebl\u00e5 telysholder med riller og en bl\u00e5meis i glass, pent&hellip;","og_url":"https:\/\/kirkensbymisjon.no\/nettbutikk\/produkt\/gavepakke-telysholder-og-blameis\/","og_site_name":"Nettbutikk","article_modified_time":"2026-03-27T09:32:57+00:00","og_image":[{"width":1000,"height":1000,"url":"https:\/\/kirkensbymisjon.no\/content\/uploads\/sites\/123\/2025\/02\/gavepake-blameis-telysholder.jpg","type":"image\/jpeg"}],"twitter_card":"summary_large_image","twitter_misc":{"Price":"Kr&nbsp;285,&ndash;","Availability":"In stock"},"schema":{"@context":"https:\/\/schema.org","@graph":[{"@type":"WebPage","@id":"https:\/\/kirkensbymisjon.no\/nettbutikk\/produkt\/gavepakke-telysholder-og-blameis\/","url":"https:\/\/kirkensbymisjon.no\/nettbutikk\/produkt\/gavepakke-telysholder-og-blameis\/","name":"Gavepakke; telysholder og bl\u00e5meis - Nettbutikk","isPartOf":{"@id":"https:\/\/kirkensbymisjon.no\/nettbutikk\/#website"},"primaryImageOfPage":{"@id":"https:\/\/kirkensbymisjon.no\/nettbutikk\/produkt\/gavepakke-telysholder-og-blameis\/#primaryimage"},"image":{"@id":"https:\/\/kirkensbymisjon.no\/nettbutikk\/produkt\/gavepakke-telysholder-og-blameis\/#primaryimage"},"thumbnailUrl":"https:\/\/kirkensbymisjon.no\/content\/uploads\/sites\/123\/2025\/02\/gavepake-blameis-telysholder.jpg","datePublished":"2025-02-27T15:20:37+00:00","dateModified":"2026-03-27T09:32:57+00:00","breadcrumb":{"@id":"https:\/\/kirkensbymisjon.no\/nettbutikk\/produkt\/gavepakke-telysholder-og-blameis\/#breadcrumb"},"inLanguage":"nb-NO","potentialAction":[{"@type":"ReadAction","target":["https:\/\/kirkensbymisjon.no\/nettbutikk\/produkt\/gavepakke-telysholder-og-blameis\/"]}]},{"@type":"ImageObject","inLanguage":"nb-NO","@id":"https:\/\/kirkensbymisjon.no\/nettbutikk\/produkt\/gavepakke-telysholder-og-blameis\/#primaryimage","url":"https:\/\/kirkensbymisjon.no\/content\/uploads\/sites\/123\/2025\/02\/gavepake-blameis-telysholder.jpg","contentUrl":"https:\/\/kirkensbymisjon.no\/content\/uploads\/sites\/123\/2025\/02\/gavepake-blameis-telysholder.jpg","width":1000,"height":1000},{"@type":"BreadcrumbList","@id":"https:\/\/kirkensbymisjon.no\/nettbutikk\/produkt\/gavepakke-telysholder-og-blameis\/#breadcrumb","itemListElement":[{"@type":"ListItem","position":1,"name":"Hjem","item":"https:\/\/kirkensbymisjon.no\/nettbutikk\/"},{"@type":"ListItem","position":2,"name":"Butikk","item":"https:\/\/kirkensbymisjon.no\/nettbutikk\/butikk\/"},{"@type":"ListItem","position":3,"name":"Gavepakke; telysholder og bl\u00e5meis"}]},{"@type":"WebSite","@id":"https:\/\/kirkensbymisjon.no\/nettbutikk\/#website","url":"https:\/\/kirkensbymisjon.no\/nettbutikk\/","name":"Nettbutikk","description":"","potentialAction":[{"@type":"SearchAction","target":{"@type":"EntryPoint","urlTemplate":"https:\/\/kirkensbymisjon.no\/nettbutikk\/?s={search_term_string}"},"query-input":{"@type":"PropertyValueSpecification","valueRequired":true,"valueName":"search_term_string"}}],"inLanguage":"nb-NO"}]},"product_price_amount":"285.00","product_price_currency":"NOK","og_availability":"instock","product_availability":"instock","product_retailer_item_id":"Pakke - telysholder + bl\u00e5meis","product_condition":"new"},"_links":{"self":[{"href":"https:\/\/kirkensbymisjon.no\/nettbutikk\/wp-json\/wp\/v2\/product\/15557","targetHints":{"allow":["GET"]}}],"collection":[{"href":"https:\/\/kirkensbymisjon.no\/nettbutikk\/wp-json\/wp\/v2\/product"}],"about":[{"href":"https:\/\/kirkensbymisjon.no\/nettbutikk\/wp-json\/wp\/v2\/types\/product"}],"wp:featuredmedia":[{"embeddable":true,"href":"https:\/\/kirkensbymisjon.no\/nettbutikk\/wp-json\/wp\/v2\/media\/15534"}],"wp:attachment":[{"href":"https:\/\/kirkensbymisjon.no\/nettbutikk\/wp-json\/wp\/v2\/media?parent=15557"}],"wp:term":[{"taxonomy":"product_brand","embeddable":true,"href":"https:\/\/kirkensbymisjon.no\/nettbutikk\/wp-json\/wp\/v2\/product_brand?post=15557"},{"taxonomy":"product_cat","embeddable":true,"href":"https:\/\/kirkensbymisjon.no\/nettbutikk\/wp-json\/wp\/v2\/product_cat?post=15557"},{"taxonomy":"product_tag","embeddable":true,"href":"https:\/\/kirkensbymisjon.no\/nettbutikk\/wp-json\/wp\/v2\/product_tag?post=15557"}],"curies":[{"name":"wp","href":"https:\/\/api.w.org\/{rel}","templated":true}]}}