{"id":15694,"date":"2026-02-27T10:00:43","date_gmt":"2026-02-27T09:00:43","guid":{"rendered":"https:\/\/kirkensbymisjon.no\/nettbutikk\/?post_type=product&#038;p=15694"},"modified":"2026-04-09T07:59:32","modified_gmt":"2026-04-09T05:59:32","slug":"skjaerefjol-i-eik-med-blodrand","status":"publish","type":"product","link":"https:\/\/kirkensbymisjon.no\/nettbutikk\/produkt\/skjaerefjol-i-eik-med-blodrand\/","title":{"rendered":"Skj\u00e6refj\u00f8l i eik &#8211; med blodrand"},"content":{"rendered":"<p>Denne store og robuste skj\u00e6refj\u00f8len i heltre eik er laget for daglig bruk p\u00e5 kj\u00f8kkenet. Med klassisk design, god tyngde og praktisk blodrand er dette en fj\u00f8l som passer like godt til hakking og skj\u00e6ring som til servering av kj\u00f8tt, br\u00f8d og gr\u00f8nnsaker.<br \/>\nMed sin romslige st\u00f8rrelse ligger fj\u00f8len st\u00f8dig p\u00e5 benken og gir god arbeidsflate \u2013 perfekt for b\u00e5de hverdagsmat og st\u00f8rre m\u00e5ltider.<\/p>\n<p>Vaskes for h\u00e5nd i varmt vann med mild s\u00e5pe. For \u00e5 bevare treverket og hindre utt\u00f8rking anbefales det \u00e5 olje fj\u00f8len jevnlig. Bruk en n\u00f8ytral matolje p\u00e5 en ren og t\u00f8rr fj\u00f8l, og p\u00e5f\u00f8r s\u00e5 lenge treverket absorberer oljen.<\/p>\n<p>St\u00f8rrelse: 49 x 31 x 3 cm<\/p>\n<p>Skj\u00e6refj\u00f8len er laget av deltakere ved Byverkstedene i Fredrikstad i <a href=\"https:\/\/kirkensbymisjon.no\/nettbutikk\/produktkategori\/verksteder\/byverkstedene-ostfold\/\">\u00d8stfold<\/a>. N\u00e5r du velger denne fj\u00f8len, f\u00e5r du ikke bare et funksjonelt kvalitetsprodukt \u2013 du st\u00f8tter ogs\u00e5 norsk h\u00e5ndverk og meningsfull produksjon.<\/p>\n","protected":false},"excerpt":{"rendered":"<p>Stor og solid skj\u00e6refj\u00f8l i heltre eik med praktisk blodrand St\u00f8rrelse 49\u00d731 cm. T\u00e5ler daglig&hellip;<\/p>\n","protected":false},"featured_media":41382,"template":"","meta":{"_relevanssi_hide_post":"","_relevanssi_hide_content":"","_relevanssi_pin_for_all":"","_relevanssi_pin_keywords":"","_relevanssi_unpin_keywords":"","_relevanssi_related_keywords":"","_relevanssi_related_include_ids":"","_relevanssi_related_exclude_ids":"","_relevanssi_related_no_append":"","_relevanssi_related_not_related":"","_relevanssi_related_posts":"","_relevanssi_noindex_reason":""},"product_brand":[],"product_cat":[60,39],"product_tag":[110,87,74],"class_list":{"0":"post-15694","1":"product","2":"type-product","3":"status-publish","4":"has-post-thumbnail","6":"product_cat-byverkstedene-ostfold","7":"product_cat-kjokken","8":"product_tag-fredrikstad","9":"product_tag-trefjol","10":"product_tag-treverk","11":"member-discount","12":"discount-restricted","14":"first","15":"instock","16":"purchasable","17":"product-type-simple"},"yoast_head":"<!-- This site is optimized with the Yoast SEO Premium plugin v27.2 (Yoast SEO v27.2) - https:\/\/yoast.com\/product\/yoast-seo-premium-wordpress\/ -->\n<title>Skj\u00e6refj\u00f8l i eik - med blodrand - Nettbutikk<\/title>\n<meta name=\"robots\" content=\"index, follow, max-snippet:-1, max-image-preview:large, max-video-preview:-1\" \/>\n<link rel=\"canonical\" href=\"https:\/\/kirkensbymisjon.no\/nettbutikk\/produkt\/skjaerefjol-i-eik-med-blodrand\/\" \/>\n<meta property=\"og:locale\" content=\"nb_NO\" \/>\n<meta property=\"og:type\" content=\"article\" \/>\n<meta property=\"og:title\" content=\"Skj\u00e6refj\u00f8l i eik - med blodrand\" \/>\n<meta property=\"og:description\" content=\"Stor og solid skj\u00e6refj\u00f8l i heltre eik med praktisk blodrand St\u00f8rrelse 49\u00d731 cm. T\u00e5ler daglig&hellip;\" \/>\n<meta property=\"og:url\" content=\"https:\/\/kirkensbymisjon.no\/nettbutikk\/produkt\/skjaerefjol-i-eik-med-blodrand\/\" \/>\n<meta property=\"og:site_name\" content=\"Nettbutikk\" \/>\n<meta property=\"article:modified_time\" content=\"2026-04-09T05:59:32+00:00\" \/>\n<meta property=\"og:image\" content=\"https:\/\/kirkensbymisjon.no\/content\/uploads\/sites\/123\/2025\/04\/skjaerefjol-2.jpg\" \/>\n\t<meta property=\"og:image:width\" content=\"1250\" \/>\n\t<meta property=\"og:image:height\" content=\"1250\" \/>\n\t<meta property=\"og:image:type\" content=\"image\/jpeg\" \/>\n<meta name=\"twitter:card\" content=\"summary_large_image\" \/>\n<meta name=\"twitter:label1\" content=\"Price\" \/>\n\t<meta name=\"twitter:data1\" content=\"Kr&nbsp;649,&ndash;\" \/>\n\t<meta name=\"twitter:label2\" content=\"Availability\" \/>\n\t<meta name=\"twitter:data2\" content=\"In stock\" \/>\n<script type=\"application\/ld+json\" class=\"yoast-schema-graph\">{\"@context\":\"https:\/\/schema.org\",\"@graph\":[{\"@type\":\"WebPage\",\"@id\":\"https:\/\/kirkensbymisjon.no\/nettbutikk\/produkt\/skjaerefjol-i-eik-med-blodrand\/\",\"url\":\"https:\/\/kirkensbymisjon.no\/nettbutikk\/produkt\/skjaerefjol-i-eik-med-blodrand\/\",\"name\":\"Skj\u00e6refj\u00f8l i eik - med blodrand - Nettbutikk\",\"isPartOf\":{\"@id\":\"https:\/\/kirkensbymisjon.no\/nettbutikk\/#website\"},\"primaryImageOfPage\":{\"@id\":\"https:\/\/kirkensbymisjon.no\/nettbutikk\/produkt\/skjaerefjol-i-eik-med-blodrand\/#primaryimage\"},\"image\":{\"@id\":\"https:\/\/kirkensbymisjon.no\/nettbutikk\/produkt\/skjaerefjol-i-eik-med-blodrand\/#primaryimage\"},\"thumbnailUrl\":\"https:\/\/kirkensbymisjon.no\/content\/uploads\/sites\/123\/2025\/04\/skjaerefjol-2.jpg\",\"datePublished\":\"2026-02-27T09:00:43+00:00\",\"dateModified\":\"2026-04-09T05:59:32+00:00\",\"breadcrumb\":{\"@id\":\"https:\/\/kirkensbymisjon.no\/nettbutikk\/produkt\/skjaerefjol-i-eik-med-blodrand\/#breadcrumb\"},\"inLanguage\":\"nb-NO\",\"potentialAction\":[{\"@type\":\"ReadAction\",\"target\":[\"https:\/\/kirkensbymisjon.no\/nettbutikk\/produkt\/skjaerefjol-i-eik-med-blodrand\/\"]}]},{\"@type\":\"ImageObject\",\"inLanguage\":\"nb-NO\",\"@id\":\"https:\/\/kirkensbymisjon.no\/nettbutikk\/produkt\/skjaerefjol-i-eik-med-blodrand\/#primaryimage\",\"url\":\"https:\/\/kirkensbymisjon.no\/content\/uploads\/sites\/123\/2025\/04\/skjaerefjol-2.jpg\",\"contentUrl\":\"https:\/\/kirkensbymisjon.no\/content\/uploads\/sites\/123\/2025\/04\/skjaerefjol-2.jpg\",\"width\":1250,\"height\":1250},{\"@type\":\"BreadcrumbList\",\"@id\":\"https:\/\/kirkensbymisjon.no\/nettbutikk\/produkt\/skjaerefjol-i-eik-med-blodrand\/#breadcrumb\",\"itemListElement\":[{\"@type\":\"ListItem\",\"position\":1,\"name\":\"Hjem\",\"item\":\"https:\/\/kirkensbymisjon.no\/nettbutikk\/\"},{\"@type\":\"ListItem\",\"position\":2,\"name\":\"Butikk\",\"item\":\"https:\/\/kirkensbymisjon.no\/nettbutikk\/butikk\/\"},{\"@type\":\"ListItem\",\"position\":3,\"name\":\"Skj\u00e6refj\u00f8l i eik &#8211; med blodrand\"}]},{\"@type\":\"WebSite\",\"@id\":\"https:\/\/kirkensbymisjon.no\/nettbutikk\/#website\",\"url\":\"https:\/\/kirkensbymisjon.no\/nettbutikk\/\",\"name\":\"Nettbutikk\",\"description\":\"\",\"potentialAction\":[{\"@type\":\"SearchAction\",\"target\":{\"@type\":\"EntryPoint\",\"urlTemplate\":\"https:\/\/kirkensbymisjon.no\/nettbutikk\/?s={search_term_string}\"},\"query-input\":{\"@type\":\"PropertyValueSpecification\",\"valueRequired\":true,\"valueName\":\"search_term_string\"}}],\"inLanguage\":\"nb-NO\"}]}<\/script>\n<meta property=\"product:price:amount\" content=\"649.00\" \/>\n<meta property=\"product:price:currency\" content=\"NOK\" \/>\n<meta property=\"og:availability\" content=\"instock\" \/>\n<meta property=\"product:availability\" content=\"instock\" \/>\n<meta property=\"product:retailer_item_id\" content=\"K1141\" \/>\n<meta property=\"product:condition\" content=\"new\" \/>\n<!-- \/ Yoast SEO Premium plugin. -->","yoast_head_json":{"title":"Skj\u00e6refj\u00f8l i eik - med blodrand - Nettbutikk","robots":{"index":"index","follow":"follow","max-snippet":"max-snippet:-1","max-image-preview":"max-image-preview:large","max-video-preview":"max-video-preview:-1"},"canonical":"https:\/\/kirkensbymisjon.no\/nettbutikk\/produkt\/skjaerefjol-i-eik-med-blodrand\/","og_locale":"nb_NO","og_type":"article","og_title":"Skj\u00e6refj\u00f8l i eik - med blodrand","og_description":"Stor og solid skj\u00e6refj\u00f8l i heltre eik med praktisk blodrand St\u00f8rrelse 49\u00d731 cm. T\u00e5ler daglig&hellip;","og_url":"https:\/\/kirkensbymisjon.no\/nettbutikk\/produkt\/skjaerefjol-i-eik-med-blodrand\/","og_site_name":"Nettbutikk","article_modified_time":"2026-04-09T05:59:32+00:00","og_image":[{"width":1250,"height":1250,"url":"https:\/\/kirkensbymisjon.no\/content\/uploads\/sites\/123\/2025\/04\/skjaerefjol-2.jpg","type":"image\/jpeg"}],"twitter_card":"summary_large_image","twitter_misc":{"Price":"Kr&nbsp;649,&ndash;","Availability":"In stock"},"schema":{"@context":"https:\/\/schema.org","@graph":[{"@type":"WebPage","@id":"https:\/\/kirkensbymisjon.no\/nettbutikk\/produkt\/skjaerefjol-i-eik-med-blodrand\/","url":"https:\/\/kirkensbymisjon.no\/nettbutikk\/produkt\/skjaerefjol-i-eik-med-blodrand\/","name":"Skj\u00e6refj\u00f8l i eik - med blodrand - Nettbutikk","isPartOf":{"@id":"https:\/\/kirkensbymisjon.no\/nettbutikk\/#website"},"primaryImageOfPage":{"@id":"https:\/\/kirkensbymisjon.no\/nettbutikk\/produkt\/skjaerefjol-i-eik-med-blodrand\/#primaryimage"},"image":{"@id":"https:\/\/kirkensbymisjon.no\/nettbutikk\/produkt\/skjaerefjol-i-eik-med-blodrand\/#primaryimage"},"thumbnailUrl":"https:\/\/kirkensbymisjon.no\/content\/uploads\/sites\/123\/2025\/04\/skjaerefjol-2.jpg","datePublished":"2026-02-27T09:00:43+00:00","dateModified":"2026-04-09T05:59:32+00:00","breadcrumb":{"@id":"https:\/\/kirkensbymisjon.no\/nettbutikk\/produkt\/skjaerefjol-i-eik-med-blodrand\/#breadcrumb"},"inLanguage":"nb-NO","potentialAction":[{"@type":"ReadAction","target":["https:\/\/kirkensbymisjon.no\/nettbutikk\/produkt\/skjaerefjol-i-eik-med-blodrand\/"]}]},{"@type":"ImageObject","inLanguage":"nb-NO","@id":"https:\/\/kirkensbymisjon.no\/nettbutikk\/produkt\/skjaerefjol-i-eik-med-blodrand\/#primaryimage","url":"https:\/\/kirkensbymisjon.no\/content\/uploads\/sites\/123\/2025\/04\/skjaerefjol-2.jpg","contentUrl":"https:\/\/kirkensbymisjon.no\/content\/uploads\/sites\/123\/2025\/04\/skjaerefjol-2.jpg","width":1250,"height":1250},{"@type":"BreadcrumbList","@id":"https:\/\/kirkensbymisjon.no\/nettbutikk\/produkt\/skjaerefjol-i-eik-med-blodrand\/#breadcrumb","itemListElement":[{"@type":"ListItem","position":1,"name":"Hjem","item":"https:\/\/kirkensbymisjon.no\/nettbutikk\/"},{"@type":"ListItem","position":2,"name":"Butikk","item":"https:\/\/kirkensbymisjon.no\/nettbutikk\/butikk\/"},{"@type":"ListItem","position":3,"name":"Skj\u00e6refj\u00f8l i eik &#8211; med blodrand"}]},{"@type":"WebSite","@id":"https:\/\/kirkensbymisjon.no\/nettbutikk\/#website","url":"https:\/\/kirkensbymisjon.no\/nettbutikk\/","name":"Nettbutikk","description":"","potentialAction":[{"@type":"SearchAction","target":{"@type":"EntryPoint","urlTemplate":"https:\/\/kirkensbymisjon.no\/nettbutikk\/?s={search_term_string}"},"query-input":{"@type":"PropertyValueSpecification","valueRequired":true,"valueName":"search_term_string"}}],"inLanguage":"nb-NO"}]},"product_price_amount":"649.00","product_price_currency":"NOK","og_availability":"instock","product_availability":"instock","product_retailer_item_id":"K1141","product_condition":"new"},"_links":{"self":[{"href":"https:\/\/kirkensbymisjon.no\/nettbutikk\/wp-json\/wp\/v2\/product\/15694","targetHints":{"allow":["GET"]}}],"collection":[{"href":"https:\/\/kirkensbymisjon.no\/nettbutikk\/wp-json\/wp\/v2\/product"}],"about":[{"href":"https:\/\/kirkensbymisjon.no\/nettbutikk\/wp-json\/wp\/v2\/types\/product"}],"wp:featuredmedia":[{"embeddable":true,"href":"https:\/\/kirkensbymisjon.no\/nettbutikk\/wp-json\/wp\/v2\/media\/41382"}],"wp:attachment":[{"href":"https:\/\/kirkensbymisjon.no\/nettbutikk\/wp-json\/wp\/v2\/media?parent=15694"}],"wp:term":[{"taxonomy":"product_brand","embeddable":true,"href":"https:\/\/kirkensbymisjon.no\/nettbutikk\/wp-json\/wp\/v2\/product_brand?post=15694"},{"taxonomy":"product_cat","embeddable":true,"href":"https:\/\/kirkensbymisjon.no\/nettbutikk\/wp-json\/wp\/v2\/product_cat?post=15694"},{"taxonomy":"product_tag","embeddable":true,"href":"https:\/\/kirkensbymisjon.no\/nettbutikk\/wp-json\/wp\/v2\/product_tag?post=15694"}],"curies":[{"name":"wp","href":"https:\/\/api.w.org\/{rel}","templated":true}]}}