{"id":16273,"date":"2025-06-03T15:56:43","date_gmt":"2025-06-03T13:56:43","guid":{"rendered":"https:\/\/kirkensbymisjon.no\/nettbutikk\/?post_type=product&#038;p=16273"},"modified":"2026-03-20T09:38:01","modified_gmt":"2026-03-20T08:38:01","slug":"telysholder-med-riller-beige","status":"publish","type":"product","link":"https:\/\/kirkensbymisjon.no\/nettbutikk\/produkt\/telysholder-med-riller-beige\/","title":{"rendered":"Telysholder med riller &#8211; beige"},"content":{"rendered":"<p>Lysestakene er st\u00f8pt for h\u00e5nd i Jesmonite, som er et b\u00e6rekraftig materiale. Etter at produktet er ferdig st\u00f8pt, blir det pusset for h\u00e5nd.\u00a0For \u00e5 gj\u00f8re produktene vannavvisende, blir de forseglet. Hvert produkt er unikt. Sm\u00e5 luftbobler kan forekomme.<\/p>\n<p>Leveres i ulike farger.<\/p>\n<p>St\u00f8rrelse: ca 10 cm i omkrets<\/p>\n<p>T\u00e5ler ikke oppvaskmaskin! M\u00e5 h\u00e5ndvaskes eller t\u00f8rkes av med fuktig klut.<br \/>\nOBS: G\u00e5 aldri fra levende lys &#8211; det kan raskt utvikle seg til brann. Slukk alltid lyset f\u00f8r du forlater rommet eller dersom situasjonen tilsier at du ikke klarer \u00e5 ha full oversikt.<\/p>\n<p>Portalen i <a href=\"https:\/\/kirkensbymisjon.no\/nettbutikk\/produktkategori\/verksteder\/portalen-kristiansand\/\">Kristiansand<\/a> er en rehabiliteringsbedrift der folk tar tak i sin rusavhengighet og gj\u00f8r noe med den.<\/p>\n<p>Jesmonite er et milj\u00f8vennlig alternativ til betong som gir fine overflater og presis struktur. St\u00f8pemassen best\u00e5r av mineralbase og vannbasert akrylv\u00e6ske, og inneholder ingen l\u00f8semidler eller giftstoffer. Vi st\u00f8per alt i selvlagde silikonformer.<\/p>\n","protected":false},"excerpt":{"rendered":"<p>En rustik og stilig lysestake til telys, laget i Jesmonite, et b\u00e6rekraftig materiale. Leveres i&hellip;<\/p>\n","protected":false},"featured_media":7771,"template":"","meta":{"_relevanssi_hide_post":"","_relevanssi_hide_content":"","_relevanssi_pin_for_all":"","_relevanssi_pin_keywords":"","_relevanssi_unpin_keywords":"","_relevanssi_related_keywords":"","_relevanssi_related_include_ids":"","_relevanssi_related_exclude_ids":"","_relevanssi_related_no_append":"","_relevanssi_related_not_related":"","_relevanssi_related_posts":"","_relevanssi_noindex_reason":""},"product_brand":[],"product_cat":[37,65],"product_tag":[73,102,100,92],"class_list":{"0":"post-16273","1":"product","2":"type-product","3":"status-publish","4":"has-post-thumbnail","6":"product_cat-lys-og-lysestaker","7":"product_cat-portalen-kristiansand","8":"product_tag-jesmonite","9":"product_tag-lysestake-riller","10":"product_tag-unike-gaver","11":"product_tag-varfavoritter","12":"member-discount","13":"discount-restricted","15":"first","16":"instock","17":"purchasable","18":"product-type-simple"},"yoast_head":"<!-- This site is optimized with the Yoast SEO Premium plugin v27.2 (Yoast SEO v27.2) - https:\/\/yoast.com\/product\/yoast-seo-premium-wordpress\/ -->\n<title>Telysholder med riller - beige - Nettbutikk<\/title>\n<meta name=\"robots\" content=\"index, follow, max-snippet:-1, max-image-preview:large, max-video-preview:-1\" \/>\n<link rel=\"canonical\" href=\"https:\/\/kirkensbymisjon.no\/nettbutikk\/produkt\/telysholder-med-riller-beige\/\" \/>\n<meta property=\"og:locale\" content=\"nb_NO\" \/>\n<meta property=\"og:type\" content=\"article\" \/>\n<meta property=\"og:title\" content=\"Telysholder med riller - beige\" \/>\n<meta property=\"og:description\" content=\"En rustik og stilig lysestake til telys, laget i Jesmonite, et b\u00e6rekraftig materiale. Leveres i&hellip;\" \/>\n<meta property=\"og:url\" content=\"https:\/\/kirkensbymisjon.no\/nettbutikk\/produkt\/telysholder-med-riller-beige\/\" \/>\n<meta property=\"og:site_name\" content=\"Nettbutikk\" \/>\n<meta property=\"article:modified_time\" content=\"2026-03-20T08:38:01+00:00\" \/>\n<meta property=\"og:image\" content=\"https:\/\/kirkensbymisjon.no\/content\/uploads\/sites\/123\/2024\/11\/telysholder-jesmonite-beige-1.jpg\" \/>\n\t<meta property=\"og:image:width\" content=\"1000\" \/>\n\t<meta property=\"og:image:height\" content=\"1000\" \/>\n\t<meta property=\"og:image:type\" content=\"image\/jpeg\" \/>\n<meta name=\"twitter:card\" content=\"summary_large_image\" \/>\n<meta name=\"twitter:label1\" content=\"Price\" \/>\n\t<meta name=\"twitter:data1\" content=\"Kr&nbsp;125,&ndash;\" \/>\n\t<meta name=\"twitter:label2\" content=\"Availability\" \/>\n\t<meta name=\"twitter:data2\" content=\"In stock\" \/>\n<script type=\"application\/ld+json\" class=\"yoast-schema-graph\">{\"@context\":\"https:\/\/schema.org\",\"@graph\":[{\"@type\":\"WebPage\",\"@id\":\"https:\/\/kirkensbymisjon.no\/nettbutikk\/produkt\/telysholder-med-riller-beige\/\",\"url\":\"https:\/\/kirkensbymisjon.no\/nettbutikk\/produkt\/telysholder-med-riller-beige\/\",\"name\":\"Telysholder med riller - beige - Nettbutikk\",\"isPartOf\":{\"@id\":\"https:\/\/kirkensbymisjon.no\/nettbutikk\/#website\"},\"primaryImageOfPage\":{\"@id\":\"https:\/\/kirkensbymisjon.no\/nettbutikk\/produkt\/telysholder-med-riller-beige\/#primaryimage\"},\"image\":{\"@id\":\"https:\/\/kirkensbymisjon.no\/nettbutikk\/produkt\/telysholder-med-riller-beige\/#primaryimage\"},\"thumbnailUrl\":\"https:\/\/kirkensbymisjon.no\/content\/uploads\/sites\/123\/2024\/11\/telysholder-jesmonite-beige-1.jpg\",\"datePublished\":\"2025-06-03T13:56:43+00:00\",\"dateModified\":\"2026-03-20T08:38:01+00:00\",\"breadcrumb\":{\"@id\":\"https:\/\/kirkensbymisjon.no\/nettbutikk\/produkt\/telysholder-med-riller-beige\/#breadcrumb\"},\"inLanguage\":\"nb-NO\",\"potentialAction\":[{\"@type\":\"ReadAction\",\"target\":[\"https:\/\/kirkensbymisjon.no\/nettbutikk\/produkt\/telysholder-med-riller-beige\/\"]}]},{\"@type\":\"ImageObject\",\"inLanguage\":\"nb-NO\",\"@id\":\"https:\/\/kirkensbymisjon.no\/nettbutikk\/produkt\/telysholder-med-riller-beige\/#primaryimage\",\"url\":\"https:\/\/kirkensbymisjon.no\/content\/uploads\/sites\/123\/2024\/11\/telysholder-jesmonite-beige-1.jpg\",\"contentUrl\":\"https:\/\/kirkensbymisjon.no\/content\/uploads\/sites\/123\/2024\/11\/telysholder-jesmonite-beige-1.jpg\",\"width\":1000,\"height\":1000},{\"@type\":\"BreadcrumbList\",\"@id\":\"https:\/\/kirkensbymisjon.no\/nettbutikk\/produkt\/telysholder-med-riller-beige\/#breadcrumb\",\"itemListElement\":[{\"@type\":\"ListItem\",\"position\":1,\"name\":\"Hjem\",\"item\":\"https:\/\/kirkensbymisjon.no\/nettbutikk\/\"},{\"@type\":\"ListItem\",\"position\":2,\"name\":\"Butikk\",\"item\":\"https:\/\/kirkensbymisjon.no\/nettbutikk\/butikk\/\"},{\"@type\":\"ListItem\",\"position\":3,\"name\":\"Telysholder med riller &#8211; beige\"}]},{\"@type\":\"WebSite\",\"@id\":\"https:\/\/kirkensbymisjon.no\/nettbutikk\/#website\",\"url\":\"https:\/\/kirkensbymisjon.no\/nettbutikk\/\",\"name\":\"Nettbutikk\",\"description\":\"\",\"potentialAction\":[{\"@type\":\"SearchAction\",\"target\":{\"@type\":\"EntryPoint\",\"urlTemplate\":\"https:\/\/kirkensbymisjon.no\/nettbutikk\/?s={search_term_string}\"},\"query-input\":{\"@type\":\"PropertyValueSpecification\",\"valueRequired\":true,\"valueName\":\"search_term_string\"}}],\"inLanguage\":\"nb-NO\"}]}<\/script>\n<meta property=\"product:price:amount\" content=\"125.00\" \/>\n<meta property=\"product:price:currency\" content=\"NOK\" \/>\n<meta property=\"og:availability\" content=\"instock\" \/>\n<meta property=\"product:availability\" content=\"instock\" \/>\n<meta property=\"product:retailer_item_id\" content=\"S1086 beige\" \/>\n<meta property=\"product:condition\" content=\"new\" \/>\n<!-- \/ Yoast SEO Premium plugin. -->","yoast_head_json":{"title":"Telysholder med riller - beige - Nettbutikk","robots":{"index":"index","follow":"follow","max-snippet":"max-snippet:-1","max-image-preview":"max-image-preview:large","max-video-preview":"max-video-preview:-1"},"canonical":"https:\/\/kirkensbymisjon.no\/nettbutikk\/produkt\/telysholder-med-riller-beige\/","og_locale":"nb_NO","og_type":"article","og_title":"Telysholder med riller - beige","og_description":"En rustik og stilig lysestake til telys, laget i Jesmonite, et b\u00e6rekraftig materiale. Leveres i&hellip;","og_url":"https:\/\/kirkensbymisjon.no\/nettbutikk\/produkt\/telysholder-med-riller-beige\/","og_site_name":"Nettbutikk","article_modified_time":"2026-03-20T08:38:01+00:00","og_image":[{"width":1000,"height":1000,"url":"https:\/\/kirkensbymisjon.no\/content\/uploads\/sites\/123\/2024\/11\/telysholder-jesmonite-beige-1.jpg","type":"image\/jpeg"}],"twitter_card":"summary_large_image","twitter_misc":{"Price":"Kr&nbsp;125,&ndash;","Availability":"In stock"},"schema":{"@context":"https:\/\/schema.org","@graph":[{"@type":"WebPage","@id":"https:\/\/kirkensbymisjon.no\/nettbutikk\/produkt\/telysholder-med-riller-beige\/","url":"https:\/\/kirkensbymisjon.no\/nettbutikk\/produkt\/telysholder-med-riller-beige\/","name":"Telysholder med riller - beige - Nettbutikk","isPartOf":{"@id":"https:\/\/kirkensbymisjon.no\/nettbutikk\/#website"},"primaryImageOfPage":{"@id":"https:\/\/kirkensbymisjon.no\/nettbutikk\/produkt\/telysholder-med-riller-beige\/#primaryimage"},"image":{"@id":"https:\/\/kirkensbymisjon.no\/nettbutikk\/produkt\/telysholder-med-riller-beige\/#primaryimage"},"thumbnailUrl":"https:\/\/kirkensbymisjon.no\/content\/uploads\/sites\/123\/2024\/11\/telysholder-jesmonite-beige-1.jpg","datePublished":"2025-06-03T13:56:43+00:00","dateModified":"2026-03-20T08:38:01+00:00","breadcrumb":{"@id":"https:\/\/kirkensbymisjon.no\/nettbutikk\/produkt\/telysholder-med-riller-beige\/#breadcrumb"},"inLanguage":"nb-NO","potentialAction":[{"@type":"ReadAction","target":["https:\/\/kirkensbymisjon.no\/nettbutikk\/produkt\/telysholder-med-riller-beige\/"]}]},{"@type":"ImageObject","inLanguage":"nb-NO","@id":"https:\/\/kirkensbymisjon.no\/nettbutikk\/produkt\/telysholder-med-riller-beige\/#primaryimage","url":"https:\/\/kirkensbymisjon.no\/content\/uploads\/sites\/123\/2024\/11\/telysholder-jesmonite-beige-1.jpg","contentUrl":"https:\/\/kirkensbymisjon.no\/content\/uploads\/sites\/123\/2024\/11\/telysholder-jesmonite-beige-1.jpg","width":1000,"height":1000},{"@type":"BreadcrumbList","@id":"https:\/\/kirkensbymisjon.no\/nettbutikk\/produkt\/telysholder-med-riller-beige\/#breadcrumb","itemListElement":[{"@type":"ListItem","position":1,"name":"Hjem","item":"https:\/\/kirkensbymisjon.no\/nettbutikk\/"},{"@type":"ListItem","position":2,"name":"Butikk","item":"https:\/\/kirkensbymisjon.no\/nettbutikk\/butikk\/"},{"@type":"ListItem","position":3,"name":"Telysholder med riller &#8211; beige"}]},{"@type":"WebSite","@id":"https:\/\/kirkensbymisjon.no\/nettbutikk\/#website","url":"https:\/\/kirkensbymisjon.no\/nettbutikk\/","name":"Nettbutikk","description":"","potentialAction":[{"@type":"SearchAction","target":{"@type":"EntryPoint","urlTemplate":"https:\/\/kirkensbymisjon.no\/nettbutikk\/?s={search_term_string}"},"query-input":{"@type":"PropertyValueSpecification","valueRequired":true,"valueName":"search_term_string"}}],"inLanguage":"nb-NO"}]},"product_price_amount":"125.00","product_price_currency":"NOK","og_availability":"instock","product_availability":"instock","product_retailer_item_id":"S1086 beige","product_condition":"new"},"_links":{"self":[{"href":"https:\/\/kirkensbymisjon.no\/nettbutikk\/wp-json\/wp\/v2\/product\/16273","targetHints":{"allow":["GET"]}}],"collection":[{"href":"https:\/\/kirkensbymisjon.no\/nettbutikk\/wp-json\/wp\/v2\/product"}],"about":[{"href":"https:\/\/kirkensbymisjon.no\/nettbutikk\/wp-json\/wp\/v2\/types\/product"}],"wp:featuredmedia":[{"embeddable":true,"href":"https:\/\/kirkensbymisjon.no\/nettbutikk\/wp-json\/wp\/v2\/media\/7771"}],"wp:attachment":[{"href":"https:\/\/kirkensbymisjon.no\/nettbutikk\/wp-json\/wp\/v2\/media?parent=16273"}],"wp:term":[{"taxonomy":"product_brand","embeddable":true,"href":"https:\/\/kirkensbymisjon.no\/nettbutikk\/wp-json\/wp\/v2\/product_brand?post=16273"},{"taxonomy":"product_cat","embeddable":true,"href":"https:\/\/kirkensbymisjon.no\/nettbutikk\/wp-json\/wp\/v2\/product_cat?post=16273"},{"taxonomy":"product_tag","embeddable":true,"href":"https:\/\/kirkensbymisjon.no\/nettbutikk\/wp-json\/wp\/v2\/product_tag?post=16273"}],"curies":[{"name":"wp","href":"https:\/\/api.w.org\/{rel}","templated":true}]}}