{"id":172,"date":"2024-08-13T14:50:44","date_gmt":"2024-08-13T12:50:44","guid":{"rendered":"https:\/\/kirkensbymisjon.no\/nettbutikk\/?post_type=product&#038;p=172"},"modified":"2026-04-01T22:45:10","modified_gmt":"2026-04-01T20:45:10","slug":"ringblomstsalve-50-ml","status":"publish","type":"product","link":"https:\/\/kirkensbymisjon.no\/nettbutikk\/produkt\/ringblomstsalve-50-ml\/","title":{"rendered":"Ringblomstsalve &#8211; 50 ml"},"content":{"rendered":"<p>H\u00e5ndlaget salve som inneholder ringblomst fra verkstedets egen byhage i Kristiansand. Salven inneholder naturlige ingredienser som olivenolje, bivoks, ringblomst og lavendel.\u00a0 Den inneholder ikke vann og egner seg derfor som kuldekrem om vinteren (bivoksen er ikke behandlet, s\u00e5 salven b\u00f8r ikke benyttes til barn under 1 \u00e5r) Bruksomr\u00e5der: mot t\u00f8rr og s\u00e5r hud, sm\u00e5s\u00e5r, utslett, s\u00e5re lepper, eksem, insektstikk, kuldekrem, soppdrepende, antiseptisk. Eller rett og slett mirakelsalve, som en kunde beskriver den som. Det er 50 ml salve i krukken.<\/p>\n<p>Dette produktet er laget ved verkstedet v\u00e5rt i <a href=\"https:\/\/kirkensbymisjon.no\/nettbutikk\/produktkategori\/verksteder\/kvinneverkstedet-kristiansand\/\">Kristiansand<\/a>.<\/p>\n","protected":false},"excerpt":{"rendered":"<p>Naturlig fremstilt produkt som inneholder ringblomst, olivenolje, bivoks og lavendel.<\/p>\n","protected":false},"featured_media":22795,"template":"","meta":{"_relevanssi_hide_post":"","_relevanssi_hide_content":"","_relevanssi_pin_for_all":"","_relevanssi_pin_keywords":"","_relevanssi_unpin_keywords":"","_relevanssi_related_keywords":"","_relevanssi_related_include_ids":"","_relevanssi_related_exclude_ids":"","_relevanssi_related_no_append":"","_relevanssi_related_not_related":"","_relevanssi_related_posts":"","_relevanssi_noindex_reason":""},"product_brand":[],"product_cat":[78,64,32],"product_tag":[99,92],"class_list":{"0":"post-172","1":"product","2":"type-product","3":"status-publish","4":"has-post-thumbnail","6":"product_cat-baderom","7":"product_cat-kvinneverkstedet-kristiansand","8":"product_cat-saper-og-salver","9":"product_tag-bestselger","10":"product_tag-varfavoritter","11":"member-discount","12":"discount-restricted","14":"first","15":"instock","16":"purchasable","17":"product-type-simple"},"yoast_head":"<!-- This site is optimized with the Yoast SEO Premium plugin v27.2 (Yoast SEO v27.2) - https:\/\/yoast.com\/product\/yoast-seo-premium-wordpress\/ -->\n<title>Ringblomstsalve - 50 ml | Kirkens Bymisjon nettbutikk<\/title>\n<meta name=\"description\" content=\"Naturlig fremstilt ringblomstsalve som inneholder ringblomst, olivenolje, bivoks og lavendel. Bruksomr\u00e5der: mot t\u00f8rr og s\u00e5r hud, sm\u00e5s\u00e5r, utslett, s\u00e5re lepper, eksem, insektstikk, kuldekrem, soppdrepende, antiseptisk.\" \/>\n<meta name=\"robots\" content=\"index, follow, max-snippet:-1, max-image-preview:large, max-video-preview:-1\" \/>\n<link rel=\"canonical\" href=\"https:\/\/kirkensbymisjon.no\/nettbutikk\/produkt\/ringblomstsalve-50-ml\/\" \/>\n<meta property=\"og:locale\" content=\"nb_NO\" \/>\n<meta property=\"og:type\" content=\"article\" \/>\n<meta property=\"og:title\" content=\"Ringblomstsalve - 50 ml\" \/>\n<meta property=\"og:description\" content=\"Naturlig fremstilt ringblomstsalve som inneholder ringblomst, olivenolje, bivoks og lavendel. Bruksomr\u00e5der: mot t\u00f8rr og s\u00e5r hud, sm\u00e5s\u00e5r, utslett, s\u00e5re lepper, eksem, insektstikk, kuldekrem, soppdrepende, antiseptisk.\" \/>\n<meta property=\"og:url\" content=\"https:\/\/kirkensbymisjon.no\/nettbutikk\/produkt\/ringblomstsalve-50-ml\/\" \/>\n<meta property=\"og:site_name\" content=\"Nettbutikk\" \/>\n<meta property=\"article:modified_time\" content=\"2026-04-01T20:45:10+00:00\" \/>\n<meta property=\"og:image\" content=\"https:\/\/kirkensbymisjon.no\/content\/uploads\/sites\/123\/2024\/08\/ringblomstsalve-50ml.jpg\" \/>\n\t<meta property=\"og:image:width\" content=\"1000\" \/>\n\t<meta property=\"og:image:height\" content=\"1000\" \/>\n\t<meta property=\"og:image:type\" content=\"image\/jpeg\" \/>\n<meta name=\"twitter:card\" content=\"summary_large_image\" \/>\n<meta name=\"twitter:label1\" content=\"Price\" \/>\n\t<meta name=\"twitter:data1\" content=\"Kr&nbsp;120,&ndash;\" \/>\n\t<meta name=\"twitter:label2\" content=\"Availability\" \/>\n\t<meta name=\"twitter:data2\" content=\"In stock\" \/>\n<script type=\"application\/ld+json\" class=\"yoast-schema-graph\">{\"@context\":\"https:\/\/schema.org\",\"@graph\":[{\"@type\":\"WebPage\",\"@id\":\"https:\/\/kirkensbymisjon.no\/nettbutikk\/produkt\/ringblomstsalve-50-ml\/\",\"url\":\"https:\/\/kirkensbymisjon.no\/nettbutikk\/produkt\/ringblomstsalve-50-ml\/\",\"name\":\"Ringblomstsalve - 50 ml | Kirkens Bymisjon nettbutikk\",\"isPartOf\":{\"@id\":\"https:\/\/kirkensbymisjon.no\/nettbutikk\/#website\"},\"primaryImageOfPage\":{\"@id\":\"https:\/\/kirkensbymisjon.no\/nettbutikk\/produkt\/ringblomstsalve-50-ml\/#primaryimage\"},\"image\":{\"@id\":\"https:\/\/kirkensbymisjon.no\/nettbutikk\/produkt\/ringblomstsalve-50-ml\/#primaryimage\"},\"thumbnailUrl\":\"https:\/\/kirkensbymisjon.no\/content\/uploads\/sites\/123\/2024\/08\/ringblomstsalve-50ml.jpg\",\"datePublished\":\"2024-08-13T12:50:44+00:00\",\"dateModified\":\"2026-04-01T20:45:10+00:00\",\"description\":\"Naturlig fremstilt ringblomstsalve som inneholder ringblomst, olivenolje, bivoks og lavendel. Bruksomr\u00e5der: mot t\u00f8rr og s\u00e5r hud, sm\u00e5s\u00e5r, utslett, s\u00e5re lepper, eksem, insektstikk, kuldekrem, soppdrepende, antiseptisk.\",\"breadcrumb\":{\"@id\":\"https:\/\/kirkensbymisjon.no\/nettbutikk\/produkt\/ringblomstsalve-50-ml\/#breadcrumb\"},\"inLanguage\":\"nb-NO\",\"potentialAction\":[{\"@type\":\"ReadAction\",\"target\":[\"https:\/\/kirkensbymisjon.no\/nettbutikk\/produkt\/ringblomstsalve-50-ml\/\"]}]},{\"@type\":\"ImageObject\",\"inLanguage\":\"nb-NO\",\"@id\":\"https:\/\/kirkensbymisjon.no\/nettbutikk\/produkt\/ringblomstsalve-50-ml\/#primaryimage\",\"url\":\"https:\/\/kirkensbymisjon.no\/content\/uploads\/sites\/123\/2024\/08\/ringblomstsalve-50ml.jpg\",\"contentUrl\":\"https:\/\/kirkensbymisjon.no\/content\/uploads\/sites\/123\/2024\/08\/ringblomstsalve-50ml.jpg\",\"width\":1000,\"height\":1000},{\"@type\":\"BreadcrumbList\",\"@id\":\"https:\/\/kirkensbymisjon.no\/nettbutikk\/produkt\/ringblomstsalve-50-ml\/#breadcrumb\",\"itemListElement\":[{\"@type\":\"ListItem\",\"position\":1,\"name\":\"Hjem\",\"item\":\"https:\/\/kirkensbymisjon.no\/nettbutikk\/\"},{\"@type\":\"ListItem\",\"position\":2,\"name\":\"Butikk\",\"item\":\"https:\/\/kirkensbymisjon.no\/nettbutikk\/butikk\/\"},{\"@type\":\"ListItem\",\"position\":3,\"name\":\"Ringblomstsalve &#8211; 50 ml\"}]},{\"@type\":\"WebSite\",\"@id\":\"https:\/\/kirkensbymisjon.no\/nettbutikk\/#website\",\"url\":\"https:\/\/kirkensbymisjon.no\/nettbutikk\/\",\"name\":\"Nettbutikk\",\"description\":\"\",\"potentialAction\":[{\"@type\":\"SearchAction\",\"target\":{\"@type\":\"EntryPoint\",\"urlTemplate\":\"https:\/\/kirkensbymisjon.no\/nettbutikk\/?s={search_term_string}\"},\"query-input\":{\"@type\":\"PropertyValueSpecification\",\"valueRequired\":true,\"valueName\":\"search_term_string\"}}],\"inLanguage\":\"nb-NO\"}]}<\/script>\n<meta property=\"product:price:amount\" content=\"120.00\" \/>\n<meta property=\"product:price:currency\" content=\"NOK\" \/>\n<meta property=\"og:availability\" content=\"instock\" \/>\n<meta property=\"product:availability\" content=\"instock\" \/>\n<meta property=\"product:retailer_item_id\" content=\"D1001\" \/>\n<meta property=\"product:condition\" content=\"new\" \/>\n<!-- \/ Yoast SEO Premium plugin. -->","yoast_head_json":{"title":"Ringblomstsalve - 50 ml | Kirkens Bymisjon nettbutikk","description":"Naturlig fremstilt ringblomstsalve som inneholder ringblomst, olivenolje, bivoks og lavendel. Bruksomr\u00e5der: mot t\u00f8rr og s\u00e5r hud, sm\u00e5s\u00e5r, utslett, s\u00e5re lepper, eksem, insektstikk, kuldekrem, soppdrepende, antiseptisk.","robots":{"index":"index","follow":"follow","max-snippet":"max-snippet:-1","max-image-preview":"max-image-preview:large","max-video-preview":"max-video-preview:-1"},"canonical":"https:\/\/kirkensbymisjon.no\/nettbutikk\/produkt\/ringblomstsalve-50-ml\/","og_locale":"nb_NO","og_type":"article","og_title":"Ringblomstsalve - 50 ml","og_description":"Naturlig fremstilt ringblomstsalve som inneholder ringblomst, olivenolje, bivoks og lavendel. Bruksomr\u00e5der: mot t\u00f8rr og s\u00e5r hud, sm\u00e5s\u00e5r, utslett, s\u00e5re lepper, eksem, insektstikk, kuldekrem, soppdrepende, antiseptisk.","og_url":"https:\/\/kirkensbymisjon.no\/nettbutikk\/produkt\/ringblomstsalve-50-ml\/","og_site_name":"Nettbutikk","article_modified_time":"2026-04-01T20:45:10+00:00","og_image":[{"width":1000,"height":1000,"url":"https:\/\/kirkensbymisjon.no\/content\/uploads\/sites\/123\/2024\/08\/ringblomstsalve-50ml.jpg","type":"image\/jpeg"}],"twitter_card":"summary_large_image","twitter_misc":{"Price":"Kr&nbsp;120,&ndash;","Availability":"In stock"},"schema":{"@context":"https:\/\/schema.org","@graph":[{"@type":"WebPage","@id":"https:\/\/kirkensbymisjon.no\/nettbutikk\/produkt\/ringblomstsalve-50-ml\/","url":"https:\/\/kirkensbymisjon.no\/nettbutikk\/produkt\/ringblomstsalve-50-ml\/","name":"Ringblomstsalve - 50 ml | Kirkens Bymisjon nettbutikk","isPartOf":{"@id":"https:\/\/kirkensbymisjon.no\/nettbutikk\/#website"},"primaryImageOfPage":{"@id":"https:\/\/kirkensbymisjon.no\/nettbutikk\/produkt\/ringblomstsalve-50-ml\/#primaryimage"},"image":{"@id":"https:\/\/kirkensbymisjon.no\/nettbutikk\/produkt\/ringblomstsalve-50-ml\/#primaryimage"},"thumbnailUrl":"https:\/\/kirkensbymisjon.no\/content\/uploads\/sites\/123\/2024\/08\/ringblomstsalve-50ml.jpg","datePublished":"2024-08-13T12:50:44+00:00","dateModified":"2026-04-01T20:45:10+00:00","description":"Naturlig fremstilt ringblomstsalve som inneholder ringblomst, olivenolje, bivoks og lavendel. Bruksomr\u00e5der: mot t\u00f8rr og s\u00e5r hud, sm\u00e5s\u00e5r, utslett, s\u00e5re lepper, eksem, insektstikk, kuldekrem, soppdrepende, antiseptisk.","breadcrumb":{"@id":"https:\/\/kirkensbymisjon.no\/nettbutikk\/produkt\/ringblomstsalve-50-ml\/#breadcrumb"},"inLanguage":"nb-NO","potentialAction":[{"@type":"ReadAction","target":["https:\/\/kirkensbymisjon.no\/nettbutikk\/produkt\/ringblomstsalve-50-ml\/"]}]},{"@type":"ImageObject","inLanguage":"nb-NO","@id":"https:\/\/kirkensbymisjon.no\/nettbutikk\/produkt\/ringblomstsalve-50-ml\/#primaryimage","url":"https:\/\/kirkensbymisjon.no\/content\/uploads\/sites\/123\/2024\/08\/ringblomstsalve-50ml.jpg","contentUrl":"https:\/\/kirkensbymisjon.no\/content\/uploads\/sites\/123\/2024\/08\/ringblomstsalve-50ml.jpg","width":1000,"height":1000},{"@type":"BreadcrumbList","@id":"https:\/\/kirkensbymisjon.no\/nettbutikk\/produkt\/ringblomstsalve-50-ml\/#breadcrumb","itemListElement":[{"@type":"ListItem","position":1,"name":"Hjem","item":"https:\/\/kirkensbymisjon.no\/nettbutikk\/"},{"@type":"ListItem","position":2,"name":"Butikk","item":"https:\/\/kirkensbymisjon.no\/nettbutikk\/butikk\/"},{"@type":"ListItem","position":3,"name":"Ringblomstsalve &#8211; 50 ml"}]},{"@type":"WebSite","@id":"https:\/\/kirkensbymisjon.no\/nettbutikk\/#website","url":"https:\/\/kirkensbymisjon.no\/nettbutikk\/","name":"Nettbutikk","description":"","potentialAction":[{"@type":"SearchAction","target":{"@type":"EntryPoint","urlTemplate":"https:\/\/kirkensbymisjon.no\/nettbutikk\/?s={search_term_string}"},"query-input":{"@type":"PropertyValueSpecification","valueRequired":true,"valueName":"search_term_string"}}],"inLanguage":"nb-NO"}]},"product_price_amount":"120.00","product_price_currency":"NOK","og_availability":"instock","product_availability":"instock","product_retailer_item_id":"D1001","product_condition":"new"},"_links":{"self":[{"href":"https:\/\/kirkensbymisjon.no\/nettbutikk\/wp-json\/wp\/v2\/product\/172","targetHints":{"allow":["GET"]}}],"collection":[{"href":"https:\/\/kirkensbymisjon.no\/nettbutikk\/wp-json\/wp\/v2\/product"}],"about":[{"href":"https:\/\/kirkensbymisjon.no\/nettbutikk\/wp-json\/wp\/v2\/types\/product"}],"wp:featuredmedia":[{"embeddable":true,"href":"https:\/\/kirkensbymisjon.no\/nettbutikk\/wp-json\/wp\/v2\/media\/22795"}],"wp:attachment":[{"href":"https:\/\/kirkensbymisjon.no\/nettbutikk\/wp-json\/wp\/v2\/media?parent=172"}],"wp:term":[{"taxonomy":"product_brand","embeddable":true,"href":"https:\/\/kirkensbymisjon.no\/nettbutikk\/wp-json\/wp\/v2\/product_brand?post=172"},{"taxonomy":"product_cat","embeddable":true,"href":"https:\/\/kirkensbymisjon.no\/nettbutikk\/wp-json\/wp\/v2\/product_cat?post=172"},{"taxonomy":"product_tag","embeddable":true,"href":"https:\/\/kirkensbymisjon.no\/nettbutikk\/wp-json\/wp\/v2\/product_tag?post=172"}],"curies":[{"name":"wp","href":"https:\/\/api.w.org\/{rel}","templated":true}]}}