{"id":176,"date":"2024-08-13T14:50:45","date_gmt":"2024-08-13T12:50:45","guid":{"rendered":"https:\/\/kirkensbymisjon.no\/nettbutikk\/?post_type=product&#038;p=176"},"modified":"2026-04-08T09:04:25","modified_gmt":"2026-04-08T07:04:25","slug":"telysholder-i-brostein","status":"publish","type":"product","link":"https:\/\/kirkensbymisjon.no\/nettbutikk\/produkt\/telysholder-i-brostein\/","title":{"rendered":"Telysholder i brostein"},"content":{"rendered":"<p>Brosteinen &#8211; et symbol p\u00e5 hverdagen, livserfaringen og gatas virkelighet. Det er ogs\u00e5 et symbol p\u00e5 at vi blir sterkere n\u00e5r vi st\u00e5r sammen. Brosteinen har utskj\u00e6ring til telys og kronelys og er laget hos et av Kirkens Bymisjons arbeidstilbud. Brosteinen kommer i en eske til oppbevaring og med ett telys.<\/p>\n<p>Ved kj\u00f8p av denne telysholderen er du med p\u00e5 \u00e5 st\u00f8tte Kirkens Bymisjons arbeid og bidrar til \u00e5 skape flere arbeidsplasser til mennesker som ellers faller utenfor det ordin\u00e6re arbeidsmarkedet. I tillegg til at flere vil f\u00e5 oppleve verdien av l\u00f8nnet arbeid, vil de ogs\u00e5 f\u00e5 tilgang til et trygt og sosialt nettverkssted.<\/p>\n<p>Dette produktet produseres ved flere av v\u00e5re arbeidstiltak, blant annet i <a href=\"https:\/\/kirkensbymisjon.no\/nettbutikk\/produktkategori\/verksteder\/aktivitetskafeen-drammen-og-kongsberg\/\">Drammen,<\/a> <a href=\"https:\/\/kirkensbymisjon.no\/nettbutikk\/produktkategori\/verksteder\/arbeidsrommet-trondheim\/\">Trondheim<\/a> og Bod\u00f8<\/p>\n<p>&nbsp;<\/p>\n","protected":false},"excerpt":{"rendered":"<p>Brosteinen m\u00e5ler ca. 9&#215;9 cm. Leveres i gaveeske. Kan brukes til telys og kronlys.<\/p>\n","protected":false},"featured_media":224,"template":"","meta":{"_relevanssi_hide_post":"","_relevanssi_hide_content":"","_relevanssi_pin_for_all":"","_relevanssi_pin_keywords":"","_relevanssi_unpin_keywords":"","_relevanssi_related_keywords":"","_relevanssi_related_include_ids":"","_relevanssi_related_exclude_ids":"","_relevanssi_related_no_append":"","_relevanssi_related_not_related":"","_relevanssi_related_posts":"","_relevanssi_noindex_reason":""},"product_brand":[],"product_cat":[57,37],"product_tag":[99,92],"class_list":{"0":"post-176","1":"product","2":"type-product","3":"status-publish","4":"has-post-thumbnail","6":"product_cat-aktivitetskafeen-drammen-og-kongsberg","7":"product_cat-lys-og-lysestaker","8":"product_tag-bestselger","9":"product_tag-varfavoritter","10":"member-discount","11":"discount-restricted","13":"first","14":"instock","15":"purchasable","16":"product-type-simple"},"yoast_head":"<!-- This site is optimized with the Yoast SEO Premium plugin v27.2 (Yoast SEO v27.2) - https:\/\/yoast.com\/product\/yoast-seo-premium-wordpress\/ -->\n<title>Telysholder i brostein - Nettbutikk<\/title>\n<meta name=\"robots\" content=\"index, follow, max-snippet:-1, max-image-preview:large, max-video-preview:-1\" \/>\n<link rel=\"canonical\" href=\"https:\/\/kirkensbymisjon.no\/nettbutikk\/produkt\/telysholder-i-brostein\/\" \/>\n<meta property=\"og:locale\" content=\"nb_NO\" \/>\n<meta property=\"og:type\" content=\"article\" \/>\n<meta property=\"og:title\" content=\"Telysholder i brostein\" \/>\n<meta property=\"og:description\" content=\"Brosteinen m\u00e5ler ca. 9x9 cm. Leveres i gaveeske. Kan brukes til telys og kronlys.\" \/>\n<meta property=\"og:url\" content=\"https:\/\/kirkensbymisjon.no\/nettbutikk\/produkt\/telysholder-i-brostein\/\" \/>\n<meta property=\"og:site_name\" content=\"Nettbutikk\" \/>\n<meta property=\"article:modified_time\" content=\"2026-04-08T07:04:25+00:00\" \/>\n<meta property=\"og:image\" content=\"https:\/\/kirkensbymisjon.no\/content\/uploads\/sites\/123\/2024\/08\/telys-brostein.jpg\" \/>\n\t<meta property=\"og:image:width\" content=\"1100\" \/>\n\t<meta property=\"og:image:height\" content=\"1000\" \/>\n\t<meta property=\"og:image:type\" content=\"image\/jpeg\" \/>\n<meta name=\"twitter:card\" content=\"summary_large_image\" \/>\n<meta name=\"twitter:label1\" content=\"Price\" \/>\n\t<meta name=\"twitter:data1\" content=\"Kr&nbsp;225,&ndash;\" \/>\n\t<meta name=\"twitter:label2\" content=\"Availability\" \/>\n\t<meta name=\"twitter:data2\" content=\"In stock\" \/>\n<script type=\"application\/ld+json\" class=\"yoast-schema-graph\">{\"@context\":\"https:\/\/schema.org\",\"@graph\":[{\"@type\":\"WebPage\",\"@id\":\"https:\/\/kirkensbymisjon.no\/nettbutikk\/produkt\/telysholder-i-brostein\/\",\"url\":\"https:\/\/kirkensbymisjon.no\/nettbutikk\/produkt\/telysholder-i-brostein\/\",\"name\":\"Telysholder i brostein - Nettbutikk\",\"isPartOf\":{\"@id\":\"https:\/\/kirkensbymisjon.no\/nettbutikk\/#website\"},\"primaryImageOfPage\":{\"@id\":\"https:\/\/kirkensbymisjon.no\/nettbutikk\/produkt\/telysholder-i-brostein\/#primaryimage\"},\"image\":{\"@id\":\"https:\/\/kirkensbymisjon.no\/nettbutikk\/produkt\/telysholder-i-brostein\/#primaryimage\"},\"thumbnailUrl\":\"https:\/\/kirkensbymisjon.no\/content\/uploads\/sites\/123\/2024\/08\/telys-brostein.jpg\",\"datePublished\":\"2024-08-13T12:50:45+00:00\",\"dateModified\":\"2026-04-08T07:04:25+00:00\",\"breadcrumb\":{\"@id\":\"https:\/\/kirkensbymisjon.no\/nettbutikk\/produkt\/telysholder-i-brostein\/#breadcrumb\"},\"inLanguage\":\"nb-NO\",\"potentialAction\":[{\"@type\":\"ReadAction\",\"target\":[\"https:\/\/kirkensbymisjon.no\/nettbutikk\/produkt\/telysholder-i-brostein\/\"]}]},{\"@type\":\"ImageObject\",\"inLanguage\":\"nb-NO\",\"@id\":\"https:\/\/kirkensbymisjon.no\/nettbutikk\/produkt\/telysholder-i-brostein\/#primaryimage\",\"url\":\"https:\/\/kirkensbymisjon.no\/content\/uploads\/sites\/123\/2024\/08\/telys-brostein.jpg\",\"contentUrl\":\"https:\/\/kirkensbymisjon.no\/content\/uploads\/sites\/123\/2024\/08\/telys-brostein.jpg\",\"width\":1100,\"height\":1000},{\"@type\":\"BreadcrumbList\",\"@id\":\"https:\/\/kirkensbymisjon.no\/nettbutikk\/produkt\/telysholder-i-brostein\/#breadcrumb\",\"itemListElement\":[{\"@type\":\"ListItem\",\"position\":1,\"name\":\"Hjem\",\"item\":\"https:\/\/kirkensbymisjon.no\/nettbutikk\/\"},{\"@type\":\"ListItem\",\"position\":2,\"name\":\"Butikk\",\"item\":\"https:\/\/kirkensbymisjon.no\/nettbutikk\/butikk\/\"},{\"@type\":\"ListItem\",\"position\":3,\"name\":\"Telysholder i brostein\"}]},{\"@type\":\"WebSite\",\"@id\":\"https:\/\/kirkensbymisjon.no\/nettbutikk\/#website\",\"url\":\"https:\/\/kirkensbymisjon.no\/nettbutikk\/\",\"name\":\"Nettbutikk\",\"description\":\"\",\"potentialAction\":[{\"@type\":\"SearchAction\",\"target\":{\"@type\":\"EntryPoint\",\"urlTemplate\":\"https:\/\/kirkensbymisjon.no\/nettbutikk\/?s={search_term_string}\"},\"query-input\":{\"@type\":\"PropertyValueSpecification\",\"valueRequired\":true,\"valueName\":\"search_term_string\"}}],\"inLanguage\":\"nb-NO\"}]}<\/script>\n<meta property=\"product:price:amount\" content=\"225.00\" \/>\n<meta property=\"product:price:currency\" content=\"NOK\" \/>\n<meta property=\"og:availability\" content=\"instock\" \/>\n<meta property=\"product:availability\" content=\"instock\" \/>\n<meta property=\"product:retailer_item_id\" content=\"D1011\" \/>\n<meta property=\"product:condition\" content=\"new\" \/>\n<!-- \/ Yoast SEO Premium plugin. -->","yoast_head_json":{"title":"Telysholder i brostein - Nettbutikk","robots":{"index":"index","follow":"follow","max-snippet":"max-snippet:-1","max-image-preview":"max-image-preview:large","max-video-preview":"max-video-preview:-1"},"canonical":"https:\/\/kirkensbymisjon.no\/nettbutikk\/produkt\/telysholder-i-brostein\/","og_locale":"nb_NO","og_type":"article","og_title":"Telysholder i brostein","og_description":"Brosteinen m\u00e5ler ca. 9x9 cm. Leveres i gaveeske. Kan brukes til telys og kronlys.","og_url":"https:\/\/kirkensbymisjon.no\/nettbutikk\/produkt\/telysholder-i-brostein\/","og_site_name":"Nettbutikk","article_modified_time":"2026-04-08T07:04:25+00:00","og_image":[{"width":1100,"height":1000,"url":"https:\/\/kirkensbymisjon.no\/content\/uploads\/sites\/123\/2024\/08\/telys-brostein.jpg","type":"image\/jpeg"}],"twitter_card":"summary_large_image","twitter_misc":{"Price":"Kr&nbsp;225,&ndash;","Availability":"In stock"},"schema":{"@context":"https:\/\/schema.org","@graph":[{"@type":"WebPage","@id":"https:\/\/kirkensbymisjon.no\/nettbutikk\/produkt\/telysholder-i-brostein\/","url":"https:\/\/kirkensbymisjon.no\/nettbutikk\/produkt\/telysholder-i-brostein\/","name":"Telysholder i brostein - Nettbutikk","isPartOf":{"@id":"https:\/\/kirkensbymisjon.no\/nettbutikk\/#website"},"primaryImageOfPage":{"@id":"https:\/\/kirkensbymisjon.no\/nettbutikk\/produkt\/telysholder-i-brostein\/#primaryimage"},"image":{"@id":"https:\/\/kirkensbymisjon.no\/nettbutikk\/produkt\/telysholder-i-brostein\/#primaryimage"},"thumbnailUrl":"https:\/\/kirkensbymisjon.no\/content\/uploads\/sites\/123\/2024\/08\/telys-brostein.jpg","datePublished":"2024-08-13T12:50:45+00:00","dateModified":"2026-04-08T07:04:25+00:00","breadcrumb":{"@id":"https:\/\/kirkensbymisjon.no\/nettbutikk\/produkt\/telysholder-i-brostein\/#breadcrumb"},"inLanguage":"nb-NO","potentialAction":[{"@type":"ReadAction","target":["https:\/\/kirkensbymisjon.no\/nettbutikk\/produkt\/telysholder-i-brostein\/"]}]},{"@type":"ImageObject","inLanguage":"nb-NO","@id":"https:\/\/kirkensbymisjon.no\/nettbutikk\/produkt\/telysholder-i-brostein\/#primaryimage","url":"https:\/\/kirkensbymisjon.no\/content\/uploads\/sites\/123\/2024\/08\/telys-brostein.jpg","contentUrl":"https:\/\/kirkensbymisjon.no\/content\/uploads\/sites\/123\/2024\/08\/telys-brostein.jpg","width":1100,"height":1000},{"@type":"BreadcrumbList","@id":"https:\/\/kirkensbymisjon.no\/nettbutikk\/produkt\/telysholder-i-brostein\/#breadcrumb","itemListElement":[{"@type":"ListItem","position":1,"name":"Hjem","item":"https:\/\/kirkensbymisjon.no\/nettbutikk\/"},{"@type":"ListItem","position":2,"name":"Butikk","item":"https:\/\/kirkensbymisjon.no\/nettbutikk\/butikk\/"},{"@type":"ListItem","position":3,"name":"Telysholder i brostein"}]},{"@type":"WebSite","@id":"https:\/\/kirkensbymisjon.no\/nettbutikk\/#website","url":"https:\/\/kirkensbymisjon.no\/nettbutikk\/","name":"Nettbutikk","description":"","potentialAction":[{"@type":"SearchAction","target":{"@type":"EntryPoint","urlTemplate":"https:\/\/kirkensbymisjon.no\/nettbutikk\/?s={search_term_string}"},"query-input":{"@type":"PropertyValueSpecification","valueRequired":true,"valueName":"search_term_string"}}],"inLanguage":"nb-NO"}]},"product_price_amount":"225.00","product_price_currency":"NOK","og_availability":"instock","product_availability":"instock","product_retailer_item_id":"D1011","product_condition":"new"},"_links":{"self":[{"href":"https:\/\/kirkensbymisjon.no\/nettbutikk\/wp-json\/wp\/v2\/product\/176","targetHints":{"allow":["GET"]}}],"collection":[{"href":"https:\/\/kirkensbymisjon.no\/nettbutikk\/wp-json\/wp\/v2\/product"}],"about":[{"href":"https:\/\/kirkensbymisjon.no\/nettbutikk\/wp-json\/wp\/v2\/types\/product"}],"wp:featuredmedia":[{"embeddable":true,"href":"https:\/\/kirkensbymisjon.no\/nettbutikk\/wp-json\/wp\/v2\/media\/224"}],"wp:attachment":[{"href":"https:\/\/kirkensbymisjon.no\/nettbutikk\/wp-json\/wp\/v2\/media?parent=176"}],"wp:term":[{"taxonomy":"product_brand","embeddable":true,"href":"https:\/\/kirkensbymisjon.no\/nettbutikk\/wp-json\/wp\/v2\/product_brand?post=176"},{"taxonomy":"product_cat","embeddable":true,"href":"https:\/\/kirkensbymisjon.no\/nettbutikk\/wp-json\/wp\/v2\/product_cat?post=176"},{"taxonomy":"product_tag","embeddable":true,"href":"https:\/\/kirkensbymisjon.no\/nettbutikk\/wp-json\/wp\/v2\/product_tag?post=176"}],"curies":[{"name":"wp","href":"https:\/\/api.w.org\/{rel}","templated":true}]}}