{"id":21558,"date":"2025-08-20T12:41:31","date_gmt":"2025-08-20T10:41:31","guid":{"rendered":"https:\/\/kirkensbymisjon.no\/nettbutikk\/?post_type=product&#038;p=21558"},"modified":"2026-04-19T09:55:07","modified_gmt":"2026-04-19T07:55:07","slug":"potesalve-ringblomst-100-ml","status":"publish","type":"product","link":"https:\/\/kirkensbymisjon.no\/nettbutikk\/produkt\/potesalve-ringblomst-100-ml\/","title":{"rendered":"Potesalve ringblomst &#8211; 100 ml"},"content":{"rendered":"<p>Dette er en h\u00e5ndlaget salve som inneholder ringblomst fra verkstedets egen byhage i Kristiansand. Salven inneholder naturlige ingredienser som olivenolje, bivoks, ringblomst og lavendel.\u00a0 En mykgj\u00f8rende potesalve som beskytter mot kulde, fuktighet og veisalt. Den forebygger sprekker og irritasjon og er fett- og vannfri og dermed ideell p\u00e5 kalde dager. Den vil kunne forhindre kutt og sprekker p\u00e5 hundens poteputer og lindre eksisterende s\u00e5r.<\/p>\n<p>Mykgj\u00f8rende salve for hundens poter. Beskytter mot utt\u00f8rring og forhindrer isdannelse mellom tredeputene. Naturlig fremstilt produkt som inneholder ringblomst, olivenolje, bivoks og lavendel.<br \/>\nDet anbefales \u00e5 bruke salve gjennom hele \u00e5ret, spesielt under lengdre turer p\u00e5 ujevne overflater.<br \/>\nDet er 100 ml salve i krukken.<\/p>\n<p>Dette produktet er laget ved verkstedet v\u00e5rt i <a href=\"https:\/\/kirkensbymisjon.no\/nettbutikk\/produktkategori\/verksteder\/kvinneverkstedet-kristiansand\/\">Kristiansand<\/a>.<\/p>\n","protected":false},"excerpt":{"rendered":"<p>Mykgj\u00f8rende salve for hundens poter. Salven beskytter mot varme, kulde, fuktighet, sn\u00f8 og veisalt og&hellip;<\/p>\n","protected":false},"featured_media":22774,"template":"","meta":{"_relevanssi_hide_post":"","_relevanssi_hide_content":"","_relevanssi_pin_for_all":"","_relevanssi_pin_keywords":"","_relevanssi_unpin_keywords":"","_relevanssi_related_keywords":"","_relevanssi_related_include_ids":"","_relevanssi_related_exclude_ids":"","_relevanssi_related_no_append":"","_relevanssi_related_not_related":"","_relevanssi_related_posts":"","_relevanssi_noindex_reason":""},"product_brand":[],"product_cat":[64,32,46],"product_tag":[],"class_list":{"0":"post-21558","1":"product","2":"type-product","3":"status-publish","4":"has-post-thumbnail","6":"product_cat-kvinneverkstedet-kristiansand","7":"product_cat-saper-og-salver","8":"product_cat-tilbehor-og-andre-produkter","9":"member-discount","10":"discount-restricted","12":"first","13":"instock","14":"purchasable","15":"product-type-simple"},"yoast_head":"<!-- This site is optimized with the Yoast SEO Premium plugin v27.2 (Yoast SEO v27.4) - https:\/\/yoast.com\/product\/yoast-seo-premium-wordpress\/ -->\n<title>Potesalve ringblomst - 100 ml | Kirkens Bymisjon nettbutikk<\/title>\n<meta name=\"description\" content=\"Naturlig fremstilt ringblomstsalve som inneholder ringblomst, olivenolje, bivoks og lavendel. Bruksomr\u00e5der: mot t\u00f8rr og s\u00e5r hud, sm\u00e5s\u00e5r, utslett, s\u00e5re lepper, eksem, insektstikk, kuldekrem, soppdrepende, antiseptisk.\" \/>\n<meta name=\"robots\" content=\"index, follow, max-snippet:-1, max-image-preview:large, max-video-preview:-1\" \/>\n<link rel=\"canonical\" href=\"https:\/\/kirkensbymisjon.no\/nettbutikk\/produkt\/potesalve-ringblomst-100-ml\/\" \/>\n<meta property=\"og:locale\" content=\"nb_NO\" \/>\n<meta property=\"og:type\" content=\"article\" \/>\n<meta property=\"og:title\" content=\"Potesalve ringblomst - 100 ml\" \/>\n<meta property=\"og:description\" content=\"Naturlig fremstilt ringblomstsalve som inneholder ringblomst, olivenolje, bivoks og lavendel. Bruksomr\u00e5der: mot t\u00f8rr og s\u00e5r hud, sm\u00e5s\u00e5r, utslett, s\u00e5re lepper, eksem, insektstikk, kuldekrem, soppdrepende, antiseptisk.\" \/>\n<meta property=\"og:url\" content=\"https:\/\/kirkensbymisjon.no\/nettbutikk\/produkt\/potesalve-ringblomst-100-ml\/\" \/>\n<meta property=\"og:site_name\" content=\"Nettbutikk\" \/>\n<meta property=\"article:modified_time\" content=\"2026-04-19T07:55:07+00:00\" \/>\n<meta property=\"og:image\" content=\"https:\/\/kirkensbymisjon.no\/content\/uploads\/sites\/123\/2025\/09\/potesalve-ringblomst-100ml-1.jpg\" \/>\n\t<meta property=\"og:image:width\" content=\"1000\" \/>\n\t<meta property=\"og:image:height\" content=\"1000\" \/>\n\t<meta property=\"og:image:type\" content=\"image\/jpeg\" \/>\n<meta name=\"twitter:card\" content=\"summary_large_image\" \/>\n<meta name=\"twitter:label1\" content=\"Price\" \/>\n\t<meta name=\"twitter:data1\" content=\"Kr&nbsp;220,&ndash;\" \/>\n\t<meta name=\"twitter:label2\" content=\"Availability\" \/>\n\t<meta name=\"twitter:data2\" content=\"In stock\" \/>\n<script type=\"application\/ld+json\" class=\"yoast-schema-graph\">{\"@context\":\"https:\\\/\\\/schema.org\",\"@graph\":[{\"@type\":\"WebPage\",\"@id\":\"https:\\\/\\\/kirkensbymisjon.no\\\/nettbutikk\\\/produkt\\\/potesalve-ringblomst-100-ml\\\/\",\"url\":\"https:\\\/\\\/kirkensbymisjon.no\\\/nettbutikk\\\/produkt\\\/potesalve-ringblomst-100-ml\\\/\",\"name\":\"Potesalve ringblomst - 100 ml | Kirkens Bymisjon nettbutikk\",\"isPartOf\":{\"@id\":\"https:\\\/\\\/kirkensbymisjon.no\\\/nettbutikk\\\/#website\"},\"primaryImageOfPage\":{\"@id\":\"https:\\\/\\\/kirkensbymisjon.no\\\/nettbutikk\\\/produkt\\\/potesalve-ringblomst-100-ml\\\/#primaryimage\"},\"image\":{\"@id\":\"https:\\\/\\\/kirkensbymisjon.no\\\/nettbutikk\\\/produkt\\\/potesalve-ringblomst-100-ml\\\/#primaryimage\"},\"thumbnailUrl\":\"https:\\\/\\\/kirkensbymisjon.no\\\/content\\\/uploads\\\/sites\\\/123\\\/2025\\\/09\\\/potesalve-ringblomst-100ml-1.jpg\",\"datePublished\":\"2025-08-20T10:41:31+00:00\",\"dateModified\":\"2026-04-19T07:55:07+00:00\",\"description\":\"Naturlig fremstilt ringblomstsalve som inneholder ringblomst, olivenolje, bivoks og lavendel. Bruksomr\u00e5der: mot t\u00f8rr og s\u00e5r hud, sm\u00e5s\u00e5r, utslett, s\u00e5re lepper, eksem, insektstikk, kuldekrem, soppdrepende, antiseptisk.\",\"breadcrumb\":{\"@id\":\"https:\\\/\\\/kirkensbymisjon.no\\\/nettbutikk\\\/produkt\\\/potesalve-ringblomst-100-ml\\\/#breadcrumb\"},\"inLanguage\":\"nb-NO\",\"potentialAction\":[{\"@type\":\"ReadAction\",\"target\":[\"https:\\\/\\\/kirkensbymisjon.no\\\/nettbutikk\\\/produkt\\\/potesalve-ringblomst-100-ml\\\/\"]}]},{\"@type\":\"ImageObject\",\"inLanguage\":\"nb-NO\",\"@id\":\"https:\\\/\\\/kirkensbymisjon.no\\\/nettbutikk\\\/produkt\\\/potesalve-ringblomst-100-ml\\\/#primaryimage\",\"url\":\"https:\\\/\\\/kirkensbymisjon.no\\\/content\\\/uploads\\\/sites\\\/123\\\/2025\\\/09\\\/potesalve-ringblomst-100ml-1.jpg\",\"contentUrl\":\"https:\\\/\\\/kirkensbymisjon.no\\\/content\\\/uploads\\\/sites\\\/123\\\/2025\\\/09\\\/potesalve-ringblomst-100ml-1.jpg\",\"width\":1000,\"height\":1000},{\"@type\":\"BreadcrumbList\",\"@id\":\"https:\\\/\\\/kirkensbymisjon.no\\\/nettbutikk\\\/produkt\\\/potesalve-ringblomst-100-ml\\\/#breadcrumb\",\"itemListElement\":[{\"@type\":\"ListItem\",\"position\":1,\"name\":\"Hjem\",\"item\":\"https:\\\/\\\/kirkensbymisjon.no\\\/nettbutikk\\\/\"},{\"@type\":\"ListItem\",\"position\":2,\"name\":\"Butikk\",\"item\":\"https:\\\/\\\/kirkensbymisjon.no\\\/nettbutikk\\\/butikk\\\/\"},{\"@type\":\"ListItem\",\"position\":3,\"name\":\"Potesalve ringblomst &#8211; 100 ml\"}]},{\"@type\":\"WebSite\",\"@id\":\"https:\\\/\\\/kirkensbymisjon.no\\\/nettbutikk\\\/#website\",\"url\":\"https:\\\/\\\/kirkensbymisjon.no\\\/nettbutikk\\\/\",\"name\":\"Nettbutikk\",\"description\":\"\",\"potentialAction\":[{\"@type\":\"SearchAction\",\"target\":{\"@type\":\"EntryPoint\",\"urlTemplate\":\"https:\\\/\\\/kirkensbymisjon.no\\\/nettbutikk\\\/?s={search_term_string}\"},\"query-input\":{\"@type\":\"PropertyValueSpecification\",\"valueRequired\":true,\"valueName\":\"search_term_string\"}}],\"inLanguage\":\"nb-NO\"}]}<\/script>\n<meta property=\"product:price:amount\" content=\"220.00\" \/>\n<meta property=\"product:price:currency\" content=\"NOK\" \/>\n<meta property=\"og:availability\" content=\"instock\" \/>\n<meta property=\"product:availability\" content=\"instock\" \/>\n<meta property=\"product:retailer_item_id\" content=\"D1046\" \/>\n<meta property=\"product:condition\" content=\"new\" \/>\n<!-- \/ Yoast SEO Premium plugin. -->","yoast_head_json":{"title":"Potesalve ringblomst - 100 ml | Kirkens Bymisjon nettbutikk","description":"Naturlig fremstilt ringblomstsalve som inneholder ringblomst, olivenolje, bivoks og lavendel. Bruksomr\u00e5der: mot t\u00f8rr og s\u00e5r hud, sm\u00e5s\u00e5r, utslett, s\u00e5re lepper, eksem, insektstikk, kuldekrem, soppdrepende, antiseptisk.","robots":{"index":"index","follow":"follow","max-snippet":"max-snippet:-1","max-image-preview":"max-image-preview:large","max-video-preview":"max-video-preview:-1"},"canonical":"https:\/\/kirkensbymisjon.no\/nettbutikk\/produkt\/potesalve-ringblomst-100-ml\/","og_locale":"nb_NO","og_type":"article","og_title":"Potesalve ringblomst - 100 ml","og_description":"Naturlig fremstilt ringblomstsalve som inneholder ringblomst, olivenolje, bivoks og lavendel. Bruksomr\u00e5der: mot t\u00f8rr og s\u00e5r hud, sm\u00e5s\u00e5r, utslett, s\u00e5re lepper, eksem, insektstikk, kuldekrem, soppdrepende, antiseptisk.","og_url":"https:\/\/kirkensbymisjon.no\/nettbutikk\/produkt\/potesalve-ringblomst-100-ml\/","og_site_name":"Nettbutikk","article_modified_time":"2026-04-19T07:55:07+00:00","og_image":[{"width":1000,"height":1000,"url":"https:\/\/kirkensbymisjon.no\/content\/uploads\/sites\/123\/2025\/09\/potesalve-ringblomst-100ml-1.jpg","type":"image\/jpeg"}],"twitter_card":"summary_large_image","twitter_misc":{"Price":"Kr&nbsp;220,&ndash;","Availability":"In stock"},"schema":{"@context":"https:\/\/schema.org","@graph":[{"@type":"WebPage","@id":"https:\/\/kirkensbymisjon.no\/nettbutikk\/produkt\/potesalve-ringblomst-100-ml\/","url":"https:\/\/kirkensbymisjon.no\/nettbutikk\/produkt\/potesalve-ringblomst-100-ml\/","name":"Potesalve ringblomst - 100 ml | Kirkens Bymisjon nettbutikk","isPartOf":{"@id":"https:\/\/kirkensbymisjon.no\/nettbutikk\/#website"},"primaryImageOfPage":{"@id":"https:\/\/kirkensbymisjon.no\/nettbutikk\/produkt\/potesalve-ringblomst-100-ml\/#primaryimage"},"image":{"@id":"https:\/\/kirkensbymisjon.no\/nettbutikk\/produkt\/potesalve-ringblomst-100-ml\/#primaryimage"},"thumbnailUrl":"https:\/\/kirkensbymisjon.no\/content\/uploads\/sites\/123\/2025\/09\/potesalve-ringblomst-100ml-1.jpg","datePublished":"2025-08-20T10:41:31+00:00","dateModified":"2026-04-19T07:55:07+00:00","description":"Naturlig fremstilt ringblomstsalve som inneholder ringblomst, olivenolje, bivoks og lavendel. Bruksomr\u00e5der: mot t\u00f8rr og s\u00e5r hud, sm\u00e5s\u00e5r, utslett, s\u00e5re lepper, eksem, insektstikk, kuldekrem, soppdrepende, antiseptisk.","breadcrumb":{"@id":"https:\/\/kirkensbymisjon.no\/nettbutikk\/produkt\/potesalve-ringblomst-100-ml\/#breadcrumb"},"inLanguage":"nb-NO","potentialAction":[{"@type":"ReadAction","target":["https:\/\/kirkensbymisjon.no\/nettbutikk\/produkt\/potesalve-ringblomst-100-ml\/"]}]},{"@type":"ImageObject","inLanguage":"nb-NO","@id":"https:\/\/kirkensbymisjon.no\/nettbutikk\/produkt\/potesalve-ringblomst-100-ml\/#primaryimage","url":"https:\/\/kirkensbymisjon.no\/content\/uploads\/sites\/123\/2025\/09\/potesalve-ringblomst-100ml-1.jpg","contentUrl":"https:\/\/kirkensbymisjon.no\/content\/uploads\/sites\/123\/2025\/09\/potesalve-ringblomst-100ml-1.jpg","width":1000,"height":1000},{"@type":"BreadcrumbList","@id":"https:\/\/kirkensbymisjon.no\/nettbutikk\/produkt\/potesalve-ringblomst-100-ml\/#breadcrumb","itemListElement":[{"@type":"ListItem","position":1,"name":"Hjem","item":"https:\/\/kirkensbymisjon.no\/nettbutikk\/"},{"@type":"ListItem","position":2,"name":"Butikk","item":"https:\/\/kirkensbymisjon.no\/nettbutikk\/butikk\/"},{"@type":"ListItem","position":3,"name":"Potesalve ringblomst &#8211; 100 ml"}]},{"@type":"WebSite","@id":"https:\/\/kirkensbymisjon.no\/nettbutikk\/#website","url":"https:\/\/kirkensbymisjon.no\/nettbutikk\/","name":"Nettbutikk","description":"","potentialAction":[{"@type":"SearchAction","target":{"@type":"EntryPoint","urlTemplate":"https:\/\/kirkensbymisjon.no\/nettbutikk\/?s={search_term_string}"},"query-input":{"@type":"PropertyValueSpecification","valueRequired":true,"valueName":"search_term_string"}}],"inLanguage":"nb-NO"}]},"product_price_amount":"220.00","product_price_currency":"NOK","og_availability":"instock","product_availability":"instock","product_retailer_item_id":"D1046","product_condition":"new"},"_links":{"self":[{"href":"https:\/\/kirkensbymisjon.no\/nettbutikk\/wp-json\/wp\/v2\/product\/21558","targetHints":{"allow":["GET"]}}],"collection":[{"href":"https:\/\/kirkensbymisjon.no\/nettbutikk\/wp-json\/wp\/v2\/product"}],"about":[{"href":"https:\/\/kirkensbymisjon.no\/nettbutikk\/wp-json\/wp\/v2\/types\/product"}],"wp:featuredmedia":[{"embeddable":true,"href":"https:\/\/kirkensbymisjon.no\/nettbutikk\/wp-json\/wp\/v2\/media\/22774"}],"wp:attachment":[{"href":"https:\/\/kirkensbymisjon.no\/nettbutikk\/wp-json\/wp\/v2\/media?parent=21558"}],"wp:term":[{"taxonomy":"product_brand","embeddable":true,"href":"https:\/\/kirkensbymisjon.no\/nettbutikk\/wp-json\/wp\/v2\/product_brand?post=21558"},{"taxonomy":"product_cat","embeddable":true,"href":"https:\/\/kirkensbymisjon.no\/nettbutikk\/wp-json\/wp\/v2\/product_cat?post=21558"},{"taxonomy":"product_tag","embeddable":true,"href":"https:\/\/kirkensbymisjon.no\/nettbutikk\/wp-json\/wp\/v2\/product_tag?post=21558"}],"curies":[{"name":"wp","href":"https:\/\/api.w.org\/{rel}","templated":true}]}}