{"id":22217,"date":"2025-08-25T15:40:41","date_gmt":"2025-08-25T13:40:41","guid":{"rendered":"https:\/\/kirkensbymisjon.no\/nettbutikk\/?post_type=product&#038;p=22217"},"modified":"2026-04-09T18:34:29","modified_gmt":"2026-04-09T16:34:29","slug":"gavepakke-rod-hjerteskal-og-dompap","status":"publish","type":"product","link":"https:\/\/kirkensbymisjon.no\/nettbutikk\/produkt\/gavepakke-rod-hjerteskal-og-dompap\/","title":{"rendered":"Gavepakke; r\u00f8d hjertesk\u00e5l og dompap"},"content":{"rendered":"<p><strong>Hjertesk\u00e5l i keramikk &#8211; r\u00f8d<\/strong><\/p>\n<p>H\u00e5ndlagde dekorativ hjerteformet sk\u00e5l i keramikk (vakkert buet i kantene). Sk\u00e5len er perfekt til \u00e5 ha sm\u00e5saker i, for telys, eller som dekorasjon.<\/p>\n<p>St\u00f8rrelse: ca. 9 x 9 cm. H\u00e5ndvask anbefales.<\/p>\n<p>Dette produktet er laget ved et av v\u00e5re verksteder i\u00a0<a href=\"https:\/\/kirkensbymisjon.no\/nettbutikk\/produktkategori\/verksteder\/spenn-oslo\/\">Oslo<\/a>.<\/p>\n<p>&nbsp;<\/p>\n<p><strong>Dompap i glass<\/strong><\/p>\n<p>Denne vakre dompapen er laget i tradisjonelle farger og er like flott p\u00e5 juletreet som p\u00e5 kranser og oppsatser. Fuglen er en flott gave til noen du er glad i. Glass og m\u00f8nster er n\u00f8ye kuttet og montert for h\u00e5nd f\u00f8r de smeltes i glassovnen v\u00e5r.<\/p>\n<p>Dompapen er ca 6 cm lang (og 4 cm h\u00f8y) og leveres med oppheng.<\/p>\n<p>Dette produktet er laget ved et av v\u00e5re verksteder i\u00a0<a href=\"https:\/\/kirkensbymisjon.no\/nettbutikk\/produktkategori\/verksteder\/i-jobb-oslo\/\">Oslo<\/a>.<\/p>\n","protected":false},"excerpt":{"rendered":"<p>En gavepakke som inneholder en hjertesk\u00e5l og en dompap i glass, pent pakket sammen i&hellip;<\/p>\n","protected":false},"featured_media":23801,"template":"","meta":{"_relevanssi_hide_post":"","_relevanssi_hide_content":"","_relevanssi_pin_for_all":"","_relevanssi_pin_keywords":"","_relevanssi_unpin_keywords":"","_relevanssi_related_keywords":"","_relevanssi_related_include_ids":"","_relevanssi_related_exclude_ids":"","_relevanssi_related_no_append":"","_relevanssi_related_not_related":"","_relevanssi_related_posts":"","_relevanssi_noindex_reason":""},"product_brand":[],"product_cat":[31,56,49,67],"product_tag":[98],"class_list":{"0":"post-22217","1":"product","2":"type-product","3":"status-publish","4":"has-post-thumbnail","6":"product_cat-gavepakker","7":"product_cat-i-jobb-oslo","8":"product_cat-juleprodukter","9":"product_cat-spenn-oslo","10":"product_tag-julefavoritter","11":"member-discount","12":"discount-restricted","14":"first","15":"instock","16":"purchasable","17":"product-type-simple"},"yoast_head":"<!-- This site is optimized with the Yoast SEO Premium plugin v27.2 (Yoast SEO v27.2) - https:\/\/yoast.com\/product\/yoast-seo-premium-wordpress\/ -->\n<title>Gavepakke; r\u00f8d hjertesk\u00e5l og dompap - Nettbutikk<\/title>\n<meta name=\"robots\" content=\"index, follow, max-snippet:-1, max-image-preview:large, max-video-preview:-1\" \/>\n<link rel=\"canonical\" href=\"https:\/\/kirkensbymisjon.no\/nettbutikk\/produkt\/gavepakke-rod-hjerteskal-og-dompap\/\" \/>\n<meta property=\"og:locale\" content=\"nb_NO\" \/>\n<meta property=\"og:type\" content=\"article\" \/>\n<meta property=\"og:title\" content=\"Gavepakke; r\u00f8d hjertesk\u00e5l og dompap\" \/>\n<meta property=\"og:description\" content=\"En gavepakke som inneholder en hjertesk\u00e5l og en dompap i glass, pent pakket sammen i&hellip;\" \/>\n<meta property=\"og:url\" content=\"https:\/\/kirkensbymisjon.no\/nettbutikk\/produkt\/gavepakke-rod-hjerteskal-og-dompap\/\" \/>\n<meta property=\"og:site_name\" content=\"Nettbutikk\" \/>\n<meta property=\"article:modified_time\" content=\"2026-04-09T16:34:29+00:00\" \/>\n<meta property=\"og:image\" content=\"https:\/\/kirkensbymisjon.no\/content\/uploads\/sites\/123\/2025\/10\/gavepakke-hjerteskal-dompap-2.jpg\" \/>\n\t<meta property=\"og:image:width\" content=\"1000\" \/>\n\t<meta property=\"og:image:height\" content=\"1000\" \/>\n\t<meta property=\"og:image:type\" content=\"image\/jpeg\" \/>\n<meta name=\"twitter:card\" content=\"summary_large_image\" \/>\n<meta name=\"twitter:label1\" content=\"Price\" \/>\n\t<meta name=\"twitter:data1\" content=\"Kr&nbsp;305,&ndash;\" \/>\n\t<meta name=\"twitter:label2\" content=\"Availability\" \/>\n\t<meta name=\"twitter:data2\" content=\"In stock\" \/>\n<script type=\"application\/ld+json\" class=\"yoast-schema-graph\">{\"@context\":\"https:\/\/schema.org\",\"@graph\":[{\"@type\":\"WebPage\",\"@id\":\"https:\/\/kirkensbymisjon.no\/nettbutikk\/produkt\/gavepakke-rod-hjerteskal-og-dompap\/\",\"url\":\"https:\/\/kirkensbymisjon.no\/nettbutikk\/produkt\/gavepakke-rod-hjerteskal-og-dompap\/\",\"name\":\"Gavepakke; r\u00f8d hjertesk\u00e5l og dompap - Nettbutikk\",\"isPartOf\":{\"@id\":\"https:\/\/kirkensbymisjon.no\/nettbutikk\/#website\"},\"primaryImageOfPage\":{\"@id\":\"https:\/\/kirkensbymisjon.no\/nettbutikk\/produkt\/gavepakke-rod-hjerteskal-og-dompap\/#primaryimage\"},\"image\":{\"@id\":\"https:\/\/kirkensbymisjon.no\/nettbutikk\/produkt\/gavepakke-rod-hjerteskal-og-dompap\/#primaryimage\"},\"thumbnailUrl\":\"https:\/\/kirkensbymisjon.no\/content\/uploads\/sites\/123\/2025\/10\/gavepakke-hjerteskal-dompap-2.jpg\",\"datePublished\":\"2025-08-25T13:40:41+00:00\",\"dateModified\":\"2026-04-09T16:34:29+00:00\",\"breadcrumb\":{\"@id\":\"https:\/\/kirkensbymisjon.no\/nettbutikk\/produkt\/gavepakke-rod-hjerteskal-og-dompap\/#breadcrumb\"},\"inLanguage\":\"nb-NO\",\"potentialAction\":[{\"@type\":\"ReadAction\",\"target\":[\"https:\/\/kirkensbymisjon.no\/nettbutikk\/produkt\/gavepakke-rod-hjerteskal-og-dompap\/\"]}]},{\"@type\":\"ImageObject\",\"inLanguage\":\"nb-NO\",\"@id\":\"https:\/\/kirkensbymisjon.no\/nettbutikk\/produkt\/gavepakke-rod-hjerteskal-og-dompap\/#primaryimage\",\"url\":\"https:\/\/kirkensbymisjon.no\/content\/uploads\/sites\/123\/2025\/10\/gavepakke-hjerteskal-dompap-2.jpg\",\"contentUrl\":\"https:\/\/kirkensbymisjon.no\/content\/uploads\/sites\/123\/2025\/10\/gavepakke-hjerteskal-dompap-2.jpg\",\"width\":1000,\"height\":1000},{\"@type\":\"BreadcrumbList\",\"@id\":\"https:\/\/kirkensbymisjon.no\/nettbutikk\/produkt\/gavepakke-rod-hjerteskal-og-dompap\/#breadcrumb\",\"itemListElement\":[{\"@type\":\"ListItem\",\"position\":1,\"name\":\"Hjem\",\"item\":\"https:\/\/kirkensbymisjon.no\/nettbutikk\/\"},{\"@type\":\"ListItem\",\"position\":2,\"name\":\"Butikk\",\"item\":\"https:\/\/kirkensbymisjon.no\/nettbutikk\/butikk\/\"},{\"@type\":\"ListItem\",\"position\":3,\"name\":\"Gavepakke; r\u00f8d hjertesk\u00e5l og dompap\"}]},{\"@type\":\"WebSite\",\"@id\":\"https:\/\/kirkensbymisjon.no\/nettbutikk\/#website\",\"url\":\"https:\/\/kirkensbymisjon.no\/nettbutikk\/\",\"name\":\"Nettbutikk\",\"description\":\"\",\"potentialAction\":[{\"@type\":\"SearchAction\",\"target\":{\"@type\":\"EntryPoint\",\"urlTemplate\":\"https:\/\/kirkensbymisjon.no\/nettbutikk\/?s={search_term_string}\"},\"query-input\":{\"@type\":\"PropertyValueSpecification\",\"valueRequired\":true,\"valueName\":\"search_term_string\"}}],\"inLanguage\":\"nb-NO\"}]}<\/script>\n<meta property=\"product:price:amount\" content=\"305.00\" \/>\n<meta property=\"product:price:currency\" content=\"NOK\" \/>\n<meta property=\"og:availability\" content=\"instock\" \/>\n<meta property=\"product:availability\" content=\"instock\" \/>\n<meta property=\"product:retailer_item_id\" content=\"Pakke - hjertesk\u00e5l og dompap\" \/>\n<meta property=\"product:condition\" content=\"new\" \/>\n<!-- \/ Yoast SEO Premium plugin. -->","yoast_head_json":{"title":"Gavepakke; r\u00f8d hjertesk\u00e5l og dompap - Nettbutikk","robots":{"index":"index","follow":"follow","max-snippet":"max-snippet:-1","max-image-preview":"max-image-preview:large","max-video-preview":"max-video-preview:-1"},"canonical":"https:\/\/kirkensbymisjon.no\/nettbutikk\/produkt\/gavepakke-rod-hjerteskal-og-dompap\/","og_locale":"nb_NO","og_type":"article","og_title":"Gavepakke; r\u00f8d hjertesk\u00e5l og dompap","og_description":"En gavepakke som inneholder en hjertesk\u00e5l og en dompap i glass, pent pakket sammen i&hellip;","og_url":"https:\/\/kirkensbymisjon.no\/nettbutikk\/produkt\/gavepakke-rod-hjerteskal-og-dompap\/","og_site_name":"Nettbutikk","article_modified_time":"2026-04-09T16:34:29+00:00","og_image":[{"width":1000,"height":1000,"url":"https:\/\/kirkensbymisjon.no\/content\/uploads\/sites\/123\/2025\/10\/gavepakke-hjerteskal-dompap-2.jpg","type":"image\/jpeg"}],"twitter_card":"summary_large_image","twitter_misc":{"Price":"Kr&nbsp;305,&ndash;","Availability":"In stock"},"schema":{"@context":"https:\/\/schema.org","@graph":[{"@type":"WebPage","@id":"https:\/\/kirkensbymisjon.no\/nettbutikk\/produkt\/gavepakke-rod-hjerteskal-og-dompap\/","url":"https:\/\/kirkensbymisjon.no\/nettbutikk\/produkt\/gavepakke-rod-hjerteskal-og-dompap\/","name":"Gavepakke; r\u00f8d hjertesk\u00e5l og dompap - Nettbutikk","isPartOf":{"@id":"https:\/\/kirkensbymisjon.no\/nettbutikk\/#website"},"primaryImageOfPage":{"@id":"https:\/\/kirkensbymisjon.no\/nettbutikk\/produkt\/gavepakke-rod-hjerteskal-og-dompap\/#primaryimage"},"image":{"@id":"https:\/\/kirkensbymisjon.no\/nettbutikk\/produkt\/gavepakke-rod-hjerteskal-og-dompap\/#primaryimage"},"thumbnailUrl":"https:\/\/kirkensbymisjon.no\/content\/uploads\/sites\/123\/2025\/10\/gavepakke-hjerteskal-dompap-2.jpg","datePublished":"2025-08-25T13:40:41+00:00","dateModified":"2026-04-09T16:34:29+00:00","breadcrumb":{"@id":"https:\/\/kirkensbymisjon.no\/nettbutikk\/produkt\/gavepakke-rod-hjerteskal-og-dompap\/#breadcrumb"},"inLanguage":"nb-NO","potentialAction":[{"@type":"ReadAction","target":["https:\/\/kirkensbymisjon.no\/nettbutikk\/produkt\/gavepakke-rod-hjerteskal-og-dompap\/"]}]},{"@type":"ImageObject","inLanguage":"nb-NO","@id":"https:\/\/kirkensbymisjon.no\/nettbutikk\/produkt\/gavepakke-rod-hjerteskal-og-dompap\/#primaryimage","url":"https:\/\/kirkensbymisjon.no\/content\/uploads\/sites\/123\/2025\/10\/gavepakke-hjerteskal-dompap-2.jpg","contentUrl":"https:\/\/kirkensbymisjon.no\/content\/uploads\/sites\/123\/2025\/10\/gavepakke-hjerteskal-dompap-2.jpg","width":1000,"height":1000},{"@type":"BreadcrumbList","@id":"https:\/\/kirkensbymisjon.no\/nettbutikk\/produkt\/gavepakke-rod-hjerteskal-og-dompap\/#breadcrumb","itemListElement":[{"@type":"ListItem","position":1,"name":"Hjem","item":"https:\/\/kirkensbymisjon.no\/nettbutikk\/"},{"@type":"ListItem","position":2,"name":"Butikk","item":"https:\/\/kirkensbymisjon.no\/nettbutikk\/butikk\/"},{"@type":"ListItem","position":3,"name":"Gavepakke; r\u00f8d hjertesk\u00e5l og dompap"}]},{"@type":"WebSite","@id":"https:\/\/kirkensbymisjon.no\/nettbutikk\/#website","url":"https:\/\/kirkensbymisjon.no\/nettbutikk\/","name":"Nettbutikk","description":"","potentialAction":[{"@type":"SearchAction","target":{"@type":"EntryPoint","urlTemplate":"https:\/\/kirkensbymisjon.no\/nettbutikk\/?s={search_term_string}"},"query-input":{"@type":"PropertyValueSpecification","valueRequired":true,"valueName":"search_term_string"}}],"inLanguage":"nb-NO"}]},"product_price_amount":"305.00","product_price_currency":"NOK","og_availability":"instock","product_availability":"instock","product_retailer_item_id":"Pakke - hjertesk\u00e5l og dompap","product_condition":"new"},"_links":{"self":[{"href":"https:\/\/kirkensbymisjon.no\/nettbutikk\/wp-json\/wp\/v2\/product\/22217","targetHints":{"allow":["GET"]}}],"collection":[{"href":"https:\/\/kirkensbymisjon.no\/nettbutikk\/wp-json\/wp\/v2\/product"}],"about":[{"href":"https:\/\/kirkensbymisjon.no\/nettbutikk\/wp-json\/wp\/v2\/types\/product"}],"wp:featuredmedia":[{"embeddable":true,"href":"https:\/\/kirkensbymisjon.no\/nettbutikk\/wp-json\/wp\/v2\/media\/23801"}],"wp:attachment":[{"href":"https:\/\/kirkensbymisjon.no\/nettbutikk\/wp-json\/wp\/v2\/media?parent=22217"}],"wp:term":[{"taxonomy":"product_brand","embeddable":true,"href":"https:\/\/kirkensbymisjon.no\/nettbutikk\/wp-json\/wp\/v2\/product_brand?post=22217"},{"taxonomy":"product_cat","embeddable":true,"href":"https:\/\/kirkensbymisjon.no\/nettbutikk\/wp-json\/wp\/v2\/product_cat?post=22217"},{"taxonomy":"product_tag","embeddable":true,"href":"https:\/\/kirkensbymisjon.no\/nettbutikk\/wp-json\/wp\/v2\/product_tag?post=22217"}],"curies":[{"name":"wp","href":"https:\/\/api.w.org\/{rel}","templated":true}]}}