{"id":28626,"date":"2025-03-14T11:30:12","date_gmt":"2025-03-14T10:30:12","guid":{"rendered":"https:\/\/kirkensbymisjon.no\/nettbutikk\/?post_type=product&#038;p=28626"},"modified":"2026-04-16T17:19:07","modified_gmt":"2026-04-16T15:19:07","slug":"gavepakke-snoklokke-og-dompap","status":"publish","type":"product","link":"https:\/\/kirkensbymisjon.no\/nettbutikk\/produkt\/gavepakke-snoklokke-og-dompap\/","title":{"rendered":"Gavepakke; sn\u00f8klokke og dompap"},"content":{"rendered":"<p><strong>Sn\u00f8klokke<br \/>\n<\/strong><br \/>\nSn\u00f8klokken er romantisk og nostalgisk og henger flott p\u00e5 treet eller i vinduet. Hver sn\u00f8klokke er n\u00f8ye kuttet og montert f\u00f8r den smeltes og formes i glassovnen v\u00e5r. Her f\u00e5r du et vakkert designprodukt samtidig som du st\u00f8tter Kirkens Bymisjons arbeid for \u00e5 skape arbeidsplasser for mennesker som strever med rus. Sn\u00f8klokkene er laget ved verkstedet I jobb,\u00a0<a href=\"https:\/\/kirkensbymisjon.no\/nettbutikk\/produktkategori\/verksteder\/i-jobb-oslo\/\">Oslo<\/a>.<\/p>\n<p>Sn\u00f8klokken er ca 3 cm h\u00f8y og leveres med oppheng i satengb\u00e5nd. De er pakket i silkepapir og leveres i en gaveeske.<\/p>\n<p>&nbsp;<\/p>\n<p><strong>Dompap i glass<\/strong><\/p>\n<p>Denne vakre dompapen er laget i tradisjonelle farger og er like flott p\u00e5 juletreet som p\u00e5 kranser og oppsatser. Fuglen er en flott gave til noen du er glad i. Glass og m\u00f8nster er n\u00f8ye kuttet og montert for h\u00e5nd f\u00f8r de smeltes i glassovnen v\u00e5r.<\/p>\n<p>Dompapen er ca 6 cm lang (og 4 cm h\u00f8y) og leveres med oppheng.<\/p>\n<p>Dette produktet er laget ved et av v\u00e5re verksteder i\u00a0<a href=\"https:\/\/kirkensbymisjon.no\/nettbutikk\/produktkategori\/verksteder\/i-jobb-oslo\/\">Oslo<\/a>.<\/p>\n","protected":false},"excerpt":{"rendered":"<p>En gavepakke som inneholder en sn\u00f8klokke og en dompap i glass, pent pakket sammen i&hellip;<\/p>\n","protected":false},"featured_media":22780,"template":"","meta":{"_relevanssi_hide_post":"","_relevanssi_hide_content":"","_relevanssi_pin_for_all":"","_relevanssi_pin_keywords":"","_relevanssi_unpin_keywords":"","_relevanssi_related_keywords":"","_relevanssi_related_include_ids":"","_relevanssi_related_exclude_ids":"","_relevanssi_related_no_append":"","_relevanssi_related_not_related":"","_relevanssi_related_posts":"","_relevanssi_noindex_reason":""},"product_brand":[],"product_cat":[31,56,49,67],"product_tag":[98],"class_list":{"0":"post-28626","1":"product","2":"type-product","3":"status-publish","4":"has-post-thumbnail","6":"product_cat-gavepakker","7":"product_cat-i-jobb-oslo","8":"product_cat-juleprodukter","9":"product_cat-spenn-oslo","10":"product_tag-julefavoritter","11":"member-discount","12":"discount-restricted","14":"first","15":"instock","16":"purchasable","17":"product-type-simple"},"yoast_head":"<!-- This site is optimized with the Yoast SEO Premium plugin v27.2 (Yoast SEO v27.2) - https:\/\/yoast.com\/product\/yoast-seo-premium-wordpress\/ -->\n<title>Gavepakke; sn\u00f8klokke og dompap - Nettbutikk<\/title>\n<meta name=\"robots\" content=\"index, follow, max-snippet:-1, max-image-preview:large, max-video-preview:-1\" \/>\n<link rel=\"canonical\" href=\"https:\/\/kirkensbymisjon.no\/nettbutikk\/produkt\/gavepakke-snoklokke-og-dompap\/\" \/>\n<meta property=\"og:locale\" content=\"nb_NO\" \/>\n<meta property=\"og:type\" content=\"article\" \/>\n<meta property=\"og:title\" content=\"Gavepakke; sn\u00f8klokke og dompap\" \/>\n<meta property=\"og:description\" content=\"En gavepakke som inneholder en sn\u00f8klokke og en dompap i glass, pent pakket sammen i&hellip;\" \/>\n<meta property=\"og:url\" content=\"https:\/\/kirkensbymisjon.no\/nettbutikk\/produkt\/gavepakke-snoklokke-og-dompap\/\" \/>\n<meta property=\"og:site_name\" content=\"Nettbutikk\" \/>\n<meta property=\"article:modified_time\" content=\"2026-04-16T15:19:07+00:00\" \/>\n<meta property=\"og:image\" content=\"https:\/\/kirkensbymisjon.no\/content\/uploads\/sites\/123\/2025\/09\/gavepakke-dompap-snoklokke.jpg\" \/>\n\t<meta property=\"og:image:width\" content=\"1000\" \/>\n\t<meta property=\"og:image:height\" content=\"1000\" \/>\n\t<meta property=\"og:image:type\" content=\"image\/jpeg\" \/>\n<meta name=\"twitter:card\" content=\"summary_large_image\" \/>\n<meta name=\"twitter:label1\" content=\"Price\" \/>\n\t<meta name=\"twitter:data1\" content=\"Kr&nbsp;325,&ndash;\" \/>\n\t<meta name=\"twitter:label2\" content=\"Availability\" \/>\n\t<meta name=\"twitter:data2\" content=\"In stock\" \/>\n<script type=\"application\/ld+json\" class=\"yoast-schema-graph\">{\"@context\":\"https:\/\/schema.org\",\"@graph\":[{\"@type\":\"WebPage\",\"@id\":\"https:\/\/kirkensbymisjon.no\/nettbutikk\/produkt\/gavepakke-snoklokke-og-dompap\/\",\"url\":\"https:\/\/kirkensbymisjon.no\/nettbutikk\/produkt\/gavepakke-snoklokke-og-dompap\/\",\"name\":\"Gavepakke; sn\u00f8klokke og dompap - Nettbutikk\",\"isPartOf\":{\"@id\":\"https:\/\/kirkensbymisjon.no\/nettbutikk\/#website\"},\"primaryImageOfPage\":{\"@id\":\"https:\/\/kirkensbymisjon.no\/nettbutikk\/produkt\/gavepakke-snoklokke-og-dompap\/#primaryimage\"},\"image\":{\"@id\":\"https:\/\/kirkensbymisjon.no\/nettbutikk\/produkt\/gavepakke-snoklokke-og-dompap\/#primaryimage\"},\"thumbnailUrl\":\"https:\/\/kirkensbymisjon.no\/content\/uploads\/sites\/123\/2025\/09\/gavepakke-dompap-snoklokke.jpg\",\"datePublished\":\"2025-03-14T10:30:12+00:00\",\"dateModified\":\"2026-04-16T15:19:07+00:00\",\"breadcrumb\":{\"@id\":\"https:\/\/kirkensbymisjon.no\/nettbutikk\/produkt\/gavepakke-snoklokke-og-dompap\/#breadcrumb\"},\"inLanguage\":\"nb-NO\",\"potentialAction\":[{\"@type\":\"ReadAction\",\"target\":[\"https:\/\/kirkensbymisjon.no\/nettbutikk\/produkt\/gavepakke-snoklokke-og-dompap\/\"]}]},{\"@type\":\"ImageObject\",\"inLanguage\":\"nb-NO\",\"@id\":\"https:\/\/kirkensbymisjon.no\/nettbutikk\/produkt\/gavepakke-snoklokke-og-dompap\/#primaryimage\",\"url\":\"https:\/\/kirkensbymisjon.no\/content\/uploads\/sites\/123\/2025\/09\/gavepakke-dompap-snoklokke.jpg\",\"contentUrl\":\"https:\/\/kirkensbymisjon.no\/content\/uploads\/sites\/123\/2025\/09\/gavepakke-dompap-snoklokke.jpg\",\"width\":1000,\"height\":1000},{\"@type\":\"BreadcrumbList\",\"@id\":\"https:\/\/kirkensbymisjon.no\/nettbutikk\/produkt\/gavepakke-snoklokke-og-dompap\/#breadcrumb\",\"itemListElement\":[{\"@type\":\"ListItem\",\"position\":1,\"name\":\"Hjem\",\"item\":\"https:\/\/kirkensbymisjon.no\/nettbutikk\/\"},{\"@type\":\"ListItem\",\"position\":2,\"name\":\"Butikk\",\"item\":\"https:\/\/kirkensbymisjon.no\/nettbutikk\/butikk\/\"},{\"@type\":\"ListItem\",\"position\":3,\"name\":\"Gavepakke; sn\u00f8klokke og dompap\"}]},{\"@type\":\"WebSite\",\"@id\":\"https:\/\/kirkensbymisjon.no\/nettbutikk\/#website\",\"url\":\"https:\/\/kirkensbymisjon.no\/nettbutikk\/\",\"name\":\"Nettbutikk\",\"description\":\"\",\"potentialAction\":[{\"@type\":\"SearchAction\",\"target\":{\"@type\":\"EntryPoint\",\"urlTemplate\":\"https:\/\/kirkensbymisjon.no\/nettbutikk\/?s={search_term_string}\"},\"query-input\":{\"@type\":\"PropertyValueSpecification\",\"valueRequired\":true,\"valueName\":\"search_term_string\"}}],\"inLanguage\":\"nb-NO\"}]}<\/script>\n<meta property=\"product:price:amount\" content=\"325.00\" \/>\n<meta property=\"product:price:currency\" content=\"NOK\" \/>\n<meta property=\"og:availability\" content=\"instock\" \/>\n<meta property=\"product:availability\" content=\"instock\" \/>\n<meta property=\"product:retailer_item_id\" content=\"Pakke - sn\u00f8klokke og dompap\" \/>\n<meta property=\"product:condition\" content=\"new\" \/>\n<!-- \/ Yoast SEO Premium plugin. -->","yoast_head_json":{"title":"Gavepakke; sn\u00f8klokke og dompap - Nettbutikk","robots":{"index":"index","follow":"follow","max-snippet":"max-snippet:-1","max-image-preview":"max-image-preview:large","max-video-preview":"max-video-preview:-1"},"canonical":"https:\/\/kirkensbymisjon.no\/nettbutikk\/produkt\/gavepakke-snoklokke-og-dompap\/","og_locale":"nb_NO","og_type":"article","og_title":"Gavepakke; sn\u00f8klokke og dompap","og_description":"En gavepakke som inneholder en sn\u00f8klokke og en dompap i glass, pent pakket sammen i&hellip;","og_url":"https:\/\/kirkensbymisjon.no\/nettbutikk\/produkt\/gavepakke-snoklokke-og-dompap\/","og_site_name":"Nettbutikk","article_modified_time":"2026-04-16T15:19:07+00:00","og_image":[{"width":1000,"height":1000,"url":"https:\/\/kirkensbymisjon.no\/content\/uploads\/sites\/123\/2025\/09\/gavepakke-dompap-snoklokke.jpg","type":"image\/jpeg"}],"twitter_card":"summary_large_image","twitter_misc":{"Price":"Kr&nbsp;325,&ndash;","Availability":"In stock"},"schema":{"@context":"https:\/\/schema.org","@graph":[{"@type":"WebPage","@id":"https:\/\/kirkensbymisjon.no\/nettbutikk\/produkt\/gavepakke-snoklokke-og-dompap\/","url":"https:\/\/kirkensbymisjon.no\/nettbutikk\/produkt\/gavepakke-snoklokke-og-dompap\/","name":"Gavepakke; sn\u00f8klokke og dompap - Nettbutikk","isPartOf":{"@id":"https:\/\/kirkensbymisjon.no\/nettbutikk\/#website"},"primaryImageOfPage":{"@id":"https:\/\/kirkensbymisjon.no\/nettbutikk\/produkt\/gavepakke-snoklokke-og-dompap\/#primaryimage"},"image":{"@id":"https:\/\/kirkensbymisjon.no\/nettbutikk\/produkt\/gavepakke-snoklokke-og-dompap\/#primaryimage"},"thumbnailUrl":"https:\/\/kirkensbymisjon.no\/content\/uploads\/sites\/123\/2025\/09\/gavepakke-dompap-snoklokke.jpg","datePublished":"2025-03-14T10:30:12+00:00","dateModified":"2026-04-16T15:19:07+00:00","breadcrumb":{"@id":"https:\/\/kirkensbymisjon.no\/nettbutikk\/produkt\/gavepakke-snoklokke-og-dompap\/#breadcrumb"},"inLanguage":"nb-NO","potentialAction":[{"@type":"ReadAction","target":["https:\/\/kirkensbymisjon.no\/nettbutikk\/produkt\/gavepakke-snoklokke-og-dompap\/"]}]},{"@type":"ImageObject","inLanguage":"nb-NO","@id":"https:\/\/kirkensbymisjon.no\/nettbutikk\/produkt\/gavepakke-snoklokke-og-dompap\/#primaryimage","url":"https:\/\/kirkensbymisjon.no\/content\/uploads\/sites\/123\/2025\/09\/gavepakke-dompap-snoklokke.jpg","contentUrl":"https:\/\/kirkensbymisjon.no\/content\/uploads\/sites\/123\/2025\/09\/gavepakke-dompap-snoklokke.jpg","width":1000,"height":1000},{"@type":"BreadcrumbList","@id":"https:\/\/kirkensbymisjon.no\/nettbutikk\/produkt\/gavepakke-snoklokke-og-dompap\/#breadcrumb","itemListElement":[{"@type":"ListItem","position":1,"name":"Hjem","item":"https:\/\/kirkensbymisjon.no\/nettbutikk\/"},{"@type":"ListItem","position":2,"name":"Butikk","item":"https:\/\/kirkensbymisjon.no\/nettbutikk\/butikk\/"},{"@type":"ListItem","position":3,"name":"Gavepakke; sn\u00f8klokke og dompap"}]},{"@type":"WebSite","@id":"https:\/\/kirkensbymisjon.no\/nettbutikk\/#website","url":"https:\/\/kirkensbymisjon.no\/nettbutikk\/","name":"Nettbutikk","description":"","potentialAction":[{"@type":"SearchAction","target":{"@type":"EntryPoint","urlTemplate":"https:\/\/kirkensbymisjon.no\/nettbutikk\/?s={search_term_string}"},"query-input":{"@type":"PropertyValueSpecification","valueRequired":true,"valueName":"search_term_string"}}],"inLanguage":"nb-NO"}]},"product_price_amount":"325.00","product_price_currency":"NOK","og_availability":"instock","product_availability":"instock","product_retailer_item_id":"Pakke - sn\u00f8klokke og dompap","product_condition":"new"},"_links":{"self":[{"href":"https:\/\/kirkensbymisjon.no\/nettbutikk\/wp-json\/wp\/v2\/product\/28626","targetHints":{"allow":["GET"]}}],"collection":[{"href":"https:\/\/kirkensbymisjon.no\/nettbutikk\/wp-json\/wp\/v2\/product"}],"about":[{"href":"https:\/\/kirkensbymisjon.no\/nettbutikk\/wp-json\/wp\/v2\/types\/product"}],"wp:featuredmedia":[{"embeddable":true,"href":"https:\/\/kirkensbymisjon.no\/nettbutikk\/wp-json\/wp\/v2\/media\/22780"}],"wp:attachment":[{"href":"https:\/\/kirkensbymisjon.no\/nettbutikk\/wp-json\/wp\/v2\/media?parent=28626"}],"wp:term":[{"taxonomy":"product_brand","embeddable":true,"href":"https:\/\/kirkensbymisjon.no\/nettbutikk\/wp-json\/wp\/v2\/product_brand?post=28626"},{"taxonomy":"product_cat","embeddable":true,"href":"https:\/\/kirkensbymisjon.no\/nettbutikk\/wp-json\/wp\/v2\/product_cat?post=28626"},{"taxonomy":"product_tag","embeddable":true,"href":"https:\/\/kirkensbymisjon.no\/nettbutikk\/wp-json\/wp\/v2\/product_tag?post=28626"}],"curies":[{"name":"wp","href":"https:\/\/api.w.org\/{rel}","templated":true}]}}