{"id":2952,"date":"2024-11-04T10:05:16","date_gmt":"2024-11-04T09:05:16","guid":{"rendered":"https:\/\/kirkensbymisjon.no\/nettbutikk\/?post_type=product&#038;p=2952"},"modified":"2026-03-27T10:49:44","modified_gmt":"2026-03-27T09:49:44","slug":"gavepakke-rillelys-og-kaffesape","status":"publish","type":"product","link":"https:\/\/kirkensbymisjon.no\/nettbutikk\/produkt\/gavepakke-rillelys-og-kaffesape\/","title":{"rendered":"Gavepakke; rillelys og kaffes\u00e5pe"},"content":{"rendered":"<p><strong>Rillelys &#8211; gammelrosa<\/strong><\/p>\n<p>Rapsvoks er en naturlig plantebasert voks som er produsert av b\u00f8nder i Europa. Det betyr kortere transport og er bra for milj\u00f8et. Rapsvoks har ikke noen kjemiske tilsetninger og er biologisk nedbrytbart. Det inneholder ikke genetisk modifiserte stoffer eller tilsetninger. Voksen er ikke testet p\u00e5 dyr og er Kosher-sertifisert.<\/p>\n<p>Lys som er laget av rapsvoks brenner under lavere temperatur, det gj\u00f8r at fare for forbrenning (av huden) er liten. Og siden temperaturen er lavere, soter den mye mindre enn vanlige parafinbaserte lys. Derfor er rapsvoks ogs\u00e5 helsevennlig. Hvis man er uheldig \u00e5 f\u00e5 voks p\u00e5 tekstiler, som duk eller kl\u00e6r, kan man vaske den vekk med s\u00e5pevann.<\/p>\n<p>Dette produktet er laget ved Byverkstedene,\u00a0\u00a0<a href=\"https:\/\/kirkensbymisjon.no\/nettbutikk\/produktkategori\/verksteder\/byverkstedene-vest\/\">Vest.<\/a><\/p>\n<p>&nbsp;<\/p>\n<p><strong>Kaffes\u00e5pe<\/strong><\/p>\n<p>Kaffes\u00e5pen er fin \u00e5 ha p\u00e5 kj\u00f8kkenet til \u00e5 vaske hendene med, fordi den tar bort lukt p\u00e5 hendene av f.eks fisk og l\u00f8k.<\/p>\n<p>Innhold: glyserin og kaffegrut.<\/p>\n<p>Dette produktet er laget ved verkstedet v\u00e5rt i\u00a0<a href=\"https:\/\/kirkensbymisjon.no\/nettbutikk\/produktkategori\/verksteder\/kvinneverkstedet-kristiansand\/\">Kristiansand<\/a><\/p>\n","protected":false},"excerpt":{"rendered":"<p>En gavepakke som inneholder et rillelys i gammelrosa og en kaffes\u00e5pe, pakket pent sammen i&hellip;<\/p>\n","protected":false},"featured_media":3171,"template":"","meta":{"_relevanssi_hide_post":"","_relevanssi_hide_content":"","_relevanssi_pin_for_all":"","_relevanssi_pin_keywords":"","_relevanssi_unpin_keywords":"","_relevanssi_related_keywords":"","_relevanssi_related_include_ids":"","_relevanssi_related_exclude_ids":"","_relevanssi_related_no_append":"","_relevanssi_related_not_related":"","_relevanssi_related_posts":"","_relevanssi_noindex_reason":""},"product_brand":[],"product_cat":[59,31,64],"product_tag":[96],"class_list":{"0":"post-2952","1":"product","2":"type-product","3":"status-publish","4":"has-post-thumbnail","6":"product_cat-byverkstedene-vest","7":"product_cat-gavepakker","8":"product_cat-kvinneverkstedet-kristiansand","9":"product_tag-hostfavoritter","10":"member-discount","11":"discount-restricted","13":"first","14":"instock","15":"purchasable","16":"product-type-simple"},"yoast_head":"<!-- This site is optimized with the Yoast SEO Premium plugin v27.2 (Yoast SEO v27.2) - https:\/\/yoast.com\/product\/yoast-seo-premium-wordpress\/ -->\n<title>Gavepakke; rillelys og kaffes\u00e5pe - Nettbutikk<\/title>\n<meta name=\"robots\" content=\"index, follow, max-snippet:-1, max-image-preview:large, max-video-preview:-1\" \/>\n<link rel=\"canonical\" href=\"https:\/\/kirkensbymisjon.no\/nettbutikk\/produkt\/gavepakke-rillelys-og-kaffesape\/\" \/>\n<meta property=\"og:locale\" content=\"nb_NO\" \/>\n<meta property=\"og:type\" content=\"article\" \/>\n<meta property=\"og:title\" content=\"Gavepakke; rillelys og kaffes\u00e5pe\" \/>\n<meta property=\"og:description\" content=\"En gavepakke som inneholder et rillelys i gammelrosa og en kaffes\u00e5pe, pakket pent sammen i&hellip;\" \/>\n<meta property=\"og:url\" content=\"https:\/\/kirkensbymisjon.no\/nettbutikk\/produkt\/gavepakke-rillelys-og-kaffesape\/\" \/>\n<meta property=\"og:site_name\" content=\"Nettbutikk\" \/>\n<meta property=\"article:modified_time\" content=\"2026-03-27T09:49:44+00:00\" \/>\n<meta property=\"og:image\" content=\"https:\/\/kirkensbymisjon.no\/content\/uploads\/sites\/123\/2024\/10\/gavepakke-kaffesape-rillelys.jpg\" \/>\n\t<meta property=\"og:image:width\" content=\"1000\" \/>\n\t<meta property=\"og:image:height\" content=\"1000\" \/>\n\t<meta property=\"og:image:type\" content=\"image\/jpeg\" \/>\n<meta name=\"twitter:card\" content=\"summary_large_image\" \/>\n<meta name=\"twitter:label1\" content=\"Price\" \/>\n\t<meta name=\"twitter:data1\" content=\"Kr&nbsp;215,&ndash;\" \/>\n\t<meta name=\"twitter:label2\" content=\"Availability\" \/>\n\t<meta name=\"twitter:data2\" content=\"In stock\" \/>\n<script type=\"application\/ld+json\" class=\"yoast-schema-graph\">{\"@context\":\"https:\/\/schema.org\",\"@graph\":[{\"@type\":\"WebPage\",\"@id\":\"https:\/\/kirkensbymisjon.no\/nettbutikk\/produkt\/gavepakke-rillelys-og-kaffesape\/\",\"url\":\"https:\/\/kirkensbymisjon.no\/nettbutikk\/produkt\/gavepakke-rillelys-og-kaffesape\/\",\"name\":\"Gavepakke; rillelys og kaffes\u00e5pe - Nettbutikk\",\"isPartOf\":{\"@id\":\"https:\/\/kirkensbymisjon.no\/nettbutikk\/#website\"},\"primaryImageOfPage\":{\"@id\":\"https:\/\/kirkensbymisjon.no\/nettbutikk\/produkt\/gavepakke-rillelys-og-kaffesape\/#primaryimage\"},\"image\":{\"@id\":\"https:\/\/kirkensbymisjon.no\/nettbutikk\/produkt\/gavepakke-rillelys-og-kaffesape\/#primaryimage\"},\"thumbnailUrl\":\"https:\/\/kirkensbymisjon.no\/content\/uploads\/sites\/123\/2024\/10\/gavepakke-kaffesape-rillelys.jpg\",\"datePublished\":\"2024-11-04T09:05:16+00:00\",\"dateModified\":\"2026-03-27T09:49:44+00:00\",\"breadcrumb\":{\"@id\":\"https:\/\/kirkensbymisjon.no\/nettbutikk\/produkt\/gavepakke-rillelys-og-kaffesape\/#breadcrumb\"},\"inLanguage\":\"nb-NO\",\"potentialAction\":[{\"@type\":\"ReadAction\",\"target\":[\"https:\/\/kirkensbymisjon.no\/nettbutikk\/produkt\/gavepakke-rillelys-og-kaffesape\/\"]}]},{\"@type\":\"ImageObject\",\"inLanguage\":\"nb-NO\",\"@id\":\"https:\/\/kirkensbymisjon.no\/nettbutikk\/produkt\/gavepakke-rillelys-og-kaffesape\/#primaryimage\",\"url\":\"https:\/\/kirkensbymisjon.no\/content\/uploads\/sites\/123\/2024\/10\/gavepakke-kaffesape-rillelys.jpg\",\"contentUrl\":\"https:\/\/kirkensbymisjon.no\/content\/uploads\/sites\/123\/2024\/10\/gavepakke-kaffesape-rillelys.jpg\",\"width\":1000,\"height\":1000},{\"@type\":\"BreadcrumbList\",\"@id\":\"https:\/\/kirkensbymisjon.no\/nettbutikk\/produkt\/gavepakke-rillelys-og-kaffesape\/#breadcrumb\",\"itemListElement\":[{\"@type\":\"ListItem\",\"position\":1,\"name\":\"Hjem\",\"item\":\"https:\/\/kirkensbymisjon.no\/nettbutikk\/\"},{\"@type\":\"ListItem\",\"position\":2,\"name\":\"Butikk\",\"item\":\"https:\/\/kirkensbymisjon.no\/nettbutikk\/butikk\/\"},{\"@type\":\"ListItem\",\"position\":3,\"name\":\"Gavepakke; rillelys og kaffes\u00e5pe\"}]},{\"@type\":\"WebSite\",\"@id\":\"https:\/\/kirkensbymisjon.no\/nettbutikk\/#website\",\"url\":\"https:\/\/kirkensbymisjon.no\/nettbutikk\/\",\"name\":\"Nettbutikk\",\"description\":\"\",\"potentialAction\":[{\"@type\":\"SearchAction\",\"target\":{\"@type\":\"EntryPoint\",\"urlTemplate\":\"https:\/\/kirkensbymisjon.no\/nettbutikk\/?s={search_term_string}\"},\"query-input\":{\"@type\":\"PropertyValueSpecification\",\"valueRequired\":true,\"valueName\":\"search_term_string\"}}],\"inLanguage\":\"nb-NO\"}]}<\/script>\n<meta property=\"product:price:amount\" content=\"215.00\" \/>\n<meta property=\"product:price:currency\" content=\"NOK\" \/>\n<meta property=\"og:availability\" content=\"instock\" \/>\n<meta property=\"product:availability\" content=\"instock\" \/>\n<meta property=\"product:retailer_item_id\" content=\"Pakke - rillelys og kaffes\u00e5pe\" \/>\n<meta property=\"product:condition\" content=\"new\" \/>\n<!-- \/ Yoast SEO Premium plugin. -->","yoast_head_json":{"title":"Gavepakke; rillelys og kaffes\u00e5pe - Nettbutikk","robots":{"index":"index","follow":"follow","max-snippet":"max-snippet:-1","max-image-preview":"max-image-preview:large","max-video-preview":"max-video-preview:-1"},"canonical":"https:\/\/kirkensbymisjon.no\/nettbutikk\/produkt\/gavepakke-rillelys-og-kaffesape\/","og_locale":"nb_NO","og_type":"article","og_title":"Gavepakke; rillelys og kaffes\u00e5pe","og_description":"En gavepakke som inneholder et rillelys i gammelrosa og en kaffes\u00e5pe, pakket pent sammen i&hellip;","og_url":"https:\/\/kirkensbymisjon.no\/nettbutikk\/produkt\/gavepakke-rillelys-og-kaffesape\/","og_site_name":"Nettbutikk","article_modified_time":"2026-03-27T09:49:44+00:00","og_image":[{"width":1000,"height":1000,"url":"https:\/\/kirkensbymisjon.no\/content\/uploads\/sites\/123\/2024\/10\/gavepakke-kaffesape-rillelys.jpg","type":"image\/jpeg"}],"twitter_card":"summary_large_image","twitter_misc":{"Price":"Kr&nbsp;215,&ndash;","Availability":"In stock"},"schema":{"@context":"https:\/\/schema.org","@graph":[{"@type":"WebPage","@id":"https:\/\/kirkensbymisjon.no\/nettbutikk\/produkt\/gavepakke-rillelys-og-kaffesape\/","url":"https:\/\/kirkensbymisjon.no\/nettbutikk\/produkt\/gavepakke-rillelys-og-kaffesape\/","name":"Gavepakke; rillelys og kaffes\u00e5pe - Nettbutikk","isPartOf":{"@id":"https:\/\/kirkensbymisjon.no\/nettbutikk\/#website"},"primaryImageOfPage":{"@id":"https:\/\/kirkensbymisjon.no\/nettbutikk\/produkt\/gavepakke-rillelys-og-kaffesape\/#primaryimage"},"image":{"@id":"https:\/\/kirkensbymisjon.no\/nettbutikk\/produkt\/gavepakke-rillelys-og-kaffesape\/#primaryimage"},"thumbnailUrl":"https:\/\/kirkensbymisjon.no\/content\/uploads\/sites\/123\/2024\/10\/gavepakke-kaffesape-rillelys.jpg","datePublished":"2024-11-04T09:05:16+00:00","dateModified":"2026-03-27T09:49:44+00:00","breadcrumb":{"@id":"https:\/\/kirkensbymisjon.no\/nettbutikk\/produkt\/gavepakke-rillelys-og-kaffesape\/#breadcrumb"},"inLanguage":"nb-NO","potentialAction":[{"@type":"ReadAction","target":["https:\/\/kirkensbymisjon.no\/nettbutikk\/produkt\/gavepakke-rillelys-og-kaffesape\/"]}]},{"@type":"ImageObject","inLanguage":"nb-NO","@id":"https:\/\/kirkensbymisjon.no\/nettbutikk\/produkt\/gavepakke-rillelys-og-kaffesape\/#primaryimage","url":"https:\/\/kirkensbymisjon.no\/content\/uploads\/sites\/123\/2024\/10\/gavepakke-kaffesape-rillelys.jpg","contentUrl":"https:\/\/kirkensbymisjon.no\/content\/uploads\/sites\/123\/2024\/10\/gavepakke-kaffesape-rillelys.jpg","width":1000,"height":1000},{"@type":"BreadcrumbList","@id":"https:\/\/kirkensbymisjon.no\/nettbutikk\/produkt\/gavepakke-rillelys-og-kaffesape\/#breadcrumb","itemListElement":[{"@type":"ListItem","position":1,"name":"Hjem","item":"https:\/\/kirkensbymisjon.no\/nettbutikk\/"},{"@type":"ListItem","position":2,"name":"Butikk","item":"https:\/\/kirkensbymisjon.no\/nettbutikk\/butikk\/"},{"@type":"ListItem","position":3,"name":"Gavepakke; rillelys og kaffes\u00e5pe"}]},{"@type":"WebSite","@id":"https:\/\/kirkensbymisjon.no\/nettbutikk\/#website","url":"https:\/\/kirkensbymisjon.no\/nettbutikk\/","name":"Nettbutikk","description":"","potentialAction":[{"@type":"SearchAction","target":{"@type":"EntryPoint","urlTemplate":"https:\/\/kirkensbymisjon.no\/nettbutikk\/?s={search_term_string}"},"query-input":{"@type":"PropertyValueSpecification","valueRequired":true,"valueName":"search_term_string"}}],"inLanguage":"nb-NO"}]},"product_price_amount":"215.00","product_price_currency":"NOK","og_availability":"instock","product_availability":"instock","product_retailer_item_id":"Pakke - rillelys og kaffes\u00e5pe","product_condition":"new"},"_links":{"self":[{"href":"https:\/\/kirkensbymisjon.no\/nettbutikk\/wp-json\/wp\/v2\/product\/2952","targetHints":{"allow":["GET"]}}],"collection":[{"href":"https:\/\/kirkensbymisjon.no\/nettbutikk\/wp-json\/wp\/v2\/product"}],"about":[{"href":"https:\/\/kirkensbymisjon.no\/nettbutikk\/wp-json\/wp\/v2\/types\/product"}],"wp:featuredmedia":[{"embeddable":true,"href":"https:\/\/kirkensbymisjon.no\/nettbutikk\/wp-json\/wp\/v2\/media\/3171"}],"wp:attachment":[{"href":"https:\/\/kirkensbymisjon.no\/nettbutikk\/wp-json\/wp\/v2\/media?parent=2952"}],"wp:term":[{"taxonomy":"product_brand","embeddable":true,"href":"https:\/\/kirkensbymisjon.no\/nettbutikk\/wp-json\/wp\/v2\/product_brand?post=2952"},{"taxonomy":"product_cat","embeddable":true,"href":"https:\/\/kirkensbymisjon.no\/nettbutikk\/wp-json\/wp\/v2\/product_cat?post=2952"},{"taxonomy":"product_tag","embeddable":true,"href":"https:\/\/kirkensbymisjon.no\/nettbutikk\/wp-json\/wp\/v2\/product_tag?post=2952"}],"curies":[{"name":"wp","href":"https:\/\/api.w.org\/{rel}","templated":true}]}}