{"id":340,"date":"2024-08-13T14:53:46","date_gmt":"2024-08-13T12:53:46","guid":{"rendered":"https:\/\/kirkensbymisjon.no\/nettbutikk\/?post_type=product&#038;p=340"},"modified":"2026-04-03T02:04:18","modified_gmt":"2026-04-03T00:04:18","slug":"kaffe-fra-brasil-250-g-kaffebonner","status":"publish","type":"product","link":"https:\/\/kirkensbymisjon.no\/nettbutikk\/produkt\/kaffe-fra-brasil-250-g-kaffebonner\/","title":{"rendered":"Kaffe fra Brasil\u2013 250 g kaffeb\u00f8nner"},"content":{"rendered":"<p>En fruktig og s\u00f8t kaffe med smak av b\u00e6r, sjokolade og karamell. Inneholder 250 mg med hele kaffeb\u00f8nner.<\/p>\n<p><em>B\u00f8nner<\/em> er et sosialt entrepren\u00f8rskap fra Kirkens Bymisjon. Dette er eterisk kaffe som produseres p\u00e5 g\u00e5rder som ivaretar b\u00e6rekraftig produksjon. Kaffen bearbeides og selges gjennom arbeidstrening i Kirkens Bymisjon.<br \/>\nDenne kaffen kommer fra et cooperativ med 664 kvinnelige b\u00f8nder. Deres g\u00e5rder er p\u00e5 i gjennomsnitt 2 hektar hver. Cooperativets overskudd g\u00e5r tilbake til b\u00f8ndene for \u00e5 hjelpe de med teknisk utvikling og sosiale prosjekter basert p\u00e5 matsikkerhet, utdanning og ern\u00e6ring.<\/p>\n<p>N\u00e5r du kj\u00f8per kaffe hos oss, st\u00f8tter du v\u00e5rt viktige arbeid og bidrar til inkludering og en meningsfull hverdag til mennesker som st\u00e5r utenfor skole og det ordin\u00e6re arbeidsmarkedet.<\/p>\n<p>Jacu Coffee Roastery i \u00c5lesund kvalitet sikrer og brenner b\u00f8nnene.<\/p>\n","protected":false},"excerpt":{"rendered":"<p>Frisk og fyldig kaffe med smak av sjokolade, granola, brente mandler og r\u00f8de epler. Et&hellip;<\/p>\n","protected":false},"featured_media":407,"template":"","meta":{"_relevanssi_hide_post":"","_relevanssi_hide_content":"","_relevanssi_pin_for_all":"","_relevanssi_pin_keywords":"","_relevanssi_unpin_keywords":"","_relevanssi_related_keywords":"","_relevanssi_related_include_ids":"","_relevanssi_related_exclude_ids":"","_relevanssi_related_no_append":"","_relevanssi_related_not_related":"","_relevanssi_related_posts":"","_relevanssi_noindex_reason":""},"product_brand":[],"product_cat":[63,39],"product_tag":[],"class_list":{"0":"post-340","1":"product","2":"type-product","3":"status-publish","4":"has-post-thumbnail","6":"product_cat-i-jobb-alesund","7":"product_cat-kjokken","8":"member-discount","9":"discount-restricted","11":"first","12":"instock","13":"purchasable","14":"product-type-simple"},"yoast_head":"<!-- This site is optimized with the Yoast SEO Premium plugin v27.2 (Yoast SEO v27.2) - https:\/\/yoast.com\/product\/yoast-seo-premium-wordpress\/ -->\n<title>Kaffe fra Brasil\u2013 250 g kaffeb\u00f8nner - Nettbutikk<\/title>\n<meta name=\"robots\" content=\"index, follow, max-snippet:-1, max-image-preview:large, max-video-preview:-1\" \/>\n<link rel=\"canonical\" href=\"https:\/\/kirkensbymisjon.no\/nettbutikk\/produkt\/kaffe-fra-brasil-250-g-kaffebonner\/\" \/>\n<meta property=\"og:locale\" content=\"nb_NO\" \/>\n<meta property=\"og:type\" content=\"article\" \/>\n<meta property=\"og:title\" content=\"Kaffe fra Brasil\u2013 250 g kaffeb\u00f8nner\" \/>\n<meta property=\"og:description\" content=\"Frisk og fyldig kaffe med smak av sjokolade, granola, brente mandler og r\u00f8de epler. Et&hellip;\" \/>\n<meta property=\"og:url\" content=\"https:\/\/kirkensbymisjon.no\/nettbutikk\/produkt\/kaffe-fra-brasil-250-g-kaffebonner\/\" \/>\n<meta property=\"og:site_name\" content=\"Nettbutikk\" \/>\n<meta property=\"article:modified_time\" content=\"2026-04-03T00:04:18+00:00\" \/>\n<meta property=\"og:image\" content=\"https:\/\/kirkensbymisjon.no\/content\/uploads\/sites\/123\/2024\/08\/kaffe-brasil.jpg\" \/>\n\t<meta property=\"og:image:width\" content=\"1000\" \/>\n\t<meta property=\"og:image:height\" content=\"1000\" \/>\n\t<meta property=\"og:image:type\" content=\"image\/jpeg\" \/>\n<meta name=\"twitter:card\" content=\"summary_large_image\" \/>\n<meta name=\"twitter:label1\" content=\"Price\" \/>\n\t<meta name=\"twitter:data1\" content=\"Kr&nbsp;179,&ndash;\" \/>\n\t<meta name=\"twitter:label2\" content=\"Availability\" \/>\n\t<meta name=\"twitter:data2\" content=\"In stock\" \/>\n<script type=\"application\/ld+json\" class=\"yoast-schema-graph\">{\"@context\":\"https:\/\/schema.org\",\"@graph\":[{\"@type\":\"WebPage\",\"@id\":\"https:\/\/kirkensbymisjon.no\/nettbutikk\/produkt\/kaffe-fra-brasil-250-g-kaffebonner\/\",\"url\":\"https:\/\/kirkensbymisjon.no\/nettbutikk\/produkt\/kaffe-fra-brasil-250-g-kaffebonner\/\",\"name\":\"Kaffe fra Brasil\u2013 250 g kaffeb\u00f8nner - Nettbutikk\",\"isPartOf\":{\"@id\":\"https:\/\/kirkensbymisjon.no\/nettbutikk\/#website\"},\"primaryImageOfPage\":{\"@id\":\"https:\/\/kirkensbymisjon.no\/nettbutikk\/produkt\/kaffe-fra-brasil-250-g-kaffebonner\/#primaryimage\"},\"image\":{\"@id\":\"https:\/\/kirkensbymisjon.no\/nettbutikk\/produkt\/kaffe-fra-brasil-250-g-kaffebonner\/#primaryimage\"},\"thumbnailUrl\":\"https:\/\/kirkensbymisjon.no\/content\/uploads\/sites\/123\/2024\/08\/kaffe-brasil.jpg\",\"datePublished\":\"2024-08-13T12:53:46+00:00\",\"dateModified\":\"2026-04-03T00:04:18+00:00\",\"breadcrumb\":{\"@id\":\"https:\/\/kirkensbymisjon.no\/nettbutikk\/produkt\/kaffe-fra-brasil-250-g-kaffebonner\/#breadcrumb\"},\"inLanguage\":\"nb-NO\",\"potentialAction\":[{\"@type\":\"ReadAction\",\"target\":[\"https:\/\/kirkensbymisjon.no\/nettbutikk\/produkt\/kaffe-fra-brasil-250-g-kaffebonner\/\"]}]},{\"@type\":\"ImageObject\",\"inLanguage\":\"nb-NO\",\"@id\":\"https:\/\/kirkensbymisjon.no\/nettbutikk\/produkt\/kaffe-fra-brasil-250-g-kaffebonner\/#primaryimage\",\"url\":\"https:\/\/kirkensbymisjon.no\/content\/uploads\/sites\/123\/2024\/08\/kaffe-brasil.jpg\",\"contentUrl\":\"https:\/\/kirkensbymisjon.no\/content\/uploads\/sites\/123\/2024\/08\/kaffe-brasil.jpg\",\"width\":1000,\"height\":1000},{\"@type\":\"BreadcrumbList\",\"@id\":\"https:\/\/kirkensbymisjon.no\/nettbutikk\/produkt\/kaffe-fra-brasil-250-g-kaffebonner\/#breadcrumb\",\"itemListElement\":[{\"@type\":\"ListItem\",\"position\":1,\"name\":\"Hjem\",\"item\":\"https:\/\/kirkensbymisjon.no\/nettbutikk\/\"},{\"@type\":\"ListItem\",\"position\":2,\"name\":\"Butikk\",\"item\":\"https:\/\/kirkensbymisjon.no\/nettbutikk\/butikk\/\"},{\"@type\":\"ListItem\",\"position\":3,\"name\":\"Kaffe fra Brasil\u2013 250 g kaffeb\u00f8nner\"}]},{\"@type\":\"WebSite\",\"@id\":\"https:\/\/kirkensbymisjon.no\/nettbutikk\/#website\",\"url\":\"https:\/\/kirkensbymisjon.no\/nettbutikk\/\",\"name\":\"Nettbutikk\",\"description\":\"\",\"potentialAction\":[{\"@type\":\"SearchAction\",\"target\":{\"@type\":\"EntryPoint\",\"urlTemplate\":\"https:\/\/kirkensbymisjon.no\/nettbutikk\/?s={search_term_string}\"},\"query-input\":{\"@type\":\"PropertyValueSpecification\",\"valueRequired\":true,\"valueName\":\"search_term_string\"}}],\"inLanguage\":\"nb-NO\"}]}<\/script>\n<meta property=\"product:price:amount\" content=\"179.00\" \/>\n<meta property=\"product:price:currency\" content=\"NOK\" \/>\n<meta property=\"og:availability\" content=\"instock\" \/>\n<meta property=\"product:availability\" content=\"instock\" \/>\n<meta property=\"product:retailer_item_id\" content=\"K1068\" \/>\n<meta property=\"product:condition\" content=\"new\" \/>\n<!-- \/ Yoast SEO Premium plugin. -->","yoast_head_json":{"title":"Kaffe fra Brasil\u2013 250 g kaffeb\u00f8nner - Nettbutikk","robots":{"index":"index","follow":"follow","max-snippet":"max-snippet:-1","max-image-preview":"max-image-preview:large","max-video-preview":"max-video-preview:-1"},"canonical":"https:\/\/kirkensbymisjon.no\/nettbutikk\/produkt\/kaffe-fra-brasil-250-g-kaffebonner\/","og_locale":"nb_NO","og_type":"article","og_title":"Kaffe fra Brasil\u2013 250 g kaffeb\u00f8nner","og_description":"Frisk og fyldig kaffe med smak av sjokolade, granola, brente mandler og r\u00f8de epler. Et&hellip;","og_url":"https:\/\/kirkensbymisjon.no\/nettbutikk\/produkt\/kaffe-fra-brasil-250-g-kaffebonner\/","og_site_name":"Nettbutikk","article_modified_time":"2026-04-03T00:04:18+00:00","og_image":[{"width":1000,"height":1000,"url":"https:\/\/kirkensbymisjon.no\/content\/uploads\/sites\/123\/2024\/08\/kaffe-brasil.jpg","type":"image\/jpeg"}],"twitter_card":"summary_large_image","twitter_misc":{"Price":"Kr&nbsp;179,&ndash;","Availability":"In stock"},"schema":{"@context":"https:\/\/schema.org","@graph":[{"@type":"WebPage","@id":"https:\/\/kirkensbymisjon.no\/nettbutikk\/produkt\/kaffe-fra-brasil-250-g-kaffebonner\/","url":"https:\/\/kirkensbymisjon.no\/nettbutikk\/produkt\/kaffe-fra-brasil-250-g-kaffebonner\/","name":"Kaffe fra Brasil\u2013 250 g kaffeb\u00f8nner - Nettbutikk","isPartOf":{"@id":"https:\/\/kirkensbymisjon.no\/nettbutikk\/#website"},"primaryImageOfPage":{"@id":"https:\/\/kirkensbymisjon.no\/nettbutikk\/produkt\/kaffe-fra-brasil-250-g-kaffebonner\/#primaryimage"},"image":{"@id":"https:\/\/kirkensbymisjon.no\/nettbutikk\/produkt\/kaffe-fra-brasil-250-g-kaffebonner\/#primaryimage"},"thumbnailUrl":"https:\/\/kirkensbymisjon.no\/content\/uploads\/sites\/123\/2024\/08\/kaffe-brasil.jpg","datePublished":"2024-08-13T12:53:46+00:00","dateModified":"2026-04-03T00:04:18+00:00","breadcrumb":{"@id":"https:\/\/kirkensbymisjon.no\/nettbutikk\/produkt\/kaffe-fra-brasil-250-g-kaffebonner\/#breadcrumb"},"inLanguage":"nb-NO","potentialAction":[{"@type":"ReadAction","target":["https:\/\/kirkensbymisjon.no\/nettbutikk\/produkt\/kaffe-fra-brasil-250-g-kaffebonner\/"]}]},{"@type":"ImageObject","inLanguage":"nb-NO","@id":"https:\/\/kirkensbymisjon.no\/nettbutikk\/produkt\/kaffe-fra-brasil-250-g-kaffebonner\/#primaryimage","url":"https:\/\/kirkensbymisjon.no\/content\/uploads\/sites\/123\/2024\/08\/kaffe-brasil.jpg","contentUrl":"https:\/\/kirkensbymisjon.no\/content\/uploads\/sites\/123\/2024\/08\/kaffe-brasil.jpg","width":1000,"height":1000},{"@type":"BreadcrumbList","@id":"https:\/\/kirkensbymisjon.no\/nettbutikk\/produkt\/kaffe-fra-brasil-250-g-kaffebonner\/#breadcrumb","itemListElement":[{"@type":"ListItem","position":1,"name":"Hjem","item":"https:\/\/kirkensbymisjon.no\/nettbutikk\/"},{"@type":"ListItem","position":2,"name":"Butikk","item":"https:\/\/kirkensbymisjon.no\/nettbutikk\/butikk\/"},{"@type":"ListItem","position":3,"name":"Kaffe fra Brasil\u2013 250 g kaffeb\u00f8nner"}]},{"@type":"WebSite","@id":"https:\/\/kirkensbymisjon.no\/nettbutikk\/#website","url":"https:\/\/kirkensbymisjon.no\/nettbutikk\/","name":"Nettbutikk","description":"","potentialAction":[{"@type":"SearchAction","target":{"@type":"EntryPoint","urlTemplate":"https:\/\/kirkensbymisjon.no\/nettbutikk\/?s={search_term_string}"},"query-input":{"@type":"PropertyValueSpecification","valueRequired":true,"valueName":"search_term_string"}}],"inLanguage":"nb-NO"}]},"product_price_amount":"179.00","product_price_currency":"NOK","og_availability":"instock","product_availability":"instock","product_retailer_item_id":"K1068","product_condition":"new"},"_links":{"self":[{"href":"https:\/\/kirkensbymisjon.no\/nettbutikk\/wp-json\/wp\/v2\/product\/340","targetHints":{"allow":["GET"]}}],"collection":[{"href":"https:\/\/kirkensbymisjon.no\/nettbutikk\/wp-json\/wp\/v2\/product"}],"about":[{"href":"https:\/\/kirkensbymisjon.no\/nettbutikk\/wp-json\/wp\/v2\/types\/product"}],"wp:featuredmedia":[{"embeddable":true,"href":"https:\/\/kirkensbymisjon.no\/nettbutikk\/wp-json\/wp\/v2\/media\/407"}],"wp:attachment":[{"href":"https:\/\/kirkensbymisjon.no\/nettbutikk\/wp-json\/wp\/v2\/media?parent=340"}],"wp:term":[{"taxonomy":"product_brand","embeddable":true,"href":"https:\/\/kirkensbymisjon.no\/nettbutikk\/wp-json\/wp\/v2\/product_brand?post=340"},{"taxonomy":"product_cat","embeddable":true,"href":"https:\/\/kirkensbymisjon.no\/nettbutikk\/wp-json\/wp\/v2\/product_cat?post=340"},{"taxonomy":"product_tag","embeddable":true,"href":"https:\/\/kirkensbymisjon.no\/nettbutikk\/wp-json\/wp\/v2\/product_tag?post=340"}],"curies":[{"name":"wp","href":"https:\/\/api.w.org\/{rel}","templated":true}]}}