{"id":41340,"date":"2026-02-26T10:09:37","date_gmt":"2026-02-26T09:09:37","guid":{"rendered":"https:\/\/kirkensbymisjon.no\/nettbutikk\/?post_type=product&#038;p=41340"},"modified":"2026-04-21T09:49:27","modified_gmt":"2026-04-21T07:49:27","slug":"bordbrikker","status":"publish","type":"product","link":"https:\/\/kirkensbymisjon.no\/nettbutikk\/produkt\/bordbrikker\/","title":{"rendered":"Bordbrikker"},"content":{"rendered":"<p>Gi borddekkingen et varmt og naturlig uttrykk med v\u00e5re unike l\u00f8vformede bordbrikker, laget i et sett p\u00e5 tre ulike st\u00f8rrelser. Hver brikke er sydd i 100 % naturfarget bomull p\u00e5 baksiden, noe som gir et mykt, solid og tidl\u00f8st preg som passer b\u00e5de hverdag og fest.<\/p>\n<p>Bordbrikkene er designet for \u00e5 v\u00e6re b\u00e5de dekorative og funksjonelle \u2013 perfekte som underlag til varme gryter, vaser, lysfat eller som et estetisk blikkfang midt p\u00e5 bordet. Den organiske l\u00f8vformen gir et moderne, nordisk uttrykk som l\u00f8fter interi\u00f8ret ditt.<\/p>\n<p>Vaskes enkelt p\u00e5 30 grader, slik at du kan bruke dem igjen og igjen.<\/p>\n<p>Hver brikke er h\u00e5ndlaget gjennom et arbeidstreningstilbud ved <a href=\"https:\/\/kirkensbymisjon.no\/nettbutikk\/produktkategori\/verksteder\/aktivitetskafeen-drammen-og-kongsberg\/\">Aktivitetskafeen i Kongsberg<\/a>, som st\u00f8tter mennesker innen rusmestring, ettervern, psykisk helse og integrering.<\/p>\n","protected":false},"excerpt":{"rendered":"<p>Gi borddekkingen et varmt og naturlig uttrykk med v\u00e5re unike l\u00f8vformede bordbrikker, leveres som sett&hellip;<\/p>\n","protected":false},"featured_media":0,"template":"","meta":{"_relevanssi_hide_post":"","_relevanssi_hide_content":"","_relevanssi_pin_for_all":"","_relevanssi_pin_keywords":"","_relevanssi_unpin_keywords":"","_relevanssi_related_keywords":"","_relevanssi_related_include_ids":"","_relevanssi_related_exclude_ids":"","_relevanssi_related_no_append":"","_relevanssi_related_not_related":"","_relevanssi_related_posts":"","_relevanssi_noindex_reason":""},"product_brand":[],"product_cat":[57,42],"product_tag":[100],"class_list":{"0":"post-41340","1":"product","2":"type-product","3":"status-publish","5":"product_cat-aktivitetskafeen-drammen-og-kongsberg","6":"product_cat-borddekking","7":"product_tag-unike-gaver","8":"member-discount","9":"discount-restricted","11":"first","12":"instock","13":"purchasable","14":"product-type-simple"},"yoast_head":"<!-- This site is optimized with the Yoast SEO Premium plugin v27.2 (Yoast SEO v27.2) - https:\/\/yoast.com\/product\/yoast-seo-premium-wordpress\/ -->\n<title>Bordbrikker - Nettbutikk<\/title>\n<meta name=\"robots\" content=\"index, follow, max-snippet:-1, max-image-preview:large, max-video-preview:-1\" \/>\n<link rel=\"canonical\" href=\"https:\/\/kirkensbymisjon.no\/nettbutikk\/produkt\/bordbrikker\/\" \/>\n<meta property=\"og:locale\" content=\"nb_NO\" \/>\n<meta property=\"og:type\" content=\"article\" \/>\n<meta property=\"og:title\" content=\"Bordbrikker\" \/>\n<meta property=\"og:description\" content=\"Gi borddekkingen et varmt og naturlig uttrykk med v\u00e5re unike l\u00f8vformede bordbrikker, leveres som sett&hellip;\" \/>\n<meta property=\"og:url\" content=\"https:\/\/kirkensbymisjon.no\/nettbutikk\/produkt\/bordbrikker\/\" \/>\n<meta property=\"og:site_name\" content=\"Nettbutikk\" \/>\n<meta property=\"article:modified_time\" content=\"2026-04-21T07:49:27+00:00\" \/>\n<meta name=\"twitter:card\" content=\"summary_large_image\" \/>\n<meta name=\"twitter:label1\" content=\"Price\" \/>\n\t<meta name=\"twitter:data1\" content=\"Kr&nbsp;240,&ndash;\" \/>\n\t<meta name=\"twitter:label2\" content=\"Availability\" \/>\n\t<meta name=\"twitter:data2\" content=\"In stock\" \/>\n<script type=\"application\/ld+json\" class=\"yoast-schema-graph\">{\"@context\":\"https:\/\/schema.org\",\"@graph\":[{\"@type\":\"WebPage\",\"@id\":\"https:\/\/kirkensbymisjon.no\/nettbutikk\/produkt\/bordbrikker\/\",\"url\":\"https:\/\/kirkensbymisjon.no\/nettbutikk\/produkt\/bordbrikker\/\",\"name\":\"Bordbrikker - Nettbutikk\",\"isPartOf\":{\"@id\":\"https:\/\/kirkensbymisjon.no\/nettbutikk\/#website\"},\"datePublished\":\"2026-02-26T09:09:37+00:00\",\"dateModified\":\"2026-04-21T07:49:27+00:00\",\"breadcrumb\":{\"@id\":\"https:\/\/kirkensbymisjon.no\/nettbutikk\/produkt\/bordbrikker\/#breadcrumb\"},\"inLanguage\":\"nb-NO\",\"potentialAction\":[{\"@type\":\"ReadAction\",\"target\":[\"https:\/\/kirkensbymisjon.no\/nettbutikk\/produkt\/bordbrikker\/\"]}]},{\"@type\":\"BreadcrumbList\",\"@id\":\"https:\/\/kirkensbymisjon.no\/nettbutikk\/produkt\/bordbrikker\/#breadcrumb\",\"itemListElement\":[{\"@type\":\"ListItem\",\"position\":1,\"name\":\"Hjem\",\"item\":\"https:\/\/kirkensbymisjon.no\/nettbutikk\/\"},{\"@type\":\"ListItem\",\"position\":2,\"name\":\"Butikk\",\"item\":\"https:\/\/kirkensbymisjon.no\/nettbutikk\/butikk\/\"},{\"@type\":\"ListItem\",\"position\":3,\"name\":\"Bordbrikker\"}]},{\"@type\":\"WebSite\",\"@id\":\"https:\/\/kirkensbymisjon.no\/nettbutikk\/#website\",\"url\":\"https:\/\/kirkensbymisjon.no\/nettbutikk\/\",\"name\":\"Nettbutikk\",\"description\":\"\",\"potentialAction\":[{\"@type\":\"SearchAction\",\"target\":{\"@type\":\"EntryPoint\",\"urlTemplate\":\"https:\/\/kirkensbymisjon.no\/nettbutikk\/?s={search_term_string}\"},\"query-input\":{\"@type\":\"PropertyValueSpecification\",\"valueRequired\":true,\"valueName\":\"search_term_string\"}}],\"inLanguage\":\"nb-NO\"}]}<\/script>\n<meta property=\"product:price:amount\" content=\"240.00\" \/>\n<meta property=\"product:price:currency\" content=\"NOK\" \/>\n<meta property=\"og:availability\" content=\"instock\" \/>\n<meta property=\"product:availability\" content=\"instock\" \/>\n<meta property=\"product:retailer_item_id\" content=\"K1041\" \/>\n<meta property=\"product:condition\" content=\"new\" \/>\n<!-- \/ Yoast SEO Premium plugin. -->","yoast_head_json":{"title":"Bordbrikker - Nettbutikk","robots":{"index":"index","follow":"follow","max-snippet":"max-snippet:-1","max-image-preview":"max-image-preview:large","max-video-preview":"max-video-preview:-1"},"canonical":"https:\/\/kirkensbymisjon.no\/nettbutikk\/produkt\/bordbrikker\/","og_locale":"nb_NO","og_type":"article","og_title":"Bordbrikker","og_description":"Gi borddekkingen et varmt og naturlig uttrykk med v\u00e5re unike l\u00f8vformede bordbrikker, leveres som sett&hellip;","og_url":"https:\/\/kirkensbymisjon.no\/nettbutikk\/produkt\/bordbrikker\/","og_site_name":"Nettbutikk","article_modified_time":"2026-04-21T07:49:27+00:00","twitter_card":"summary_large_image","twitter_misc":{"Price":"Kr&nbsp;240,&ndash;","Availability":"In stock"},"schema":{"@context":"https:\/\/schema.org","@graph":[{"@type":"WebPage","@id":"https:\/\/kirkensbymisjon.no\/nettbutikk\/produkt\/bordbrikker\/","url":"https:\/\/kirkensbymisjon.no\/nettbutikk\/produkt\/bordbrikker\/","name":"Bordbrikker - Nettbutikk","isPartOf":{"@id":"https:\/\/kirkensbymisjon.no\/nettbutikk\/#website"},"datePublished":"2026-02-26T09:09:37+00:00","dateModified":"2026-04-21T07:49:27+00:00","breadcrumb":{"@id":"https:\/\/kirkensbymisjon.no\/nettbutikk\/produkt\/bordbrikker\/#breadcrumb"},"inLanguage":"nb-NO","potentialAction":[{"@type":"ReadAction","target":["https:\/\/kirkensbymisjon.no\/nettbutikk\/produkt\/bordbrikker\/"]}]},{"@type":"BreadcrumbList","@id":"https:\/\/kirkensbymisjon.no\/nettbutikk\/produkt\/bordbrikker\/#breadcrumb","itemListElement":[{"@type":"ListItem","position":1,"name":"Hjem","item":"https:\/\/kirkensbymisjon.no\/nettbutikk\/"},{"@type":"ListItem","position":2,"name":"Butikk","item":"https:\/\/kirkensbymisjon.no\/nettbutikk\/butikk\/"},{"@type":"ListItem","position":3,"name":"Bordbrikker"}]},{"@type":"WebSite","@id":"https:\/\/kirkensbymisjon.no\/nettbutikk\/#website","url":"https:\/\/kirkensbymisjon.no\/nettbutikk\/","name":"Nettbutikk","description":"","potentialAction":[{"@type":"SearchAction","target":{"@type":"EntryPoint","urlTemplate":"https:\/\/kirkensbymisjon.no\/nettbutikk\/?s={search_term_string}"},"query-input":{"@type":"PropertyValueSpecification","valueRequired":true,"valueName":"search_term_string"}}],"inLanguage":"nb-NO"}]},"product_price_amount":"240.00","product_price_currency":"NOK","og_availability":"instock","product_availability":"instock","product_retailer_item_id":"K1041","product_condition":"new"},"_links":{"self":[{"href":"https:\/\/kirkensbymisjon.no\/nettbutikk\/wp-json\/wp\/v2\/product\/41340","targetHints":{"allow":["GET"]}}],"collection":[{"href":"https:\/\/kirkensbymisjon.no\/nettbutikk\/wp-json\/wp\/v2\/product"}],"about":[{"href":"https:\/\/kirkensbymisjon.no\/nettbutikk\/wp-json\/wp\/v2\/types\/product"}],"wp:attachment":[{"href":"https:\/\/kirkensbymisjon.no\/nettbutikk\/wp-json\/wp\/v2\/media?parent=41340"}],"wp:term":[{"taxonomy":"product_brand","embeddable":true,"href":"https:\/\/kirkensbymisjon.no\/nettbutikk\/wp-json\/wp\/v2\/product_brand?post=41340"},{"taxonomy":"product_cat","embeddable":true,"href":"https:\/\/kirkensbymisjon.no\/nettbutikk\/wp-json\/wp\/v2\/product_cat?post=41340"},{"taxonomy":"product_tag","embeddable":true,"href":"https:\/\/kirkensbymisjon.no\/nettbutikk\/wp-json\/wp\/v2\/product_tag?post=41340"}],"curies":[{"name":"wp","href":"https:\/\/api.w.org\/{rel}","templated":true}]}}