{"id":450,"date":"2024-08-13T14:55:48","date_gmt":"2024-08-13T12:55:48","guid":{"rendered":"https:\/\/kirkensbymisjon.no\/nettbutikk\/?post_type=product&#038;p=450"},"modified":"2026-02-01T12:46:43","modified_gmt":"2026-02-01T11:46:43","slug":"handlenett-tanker-om-arbeid","status":"publish","type":"product","link":"https:\/\/kirkensbymisjon.no\/nettbutikk\/produkt\/handlenett-tanker-om-arbeid\/","title":{"rendered":"Handlenett &#8211; tanker om arbeid"},"content":{"rendered":"<p>Nettene er i bomull og er Fairtrade-sertifisert. Teksten er trykket p\u00e5 for h\u00e5nd p\u00e5 arbeidstiltaket. Ordene p\u00e5 handlenettet er arbeidernes egne tanker om forholdet til jobben sin. \u00c5 ha en jobb \u00e5 g\u00e5 til kan bety mye forskjellig for den enkelte.<br \/>\nSt\u00f8rrelsen er 38 cm x 42 cm med en hank p\u00e5 60 cm.<\/p>\n<p>Dette produktet er laget ved arbeidstiltaket Spenn i <a href=\"https:\/\/kirkensbymisjon.no\/nettbutikk\/produktkategori\/verksteder\/spenn-oslo\/\">Oslo<\/a><\/p>\n","protected":false},"excerpt":{"rendered":"<p>Ordene p\u00e5 nettet er arbeidernes egne tanker om forholdet til jobben sin. St\u00f8rrelse 38 x&hellip;<\/p>\n","protected":false},"featured_media":499,"template":"","meta":{"_relevanssi_hide_post":"","_relevanssi_hide_content":"","_relevanssi_pin_for_all":"","_relevanssi_pin_keywords":"","_relevanssi_unpin_keywords":"","_relevanssi_related_keywords":"","_relevanssi_related_include_ids":"","_relevanssi_related_exclude_ids":"","_relevanssi_related_no_append":"","_relevanssi_related_not_related":"","_relevanssi_related_posts":"","_relevanssi_noindex_reason":""},"product_brand":[],"product_cat":[48,67],"product_tag":[79,92],"class_list":{"0":"post-450","1":"product","2":"type-product","3":"status-publish","4":"has-post-thumbnail","6":"product_cat-handlenett-og-tote-bags","7":"product_cat-spenn-oslo","8":"product_tag-tekstil","9":"product_tag-varfavoritter","10":"member-discount","11":"discount-restricted","13":"first","14":"outofstock","15":"purchasable","16":"product-type-simple"},"yoast_head":"<!-- This site is optimized with the Yoast SEO Premium plugin v27.2 (Yoast SEO v27.4) - https:\/\/yoast.com\/product\/yoast-seo-premium-wordpress\/ -->\n<title>Handlenett - tanker om arbeid - Nettbutikk<\/title>\n<meta name=\"robots\" content=\"index, follow, max-snippet:-1, max-image-preview:large, max-video-preview:-1\" \/>\n<link rel=\"canonical\" href=\"https:\/\/kirkensbymisjon.no\/nettbutikk\/produkt\/handlenett-tanker-om-arbeid\/\" \/>\n<meta property=\"og:locale\" content=\"nb_NO\" \/>\n<meta property=\"og:type\" content=\"article\" \/>\n<meta property=\"og:title\" content=\"Handlenett - tanker om arbeid\" \/>\n<meta property=\"og:description\" content=\"Ordene p\u00e5 nettet er arbeidernes egne tanker om forholdet til jobben sin. St\u00f8rrelse 38 x&hellip;\" \/>\n<meta property=\"og:url\" content=\"https:\/\/kirkensbymisjon.no\/nettbutikk\/produkt\/handlenett-tanker-om-arbeid\/\" \/>\n<meta property=\"og:site_name\" content=\"Nettbutikk\" \/>\n<meta property=\"article:modified_time\" content=\"2026-02-01T11:46:43+00:00\" \/>\n<meta property=\"og:image\" content=\"https:\/\/kirkensbymisjon.no\/content\/uploads\/sites\/123\/2024\/08\/handlenett.jpg\" \/>\n\t<meta property=\"og:image:width\" content=\"1000\" \/>\n\t<meta property=\"og:image:height\" content=\"1000\" \/>\n\t<meta property=\"og:image:type\" content=\"image\/jpeg\" \/>\n<meta name=\"twitter:card\" content=\"summary_large_image\" \/>\n<meta name=\"twitter:label1\" content=\"Price\" \/>\n\t<meta name=\"twitter:data1\" content=\"Kr&nbsp;145,&ndash;\" \/>\n\t<meta name=\"twitter:label2\" content=\"Availability\" \/>\n\t<meta name=\"twitter:data2\" content=\"Out of stock\" \/>\n<script type=\"application\/ld+json\" class=\"yoast-schema-graph\">{\"@context\":\"https:\\\/\\\/schema.org\",\"@graph\":[{\"@type\":\"WebPage\",\"@id\":\"https:\\\/\\\/kirkensbymisjon.no\\\/nettbutikk\\\/produkt\\\/handlenett-tanker-om-arbeid\\\/\",\"url\":\"https:\\\/\\\/kirkensbymisjon.no\\\/nettbutikk\\\/produkt\\\/handlenett-tanker-om-arbeid\\\/\",\"name\":\"Handlenett - tanker om arbeid - Nettbutikk\",\"isPartOf\":{\"@id\":\"https:\\\/\\\/kirkensbymisjon.no\\\/nettbutikk\\\/#website\"},\"primaryImageOfPage\":{\"@id\":\"https:\\\/\\\/kirkensbymisjon.no\\\/nettbutikk\\\/produkt\\\/handlenett-tanker-om-arbeid\\\/#primaryimage\"},\"image\":{\"@id\":\"https:\\\/\\\/kirkensbymisjon.no\\\/nettbutikk\\\/produkt\\\/handlenett-tanker-om-arbeid\\\/#primaryimage\"},\"thumbnailUrl\":\"https:\\\/\\\/kirkensbymisjon.no\\\/content\\\/uploads\\\/sites\\\/123\\\/2024\\\/08\\\/handlenett.jpg\",\"datePublished\":\"2024-08-13T12:55:48+00:00\",\"dateModified\":\"2026-02-01T11:46:43+00:00\",\"breadcrumb\":{\"@id\":\"https:\\\/\\\/kirkensbymisjon.no\\\/nettbutikk\\\/produkt\\\/handlenett-tanker-om-arbeid\\\/#breadcrumb\"},\"inLanguage\":\"nb-NO\",\"potentialAction\":[{\"@type\":\"ReadAction\",\"target\":[\"https:\\\/\\\/kirkensbymisjon.no\\\/nettbutikk\\\/produkt\\\/handlenett-tanker-om-arbeid\\\/\"]}]},{\"@type\":\"ImageObject\",\"inLanguage\":\"nb-NO\",\"@id\":\"https:\\\/\\\/kirkensbymisjon.no\\\/nettbutikk\\\/produkt\\\/handlenett-tanker-om-arbeid\\\/#primaryimage\",\"url\":\"https:\\\/\\\/kirkensbymisjon.no\\\/content\\\/uploads\\\/sites\\\/123\\\/2024\\\/08\\\/handlenett.jpg\",\"contentUrl\":\"https:\\\/\\\/kirkensbymisjon.no\\\/content\\\/uploads\\\/sites\\\/123\\\/2024\\\/08\\\/handlenett.jpg\",\"width\":1000,\"height\":1000},{\"@type\":\"BreadcrumbList\",\"@id\":\"https:\\\/\\\/kirkensbymisjon.no\\\/nettbutikk\\\/produkt\\\/handlenett-tanker-om-arbeid\\\/#breadcrumb\",\"itemListElement\":[{\"@type\":\"ListItem\",\"position\":1,\"name\":\"Hjem\",\"item\":\"https:\\\/\\\/kirkensbymisjon.no\\\/nettbutikk\\\/\"},{\"@type\":\"ListItem\",\"position\":2,\"name\":\"Butikk\",\"item\":\"https:\\\/\\\/kirkensbymisjon.no\\\/nettbutikk\\\/butikk\\\/\"},{\"@type\":\"ListItem\",\"position\":3,\"name\":\"Handlenett &#8211; tanker om arbeid\"}]},{\"@type\":\"WebSite\",\"@id\":\"https:\\\/\\\/kirkensbymisjon.no\\\/nettbutikk\\\/#website\",\"url\":\"https:\\\/\\\/kirkensbymisjon.no\\\/nettbutikk\\\/\",\"name\":\"Nettbutikk\",\"description\":\"\",\"potentialAction\":[{\"@type\":\"SearchAction\",\"target\":{\"@type\":\"EntryPoint\",\"urlTemplate\":\"https:\\\/\\\/kirkensbymisjon.no\\\/nettbutikk\\\/?s={search_term_string}\"},\"query-input\":{\"@type\":\"PropertyValueSpecification\",\"valueRequired\":true,\"valueName\":\"search_term_string\"}}],\"inLanguage\":\"nb-NO\"}]}<\/script>\n<meta property=\"product:price:amount\" content=\"145.00\" \/>\n<meta property=\"product:price:currency\" content=\"NOK\" \/>\n<meta property=\"og:availability\" content=\"out of stock\" \/>\n<meta property=\"product:availability\" content=\"out of stock\" \/>\n<meta property=\"product:retailer_item_id\" content=\"K1078\" \/>\n<meta property=\"product:condition\" content=\"new\" \/>\n<!-- \/ Yoast SEO Premium plugin. -->","yoast_head_json":{"title":"Handlenett - tanker om arbeid - Nettbutikk","robots":{"index":"index","follow":"follow","max-snippet":"max-snippet:-1","max-image-preview":"max-image-preview:large","max-video-preview":"max-video-preview:-1"},"canonical":"https:\/\/kirkensbymisjon.no\/nettbutikk\/produkt\/handlenett-tanker-om-arbeid\/","og_locale":"nb_NO","og_type":"article","og_title":"Handlenett - tanker om arbeid","og_description":"Ordene p\u00e5 nettet er arbeidernes egne tanker om forholdet til jobben sin. St\u00f8rrelse 38 x&hellip;","og_url":"https:\/\/kirkensbymisjon.no\/nettbutikk\/produkt\/handlenett-tanker-om-arbeid\/","og_site_name":"Nettbutikk","article_modified_time":"2026-02-01T11:46:43+00:00","og_image":[{"width":1000,"height":1000,"url":"https:\/\/kirkensbymisjon.no\/content\/uploads\/sites\/123\/2024\/08\/handlenett.jpg","type":"image\/jpeg"}],"twitter_card":"summary_large_image","twitter_misc":{"Price":"Kr&nbsp;145,&ndash;","Availability":"Out of stock"},"schema":{"@context":"https:\/\/schema.org","@graph":[{"@type":"WebPage","@id":"https:\/\/kirkensbymisjon.no\/nettbutikk\/produkt\/handlenett-tanker-om-arbeid\/","url":"https:\/\/kirkensbymisjon.no\/nettbutikk\/produkt\/handlenett-tanker-om-arbeid\/","name":"Handlenett - tanker om arbeid - Nettbutikk","isPartOf":{"@id":"https:\/\/kirkensbymisjon.no\/nettbutikk\/#website"},"primaryImageOfPage":{"@id":"https:\/\/kirkensbymisjon.no\/nettbutikk\/produkt\/handlenett-tanker-om-arbeid\/#primaryimage"},"image":{"@id":"https:\/\/kirkensbymisjon.no\/nettbutikk\/produkt\/handlenett-tanker-om-arbeid\/#primaryimage"},"thumbnailUrl":"https:\/\/kirkensbymisjon.no\/content\/uploads\/sites\/123\/2024\/08\/handlenett.jpg","datePublished":"2024-08-13T12:55:48+00:00","dateModified":"2026-02-01T11:46:43+00:00","breadcrumb":{"@id":"https:\/\/kirkensbymisjon.no\/nettbutikk\/produkt\/handlenett-tanker-om-arbeid\/#breadcrumb"},"inLanguage":"nb-NO","potentialAction":[{"@type":"ReadAction","target":["https:\/\/kirkensbymisjon.no\/nettbutikk\/produkt\/handlenett-tanker-om-arbeid\/"]}]},{"@type":"ImageObject","inLanguage":"nb-NO","@id":"https:\/\/kirkensbymisjon.no\/nettbutikk\/produkt\/handlenett-tanker-om-arbeid\/#primaryimage","url":"https:\/\/kirkensbymisjon.no\/content\/uploads\/sites\/123\/2024\/08\/handlenett.jpg","contentUrl":"https:\/\/kirkensbymisjon.no\/content\/uploads\/sites\/123\/2024\/08\/handlenett.jpg","width":1000,"height":1000},{"@type":"BreadcrumbList","@id":"https:\/\/kirkensbymisjon.no\/nettbutikk\/produkt\/handlenett-tanker-om-arbeid\/#breadcrumb","itemListElement":[{"@type":"ListItem","position":1,"name":"Hjem","item":"https:\/\/kirkensbymisjon.no\/nettbutikk\/"},{"@type":"ListItem","position":2,"name":"Butikk","item":"https:\/\/kirkensbymisjon.no\/nettbutikk\/butikk\/"},{"@type":"ListItem","position":3,"name":"Handlenett &#8211; tanker om arbeid"}]},{"@type":"WebSite","@id":"https:\/\/kirkensbymisjon.no\/nettbutikk\/#website","url":"https:\/\/kirkensbymisjon.no\/nettbutikk\/","name":"Nettbutikk","description":"","potentialAction":[{"@type":"SearchAction","target":{"@type":"EntryPoint","urlTemplate":"https:\/\/kirkensbymisjon.no\/nettbutikk\/?s={search_term_string}"},"query-input":{"@type":"PropertyValueSpecification","valueRequired":true,"valueName":"search_term_string"}}],"inLanguage":"nb-NO"}]},"product_price_amount":"145.00","product_price_currency":"NOK","og_availability":"out of stock","product_availability":"out of stock","product_retailer_item_id":"K1078","product_condition":"new"},"_links":{"self":[{"href":"https:\/\/kirkensbymisjon.no\/nettbutikk\/wp-json\/wp\/v2\/product\/450","targetHints":{"allow":["GET"]}}],"collection":[{"href":"https:\/\/kirkensbymisjon.no\/nettbutikk\/wp-json\/wp\/v2\/product"}],"about":[{"href":"https:\/\/kirkensbymisjon.no\/nettbutikk\/wp-json\/wp\/v2\/types\/product"}],"wp:featuredmedia":[{"embeddable":true,"href":"https:\/\/kirkensbymisjon.no\/nettbutikk\/wp-json\/wp\/v2\/media\/499"}],"wp:attachment":[{"href":"https:\/\/kirkensbymisjon.no\/nettbutikk\/wp-json\/wp\/v2\/media?parent=450"}],"wp:term":[{"taxonomy":"product_brand","embeddable":true,"href":"https:\/\/kirkensbymisjon.no\/nettbutikk\/wp-json\/wp\/v2\/product_brand?post=450"},{"taxonomy":"product_cat","embeddable":true,"href":"https:\/\/kirkensbymisjon.no\/nettbutikk\/wp-json\/wp\/v2\/product_cat?post=450"},{"taxonomy":"product_tag","embeddable":true,"href":"https:\/\/kirkensbymisjon.no\/nettbutikk\/wp-json\/wp\/v2\/product_tag?post=450"}],"curies":[{"name":"wp","href":"https:\/\/api.w.org\/{rel}","templated":true}]}}