{"id":750,"date":"2024-08-13T15:01:30","date_gmt":"2024-08-13T13:01:30","guid":{"rendered":"https:\/\/kirkensbymisjon.no\/nettbutikk\/?post_type=product&#038;p=750"},"modified":"2026-05-06T14:19:39","modified_gmt":"2026-05-06T12:19:39","slug":"engel-i-glass-regnbue-sjablong","status":"publish","type":"product","link":"https:\/\/kirkensbymisjon.no\/nettbutikk\/produkt\/engel-i-glass-regnbue-sjablong\/","title":{"rendered":"Engel i glass &#8211; regnbue sjablong"},"content":{"rendered":"<p>Glassengelen er laget av knust glass og er et symbol p\u00e5 at det som tilsynelatende er knust og \u00f8delagt kan settes sammen og bli til noe nytt og vakkert igjen. En engel er nydelig, flere kan bli til et englekor eller en fargerik samling av engler. Glassengelen er 11 cm h\u00f8y. Englene selges enkeltvis. Disse lages i ulike farger og m\u00f8nster, alt fra regnbuens farger (og Pride-glad) til hjerter, planter og sn\u00f8krystall. H\u00e5per du finner et m\u00f8nster du liker.<\/p>\n<p>Dette produktet er laget ved et av v\u00e5re verksteder i <a href=\"https:\/\/kirkensbymisjon.no\/nettbutikk\/verksteder\/spenn\/\">Oslo<\/a><\/p>\n","protected":false},"excerpt":{"rendered":"<p>H\u00e5ndlaget glassengel, laget av resteglass. Engelen er ca. 11 cm lang, finnes i flere farger&hellip;<\/p>\n","protected":false},"featured_media":796,"template":"","meta":{"_relevanssi_hide_post":"","_relevanssi_hide_content":"","_relevanssi_pin_for_all":"","_relevanssi_pin_keywords":"","_relevanssi_unpin_keywords":"","_relevanssi_related_keywords":"","_relevanssi_related_include_ids":"","_relevanssi_related_exclude_ids":"","_relevanssi_related_no_append":"","_relevanssi_related_not_related":"","_relevanssi_related_posts":"","_relevanssi_noindex_reason":""},"product_brand":[],"product_cat":[35,30,67],"product_tag":[75,94,92],"class_list":{"0":"post-750","1":"product","2":"type-product","3":"status-publish","4":"has-post-thumbnail","6":"product_cat-glassengler","7":"product_cat-pynt-og-dekor","8":"product_cat-spenn-oslo","9":"product_tag-glass","10":"product_tag-regnbue","11":"product_tag-varfavoritter","12":"member-discount","13":"discount-restricted","15":"first","16":"instock","17":"purchasable","18":"product-type-simple"},"yoast_head":"<!-- This site is optimized with the Yoast SEO Premium plugin v27.2 (Yoast SEO v27.4) - https:\/\/yoast.com\/product\/yoast-seo-premium-wordpress\/ -->\n<title>Engel i glass - regnbue sjablong - Nettbutikk<\/title>\n<meta name=\"robots\" content=\"index, follow, max-snippet:-1, max-image-preview:large, max-video-preview:-1\" \/>\n<link rel=\"canonical\" href=\"https:\/\/kirkensbymisjon.no\/nettbutikk\/produkt\/engel-i-glass-regnbue-sjablong\/\" \/>\n<meta property=\"og:locale\" content=\"nb_NO\" \/>\n<meta property=\"og:type\" content=\"article\" \/>\n<meta property=\"og:title\" content=\"Engel i glass - regnbue sjablong\" \/>\n<meta property=\"og:description\" content=\"H\u00e5ndlaget glassengel, laget av resteglass. Engelen er ca. 11 cm lang, finnes i flere farger&hellip;\" \/>\n<meta property=\"og:url\" content=\"https:\/\/kirkensbymisjon.no\/nettbutikk\/produkt\/engel-i-glass-regnbue-sjablong\/\" \/>\n<meta property=\"og:site_name\" content=\"Nettbutikk\" \/>\n<meta property=\"article:modified_time\" content=\"2026-05-06T12:19:39+00:00\" \/>\n<meta property=\"og:image\" content=\"https:\/\/kirkensbymisjon.no\/content\/uploads\/sites\/123\/2024\/08\/hengende-engel-glass-regnbue-sjablong.jpg\" \/>\n\t<meta property=\"og:image:width\" content=\"1000\" \/>\n\t<meta property=\"og:image:height\" content=\"1000\" \/>\n\t<meta property=\"og:image:type\" content=\"image\/jpeg\" \/>\n<meta name=\"twitter:card\" content=\"summary_large_image\" \/>\n<meta name=\"twitter:label1\" content=\"Price\" \/>\n\t<meta name=\"twitter:data1\" content=\"Kr&nbsp;199,&ndash;\" \/>\n\t<meta name=\"twitter:label2\" content=\"Availability\" \/>\n\t<meta name=\"twitter:data2\" content=\"In stock\" \/>\n<script type=\"application\/ld+json\" class=\"yoast-schema-graph\">{\"@context\":\"https:\\\/\\\/schema.org\",\"@graph\":[{\"@type\":\"WebPage\",\"@id\":\"https:\\\/\\\/kirkensbymisjon.no\\\/nettbutikk\\\/produkt\\\/engel-i-glass-regnbue-sjablong\\\/\",\"url\":\"https:\\\/\\\/kirkensbymisjon.no\\\/nettbutikk\\\/produkt\\\/engel-i-glass-regnbue-sjablong\\\/\",\"name\":\"Engel i glass - regnbue sjablong - Nettbutikk\",\"isPartOf\":{\"@id\":\"https:\\\/\\\/kirkensbymisjon.no\\\/nettbutikk\\\/#website\"},\"primaryImageOfPage\":{\"@id\":\"https:\\\/\\\/kirkensbymisjon.no\\\/nettbutikk\\\/produkt\\\/engel-i-glass-regnbue-sjablong\\\/#primaryimage\"},\"image\":{\"@id\":\"https:\\\/\\\/kirkensbymisjon.no\\\/nettbutikk\\\/produkt\\\/engel-i-glass-regnbue-sjablong\\\/#primaryimage\"},\"thumbnailUrl\":\"https:\\\/\\\/kirkensbymisjon.no\\\/content\\\/uploads\\\/sites\\\/123\\\/2024\\\/08\\\/hengende-engel-glass-regnbue-sjablong.jpg\",\"datePublished\":\"2024-08-13T13:01:30+00:00\",\"dateModified\":\"2026-05-06T12:19:39+00:00\",\"breadcrumb\":{\"@id\":\"https:\\\/\\\/kirkensbymisjon.no\\\/nettbutikk\\\/produkt\\\/engel-i-glass-regnbue-sjablong\\\/#breadcrumb\"},\"inLanguage\":\"nb-NO\",\"potentialAction\":[{\"@type\":\"ReadAction\",\"target\":[\"https:\\\/\\\/kirkensbymisjon.no\\\/nettbutikk\\\/produkt\\\/engel-i-glass-regnbue-sjablong\\\/\"]}]},{\"@type\":\"ImageObject\",\"inLanguage\":\"nb-NO\",\"@id\":\"https:\\\/\\\/kirkensbymisjon.no\\\/nettbutikk\\\/produkt\\\/engel-i-glass-regnbue-sjablong\\\/#primaryimage\",\"url\":\"https:\\\/\\\/kirkensbymisjon.no\\\/content\\\/uploads\\\/sites\\\/123\\\/2024\\\/08\\\/hengende-engel-glass-regnbue-sjablong.jpg\",\"contentUrl\":\"https:\\\/\\\/kirkensbymisjon.no\\\/content\\\/uploads\\\/sites\\\/123\\\/2024\\\/08\\\/hengende-engel-glass-regnbue-sjablong.jpg\",\"width\":1000,\"height\":1000},{\"@type\":\"BreadcrumbList\",\"@id\":\"https:\\\/\\\/kirkensbymisjon.no\\\/nettbutikk\\\/produkt\\\/engel-i-glass-regnbue-sjablong\\\/#breadcrumb\",\"itemListElement\":[{\"@type\":\"ListItem\",\"position\":1,\"name\":\"Hjem\",\"item\":\"https:\\\/\\\/kirkensbymisjon.no\\\/nettbutikk\\\/\"},{\"@type\":\"ListItem\",\"position\":2,\"name\":\"Butikk\",\"item\":\"https:\\\/\\\/kirkensbymisjon.no\\\/nettbutikk\\\/butikk\\\/\"},{\"@type\":\"ListItem\",\"position\":3,\"name\":\"Engel i glass &#8211; regnbue sjablong\"}]},{\"@type\":\"WebSite\",\"@id\":\"https:\\\/\\\/kirkensbymisjon.no\\\/nettbutikk\\\/#website\",\"url\":\"https:\\\/\\\/kirkensbymisjon.no\\\/nettbutikk\\\/\",\"name\":\"Nettbutikk\",\"description\":\"\",\"potentialAction\":[{\"@type\":\"SearchAction\",\"target\":{\"@type\":\"EntryPoint\",\"urlTemplate\":\"https:\\\/\\\/kirkensbymisjon.no\\\/nettbutikk\\\/?s={search_term_string}\"},\"query-input\":{\"@type\":\"PropertyValueSpecification\",\"valueRequired\":true,\"valueName\":\"search_term_string\"}}],\"inLanguage\":\"nb-NO\"}]}<\/script>\n<meta property=\"product:price:amount\" content=\"199.00\" \/>\n<meta property=\"product:price:currency\" content=\"NOK\" \/>\n<meta property=\"og:availability\" content=\"instock\" \/>\n<meta property=\"product:availability\" content=\"instock\" \/>\n<meta property=\"product:retailer_item_id\" content=\"E1010\" \/>\n<meta property=\"product:condition\" content=\"new\" \/>\n<!-- \/ Yoast SEO Premium plugin. -->","yoast_head_json":{"title":"Engel i glass - regnbue sjablong - Nettbutikk","robots":{"index":"index","follow":"follow","max-snippet":"max-snippet:-1","max-image-preview":"max-image-preview:large","max-video-preview":"max-video-preview:-1"},"canonical":"https:\/\/kirkensbymisjon.no\/nettbutikk\/produkt\/engel-i-glass-regnbue-sjablong\/","og_locale":"nb_NO","og_type":"article","og_title":"Engel i glass - regnbue sjablong","og_description":"H\u00e5ndlaget glassengel, laget av resteglass. Engelen er ca. 11 cm lang, finnes i flere farger&hellip;","og_url":"https:\/\/kirkensbymisjon.no\/nettbutikk\/produkt\/engel-i-glass-regnbue-sjablong\/","og_site_name":"Nettbutikk","article_modified_time":"2026-05-06T12:19:39+00:00","og_image":[{"width":1000,"height":1000,"url":"https:\/\/kirkensbymisjon.no\/content\/uploads\/sites\/123\/2024\/08\/hengende-engel-glass-regnbue-sjablong.jpg","type":"image\/jpeg"}],"twitter_card":"summary_large_image","twitter_misc":{"Price":"Kr&nbsp;199,&ndash;","Availability":"In stock"},"schema":{"@context":"https:\/\/schema.org","@graph":[{"@type":"WebPage","@id":"https:\/\/kirkensbymisjon.no\/nettbutikk\/produkt\/engel-i-glass-regnbue-sjablong\/","url":"https:\/\/kirkensbymisjon.no\/nettbutikk\/produkt\/engel-i-glass-regnbue-sjablong\/","name":"Engel i glass - regnbue sjablong - Nettbutikk","isPartOf":{"@id":"https:\/\/kirkensbymisjon.no\/nettbutikk\/#website"},"primaryImageOfPage":{"@id":"https:\/\/kirkensbymisjon.no\/nettbutikk\/produkt\/engel-i-glass-regnbue-sjablong\/#primaryimage"},"image":{"@id":"https:\/\/kirkensbymisjon.no\/nettbutikk\/produkt\/engel-i-glass-regnbue-sjablong\/#primaryimage"},"thumbnailUrl":"https:\/\/kirkensbymisjon.no\/content\/uploads\/sites\/123\/2024\/08\/hengende-engel-glass-regnbue-sjablong.jpg","datePublished":"2024-08-13T13:01:30+00:00","dateModified":"2026-05-06T12:19:39+00:00","breadcrumb":{"@id":"https:\/\/kirkensbymisjon.no\/nettbutikk\/produkt\/engel-i-glass-regnbue-sjablong\/#breadcrumb"},"inLanguage":"nb-NO","potentialAction":[{"@type":"ReadAction","target":["https:\/\/kirkensbymisjon.no\/nettbutikk\/produkt\/engel-i-glass-regnbue-sjablong\/"]}]},{"@type":"ImageObject","inLanguage":"nb-NO","@id":"https:\/\/kirkensbymisjon.no\/nettbutikk\/produkt\/engel-i-glass-regnbue-sjablong\/#primaryimage","url":"https:\/\/kirkensbymisjon.no\/content\/uploads\/sites\/123\/2024\/08\/hengende-engel-glass-regnbue-sjablong.jpg","contentUrl":"https:\/\/kirkensbymisjon.no\/content\/uploads\/sites\/123\/2024\/08\/hengende-engel-glass-regnbue-sjablong.jpg","width":1000,"height":1000},{"@type":"BreadcrumbList","@id":"https:\/\/kirkensbymisjon.no\/nettbutikk\/produkt\/engel-i-glass-regnbue-sjablong\/#breadcrumb","itemListElement":[{"@type":"ListItem","position":1,"name":"Hjem","item":"https:\/\/kirkensbymisjon.no\/nettbutikk\/"},{"@type":"ListItem","position":2,"name":"Butikk","item":"https:\/\/kirkensbymisjon.no\/nettbutikk\/butikk\/"},{"@type":"ListItem","position":3,"name":"Engel i glass &#8211; regnbue sjablong"}]},{"@type":"WebSite","@id":"https:\/\/kirkensbymisjon.no\/nettbutikk\/#website","url":"https:\/\/kirkensbymisjon.no\/nettbutikk\/","name":"Nettbutikk","description":"","potentialAction":[{"@type":"SearchAction","target":{"@type":"EntryPoint","urlTemplate":"https:\/\/kirkensbymisjon.no\/nettbutikk\/?s={search_term_string}"},"query-input":{"@type":"PropertyValueSpecification","valueRequired":true,"valueName":"search_term_string"}}],"inLanguage":"nb-NO"}]},"product_price_amount":"199.00","product_price_currency":"NOK","og_availability":"instock","product_availability":"instock","product_retailer_item_id":"E1010","product_condition":"new"},"_links":{"self":[{"href":"https:\/\/kirkensbymisjon.no\/nettbutikk\/wp-json\/wp\/v2\/product\/750","targetHints":{"allow":["GET"]}}],"collection":[{"href":"https:\/\/kirkensbymisjon.no\/nettbutikk\/wp-json\/wp\/v2\/product"}],"about":[{"href":"https:\/\/kirkensbymisjon.no\/nettbutikk\/wp-json\/wp\/v2\/types\/product"}],"wp:featuredmedia":[{"embeddable":true,"href":"https:\/\/kirkensbymisjon.no\/nettbutikk\/wp-json\/wp\/v2\/media\/796"}],"wp:attachment":[{"href":"https:\/\/kirkensbymisjon.no\/nettbutikk\/wp-json\/wp\/v2\/media?parent=750"}],"wp:term":[{"taxonomy":"product_brand","embeddable":true,"href":"https:\/\/kirkensbymisjon.no\/nettbutikk\/wp-json\/wp\/v2\/product_brand?post=750"},{"taxonomy":"product_cat","embeddable":true,"href":"https:\/\/kirkensbymisjon.no\/nettbutikk\/wp-json\/wp\/v2\/product_cat?post=750"},{"taxonomy":"product_tag","embeddable":true,"href":"https:\/\/kirkensbymisjon.no\/nettbutikk\/wp-json\/wp\/v2\/product_tag?post=750"}],"curies":[{"name":"wp","href":"https:\/\/api.w.org\/{rel}","templated":true}]}}