{"id":778,"date":"2024-08-08T15:02:01","date_gmt":"2024-08-08T13:02:01","guid":{"rendered":"https:\/\/kirkensbymisjon.no\/nettbutikk\/?post_type=product&#038;p=778"},"modified":"2026-04-23T15:27:24","modified_gmt":"2026-04-23T13:27:24","slug":"snoklokke-i-glass","status":"publish","type":"product","link":"https:\/\/kirkensbymisjon.no\/nettbutikk\/produkt\/snoklokke-i-glass\/","title":{"rendered":"Sn\u00f8klokke i glass"},"content":{"rendered":"<p>Sn\u00f8klokken er romantisk og nostalgisk og henger flott p\u00e5 treet eller i vinduet. Hver sn\u00f8klokke er n\u00f8ye kuttet og montert f\u00f8r den smeltes og formes i glassovnen v\u00e5r. Her f\u00e5r du et vakkert designprodukt samtidig som du st\u00f8tter Kirkens Bymisjons arbeid for \u00e5 skape arbeidsplasser for mennesker som strever med rus. Sn\u00f8klokkene er laget ved verkstedet I jobb, <a href=\"https:\/\/kirkensbymisjon.no\/nettbutikk\/produktkategori\/verksteder\/i-jobb-oslo\/\">Oslo<\/a>.<\/p>\n<p>Sn\u00f8klokken er ca 3 cm h\u00f8y og leveres med oppheng i satengb\u00e5nd. De er pakket i silkepapir og leveres i en gaveeske. Selges enkeltvis.<\/p>\n","protected":false},"excerpt":{"rendered":"<p>H\u00e5ndlaget dekorasjon i glass. 3 cm h\u00f8y, leveres med satengb\u00e5nd i en gaveeske. Pris pr&hellip;<\/p>\n","protected":false},"featured_media":41792,"template":"","meta":{"_relevanssi_hide_post":"","_relevanssi_hide_content":"","_relevanssi_pin_for_all":"","_relevanssi_pin_keywords":"","_relevanssi_unpin_keywords":"","_relevanssi_related_keywords":"","_relevanssi_related_include_ids":"","_relevanssi_related_exclude_ids":"","_relevanssi_related_no_append":"","_relevanssi_related_not_related":"","_relevanssi_related_posts":"","_relevanssi_noindex_reason":""},"product_brand":[],"product_cat":[56,49,86,30],"product_tag":[99,75],"class_list":{"0":"post-778","1":"product","2":"type-product","3":"status-publish","4":"has-post-thumbnail","6":"product_cat-i-jobb-oslo","7":"product_cat-juleprodukter","8":"product_cat-paskeprodukter","9":"product_cat-pynt-og-dekor","10":"product_tag-bestselger","11":"product_tag-glass","12":"member-discount","13":"discount-restricted","15":"first","16":"instock","17":"purchasable","18":"product-type-simple"},"yoast_head":"<!-- This site is optimized with the Yoast SEO Premium plugin v27.2 (Yoast SEO v27.4) - https:\/\/yoast.com\/product\/yoast-seo-premium-wordpress\/ -->\n<title>Sn\u00f8klokke i glass - Nettbutikk<\/title>\n<meta name=\"robots\" content=\"index, follow, max-snippet:-1, max-image-preview:large, max-video-preview:-1\" \/>\n<link rel=\"canonical\" href=\"https:\/\/kirkensbymisjon.no\/nettbutikk\/produkt\/snoklokke-i-glass\/\" \/>\n<meta property=\"og:locale\" content=\"nb_NO\" \/>\n<meta property=\"og:type\" content=\"article\" \/>\n<meta property=\"og:title\" content=\"Sn\u00f8klokke i glass\" \/>\n<meta property=\"og:description\" content=\"H\u00e5ndlaget dekorasjon i glass. 3 cm h\u00f8y, leveres med satengb\u00e5nd i en gaveeske. Pris pr&hellip;\" \/>\n<meta property=\"og:url\" content=\"https:\/\/kirkensbymisjon.no\/nettbutikk\/produkt\/snoklokke-i-glass\/\" \/>\n<meta property=\"og:site_name\" content=\"Nettbutikk\" \/>\n<meta property=\"article:modified_time\" content=\"2026-04-23T13:27:24+00:00\" \/>\n<meta property=\"og:image\" content=\"https:\/\/kirkensbymisjon.no\/content\/uploads\/sites\/123\/2026\/02\/Snoklokke_lysebla.png\" \/>\n\t<meta property=\"og:image:width\" content=\"1024\" \/>\n\t<meta property=\"og:image:height\" content=\"1024\" \/>\n\t<meta property=\"og:image:type\" content=\"image\/png\" \/>\n<meta name=\"twitter:card\" content=\"summary_large_image\" \/>\n<meta name=\"twitter:label1\" content=\"Price\" \/>\n\t<meta name=\"twitter:data1\" content=\"Kr&nbsp;165,&ndash;\" \/>\n\t<meta name=\"twitter:label2\" content=\"Availability\" \/>\n\t<meta name=\"twitter:data2\" content=\"In stock\" \/>\n<script type=\"application\/ld+json\" class=\"yoast-schema-graph\">{\"@context\":\"https:\\\/\\\/schema.org\",\"@graph\":[{\"@type\":\"WebPage\",\"@id\":\"https:\\\/\\\/kirkensbymisjon.no\\\/nettbutikk\\\/produkt\\\/snoklokke-i-glass\\\/\",\"url\":\"https:\\\/\\\/kirkensbymisjon.no\\\/nettbutikk\\\/produkt\\\/snoklokke-i-glass\\\/\",\"name\":\"Sn\u00f8klokke i glass - Nettbutikk\",\"isPartOf\":{\"@id\":\"https:\\\/\\\/kirkensbymisjon.no\\\/nettbutikk\\\/#website\"},\"primaryImageOfPage\":{\"@id\":\"https:\\\/\\\/kirkensbymisjon.no\\\/nettbutikk\\\/produkt\\\/snoklokke-i-glass\\\/#primaryimage\"},\"image\":{\"@id\":\"https:\\\/\\\/kirkensbymisjon.no\\\/nettbutikk\\\/produkt\\\/snoklokke-i-glass\\\/#primaryimage\"},\"thumbnailUrl\":\"https:\\\/\\\/kirkensbymisjon.no\\\/content\\\/uploads\\\/sites\\\/123\\\/2026\\\/02\\\/Snoklokke_lysebla.png\",\"datePublished\":\"2024-08-08T13:02:01+00:00\",\"dateModified\":\"2026-04-23T13:27:24+00:00\",\"breadcrumb\":{\"@id\":\"https:\\\/\\\/kirkensbymisjon.no\\\/nettbutikk\\\/produkt\\\/snoklokke-i-glass\\\/#breadcrumb\"},\"inLanguage\":\"nb-NO\",\"potentialAction\":[{\"@type\":\"ReadAction\",\"target\":[\"https:\\\/\\\/kirkensbymisjon.no\\\/nettbutikk\\\/produkt\\\/snoklokke-i-glass\\\/\"]}]},{\"@type\":\"ImageObject\",\"inLanguage\":\"nb-NO\",\"@id\":\"https:\\\/\\\/kirkensbymisjon.no\\\/nettbutikk\\\/produkt\\\/snoklokke-i-glass\\\/#primaryimage\",\"url\":\"https:\\\/\\\/kirkensbymisjon.no\\\/content\\\/uploads\\\/sites\\\/123\\\/2026\\\/02\\\/Snoklokke_lysebla.png\",\"contentUrl\":\"https:\\\/\\\/kirkensbymisjon.no\\\/content\\\/uploads\\\/sites\\\/123\\\/2026\\\/02\\\/Snoklokke_lysebla.png\",\"width\":1024,\"height\":1024},{\"@type\":\"BreadcrumbList\",\"@id\":\"https:\\\/\\\/kirkensbymisjon.no\\\/nettbutikk\\\/produkt\\\/snoklokke-i-glass\\\/#breadcrumb\",\"itemListElement\":[{\"@type\":\"ListItem\",\"position\":1,\"name\":\"Hjem\",\"item\":\"https:\\\/\\\/kirkensbymisjon.no\\\/nettbutikk\\\/\"},{\"@type\":\"ListItem\",\"position\":2,\"name\":\"Butikk\",\"item\":\"https:\\\/\\\/kirkensbymisjon.no\\\/nettbutikk\\\/butikk\\\/\"},{\"@type\":\"ListItem\",\"position\":3,\"name\":\"Sn\u00f8klokke i glass\"}]},{\"@type\":\"WebSite\",\"@id\":\"https:\\\/\\\/kirkensbymisjon.no\\\/nettbutikk\\\/#website\",\"url\":\"https:\\\/\\\/kirkensbymisjon.no\\\/nettbutikk\\\/\",\"name\":\"Nettbutikk\",\"description\":\"\",\"potentialAction\":[{\"@type\":\"SearchAction\",\"target\":{\"@type\":\"EntryPoint\",\"urlTemplate\":\"https:\\\/\\\/kirkensbymisjon.no\\\/nettbutikk\\\/?s={search_term_string}\"},\"query-input\":{\"@type\":\"PropertyValueSpecification\",\"valueRequired\":true,\"valueName\":\"search_term_string\"}}],\"inLanguage\":\"nb-NO\"}]}<\/script>\n<meta property=\"product:price:amount\" content=\"165.00\" \/>\n<meta property=\"product:price:currency\" content=\"NOK\" \/>\n<meta property=\"og:availability\" content=\"instock\" \/>\n<meta property=\"product:availability\" content=\"instock\" \/>\n<meta property=\"product:retailer_item_id\" content=\"E1106\" \/>\n<meta property=\"product:condition\" content=\"new\" \/>\n<!-- \/ Yoast SEO Premium plugin. -->","yoast_head_json":{"title":"Sn\u00f8klokke i glass - Nettbutikk","robots":{"index":"index","follow":"follow","max-snippet":"max-snippet:-1","max-image-preview":"max-image-preview:large","max-video-preview":"max-video-preview:-1"},"canonical":"https:\/\/kirkensbymisjon.no\/nettbutikk\/produkt\/snoklokke-i-glass\/","og_locale":"nb_NO","og_type":"article","og_title":"Sn\u00f8klokke i glass","og_description":"H\u00e5ndlaget dekorasjon i glass. 3 cm h\u00f8y, leveres med satengb\u00e5nd i en gaveeske. Pris pr&hellip;","og_url":"https:\/\/kirkensbymisjon.no\/nettbutikk\/produkt\/snoklokke-i-glass\/","og_site_name":"Nettbutikk","article_modified_time":"2026-04-23T13:27:24+00:00","og_image":[{"width":1024,"height":1024,"url":"https:\/\/kirkensbymisjon.no\/content\/uploads\/sites\/123\/2026\/02\/Snoklokke_lysebla.png","type":"image\/png"}],"twitter_card":"summary_large_image","twitter_misc":{"Price":"Kr&nbsp;165,&ndash;","Availability":"In stock"},"schema":{"@context":"https:\/\/schema.org","@graph":[{"@type":"WebPage","@id":"https:\/\/kirkensbymisjon.no\/nettbutikk\/produkt\/snoklokke-i-glass\/","url":"https:\/\/kirkensbymisjon.no\/nettbutikk\/produkt\/snoklokke-i-glass\/","name":"Sn\u00f8klokke i glass - Nettbutikk","isPartOf":{"@id":"https:\/\/kirkensbymisjon.no\/nettbutikk\/#website"},"primaryImageOfPage":{"@id":"https:\/\/kirkensbymisjon.no\/nettbutikk\/produkt\/snoklokke-i-glass\/#primaryimage"},"image":{"@id":"https:\/\/kirkensbymisjon.no\/nettbutikk\/produkt\/snoklokke-i-glass\/#primaryimage"},"thumbnailUrl":"https:\/\/kirkensbymisjon.no\/content\/uploads\/sites\/123\/2026\/02\/Snoklokke_lysebla.png","datePublished":"2024-08-08T13:02:01+00:00","dateModified":"2026-04-23T13:27:24+00:00","breadcrumb":{"@id":"https:\/\/kirkensbymisjon.no\/nettbutikk\/produkt\/snoklokke-i-glass\/#breadcrumb"},"inLanguage":"nb-NO","potentialAction":[{"@type":"ReadAction","target":["https:\/\/kirkensbymisjon.no\/nettbutikk\/produkt\/snoklokke-i-glass\/"]}]},{"@type":"ImageObject","inLanguage":"nb-NO","@id":"https:\/\/kirkensbymisjon.no\/nettbutikk\/produkt\/snoklokke-i-glass\/#primaryimage","url":"https:\/\/kirkensbymisjon.no\/content\/uploads\/sites\/123\/2026\/02\/Snoklokke_lysebla.png","contentUrl":"https:\/\/kirkensbymisjon.no\/content\/uploads\/sites\/123\/2026\/02\/Snoklokke_lysebla.png","width":1024,"height":1024},{"@type":"BreadcrumbList","@id":"https:\/\/kirkensbymisjon.no\/nettbutikk\/produkt\/snoklokke-i-glass\/#breadcrumb","itemListElement":[{"@type":"ListItem","position":1,"name":"Hjem","item":"https:\/\/kirkensbymisjon.no\/nettbutikk\/"},{"@type":"ListItem","position":2,"name":"Butikk","item":"https:\/\/kirkensbymisjon.no\/nettbutikk\/butikk\/"},{"@type":"ListItem","position":3,"name":"Sn\u00f8klokke i glass"}]},{"@type":"WebSite","@id":"https:\/\/kirkensbymisjon.no\/nettbutikk\/#website","url":"https:\/\/kirkensbymisjon.no\/nettbutikk\/","name":"Nettbutikk","description":"","potentialAction":[{"@type":"SearchAction","target":{"@type":"EntryPoint","urlTemplate":"https:\/\/kirkensbymisjon.no\/nettbutikk\/?s={search_term_string}"},"query-input":{"@type":"PropertyValueSpecification","valueRequired":true,"valueName":"search_term_string"}}],"inLanguage":"nb-NO"}]},"product_price_amount":"165.00","product_price_currency":"NOK","og_availability":"instock","product_availability":"instock","product_retailer_item_id":"E1106","product_condition":"new"},"_links":{"self":[{"href":"https:\/\/kirkensbymisjon.no\/nettbutikk\/wp-json\/wp\/v2\/product\/778","targetHints":{"allow":["GET"]}}],"collection":[{"href":"https:\/\/kirkensbymisjon.no\/nettbutikk\/wp-json\/wp\/v2\/product"}],"about":[{"href":"https:\/\/kirkensbymisjon.no\/nettbutikk\/wp-json\/wp\/v2\/types\/product"}],"wp:featuredmedia":[{"embeddable":true,"href":"https:\/\/kirkensbymisjon.no\/nettbutikk\/wp-json\/wp\/v2\/media\/41792"}],"wp:attachment":[{"href":"https:\/\/kirkensbymisjon.no\/nettbutikk\/wp-json\/wp\/v2\/media?parent=778"}],"wp:term":[{"taxonomy":"product_brand","embeddable":true,"href":"https:\/\/kirkensbymisjon.no\/nettbutikk\/wp-json\/wp\/v2\/product_brand?post=778"},{"taxonomy":"product_cat","embeddable":true,"href":"https:\/\/kirkensbymisjon.no\/nettbutikk\/wp-json\/wp\/v2\/product_cat?post=778"},{"taxonomy":"product_tag","embeddable":true,"href":"https:\/\/kirkensbymisjon.no\/nettbutikk\/wp-json\/wp\/v2\/product_tag?post=778"}],"curies":[{"name":"wp","href":"https:\/\/api.w.org\/{rel}","templated":true}]}}