{"id":2,"date":"2024-06-17T15:49:45","date_gmt":"2024-06-17T13:49:45","guid":{"rendered":"https:\/\/kirkensbymisjon.no\/tilbud-a-senteret\/?page_id=2"},"modified":"2026-01-06T11:43:32","modified_gmt":"2026-01-06T10:43:32","slug":"forside","status":"publish","type":"page","link":"https:\/\/kirkensbymisjon.no\/tilbud-a-senteret\/","title":{"rendered":"Forside"},"content":{"rendered":"\n<h3 class=\"wp-block-heading\" id=\"h-ny-beliggenhet-for-poliklinikken\">Ny beliggenhet for poliklinikken<\/h3>\n\n\n\n<p>Poliklinikken har flyttet inn i nyoppussede lokaler i Myrens verksted 2, cirka syv minutters gange fra v\u00e5re lokaler p\u00e5 Bj\u00f8lsen. <strong><a href=\"https:\/\/kirkensbymisjon.no\/tilbud-a-senteret\/kontaktinformasjon\/#poliklinikk\">Slik finner du fram<\/a>.<\/strong><\/p>\n\n\n\n<div class=\"wp-block-media-text alignwide is-stacked-on-mobile is-style-filled\"><figure class=\"wp-block-media-text__media\"><img loading=\"lazy\" decoding=\"async\" width=\"452\" height=\"301\" src=\"https:\/\/kirkensbymisjon.no\/content\/uploads\/sites\/24\/2024\/08\/tilbud_a-senter_03.jpg\" alt=\"Person i behandling p\u00e5 A-senteret\" class=\"wp-image-73 size-full\" srcset=\"https:\/\/kirkensbymisjon.no\/content\/uploads\/sites\/24\/2024\/08\/tilbud_a-senter_03.jpg 452w, https:\/\/kirkensbymisjon.no\/content\/uploads\/sites\/24\/2024\/08\/tilbud_a-senter_03-300x200.jpg 300w\" sizes=\"auto, (max-width: 452px) 100vw, 452px\" \/><\/figure><div class=\"wp-block-media-text__content\">\n<h2 class=\"wp-block-heading\" id=\"h-sok-plass\">S\u00f8k plass<\/h2>\n\n\n\n<p>Vi tilbyr poliklinisk behandling, korttids d\u00f8gnbehandling (inntil 3 m\u00e5neder)&nbsp;og&nbsp;langtids d\u00f8gnbehandling (inntil 12 m\u00e5neder). Sistnevnte tilbud gis ved v\u00e5r avdeling Villa Berg.<\/p>\n\n\n\n<p><a href=\"\/tilbud-a-senteret\/om-senteret\/\">Les mer om v\u00e5rt tilbud og hvordan du kan s\u00f8ke plass hos oss<\/a><\/p>\n<\/div><\/div>\n\n\n\t<div class=\"alignwide wp-block-kbm-link-list\">\n\t\t<div class=\"kbm-link-list__items\">\n\t\t\t\n<a class=\"wp-block-kbm-link-list-item\" href=\"\/tilbud-a-senteret\/dognavdeling\/\">\t<svg xmlns=\"http:\/\/www.w3.org\/2000\/svg\" viewBox=\"0 0 48 48\" height=\"24\" width=\"24\" class=\"t2-icon t2-icon-clock\" aria-hidden=\"true\" focusable=\"false\"><path d=\"M21.603 2.083C17.269 2.502 13.413 4.06 10 6.772 9.127 7.466 7.466 9.127 6.772 10 3.108 14.61 1.463 20.347 2.16 26.08c.977 8.028 6.423 14.877 14.021 17.631 4.222 1.531 9.045 1.674 13.417.399 7.555-2.203 13.457-8.65 14.968-16.35.531-2.704.527-5.929-.01-8.589-.755-3.734-2.599-7.356-5.145-10.106-3.583-3.869-7.96-6.167-13.091-6.872-1.052-.145-3.714-.207-4.717-.11m4.047 4.28c4.714.618 8.866 3.038 11.7 6.818 4.586 6.117 4.577 14.487-.023 20.657-2.711 3.636-6.811 6.071-11.407 6.773-1.247.191-3.548.191-4.8.001-5.049-.766-9.312-3.49-12.101-7.732-1.761-2.679-2.776-6.093-2.778-9.343a17.255 17.255 0 0 1 9.698-15.54c1.718-.84 3.801-1.465 5.547-1.664 1.045-.119 3.142-.104 4.164.03m-.363 1.825c-.416.141-.578.424-.647 1.132-.066.673-.194.917-.639 1.22-.191.13-.381.18-.681.18-.847 0-1.392-.664-1.398-1.706-.002-.351-.314-.729-.677-.82-.519-.13-2.885.547-4.343 1.244-3.296 1.574-5.748 3.992-7.347 7.242-.714 1.453-1.395 3.62-1.395 4.443 0 .594.425.957 1.119.957 1.143 0 1.833.99 1.362 1.955-.236.484-.613.702-1.31.759-.612.05-.937.198-1.099.5-.272.509.302 2.856 1.156 4.727 1.216 2.662 3.427 5.15 5.972 6.72.869.536 2.312 1.21 3.28 1.531 1.041.346 2.435.634 2.766.572.488-.091.754-.562.754-1.332 0-.581.136-.93.473-1.214.568-.477 1.285-.455 1.796.056.311.311.451.773.451 1.488 0 .433.027.517.23.72.338.339.565.363 1.521.165a15.612 15.612 0 0 0 11.162-9.154c.446-1.045.779-2.145.966-3.192.167-.933.123-1.258-.208-1.536-.203-.171-.324-.205-.737-.205-.693-.001-1.083-.131-1.426-.473-.449-.449-.506-1.081-.151-1.664.227-.372.693-.583 1.288-.583.831 0 1.276-.341 1.274-.976 0-.145-.073-.57-.161-.944C37.161 13.773 32.135 9.128 25.8 8.133a1.285 1.285 0 0 0-.513.055m-6.624 10.646c.141.062 1.301 1.11 2.577 2.328 1.276 1.218 2.403 2.247 2.505 2.286.102.04.308.072.457.072.315 0 .451-.106 1.781-1.381.496-.475.993-.9 1.105-.942.483-.184 1.053.002 1.284.418.056.102.104.343.105.535.003.329-.03.383-.541.88-1.445 1.409-3.194 3.036-3.351 3.118-.257.135-.755.111-.994-.049-.298-.198-6.14-5.769-6.234-5.944-.24-.449.015-1.103.516-1.321.32-.139.475-.139.79 0\"\/><\/svg>\t<div class=\"kbm-link-list-item__content\">\n\t\t<p class=\"kbm-link-list-item__title\">D\u00f8gnavdeling<\/p>\n\t\t\t\t\t<p class=\"kbm-link-list-item__description\">D\u00f8gnavdelingen er et behandlingssted for kvinner og menn, som ligger sentralt p\u00e5 Bj\u00f8lsen i Oslo. Vi har 26 plasser.<\/p>\n\t\t\t<\/div>\n\t<\/a>\n\n<a class=\"wp-block-kbm-link-list-item\" href=\"\/tilbud-a-senteret\/poliklinikk\/\">\t<svg xmlns=\"http:\/\/www.w3.org\/2000\/svg\" viewBox=\"0 0 48 48\" height=\"24\" width=\"24\" class=\"t2-icon t2-icon-alarm\" aria-hidden=\"true\" focusable=\"false\"><path d=\"M11.024 5.126c-2.385.253-4.607 1.942-5.505 4.183-.386.964-.505 1.699-.461 2.851.033.852.076 1.112.295 1.758.586 1.733 1.659 3.034 2.51 3.04.539.005.783-.209 4.802-4.221 2.192-2.187 4.037-4.074 4.1-4.193.063-.119.115-.389.115-.6-.001-.48-.218-.851-.76-1.301-1.384-1.15-3.266-1.71-5.096-1.517m23.761.037a7.958 7.958 0 0 0-2.117.85c-.553.334-1.355 1.052-1.511 1.352-.137.265-.152.769-.033 1.09.124.334 7.96 8.165 8.356 8.351.826.388 1.507.011 2.391-1.321.783-1.179 1.125-2.456 1.063-3.965-.051-1.204-.178-1.709-.696-2.76a6.465 6.465 0 0 0-2.998-2.998c-.44-.217-1.016-.453-1.28-.525-.687-.187-2.485-.228-3.175-.074m-12.324 5.326c-5.571.537-10.527 4.35-12.492 9.61-.376 1.006-.734 2.482-.855 3.516-.137 1.18-.056 3.395.164 4.501.524 2.636 1.847 5.312 3.509 7.102.211.227.333.425.306.496-.024.065-.912 1.273-1.972 2.685-1.06 1.411-1.962 2.658-2.004 2.769-.325.856.317 1.798 1.235 1.812.693.01.784-.08 2.907-2.903l1.972-2.622.445.301c.717.485 1.587.955 2.455 1.327a14.822 14.822 0 0 0 8.774.913c1.725-.349 3.767-1.18 5.151-2.097l.657-.435 1.919 2.539c1.056 1.396 2.016 2.614 2.133 2.707.975.767 2.426-.173 2.112-1.37-.064-.246-.646-1.079-2.092-2.998l-2.003-2.659.252-.301c1.712-2.049 2.601-3.619 3.238-5.721 1.16-3.829.716-8.104-1.194-11.501-2.978-5.298-8.604-8.251-14.617-7.671m2.101 5.531c.196.099.438.302.537.452l.181.272V25.813l-.331.474c-.758 1.081-4.024 5.367-4.218 5.534-.64.55-1.643.317-2.058-.477-.13-.249-.148-.762-.036-1.055.042-.111.96-1.379 2.04-2.818l1.963-2.617.001-4.007c.002-3.999.002-4.008.181-4.327.201-.36.736-.68 1.138-.68.135 0 .406.081.602.18\"\/><\/svg>\t<div class=\"kbm-link-list-item__content\">\n\t\t<p class=\"kbm-link-list-item__title\">Poliklinikk<\/p>\n\t\t\t\t\t<p class=\"kbm-link-list-item__description\">En tverrfaglig, sammensatt stab med sosialfaglig, medisinsk og psykologfaglig kompetanse. Fokus p\u00e5 individualsamtalene.<\/p>\n\t\t\t<\/div>\n\t<\/a>\n\n<a class=\"wp-block-kbm-link-list-item\" href=\"\/tilbud-villa-berg\/\">\t<svg xmlns=\"http:\/\/www.w3.org\/2000\/svg\" viewBox=\"0 0 48 48\" height=\"24\" width=\"24\" class=\"t2-icon t2-icon-housing\" aria-hidden=\"true\" focusable=\"false\"><path d=\"M23.546 3.463c-.096.053-4.748 4.237-10.338 9.297l-10.164 9.2 2.478.021L8 22.002v11.087c0 10.096.012 11.111.131 11.362.256.541.306.549 3.393.549 3.033 0 3.006.004 3.335-.498.131-.199.144-.674.181-6.605l.04-6.39.261-.234.262-.233h2.842c3.152 0 3.185.005 3.424.509.118.247.131.901.131 6.451 0 6.834-.019 6.573.511 6.864.23.126.873.136 8.489.136 7.616 0 8.259-.01 8.489-.136.546-.299.511.504.511-11.775V22.002l2.477-.021 2.478-.021-10.128-9.16c-5.57-5.038-10.222-9.223-10.337-9.299-.242-.161-.691-.179-.944-.038\"\/><\/svg>\t<div class=\"kbm-link-list-item__content\">\n\t\t<p class=\"kbm-link-list-item__title\">Villa Berg<\/p>\n\t\t\t\t\t<p class=\"kbm-link-list-item__description\">Langtidsbehandling p\u00e5 Berg i Oslo for menn med problemer knyttet til bruk av rusmidler. Villa Berg har 12 beboerrom.<\/p>\n\t\t\t<\/div>\n\t<\/a>\n\t\t<\/div>\n\t<\/div>\n\t\n\n\t<div class=\"alignwide wp-block-kbm-link-list\">\n\t\t<div class=\"kbm-link-list__items\">\n\t\t\t\n<a class=\"wp-block-kbm-link-list-item\" href=\"\/tilbud-a-senteret\/depresjonskurs\/\">\t<svg xmlns=\"http:\/\/www.w3.org\/2000\/svg\" viewBox=\"0 0 48 48\" height=\"24\" width=\"24\" class=\"t2-icon t2-icon-conversations\" aria-hidden=\"true\" focusable=\"false\"><path d=\"M17.32 3.094c-5.657.702-10.128 3.89-11.592 8.266-.429 1.281-.554 2.15-.503 3.48.091 2.359.84 4.177 2.637 6.4l.194.24-1.547 2.48a1047.26 1047.26 0 0 0-2.025 3.256l-.477.776 2.297-.788c1.263-.433 3.316-1.138 4.562-1.568l2.266-.78.934.293c1.466.46 1.347.473 1.814-.197 2.253-3.232 6.618-5.596 11.23-6.078.871-.091 3.664-.057 4.456.054l.326.046.22-.49c.601-1.341.867-2.55.87-3.964.003-1.161-.111-1.889-.471-3-.548-1.693-1.441-3.086-2.858-4.456-2.194-2.121-5.095-3.478-8.345-3.904-.83-.109-3.313-.15-3.988-.066m9.974 16.986c-4.999.527-9.314 3.225-11.195 7-1.41 2.83-1.427 5.935-.047 8.712 2.876 5.789 10.846 8.631 17.838 6.361l.97-.315 4.51 1.553c2.481.855 4.521 1.543 4.534 1.53.014-.013-.878-1.472-1.981-3.242l-2.005-3.219.429-.53c1.19-1.471 1.904-2.945 2.27-4.685.168-.797.184-2.557.031-3.405-.236-1.313-.826-2.755-1.62-3.96-.612-.929-2.306-2.599-3.308-3.26-1.897-1.254-4.01-2.062-6.32-2.418-.979-.151-3.203-.217-4.106-.122\"\/><\/svg>\t<div class=\"kbm-link-list-item__content\">\n\t\t<p class=\"kbm-link-list-item__title\">Depresjonskurs<\/p>\n\t\t\t\t\t<p class=\"kbm-link-list-item__description\">Tilbakefall ved depresjon er et stort helseproblemer. Vi tilbyr kurs om mestring og forebygging av depresjon.<\/p>\n\t\t\t<\/div>\n\t<\/a>\n\n<a class=\"wp-block-kbm-link-list-item\" href=\"\/tilbud-a-senteret\/parorendekurs\/\">\t<svg xmlns=\"http:\/\/www.w3.org\/2000\/svg\" viewBox=\"0 0 48 48\" height=\"24\" width=\"24\" class=\"t2-icon t2-icon-cafeactivitycenter\" aria-hidden=\"true\" focusable=\"false\"><path d=\"M7.327 4.126a2.014 2.014 0 0 0-1.065.897L6.04 5.4l-.022 14.16c-.024 15.444-.037 14.942.428 16.566.112.393.398 1.119.635 1.614 1.505 3.15 4.26 5.295 7.799 6.071.626.137 1.109.149 6.12.149 5.007 0 5.494-.012 6.12-.149 4.2-.919 7.34-3.844 8.479-7.899.199-.709.4-1.962.401-2.501 0-.367.011-.386.18-.336 1.492.443 3.284.482 4.42.094a6.22 6.22 0 0 0 2.331-1.43c.975-.926 1.553-1.919 1.893-3.251.174-.682.176-.749.176-7.488 0-6.739-.002-6.806-.176-7.488-.346-1.358-.927-2.34-1.953-3.306-.77-.724-1.91-1.334-2.871-1.536-.798-.168-2.423-.107-3.313.125a17.55 17.55 0 0 1-.66.165c-.015 0-.027-.732-.027-1.626 0-1.897-.067-2.206-.598-2.736-.647-.647.53-.599-14.436-.592-11.357.004-13.372.022-13.639.12m32.568 8.038c.583.284 1.117.84 1.441 1.501l.224.455V27.8l-.214.457c-.301.641-.844 1.194-1.447 1.473-.446.205-.584.23-1.299.228-1.005-.002-1.768-.218-2.262-.641L36 29.028V12.991l.26-.251c.347-.335 1.202-.725 1.786-.816.71-.11 1.285-.035 1.849.24\"\/><\/svg>\t<div class=\"kbm-link-list-item__content\">\n\t\t<p class=\"kbm-link-list-item__title\">P\u00e5r\u00f8rendekurs<\/p>\n\t\t\t\t\t<p class=\"kbm-link-list-item__description\">Hvert halv\u00e5r inviterer vi til \u00e5pent kurs over fire kvelder for p\u00e5r\u00f8rende til personer med rusmiddelproblemer. Kurset er gratis og du trenger ingen henvisning.<\/p>\n\t\t\t<\/div>\n\t<\/a>\n\n<a class=\"wp-block-kbm-link-list-item\" href=\"\/tilbud-a-senteret\/om-senteret\/#skeiv-rus\">\t<svg xmlns=\"http:\/\/www.w3.org\/2000\/svg\" viewBox=\"0 0 48 48\" height=\"24\" width=\"24\" class=\"t2-icon t2-icon-substanceabuse\" aria-hidden=\"true\" focusable=\"false\"><path d=\"M12.56 9.154c-1.341.298-2.645 1.02-3.574 1.979C7.697 12.465 7.02 14.139 7.02 16c0 1.434.389 2.738 1.147 3.847 1.839 2.689 5.013 3.786 8.045 2.781 2.343-.777 4.141-2.82 4.672-5.308.157-.736.12-2.2-.074-2.939-.374-1.42-.887-2.311-1.927-3.341-.989-.98-2.132-1.604-3.441-1.88-.683-.143-2.248-.147-2.882-.006m19.96.013c-.635.139-1.595.533-2.262.927-.582.343-1.821 1.582-2.164 2.164-.801 1.355-1.097 2.524-1.03 4.056.053 1.203.179 1.707.694 2.766a6.659 6.659 0 0 0 3.162 3.162c1.198.583 1.617.675 3.08.675s1.882-.092 3.08-.675a6.878 6.878 0 0 0 2.325-1.823c.5-.602 1.152-1.869 1.369-2.659.108-.395.143-.818.143-1.76 0-1.463-.092-1.882-.675-3.08a6.878 6.878 0 0 0-1.823-2.325c-.59-.49-1.865-1.151-2.619-1.357-.694-.191-2.555-.231-3.28-.071M8.438 28.079c-2.389.351-4.344 1.951-5.133 4.201l-.225.64-.024 3.02-.025 3.02h17.586l.048-1.06c.071-1.592.431-2.97 1.156-4.42.413-.828 1.123-1.894 1.7-2.553.219-.251.399-.497.399-.548 0-.149-.879-.956-1.44-1.322a7.39 7.39 0 0 0-1.133-.577c-1.197-.462-1.483-.481-7.257-.47-2.888.005-5.431.037-5.652.069m24.251.006c-1.748.203-3.4.813-4.929 1.82-.842.555-2.146 1.809-2.743 2.638-1.226 1.702-1.977 3.887-1.977 5.747v.67h21.92v-.67c0-1.861-.751-4.045-1.978-5.748-.523-.727-1.755-1.947-2.502-2.478-2.187-1.554-5.092-2.292-7.791-1.979\"\/><\/svg>\t<div class=\"kbm-link-list-item__content\">\n\t\t<p class=\"kbm-link-list-item__title\">Skeiv rus<\/p>\n\t\t\t\t\t<p class=\"kbm-link-list-item__description\">Korttids gruppetilbud for homofile menn som er bekymret over sin bruk av alkohol eller andre rusmidler.<\/p>\n\t\t\t<\/div>\n\t<\/a>\n\t\t<\/div>\n\t<\/div>\n\t","protected":false},"excerpt":{"rendered":"<p>Ny beliggenhet for poliklinikken Poliklinikken har flyttet inn i nyoppussede lokaler i Myrens verksted 2,&hellip;<\/p>\n","protected":false},"author":1,"featured_media":31,"parent":0,"menu_order":0,"comment_status":"closed","ping_status":"closed","template":"","meta":{"_relevanssi_hide_post":"","_relevanssi_hide_content":"","_relevanssi_pin_for_all":"","_relevanssi_pin_keywords":"","_relevanssi_unpin_keywords":"","_relevanssi_related_keywords":"","_relevanssi_related_include_ids":"","_relevanssi_related_exclude_ids":"","_relevanssi_related_no_append":"","_relevanssi_related_not_related":"","_relevanssi_related_posts":"1","_relevanssi_noindex_reason":"","editor_notices":[],"footnotes":""},"class_list":["post-2","page","type-page","status-publish","has-post-thumbnail","hentry"],"yoast_head":"<!-- This site is optimized with the Yoast SEO Premium plugin v27.2 (Yoast SEO v27.2) - https:\/\/yoast.com\/product\/yoast-seo-premium-wordpress\/ -->\n<title>Kirkens Bymisjon - A-senteret<\/title>\n<meta name=\"description\" content=\"A-senteret gir tilbud om vurdering, utredning og behandling til personer med rusmiddelproblemer.\" \/>\n<meta name=\"robots\" content=\"index, follow, max-snippet:-1, max-image-preview:large, max-video-preview:-1\" \/>\n<link rel=\"canonical\" href=\"https:\/\/kirkensbymisjon.no\/tilbud-a-senteret\/\" \/>\n<meta property=\"og:locale\" content=\"nb_NO\" \/>\n<meta property=\"og:type\" content=\"article\" \/>\n<meta property=\"og:title\" content=\"Forside\" \/>\n<meta property=\"og:description\" content=\"A-senteret gir tilbud om vurdering, utredning og behandling til personer med rusmiddelproblemer.\" \/>\n<meta property=\"og:url\" content=\"https:\/\/kirkensbymisjon.no\/tilbud-a-senteret\/\" \/>\n<meta property=\"og:site_name\" content=\"A-senteret\" \/>\n<meta property=\"article:modified_time\" content=\"2026-01-06T10:43:32+00:00\" \/>\n<meta property=\"og:image\" content=\"https:\/\/kirkensbymisjon.no\/content\/uploads\/sites\/24\/2024\/06\/Tilbud_A-senteret_01.jpeg\" \/>\n\t<meta property=\"og:image:width\" content=\"1000\" \/>\n\t<meta property=\"og:image:height\" content=\"500\" \/>\n\t<meta property=\"og:image:type\" content=\"image\/jpeg\" \/>\n<meta name=\"twitter:card\" content=\"summary_large_image\" \/>\n<meta name=\"twitter:label1\" content=\"Ansl. lesetid\" \/>\n\t<meta name=\"twitter:data1\" content=\"1 minutt\" \/>\n<script type=\"application\/ld+json\" class=\"yoast-schema-graph\">{\"@context\":\"https:\/\/schema.org\",\"@graph\":[{\"@type\":\"WebPage\",\"@id\":\"https:\/\/kirkensbymisjon.no\/tilbud-a-senteret\/\",\"url\":\"https:\/\/kirkensbymisjon.no\/tilbud-a-senteret\/\",\"name\":\"Kirkens Bymisjon - A-senteret\",\"isPartOf\":{\"@id\":\"https:\/\/kirkensbymisjon.no\/tilbud-a-senteret\/#website\"},\"primaryImageOfPage\":{\"@id\":\"https:\/\/kirkensbymisjon.no\/tilbud-a-senteret\/#primaryimage\"},\"image\":{\"@id\":\"https:\/\/kirkensbymisjon.no\/tilbud-a-senteret\/#primaryimage\"},\"thumbnailUrl\":\"https:\/\/kirkensbymisjon.no\/content\/uploads\/sites\/24\/2024\/06\/Tilbud_A-senteret_01.jpeg\",\"datePublished\":\"2024-06-17T13:49:45+00:00\",\"dateModified\":\"2026-01-06T10:43:32+00:00\",\"description\":\"A-senteret gir tilbud om vurdering, utredning og behandling til personer med rusmiddelproblemer.\",\"breadcrumb\":{\"@id\":\"https:\/\/kirkensbymisjon.no\/tilbud-a-senteret\/#breadcrumb\"},\"inLanguage\":\"nb-NO\",\"potentialAction\":[{\"@type\":\"ReadAction\",\"target\":[\"https:\/\/kirkensbymisjon.no\/tilbud-a-senteret\/\"]}]},{\"@type\":\"ImageObject\",\"inLanguage\":\"nb-NO\",\"@id\":\"https:\/\/kirkensbymisjon.no\/tilbud-a-senteret\/#primaryimage\",\"url\":\"https:\/\/kirkensbymisjon.no\/content\/uploads\/sites\/24\/2024\/06\/Tilbud_A-senteret_01.jpeg\",\"contentUrl\":\"https:\/\/kirkensbymisjon.no\/content\/uploads\/sites\/24\/2024\/06\/Tilbud_A-senteret_01.jpeg\",\"width\":1000,\"height\":500,\"caption\":\"Personer i behandling p\u00e5 A-senteret\"},{\"@type\":\"BreadcrumbList\",\"@id\":\"https:\/\/kirkensbymisjon.no\/tilbud-a-senteret\/#breadcrumb\",\"itemListElement\":[{\"@type\":\"ListItem\",\"position\":1,\"name\":\"Hjem\",\"item\":\"https:\/\/kirkensbymisjon.no\/tilbud-a-senteret\/\"},{\"@type\":\"ListItem\",\"position\":2,\"name\":\"Forside\"}]},{\"@type\":\"WebSite\",\"@id\":\"https:\/\/kirkensbymisjon.no\/tilbud-a-senteret\/#website\",\"url\":\"https:\/\/kirkensbymisjon.no\/tilbud-a-senteret\/\",\"name\":\"A-senteret\",\"description\":\"\",\"potentialAction\":[{\"@type\":\"SearchAction\",\"target\":{\"@type\":\"EntryPoint\",\"urlTemplate\":\"https:\/\/kirkensbymisjon.no\/tilbud-a-senteret\/?s={search_term_string}\"},\"query-input\":{\"@type\":\"PropertyValueSpecification\",\"valueRequired\":true,\"valueName\":\"search_term_string\"}}],\"inLanguage\":\"nb-NO\"}]}<\/script>\n<!-- \/ Yoast SEO Premium plugin. -->","yoast_head_json":{"title":"Kirkens Bymisjon - A-senteret","description":"A-senteret gir tilbud om vurdering, utredning og behandling til personer med rusmiddelproblemer.","robots":{"index":"index","follow":"follow","max-snippet":"max-snippet:-1","max-image-preview":"max-image-preview:large","max-video-preview":"max-video-preview:-1"},"canonical":"https:\/\/kirkensbymisjon.no\/tilbud-a-senteret\/","og_locale":"nb_NO","og_type":"article","og_title":"Forside","og_description":"A-senteret gir tilbud om vurdering, utredning og behandling til personer med rusmiddelproblemer.","og_url":"https:\/\/kirkensbymisjon.no\/tilbud-a-senteret\/","og_site_name":"A-senteret","article_modified_time":"2026-01-06T10:43:32+00:00","og_image":[{"width":1000,"height":500,"url":"https:\/\/kirkensbymisjon.no\/content\/uploads\/sites\/24\/2024\/06\/Tilbud_A-senteret_01.jpeg","type":"image\/jpeg"}],"twitter_card":"summary_large_image","twitter_misc":{"Ansl. lesetid":"1 minutt"},"schema":{"@context":"https:\/\/schema.org","@graph":[{"@type":"WebPage","@id":"https:\/\/kirkensbymisjon.no\/tilbud-a-senteret\/","url":"https:\/\/kirkensbymisjon.no\/tilbud-a-senteret\/","name":"Kirkens Bymisjon - A-senteret","isPartOf":{"@id":"https:\/\/kirkensbymisjon.no\/tilbud-a-senteret\/#website"},"primaryImageOfPage":{"@id":"https:\/\/kirkensbymisjon.no\/tilbud-a-senteret\/#primaryimage"},"image":{"@id":"https:\/\/kirkensbymisjon.no\/tilbud-a-senteret\/#primaryimage"},"thumbnailUrl":"https:\/\/kirkensbymisjon.no\/content\/uploads\/sites\/24\/2024\/06\/Tilbud_A-senteret_01.jpeg","datePublished":"2024-06-17T13:49:45+00:00","dateModified":"2026-01-06T10:43:32+00:00","description":"A-senteret gir tilbud om vurdering, utredning og behandling til personer med rusmiddelproblemer.","breadcrumb":{"@id":"https:\/\/kirkensbymisjon.no\/tilbud-a-senteret\/#breadcrumb"},"inLanguage":"nb-NO","potentialAction":[{"@type":"ReadAction","target":["https:\/\/kirkensbymisjon.no\/tilbud-a-senteret\/"]}]},{"@type":"ImageObject","inLanguage":"nb-NO","@id":"https:\/\/kirkensbymisjon.no\/tilbud-a-senteret\/#primaryimage","url":"https:\/\/kirkensbymisjon.no\/content\/uploads\/sites\/24\/2024\/06\/Tilbud_A-senteret_01.jpeg","contentUrl":"https:\/\/kirkensbymisjon.no\/content\/uploads\/sites\/24\/2024\/06\/Tilbud_A-senteret_01.jpeg","width":1000,"height":500,"caption":"Personer i behandling p\u00e5 A-senteret"},{"@type":"BreadcrumbList","@id":"https:\/\/kirkensbymisjon.no\/tilbud-a-senteret\/#breadcrumb","itemListElement":[{"@type":"ListItem","position":1,"name":"Hjem","item":"https:\/\/kirkensbymisjon.no\/tilbud-a-senteret\/"},{"@type":"ListItem","position":2,"name":"Forside"}]},{"@type":"WebSite","@id":"https:\/\/kirkensbymisjon.no\/tilbud-a-senteret\/#website","url":"https:\/\/kirkensbymisjon.no\/tilbud-a-senteret\/","name":"A-senteret","description":"","potentialAction":[{"@type":"SearchAction","target":{"@type":"EntryPoint","urlTemplate":"https:\/\/kirkensbymisjon.no\/tilbud-a-senteret\/?s={search_term_string}"},"query-input":{"@type":"PropertyValueSpecification","valueRequired":true,"valueName":"search_term_string"}}],"inLanguage":"nb-NO"}]}},"_links":{"self":[{"href":"https:\/\/kirkensbymisjon.no\/tilbud-a-senteret\/wp-json\/wp\/v2\/pages\/2","targetHints":{"allow":["GET"]}}],"collection":[{"href":"https:\/\/kirkensbymisjon.no\/tilbud-a-senteret\/wp-json\/wp\/v2\/pages"}],"about":[{"href":"https:\/\/kirkensbymisjon.no\/tilbud-a-senteret\/wp-json\/wp\/v2\/types\/page"}],"author":[{"embeddable":true,"href":"https:\/\/kirkensbymisjon.no\/tilbud-a-senteret\/wp-json\/wp\/v2\/users\/1"}],"replies":[{"embeddable":true,"href":"https:\/\/kirkensbymisjon.no\/tilbud-a-senteret\/wp-json\/wp\/v2\/comments?post=2"}],"version-history":[{"count":5,"href":"https:\/\/kirkensbymisjon.no\/tilbud-a-senteret\/wp-json\/wp\/v2\/pages\/2\/revisions"}],"predecessor-version":[{"id":320,"href":"https:\/\/kirkensbymisjon.no\/tilbud-a-senteret\/wp-json\/wp\/v2\/pages\/2\/revisions\/320"}],"wp:featuredmedia":[{"embeddable":true,"href":"https:\/\/kirkensbymisjon.no\/tilbud-a-senteret\/wp-json\/wp\/v2\/media\/31"}],"wp:attachment":[{"href":"https:\/\/kirkensbymisjon.no\/tilbud-a-senteret\/wp-json\/wp\/v2\/media?parent=2"}],"curies":[{"name":"wp","href":"https:\/\/api.w.org\/{rel}","templated":true}]}}