{"id":80,"date":"2024-08-15T11:25:41","date_gmt":"2024-08-15T09:25:41","guid":{"rendered":"https:\/\/kirkensbymisjon.no\/tilbud-a-senteret\/?page_id=80"},"modified":"2026-02-24T09:47:59","modified_gmt":"2026-02-24T08:47:59","slug":"parorendekurs","status":"publish","type":"page","link":"https:\/\/kirkensbymisjon.no\/tilbud-a-senteret\/parorendekurs\/","title":{"rendered":"P\u00e5r\u00f8rendekurs"},"content":{"rendered":"\n<p>A-senteret inviterer hvert halv\u00e5r til \u00e5pent kurs over fire kvelder for p\u00e5r\u00f8rende til personer med rusmiddelproblemer. Kurset er gratis og du trenger ingen henvisning<\/p>\n\n\n\n<p>Sp\u00f8rsm\u00e5let om hva rusmiddelproblemer dreier seg om, besvares ofte ut fra konsekvensene for vedkommende som har de problematiske rusvanene. Et rusmiddelproblem er imidlertid sjelden en privatsak. N\u00e6re relasjoner kan lide og de p\u00e5r\u00f8rende kan f\u00e5 egne vansker.<\/p>\n\n\n\n<p>A-senteret inviterer til kurs over fire kvelder for p\u00e5r\u00f8rende til personer med alkohol- eller andre rusmiddelproblemer. P\u00e5r\u00f8rende vil i denne sammenheng inneb\u00e6re partnere, kj\u00e6rester, s\u00f8sken, foreldre og personer som har vokst opp med rusmiddelproblemer i n\u00e6r familie. Vi \u00f8nsker at kurset skal bidra til \u00f8kt kunnskap om rusmiddelproblematikk, typiske konsekvenser for p\u00e5r\u00f8rende og informasjon om hjelpeapparatet. Kurset vil inneholde undervisning med rom for dialog og sp\u00f8rsm\u00e5l fra deltakerne.<\/p>\n\n\n\n<figure class=\"wp-block-image size-full\"><img loading=\"lazy\" decoding=\"async\" width=\"1000\" height=\"500\" src=\"https:\/\/kirkensbymisjon.no\/content\/uploads\/sites\/24\/2024\/08\/tilbud_a-senter_04.jpg\" alt=\"Personer i behandling p\u00e5 A-senteret\" class=\"wp-image-72\" srcset=\"https:\/\/kirkensbymisjon.no\/content\/uploads\/sites\/24\/2024\/08\/tilbud_a-senter_04.jpg 1000w, https:\/\/kirkensbymisjon.no\/content\/uploads\/sites\/24\/2024\/08\/tilbud_a-senter_04-300x150.jpg 300w, https:\/\/kirkensbymisjon.no\/content\/uploads\/sites\/24\/2024\/08\/tilbud_a-senter_04-768x384.jpg 768w\" sizes=\"auto, (max-width: 1000px) 100vw, 1000px\" \/><\/figure>\n\n\n","protected":false},"excerpt":{"rendered":"<p>A-senteret inviterer hvert halv\u00e5r til \u00e5pent kurs over fire kvelder for p\u00e5r\u00f8rende til personer med&hellip;<\/p>\n","protected":false},"author":5,"featured_media":0,"parent":0,"menu_order":0,"comment_status":"closed","ping_status":"closed","template":"","meta":{"_relevanssi_hide_post":"","_relevanssi_hide_content":"","_relevanssi_pin_for_all":"","_relevanssi_pin_keywords":"","_relevanssi_unpin_keywords":"","_relevanssi_related_keywords":"","_relevanssi_related_include_ids":"","_relevanssi_related_exclude_ids":"","_relevanssi_related_no_append":"","_relevanssi_related_not_related":"","_relevanssi_related_posts":"1","_relevanssi_noindex_reason":"","editor_notices":[],"footnotes":""},"class_list":["post-80","page","type-page","status-publish","hentry"],"yoast_head":"<!-- This site is optimized with the Yoast SEO Premium plugin v27.2 (Yoast SEO v27.2) - https:\/\/yoast.com\/product\/yoast-seo-premium-wordpress\/ -->\n<title>P\u00e5r\u00f8rendekurs - A-senteret<\/title>\n<meta name=\"robots\" content=\"index, follow, max-snippet:-1, max-image-preview:large, max-video-preview:-1\" \/>\n<link rel=\"canonical\" href=\"https:\/\/kirkensbymisjon.no\/tilbud-a-senteret\/parorendekurs\/\" \/>\n<meta property=\"og:locale\" content=\"nb_NO\" \/>\n<meta property=\"og:type\" content=\"article\" \/>\n<meta property=\"og:title\" content=\"P\u00e5r\u00f8rendekurs\" \/>\n<meta property=\"og:description\" content=\"A-senteret inviterer hvert halv\u00e5r til \u00e5pent kurs over fire kvelder for p\u00e5r\u00f8rende til personer med&hellip;\" \/>\n<meta property=\"og:url\" content=\"https:\/\/kirkensbymisjon.no\/tilbud-a-senteret\/parorendekurs\/\" \/>\n<meta property=\"og:site_name\" content=\"A-senteret\" \/>\n<meta property=\"article:modified_time\" content=\"2026-02-24T08:47:59+00:00\" \/>\n<meta property=\"og:image\" content=\"https:\/\/kirkensbymisjon.no\/content\/uploads\/sites\/24\/2024\/08\/tilbud_a-senter_04.jpg\" \/>\n\t<meta property=\"og:image:width\" content=\"1000\" \/>\n\t<meta property=\"og:image:height\" content=\"500\" \/>\n\t<meta property=\"og:image:type\" content=\"image\/jpeg\" \/>\n<meta name=\"twitter:card\" content=\"summary_large_image\" \/>\n<meta name=\"twitter:label1\" content=\"Ansl. lesetid\" \/>\n\t<meta name=\"twitter:data1\" content=\"1 minutt\" \/>\n<script type=\"application\/ld+json\" class=\"yoast-schema-graph\">{\"@context\":\"https:\/\/schema.org\",\"@graph\":[{\"@type\":\"WebPage\",\"@id\":\"https:\/\/kirkensbymisjon.no\/tilbud-a-senteret\/parorendekurs\/\",\"url\":\"https:\/\/kirkensbymisjon.no\/tilbud-a-senteret\/parorendekurs\/\",\"name\":\"P\u00e5r\u00f8rendekurs - A-senteret\",\"isPartOf\":{\"@id\":\"https:\/\/kirkensbymisjon.no\/tilbud-a-senteret\/#website\"},\"primaryImageOfPage\":{\"@id\":\"https:\/\/kirkensbymisjon.no\/tilbud-a-senteret\/parorendekurs\/#primaryimage\"},\"image\":{\"@id\":\"https:\/\/kirkensbymisjon.no\/tilbud-a-senteret\/parorendekurs\/#primaryimage\"},\"thumbnailUrl\":\"https:\/\/kirkensbymisjon.no\/content\/uploads\/sites\/24\/2024\/08\/tilbud_a-senter_04.jpg\",\"datePublished\":\"2024-08-15T09:25:41+00:00\",\"dateModified\":\"2026-02-24T08:47:59+00:00\",\"breadcrumb\":{\"@id\":\"https:\/\/kirkensbymisjon.no\/tilbud-a-senteret\/parorendekurs\/#breadcrumb\"},\"inLanguage\":\"nb-NO\",\"potentialAction\":[{\"@type\":\"ReadAction\",\"target\":[\"https:\/\/kirkensbymisjon.no\/tilbud-a-senteret\/parorendekurs\/\"]}]},{\"@type\":\"ImageObject\",\"inLanguage\":\"nb-NO\",\"@id\":\"https:\/\/kirkensbymisjon.no\/tilbud-a-senteret\/parorendekurs\/#primaryimage\",\"url\":\"https:\/\/kirkensbymisjon.no\/content\/uploads\/sites\/24\/2024\/08\/tilbud_a-senter_04.jpg\",\"contentUrl\":\"https:\/\/kirkensbymisjon.no\/content\/uploads\/sites\/24\/2024\/08\/tilbud_a-senter_04.jpg\"},{\"@type\":\"BreadcrumbList\",\"@id\":\"https:\/\/kirkensbymisjon.no\/tilbud-a-senteret\/parorendekurs\/#breadcrumb\",\"itemListElement\":[{\"@type\":\"ListItem\",\"position\":1,\"name\":\"Hjem\",\"item\":\"https:\/\/kirkensbymisjon.no\/tilbud-a-senteret\/\"},{\"@type\":\"ListItem\",\"position\":2,\"name\":\"P\u00e5r\u00f8rendekurs\"}]},{\"@type\":\"WebSite\",\"@id\":\"https:\/\/kirkensbymisjon.no\/tilbud-a-senteret\/#website\",\"url\":\"https:\/\/kirkensbymisjon.no\/tilbud-a-senteret\/\",\"name\":\"A-senteret\",\"description\":\"\",\"potentialAction\":[{\"@type\":\"SearchAction\",\"target\":{\"@type\":\"EntryPoint\",\"urlTemplate\":\"https:\/\/kirkensbymisjon.no\/tilbud-a-senteret\/?s={search_term_string}\"},\"query-input\":{\"@type\":\"PropertyValueSpecification\",\"valueRequired\":true,\"valueName\":\"search_term_string\"}}],\"inLanguage\":\"nb-NO\"}]}<\/script>\n<!-- \/ Yoast SEO Premium plugin. -->","yoast_head_json":{"title":"P\u00e5r\u00f8rendekurs - A-senteret","robots":{"index":"index","follow":"follow","max-snippet":"max-snippet:-1","max-image-preview":"max-image-preview:large","max-video-preview":"max-video-preview:-1"},"canonical":"https:\/\/kirkensbymisjon.no\/tilbud-a-senteret\/parorendekurs\/","og_locale":"nb_NO","og_type":"article","og_title":"P\u00e5r\u00f8rendekurs","og_description":"A-senteret inviterer hvert halv\u00e5r til \u00e5pent kurs over fire kvelder for p\u00e5r\u00f8rende til personer med&hellip;","og_url":"https:\/\/kirkensbymisjon.no\/tilbud-a-senteret\/parorendekurs\/","og_site_name":"A-senteret","article_modified_time":"2026-02-24T08:47:59+00:00","og_image":[{"width":1000,"height":500,"url":"https:\/\/kirkensbymisjon.no\/content\/uploads\/sites\/24\/2024\/08\/tilbud_a-senter_04.jpg","type":"image\/jpeg"}],"twitter_card":"summary_large_image","twitter_misc":{"Ansl. lesetid":"1 minutt"},"schema":{"@context":"https:\/\/schema.org","@graph":[{"@type":"WebPage","@id":"https:\/\/kirkensbymisjon.no\/tilbud-a-senteret\/parorendekurs\/","url":"https:\/\/kirkensbymisjon.no\/tilbud-a-senteret\/parorendekurs\/","name":"P\u00e5r\u00f8rendekurs - A-senteret","isPartOf":{"@id":"https:\/\/kirkensbymisjon.no\/tilbud-a-senteret\/#website"},"primaryImageOfPage":{"@id":"https:\/\/kirkensbymisjon.no\/tilbud-a-senteret\/parorendekurs\/#primaryimage"},"image":{"@id":"https:\/\/kirkensbymisjon.no\/tilbud-a-senteret\/parorendekurs\/#primaryimage"},"thumbnailUrl":"https:\/\/kirkensbymisjon.no\/content\/uploads\/sites\/24\/2024\/08\/tilbud_a-senter_04.jpg","datePublished":"2024-08-15T09:25:41+00:00","dateModified":"2026-02-24T08:47:59+00:00","breadcrumb":{"@id":"https:\/\/kirkensbymisjon.no\/tilbud-a-senteret\/parorendekurs\/#breadcrumb"},"inLanguage":"nb-NO","potentialAction":[{"@type":"ReadAction","target":["https:\/\/kirkensbymisjon.no\/tilbud-a-senteret\/parorendekurs\/"]}]},{"@type":"ImageObject","inLanguage":"nb-NO","@id":"https:\/\/kirkensbymisjon.no\/tilbud-a-senteret\/parorendekurs\/#primaryimage","url":"https:\/\/kirkensbymisjon.no\/content\/uploads\/sites\/24\/2024\/08\/tilbud_a-senter_04.jpg","contentUrl":"https:\/\/kirkensbymisjon.no\/content\/uploads\/sites\/24\/2024\/08\/tilbud_a-senter_04.jpg"},{"@type":"BreadcrumbList","@id":"https:\/\/kirkensbymisjon.no\/tilbud-a-senteret\/parorendekurs\/#breadcrumb","itemListElement":[{"@type":"ListItem","position":1,"name":"Hjem","item":"https:\/\/kirkensbymisjon.no\/tilbud-a-senteret\/"},{"@type":"ListItem","position":2,"name":"P\u00e5r\u00f8rendekurs"}]},{"@type":"WebSite","@id":"https:\/\/kirkensbymisjon.no\/tilbud-a-senteret\/#website","url":"https:\/\/kirkensbymisjon.no\/tilbud-a-senteret\/","name":"A-senteret","description":"","potentialAction":[{"@type":"SearchAction","target":{"@type":"EntryPoint","urlTemplate":"https:\/\/kirkensbymisjon.no\/tilbud-a-senteret\/?s={search_term_string}"},"query-input":{"@type":"PropertyValueSpecification","valueRequired":true,"valueName":"search_term_string"}}],"inLanguage":"nb-NO"}]}},"_links":{"self":[{"href":"https:\/\/kirkensbymisjon.no\/tilbud-a-senteret\/wp-json\/wp\/v2\/pages\/80","targetHints":{"allow":["GET"]}}],"collection":[{"href":"https:\/\/kirkensbymisjon.no\/tilbud-a-senteret\/wp-json\/wp\/v2\/pages"}],"about":[{"href":"https:\/\/kirkensbymisjon.no\/tilbud-a-senteret\/wp-json\/wp\/v2\/types\/page"}],"author":[{"embeddable":true,"href":"https:\/\/kirkensbymisjon.no\/tilbud-a-senteret\/wp-json\/wp\/v2\/users\/5"}],"replies":[{"embeddable":true,"href":"https:\/\/kirkensbymisjon.no\/tilbud-a-senteret\/wp-json\/wp\/v2\/comments?post=80"}],"version-history":[{"count":5,"href":"https:\/\/kirkensbymisjon.no\/tilbud-a-senteret\/wp-json\/wp\/v2\/pages\/80\/revisions"}],"predecessor-version":[{"id":322,"href":"https:\/\/kirkensbymisjon.no\/tilbud-a-senteret\/wp-json\/wp\/v2\/pages\/80\/revisions\/322"}],"wp:attachment":[{"href":"https:\/\/kirkensbymisjon.no\/tilbud-a-senteret\/wp-json\/wp\/v2\/media?parent=80"}],"curies":[{"name":"wp","href":"https:\/\/api.w.org\/{rel}","templated":true}]}}