{"id":2,"date":"2024-06-17T15:25:26","date_gmt":"2024-06-17T13:25:26","guid":{"rendered":"https:\/\/kirkensbymisjon.no\/tilbud-aksept\/?page_id=2"},"modified":"2025-01-07T11:03:34","modified_gmt":"2025-01-07T10:03:34","slug":"forside","status":"publish","type":"page","link":"https:\/\/kirkensbymisjon.no\/tilbud-aksept\/","title":{"rendered":"Forside"},"content":{"rendered":"\n<p>Alle som er ber\u00f8rt av hiv er velkommen hos oss. Du trenger ingen henvisning fra lege, og alle <a href=\"\/tilbud-aksept\/hva-vi-tilbyr\/\">v\u00e5re tjenester<\/a> er gratis. De som kontakter oss har ulik sosial og kulturell bakgrunn, etnisitet, livssyn, livserfaring, kj\u00f8nnsidentitet og alder.&nbsp;<\/p>\n\n\n\n<p><strong>Vi har taushetsplikt.<\/strong> Du kan v\u00e6re helt trygg p\u00e5 at du ikke vil m\u00f8te noen her som vil fortelle til andre at du lever med hiv. Aksept er et fristed, en trygg m\u00f8teplass uten skam og diskriminering, der du m\u00f8ter mennesker i samme situasjon som deg.<\/p>\n\n\n\n<p>Bes\u00f8k <a href=\"https:\/\/kirkensbymisjon.no\/tilbud-aksept\/hva-vi-tilbyr\/#h-arrangementer-og-faste-aktiviteter\">denne siden<\/a> for \u00e5 finne ut mer om hvilke kurs og arrangementer som finnes i din by.<\/p>\n\n\n\t<div class=\"wp-block-kbm-video\">\n\t\t\n\n<figure class=\"wp-block-embed is-type-video is-provider-vimeo wp-block-embed-vimeo wp-embed-aspect-16-9 wp-has-aspect-ratio\"><div class=\"wp-block-embed__wrapper\">\n<iframe loading=\"lazy\" title=\"Aksept langfilm med Girmay small\" src=\"https:\/\/player.vimeo.com\/video\/917109188?dnt=1&amp;app_id=122963\" width=\"500\" height=\"281\" frameborder=\"0\" allow=\"autoplay; fullscreen; picture-in-picture; clipboard-write\"><\/iframe>\n<\/div><\/figure>\n\n\t\t<div class=\"kbm-video__content\" style=\"aspect-ratio: 16\/9\">\n\t\t\t<div class=\"kbm-video__play\">\n\t\t\t\t<span class=\"screen-reader-text\">Spill video<\/span>\n\t\t\t\t<svg xmlns=\"http:\/\/www.w3.org\/2000\/svg\" viewBox=\"0 0 48 48\" height=\"24\" width=\"24\" class=\"t2-icon t2-icon-play\" aria-hidden=\"true\" focusable=\"false\"><rect width=\"48\" height=\"48\" rx=\"24\"\/><path fill=\"currentColor\" d=\"M29.888 23.1913c.5491.3993.5491 1.2181 0 1.6174l-8.2998 6.0363c-.661.4807-1.5882.0085-1.5882-.8088V17.9638c0-.8173.9272-1.2895 1.5882-.8088l8.2998 6.0363Z\"\/><\/svg>\t\t\t\t\t\t\t\t\t<p class=\"kbm-video__subtext\">Informasjonsfilm om Aksept<\/p>\n\t\t\t\t\t\t\t<\/div>\n\t\t\t\t\t\t\t<h2 class=\"kbm-video__title\">Bli kjent med arbeidet v\u00e5rt<\/h2>\n\t\t\t\t\t\t<img loading=\"lazy\" decoding=\"async\" width=\"1021\" height=\"499\" src=\"https:\/\/kirkensbymisjon.no\/content\/uploads\/sites\/21\/2024\/08\/tilbud_aksept_videobilde-1.jpg\" class=\"attachment-full size-full\" alt=\"Bilde av to kvinner fra videoen\" style=\"object-position: 0% 95%\" \/>\t\t<\/div>\n\t<\/div>\n\t\n\n\n<div class=\"wp-block-media-text alignwide is-stacked-on-mobile is-style-filled\"><figure class=\"wp-block-media-text__media\"><img decoding=\"async\" src=\"https:\/\/kirkensbymisjon.no\/content\/uploads\/sites\/3\/2024\/06\/Tilbud_Nadheim_03-738x1024.jpeg\" alt=\"Hender under hurtigtest for hiv\" class=\"wp-image-11 size-full\"\/><\/figure><div class=\"wp-block-media-text__content\">\n<h2 class=\"wp-block-heading\" id=\"h-lurer-du-pa-om-du-har-hiv\">Lurer du p\u00e5 om du har hiv?<\/h2>\n\n\n\n<p>P\u00e5 <strong>minuttest.no<\/strong> kan du finne ut hvor du kan ta en gratis, anonym hiv-hurtigtest, og f\u00e5 svaret i l\u00f8pet av ett minutt.<\/p>\n\n\n\n<p><a href=\"http:\/\/minuttest.no\/\" target=\"_blank\" rel=\"noreferrer noopener\">Se hvordan hurtigtesten virker og hvor du kan ta den<\/a><\/p>\n<\/div><\/div>\n","protected":false},"excerpt":{"rendered":"<p>Alle som er ber\u00f8rt av hiv er velkommen hos oss. Du trenger ingen henvisning fra&hellip;<\/p>\n","protected":false},"author":1,"featured_media":236,"parent":0,"menu_order":0,"comment_status":"closed","ping_status":"closed","template":"","meta":{"_relevanssi_hide_post":"","_relevanssi_hide_content":"","_relevanssi_pin_for_all":"","_relevanssi_pin_keywords":"","_relevanssi_unpin_keywords":"","_relevanssi_related_keywords":"","_relevanssi_related_include_ids":"","_relevanssi_related_exclude_ids":"","_relevanssi_related_no_append":"","_relevanssi_related_not_related":"","_relevanssi_related_posts":"1","_relevanssi_noindex_reason":"","editor_notices":[],"footnotes":""},"class_list":["post-2","page","type-page","status-publish","has-post-thumbnail","hentry"],"yoast_head":"<!-- This site is optimized with the Yoast SEO Premium plugin v27.2 (Yoast SEO v27.2) - https:\/\/yoast.com\/product\/yoast-seo-premium-wordpress\/ -->\n<title>Kirkens Bymisjon - Aksept<\/title>\n<meta name=\"description\" content=\"Nasjonalt helse- og sosialfaglig senter for alle ber\u00f8rt av hiv.\" \/>\n<meta name=\"robots\" content=\"index, follow, max-snippet:-1, max-image-preview:large, max-video-preview:-1\" \/>\n<link rel=\"canonical\" href=\"https:\/\/kirkensbymisjon.no\/tilbud-aksept\/\" \/>\n<meta property=\"og:locale\" content=\"nb_NO\" \/>\n<meta property=\"og:type\" content=\"article\" \/>\n<meta property=\"og:title\" content=\"Forside\" \/>\n<meta property=\"og:description\" content=\"Nasjonalt helse- og sosialfaglig senter for alle ber\u00f8rt av hiv.\" \/>\n<meta property=\"og:url\" content=\"https:\/\/kirkensbymisjon.no\/tilbud-aksept\/\" \/>\n<meta property=\"og:site_name\" content=\"Aksept\" \/>\n<meta property=\"article:modified_time\" content=\"2025-01-07T10:03:34+00:00\" \/>\n<meta property=\"og:image\" content=\"https:\/\/kirkensbymisjon.no\/content\/uploads\/sites\/21\/2024\/09\/tilbud_aksept_05.jpg\" \/>\n\t<meta property=\"og:image:width\" content=\"2000\" \/>\n\t<meta property=\"og:image:height\" content=\"1316\" \/>\n\t<meta property=\"og:image:type\" content=\"image\/jpeg\" \/>\n<meta name=\"twitter:card\" content=\"summary_large_image\" \/>\n<meta name=\"twitter:label1\" content=\"Ansl. lesetid\" \/>\n\t<meta name=\"twitter:data1\" content=\"2 minutter\" \/>\n<script type=\"application\/ld+json\" class=\"yoast-schema-graph\">{\"@context\":\"https:\/\/schema.org\",\"@graph\":[{\"@type\":\"WebPage\",\"@id\":\"https:\/\/kirkensbymisjon.no\/tilbud-aksept\/\",\"url\":\"https:\/\/kirkensbymisjon.no\/tilbud-aksept\/\",\"name\":\"Kirkens Bymisjon - Aksept\",\"isPartOf\":{\"@id\":\"https:\/\/kirkensbymisjon.no\/tilbud-aksept\/#website\"},\"primaryImageOfPage\":{\"@id\":\"https:\/\/kirkensbymisjon.no\/tilbud-aksept\/#primaryimage\"},\"image\":{\"@id\":\"https:\/\/kirkensbymisjon.no\/tilbud-aksept\/#primaryimage\"},\"thumbnailUrl\":\"https:\/\/kirkensbymisjon.no\/content\/uploads\/sites\/21\/2024\/09\/tilbud_aksept_05.jpg\",\"datePublished\":\"2024-06-17T13:25:26+00:00\",\"dateModified\":\"2025-01-07T10:03:34+00:00\",\"description\":\"Nasjonalt helse- og sosialfaglig senter for alle ber\u00f8rt av hiv.\",\"breadcrumb\":{\"@id\":\"https:\/\/kirkensbymisjon.no\/tilbud-aksept\/#breadcrumb\"},\"inLanguage\":\"nb-NO\",\"potentialAction\":[{\"@type\":\"ReadAction\",\"target\":[\"https:\/\/kirkensbymisjon.no\/tilbud-aksept\/\"]}]},{\"@type\":\"ImageObject\",\"inLanguage\":\"nb-NO\",\"@id\":\"https:\/\/kirkensbymisjon.no\/tilbud-aksept\/#primaryimage\",\"url\":\"https:\/\/kirkensbymisjon.no\/content\/uploads\/sites\/21\/2024\/09\/tilbud_aksept_05.jpg\",\"contentUrl\":\"https:\/\/kirkensbymisjon.no\/content\/uploads\/sites\/21\/2024\/09\/tilbud_aksept_05.jpg\",\"width\":2000,\"height\":1316},{\"@type\":\"BreadcrumbList\",\"@id\":\"https:\/\/kirkensbymisjon.no\/tilbud-aksept\/#breadcrumb\",\"itemListElement\":[{\"@type\":\"ListItem\",\"position\":1,\"name\":\"Hjem\",\"item\":\"https:\/\/kirkensbymisjon.no\/tilbud-aksept\/\"},{\"@type\":\"ListItem\",\"position\":2,\"name\":\"Forside\"}]},{\"@type\":\"WebSite\",\"@id\":\"https:\/\/kirkensbymisjon.no\/tilbud-aksept\/#website\",\"url\":\"https:\/\/kirkensbymisjon.no\/tilbud-aksept\/\",\"name\":\"Aksept\",\"description\":\"\",\"potentialAction\":[{\"@type\":\"SearchAction\",\"target\":{\"@type\":\"EntryPoint\",\"urlTemplate\":\"https:\/\/kirkensbymisjon.no\/tilbud-aksept\/?s={search_term_string}\"},\"query-input\":{\"@type\":\"PropertyValueSpecification\",\"valueRequired\":true,\"valueName\":\"search_term_string\"}}],\"inLanguage\":\"nb-NO\"}]}<\/script>\n<!-- \/ Yoast SEO Premium plugin. -->","yoast_head_json":{"title":"Kirkens Bymisjon - Aksept","description":"Nasjonalt helse- og sosialfaglig senter for alle ber\u00f8rt av hiv.","robots":{"index":"index","follow":"follow","max-snippet":"max-snippet:-1","max-image-preview":"max-image-preview:large","max-video-preview":"max-video-preview:-1"},"canonical":"https:\/\/kirkensbymisjon.no\/tilbud-aksept\/","og_locale":"nb_NO","og_type":"article","og_title":"Forside","og_description":"Nasjonalt helse- og sosialfaglig senter for alle ber\u00f8rt av hiv.","og_url":"https:\/\/kirkensbymisjon.no\/tilbud-aksept\/","og_site_name":"Aksept","article_modified_time":"2025-01-07T10:03:34+00:00","og_image":[{"width":2000,"height":1316,"url":"https:\/\/kirkensbymisjon.no\/content\/uploads\/sites\/21\/2024\/09\/tilbud_aksept_05.jpg","type":"image\/jpeg"}],"twitter_card":"summary_large_image","twitter_misc":{"Ansl. lesetid":"2 minutter"},"schema":{"@context":"https:\/\/schema.org","@graph":[{"@type":"WebPage","@id":"https:\/\/kirkensbymisjon.no\/tilbud-aksept\/","url":"https:\/\/kirkensbymisjon.no\/tilbud-aksept\/","name":"Kirkens Bymisjon - Aksept","isPartOf":{"@id":"https:\/\/kirkensbymisjon.no\/tilbud-aksept\/#website"},"primaryImageOfPage":{"@id":"https:\/\/kirkensbymisjon.no\/tilbud-aksept\/#primaryimage"},"image":{"@id":"https:\/\/kirkensbymisjon.no\/tilbud-aksept\/#primaryimage"},"thumbnailUrl":"https:\/\/kirkensbymisjon.no\/content\/uploads\/sites\/21\/2024\/09\/tilbud_aksept_05.jpg","datePublished":"2024-06-17T13:25:26+00:00","dateModified":"2025-01-07T10:03:34+00:00","description":"Nasjonalt helse- og sosialfaglig senter for alle ber\u00f8rt av hiv.","breadcrumb":{"@id":"https:\/\/kirkensbymisjon.no\/tilbud-aksept\/#breadcrumb"},"inLanguage":"nb-NO","potentialAction":[{"@type":"ReadAction","target":["https:\/\/kirkensbymisjon.no\/tilbud-aksept\/"]}]},{"@type":"ImageObject","inLanguage":"nb-NO","@id":"https:\/\/kirkensbymisjon.no\/tilbud-aksept\/#primaryimage","url":"https:\/\/kirkensbymisjon.no\/content\/uploads\/sites\/21\/2024\/09\/tilbud_aksept_05.jpg","contentUrl":"https:\/\/kirkensbymisjon.no\/content\/uploads\/sites\/21\/2024\/09\/tilbud_aksept_05.jpg","width":2000,"height":1316},{"@type":"BreadcrumbList","@id":"https:\/\/kirkensbymisjon.no\/tilbud-aksept\/#breadcrumb","itemListElement":[{"@type":"ListItem","position":1,"name":"Hjem","item":"https:\/\/kirkensbymisjon.no\/tilbud-aksept\/"},{"@type":"ListItem","position":2,"name":"Forside"}]},{"@type":"WebSite","@id":"https:\/\/kirkensbymisjon.no\/tilbud-aksept\/#website","url":"https:\/\/kirkensbymisjon.no\/tilbud-aksept\/","name":"Aksept","description":"","potentialAction":[{"@type":"SearchAction","target":{"@type":"EntryPoint","urlTemplate":"https:\/\/kirkensbymisjon.no\/tilbud-aksept\/?s={search_term_string}"},"query-input":{"@type":"PropertyValueSpecification","valueRequired":true,"valueName":"search_term_string"}}],"inLanguage":"nb-NO"}]}},"_links":{"self":[{"href":"https:\/\/kirkensbymisjon.no\/tilbud-aksept\/wp-json\/wp\/v2\/pages\/2","targetHints":{"allow":["GET"]}}],"collection":[{"href":"https:\/\/kirkensbymisjon.no\/tilbud-aksept\/wp-json\/wp\/v2\/pages"}],"about":[{"href":"https:\/\/kirkensbymisjon.no\/tilbud-aksept\/wp-json\/wp\/v2\/types\/page"}],"author":[{"embeddable":true,"href":"https:\/\/kirkensbymisjon.no\/tilbud-aksept\/wp-json\/wp\/v2\/users\/1"}],"replies":[{"embeddable":true,"href":"https:\/\/kirkensbymisjon.no\/tilbud-aksept\/wp-json\/wp\/v2\/comments?post=2"}],"version-history":[{"count":5,"href":"https:\/\/kirkensbymisjon.no\/tilbud-aksept\/wp-json\/wp\/v2\/pages\/2\/revisions"}],"predecessor-version":[{"id":319,"href":"https:\/\/kirkensbymisjon.no\/tilbud-aksept\/wp-json\/wp\/v2\/pages\/2\/revisions\/319"}],"wp:featuredmedia":[{"embeddable":true,"href":"https:\/\/kirkensbymisjon.no\/tilbud-aksept\/wp-json\/wp\/v2\/media\/236"}],"wp:attachment":[{"href":"https:\/\/kirkensbymisjon.no\/tilbud-aksept\/wp-json\/wp\/v2\/media?parent=2"}],"curies":[{"name":"wp","href":"https:\/\/api.w.org\/{rel}","templated":true}]}}