{"id":394,"date":"2026-02-06T11:00:46","date_gmt":"2026-02-06T10:00:46","guid":{"rendered":"https:\/\/kirkensbymisjon.no\/tilbud-aksept\/?page_id=394"},"modified":"2026-02-06T11:55:12","modified_gmt":"2026-02-06T10:55:12","slug":"mestringskurs-for-kvinner-og-barn","status":"publish","type":"page","link":"https:\/\/kirkensbymisjon.no\/tilbud-aksept\/vare-kurs\/mestringskurs-for-kvinner-og-barn\/","title":{"rendered":"Mestringskurs for kvinner og barn"},"content":{"rendered":"\n<h3 class=\"wp-block-heading\" id=\"kursinfo\"><em>Kursinfo<\/em><\/h3>\n\n\n\n<h2 class=\"wp-block-heading\" id=\"kurs\">Mestringskurs for kvinner og barn<\/h2>\n\n\n\n<p><em>Dato: 18.\u201320. februar 2026 \/ Sted: Kielfergen.<\/em><\/p>\n\n\n\n<p>For kvinner som lever med hiv og har ansvar for barn til mestringskurs for \u00e5 l\u00e6re, dele og styrke hverandre gjennom fellesskap, faglig p\u00e5fyll og trygge samtaler.<\/p>\n\n\n\n<p>Programmet vil blant annet inneholde:<\/p>\n\n\n\n<ul class=\"wp-block-list\">\n<li>God seksuell helse inkludert prevensjonsmetoder v\/jordmor og lege.<\/li>\n\n\n\n<li>Psykisk helse v\/lege.<\/li>\n\n\n\n<li>Erfaringsutveksling i trygge og st\u00f8ttende omgivelser.<\/li>\n<\/ul>\n\n\n\n<p>Seminaret er spr\u00e5ktilpasset. Det er begrenset antall plasser.<br>Vi prioriterer de som ikke har v\u00e6rt med tidligere.<br>Vi dekker reise (billigste reisem\u00e5te) fra der du bor, opphold og mat.<\/p>\n\n\n\n<p>Ta kontakt med Gertrude eller Maryan p\u00e5 Aksept, Oslo, tlf <a href=\"tel:94020601\">940 206 01<\/a> for p\u00e5melding eller om du har sp\u00f8rsm\u00e5l.<\/p>\n","protected":false},"excerpt":{"rendered":"<p>Kursinfo Mestringskurs for kvinner og barn Dato: 18.\u201320. februar 2026 \/ Sted: Kielfergen. For kvinner&hellip;<\/p>\n","protected":false},"author":4,"featured_media":0,"parent":368,"menu_order":0,"comment_status":"closed","ping_status":"closed","template":"","meta":{"_relevanssi_hide_post":"","_relevanssi_hide_content":"","_relevanssi_pin_for_all":"","_relevanssi_pin_keywords":"","_relevanssi_unpin_keywords":"","_relevanssi_related_keywords":"","_relevanssi_related_include_ids":"","_relevanssi_related_exclude_ids":"","_relevanssi_related_no_append":"","_relevanssi_related_not_related":"","_relevanssi_related_posts":"1","_relevanssi_noindex_reason":"","editor_notices":[],"footnotes":""},"class_list":["post-394","page","type-page","status-publish","hentry"],"yoast_head":"<!-- This site is optimized with the Yoast SEO Premium plugin v27.2 (Yoast SEO v27.2) - https:\/\/yoast.com\/product\/yoast-seo-premium-wordpress\/ -->\n<title>Mestringskurs for kvinner og barn - Aksept<\/title>\n<meta name=\"robots\" content=\"index, follow, max-snippet:-1, max-image-preview:large, max-video-preview:-1\" \/>\n<link rel=\"canonical\" href=\"https:\/\/kirkensbymisjon.no\/tilbud-aksept\/vare-kurs\/mestringskurs-for-kvinner-og-barn\/\" \/>\n<meta property=\"og:locale\" content=\"nb_NO\" \/>\n<meta property=\"og:type\" content=\"article\" \/>\n<meta property=\"og:title\" content=\"Mestringskurs for kvinner og barn\" \/>\n<meta property=\"og:description\" content=\"Kursinfo Mestringskurs for kvinner og barn Dato: 18.\u201320. februar 2026 \/ Sted: Kielfergen. For kvinner&hellip;\" \/>\n<meta property=\"og:url\" content=\"https:\/\/kirkensbymisjon.no\/tilbud-aksept\/vare-kurs\/mestringskurs-for-kvinner-og-barn\/\" \/>\n<meta property=\"og:site_name\" content=\"Aksept\" \/>\n<meta property=\"article:modified_time\" content=\"2026-02-06T10:55:12+00:00\" \/>\n<meta name=\"twitter:card\" content=\"summary_large_image\" \/>\n<meta name=\"twitter:label1\" content=\"Ansl. lesetid\" \/>\n\t<meta name=\"twitter:data1\" content=\"1 minutt\" \/>\n<script type=\"application\/ld+json\" class=\"yoast-schema-graph\">{\"@context\":\"https:\/\/schema.org\",\"@graph\":[{\"@type\":\"WebPage\",\"@id\":\"https:\/\/kirkensbymisjon.no\/tilbud-aksept\/vare-kurs\/mestringskurs-for-kvinner-og-barn\/\",\"url\":\"https:\/\/kirkensbymisjon.no\/tilbud-aksept\/vare-kurs\/mestringskurs-for-kvinner-og-barn\/\",\"name\":\"Mestringskurs for kvinner og barn - Aksept\",\"isPartOf\":{\"@id\":\"https:\/\/kirkensbymisjon.no\/tilbud-aksept\/#website\"},\"datePublished\":\"2026-02-06T10:00:46+00:00\",\"dateModified\":\"2026-02-06T10:55:12+00:00\",\"breadcrumb\":{\"@id\":\"https:\/\/kirkensbymisjon.no\/tilbud-aksept\/vare-kurs\/mestringskurs-for-kvinner-og-barn\/#breadcrumb\"},\"inLanguage\":\"nb-NO\",\"potentialAction\":[{\"@type\":\"ReadAction\",\"target\":[\"https:\/\/kirkensbymisjon.no\/tilbud-aksept\/vare-kurs\/mestringskurs-for-kvinner-og-barn\/\"]}]},{\"@type\":\"BreadcrumbList\",\"@id\":\"https:\/\/kirkensbymisjon.no\/tilbud-aksept\/vare-kurs\/mestringskurs-for-kvinner-og-barn\/#breadcrumb\",\"itemListElement\":[{\"@type\":\"ListItem\",\"position\":1,\"name\":\"Hjem\",\"item\":\"https:\/\/kirkensbymisjon.no\/tilbud-aksept\/\"},{\"@type\":\"ListItem\",\"position\":2,\"name\":\"V\u00e5re kurs\",\"item\":\"https:\/\/kirkensbymisjon.no\/tilbud-aksept\/vare-kurs\/\"},{\"@type\":\"ListItem\",\"position\":3,\"name\":\"Mestringskurs for kvinner og barn\"}]},{\"@type\":\"WebSite\",\"@id\":\"https:\/\/kirkensbymisjon.no\/tilbud-aksept\/#website\",\"url\":\"https:\/\/kirkensbymisjon.no\/tilbud-aksept\/\",\"name\":\"Aksept\",\"description\":\"\",\"potentialAction\":[{\"@type\":\"SearchAction\",\"target\":{\"@type\":\"EntryPoint\",\"urlTemplate\":\"https:\/\/kirkensbymisjon.no\/tilbud-aksept\/?s={search_term_string}\"},\"query-input\":{\"@type\":\"PropertyValueSpecification\",\"valueRequired\":true,\"valueName\":\"search_term_string\"}}],\"inLanguage\":\"nb-NO\"}]}<\/script>\n<!-- \/ Yoast SEO Premium plugin. -->","yoast_head_json":{"title":"Mestringskurs for kvinner og barn - Aksept","robots":{"index":"index","follow":"follow","max-snippet":"max-snippet:-1","max-image-preview":"max-image-preview:large","max-video-preview":"max-video-preview:-1"},"canonical":"https:\/\/kirkensbymisjon.no\/tilbud-aksept\/vare-kurs\/mestringskurs-for-kvinner-og-barn\/","og_locale":"nb_NO","og_type":"article","og_title":"Mestringskurs for kvinner og barn","og_description":"Kursinfo Mestringskurs for kvinner og barn Dato: 18.\u201320. februar 2026 \/ Sted: Kielfergen. For kvinner&hellip;","og_url":"https:\/\/kirkensbymisjon.no\/tilbud-aksept\/vare-kurs\/mestringskurs-for-kvinner-og-barn\/","og_site_name":"Aksept","article_modified_time":"2026-02-06T10:55:12+00:00","twitter_card":"summary_large_image","twitter_misc":{"Ansl. lesetid":"1 minutt"},"schema":{"@context":"https:\/\/schema.org","@graph":[{"@type":"WebPage","@id":"https:\/\/kirkensbymisjon.no\/tilbud-aksept\/vare-kurs\/mestringskurs-for-kvinner-og-barn\/","url":"https:\/\/kirkensbymisjon.no\/tilbud-aksept\/vare-kurs\/mestringskurs-for-kvinner-og-barn\/","name":"Mestringskurs for kvinner og barn - Aksept","isPartOf":{"@id":"https:\/\/kirkensbymisjon.no\/tilbud-aksept\/#website"},"datePublished":"2026-02-06T10:00:46+00:00","dateModified":"2026-02-06T10:55:12+00:00","breadcrumb":{"@id":"https:\/\/kirkensbymisjon.no\/tilbud-aksept\/vare-kurs\/mestringskurs-for-kvinner-og-barn\/#breadcrumb"},"inLanguage":"nb-NO","potentialAction":[{"@type":"ReadAction","target":["https:\/\/kirkensbymisjon.no\/tilbud-aksept\/vare-kurs\/mestringskurs-for-kvinner-og-barn\/"]}]},{"@type":"BreadcrumbList","@id":"https:\/\/kirkensbymisjon.no\/tilbud-aksept\/vare-kurs\/mestringskurs-for-kvinner-og-barn\/#breadcrumb","itemListElement":[{"@type":"ListItem","position":1,"name":"Hjem","item":"https:\/\/kirkensbymisjon.no\/tilbud-aksept\/"},{"@type":"ListItem","position":2,"name":"V\u00e5re kurs","item":"https:\/\/kirkensbymisjon.no\/tilbud-aksept\/vare-kurs\/"},{"@type":"ListItem","position":3,"name":"Mestringskurs for kvinner og barn"}]},{"@type":"WebSite","@id":"https:\/\/kirkensbymisjon.no\/tilbud-aksept\/#website","url":"https:\/\/kirkensbymisjon.no\/tilbud-aksept\/","name":"Aksept","description":"","potentialAction":[{"@type":"SearchAction","target":{"@type":"EntryPoint","urlTemplate":"https:\/\/kirkensbymisjon.no\/tilbud-aksept\/?s={search_term_string}"},"query-input":{"@type":"PropertyValueSpecification","valueRequired":true,"valueName":"search_term_string"}}],"inLanguage":"nb-NO"}]}},"_links":{"self":[{"href":"https:\/\/kirkensbymisjon.no\/tilbud-aksept\/wp-json\/wp\/v2\/pages\/394","targetHints":{"allow":["GET"]}}],"collection":[{"href":"https:\/\/kirkensbymisjon.no\/tilbud-aksept\/wp-json\/wp\/v2\/pages"}],"about":[{"href":"https:\/\/kirkensbymisjon.no\/tilbud-aksept\/wp-json\/wp\/v2\/types\/page"}],"author":[{"embeddable":true,"href":"https:\/\/kirkensbymisjon.no\/tilbud-aksept\/wp-json\/wp\/v2\/users\/4"}],"replies":[{"embeddable":true,"href":"https:\/\/kirkensbymisjon.no\/tilbud-aksept\/wp-json\/wp\/v2\/comments?post=394"}],"version-history":[{"count":3,"href":"https:\/\/kirkensbymisjon.no\/tilbud-aksept\/wp-json\/wp\/v2\/pages\/394\/revisions"}],"predecessor-version":[{"id":424,"href":"https:\/\/kirkensbymisjon.no\/tilbud-aksept\/wp-json\/wp\/v2\/pages\/394\/revisions\/424"}],"up":[{"embeddable":true,"href":"https:\/\/kirkensbymisjon.no\/tilbud-aksept\/wp-json\/wp\/v2\/pages\/368"}],"wp:attachment":[{"href":"https:\/\/kirkensbymisjon.no\/tilbud-aksept\/wp-json\/wp\/v2\/media?parent=394"}],"curies":[{"name":"wp","href":"https:\/\/api.w.org\/{rel}","templated":true}]}}