{"id":404,"date":"2026-02-06T11:09:52","date_gmt":"2026-02-06T10:09:52","guid":{"rendered":"https:\/\/kirkensbymisjon.no\/tilbud-aksept\/?page_id=404"},"modified":"2026-03-30T11:48:26","modified_gmt":"2026-03-30T09:48:26","slug":"pride-opphold","status":"publish","type":"page","link":"https:\/\/kirkensbymisjon.no\/tilbud-aksept\/vare-kurs\/pride-opphold\/","title":{"rendered":"Pride-opphold"},"content":{"rendered":"\n<h3 class=\"wp-block-heading\" id=\"kursinfo\"><em>Kursinfo<\/em><\/h3>\n\n\n\n<h2 class=\"wp-block-heading\" id=\"kurs\"><strong>Pride-opphold<\/strong><\/h2>\n\n\n\n<p><em>Dato: 25.\u201327. juni 2026 \/ Sted: Oslo.<\/em><\/p>\n\n\n\n<p>Er du skeiv og lever med hiv? Da kan du v\u00e6re med \u00e5 feire mangfold, frihet, kj\u00e6rlighet og PRIDE sammen med oss!<\/p>\n\n\n\n<p>Vi dekker reise (billigste reisem\u00e5te), mat og opphold for de som bor utenfor Oslo. De som ikke har deltatt f\u00f8r blir prioritert.<\/p>\n\n\n\n<p>P\u00e5melding gj\u00f8res ved denne p\u00e5meldingslinken: <a href=\"https:\/\/forms.office.com\/Pages\/ResponsePage.aspx?id=gi4gAoiyy0qLCn-EBKR82z7MlgePETZDl_kbW9Qg-7JUNjc4UVg0UEE2WEdZODhZTzRYQkUxRFlLOCQlQCN0PWcu\"><strong>Klikk her<\/strong><\/a>.<\/p>\n\n\n\n<p>Frist for p\u00e5melding: 17. mai.<\/p>\n\n\n\n<p>Ta kontakt med Per-Theodor (45614264), Thea (47491678), Gudny (48891184) eller kontoret (94020601) om du har sp\u00f8rsm\u00e5l.<\/p>\n\n\n\n<h2 class=\"wp-block-heading\" id=\"h-pride-stay\">Pride Stay<\/h2>\n\n\n\n<p><em>Date<strong>:<\/strong> 25\u201327 June 2026 \/ Location<strong>:<\/strong> Oslo<\/em><\/p>\n\n\n\n<p>Do you identify as queer, and live with HIV? If so, you can join us in celebrating diversity, freedom, love, and PRIDE!<\/p>\n\n\n\n<p>We cover travel (cheapest mode of transportation), food, and accommodation for people living outside of Oslo. Those who have not participated before will be given priority.<\/p>\n\n\n\n<p>Registration is done via this registration link: <em><a href=\"https:\/\/eur02.safelinks.protection.outlook.com\/?url=https%3A%2F%2Fforms.office.com%2FPages%2FResponsePage.aspx%3Fid%3Dgi4gAoiyy0qLCn-EBKR82z7MlgePETZDl_kbW9Qg-7JUNjc4UVg0UEE2WEdZODhZTzRYQkUxRFlLOCQlQCN0PWcu&amp;data=05%7C02%7CKristian.Oie.Jensen%40bymisjon.no%7Cbcc69ab3642e46be5ed208de8e3db55b%7C02202e82b2884acb8b0a7f8404a47cdb%7C1%7C0%7C639104592852029221%7CUnknown%7CTWFpbGZsb3d8eyJFbXB0eU1hcGkiOnRydWUsIlYiOiIwLjAuMDAwMCIsIlAiOiJXaW4zMiIsIkFOIjoiTWFpbCIsIldUIjoyfQ%3D%3D%7C0%7C%7C%7C&amp;sdata=5vQ1HBH6FQzRXharH3tU3y%2BbWXIJzyTVIkAzhFjAjzM%3D&amp;reserved=0\">Click here.<\/a><\/em><\/p>\n\n\n\n<p><strong>Registration deadline:<\/strong> 17 May. <\/p>\n\n\n\n<p>If you have any questions, contact Per-Theodor (45614264), Thea (47491678), Gudny (48891184) or the office 940 206 01.<\/p>\n","protected":false},"excerpt":{"rendered":"<p>Kursinfo Pride-opphold Dato: 25.\u201327. juni 2026 \/ Sted: Oslo. Er du skeiv og lever med&hellip;<\/p>\n","protected":false},"author":4,"featured_media":0,"parent":368,"menu_order":0,"comment_status":"closed","ping_status":"closed","template":"","meta":{"_relevanssi_hide_post":"","_relevanssi_hide_content":"","_relevanssi_pin_for_all":"","_relevanssi_pin_keywords":"","_relevanssi_unpin_keywords":"","_relevanssi_related_keywords":"","_relevanssi_related_include_ids":"","_relevanssi_related_exclude_ids":"","_relevanssi_related_no_append":"","_relevanssi_related_not_related":"","_relevanssi_related_posts":"1","_relevanssi_noindex_reason":"","editor_notices":[],"footnotes":""},"class_list":["post-404","page","type-page","status-publish","hentry"],"yoast_head":"<!-- This site is optimized with the Yoast SEO Premium plugin v27.2 (Yoast SEO v27.2) - https:\/\/yoast.com\/product\/yoast-seo-premium-wordpress\/ -->\n<title>Pride-opphold - Aksept<\/title>\n<meta name=\"robots\" content=\"index, follow, max-snippet:-1, max-image-preview:large, max-video-preview:-1\" \/>\n<link rel=\"canonical\" href=\"https:\/\/kirkensbymisjon.no\/tilbud-aksept\/vare-kurs\/pride-opphold\/\" \/>\n<meta property=\"og:locale\" content=\"nb_NO\" \/>\n<meta property=\"og:type\" content=\"article\" \/>\n<meta property=\"og:title\" content=\"Pride-opphold\" \/>\n<meta property=\"og:description\" content=\"Kursinfo Pride-opphold Dato: 25.\u201327. juni 2026 \/ Sted: Oslo. Er du skeiv og lever med&hellip;\" \/>\n<meta property=\"og:url\" content=\"https:\/\/kirkensbymisjon.no\/tilbud-aksept\/vare-kurs\/pride-opphold\/\" \/>\n<meta property=\"og:site_name\" content=\"Aksept\" \/>\n<meta property=\"article:modified_time\" content=\"2026-03-30T09:48:26+00:00\" \/>\n<meta name=\"twitter:card\" content=\"summary_large_image\" \/>\n<meta name=\"twitter:label1\" content=\"Ansl. lesetid\" \/>\n\t<meta name=\"twitter:data1\" content=\"1 minutt\" \/>\n<script type=\"application\/ld+json\" class=\"yoast-schema-graph\">{\"@context\":\"https:\/\/schema.org\",\"@graph\":[{\"@type\":\"WebPage\",\"@id\":\"https:\/\/kirkensbymisjon.no\/tilbud-aksept\/vare-kurs\/pride-opphold\/\",\"url\":\"https:\/\/kirkensbymisjon.no\/tilbud-aksept\/vare-kurs\/pride-opphold\/\",\"name\":\"Pride-opphold - Aksept\",\"isPartOf\":{\"@id\":\"https:\/\/kirkensbymisjon.no\/tilbud-aksept\/#website\"},\"datePublished\":\"2026-02-06T10:09:52+00:00\",\"dateModified\":\"2026-03-30T09:48:26+00:00\",\"breadcrumb\":{\"@id\":\"https:\/\/kirkensbymisjon.no\/tilbud-aksept\/vare-kurs\/pride-opphold\/#breadcrumb\"},\"inLanguage\":\"nb-NO\",\"potentialAction\":[{\"@type\":\"ReadAction\",\"target\":[\"https:\/\/kirkensbymisjon.no\/tilbud-aksept\/vare-kurs\/pride-opphold\/\"]}]},{\"@type\":\"BreadcrumbList\",\"@id\":\"https:\/\/kirkensbymisjon.no\/tilbud-aksept\/vare-kurs\/pride-opphold\/#breadcrumb\",\"itemListElement\":[{\"@type\":\"ListItem\",\"position\":1,\"name\":\"Hjem\",\"item\":\"https:\/\/kirkensbymisjon.no\/tilbud-aksept\/\"},{\"@type\":\"ListItem\",\"position\":2,\"name\":\"V\u00e5re kurs\",\"item\":\"https:\/\/kirkensbymisjon.no\/tilbud-aksept\/vare-kurs\/\"},{\"@type\":\"ListItem\",\"position\":3,\"name\":\"Pride-opphold\"}]},{\"@type\":\"WebSite\",\"@id\":\"https:\/\/kirkensbymisjon.no\/tilbud-aksept\/#website\",\"url\":\"https:\/\/kirkensbymisjon.no\/tilbud-aksept\/\",\"name\":\"Aksept\",\"description\":\"\",\"potentialAction\":[{\"@type\":\"SearchAction\",\"target\":{\"@type\":\"EntryPoint\",\"urlTemplate\":\"https:\/\/kirkensbymisjon.no\/tilbud-aksept\/?s={search_term_string}\"},\"query-input\":{\"@type\":\"PropertyValueSpecification\",\"valueRequired\":true,\"valueName\":\"search_term_string\"}}],\"inLanguage\":\"nb-NO\"}]}<\/script>\n<!-- \/ Yoast SEO Premium plugin. -->","yoast_head_json":{"title":"Pride-opphold - Aksept","robots":{"index":"index","follow":"follow","max-snippet":"max-snippet:-1","max-image-preview":"max-image-preview:large","max-video-preview":"max-video-preview:-1"},"canonical":"https:\/\/kirkensbymisjon.no\/tilbud-aksept\/vare-kurs\/pride-opphold\/","og_locale":"nb_NO","og_type":"article","og_title":"Pride-opphold","og_description":"Kursinfo Pride-opphold Dato: 25.\u201327. juni 2026 \/ Sted: Oslo. Er du skeiv og lever med&hellip;","og_url":"https:\/\/kirkensbymisjon.no\/tilbud-aksept\/vare-kurs\/pride-opphold\/","og_site_name":"Aksept","article_modified_time":"2026-03-30T09:48:26+00:00","twitter_card":"summary_large_image","twitter_misc":{"Ansl. lesetid":"1 minutt"},"schema":{"@context":"https:\/\/schema.org","@graph":[{"@type":"WebPage","@id":"https:\/\/kirkensbymisjon.no\/tilbud-aksept\/vare-kurs\/pride-opphold\/","url":"https:\/\/kirkensbymisjon.no\/tilbud-aksept\/vare-kurs\/pride-opphold\/","name":"Pride-opphold - Aksept","isPartOf":{"@id":"https:\/\/kirkensbymisjon.no\/tilbud-aksept\/#website"},"datePublished":"2026-02-06T10:09:52+00:00","dateModified":"2026-03-30T09:48:26+00:00","breadcrumb":{"@id":"https:\/\/kirkensbymisjon.no\/tilbud-aksept\/vare-kurs\/pride-opphold\/#breadcrumb"},"inLanguage":"nb-NO","potentialAction":[{"@type":"ReadAction","target":["https:\/\/kirkensbymisjon.no\/tilbud-aksept\/vare-kurs\/pride-opphold\/"]}]},{"@type":"BreadcrumbList","@id":"https:\/\/kirkensbymisjon.no\/tilbud-aksept\/vare-kurs\/pride-opphold\/#breadcrumb","itemListElement":[{"@type":"ListItem","position":1,"name":"Hjem","item":"https:\/\/kirkensbymisjon.no\/tilbud-aksept\/"},{"@type":"ListItem","position":2,"name":"V\u00e5re kurs","item":"https:\/\/kirkensbymisjon.no\/tilbud-aksept\/vare-kurs\/"},{"@type":"ListItem","position":3,"name":"Pride-opphold"}]},{"@type":"WebSite","@id":"https:\/\/kirkensbymisjon.no\/tilbud-aksept\/#website","url":"https:\/\/kirkensbymisjon.no\/tilbud-aksept\/","name":"Aksept","description":"","potentialAction":[{"@type":"SearchAction","target":{"@type":"EntryPoint","urlTemplate":"https:\/\/kirkensbymisjon.no\/tilbud-aksept\/?s={search_term_string}"},"query-input":{"@type":"PropertyValueSpecification","valueRequired":true,"valueName":"search_term_string"}}],"inLanguage":"nb-NO"}]}},"_links":{"self":[{"href":"https:\/\/kirkensbymisjon.no\/tilbud-aksept\/wp-json\/wp\/v2\/pages\/404","targetHints":{"allow":["GET"]}}],"collection":[{"href":"https:\/\/kirkensbymisjon.no\/tilbud-aksept\/wp-json\/wp\/v2\/pages"}],"about":[{"href":"https:\/\/kirkensbymisjon.no\/tilbud-aksept\/wp-json\/wp\/v2\/types\/page"}],"author":[{"embeddable":true,"href":"https:\/\/kirkensbymisjon.no\/tilbud-aksept\/wp-json\/wp\/v2\/users\/4"}],"replies":[{"embeddable":true,"href":"https:\/\/kirkensbymisjon.no\/tilbud-aksept\/wp-json\/wp\/v2\/comments?post=404"}],"version-history":[{"count":4,"href":"https:\/\/kirkensbymisjon.no\/tilbud-aksept\/wp-json\/wp\/v2\/pages\/404\/revisions"}],"predecessor-version":[{"id":445,"href":"https:\/\/kirkensbymisjon.no\/tilbud-aksept\/wp-json\/wp\/v2\/pages\/404\/revisions\/445"}],"up":[{"embeddable":true,"href":"https:\/\/kirkensbymisjon.no\/tilbud-aksept\/wp-json\/wp\/v2\/pages\/368"}],"wp:attachment":[{"href":"https:\/\/kirkensbymisjon.no\/tilbud-aksept\/wp-json\/wp\/v2\/media?parent=404"}],"curies":[{"name":"wp","href":"https:\/\/api.w.org\/{rel}","templated":true}]}}