{"id":435,"date":"2026-03-06T11:15:47","date_gmt":"2026-03-06T10:15:47","guid":{"rendered":"https:\/\/kirkensbymisjon.no\/tilbud-aksept\/?page_id=435"},"modified":"2026-03-06T11:20:20","modified_gmt":"2026-03-06T10:20:20","slug":"informasjonstreff","status":"publish","type":"page","link":"https:\/\/kirkensbymisjon.no\/tilbud-aksept\/vare-kurs\/informasjonstreff\/","title":{"rendered":"Informasjonstreff"},"content":{"rendered":"\n<h3 class=\"wp-block-heading\" id=\"kursinfo\"><em>Kursinfo<\/em><\/h3>\n\n\n\n<h2 class=\"wp-block-heading\" id=\"h-informasjonstreff\"><strong>Informasjonstreff<\/strong><\/h2>\n\n\n\n<p><em>Dato: 8. mai 2026, kl. 09.30\u201315.00 \/ Sted: Hammersborg Torg 3, 2. etg, 0179 Oslo<\/em><\/p>\n\n\n\n<p><br><strong>Lever du med hiv? Vil du vite mer om Aksept?<\/strong><\/p>\n\n\n\n<p>Bli kjent med v\u00e5r virksomhet og v\u00e5re tilbud til deg som lever med hiv.<br>F\u00e5 informasjon om helsesystemet og rettigheter, og m\u00f8t andre i lignende situasjon. Vi serverer lunsj.<\/p>\n\n\n\n<p>Vi tilbyr tolk ved behov. Vi dekker reise (billigste reisevei) og eventuelt opphold.<\/p>\n\n\n\n<p>P\u00e5melding gj\u00f8res via denne p\u00e5meldingslinken: <a href=\"https:\/\/forms.office.com\/Pages\/ResponsePage.aspx?id=gi4gAoiyy0qLCn-EBKR82-22G58GkdBNmDT5uJNaSe9UM1FHNThFUUs0V1BMUkNSME5KMDZOVlVLQi4u\">Klikk her<\/a><\/p>\n\n\n\n<p><u>Frist for p\u00e5melding: 27. april.<\/u><\/p>\n\n\n\n<p>Ta kontakt med Mari eller Thea p\u00e5 Aksept, Oslo, tlf <a href=\"tel:94020601\">940 20 601<\/a>, dersom du har sp\u00f8rsm\u00e5l.<\/p>\n\n\n\n<blockquote class=\"wp-block-quote is-layout-flow wp-block-quote-is-layout-flow\">\n<p><em>Vi skulle ha visst om dette tilbudet for mange \u00e5r siden. Dette var f\u00f8rste gang p\u00e5 14 \u00e5r at vi var med folk vi kunne snakke med om sykdommen v\u00e5r helt fritt. Det var ei veldig fin oppleving.<\/em><\/p>\n<cite>Ektepar etter sitt f\u00f8rste bes\u00f8k hos Aksept<\/cite><\/blockquote>\n","protected":false},"excerpt":{"rendered":"<p>Kursinfo Informasjonstreff Dato: 8. mai 2026, kl. 09.30\u201315.00 \/ Sted: Hammersborg Torg 3, 2. etg,&hellip;<\/p>\n","protected":false},"author":4,"featured_media":0,"parent":368,"menu_order":0,"comment_status":"closed","ping_status":"closed","template":"","meta":{"_relevanssi_hide_post":"","_relevanssi_hide_content":"","_relevanssi_pin_for_all":"","_relevanssi_pin_keywords":"","_relevanssi_unpin_keywords":"","_relevanssi_related_keywords":"","_relevanssi_related_include_ids":"","_relevanssi_related_exclude_ids":"","_relevanssi_related_no_append":"","_relevanssi_related_not_related":"","_relevanssi_related_posts":"1","_relevanssi_noindex_reason":"","editor_notices":[],"footnotes":""},"class_list":["post-435","page","type-page","status-publish","hentry"],"yoast_head":"<!-- This site is optimized with the Yoast SEO Premium plugin v27.2 (Yoast SEO v27.2) - https:\/\/yoast.com\/product\/yoast-seo-premium-wordpress\/ -->\n<title>Informasjonstreff - Aksept<\/title>\n<meta name=\"robots\" content=\"index, follow, max-snippet:-1, max-image-preview:large, max-video-preview:-1\" \/>\n<link rel=\"canonical\" href=\"https:\/\/kirkensbymisjon.no\/tilbud-aksept\/vare-kurs\/informasjonstreff\/\" \/>\n<meta property=\"og:locale\" content=\"nb_NO\" \/>\n<meta property=\"og:type\" content=\"article\" \/>\n<meta property=\"og:title\" content=\"Informasjonstreff\" \/>\n<meta property=\"og:description\" content=\"Kursinfo Informasjonstreff Dato: 8. mai 2026, kl. 09.30\u201315.00 \/ Sted: Hammersborg Torg 3, 2. etg,&hellip;\" \/>\n<meta property=\"og:url\" content=\"https:\/\/kirkensbymisjon.no\/tilbud-aksept\/vare-kurs\/informasjonstreff\/\" \/>\n<meta property=\"og:site_name\" content=\"Aksept\" \/>\n<meta property=\"article:modified_time\" content=\"2026-03-06T10:20:20+00:00\" \/>\n<meta name=\"twitter:card\" content=\"summary_large_image\" \/>\n<meta name=\"twitter:label1\" content=\"Ansl. lesetid\" \/>\n\t<meta name=\"twitter:data1\" content=\"1 minutt\" \/>\n<script type=\"application\/ld+json\" class=\"yoast-schema-graph\">{\"@context\":\"https:\/\/schema.org\",\"@graph\":[{\"@type\":\"WebPage\",\"@id\":\"https:\/\/kirkensbymisjon.no\/tilbud-aksept\/vare-kurs\/informasjonstreff\/\",\"url\":\"https:\/\/kirkensbymisjon.no\/tilbud-aksept\/vare-kurs\/informasjonstreff\/\",\"name\":\"Informasjonstreff - Aksept\",\"isPartOf\":{\"@id\":\"https:\/\/kirkensbymisjon.no\/tilbud-aksept\/#website\"},\"datePublished\":\"2026-03-06T10:15:47+00:00\",\"dateModified\":\"2026-03-06T10:20:20+00:00\",\"breadcrumb\":{\"@id\":\"https:\/\/kirkensbymisjon.no\/tilbud-aksept\/vare-kurs\/informasjonstreff\/#breadcrumb\"},\"inLanguage\":\"nb-NO\",\"potentialAction\":[{\"@type\":\"ReadAction\",\"target\":[\"https:\/\/kirkensbymisjon.no\/tilbud-aksept\/vare-kurs\/informasjonstreff\/\"]}]},{\"@type\":\"BreadcrumbList\",\"@id\":\"https:\/\/kirkensbymisjon.no\/tilbud-aksept\/vare-kurs\/informasjonstreff\/#breadcrumb\",\"itemListElement\":[{\"@type\":\"ListItem\",\"position\":1,\"name\":\"Hjem\",\"item\":\"https:\/\/kirkensbymisjon.no\/tilbud-aksept\/\"},{\"@type\":\"ListItem\",\"position\":2,\"name\":\"V\u00e5re kurs\",\"item\":\"https:\/\/kirkensbymisjon.no\/tilbud-aksept\/vare-kurs\/\"},{\"@type\":\"ListItem\",\"position\":3,\"name\":\"Informasjonstreff\"}]},{\"@type\":\"WebSite\",\"@id\":\"https:\/\/kirkensbymisjon.no\/tilbud-aksept\/#website\",\"url\":\"https:\/\/kirkensbymisjon.no\/tilbud-aksept\/\",\"name\":\"Aksept\",\"description\":\"\",\"potentialAction\":[{\"@type\":\"SearchAction\",\"target\":{\"@type\":\"EntryPoint\",\"urlTemplate\":\"https:\/\/kirkensbymisjon.no\/tilbud-aksept\/?s={search_term_string}\"},\"query-input\":{\"@type\":\"PropertyValueSpecification\",\"valueRequired\":true,\"valueName\":\"search_term_string\"}}],\"inLanguage\":\"nb-NO\"}]}<\/script>\n<!-- \/ Yoast SEO Premium plugin. -->","yoast_head_json":{"title":"Informasjonstreff - Aksept","robots":{"index":"index","follow":"follow","max-snippet":"max-snippet:-1","max-image-preview":"max-image-preview:large","max-video-preview":"max-video-preview:-1"},"canonical":"https:\/\/kirkensbymisjon.no\/tilbud-aksept\/vare-kurs\/informasjonstreff\/","og_locale":"nb_NO","og_type":"article","og_title":"Informasjonstreff","og_description":"Kursinfo Informasjonstreff Dato: 8. mai 2026, kl. 09.30\u201315.00 \/ Sted: Hammersborg Torg 3, 2. etg,&hellip;","og_url":"https:\/\/kirkensbymisjon.no\/tilbud-aksept\/vare-kurs\/informasjonstreff\/","og_site_name":"Aksept","article_modified_time":"2026-03-06T10:20:20+00:00","twitter_card":"summary_large_image","twitter_misc":{"Ansl. lesetid":"1 minutt"},"schema":{"@context":"https:\/\/schema.org","@graph":[{"@type":"WebPage","@id":"https:\/\/kirkensbymisjon.no\/tilbud-aksept\/vare-kurs\/informasjonstreff\/","url":"https:\/\/kirkensbymisjon.no\/tilbud-aksept\/vare-kurs\/informasjonstreff\/","name":"Informasjonstreff - Aksept","isPartOf":{"@id":"https:\/\/kirkensbymisjon.no\/tilbud-aksept\/#website"},"datePublished":"2026-03-06T10:15:47+00:00","dateModified":"2026-03-06T10:20:20+00:00","breadcrumb":{"@id":"https:\/\/kirkensbymisjon.no\/tilbud-aksept\/vare-kurs\/informasjonstreff\/#breadcrumb"},"inLanguage":"nb-NO","potentialAction":[{"@type":"ReadAction","target":["https:\/\/kirkensbymisjon.no\/tilbud-aksept\/vare-kurs\/informasjonstreff\/"]}]},{"@type":"BreadcrumbList","@id":"https:\/\/kirkensbymisjon.no\/tilbud-aksept\/vare-kurs\/informasjonstreff\/#breadcrumb","itemListElement":[{"@type":"ListItem","position":1,"name":"Hjem","item":"https:\/\/kirkensbymisjon.no\/tilbud-aksept\/"},{"@type":"ListItem","position":2,"name":"V\u00e5re kurs","item":"https:\/\/kirkensbymisjon.no\/tilbud-aksept\/vare-kurs\/"},{"@type":"ListItem","position":3,"name":"Informasjonstreff"}]},{"@type":"WebSite","@id":"https:\/\/kirkensbymisjon.no\/tilbud-aksept\/#website","url":"https:\/\/kirkensbymisjon.no\/tilbud-aksept\/","name":"Aksept","description":"","potentialAction":[{"@type":"SearchAction","target":{"@type":"EntryPoint","urlTemplate":"https:\/\/kirkensbymisjon.no\/tilbud-aksept\/?s={search_term_string}"},"query-input":{"@type":"PropertyValueSpecification","valueRequired":true,"valueName":"search_term_string"}}],"inLanguage":"nb-NO"}]}},"_links":{"self":[{"href":"https:\/\/kirkensbymisjon.no\/tilbud-aksept\/wp-json\/wp\/v2\/pages\/435","targetHints":{"allow":["GET"]}}],"collection":[{"href":"https:\/\/kirkensbymisjon.no\/tilbud-aksept\/wp-json\/wp\/v2\/pages"}],"about":[{"href":"https:\/\/kirkensbymisjon.no\/tilbud-aksept\/wp-json\/wp\/v2\/types\/page"}],"author":[{"embeddable":true,"href":"https:\/\/kirkensbymisjon.no\/tilbud-aksept\/wp-json\/wp\/v2\/users\/4"}],"replies":[{"embeddable":true,"href":"https:\/\/kirkensbymisjon.no\/tilbud-aksept\/wp-json\/wp\/v2\/comments?post=435"}],"version-history":[{"count":3,"href":"https:\/\/kirkensbymisjon.no\/tilbud-aksept\/wp-json\/wp\/v2\/pages\/435\/revisions"}],"predecessor-version":[{"id":441,"href":"https:\/\/kirkensbymisjon.no\/tilbud-aksept\/wp-json\/wp\/v2\/pages\/435\/revisions\/441"}],"up":[{"embeddable":true,"href":"https:\/\/kirkensbymisjon.no\/tilbud-aksept\/wp-json\/wp\/v2\/pages\/368"}],"wp:attachment":[{"href":"https:\/\/kirkensbymisjon.no\/tilbud-aksept\/wp-json\/wp\/v2\/media?parent=435"}],"curies":[{"name":"wp","href":"https:\/\/api.w.org\/{rel}","templated":true}]}}