{"id":450,"date":"2026-03-31T12:51:18","date_gmt":"2026-03-31T10:51:18","guid":{"rendered":"https:\/\/kirkensbymisjon.no\/tilbud-aksept\/?page_id=450"},"modified":"2026-04-09T09:48:33","modified_gmt":"2026-04-09T07:48:33","slug":"seminar-om-hiv","status":"publish","type":"page","link":"https:\/\/kirkensbymisjon.no\/tilbud-aksept\/vare-kurs\/seminar-om-hiv\/","title":{"rendered":"Seminar om hiv"},"content":{"rendered":"\n<h4 class=\"wp-block-heading\" id=\"kursinfo\"><strong><em>Kursinfo<\/em><\/strong><\/h4>\n\n\n\n<h2 class=\"wp-block-heading\" id=\"h-seminar-om-hiv\">Seminar om hiv<\/h2>\n\n\n\n<p><em>Dato: 26. \u2013 28. august 2026 \/ Sted: Kielb\u00e5ten<\/em><\/p>\n\n\n\n<p>Vi inviterer til fagseminar for deg som lever med hiv. Seminaret handler om det \u00e5 leve med hiv og ulike aspekter ved dette.<\/p>\n\n\n\n<p>Kurset er p\u00e5 norsk.<\/p>\n\n\n\n<p>Det er begrenset antall plasser. Vi prioriterer de som ikke har v\u00e6rt med tidligere<\/p>\n\n\n\n<p>Vi dekker reise (billigste reisem\u00e5te) fra der du bor, opphold og mat.<\/p>\n\n\n\n<p>P\u00e5melding gj\u00f8res ved denne p\u00e5meldingslinken: <a href=\"https:\/\/forms.cloud.microsoft\/Pages\/ResponsePage.aspx?id=gi4gAoiyy0qLCn-EBKR82-22G58GkdBNmDT5uJNaSe9UQjcyQUFOMlc3RzE5NkhJUzBMRVpaM05WRy4u\">KLIKK HER<\/a><\/p>\n\n\n\n<p>Frist for p\u00e5melding: 1. august<\/p>\n\n\n\n<p>Ta kontakt med Gudny, Per-Theodor eller Hege p\u00e5 Aksept, Oslo, tlf 94020601 dersom du har sp\u00f8rsm\u00e5l<\/p>\n","protected":false},"excerpt":{"rendered":"<p>Kursinfo Seminar om hiv Dato: 26. \u2013 28. august 2026 \/ Sted: Kielb\u00e5ten Vi inviterer&hellip;<\/p>\n","protected":false},"author":1765,"featured_media":0,"parent":368,"menu_order":0,"comment_status":"closed","ping_status":"closed","template":"","meta":{"_relevanssi_hide_post":"","_relevanssi_hide_content":"","_relevanssi_pin_for_all":"","_relevanssi_pin_keywords":"","_relevanssi_unpin_keywords":"","_relevanssi_related_keywords":"","_relevanssi_related_include_ids":"","_relevanssi_related_exclude_ids":"","_relevanssi_related_no_append":"","_relevanssi_related_not_related":"","_relevanssi_related_posts":"1","_relevanssi_noindex_reason":"","editor_notices":[],"footnotes":""},"class_list":["post-450","page","type-page","status-publish","hentry"],"yoast_head":"<!-- This site is optimized with the Yoast SEO Premium plugin v27.2 (Yoast SEO v27.4) - https:\/\/yoast.com\/product\/yoast-seo-premium-wordpress\/ -->\n<title>Seminar om hiv - Aksept<\/title>\n<meta name=\"robots\" content=\"index, follow, max-snippet:-1, max-image-preview:large, max-video-preview:-1\" \/>\n<link rel=\"canonical\" href=\"https:\/\/kirkensbymisjon.no\/tilbud-aksept\/vare-kurs\/seminar-om-hiv\/\" \/>\n<meta property=\"og:locale\" content=\"nb_NO\" \/>\n<meta property=\"og:type\" content=\"article\" \/>\n<meta property=\"og:title\" content=\"Seminar om hiv\" \/>\n<meta property=\"og:description\" content=\"Kursinfo Seminar om hiv Dato: 26. \u2013 28. august 2026 \/ Sted: Kielb\u00e5ten Vi inviterer&hellip;\" \/>\n<meta property=\"og:url\" content=\"https:\/\/kirkensbymisjon.no\/tilbud-aksept\/vare-kurs\/seminar-om-hiv\/\" \/>\n<meta property=\"og:site_name\" content=\"Aksept\" \/>\n<meta property=\"article:modified_time\" content=\"2026-04-09T07:48:33+00:00\" \/>\n<meta name=\"twitter:card\" content=\"summary_large_image\" \/>\n<meta name=\"twitter:label1\" content=\"Ansl. lesetid\" \/>\n\t<meta name=\"twitter:data1\" content=\"1 minutt\" \/>\n<script type=\"application\/ld+json\" class=\"yoast-schema-graph\">{\"@context\":\"https:\\\/\\\/schema.org\",\"@graph\":[{\"@type\":\"WebPage\",\"@id\":\"https:\\\/\\\/kirkensbymisjon.no\\\/tilbud-aksept\\\/vare-kurs\\\/seminar-om-hiv\\\/\",\"url\":\"https:\\\/\\\/kirkensbymisjon.no\\\/tilbud-aksept\\\/vare-kurs\\\/seminar-om-hiv\\\/\",\"name\":\"Seminar om hiv - Aksept\",\"isPartOf\":{\"@id\":\"https:\\\/\\\/kirkensbymisjon.no\\\/tilbud-aksept\\\/#website\"},\"datePublished\":\"2026-03-31T10:51:18+00:00\",\"dateModified\":\"2026-04-09T07:48:33+00:00\",\"breadcrumb\":{\"@id\":\"https:\\\/\\\/kirkensbymisjon.no\\\/tilbud-aksept\\\/vare-kurs\\\/seminar-om-hiv\\\/#breadcrumb\"},\"inLanguage\":\"nb-NO\",\"potentialAction\":[{\"@type\":\"ReadAction\",\"target\":[\"https:\\\/\\\/kirkensbymisjon.no\\\/tilbud-aksept\\\/vare-kurs\\\/seminar-om-hiv\\\/\"]}]},{\"@type\":\"BreadcrumbList\",\"@id\":\"https:\\\/\\\/kirkensbymisjon.no\\\/tilbud-aksept\\\/vare-kurs\\\/seminar-om-hiv\\\/#breadcrumb\",\"itemListElement\":[{\"@type\":\"ListItem\",\"position\":1,\"name\":\"Hjem\",\"item\":\"https:\\\/\\\/kirkensbymisjon.no\\\/tilbud-aksept\\\/\"},{\"@type\":\"ListItem\",\"position\":2,\"name\":\"V\u00e5re kurs\",\"item\":\"https:\\\/\\\/kirkensbymisjon.no\\\/tilbud-aksept\\\/vare-kurs\\\/\"},{\"@type\":\"ListItem\",\"position\":3,\"name\":\"Seminar om hiv\"}]},{\"@type\":\"WebSite\",\"@id\":\"https:\\\/\\\/kirkensbymisjon.no\\\/tilbud-aksept\\\/#website\",\"url\":\"https:\\\/\\\/kirkensbymisjon.no\\\/tilbud-aksept\\\/\",\"name\":\"Aksept\",\"description\":\"\",\"potentialAction\":[{\"@type\":\"SearchAction\",\"target\":{\"@type\":\"EntryPoint\",\"urlTemplate\":\"https:\\\/\\\/kirkensbymisjon.no\\\/tilbud-aksept\\\/?s={search_term_string}\"},\"query-input\":{\"@type\":\"PropertyValueSpecification\",\"valueRequired\":true,\"valueName\":\"search_term_string\"}}],\"inLanguage\":\"nb-NO\"}]}<\/script>\n<!-- \/ Yoast SEO Premium plugin. -->","yoast_head_json":{"title":"Seminar om hiv - Aksept","robots":{"index":"index","follow":"follow","max-snippet":"max-snippet:-1","max-image-preview":"max-image-preview:large","max-video-preview":"max-video-preview:-1"},"canonical":"https:\/\/kirkensbymisjon.no\/tilbud-aksept\/vare-kurs\/seminar-om-hiv\/","og_locale":"nb_NO","og_type":"article","og_title":"Seminar om hiv","og_description":"Kursinfo Seminar om hiv Dato: 26. \u2013 28. august 2026 \/ Sted: Kielb\u00e5ten Vi inviterer&hellip;","og_url":"https:\/\/kirkensbymisjon.no\/tilbud-aksept\/vare-kurs\/seminar-om-hiv\/","og_site_name":"Aksept","article_modified_time":"2026-04-09T07:48:33+00:00","twitter_card":"summary_large_image","twitter_misc":{"Ansl. lesetid":"1 minutt"},"schema":{"@context":"https:\/\/schema.org","@graph":[{"@type":"WebPage","@id":"https:\/\/kirkensbymisjon.no\/tilbud-aksept\/vare-kurs\/seminar-om-hiv\/","url":"https:\/\/kirkensbymisjon.no\/tilbud-aksept\/vare-kurs\/seminar-om-hiv\/","name":"Seminar om hiv - Aksept","isPartOf":{"@id":"https:\/\/kirkensbymisjon.no\/tilbud-aksept\/#website"},"datePublished":"2026-03-31T10:51:18+00:00","dateModified":"2026-04-09T07:48:33+00:00","breadcrumb":{"@id":"https:\/\/kirkensbymisjon.no\/tilbud-aksept\/vare-kurs\/seminar-om-hiv\/#breadcrumb"},"inLanguage":"nb-NO","potentialAction":[{"@type":"ReadAction","target":["https:\/\/kirkensbymisjon.no\/tilbud-aksept\/vare-kurs\/seminar-om-hiv\/"]}]},{"@type":"BreadcrumbList","@id":"https:\/\/kirkensbymisjon.no\/tilbud-aksept\/vare-kurs\/seminar-om-hiv\/#breadcrumb","itemListElement":[{"@type":"ListItem","position":1,"name":"Hjem","item":"https:\/\/kirkensbymisjon.no\/tilbud-aksept\/"},{"@type":"ListItem","position":2,"name":"V\u00e5re kurs","item":"https:\/\/kirkensbymisjon.no\/tilbud-aksept\/vare-kurs\/"},{"@type":"ListItem","position":3,"name":"Seminar om hiv"}]},{"@type":"WebSite","@id":"https:\/\/kirkensbymisjon.no\/tilbud-aksept\/#website","url":"https:\/\/kirkensbymisjon.no\/tilbud-aksept\/","name":"Aksept","description":"","potentialAction":[{"@type":"SearchAction","target":{"@type":"EntryPoint","urlTemplate":"https:\/\/kirkensbymisjon.no\/tilbud-aksept\/?s={search_term_string}"},"query-input":{"@type":"PropertyValueSpecification","valueRequired":true,"valueName":"search_term_string"}}],"inLanguage":"nb-NO"}]}},"_links":{"self":[{"href":"https:\/\/kirkensbymisjon.no\/tilbud-aksept\/wp-json\/wp\/v2\/pages\/450","targetHints":{"allow":["GET"]}}],"collection":[{"href":"https:\/\/kirkensbymisjon.no\/tilbud-aksept\/wp-json\/wp\/v2\/pages"}],"about":[{"href":"https:\/\/kirkensbymisjon.no\/tilbud-aksept\/wp-json\/wp\/v2\/types\/page"}],"author":[{"embeddable":true,"href":"https:\/\/kirkensbymisjon.no\/tilbud-aksept\/wp-json\/wp\/v2\/users\/1765"}],"replies":[{"embeddable":true,"href":"https:\/\/kirkensbymisjon.no\/tilbud-aksept\/wp-json\/wp\/v2\/comments?post=450"}],"version-history":[{"count":5,"href":"https:\/\/kirkensbymisjon.no\/tilbud-aksept\/wp-json\/wp\/v2\/pages\/450\/revisions"}],"predecessor-version":[{"id":473,"href":"https:\/\/kirkensbymisjon.no\/tilbud-aksept\/wp-json\/wp\/v2\/pages\/450\/revisions\/473"}],"up":[{"embeddable":true,"href":"https:\/\/kirkensbymisjon.no\/tilbud-aksept\/wp-json\/wp\/v2\/pages\/368"}],"wp:attachment":[{"href":"https:\/\/kirkensbymisjon.no\/tilbud-aksept\/wp-json\/wp\/v2\/media?parent=450"}],"curies":[{"name":"wp","href":"https:\/\/api.w.org\/{rel}","templated":true}]}}