{"id":464,"date":"2026-04-08T09:28:32","date_gmt":"2026-04-08T07:28:32","guid":{"rendered":"https:\/\/kirkensbymisjon.no\/tilbud-aksept\/?page_id=464"},"modified":"2026-04-09T09:48:57","modified_gmt":"2026-04-09T07:48:57","slug":"ungcamp-2026","status":"publish","type":"page","link":"https:\/\/kirkensbymisjon.no\/tilbud-aksept\/vare-kurs\/ungcamp-2026\/","title":{"rendered":"UngCamp 2026"},"content":{"rendered":"\n<h4 class=\"wp-block-heading\" id=\"kursinfo\"><em>Kursinfo<\/em><\/h4>\n\n\n\n<h2 class=\"wp-block-heading\" id=\"h-ungcamp-2026\">UngCamp 2026<\/h2>\n\n\n\n<p><strong>Dato:<\/strong> 10.-13.august 2026 | <strong>Sted:<\/strong> Holmenkollen, Oslo<\/p>\n\n\n\n<p>Dette seminaret er for ungdom som lever med hiv, i alderen 13\u201317 \u00e5r.<\/p>\n\n\n\n<p>F\u00e5 oppdatert kunnskap om alt du lurer p\u00e5 \u2013 eller ikke visste at du lurte p\u00e5.<br>M\u00f8t andre i samme situasjon, opplev fellesskap og delta p\u00e5 morsomme aktiviteter. Seminaret holdes p\u00e5 Holmenkollen i Oslo. Vi dekker reiseutgifter, overnatting og m\u00e5ltider.<br>F\u00f8lg denne lenken til p\u00e5meldingsskjemaet: <a href=\"https:\/\/eur02.safelinks.protection.outlook.com\/?url=https%3A%2F%2Fforms.cloud.microsoft%2FPages%2FResponsePage.aspx%3Fid%3Dgi4gAoiyy0qLCn-EBKR82z7MlgePETZDl_kbW9Qg-7JUN0Q3M0dWNkVJMFpZOE9ZWVZHVFdQOEgxTCQlQCN0PWcu&amp;data=05%7C02%7CKristian.Oie.Jensen%40bymisjon.no%7Ce1cfcbc095854c595a8f08de9482b6e3%7C02202e82b2884acb8b0a7f8404a47cdb%7C1%7C0%7C639111486459245021%7CUnknown%7CTWFpbGZsb3d8eyJFbXB0eU1hcGkiOnRydWUsIlYiOiIwLjAuMDAwMCIsIlAiOiJXaW4zMiIsIkFOIjoiTWFpbCIsIldUIjoyfQ%3D%3D%7C0%7C%7C%7C&amp;sdata=wwrtY4Z%2FMkh2N6F0RT3TZEFO9UFZbx2lE0HSmixOxlg%3D&amp;reserved=0\">klikk her<\/a><\/p>\n\n\n\n<p>Her er litt n\u00e6rmere info om seminaret: <a href=\"https:\/\/kirkensbymisjon.no\/content\/uploads\/sites\/21\/2026\/04\/Ung.camp-info-2026.pdf\">Info<\/a><br><br>Ta kontakt med Per-Theodor (45614264), Thea (47491678) eller kontoret v\u00e5rt (94020601) om du har sp\u00f8rsm\u00e5l.<\/p>\n\n\n\n<h2 class=\"wp-block-heading\" id=\"h-ungcamp-2026-0\">UngCamp 2026<\/h2>\n\n\n\n<p><strong>Date:<\/strong> August 10\u201313, 2026 | <strong>Location:<\/strong> Holmenkollen, Oslo<\/p>\n\n\n\n<p>This seminar is for adolescents living with hiv, aged 13\u201317 years.<\/p>\n\n\n\n<p><br>Gain updated knowledge about everything you\u2019re curious about \u2014 or didn\u2019t know you were curious about. Meet others in the same situation, experience a sense of community, and take part in fun activities. The seminar will be held in Holmenkollen, Oslo. We cover travel expenses, accommodation, and meals.<br>Follow this link to the registration form: <a href=\"https:\/\/eur02.safelinks.protection.outlook.com\/?url=https%3A%2F%2Fforms.cloud.microsoft%2FPages%2FResponsePage.aspx%3Fid%3Dgi4gAoiyy0qLCn-EBKR82z7MlgePETZDl_kbW9Qg-7JUN0Q3M0dWNkVJMFpZOE9ZWVZHVFdQOEgxTCQlQCN0PWcu&amp;data=05%7C02%7CKristian.Oie.Jensen%40bymisjon.no%7Ce1cfcbc095854c595a8f08de9482b6e3%7C02202e82b2884acb8b0a7f8404a47cdb%7C1%7C0%7C639111486459263495%7CUnknown%7CTWFpbGZsb3d8eyJFbXB0eU1hcGkiOnRydWUsIlYiOiIwLjAuMDAwMCIsIlAiOiJXaW4zMiIsIkFOIjoiTWFpbCIsIldUIjoyfQ%3D%3D%7C0%7C%7C%7C&amp;sdata=CxJZDr97MoP2lQsU5VN1wg%2BQsndBYin5ILVp8d5O8TE%3D&amp;reserved=0\">click here<\/a><\/p>\n\n\n\n<p><br>Please contact Per-Theodor (+47 456 14 264), Thea (+47 474 91 678), or our office (+47 940 20 601) if you have any questions.<\/p>\n","protected":false},"excerpt":{"rendered":"<p>Kursinfo UngCamp 2026 Dato: 10.-13.august 2026 | Sted: Holmenkollen, Oslo Dette seminaret er for ungdom&hellip;<\/p>\n","protected":false},"author":1765,"featured_media":0,"parent":368,"menu_order":0,"comment_status":"closed","ping_status":"closed","template":"","meta":{"_relevanssi_hide_post":"","_relevanssi_hide_content":"","_relevanssi_pin_for_all":"","_relevanssi_pin_keywords":"","_relevanssi_unpin_keywords":"","_relevanssi_related_keywords":"","_relevanssi_related_include_ids":"","_relevanssi_related_exclude_ids":"","_relevanssi_related_no_append":"","_relevanssi_related_not_related":"","_relevanssi_related_posts":"1","_relevanssi_noindex_reason":"","editor_notices":[],"footnotes":""},"class_list":["post-464","page","type-page","status-publish","hentry"],"yoast_head":"<!-- This site is optimized with the Yoast SEO Premium plugin v27.2 (Yoast SEO v27.4) - https:\/\/yoast.com\/product\/yoast-seo-premium-wordpress\/ -->\n<title>UngCamp 2026 - Aksept<\/title>\n<meta name=\"robots\" content=\"index, follow, max-snippet:-1, max-image-preview:large, max-video-preview:-1\" \/>\n<link rel=\"canonical\" href=\"https:\/\/kirkensbymisjon.no\/tilbud-aksept\/vare-kurs\/ungcamp-2026\/\" \/>\n<meta property=\"og:locale\" content=\"nb_NO\" \/>\n<meta property=\"og:type\" content=\"article\" \/>\n<meta property=\"og:title\" content=\"UngCamp 2026\" \/>\n<meta property=\"og:description\" content=\"Kursinfo UngCamp 2026 Dato: 10.-13.august 2026 | Sted: Holmenkollen, Oslo Dette seminaret er for ungdom&hellip;\" \/>\n<meta property=\"og:url\" content=\"https:\/\/kirkensbymisjon.no\/tilbud-aksept\/vare-kurs\/ungcamp-2026\/\" \/>\n<meta property=\"og:site_name\" content=\"Aksept\" \/>\n<meta property=\"article:modified_time\" content=\"2026-04-09T07:48:57+00:00\" \/>\n<meta name=\"twitter:card\" content=\"summary_large_image\" \/>\n<meta name=\"twitter:label1\" content=\"Ansl. lesetid\" \/>\n\t<meta name=\"twitter:data1\" content=\"2 minutter\" \/>\n<script type=\"application\/ld+json\" class=\"yoast-schema-graph\">{\"@context\":\"https:\\\/\\\/schema.org\",\"@graph\":[{\"@type\":\"WebPage\",\"@id\":\"https:\\\/\\\/kirkensbymisjon.no\\\/tilbud-aksept\\\/vare-kurs\\\/ungcamp-2026\\\/\",\"url\":\"https:\\\/\\\/kirkensbymisjon.no\\\/tilbud-aksept\\\/vare-kurs\\\/ungcamp-2026\\\/\",\"name\":\"UngCamp 2026 - Aksept\",\"isPartOf\":{\"@id\":\"https:\\\/\\\/kirkensbymisjon.no\\\/tilbud-aksept\\\/#website\"},\"datePublished\":\"2026-04-08T07:28:32+00:00\",\"dateModified\":\"2026-04-09T07:48:57+00:00\",\"breadcrumb\":{\"@id\":\"https:\\\/\\\/kirkensbymisjon.no\\\/tilbud-aksept\\\/vare-kurs\\\/ungcamp-2026\\\/#breadcrumb\"},\"inLanguage\":\"nb-NO\",\"potentialAction\":[{\"@type\":\"ReadAction\",\"target\":[\"https:\\\/\\\/kirkensbymisjon.no\\\/tilbud-aksept\\\/vare-kurs\\\/ungcamp-2026\\\/\"]}]},{\"@type\":\"BreadcrumbList\",\"@id\":\"https:\\\/\\\/kirkensbymisjon.no\\\/tilbud-aksept\\\/vare-kurs\\\/ungcamp-2026\\\/#breadcrumb\",\"itemListElement\":[{\"@type\":\"ListItem\",\"position\":1,\"name\":\"Hjem\",\"item\":\"https:\\\/\\\/kirkensbymisjon.no\\\/tilbud-aksept\\\/\"},{\"@type\":\"ListItem\",\"position\":2,\"name\":\"V\u00e5re kurs\",\"item\":\"https:\\\/\\\/kirkensbymisjon.no\\\/tilbud-aksept\\\/vare-kurs\\\/\"},{\"@type\":\"ListItem\",\"position\":3,\"name\":\"UngCamp 2026\"}]},{\"@type\":\"WebSite\",\"@id\":\"https:\\\/\\\/kirkensbymisjon.no\\\/tilbud-aksept\\\/#website\",\"url\":\"https:\\\/\\\/kirkensbymisjon.no\\\/tilbud-aksept\\\/\",\"name\":\"Aksept\",\"description\":\"\",\"potentialAction\":[{\"@type\":\"SearchAction\",\"target\":{\"@type\":\"EntryPoint\",\"urlTemplate\":\"https:\\\/\\\/kirkensbymisjon.no\\\/tilbud-aksept\\\/?s={search_term_string}\"},\"query-input\":{\"@type\":\"PropertyValueSpecification\",\"valueRequired\":true,\"valueName\":\"search_term_string\"}}],\"inLanguage\":\"nb-NO\"}]}<\/script>\n<!-- \/ Yoast SEO Premium plugin. -->","yoast_head_json":{"title":"UngCamp 2026 - Aksept","robots":{"index":"index","follow":"follow","max-snippet":"max-snippet:-1","max-image-preview":"max-image-preview:large","max-video-preview":"max-video-preview:-1"},"canonical":"https:\/\/kirkensbymisjon.no\/tilbud-aksept\/vare-kurs\/ungcamp-2026\/","og_locale":"nb_NO","og_type":"article","og_title":"UngCamp 2026","og_description":"Kursinfo UngCamp 2026 Dato: 10.-13.august 2026 | Sted: Holmenkollen, Oslo Dette seminaret er for ungdom&hellip;","og_url":"https:\/\/kirkensbymisjon.no\/tilbud-aksept\/vare-kurs\/ungcamp-2026\/","og_site_name":"Aksept","article_modified_time":"2026-04-09T07:48:57+00:00","twitter_card":"summary_large_image","twitter_misc":{"Ansl. lesetid":"2 minutter"},"schema":{"@context":"https:\/\/schema.org","@graph":[{"@type":"WebPage","@id":"https:\/\/kirkensbymisjon.no\/tilbud-aksept\/vare-kurs\/ungcamp-2026\/","url":"https:\/\/kirkensbymisjon.no\/tilbud-aksept\/vare-kurs\/ungcamp-2026\/","name":"UngCamp 2026 - Aksept","isPartOf":{"@id":"https:\/\/kirkensbymisjon.no\/tilbud-aksept\/#website"},"datePublished":"2026-04-08T07:28:32+00:00","dateModified":"2026-04-09T07:48:57+00:00","breadcrumb":{"@id":"https:\/\/kirkensbymisjon.no\/tilbud-aksept\/vare-kurs\/ungcamp-2026\/#breadcrumb"},"inLanguage":"nb-NO","potentialAction":[{"@type":"ReadAction","target":["https:\/\/kirkensbymisjon.no\/tilbud-aksept\/vare-kurs\/ungcamp-2026\/"]}]},{"@type":"BreadcrumbList","@id":"https:\/\/kirkensbymisjon.no\/tilbud-aksept\/vare-kurs\/ungcamp-2026\/#breadcrumb","itemListElement":[{"@type":"ListItem","position":1,"name":"Hjem","item":"https:\/\/kirkensbymisjon.no\/tilbud-aksept\/"},{"@type":"ListItem","position":2,"name":"V\u00e5re kurs","item":"https:\/\/kirkensbymisjon.no\/tilbud-aksept\/vare-kurs\/"},{"@type":"ListItem","position":3,"name":"UngCamp 2026"}]},{"@type":"WebSite","@id":"https:\/\/kirkensbymisjon.no\/tilbud-aksept\/#website","url":"https:\/\/kirkensbymisjon.no\/tilbud-aksept\/","name":"Aksept","description":"","potentialAction":[{"@type":"SearchAction","target":{"@type":"EntryPoint","urlTemplate":"https:\/\/kirkensbymisjon.no\/tilbud-aksept\/?s={search_term_string}"},"query-input":{"@type":"PropertyValueSpecification","valueRequired":true,"valueName":"search_term_string"}}],"inLanguage":"nb-NO"}]}},"_links":{"self":[{"href":"https:\/\/kirkensbymisjon.no\/tilbud-aksept\/wp-json\/wp\/v2\/pages\/464","targetHints":{"allow":["GET"]}}],"collection":[{"href":"https:\/\/kirkensbymisjon.no\/tilbud-aksept\/wp-json\/wp\/v2\/pages"}],"about":[{"href":"https:\/\/kirkensbymisjon.no\/tilbud-aksept\/wp-json\/wp\/v2\/types\/page"}],"author":[{"embeddable":true,"href":"https:\/\/kirkensbymisjon.no\/tilbud-aksept\/wp-json\/wp\/v2\/users\/1765"}],"replies":[{"embeddable":true,"href":"https:\/\/kirkensbymisjon.no\/tilbud-aksept\/wp-json\/wp\/v2\/comments?post=464"}],"version-history":[{"count":2,"href":"https:\/\/kirkensbymisjon.no\/tilbud-aksept\/wp-json\/wp\/v2\/pages\/464\/revisions"}],"predecessor-version":[{"id":472,"href":"https:\/\/kirkensbymisjon.no\/tilbud-aksept\/wp-json\/wp\/v2\/pages\/464\/revisions\/472"}],"up":[{"embeddable":true,"href":"https:\/\/kirkensbymisjon.no\/tilbud-aksept\/wp-json\/wp\/v2\/pages\/368"}],"wp:attachment":[{"href":"https:\/\/kirkensbymisjon.no\/tilbud-aksept\/wp-json\/wp\/v2\/media?parent=464"}],"curies":[{"name":"wp","href":"https:\/\/api.w.org\/{rel}","templated":true}]}}