{"id":9,"date":"2024-08-06T16:58:45","date_gmt":"2024-08-06T14:58:45","guid":{"rendered":"https:\/\/kirkensbymisjon.no\/tilbud-aksept\/?page_id=9"},"modified":"2026-03-13T10:42:12","modified_gmt":"2026-03-13T09:42:12","slug":"om-aksept","status":"publish","type":"page","link":"https:\/\/kirkensbymisjon.no\/tilbud-aksept\/om-aksept\/","title":{"rendered":"Om Aksept"},"content":{"rendered":"\n<h2 class=\"wp-block-heading\" id=\"h-tilnaerming-og-metode\">Tiln\u00e6rming og metode<\/h2>\n\n\n\n<p>Vi har n\u00e6rmere 40 \u00e5rs erfaring fra hiv-feltet. V\u00e5re ansatte har h\u00f8y helse- og sosialfaglig kompetanse, samt lang og bred erfaring innenfor sine arbeidsfelt.<\/p>\n\n\n\n<p>Aksept er et helse- og sosialfaglig supplement til spesialisthelsetjenestene. Vi er del av en sammenhengende helsetjeneste for et godt pasientforl\u00f8p knyttet til psykososial oppf\u00f8lging av mennesker som lever med hiv. Samtidig er det \u00e5 f\u00e5 en hiv-diagnose mer enn en medisinsk utfordring. Derfor jobber vi med fokus p\u00e5 hele mennesket og hele livet.<\/p>\n\n\n\n<h3 class=\"wp-block-heading\" id=\"h-dette-vil-vi\">Dette vil vi:<\/h3>\n\n\n\n<ul class=\"wp-block-list\">\n<li>Gi omsorg og styrke livsmestringen til alle som er ber\u00f8rt av hiv.<\/li>\n\n\n\n<li>Forebygge og redusere nye tilfeller av hiv.<\/li>\n\n\n\n<li>\u00d8ke kunnskapsniv\u00e5et om hiv i helse- og sosialsektoren og i samfunnet for \u00f8vrig.<\/li>\n<\/ul>\n\n\n\n<h3 class=\"wp-block-heading\" id=\"h-slik-jobber-vi\">Slik jobber vi:<\/h3>\n\n\n\n<ul class=\"wp-block-list\">\n<li>Vi jobber dialogbasert med mestringsfokusert tiln\u00e6rming. <\/li>\n\n\n\n<li>Vi m\u00f8ter mennesker med respekt uavhengig av tro og livsvalg p\u00e5 en \u00e5pen og fordomsfri m\u00e5te. <\/li>\n\n\n\n<li>Vi er opptatt av hele mennesket; det fysiske, psykiske, relasjonelle, seksuelle, religi\u00f8se, kulturelle, arbeidsliv og fritid. <\/li>\n\n\n\n<li>Vi har fokus p\u00e5 individuelle behov og helhetlig ivaretakelse i et livsl\u00f8psperspektiv.<\/li>\n<\/ul>\n\n\n\n<p><strong><a href=\"https:\/\/kirkensbymisjon.no\/content\/uploads\/sites\/21\/2026\/02\/Personvernerklaering-Aksept.pdf\">Last ned v\u00e5r personvernerkl\u00e6ring<\/a>.<\/strong><\/p>\n","protected":false},"excerpt":{"rendered":"<p>Tiln\u00e6rming og metode Vi har n\u00e6rmere 40 \u00e5rs erfaring fra hiv-feltet. V\u00e5re ansatte har h\u00f8y&hellip;<\/p>\n","protected":false},"author":4,"featured_media":0,"parent":0,"menu_order":0,"comment_status":"closed","ping_status":"closed","template":"","meta":{"_relevanssi_hide_post":"","_relevanssi_hide_content":"","_relevanssi_pin_for_all":"","_relevanssi_pin_keywords":"","_relevanssi_unpin_keywords":"","_relevanssi_related_keywords":"","_relevanssi_related_include_ids":"","_relevanssi_related_exclude_ids":"","_relevanssi_related_no_append":"","_relevanssi_related_not_related":"","_relevanssi_related_posts":"1","_relevanssi_noindex_reason":"","editor_notices":[],"footnotes":""},"class_list":["post-9","page","type-page","status-publish","hentry"],"yoast_head":"<!-- This site is optimized with the Yoast SEO Premium plugin v27.2 (Yoast SEO v27.2) - https:\/\/yoast.com\/product\/yoast-seo-premium-wordpress\/ -->\n<title>Om Aksept - Aksept<\/title>\n<meta name=\"robots\" content=\"index, follow, max-snippet:-1, max-image-preview:large, max-video-preview:-1\" \/>\n<link rel=\"canonical\" href=\"https:\/\/kirkensbymisjon.no\/tilbud-aksept\/om-aksept\/\" \/>\n<meta property=\"og:locale\" content=\"nb_NO\" \/>\n<meta property=\"og:type\" content=\"article\" \/>\n<meta property=\"og:title\" content=\"Om Aksept\" \/>\n<meta property=\"og:description\" content=\"Tiln\u00e6rming og metode Vi har n\u00e6rmere 40 \u00e5rs erfaring fra hiv-feltet. V\u00e5re ansatte har h\u00f8y&hellip;\" \/>\n<meta property=\"og:url\" content=\"https:\/\/kirkensbymisjon.no\/tilbud-aksept\/om-aksept\/\" \/>\n<meta property=\"og:site_name\" content=\"Aksept\" \/>\n<meta property=\"article:modified_time\" content=\"2026-03-13T09:42:12+00:00\" \/>\n<meta name=\"twitter:card\" content=\"summary_large_image\" \/>\n<meta name=\"twitter:label1\" content=\"Ansl. lesetid\" \/>\n\t<meta name=\"twitter:data1\" content=\"1 minutt\" \/>\n<script type=\"application\/ld+json\" class=\"yoast-schema-graph\">{\"@context\":\"https:\/\/schema.org\",\"@graph\":[{\"@type\":\"WebPage\",\"@id\":\"https:\/\/kirkensbymisjon.no\/tilbud-aksept\/om-aksept\/\",\"url\":\"https:\/\/kirkensbymisjon.no\/tilbud-aksept\/om-aksept\/\",\"name\":\"Om Aksept - Aksept\",\"isPartOf\":{\"@id\":\"https:\/\/kirkensbymisjon.no\/tilbud-aksept\/#website\"},\"datePublished\":\"2024-08-06T14:58:45+00:00\",\"dateModified\":\"2026-03-13T09:42:12+00:00\",\"breadcrumb\":{\"@id\":\"https:\/\/kirkensbymisjon.no\/tilbud-aksept\/om-aksept\/#breadcrumb\"},\"inLanguage\":\"nb-NO\",\"potentialAction\":[{\"@type\":\"ReadAction\",\"target\":[\"https:\/\/kirkensbymisjon.no\/tilbud-aksept\/om-aksept\/\"]}]},{\"@type\":\"BreadcrumbList\",\"@id\":\"https:\/\/kirkensbymisjon.no\/tilbud-aksept\/om-aksept\/#breadcrumb\",\"itemListElement\":[{\"@type\":\"ListItem\",\"position\":1,\"name\":\"Hjem\",\"item\":\"https:\/\/kirkensbymisjon.no\/tilbud-aksept\/\"},{\"@type\":\"ListItem\",\"position\":2,\"name\":\"Om Aksept\"}]},{\"@type\":\"WebSite\",\"@id\":\"https:\/\/kirkensbymisjon.no\/tilbud-aksept\/#website\",\"url\":\"https:\/\/kirkensbymisjon.no\/tilbud-aksept\/\",\"name\":\"Aksept\",\"description\":\"\",\"potentialAction\":[{\"@type\":\"SearchAction\",\"target\":{\"@type\":\"EntryPoint\",\"urlTemplate\":\"https:\/\/kirkensbymisjon.no\/tilbud-aksept\/?s={search_term_string}\"},\"query-input\":{\"@type\":\"PropertyValueSpecification\",\"valueRequired\":true,\"valueName\":\"search_term_string\"}}],\"inLanguage\":\"nb-NO\"}]}<\/script>\n<!-- \/ Yoast SEO Premium plugin. -->","yoast_head_json":{"title":"Om Aksept - Aksept","robots":{"index":"index","follow":"follow","max-snippet":"max-snippet:-1","max-image-preview":"max-image-preview:large","max-video-preview":"max-video-preview:-1"},"canonical":"https:\/\/kirkensbymisjon.no\/tilbud-aksept\/om-aksept\/","og_locale":"nb_NO","og_type":"article","og_title":"Om Aksept","og_description":"Tiln\u00e6rming og metode Vi har n\u00e6rmere 40 \u00e5rs erfaring fra hiv-feltet. V\u00e5re ansatte har h\u00f8y&hellip;","og_url":"https:\/\/kirkensbymisjon.no\/tilbud-aksept\/om-aksept\/","og_site_name":"Aksept","article_modified_time":"2026-03-13T09:42:12+00:00","twitter_card":"summary_large_image","twitter_misc":{"Ansl. lesetid":"1 minutt"},"schema":{"@context":"https:\/\/schema.org","@graph":[{"@type":"WebPage","@id":"https:\/\/kirkensbymisjon.no\/tilbud-aksept\/om-aksept\/","url":"https:\/\/kirkensbymisjon.no\/tilbud-aksept\/om-aksept\/","name":"Om Aksept - Aksept","isPartOf":{"@id":"https:\/\/kirkensbymisjon.no\/tilbud-aksept\/#website"},"datePublished":"2024-08-06T14:58:45+00:00","dateModified":"2026-03-13T09:42:12+00:00","breadcrumb":{"@id":"https:\/\/kirkensbymisjon.no\/tilbud-aksept\/om-aksept\/#breadcrumb"},"inLanguage":"nb-NO","potentialAction":[{"@type":"ReadAction","target":["https:\/\/kirkensbymisjon.no\/tilbud-aksept\/om-aksept\/"]}]},{"@type":"BreadcrumbList","@id":"https:\/\/kirkensbymisjon.no\/tilbud-aksept\/om-aksept\/#breadcrumb","itemListElement":[{"@type":"ListItem","position":1,"name":"Hjem","item":"https:\/\/kirkensbymisjon.no\/tilbud-aksept\/"},{"@type":"ListItem","position":2,"name":"Om Aksept"}]},{"@type":"WebSite","@id":"https:\/\/kirkensbymisjon.no\/tilbud-aksept\/#website","url":"https:\/\/kirkensbymisjon.no\/tilbud-aksept\/","name":"Aksept","description":"","potentialAction":[{"@type":"SearchAction","target":{"@type":"EntryPoint","urlTemplate":"https:\/\/kirkensbymisjon.no\/tilbud-aksept\/?s={search_term_string}"},"query-input":{"@type":"PropertyValueSpecification","valueRequired":true,"valueName":"search_term_string"}}],"inLanguage":"nb-NO"}]}},"_links":{"self":[{"href":"https:\/\/kirkensbymisjon.no\/tilbud-aksept\/wp-json\/wp\/v2\/pages\/9","targetHints":{"allow":["GET"]}}],"collection":[{"href":"https:\/\/kirkensbymisjon.no\/tilbud-aksept\/wp-json\/wp\/v2\/pages"}],"about":[{"href":"https:\/\/kirkensbymisjon.no\/tilbud-aksept\/wp-json\/wp\/v2\/types\/page"}],"author":[{"embeddable":true,"href":"https:\/\/kirkensbymisjon.no\/tilbud-aksept\/wp-json\/wp\/v2\/users\/4"}],"replies":[{"embeddable":true,"href":"https:\/\/kirkensbymisjon.no\/tilbud-aksept\/wp-json\/wp\/v2\/comments?post=9"}],"version-history":[{"count":5,"href":"https:\/\/kirkensbymisjon.no\/tilbud-aksept\/wp-json\/wp\/v2\/pages\/9\/revisions"}],"predecessor-version":[{"id":442,"href":"https:\/\/kirkensbymisjon.no\/tilbud-aksept\/wp-json\/wp\/v2\/pages\/9\/revisions\/442"}],"wp:attachment":[{"href":"https:\/\/kirkensbymisjon.no\/tilbud-aksept\/wp-json\/wp\/v2\/media?parent=9"}],"curies":[{"name":"wp","href":"https:\/\/api.w.org\/{rel}","templated":true}]}}