{"id":2,"date":"2024-06-14T11:19:48","date_gmt":"2024-06-14T09:19:48","guid":{"rendered":"https:\/\/kirkensbymisjon.no\/tilbud-aktiv-framtid\/?page_id=2"},"modified":"2024-09-06T13:08:07","modified_gmt":"2024-09-06T11:08:07","slug":"aktiv-framtid","status":"publish","type":"page","link":"https:\/\/kirkensbymisjon.no\/tilbud-aktiv-framtid\/","title":{"rendered":"Forside"},"content":{"rendered":"\n<p>M\u00e5lgruppen ved Aktiv framtid er personer i behov av veiledning for \u00e5 komme tilbake til ordinert arbeid. I Aktiv framtid vil man kunne erfare en tiln\u00e6rming til arbeidslivet gjennom meningsfull aktivitet.<\/p>\n\n\n\n<h2 class=\"wp-block-heading\" id=\"h-dette-tilbyr-vi\">Dette tilbyr vi:<\/h2>\n\n\n\n<ul class=\"wp-block-list\">\n<li>Vaktmestertjeneste.<\/li>\n\n\n\n<li>Internkantine.<\/li>\n\n\n\n<li>Verksted.<\/li>\n<\/ul>\n\n\n\n<p>M\u00e5lrettet motivasjon og fokus rundt den enkelte deltagers behov for veiledning, er med p\u00e5 \u00e5 gi deltakerne positiv endring og opplevelse av mestring.<\/p>\n\n\n\n<p>Aktiv framtid er et aktivitetstilbud i samarbeid med veileder og NAV p\u00e5 Mulighetshuset. <a href=\"https:\/\/www.mulighetshuset.no\/\" target=\"_blank\" rel=\"noreferrer noopener\">Mulighetshuset<\/a>&nbsp;er et&nbsp;arbeids- og utdanningsrettet&nbsp;tiltak&nbsp;som drives av Sandefjord kommune og NAV.<\/p>\n\n\n\n<p>Tiltaket er for personer&nbsp;i aldersgruppen&nbsp;18\u201330&nbsp;\u00e5r, og andre over 30 \u00e5r som st\u00e5r utenfor jobb eller skole. M\u00e5lsettingen er \u00e5 bist\u00e5 deltakerne&nbsp;til raskt \u00e5 finne veien inn i arbeid eller utdanning.<\/p>\n\n\n\n<p>Mulighetshuset&nbsp;utf\u00f8rer kartlegging av alle som s\u00f8kes inn i tiltaket og resultatet av kartleggingen danner grunnlag for&nbsp;valg av oppf\u00f8lging den enkelte skal tilbys.<\/p>\n\n\n\n<p>Mulighetshuset driver et helhetlig aktivitetstilbud med form\u00e5l \u00e5 bist\u00e5 deltakere ut i arbeid eller utdanning.<\/p>\n\n\n\n<div class=\"wp-block-media-text alignwide is-stacked-on-mobile is-style-filled\"><figure class=\"wp-block-media-text__media\"><img decoding=\"async\" src=\"https:\/\/kirkensbymisjon.no\/content\/uploads\/2024\/06\/arbeidsfelt_arbeidsinkludering_02-1024x576.jpg\" alt=\"Ung jente i arbeidstrening ved Ung p\u00e5 dagtid i Halden\" class=\"wp-image-365 size-full\"\/><\/figure><div class=\"wp-block-media-text__content\">\n<h2 class=\"wp-block-heading\" id=\"h-arbeidsinkuldering\">Arbeidsinkuldering <\/h2>\n\n\n\n<p>Vi driver en rekke tilbud for \u00e5 hjelpe mennesker ut i arbeid. Det \u00e5 ha noe \u00e5 g\u00e5 til er viktig av mange grunner. For mange er arbeid et alternativ til noe vanskelig. Det kan handle om rus, ensomhet eller andre utfordringer. Gjennom v\u00e5rt arbeid kan vi bidra arbeidsfellesskap, mestring og inntekt.&nbsp;<\/p>\n\n\n\n<p><a href=\"\/arbeidsinkludering\">Les mer om v\u00e5re tilbud<\/a><\/p>\n<\/div><\/div>\n\n\n\n<h2 class=\"wp-block-heading\" id=\"h-aktivitetstilbudet-bestar-av\">Aktivitetstilbudet best\u00e5r av:<\/h2>\n\n\n\n<ul class=\"wp-block-list\">\n<li>Drift av m\u00f8bellager.<\/li>\n\n\n\n<li>Praktisk arbeid.<\/li>\n\n\n\n<li>Internkantine.<\/li>\n\n\n\n<li>Fysisk trening.<\/li>\n\n\n\n<li>Individuell oppf\u00f8lging.<\/li>\n<\/ul>\n\n\n\n<p>Deltakerne har oppm\u00f8te fra kl. 08.30\u201315.00.<\/p>\n\n\n\n<p>Mulighetshuset&nbsp;har&nbsp;ogs\u00e5&nbsp;et utstrakt samarbeid med andre instanser, som for eksempel&nbsp;oppf\u00f8lgingstjenesten (OT),&nbsp;psykisk helsetjeneste&nbsp;i kommunen (PHA) og sosiale entrepren\u00f8rer.<\/p>\n\n\n\n<p>Varigheten p\u00e5 tiltaket er individuelt. Mulighetshuset tar p\u00e5 seg sm\u00e5 og mellomstore oppdrag fra b\u00e5de private og offentlige akt\u00f8rer.<\/p>\n","protected":false},"excerpt":{"rendered":"<p>M\u00e5lgruppen ved Aktiv framtid er personer i behov av veiledning for \u00e5 komme tilbake til&hellip;<\/p>\n","protected":false},"author":1,"featured_media":4,"parent":0,"menu_order":0,"comment_status":"closed","ping_status":"closed","template":"","meta":{"_relevanssi_hide_post":"","_relevanssi_hide_content":"","_relevanssi_pin_for_all":"","_relevanssi_pin_keywords":"","_relevanssi_unpin_keywords":"","_relevanssi_related_keywords":"","_relevanssi_related_include_ids":"","_relevanssi_related_exclude_ids":"","_relevanssi_related_no_append":"","_relevanssi_related_not_related":"","_relevanssi_related_posts":"1","_relevanssi_noindex_reason":"","editor_notices":[],"footnotes":""},"class_list":["post-2","page","type-page","status-publish","has-post-thumbnail","hentry"],"yoast_head":"<!-- This site is optimized with the Yoast SEO Premium plugin v27.2 (Yoast SEO v27.2) - https:\/\/yoast.com\/product\/yoast-seo-premium-wordpress\/ -->\n<title>Kirkens Bymisjon - Aktiv framtid<\/title>\n<meta name=\"description\" content=\"Arbeidsrettet aktivitet og mestring.\" \/>\n<meta name=\"robots\" content=\"index, follow, max-snippet:-1, max-image-preview:large, max-video-preview:-1\" \/>\n<link rel=\"canonical\" href=\"https:\/\/kirkensbymisjon.no\/tilbud-aktiv-framtid\/\" \/>\n<meta property=\"og:locale\" content=\"nb_NO\" \/>\n<meta property=\"og:type\" content=\"article\" \/>\n<meta property=\"og:title\" content=\"Kirkens Bymisjon - Aktiv framtid\" \/>\n<meta property=\"og:description\" content=\"Arbeidsrettet aktivitet og mestring.\" \/>\n<meta property=\"og:url\" content=\"https:\/\/kirkensbymisjon.no\/tilbud-aktiv-framtid\/\" \/>\n<meta property=\"og:site_name\" content=\"Aktiv framtid\" \/>\n<meta property=\"article:modified_time\" content=\"2024-09-06T11:08:07+00:00\" \/>\n<meta property=\"og:image\" content=\"https:\/\/kirkensbymisjon.no\/content\/uploads\/sites\/5\/2024\/06\/Tilbud_Aktiv_framtid_01.webp\" \/>\n\t<meta property=\"og:image:width\" content=\"2560\" \/>\n\t<meta property=\"og:image:height\" content=\"1440\" \/>\n\t<meta property=\"og:image:type\" content=\"image\/webp\" \/>\n<meta name=\"twitter:card\" content=\"summary_large_image\" \/>\n<meta name=\"twitter:title\" content=\"Forside\" \/>\n<meta name=\"twitter:label1\" content=\"Ansl. lesetid\" \/>\n\t<meta name=\"twitter:data1\" content=\"2 minutter\" \/>\n<script type=\"application\/ld+json\" class=\"yoast-schema-graph\">{\"@context\":\"https:\/\/schema.org\",\"@graph\":[{\"@type\":\"WebPage\",\"@id\":\"https:\/\/kirkensbymisjon.no\/tilbud-aktiv-framtid\/\",\"url\":\"https:\/\/kirkensbymisjon.no\/tilbud-aktiv-framtid\/\",\"name\":\"Kirkens Bymisjon - Aktiv framtid\",\"isPartOf\":{\"@id\":\"https:\/\/kirkensbymisjon.no\/tilbud-aktiv-framtid\/#website\"},\"primaryImageOfPage\":{\"@id\":\"https:\/\/kirkensbymisjon.no\/tilbud-aktiv-framtid\/#primaryimage\"},\"image\":{\"@id\":\"https:\/\/kirkensbymisjon.no\/tilbud-aktiv-framtid\/#primaryimage\"},\"thumbnailUrl\":\"https:\/\/kirkensbymisjon.no\/content\/uploads\/sites\/5\/2024\/06\/Tilbud_Aktiv_framtid_01.webp\",\"datePublished\":\"2024-06-14T09:19:48+00:00\",\"dateModified\":\"2024-09-06T11:08:07+00:00\",\"description\":\"Arbeidsrettet aktivitet og mestring.\",\"breadcrumb\":{\"@id\":\"https:\/\/kirkensbymisjon.no\/tilbud-aktiv-framtid\/#breadcrumb\"},\"inLanguage\":\"nb-NO\",\"potentialAction\":[{\"@type\":\"ReadAction\",\"target\":[\"https:\/\/kirkensbymisjon.no\/tilbud-aktiv-framtid\/\"]}]},{\"@type\":\"ImageObject\",\"inLanguage\":\"nb-NO\",\"@id\":\"https:\/\/kirkensbymisjon.no\/tilbud-aktiv-framtid\/#primaryimage\",\"url\":\"https:\/\/kirkensbymisjon.no\/content\/uploads\/sites\/5\/2024\/06\/Tilbud_Aktiv_framtid_01.webp\",\"contentUrl\":\"https:\/\/kirkensbymisjon.no\/content\/uploads\/sites\/5\/2024\/06\/Tilbud_Aktiv_framtid_01.webp\",\"width\":2560,\"height\":1440,\"caption\":\"Mann i arbeid.\"},{\"@type\":\"BreadcrumbList\",\"@id\":\"https:\/\/kirkensbymisjon.no\/tilbud-aktiv-framtid\/#breadcrumb\",\"itemListElement\":[{\"@type\":\"ListItem\",\"position\":1,\"name\":\"Hjem\",\"item\":\"https:\/\/kirkensbymisjon.no\/tilbud-aktiv-framtid\/\"},{\"@type\":\"ListItem\",\"position\":2,\"name\":\"Forside\"}]},{\"@type\":\"WebSite\",\"@id\":\"https:\/\/kirkensbymisjon.no\/tilbud-aktiv-framtid\/#website\",\"url\":\"https:\/\/kirkensbymisjon.no\/tilbud-aktiv-framtid\/\",\"name\":\"Aktiv framtid\",\"description\":\"\",\"potentialAction\":[{\"@type\":\"SearchAction\",\"target\":{\"@type\":\"EntryPoint\",\"urlTemplate\":\"https:\/\/kirkensbymisjon.no\/tilbud-aktiv-framtid\/?s={search_term_string}\"},\"query-input\":{\"@type\":\"PropertyValueSpecification\",\"valueRequired\":true,\"valueName\":\"search_term_string\"}}],\"inLanguage\":\"nb-NO\"}]}<\/script>\n<!-- \/ Yoast SEO Premium plugin. -->","yoast_head_json":{"title":"Kirkens Bymisjon - Aktiv framtid","description":"Arbeidsrettet aktivitet og mestring.","robots":{"index":"index","follow":"follow","max-snippet":"max-snippet:-1","max-image-preview":"max-image-preview:large","max-video-preview":"max-video-preview:-1"},"canonical":"https:\/\/kirkensbymisjon.no\/tilbud-aktiv-framtid\/","og_locale":"nb_NO","og_type":"article","og_title":"Kirkens Bymisjon - Aktiv framtid","og_description":"Arbeidsrettet aktivitet og mestring.","og_url":"https:\/\/kirkensbymisjon.no\/tilbud-aktiv-framtid\/","og_site_name":"Aktiv framtid","article_modified_time":"2024-09-06T11:08:07+00:00","og_image":[{"width":2560,"height":1440,"url":"https:\/\/kirkensbymisjon.no\/content\/uploads\/sites\/5\/2024\/06\/Tilbud_Aktiv_framtid_01.webp","type":"image\/webp"}],"twitter_card":"summary_large_image","twitter_title":"Forside","twitter_misc":{"Ansl. lesetid":"2 minutter"},"schema":{"@context":"https:\/\/schema.org","@graph":[{"@type":"WebPage","@id":"https:\/\/kirkensbymisjon.no\/tilbud-aktiv-framtid\/","url":"https:\/\/kirkensbymisjon.no\/tilbud-aktiv-framtid\/","name":"Kirkens Bymisjon - Aktiv framtid","isPartOf":{"@id":"https:\/\/kirkensbymisjon.no\/tilbud-aktiv-framtid\/#website"},"primaryImageOfPage":{"@id":"https:\/\/kirkensbymisjon.no\/tilbud-aktiv-framtid\/#primaryimage"},"image":{"@id":"https:\/\/kirkensbymisjon.no\/tilbud-aktiv-framtid\/#primaryimage"},"thumbnailUrl":"https:\/\/kirkensbymisjon.no\/content\/uploads\/sites\/5\/2024\/06\/Tilbud_Aktiv_framtid_01.webp","datePublished":"2024-06-14T09:19:48+00:00","dateModified":"2024-09-06T11:08:07+00:00","description":"Arbeidsrettet aktivitet og mestring.","breadcrumb":{"@id":"https:\/\/kirkensbymisjon.no\/tilbud-aktiv-framtid\/#breadcrumb"},"inLanguage":"nb-NO","potentialAction":[{"@type":"ReadAction","target":["https:\/\/kirkensbymisjon.no\/tilbud-aktiv-framtid\/"]}]},{"@type":"ImageObject","inLanguage":"nb-NO","@id":"https:\/\/kirkensbymisjon.no\/tilbud-aktiv-framtid\/#primaryimage","url":"https:\/\/kirkensbymisjon.no\/content\/uploads\/sites\/5\/2024\/06\/Tilbud_Aktiv_framtid_01.webp","contentUrl":"https:\/\/kirkensbymisjon.no\/content\/uploads\/sites\/5\/2024\/06\/Tilbud_Aktiv_framtid_01.webp","width":2560,"height":1440,"caption":"Mann i arbeid."},{"@type":"BreadcrumbList","@id":"https:\/\/kirkensbymisjon.no\/tilbud-aktiv-framtid\/#breadcrumb","itemListElement":[{"@type":"ListItem","position":1,"name":"Hjem","item":"https:\/\/kirkensbymisjon.no\/tilbud-aktiv-framtid\/"},{"@type":"ListItem","position":2,"name":"Forside"}]},{"@type":"WebSite","@id":"https:\/\/kirkensbymisjon.no\/tilbud-aktiv-framtid\/#website","url":"https:\/\/kirkensbymisjon.no\/tilbud-aktiv-framtid\/","name":"Aktiv framtid","description":"","potentialAction":[{"@type":"SearchAction","target":{"@type":"EntryPoint","urlTemplate":"https:\/\/kirkensbymisjon.no\/tilbud-aktiv-framtid\/?s={search_term_string}"},"query-input":{"@type":"PropertyValueSpecification","valueRequired":true,"valueName":"search_term_string"}}],"inLanguage":"nb-NO"}]}},"_links":{"self":[{"href":"https:\/\/kirkensbymisjon.no\/tilbud-aktiv-framtid\/wp-json\/wp\/v2\/pages\/2","targetHints":{"allow":["GET"]}}],"collection":[{"href":"https:\/\/kirkensbymisjon.no\/tilbud-aktiv-framtid\/wp-json\/wp\/v2\/pages"}],"about":[{"href":"https:\/\/kirkensbymisjon.no\/tilbud-aktiv-framtid\/wp-json\/wp\/v2\/types\/page"}],"author":[{"embeddable":true,"href":"https:\/\/kirkensbymisjon.no\/tilbud-aktiv-framtid\/wp-json\/wp\/v2\/users\/1"}],"replies":[{"embeddable":true,"href":"https:\/\/kirkensbymisjon.no\/tilbud-aktiv-framtid\/wp-json\/wp\/v2\/comments?post=2"}],"version-history":[{"count":5,"href":"https:\/\/kirkensbymisjon.no\/tilbud-aktiv-framtid\/wp-json\/wp\/v2\/pages\/2\/revisions"}],"predecessor-version":[{"id":64,"href":"https:\/\/kirkensbymisjon.no\/tilbud-aktiv-framtid\/wp-json\/wp\/v2\/pages\/2\/revisions\/64"}],"wp:featuredmedia":[{"embeddable":true,"href":"https:\/\/kirkensbymisjon.no\/tilbud-aktiv-framtid\/wp-json\/wp\/v2\/media\/4"}],"wp:attachment":[{"href":"https:\/\/kirkensbymisjon.no\/tilbud-aktiv-framtid\/wp-json\/wp\/v2\/media?parent=2"}],"curies":[{"name":"wp","href":"https:\/\/api.w.org\/{rel}","templated":true}]}}