{"id":2,"date":"2024-06-14T12:13:11","date_gmt":"2024-06-14T10:13:11","guid":{"rendered":"https:\/\/kirkensbymisjon.no\/tilbud-aktiv-fritid\/?page_id=2"},"modified":"2024-11-22T16:05:38","modified_gmt":"2024-11-22T15:05:38","slug":"aktiv-fritid","status":"publish","type":"page","link":"https:\/\/kirkensbymisjon.no\/tilbud-aktiv-fritid\/","title":{"rendered":"Forside"},"content":{"rendered":"\n<p>Vi har et bredt tilbud av aktiviteter b\u00e5de gruppevis og individuelt. Vi tror at bevegelse gir bedre fysisk og psykisk helse. Vi har ulike fritidstilbud innen trening, friluft og kultur til mennesker som har behov og nytte av et rusfritt nettverk.<\/p>\n\n\n\n<p>Vi tilbyr en rekke aktiviteter for mennesker som av ulike grunner faller utenfor organiserte fellesskap. All deltakelse er gratis. Vi har ogs\u00e5 muligheter for utl\u00e5n av sport- og fritidsutstyr gjennom <a href=\"\/tilbud-skattkammeret\" target=\"_blank\" rel=\"noreferrer noopener\">Skattkammeret<\/a>.<\/p>\n\n\n\n<div class=\"wp-block-media-text alignwide is-stacked-on-mobile is-style-filled\"><figure class=\"wp-block-media-text__media\"><img loading=\"lazy\" decoding=\"async\" width=\"1024\" height=\"780\" src=\"https:\/\/kirkensbymisjon.no\/content\/uploads\/sites\/6\/2024\/06\/Standard_Skattkammeret_01-1024x780.jpg\" alt=\"\" class=\"wp-image-45 size-full\" srcset=\"https:\/\/kirkensbymisjon.no\/content\/uploads\/sites\/6\/2024\/06\/Standard_Skattkammeret_01-1024x780.jpg 1024w, https:\/\/kirkensbymisjon.no\/content\/uploads\/sites\/6\/2024\/06\/Standard_Skattkammeret_01-300x229.jpg 300w, https:\/\/kirkensbymisjon.no\/content\/uploads\/sites\/6\/2024\/06\/Standard_Skattkammeret_01-768x585.jpg 768w, https:\/\/kirkensbymisjon.no\/content\/uploads\/sites\/6\/2024\/06\/Standard_Skattkammeret_01.jpg 1537w\" sizes=\"auto, (max-width: 1024px) 100vw, 1024px\" \/><\/figure><div class=\"wp-block-media-text__content\">\n<h2 class=\"wp-block-heading\" id=\"h-skattkammeret\">Skattkammeret<\/h2>\n\n\n\n<p>Her kan barn og unge l\u00e5ne sports- og fritidsutstyr gratis. Flere steder i landet arrangerer vi ogs\u00e5 kostnadsfrie aktiviteter.<\/p>\n\n\n\n<p><a href=\"\/tilbud-skattkammeret\">Les mer om v\u00e5re tilbud<\/a><\/p>\n<\/div><\/div>\n\n\n\n<h2 class=\"wp-block-heading\" id=\"h-aktiv-fritid-tilbyr-bl-a\">Aktiv fritid tilbyr bl.a.:<\/h2>\n\n\n\n<ul class=\"wp-block-list\">\n<li>Kvelds\u00e5pen kaf\u00e9 i <a href=\"\/tilbud-aktivitetskafe\" target=\"_blank\" rel=\"noreferrer noopener\">Aktivitetskafeen<\/a>.<\/li>\n\n\n\n<li>G\u00e5turer i n\u00e6romr\u00e5det.<\/li>\n\n\n\n<li>Overnattingsturer.<\/li>\n\n\n\n<li>Fysiske aktiviteter som boksing, crossfit, sykkel, yoga, golf, ski- og l\u00f8pegrupper.<\/li>\n\n\n\n<li>Kreativ gruppe.<\/li>\n<\/ul>\n\n\n\n<p>All deltakelse er lavterskel og tilpasses alle niv\u00e5er. Gjennom tilbudene v\u00e5re vil vi bidra til at mennesker \u00f8ker evnen til \u00e5 st\u00e5 i ulike relasjoner, samt forhindre tilbakefall til u\u00f8nsket adferd, \u00f8kt rusbruk eller symptomtrykk.<\/p>\n\n\n\n<p>D\u00f8gnet har som kjent 24 timer, i hovedsak kan man si at 8 timer er relatert til arbeid\/utdanning, 8 sover vi og de siste 8 er til \u00abfri disposisjon\u00bb. Vi tror det er viktig \u00e5 ha en aktiv fritid med gode medmennesker i hverdagen. Derfor har vi fokus p\u00e5 utvikling, mestring, engasjement og nettverksbygging for \u00e5 forebygge tilbakefall, isolasjon, ensomhet og rus.<\/p>\n\n\n\n<div class=\"wp-block-media-text alignwide is-stacked-on-mobile is-style-filled\"><figure class=\"wp-block-media-text__media\"><img decoding=\"async\" src=\"https:\/\/kirkensbymisjon.no\/content\/uploads\/sites\/80\/2024\/08\/tilbud_Aktivitetskafe_02.jpg\" alt=\"Matservering\" class=\"wp-image-30 size-full\" \/><\/figure><div class=\"wp-block-media-text__content\">\n<h2 class=\"wp-block-heading\" id=\"h-skal-det-vaere-en-hjertevarm-kaffe\">Skal det v\u00e6re en hjertevarm kaffe?<\/h2>\n\n\n\n<p>Aktivitetskafeen i Drammen er \u00e5pen for alle, men er spesielt tilrettelagt for mennesker i n\u00e6rmilj\u00f8et med ulike utfordringer i livet og i hverdagen.<\/p>\n\n\n\n<p><a href=\"\/tilbud-aktivitetskafe\" target=\"_blank\" rel=\"noreferrer noopener\">Les mer om v\u00e5re tilbud<\/a><\/p>\n<\/div><\/div>\n\n\n\n<h2 class=\"wp-block-heading\" id=\"h-hvem-kan-delta\">Hvem kan delta?<\/h2>\n\n\n\n<ul class=\"wp-block-list\">\n<li>Alle deltakere og jobbs\u00f8kere som er tilknyttet et av v\u00e5re tilbud i Drammen.<\/li>\n\n\n\n<li>Mennesker med utfordringer knyttet til psykisk helse eller rus. Den enkelte m\u00e5 ha et avklart forhold til sin avhengighet, og et \u00f8nske om varig rusfrihet.<\/li>\n\n\n\n<li>Mennesker med soningsbakgrunn eller som gjennomf\u00f8rer straffegjennomf\u00f8ring i frihet.<\/li>\n\n\n\n<li>Innvandrere og flyktninger.<\/li>\n\n\n\n<li>Mennesker med fattigdomsutfordringer, som ikke har mulighet til organisert deltakelse via andre tilbud.<\/li>\n\n\n\n<li>Unge i faresonen \u2013 i et forebyggende perspektiv.<\/li>\n<\/ul>\n\n\n\n<div class=\"wp-block-media-text alignwide is-stacked-on-mobile is-style-filled\"><figure class=\"wp-block-media-text__media\"><img decoding=\"async\" src=\"https:\/\/kirkensbymisjon.no\/content\/uploads\/2024\/09\/Standard_Bli-frivillig_01-1024x751.jpg\" alt=\"Frivillige i samtale med gjest i kafeen. Foto: Kirkens Bymisjon\" class=\"wp-image-3078 size-full\" \/><\/figure><div class=\"wp-block-media-text__content\">\n<h2 class=\"wp-block-heading\" id=\"h-bli-frivillig-nbsp\"><strong>Bli frivillig!<\/strong>&nbsp;<\/h2>\n\n\n\n<p>Vi trenger deg som \u00f8nsker \u00e5 gj\u00f8re en frivillig innsats til nytte og glede for andre og deg selv. Gjennom frivillig engasjement kan du bruke din erfaring og kompetanse \u2013 eller l\u00e6re noe nytt.&nbsp;<\/p>\n\n\n\n<p><a href=\"\/bli-frivillig\">Les mer om frivillighet<\/a><\/p>\n<\/div><\/div>\n\n\n\n<h2 class=\"wp-block-heading\" id=\"h-aktiv-fritid-skal-bidra-til\">Aktiv fritid skal bidra til:<\/h2>\n\n\n\n<ul class=\"wp-block-list\">\n<li>Aktiv deltakelse.<\/li>\n\n\n\n<li>Nye sosiale nettverk.<\/li>\n\n\n\n<li>Fellesskap.<\/li>\n\n\n\n<li>Utvikling av evner og interesser.<\/li>\n\n\n\n<li>Mestringsopplevelser.<\/li>\n\n\n\n<li>Hjelp til selvhjelp.<\/li>\n<\/ul>\n\n\n\n<h2 class=\"wp-block-heading\" id=\"h-hvem-er-involvert-i-arbeidet\">Hvem er involvert i arbeidet?<\/h2>\n\n\n<div class=\"t2-accordion wp-block-t2-accordion\" data-allow-multiple=\"1\" role=\"list\">\n<div class=\"t2-accordion-item wp-block-t2-accordion-item\" role=\"listitem\">\n\t\t\t<h2 class=\"t2-accordion-title\">\n\t\t\t\t<button type=\"button\" class=\"t2-accordion-trigger\" id=\"aktivitetskoordinator\" aria-controls=\"accordion-panel\" aria-expanded=\"false\">\n\t\t\t\t\tAktivitetskoordinator\n\t\t\t\t\t<span class=\"t2-accordion-icon is-closed-icon\"><svg xmlns=\"http:\/\/www.w3.org\/2000\/svg\" viewBox=\"0 0 24 24\" height=\"24\" width=\"24\" class=\"t2-icon t2-icon-plus\" aria-hidden=\"true\" focusable=\"false\"><path d=\"M11.8 5.037a1.088 1.088 0 0 0-.722.566c-.075.148-.078.25-.078 2.772v2.619l-2.61.016c-1.867.012-2.652.03-2.756.064-.168.055-.438.301-.54.494-.049.092-.07.223-.07.432 0 .34.054.476.282.704.289.289.14.275 3.064.288l2.63.012v2.619c0 2.544.002 2.625.08 2.778.191.372.516.577.92.577s.729-.205.92-.577c.078-.153.08-.234.08-2.778v-2.619l2.63-.012c2.924-.013 2.775.001 3.064-.288.228-.228.282-.364.282-.704 0-.209-.021-.34-.07-.432-.102-.193-.372-.439-.54-.494-.104-.034-.889-.052-2.756-.064L13 10.994V8.375c0-2.522-.003-2.624-.078-2.772-.214-.418-.685-.656-1.122-.566\"\/><\/svg><\/span>\n\t\t\t\t\t<span class=\"t2-accordion-icon is-open-icon\"><svg xmlns=\"http:\/\/www.w3.org\/2000\/svg\" viewBox=\"0 0 24 24\" height=\"24\" width=\"24\" class=\"t2-icon t2-icon-chevronup\" aria-hidden=\"true\" focusable=\"false\"><path d=\"M6.7 14.7c-.2-.2-.3-.4-.3-.7s.1-.5.3-.7l4.6-4.6c.1-.1.2-.2.3-.2.1 0 .2-.1.4-.1.1 0 .3 0 .4.1.1 0 .2.1.3.2l4.6 4.6c.2.2.3.4.3.7s-.1.5-.3.7c-.2.2-.4.3-.7.3s-.5-.1-.7-.3L12 10.8l-3.9 3.9c-.2.2-.4.3-.7.3s-.5-.1-.7-.3z\" fill=\"currentColor\" \/><\/svg><\/span>\n\t\t\t\t<\/button>\n\t\t\t<\/h2>\n\t\t\t<div class=\"t2-accordion-item__inner-container is-layout-flow\" id=\"accordion-panel\" aria-labelledby=\"aktivitetskoordinator\" role=\"region\" hidden>\n\t\t\t\t\n\n<p>Deltar ved flere av de ulike gruppeaktivitetene og koordinerer tilbudet.<\/p>\n\n\n\t\t\t<\/div>\n\t\t<\/div>\n\n<div class=\"t2-accordion-item wp-block-t2-accordion-item\" role=\"listitem\">\n\t\t\t<h2 class=\"t2-accordion-title\">\n\t\t\t\t<button type=\"button\" class=\"t2-accordion-trigger\" id=\"frivillige\" aria-controls=\"accordion-panel-1\" aria-expanded=\"false\">\n\t\t\t\t\tFrivillige\n\t\t\t\t\t<span class=\"t2-accordion-icon is-closed-icon\"><svg xmlns=\"http:\/\/www.w3.org\/2000\/svg\" viewBox=\"0 0 24 24\" height=\"24\" width=\"24\" class=\"t2-icon t2-icon-plus\" aria-hidden=\"true\" focusable=\"false\"><path d=\"M11.8 5.037a1.088 1.088 0 0 0-.722.566c-.075.148-.078.25-.078 2.772v2.619l-2.61.016c-1.867.012-2.652.03-2.756.064-.168.055-.438.301-.54.494-.049.092-.07.223-.07.432 0 .34.054.476.282.704.289.289.14.275 3.064.288l2.63.012v2.619c0 2.544.002 2.625.08 2.778.191.372.516.577.92.577s.729-.205.92-.577c.078-.153.08-.234.08-2.778v-2.619l2.63-.012c2.924-.013 2.775.001 3.064-.288.228-.228.282-.364.282-.704 0-.209-.021-.34-.07-.432-.102-.193-.372-.439-.54-.494-.104-.034-.889-.052-2.756-.064L13 10.994V8.375c0-2.522-.003-2.624-.078-2.772-.214-.418-.685-.656-1.122-.566\"\/><\/svg><\/span>\n\t\t\t\t\t<span class=\"t2-accordion-icon is-open-icon\"><svg xmlns=\"http:\/\/www.w3.org\/2000\/svg\" viewBox=\"0 0 24 24\" height=\"24\" width=\"24\" class=\"t2-icon t2-icon-chevronup\" aria-hidden=\"true\" focusable=\"false\"><path d=\"M6.7 14.7c-.2-.2-.3-.4-.3-.7s.1-.5.3-.7l4.6-4.6c.1-.1.2-.2.3-.2.1 0 .2-.1.4-.1.1 0 .3 0 .4.1.1 0 .2.1.3.2l4.6 4.6c.2.2.3.4.3.7s-.1.5-.3.7c-.2.2-.4.3-.7.3s-.5-.1-.7-.3L12 10.8l-3.9 3.9c-.2.2-.4.3-.7.3s-.5-.1-.7-.3z\" fill=\"currentColor\" \/><\/svg><\/span>\n\t\t\t\t<\/button>\n\t\t\t<\/h2>\n\t\t\t<div class=\"t2-accordion-item__inner-container is-layout-flow\" id=\"accordion-panel-1\" aria-labelledby=\"frivillige\" role=\"region\" hidden>\n\t\t\t\t\n\n<p>Deltakere som har erfaring med bestemte aktiviteter rekrutteres gjerne inn som frivillige i gjennomf\u00f8ringen av enkelte aktiviteter. Vi har tilknyttet oss frivillige fra mange milj\u00f8er og bakgrunner, bl.a. mennesker med kompetanse innen friluft, idrett og lokalkunnskap. Samt andre som \u00f8nsker \u00e5 bidra inn med positiv tilstedev\u00e6relse i v\u00e5re aktiviteter.<\/p>\n\n\n\t\t\t<\/div>\n\t\t<\/div>\n\n<div class=\"t2-accordion-item wp-block-t2-accordion-item\" role=\"listitem\">\n\t\t\t<h2 class=\"t2-accordion-title\">\n\t\t\t\t<button type=\"button\" class=\"t2-accordion-trigger\" id=\"samarbeidspartnere\" aria-controls=\"accordion-panel-2\" aria-expanded=\"false\">\n\t\t\t\t\tSamarbeidspartnere\n\t\t\t\t\t<span class=\"t2-accordion-icon is-closed-icon\"><svg xmlns=\"http:\/\/www.w3.org\/2000\/svg\" viewBox=\"0 0 24 24\" height=\"24\" width=\"24\" class=\"t2-icon t2-icon-plus\" aria-hidden=\"true\" focusable=\"false\"><path d=\"M11.8 5.037a1.088 1.088 0 0 0-.722.566c-.075.148-.078.25-.078 2.772v2.619l-2.61.016c-1.867.012-2.652.03-2.756.064-.168.055-.438.301-.54.494-.049.092-.07.223-.07.432 0 .34.054.476.282.704.289.289.14.275 3.064.288l2.63.012v2.619c0 2.544.002 2.625.08 2.778.191.372.516.577.92.577s.729-.205.92-.577c.078-.153.08-.234.08-2.778v-2.619l2.63-.012c2.924-.013 2.775.001 3.064-.288.228-.228.282-.364.282-.704 0-.209-.021-.34-.07-.432-.102-.193-.372-.439-.54-.494-.104-.034-.889-.052-2.756-.064L13 10.994V8.375c0-2.522-.003-2.624-.078-2.772-.214-.418-.685-.656-1.122-.566\"\/><\/svg><\/span>\n\t\t\t\t\t<span class=\"t2-accordion-icon is-open-icon\"><svg xmlns=\"http:\/\/www.w3.org\/2000\/svg\" viewBox=\"0 0 24 24\" height=\"24\" width=\"24\" class=\"t2-icon t2-icon-chevronup\" aria-hidden=\"true\" focusable=\"false\"><path d=\"M6.7 14.7c-.2-.2-.3-.4-.3-.7s.1-.5.3-.7l4.6-4.6c.1-.1.2-.2.3-.2.1 0 .2-.1.4-.1.1 0 .3 0 .4.1.1 0 .2.1.3.2l4.6 4.6c.2.2.3.4.3.7s-.1.5-.3.7c-.2.2-.4.3-.7.3s-.5-.1-.7-.3L12 10.8l-3.9 3.9c-.2.2-.4.3-.7.3s-.5-.1-.7-.3z\" fill=\"currentColor\" \/><\/svg><\/span>\n\t\t\t\t<\/button>\n\t\t\t<\/h2>\n\t\t\t<div class=\"t2-accordion-item__inner-container is-layout-flow\" id=\"accordion-panel-2\" aria-labelledby=\"samarbeidspartnere\" role=\"region\" hidden>\n\t\t\t\t\n\n<p>Ulike klubber, lag og foreninger som vi samarbeider med.<\/p>\n\n\n\t\t\t<\/div>\n\t\t<\/div>\n<\/div>","protected":false},"excerpt":{"rendered":"<p>Vi har et bredt tilbud av aktiviteter b\u00e5de gruppevis og individuelt. Vi tror at bevegelse&hellip;<\/p>\n","protected":false},"author":1,"featured_media":5,"parent":0,"menu_order":0,"comment_status":"closed","ping_status":"closed","template":"","meta":{"_relevanssi_hide_post":"","_relevanssi_hide_content":"","_relevanssi_pin_for_all":"","_relevanssi_pin_keywords":"","_relevanssi_unpin_keywords":"","_relevanssi_related_keywords":"","_relevanssi_related_include_ids":"","_relevanssi_related_exclude_ids":"","_relevanssi_related_no_append":"","_relevanssi_related_not_related":"","_relevanssi_related_posts":"1","_relevanssi_noindex_reason":"","editor_notices":[],"footnotes":""},"class_list":["post-2","page","type-page","status-publish","has-post-thumbnail","hentry"],"yoast_head":"<!-- This site is optimized with the Yoast SEO Premium plugin v27.2 (Yoast SEO v27.2) - https:\/\/yoast.com\/product\/yoast-seo-premium-wordpress\/ -->\n<title>Kirkens Bymisjon - Aktiv fritid<\/title>\n<meta name=\"description\" content=\"Et helhetlig aktivitets- og nettverkstilbud i Drammen\" \/>\n<meta name=\"robots\" content=\"index, follow, max-snippet:-1, max-image-preview:large, max-video-preview:-1\" \/>\n<link rel=\"canonical\" href=\"https:\/\/kirkensbymisjon.no\/tilbud-aktiv-fritid\/\" \/>\n<meta property=\"og:locale\" content=\"nb_NO\" \/>\n<meta property=\"og:type\" content=\"article\" \/>\n<meta property=\"og:title\" content=\"Forside\" \/>\n<meta property=\"og:description\" content=\"Et helhetlig aktivitets- og nettverkstilbud i Drammen\" \/>\n<meta property=\"og:url\" content=\"https:\/\/kirkensbymisjon.no\/tilbud-aktiv-fritid\/\" \/>\n<meta property=\"og:site_name\" content=\"Aktiv fritid\" \/>\n<meta property=\"article:modified_time\" content=\"2024-11-22T15:05:38+00:00\" \/>\n<meta property=\"og:image\" content=\"https:\/\/kirkensbymisjon.no\/content\/uploads\/sites\/6\/2024\/06\/Tilbud_Aktiv_Fritid_01.jpeg\" \/>\n\t<meta property=\"og:image:width\" content=\"1000\" \/>\n\t<meta property=\"og:image:height\" content=\"500\" \/>\n\t<meta property=\"og:image:type\" content=\"image\/jpeg\" \/>\n<meta name=\"twitter:card\" content=\"summary_large_image\" \/>\n<meta name=\"twitter:label1\" content=\"Ansl. lesetid\" \/>\n\t<meta name=\"twitter:data1\" content=\"3 minutter\" \/>\n<script type=\"application\/ld+json\" class=\"yoast-schema-graph\">{\"@context\":\"https:\/\/schema.org\",\"@graph\":[{\"@type\":\"WebPage\",\"@id\":\"https:\/\/kirkensbymisjon.no\/tilbud-aktiv-fritid\/\",\"url\":\"https:\/\/kirkensbymisjon.no\/tilbud-aktiv-fritid\/\",\"name\":\"Kirkens Bymisjon - Aktiv fritid\",\"isPartOf\":{\"@id\":\"https:\/\/kirkensbymisjon.no\/tilbud-aktiv-fritid\/#website\"},\"primaryImageOfPage\":{\"@id\":\"https:\/\/kirkensbymisjon.no\/tilbud-aktiv-fritid\/#primaryimage\"},\"image\":{\"@id\":\"https:\/\/kirkensbymisjon.no\/tilbud-aktiv-fritid\/#primaryimage\"},\"thumbnailUrl\":\"https:\/\/kirkensbymisjon.no\/content\/uploads\/sites\/6\/2024\/06\/Tilbud_Aktiv_Fritid_01.jpeg\",\"datePublished\":\"2024-06-14T10:13:11+00:00\",\"dateModified\":\"2024-11-22T15:05:38+00:00\",\"description\":\"Et helhetlig aktivitets- og nettverkstilbud i Drammen\",\"breadcrumb\":{\"@id\":\"https:\/\/kirkensbymisjon.no\/tilbud-aktiv-fritid\/#breadcrumb\"},\"inLanguage\":\"nb-NO\",\"potentialAction\":[{\"@type\":\"ReadAction\",\"target\":[\"https:\/\/kirkensbymisjon.no\/tilbud-aktiv-fritid\/\"]}]},{\"@type\":\"ImageObject\",\"inLanguage\":\"nb-NO\",\"@id\":\"https:\/\/kirkensbymisjon.no\/tilbud-aktiv-fritid\/#primaryimage\",\"url\":\"https:\/\/kirkensbymisjon.no\/content\/uploads\/sites\/6\/2024\/06\/Tilbud_Aktiv_Fritid_01.jpeg\",\"contentUrl\":\"https:\/\/kirkensbymisjon.no\/content\/uploads\/sites\/6\/2024\/06\/Tilbud_Aktiv_Fritid_01.jpeg\",\"width\":1000,\"height\":500,\"caption\":\"Mann som trener boksing\"},{\"@type\":\"BreadcrumbList\",\"@id\":\"https:\/\/kirkensbymisjon.no\/tilbud-aktiv-fritid\/#breadcrumb\",\"itemListElement\":[{\"@type\":\"ListItem\",\"position\":1,\"name\":\"Hjem\",\"item\":\"https:\/\/kirkensbymisjon.no\/tilbud-aktiv-fritid\/\"},{\"@type\":\"ListItem\",\"position\":2,\"name\":\"Forside\"}]},{\"@type\":\"WebSite\",\"@id\":\"https:\/\/kirkensbymisjon.no\/tilbud-aktiv-fritid\/#website\",\"url\":\"https:\/\/kirkensbymisjon.no\/tilbud-aktiv-fritid\/\",\"name\":\"Aktiv fritid\",\"description\":\"\",\"potentialAction\":[{\"@type\":\"SearchAction\",\"target\":{\"@type\":\"EntryPoint\",\"urlTemplate\":\"https:\/\/kirkensbymisjon.no\/tilbud-aktiv-fritid\/?s={search_term_string}\"},\"query-input\":{\"@type\":\"PropertyValueSpecification\",\"valueRequired\":true,\"valueName\":\"search_term_string\"}}],\"inLanguage\":\"nb-NO\"}]}<\/script>\n<!-- \/ Yoast SEO Premium plugin. -->","yoast_head_json":{"title":"Kirkens Bymisjon - Aktiv fritid","description":"Et helhetlig aktivitets- og nettverkstilbud i Drammen","robots":{"index":"index","follow":"follow","max-snippet":"max-snippet:-1","max-image-preview":"max-image-preview:large","max-video-preview":"max-video-preview:-1"},"canonical":"https:\/\/kirkensbymisjon.no\/tilbud-aktiv-fritid\/","og_locale":"nb_NO","og_type":"article","og_title":"Forside","og_description":"Et helhetlig aktivitets- og nettverkstilbud i Drammen","og_url":"https:\/\/kirkensbymisjon.no\/tilbud-aktiv-fritid\/","og_site_name":"Aktiv fritid","article_modified_time":"2024-11-22T15:05:38+00:00","og_image":[{"width":1000,"height":500,"url":"https:\/\/kirkensbymisjon.no\/content\/uploads\/sites\/6\/2024\/06\/Tilbud_Aktiv_Fritid_01.jpeg","type":"image\/jpeg"}],"twitter_card":"summary_large_image","twitter_misc":{"Ansl. lesetid":"3 minutter"},"schema":{"@context":"https:\/\/schema.org","@graph":[{"@type":"WebPage","@id":"https:\/\/kirkensbymisjon.no\/tilbud-aktiv-fritid\/","url":"https:\/\/kirkensbymisjon.no\/tilbud-aktiv-fritid\/","name":"Kirkens Bymisjon - Aktiv fritid","isPartOf":{"@id":"https:\/\/kirkensbymisjon.no\/tilbud-aktiv-fritid\/#website"},"primaryImageOfPage":{"@id":"https:\/\/kirkensbymisjon.no\/tilbud-aktiv-fritid\/#primaryimage"},"image":{"@id":"https:\/\/kirkensbymisjon.no\/tilbud-aktiv-fritid\/#primaryimage"},"thumbnailUrl":"https:\/\/kirkensbymisjon.no\/content\/uploads\/sites\/6\/2024\/06\/Tilbud_Aktiv_Fritid_01.jpeg","datePublished":"2024-06-14T10:13:11+00:00","dateModified":"2024-11-22T15:05:38+00:00","description":"Et helhetlig aktivitets- og nettverkstilbud i Drammen","breadcrumb":{"@id":"https:\/\/kirkensbymisjon.no\/tilbud-aktiv-fritid\/#breadcrumb"},"inLanguage":"nb-NO","potentialAction":[{"@type":"ReadAction","target":["https:\/\/kirkensbymisjon.no\/tilbud-aktiv-fritid\/"]}]},{"@type":"ImageObject","inLanguage":"nb-NO","@id":"https:\/\/kirkensbymisjon.no\/tilbud-aktiv-fritid\/#primaryimage","url":"https:\/\/kirkensbymisjon.no\/content\/uploads\/sites\/6\/2024\/06\/Tilbud_Aktiv_Fritid_01.jpeg","contentUrl":"https:\/\/kirkensbymisjon.no\/content\/uploads\/sites\/6\/2024\/06\/Tilbud_Aktiv_Fritid_01.jpeg","width":1000,"height":500,"caption":"Mann som trener boksing"},{"@type":"BreadcrumbList","@id":"https:\/\/kirkensbymisjon.no\/tilbud-aktiv-fritid\/#breadcrumb","itemListElement":[{"@type":"ListItem","position":1,"name":"Hjem","item":"https:\/\/kirkensbymisjon.no\/tilbud-aktiv-fritid\/"},{"@type":"ListItem","position":2,"name":"Forside"}]},{"@type":"WebSite","@id":"https:\/\/kirkensbymisjon.no\/tilbud-aktiv-fritid\/#website","url":"https:\/\/kirkensbymisjon.no\/tilbud-aktiv-fritid\/","name":"Aktiv fritid","description":"","potentialAction":[{"@type":"SearchAction","target":{"@type":"EntryPoint","urlTemplate":"https:\/\/kirkensbymisjon.no\/tilbud-aktiv-fritid\/?s={search_term_string}"},"query-input":{"@type":"PropertyValueSpecification","valueRequired":true,"valueName":"search_term_string"}}],"inLanguage":"nb-NO"}]}},"_links":{"self":[{"href":"https:\/\/kirkensbymisjon.no\/tilbud-aktiv-fritid\/wp-json\/wp\/v2\/pages\/2","targetHints":{"allow":["GET"]}}],"collection":[{"href":"https:\/\/kirkensbymisjon.no\/tilbud-aktiv-fritid\/wp-json\/wp\/v2\/pages"}],"about":[{"href":"https:\/\/kirkensbymisjon.no\/tilbud-aktiv-fritid\/wp-json\/wp\/v2\/types\/page"}],"author":[{"embeddable":true,"href":"https:\/\/kirkensbymisjon.no\/tilbud-aktiv-fritid\/wp-json\/wp\/v2\/users\/1"}],"replies":[{"embeddable":true,"href":"https:\/\/kirkensbymisjon.no\/tilbud-aktiv-fritid\/wp-json\/wp\/v2\/comments?post=2"}],"version-history":[{"count":4,"href":"https:\/\/kirkensbymisjon.no\/tilbud-aktiv-fritid\/wp-json\/wp\/v2\/pages\/2\/revisions"}],"predecessor-version":[{"id":87,"href":"https:\/\/kirkensbymisjon.no\/tilbud-aktiv-fritid\/wp-json\/wp\/v2\/pages\/2\/revisions\/87"}],"wp:featuredmedia":[{"embeddable":true,"href":"https:\/\/kirkensbymisjon.no\/tilbud-aktiv-fritid\/wp-json\/wp\/v2\/media\/5"}],"wp:attachment":[{"href":"https:\/\/kirkensbymisjon.no\/tilbud-aktiv-fritid\/wp-json\/wp\/v2\/media?parent=2"}],"curies":[{"name":"wp","href":"https:\/\/api.w.org\/{rel}","templated":true}]}}