{"id":2,"date":"2024-06-17T15:28:49","date_gmt":"2024-06-17T13:28:49","guid":{"rendered":"https:\/\/kirkensbymisjon.no\/tilbud-aktivitetshuset-bjerke\/?page_id=2"},"modified":"2025-02-19T15:03:30","modified_gmt":"2025-02-19T14:03:30","slug":"forside","status":"publish","type":"page","link":"https:\/\/kirkensbymisjon.no\/tilbud-aktivitetshuset-bjerke\/","title":{"rendered":"Forside"},"content":{"rendered":"\t<div class=\"alignwide wp-block-kbm-link-list\">\n\t\t<div class=\"kbm-link-list__items\">\n\t\t\t\n<div class=\"wp-block-kbm-link-list-item\">\t<svg xmlns=\"http:\/\/www.w3.org\/2000\/svg\" viewBox=\"0 0 48 48\" height=\"24\" width=\"24\" class=\"t2-icon t2-icon-substanceabuse\" aria-hidden=\"true\" focusable=\"false\"><path d=\"M12.56 9.154c-1.341.298-2.645 1.02-3.574 1.979C7.697 12.465 7.02 14.139 7.02 16c0 1.434.389 2.738 1.147 3.847 1.839 2.689 5.013 3.786 8.045 2.781 2.343-.777 4.141-2.82 4.672-5.308.157-.736.12-2.2-.074-2.939-.374-1.42-.887-2.311-1.927-3.341-.989-.98-2.132-1.604-3.441-1.88-.683-.143-2.248-.147-2.882-.006m19.96.013c-.635.139-1.595.533-2.262.927-.582.343-1.821 1.582-2.164 2.164-.801 1.355-1.097 2.524-1.03 4.056.053 1.203.179 1.707.694 2.766a6.659 6.659 0 0 0 3.162 3.162c1.198.583 1.617.675 3.08.675s1.882-.092 3.08-.675a6.878 6.878 0 0 0 2.325-1.823c.5-.602 1.152-1.869 1.369-2.659.108-.395.143-.818.143-1.76 0-1.463-.092-1.882-.675-3.08a6.878 6.878 0 0 0-1.823-2.325c-.59-.49-1.865-1.151-2.619-1.357-.694-.191-2.555-.231-3.28-.071M8.438 28.079c-2.389.351-4.344 1.951-5.133 4.201l-.225.64-.024 3.02-.025 3.02h17.586l.048-1.06c.071-1.592.431-2.97 1.156-4.42.413-.828 1.123-1.894 1.7-2.553.219-.251.399-.497.399-.548 0-.149-.879-.956-1.44-1.322a7.39 7.39 0 0 0-1.133-.577c-1.197-.462-1.483-.481-7.257-.47-2.888.005-5.431.037-5.652.069m24.251.006c-1.748.203-3.4.813-4.929 1.82-.842.555-2.146 1.809-2.743 2.638-1.226 1.702-1.977 3.887-1.977 5.747v.67h21.92v-.67c0-1.861-.751-4.045-1.978-5.748-.523-.727-1.755-1.947-2.502-2.478-2.187-1.554-5.092-2.292-7.791-1.979\"\/><\/svg>\t<div class=\"kbm-link-list-item__content\">\n\t\t<p class=\"kbm-link-list-item__title\">Sosialt fellesskap<\/p>\n\t\t\t\t\t<p class=\"kbm-link-list-item__description\">Vi tilbyr sosialt samv\u00e6r, meningsfulle aktiviteter, turer og utflukter. Bli med! <\/p>\n\t\t\t<\/div>\n\t<\/div>\n\n<div class=\"wp-block-kbm-link-list-item\">\t<svg xmlns=\"http:\/\/www.w3.org\/2000\/svg\" viewBox=\"0 0 48 48\" height=\"24\" width=\"24\" class=\"t2-icon t2-icon-foodservice\" aria-hidden=\"true\" focusable=\"false\"><path d=\"M33.876 3.268c-1.698.996-2.874 4.265-3.469 9.652-.321 2.901-.364 4.112-.366 10.36l-.001 6.04.22.374c.403.685 1.115 1.106 1.872 1.106h.344l.022 6.22.022 6.22.185.409c.797 1.76 3.217 1.787 4.072.046L37 43.24V23.96c0-21.203.04-19.614-.504-20.216-.429-.475-.826-.646-1.576-.682-.593-.028-.67-.013-1.044.206m-21.751.847c-.442.163-.696.369-.904.733l-.178.312-.002 7.607c-.001 7.337.005 7.63.159 8.24.458 1.819 1.648 3.264 3.376 4.098l.776.375.024 9 .024 9 .173.32c.383.709 1.104 1.155 1.873 1.158.909.004 1.587-.402 1.969-1.18l.225-.458.022-8.924.021-8.924.625-.292a6.341 6.341 0 0 0 3.61-4.794c.065-.417.084-2.699.067-7.906-.024-7.153-.029-7.326-.185-7.592a1.894 1.894 0 0 0-1.1-.821c-.713-.188-1.53.189-1.827.844-.142.313-.15.67-.151 7.554-.001 5.161-.028 7.275-.091 7.4-.259.505-.885.614-1.277.221l-.234-.234-.002-7.266c-.001-6.855-.01-7.284-.147-7.587a1.611 1.611 0 0 0-2.622-.489c-.194.194-.367.463-.419.65-.062.223-.089 2.489-.09 7.506v7.186l-.234.234a.851.851 0 0 1-.978.148c-.392-.21-.388-.13-.388-7.835 0-6.913-.006-7.217-.151-7.502a1.788 1.788 0 0 0-.3-.427c-.447-.392-1.155-.543-1.664-.355\"\/><\/svg>\t<div class=\"kbm-link-list-item__content\">\n\t\t<p class=\"kbm-link-list-item__title\">Gratis m\u00e5ltider<\/p>\n\t\t\t\t\t<p class=\"kbm-link-list-item__description\">Vi serverer varm, gratis lunsj hver ukedag mellom kl. 11.30\u201314.00. Velkommen!<\/p>\n\t\t\t<\/div>\n\t<\/div>\n\n<a class=\"wp-block-kbm-link-list-item\" href=\"https:\/\/kirkensbymisjon.no\/tilbud-aktivitetshuset-bjerke\/kontaktinformasjon\">\t<svg xmlns=\"http:\/\/www.w3.org\/2000\/svg\" viewBox=\"0 0 48 48\" height=\"24\" width=\"24\" class=\"t2-icon t2-icon-cafeactivitycenter\" aria-hidden=\"true\" focusable=\"false\"><path d=\"M7.327 4.126a2.014 2.014 0 0 0-1.065.897L6.04 5.4l-.022 14.16c-.024 15.444-.037 14.942.428 16.566.112.393.398 1.119.635 1.614 1.505 3.15 4.26 5.295 7.799 6.071.626.137 1.109.149 6.12.149 5.007 0 5.494-.012 6.12-.149 4.2-.919 7.34-3.844 8.479-7.899.199-.709.4-1.962.401-2.501 0-.367.011-.386.18-.336 1.492.443 3.284.482 4.42.094a6.22 6.22 0 0 0 2.331-1.43c.975-.926 1.553-1.919 1.893-3.251.174-.682.176-.749.176-7.488 0-6.739-.002-6.806-.176-7.488-.346-1.358-.927-2.34-1.953-3.306-.77-.724-1.91-1.334-2.871-1.536-.798-.168-2.423-.107-3.313.125a17.55 17.55 0 0 1-.66.165c-.015 0-.027-.732-.027-1.626 0-1.897-.067-2.206-.598-2.736-.647-.647.53-.599-14.436-.592-11.357.004-13.372.022-13.639.12m32.568 8.038c.583.284 1.117.84 1.441 1.501l.224.455V27.8l-.214.457c-.301.641-.844 1.194-1.447 1.473-.446.205-.584.23-1.299.228-1.005-.002-1.768-.218-2.262-.641L36 29.028V12.991l.26-.251c.347-.335 1.202-.725 1.786-.816.71-.11 1.285-.035 1.849.24\"\/><\/svg>\t<div class=\"kbm-link-list-item__content\">\n\t\t<p class=\"kbm-link-list-item__title\">\u00c5pent for alle<\/p>\n\t\t\t\t\t<p class=\"kbm-link-list-item__description\">Stikk innom for en prat, en kaffekopp eller ring oss. Vi gleder oss til \u00e5 bli kjent med deg!<\/p>\n\t\t\t<\/div>\n\t<\/a>\n\t\t<\/div>\n\t<\/div>\n\t\n\n\n<div class=\"wp-block-media-text alignwide is-stacked-on-mobile is-style-filled\"><figure class=\"wp-block-media-text__media\"><img loading=\"lazy\" decoding=\"async\" width=\"1000\" height=\"500\" src=\"https:\/\/kirkensbymisjon.no\/content\/uploads\/sites\/22\/2024\/08\/Tilbud_Bjerke_02.jpg\" alt=\"Arbeidere fra I jobb\" class=\"wp-image-26 size-full\" srcset=\"https:\/\/kirkensbymisjon.no\/content\/uploads\/sites\/22\/2024\/08\/Tilbud_Bjerke_02.jpg 1000w, https:\/\/kirkensbymisjon.no\/content\/uploads\/sites\/22\/2024\/08\/Tilbud_Bjerke_02-300x150.jpg 300w, https:\/\/kirkensbymisjon.no\/content\/uploads\/sites\/22\/2024\/08\/Tilbud_Bjerke_02-768x384.jpg 768w\" sizes=\"auto, (max-width: 1000px) 100vw, 1000px\" \/><\/figure><div class=\"wp-block-media-text__content\">\n<h2 class=\"wp-block-heading\" id=\"h-lavterskel-arbeidstilbud\">Lavterskel arbeidstilbud<\/h2>\n\n\n\n<p>I jobb, Bjerke er et rustolerant, <a href=\"\/tilbud-i-jobb\/lavterskel\/\" target=\"_blank\" rel=\"noreferrer noopener\">lavterskel arbeidstilbud<\/a> for personer i bydelen som har havnet utenfor det ordin\u00e6re arbeidsliv grunnet utfordringer med rus.<\/p>\n\n\n\n<p>Vi tilbyr 3 timer betalt arbeid \u00e9n dag i uken og et godt arbeidsfellesskap. Oppgavene best\u00e5r av gaterydding i bydelen.<br><a href=\"https:\/\/eur02.safelinks.protection.outlook.com\/?url=https%3A%2F%2Fkirkensbymisjon.no%2Ftilbud-aktivitetshuset-bjerke%2Fkontaktinformasjon%2F&amp;data=05%7C02%7Cnett%40bymisjon.no%7C309094aa6cb5445cc6e108dd50e118bf%7C02202e82b2884acb8b0a7f8404a47cdb%7C1%7C0%7C638755649880895498%7CUnknown%7CTWFpbGZsb3d8eyJFbXB0eU1hcGkiOnRydWUsIlYiOiIwLjAuMDAwMCIsIlAiOiJXaW4zMiIsIkFOIjoiTWFpbCIsIldUIjoyfQ%3D%3D%7C0%7C%7C%7C&amp;sdata=nm%2F5nfFXIseMlf6nfceO3Tu5bg0mFo0i1y3ZYLjnJYw%3D&amp;reserved=0\">Ta kontakt<\/a>\u00a0med oss dersom du \u00f8nsker mer informasjon eller vil avtale en inntakssamtale.<\/p>\n<\/div><\/div>\n\n\n\n<div class=\"wp-block-media-text alignwide is-stacked-on-mobile is-style-filled\"><figure class=\"wp-block-media-text__media\"><img decoding=\"async\" src=\"https:\/\/kirkensbymisjon.no\/content\/uploads\/2024\/09\/Standard_Bli-frivillig_01-1024x751.jpg\" alt=\"Frivillige i samtale med gjest i kafeen. Foto: Kirkens Bymisjon\" class=\"wp-image-3078 size-full\"\/><\/figure><div class=\"wp-block-media-text__content\">\n<h2 class=\"wp-block-heading\" id=\"h-bli-frivillig-nbsp\"><strong>Bli frivillig!<\/strong>&nbsp;<\/h2>\n\n\n\n<p>Vi trenger deg som \u00f8nsker \u00e5 gj\u00f8re en frivillig innsats til nytte og glede for andre og deg selv. Gjennom frivillig engasjement kan du bruke din erfaring og kompetanse \u2013 eller l\u00e6re noe nytt.&nbsp;<\/p>\n\n\n\n<p><a href=\"\/bli-frivillig\">Les mer om frivillighet<\/a><\/p>\n<\/div><\/div>\n","protected":false},"excerpt":{"rendered":"<p>Lavterskel arbeidstilbud I jobb, Bjerke er et rustolerant, lavterskel arbeidstilbud for personer i bydelen som&hellip;<\/p>\n","protected":false},"author":1,"featured_media":5,"parent":0,"menu_order":0,"comment_status":"closed","ping_status":"closed","template":"","meta":{"_relevanssi_hide_post":"","_relevanssi_hide_content":"","_relevanssi_pin_for_all":"","_relevanssi_pin_keywords":"","_relevanssi_unpin_keywords":"","_relevanssi_related_keywords":"","_relevanssi_related_include_ids":"","_relevanssi_related_exclude_ids":"","_relevanssi_related_no_append":"","_relevanssi_related_not_related":"","_relevanssi_related_posts":"1","_relevanssi_noindex_reason":"","editor_notices":[],"footnotes":""},"class_list":["post-2","page","type-page","status-publish","has-post-thumbnail","hentry"],"yoast_head":"<!-- This site is optimized with the Yoast SEO Premium plugin v27.2 (Yoast SEO v27.2) - https:\/\/yoast.com\/product\/yoast-seo-premium-wordpress\/ -->\n<title>Kirkens Bymisjon - Aktivitetshuset, Bjerke<\/title>\n<meta name=\"description\" content=\"Et sosialt m\u00f8tested for deg som har tilh\u00f8righet til Bydel Bjerke og har utfordringer knyttet til rus.\" \/>\n<meta name=\"robots\" content=\"index, follow, max-snippet:-1, max-image-preview:large, max-video-preview:-1\" \/>\n<link rel=\"canonical\" href=\"https:\/\/kirkensbymisjon.no\/tilbud-aktivitetshuset-bjerke\/\" \/>\n<meta property=\"og:locale\" content=\"nb_NO\" \/>\n<meta property=\"og:type\" content=\"article\" \/>\n<meta property=\"og:title\" content=\"Forside\" \/>\n<meta property=\"og:description\" content=\"Et sosialt m\u00f8tested for deg som har tilh\u00f8righet til Bydel Bjerke og har utfordringer knyttet til rus.\" \/>\n<meta property=\"og:url\" content=\"https:\/\/kirkensbymisjon.no\/tilbud-aktivitetshuset-bjerke\/\" \/>\n<meta property=\"og:site_name\" content=\"Aktivitetshuset, Bjerke\" \/>\n<meta property=\"article:modified_time\" content=\"2025-02-19T14:03:30+00:00\" \/>\n<meta property=\"og:image\" content=\"https:\/\/kirkensbymisjon.no\/content\/uploads\/sites\/22\/2024\/06\/Tilbud_Bjerke_01.jpg\" \/>\n\t<meta property=\"og:image:width\" content=\"1701\" \/>\n\t<meta property=\"og:image:height\" content=\"1081\" \/>\n\t<meta property=\"og:image:type\" content=\"image\/jpeg\" \/>\n<meta name=\"twitter:card\" content=\"summary_large_image\" \/>\n<meta name=\"twitter:label1\" content=\"Ansl. lesetid\" \/>\n\t<meta name=\"twitter:data1\" content=\"2 minutter\" \/>\n<script type=\"application\/ld+json\" class=\"yoast-schema-graph\">{\"@context\":\"https:\/\/schema.org\",\"@graph\":[{\"@type\":\"WebPage\",\"@id\":\"https:\/\/kirkensbymisjon.no\/tilbud-aktivitetshuset-bjerke\/\",\"url\":\"https:\/\/kirkensbymisjon.no\/tilbud-aktivitetshuset-bjerke\/\",\"name\":\"Kirkens Bymisjon - Aktivitetshuset, Bjerke\",\"isPartOf\":{\"@id\":\"https:\/\/kirkensbymisjon.no\/tilbud-aktivitetshuset-bjerke\/#website\"},\"primaryImageOfPage\":{\"@id\":\"https:\/\/kirkensbymisjon.no\/tilbud-aktivitetshuset-bjerke\/#primaryimage\"},\"image\":{\"@id\":\"https:\/\/kirkensbymisjon.no\/tilbud-aktivitetshuset-bjerke\/#primaryimage\"},\"thumbnailUrl\":\"https:\/\/kirkensbymisjon.no\/content\/uploads\/sites\/22\/2024\/06\/Tilbud_Bjerke_01.jpg\",\"datePublished\":\"2024-06-17T13:28:49+00:00\",\"dateModified\":\"2025-02-19T14:03:30+00:00\",\"description\":\"Et sosialt m\u00f8tested for deg som har tilh\u00f8righet til Bydel Bjerke og har utfordringer knyttet til rus.\",\"breadcrumb\":{\"@id\":\"https:\/\/kirkensbymisjon.no\/tilbud-aktivitetshuset-bjerke\/#breadcrumb\"},\"inLanguage\":\"nb-NO\",\"potentialAction\":[{\"@type\":\"ReadAction\",\"target\":[\"https:\/\/kirkensbymisjon.no\/tilbud-aktivitetshuset-bjerke\/\"]}]},{\"@type\":\"ImageObject\",\"inLanguage\":\"nb-NO\",\"@id\":\"https:\/\/kirkensbymisjon.no\/tilbud-aktivitetshuset-bjerke\/#primaryimage\",\"url\":\"https:\/\/kirkensbymisjon.no\/content\/uploads\/sites\/22\/2024\/06\/Tilbud_Bjerke_01.jpg\",\"contentUrl\":\"https:\/\/kirkensbymisjon.no\/content\/uploads\/sites\/22\/2024\/06\/Tilbud_Bjerke_01.jpg\",\"width\":1701,\"height\":1081,\"caption\":\"Fellesskap og samtaler rundt et bord\"},{\"@type\":\"BreadcrumbList\",\"@id\":\"https:\/\/kirkensbymisjon.no\/tilbud-aktivitetshuset-bjerke\/#breadcrumb\",\"itemListElement\":[{\"@type\":\"ListItem\",\"position\":1,\"name\":\"Hjem\",\"item\":\"https:\/\/kirkensbymisjon.no\/tilbud-aktivitetshuset-bjerke\/\"},{\"@type\":\"ListItem\",\"position\":2,\"name\":\"Forside\"}]},{\"@type\":\"WebSite\",\"@id\":\"https:\/\/kirkensbymisjon.no\/tilbud-aktivitetshuset-bjerke\/#website\",\"url\":\"https:\/\/kirkensbymisjon.no\/tilbud-aktivitetshuset-bjerke\/\",\"name\":\"Aktivitetshuset, Bjerke\",\"description\":\"\",\"potentialAction\":[{\"@type\":\"SearchAction\",\"target\":{\"@type\":\"EntryPoint\",\"urlTemplate\":\"https:\/\/kirkensbymisjon.no\/tilbud-aktivitetshuset-bjerke\/?s={search_term_string}\"},\"query-input\":{\"@type\":\"PropertyValueSpecification\",\"valueRequired\":true,\"valueName\":\"search_term_string\"}}],\"inLanguage\":\"nb-NO\"}]}<\/script>\n<!-- \/ Yoast SEO Premium plugin. -->","yoast_head_json":{"title":"Kirkens Bymisjon - Aktivitetshuset, Bjerke","description":"Et sosialt m\u00f8tested for deg som har tilh\u00f8righet til Bydel Bjerke og har utfordringer knyttet til rus.","robots":{"index":"index","follow":"follow","max-snippet":"max-snippet:-1","max-image-preview":"max-image-preview:large","max-video-preview":"max-video-preview:-1"},"canonical":"https:\/\/kirkensbymisjon.no\/tilbud-aktivitetshuset-bjerke\/","og_locale":"nb_NO","og_type":"article","og_title":"Forside","og_description":"Et sosialt m\u00f8tested for deg som har tilh\u00f8righet til Bydel Bjerke og har utfordringer knyttet til rus.","og_url":"https:\/\/kirkensbymisjon.no\/tilbud-aktivitetshuset-bjerke\/","og_site_name":"Aktivitetshuset, Bjerke","article_modified_time":"2025-02-19T14:03:30+00:00","og_image":[{"width":1701,"height":1081,"url":"https:\/\/kirkensbymisjon.no\/content\/uploads\/sites\/22\/2024\/06\/Tilbud_Bjerke_01.jpg","type":"image\/jpeg"}],"twitter_card":"summary_large_image","twitter_misc":{"Ansl. lesetid":"2 minutter"},"schema":{"@context":"https:\/\/schema.org","@graph":[{"@type":"WebPage","@id":"https:\/\/kirkensbymisjon.no\/tilbud-aktivitetshuset-bjerke\/","url":"https:\/\/kirkensbymisjon.no\/tilbud-aktivitetshuset-bjerke\/","name":"Kirkens Bymisjon - Aktivitetshuset, Bjerke","isPartOf":{"@id":"https:\/\/kirkensbymisjon.no\/tilbud-aktivitetshuset-bjerke\/#website"},"primaryImageOfPage":{"@id":"https:\/\/kirkensbymisjon.no\/tilbud-aktivitetshuset-bjerke\/#primaryimage"},"image":{"@id":"https:\/\/kirkensbymisjon.no\/tilbud-aktivitetshuset-bjerke\/#primaryimage"},"thumbnailUrl":"https:\/\/kirkensbymisjon.no\/content\/uploads\/sites\/22\/2024\/06\/Tilbud_Bjerke_01.jpg","datePublished":"2024-06-17T13:28:49+00:00","dateModified":"2025-02-19T14:03:30+00:00","description":"Et sosialt m\u00f8tested for deg som har tilh\u00f8righet til Bydel Bjerke og har utfordringer knyttet til rus.","breadcrumb":{"@id":"https:\/\/kirkensbymisjon.no\/tilbud-aktivitetshuset-bjerke\/#breadcrumb"},"inLanguage":"nb-NO","potentialAction":[{"@type":"ReadAction","target":["https:\/\/kirkensbymisjon.no\/tilbud-aktivitetshuset-bjerke\/"]}]},{"@type":"ImageObject","inLanguage":"nb-NO","@id":"https:\/\/kirkensbymisjon.no\/tilbud-aktivitetshuset-bjerke\/#primaryimage","url":"https:\/\/kirkensbymisjon.no\/content\/uploads\/sites\/22\/2024\/06\/Tilbud_Bjerke_01.jpg","contentUrl":"https:\/\/kirkensbymisjon.no\/content\/uploads\/sites\/22\/2024\/06\/Tilbud_Bjerke_01.jpg","width":1701,"height":1081,"caption":"Fellesskap og samtaler rundt et bord"},{"@type":"BreadcrumbList","@id":"https:\/\/kirkensbymisjon.no\/tilbud-aktivitetshuset-bjerke\/#breadcrumb","itemListElement":[{"@type":"ListItem","position":1,"name":"Hjem","item":"https:\/\/kirkensbymisjon.no\/tilbud-aktivitetshuset-bjerke\/"},{"@type":"ListItem","position":2,"name":"Forside"}]},{"@type":"WebSite","@id":"https:\/\/kirkensbymisjon.no\/tilbud-aktivitetshuset-bjerke\/#website","url":"https:\/\/kirkensbymisjon.no\/tilbud-aktivitetshuset-bjerke\/","name":"Aktivitetshuset, Bjerke","description":"","potentialAction":[{"@type":"SearchAction","target":{"@type":"EntryPoint","urlTemplate":"https:\/\/kirkensbymisjon.no\/tilbud-aktivitetshuset-bjerke\/?s={search_term_string}"},"query-input":{"@type":"PropertyValueSpecification","valueRequired":true,"valueName":"search_term_string"}}],"inLanguage":"nb-NO"}]}},"_links":{"self":[{"href":"https:\/\/kirkensbymisjon.no\/tilbud-aktivitetshuset-bjerke\/wp-json\/wp\/v2\/pages\/2","targetHints":{"allow":["GET"]}}],"collection":[{"href":"https:\/\/kirkensbymisjon.no\/tilbud-aktivitetshuset-bjerke\/wp-json\/wp\/v2\/pages"}],"about":[{"href":"https:\/\/kirkensbymisjon.no\/tilbud-aktivitetshuset-bjerke\/wp-json\/wp\/v2\/types\/page"}],"author":[{"embeddable":true,"href":"https:\/\/kirkensbymisjon.no\/tilbud-aktivitetshuset-bjerke\/wp-json\/wp\/v2\/users\/1"}],"replies":[{"embeddable":true,"href":"https:\/\/kirkensbymisjon.no\/tilbud-aktivitetshuset-bjerke\/wp-json\/wp\/v2\/comments?post=2"}],"version-history":[{"count":5,"href":"https:\/\/kirkensbymisjon.no\/tilbud-aktivitetshuset-bjerke\/wp-json\/wp\/v2\/pages\/2\/revisions"}],"predecessor-version":[{"id":66,"href":"https:\/\/kirkensbymisjon.no\/tilbud-aktivitetshuset-bjerke\/wp-json\/wp\/v2\/pages\/2\/revisions\/66"}],"wp:featuredmedia":[{"embeddable":true,"href":"https:\/\/kirkensbymisjon.no\/tilbud-aktivitetshuset-bjerke\/wp-json\/wp\/v2\/media\/5"}],"wp:attachment":[{"href":"https:\/\/kirkensbymisjon.no\/tilbud-aktivitetshuset-bjerke\/wp-json\/wp\/v2\/media?parent=2"}],"curies":[{"name":"wp","href":"https:\/\/api.w.org\/{rel}","templated":true}]}}