{"id":2,"date":"2024-06-17T15:30:33","date_gmt":"2024-06-17T13:30:33","guid":{"rendered":"https:\/\/kirkensbymisjon.no\/tilbud-aktivitetshuset-prindsen\/?page_id=2"},"modified":"2024-09-08T10:17:08","modified_gmt":"2024-09-08T08:17:08","slug":"forside","status":"publish","type":"page","link":"https:\/\/kirkensbymisjon.no\/tilbud-aktivitetshuset-prindsen\/","title":{"rendered":"Forside"},"content":{"rendered":"\n<div class=\"wp-block-media-text alignwide is-stacked-on-mobile is-style-filled\"><figure class=\"wp-block-media-text__media\"><img loading=\"lazy\" decoding=\"async\" width=\"1024\" height=\"639\" src=\"https:\/\/kirkensbymisjon.no\/content\/uploads\/sites\/23\/2024\/08\/tilbud_prindsen_02-1024x639.jpg\" alt=\"Deltaker p\u00e5 verksted\" class=\"wp-image-109 size-full\" srcset=\"https:\/\/kirkensbymisjon.no\/content\/uploads\/sites\/23\/2024\/08\/tilbud_prindsen_02-1024x639.jpg 1024w, https:\/\/kirkensbymisjon.no\/content\/uploads\/sites\/23\/2024\/08\/tilbud_prindsen_02-300x187.jpg 300w, https:\/\/kirkensbymisjon.no\/content\/uploads\/sites\/23\/2024\/08\/tilbud_prindsen_02-768x479.jpg 768w, https:\/\/kirkensbymisjon.no\/content\/uploads\/sites\/23\/2024\/08\/tilbud_prindsen_02-1536x959.jpg 1536w, https:\/\/kirkensbymisjon.no\/content\/uploads\/sites\/23\/2024\/08\/tilbud_prindsen_02.jpg 1559w\" sizes=\"auto, (max-width: 1024px) 100vw, 1024px\" \/><\/figure><div class=\"wp-block-media-text__content\">\n<h2 class=\"wp-block-heading\" id=\"h-bli-deltaker-pa-aktivitetshuset-sosialt-kreativt-og-romslig\">Bli deltaker p\u00e5 aktivitetshuset \u2013 sosialt, kreativt og romslig<\/h2>\n\n\n\n<p>\u00d8nsker du \u00e5 bli deltaker p\u00e5 Aktivitetshuset kan du enten ringe oss, skrive en e-post, eller bare stikke innom oss i Storgata. Hvis du synes det er utfordrende \u00e5 komme hit uten \u00e5 kjenne noen, m\u00f8ter vi deg gjerne et annet sted for en prat og litt mer informasjon om huset og tilbudet v\u00e5rt.<\/p>\n\n\n\n<p>Vi ligger vegg i vegg med <a href=\"https:\/\/kirkensbymisjon.no\/tilbud-spenn\/\">Spenn<\/a> \u2013 et aktivitets- og arbeidstilbud som p\u00e5 lik linje med oss, er rettet mot mennesker som sliter med rus eller psykisk helse.<\/p>\n<\/div><\/div>\n\n\n\n<blockquote class=\"wp-block-quote has-text-align-left is-layout-flow wp-block-quote-is-layout-flow\">\n<p>Et sted man kan v\u00e6re menneske, v\u00e6re seg selv. Det er sv\u00e6rt lite fordommer, f\u00e5 regler \u2013 et hyggelig sted \u00e5 v\u00e6re. Folk er \u00e5pne for at folk har et problem. Her t\u00f8r man \u00e5 v\u00e6re syk n\u00e5r man er syk, uten \u00e5 f\u00f8le at man blir sett ned p\u00e5.<\/p>\n<cite>Deltaker og bruker av Aktivitetshuset, Prindsen<\/cite><\/blockquote>\n\n\n\n<h2 class=\"wp-block-heading\" id=\"h-byens-beste-lunsj\">Byens beste lunsj?<\/h2>\n\n\n\n<p>Lunsjen er gratis og v\u00e5r viktigste sosiale arena, og tiden for de gode samtalene. I tillegg har vi aktiviteter som kino, turer og kreativt h\u00e5ndarbeid.<br><a href=\"https:\/\/kirkensbymisjon.no\/tilbud-aktivitetshuset-prindsen\/hva-vi-tilbyr\/\">Se alle aktivitetene<\/a> vi tilbyr p\u00e5 huset.<\/p>\n\n\n\n<h2 class=\"wp-block-heading\" id=\"h-rom-for-den-enkelte\">Rom for den enkelte<\/h2>\n\n\n\n<p>Vi \u00f8nsker \u00e5 bidra til at du f\u00e5r \u00f8kt livskvalitet p\u00e5 dine premisser, uten forventninger og krav om de store forandringer. Vi tror at du har ressursene du trenger for \u00e5 l\u00f8se dine utfordringer. V\u00e5r oppgave er \u00e5 st\u00f8tte dine valg og se dine muligheter. <a href=\"https:\/\/kirkensbymisjon.no\/tilbud-aktivitetshuset-prindsen\/om-aktivitetshuset\/\">Les mer<\/a> om hvordan vi jobber.<\/p>\n\n\n\n<h2 class=\"wp-block-heading\" id=\"h-ferietur-til-skjaergarden\">Ferietur til skj\u00e6rg\u00e5rden<\/h2>\n\n\n\n<p>Flere ganger i \u00e5ret drar vi p\u00e5 tur til Kirkens Bymisjons landsted p\u00e5 Hvasser ved Tj\u00f8me, der b\u00e5t- og bademulighetene er mange. Turene er med p\u00e5 \u00e5 skape et godt samhold blant v\u00e5re deltakere. <a href=\"https:\/\/kirkensbymisjon.no\/tilbud-aktivitetshuset-prindsen\/hva-vi-tilbyr\/\">Bli med<\/a> p\u00e5 en hverdagspause i skj\u00e6rg\u00e5rdsidyllen!<\/p>\n","protected":false},"excerpt":{"rendered":"<p>Bli deltaker p\u00e5 aktivitetshuset \u2013 sosialt, kreativt og romslig \u00d8nsker du \u00e5 bli deltaker p\u00e5&hellip;<\/p>\n","protected":false},"author":1,"featured_media":5,"parent":0,"menu_order":0,"comment_status":"closed","ping_status":"closed","template":"","meta":{"_relevanssi_hide_post":"","_relevanssi_hide_content":"","_relevanssi_pin_for_all":"","_relevanssi_pin_keywords":"","_relevanssi_unpin_keywords":"","_relevanssi_related_keywords":"","_relevanssi_related_include_ids":"","_relevanssi_related_exclude_ids":"","_relevanssi_related_no_append":"","_relevanssi_related_not_related":"","_relevanssi_related_posts":"1","_relevanssi_noindex_reason":"","editor_notices":[],"footnotes":""},"class_list":["post-2","page","type-page","status-publish","has-post-thumbnail","hentry"],"yoast_head":"<!-- This site is optimized with the Yoast SEO Premium plugin v27.2 (Yoast SEO v27.2) - https:\/\/yoast.com\/product\/yoast-seo-premium-wordpress\/ -->\n<title>Kirkens Bymisjon - Aktivitetshuset, Prindsen<\/title>\n<meta name=\"description\" content=\"Et sosialt treffsted for deg som bor p\u00e5 Gr\u00fcnerl\u00f8kka, og som har utfordringer knyttet til psykisk helse eller rus.\" \/>\n<meta name=\"robots\" content=\"index, follow, max-snippet:-1, max-image-preview:large, max-video-preview:-1\" \/>\n<link rel=\"canonical\" href=\"https:\/\/kirkensbymisjon.no\/tilbud-aktivitetshuset-prindsen\/\" \/>\n<meta property=\"og:locale\" content=\"nb_NO\" \/>\n<meta property=\"og:type\" content=\"article\" \/>\n<meta property=\"og:title\" content=\"Forside\" \/>\n<meta property=\"og:description\" content=\"Et sosialt treffsted for deg som bor p\u00e5 Gr\u00fcnerl\u00f8kka, og som har utfordringer knyttet til psykisk helse eller rus.\" \/>\n<meta property=\"og:url\" content=\"https:\/\/kirkensbymisjon.no\/tilbud-aktivitetshuset-prindsen\/\" \/>\n<meta property=\"og:site_name\" content=\"Aktivitetshuset, Prindsen\" \/>\n<meta property=\"article:modified_time\" content=\"2024-09-08T08:17:08+00:00\" \/>\n<meta property=\"og:image\" content=\"https:\/\/kirkensbymisjon.no\/content\/uploads\/sites\/23\/2024\/06\/Tilbud_Prindsen_01.jpg\" \/>\n\t<meta property=\"og:image:width\" content=\"1625\" \/>\n\t<meta property=\"og:image:height\" content=\"1043\" \/>\n\t<meta property=\"og:image:type\" content=\"image\/jpeg\" \/>\n<meta name=\"twitter:card\" content=\"summary_large_image\" \/>\n<meta name=\"twitter:label1\" content=\"Ansl. lesetid\" \/>\n\t<meta name=\"twitter:data1\" content=\"2 minutter\" \/>\n<script type=\"application\/ld+json\" class=\"yoast-schema-graph\">{\"@context\":\"https:\/\/schema.org\",\"@graph\":[{\"@type\":\"WebPage\",\"@id\":\"https:\/\/kirkensbymisjon.no\/tilbud-aktivitetshuset-prindsen\/\",\"url\":\"https:\/\/kirkensbymisjon.no\/tilbud-aktivitetshuset-prindsen\/\",\"name\":\"Kirkens Bymisjon - Aktivitetshuset, Prindsen\",\"isPartOf\":{\"@id\":\"https:\/\/kirkensbymisjon.no\/tilbud-aktivitetshuset-prindsen\/#website\"},\"primaryImageOfPage\":{\"@id\":\"https:\/\/kirkensbymisjon.no\/tilbud-aktivitetshuset-prindsen\/#primaryimage\"},\"image\":{\"@id\":\"https:\/\/kirkensbymisjon.no\/tilbud-aktivitetshuset-prindsen\/#primaryimage\"},\"thumbnailUrl\":\"https:\/\/kirkensbymisjon.no\/content\/uploads\/sites\/23\/2024\/06\/Tilbud_Prindsen_01.jpg\",\"datePublished\":\"2024-06-17T13:30:33+00:00\",\"dateModified\":\"2024-09-08T08:17:08+00:00\",\"description\":\"Et sosialt treffsted for deg som bor p\u00e5 Gr\u00fcnerl\u00f8kka, og som har utfordringer knyttet til psykisk helse eller rus.\",\"breadcrumb\":{\"@id\":\"https:\/\/kirkensbymisjon.no\/tilbud-aktivitetshuset-prindsen\/#breadcrumb\"},\"inLanguage\":\"nb-NO\",\"potentialAction\":[{\"@type\":\"ReadAction\",\"target\":[\"https:\/\/kirkensbymisjon.no\/tilbud-aktivitetshuset-prindsen\/\"]}]},{\"@type\":\"ImageObject\",\"inLanguage\":\"nb-NO\",\"@id\":\"https:\/\/kirkensbymisjon.no\/tilbud-aktivitetshuset-prindsen\/#primaryimage\",\"url\":\"https:\/\/kirkensbymisjon.no\/content\/uploads\/sites\/23\/2024\/06\/Tilbud_Prindsen_01.jpg\",\"contentUrl\":\"https:\/\/kirkensbymisjon.no\/content\/uploads\/sites\/23\/2024\/06\/Tilbud_Prindsen_01.jpg\",\"width\":1625,\"height\":1043,\"caption\":\"Felleskap rundt en kaffekopp\"},{\"@type\":\"BreadcrumbList\",\"@id\":\"https:\/\/kirkensbymisjon.no\/tilbud-aktivitetshuset-prindsen\/#breadcrumb\",\"itemListElement\":[{\"@type\":\"ListItem\",\"position\":1,\"name\":\"Hjem\",\"item\":\"https:\/\/kirkensbymisjon.no\/tilbud-aktivitetshuset-prindsen\/\"},{\"@type\":\"ListItem\",\"position\":2,\"name\":\"Forside\"}]},{\"@type\":\"WebSite\",\"@id\":\"https:\/\/kirkensbymisjon.no\/tilbud-aktivitetshuset-prindsen\/#website\",\"url\":\"https:\/\/kirkensbymisjon.no\/tilbud-aktivitetshuset-prindsen\/\",\"name\":\"Aktivitetshuset, Prindsen\",\"description\":\"\",\"potentialAction\":[{\"@type\":\"SearchAction\",\"target\":{\"@type\":\"EntryPoint\",\"urlTemplate\":\"https:\/\/kirkensbymisjon.no\/tilbud-aktivitetshuset-prindsen\/?s={search_term_string}\"},\"query-input\":{\"@type\":\"PropertyValueSpecification\",\"valueRequired\":true,\"valueName\":\"search_term_string\"}}],\"inLanguage\":\"nb-NO\"}]}<\/script>\n<!-- \/ Yoast SEO Premium plugin. -->","yoast_head_json":{"title":"Kirkens Bymisjon - Aktivitetshuset, Prindsen","description":"Et sosialt treffsted for deg som bor p\u00e5 Gr\u00fcnerl\u00f8kka, og som har utfordringer knyttet til psykisk helse eller rus.","robots":{"index":"index","follow":"follow","max-snippet":"max-snippet:-1","max-image-preview":"max-image-preview:large","max-video-preview":"max-video-preview:-1"},"canonical":"https:\/\/kirkensbymisjon.no\/tilbud-aktivitetshuset-prindsen\/","og_locale":"nb_NO","og_type":"article","og_title":"Forside","og_description":"Et sosialt treffsted for deg som bor p\u00e5 Gr\u00fcnerl\u00f8kka, og som har utfordringer knyttet til psykisk helse eller rus.","og_url":"https:\/\/kirkensbymisjon.no\/tilbud-aktivitetshuset-prindsen\/","og_site_name":"Aktivitetshuset, Prindsen","article_modified_time":"2024-09-08T08:17:08+00:00","og_image":[{"width":1625,"height":1043,"url":"https:\/\/kirkensbymisjon.no\/content\/uploads\/sites\/23\/2024\/06\/Tilbud_Prindsen_01.jpg","type":"image\/jpeg"}],"twitter_card":"summary_large_image","twitter_misc":{"Ansl. lesetid":"2 minutter"},"schema":{"@context":"https:\/\/schema.org","@graph":[{"@type":"WebPage","@id":"https:\/\/kirkensbymisjon.no\/tilbud-aktivitetshuset-prindsen\/","url":"https:\/\/kirkensbymisjon.no\/tilbud-aktivitetshuset-prindsen\/","name":"Kirkens Bymisjon - Aktivitetshuset, Prindsen","isPartOf":{"@id":"https:\/\/kirkensbymisjon.no\/tilbud-aktivitetshuset-prindsen\/#website"},"primaryImageOfPage":{"@id":"https:\/\/kirkensbymisjon.no\/tilbud-aktivitetshuset-prindsen\/#primaryimage"},"image":{"@id":"https:\/\/kirkensbymisjon.no\/tilbud-aktivitetshuset-prindsen\/#primaryimage"},"thumbnailUrl":"https:\/\/kirkensbymisjon.no\/content\/uploads\/sites\/23\/2024\/06\/Tilbud_Prindsen_01.jpg","datePublished":"2024-06-17T13:30:33+00:00","dateModified":"2024-09-08T08:17:08+00:00","description":"Et sosialt treffsted for deg som bor p\u00e5 Gr\u00fcnerl\u00f8kka, og som har utfordringer knyttet til psykisk helse eller rus.","breadcrumb":{"@id":"https:\/\/kirkensbymisjon.no\/tilbud-aktivitetshuset-prindsen\/#breadcrumb"},"inLanguage":"nb-NO","potentialAction":[{"@type":"ReadAction","target":["https:\/\/kirkensbymisjon.no\/tilbud-aktivitetshuset-prindsen\/"]}]},{"@type":"ImageObject","inLanguage":"nb-NO","@id":"https:\/\/kirkensbymisjon.no\/tilbud-aktivitetshuset-prindsen\/#primaryimage","url":"https:\/\/kirkensbymisjon.no\/content\/uploads\/sites\/23\/2024\/06\/Tilbud_Prindsen_01.jpg","contentUrl":"https:\/\/kirkensbymisjon.no\/content\/uploads\/sites\/23\/2024\/06\/Tilbud_Prindsen_01.jpg","width":1625,"height":1043,"caption":"Felleskap rundt en kaffekopp"},{"@type":"BreadcrumbList","@id":"https:\/\/kirkensbymisjon.no\/tilbud-aktivitetshuset-prindsen\/#breadcrumb","itemListElement":[{"@type":"ListItem","position":1,"name":"Hjem","item":"https:\/\/kirkensbymisjon.no\/tilbud-aktivitetshuset-prindsen\/"},{"@type":"ListItem","position":2,"name":"Forside"}]},{"@type":"WebSite","@id":"https:\/\/kirkensbymisjon.no\/tilbud-aktivitetshuset-prindsen\/#website","url":"https:\/\/kirkensbymisjon.no\/tilbud-aktivitetshuset-prindsen\/","name":"Aktivitetshuset, Prindsen","description":"","potentialAction":[{"@type":"SearchAction","target":{"@type":"EntryPoint","urlTemplate":"https:\/\/kirkensbymisjon.no\/tilbud-aktivitetshuset-prindsen\/?s={search_term_string}"},"query-input":{"@type":"PropertyValueSpecification","valueRequired":true,"valueName":"search_term_string"}}],"inLanguage":"nb-NO"}]}},"_links":{"self":[{"href":"https:\/\/kirkensbymisjon.no\/tilbud-aktivitetshuset-prindsen\/wp-json\/wp\/v2\/pages\/2","targetHints":{"allow":["GET"]}}],"collection":[{"href":"https:\/\/kirkensbymisjon.no\/tilbud-aktivitetshuset-prindsen\/wp-json\/wp\/v2\/pages"}],"about":[{"href":"https:\/\/kirkensbymisjon.no\/tilbud-aktivitetshuset-prindsen\/wp-json\/wp\/v2\/types\/page"}],"author":[{"embeddable":true,"href":"https:\/\/kirkensbymisjon.no\/tilbud-aktivitetshuset-prindsen\/wp-json\/wp\/v2\/users\/1"}],"replies":[{"embeddable":true,"href":"https:\/\/kirkensbymisjon.no\/tilbud-aktivitetshuset-prindsen\/wp-json\/wp\/v2\/comments?post=2"}],"version-history":[{"count":5,"href":"https:\/\/kirkensbymisjon.no\/tilbud-aktivitetshuset-prindsen\/wp-json\/wp\/v2\/pages\/2\/revisions"}],"predecessor-version":[{"id":155,"href":"https:\/\/kirkensbymisjon.no\/tilbud-aktivitetshuset-prindsen\/wp-json\/wp\/v2\/pages\/2\/revisions\/155"}],"wp:featuredmedia":[{"embeddable":true,"href":"https:\/\/kirkensbymisjon.no\/tilbud-aktivitetshuset-prindsen\/wp-json\/wp\/v2\/media\/5"}],"wp:attachment":[{"href":"https:\/\/kirkensbymisjon.no\/tilbud-aktivitetshuset-prindsen\/wp-json\/wp\/v2\/media?parent=2"}],"curies":[{"name":"wp","href":"https:\/\/api.w.org\/{rel}","templated":true}]}}