{"id":10,"date":"2024-07-24T11:37:01","date_gmt":"2024-07-24T09:37:01","guid":{"rendered":"https:\/\/kirkensbymisjon.no\/tilbud-aktivitetskafe\/?page_id=10"},"modified":"2024-11-05T12:22:59","modified_gmt":"2024-11-05T11:22:59","slug":"var-meny","status":"publish","type":"page","link":"https:\/\/kirkensbymisjon.no\/tilbud-aktivitetskafe\/var-meny\/","title":{"rendered":"V\u00e5r meny"},"content":{"rendered":"\n<figure class=\"wp-block-image aligncenter size-full\"><img loading=\"lazy\" decoding=\"async\" width=\"449\" height=\"300\" src=\"https:\/\/kirkensbymisjon.no\/content\/uploads\/sites\/80\/2024\/08\/tilbud_Aktivitetskafe_meny.jpg\" alt=\"Retter fra menyen\" class=\"wp-image-125\" srcset=\"https:\/\/kirkensbymisjon.no\/content\/uploads\/sites\/80\/2024\/08\/tilbud_Aktivitetskafe_meny.jpg 449w, https:\/\/kirkensbymisjon.no\/content\/uploads\/sites\/80\/2024\/08\/tilbud_Aktivitetskafe_meny-300x200.jpg 300w\" sizes=\"auto, (max-width: 449px) 100vw, 449px\" \/><\/figure>\n\n\n\n<h2 class=\"wp-block-heading\" id=\"h-var-meny\">V\u00e5r meny<\/h2>\n\n\n\n<h3 class=\"wp-block-heading\" id=\"h-ukens-retter\"><strong>Ukens retter<\/strong><\/h3>\n\n\n\n<ul class=\"wp-block-list\">\n<li>Dagens lunsj eller suppe, kr 70<\/li>\n<\/ul>\n\n\n\n<h3 class=\"wp-block-heading\" id=\"h-salatbar\"><strong>Salatbar <\/strong><\/h3>\n\n\n\n<ul class=\"wp-block-list\">\n<li>Salat m\/dressing, kr 70<\/li>\n<\/ul>\n\n\n\n<h3 class=\"wp-block-heading\" id=\"h-bagett\">Bagett<\/h3>\n\n\n\n<ul class=\"wp-block-list\">\n<li>Bagett m\/ost og skinke, kr 75<\/li>\n\n\n\n<li>Bagett m\/\u00f8vrig tilbeh\u00f8r, kr 65<\/li>\n<\/ul>\n\n\n\n<h3 class=\"wp-block-heading\" id=\"h-ovrige-lunsjretter\">\u00d8vrige lunsjretter\u2028<\/h3>\n\n\n\n<ul class=\"wp-block-list\">\n<li>Fylt foccacia, kr 65<\/li>\n\n\n\n<li>Fylt wraps, kr 65<\/li>\n\n\n\n<li>Lunsjpai m\/salat og br\u00f8d, kr 75<\/li>\n\n\n\n<li>Toast m\/ost og skinke, kr 30<\/li>\n\n\n\n<li>Karbonadesm\u00f8rbr\u00f8d, kr 55<\/li>\n<\/ul>\n\n\n\n<h3 class=\"wp-block-heading\" id=\"h-kaker-og-bakst\">Kaker og bakst\u2028<\/h3>\n\n\n\n<ul class=\"wp-block-list\">\n<li>Kakestykke (diverse), kr 35<\/li>\n\n\n\n<li>Gj\u00e6rbakst, kr 25<\/li>\n\n\n\n<li>Vaffelplate m\/tilbeh\u00f8r, kr 30<\/li>\n\n\n\n<li>Vaffelplate m\/tilbeh\u00f8r og kaffe, kr 50<\/li>\n\n\n\n<li>Sarah Bernard i boks, kr 150<\/li>\n\n\n\n<li>Cookies, kr 15<\/li>\n<\/ul>\n\n\n\n<h3 class=\"wp-block-heading\" id=\"h-kaffe-og-annen-drikke\">Kaffe\u2028og annen drikke<\/h3>\n\n\n\n<ul class=\"wp-block-list\">\n<li>Kaffe eller te m\/p\u00e5fyll, kr 20<\/li>\n\n\n\n<li>Espressokaffe (ulike, melkebaserte sorter), kr 35<\/li>\n\n\n\n<li>Tillegg for dbl. shot espresso\/eller smak, kr 5<\/li>\n\n\n\n<li>Brus, kr 30<\/li>\n<\/ul>\n","protected":false},"excerpt":{"rendered":"<p>V\u00e5r meny Ukens retter Salatbar Bagett \u00d8vrige lunsjretter\u2028 Kaker og bakst\u2028 Kaffe\u2028og annen drikke<\/p>\n","protected":false},"author":6,"featured_media":0,"parent":0,"menu_order":0,"comment_status":"closed","ping_status":"closed","template":"","meta":{"_relevanssi_hide_post":"","_relevanssi_hide_content":"","_relevanssi_pin_for_all":"","_relevanssi_pin_keywords":"","_relevanssi_unpin_keywords":"","_relevanssi_related_keywords":"","_relevanssi_related_include_ids":"","_relevanssi_related_exclude_ids":"","_relevanssi_related_no_append":"","_relevanssi_related_not_related":"","_relevanssi_related_posts":"1","_relevanssi_noindex_reason":"","editor_notices":[],"footnotes":""},"class_list":["post-10","page","type-page","status-publish","hentry"],"yoast_head":"<!-- This site is optimized with the Yoast SEO Premium plugin v27.2 (Yoast SEO v27.2) - https:\/\/yoast.com\/product\/yoast-seo-premium-wordpress\/ -->\n<title>V\u00e5r meny - Aktivitetskaf\u00e9<\/title>\n<meta name=\"robots\" content=\"index, follow, max-snippet:-1, max-image-preview:large, max-video-preview:-1\" \/>\n<link rel=\"canonical\" href=\"https:\/\/kirkensbymisjon.no\/tilbud-aktivitetskafe\/var-meny\/\" \/>\n<meta property=\"og:locale\" content=\"nb_NO\" \/>\n<meta property=\"og:type\" content=\"article\" \/>\n<meta property=\"og:title\" content=\"V\u00e5r meny\" \/>\n<meta property=\"og:description\" content=\"V\u00e5r meny Ukens retter Salatbar Bagett \u00d8vrige lunsjretter\u2028 Kaker og bakst\u2028 Kaffe\u2028og annen drikke\" \/>\n<meta property=\"og:url\" content=\"https:\/\/kirkensbymisjon.no\/tilbud-aktivitetskafe\/var-meny\/\" \/>\n<meta property=\"og:site_name\" content=\"Aktivitetskaf\u00e9\" \/>\n<meta property=\"article:modified_time\" content=\"2024-11-05T11:22:59+00:00\" \/>\n<meta property=\"og:image\" content=\"https:\/\/kirkensbymisjon.no\/content\/uploads\/sites\/80\/2024\/08\/tilbud_Aktivitetskafe_meny.jpg\" \/>\n\t<meta property=\"og:image:width\" content=\"449\" \/>\n\t<meta property=\"og:image:height\" content=\"300\" \/>\n\t<meta property=\"og:image:type\" content=\"image\/jpeg\" \/>\n<meta name=\"twitter:card\" content=\"summary_large_image\" \/>\n<meta name=\"twitter:label1\" content=\"Ansl. lesetid\" \/>\n\t<meta name=\"twitter:data1\" content=\"1 minutt\" \/>\n<script type=\"application\/ld+json\" class=\"yoast-schema-graph\">{\"@context\":\"https:\/\/schema.org\",\"@graph\":[{\"@type\":\"WebPage\",\"@id\":\"https:\/\/kirkensbymisjon.no\/tilbud-aktivitetskafe\/var-meny\/\",\"url\":\"https:\/\/kirkensbymisjon.no\/tilbud-aktivitetskafe\/var-meny\/\",\"name\":\"V\u00e5r meny - Aktivitetskaf\u00e9\",\"isPartOf\":{\"@id\":\"https:\/\/kirkensbymisjon.no\/tilbud-aktivitetskafe\/#website\"},\"primaryImageOfPage\":{\"@id\":\"https:\/\/kirkensbymisjon.no\/tilbud-aktivitetskafe\/var-meny\/#primaryimage\"},\"image\":{\"@id\":\"https:\/\/kirkensbymisjon.no\/tilbud-aktivitetskafe\/var-meny\/#primaryimage\"},\"thumbnailUrl\":\"https:\/\/kirkensbymisjon.no\/content\/uploads\/sites\/80\/2024\/08\/tilbud_Aktivitetskafe_meny.jpg\",\"datePublished\":\"2024-07-24T09:37:01+00:00\",\"dateModified\":\"2024-11-05T11:22:59+00:00\",\"breadcrumb\":{\"@id\":\"https:\/\/kirkensbymisjon.no\/tilbud-aktivitetskafe\/var-meny\/#breadcrumb\"},\"inLanguage\":\"nb-NO\",\"potentialAction\":[{\"@type\":\"ReadAction\",\"target\":[\"https:\/\/kirkensbymisjon.no\/tilbud-aktivitetskafe\/var-meny\/\"]}]},{\"@type\":\"ImageObject\",\"inLanguage\":\"nb-NO\",\"@id\":\"https:\/\/kirkensbymisjon.no\/tilbud-aktivitetskafe\/var-meny\/#primaryimage\",\"url\":\"https:\/\/kirkensbymisjon.no\/content\/uploads\/sites\/80\/2024\/08\/tilbud_Aktivitetskafe_meny.jpg\",\"contentUrl\":\"https:\/\/kirkensbymisjon.no\/content\/uploads\/sites\/80\/2024\/08\/tilbud_Aktivitetskafe_meny.jpg\"},{\"@type\":\"BreadcrumbList\",\"@id\":\"https:\/\/kirkensbymisjon.no\/tilbud-aktivitetskafe\/var-meny\/#breadcrumb\",\"itemListElement\":[{\"@type\":\"ListItem\",\"position\":1,\"name\":\"Hjem\",\"item\":\"https:\/\/kirkensbymisjon.no\/tilbud-aktivitetskafe\/\"},{\"@type\":\"ListItem\",\"position\":2,\"name\":\"V\u00e5r meny\"}]},{\"@type\":\"WebSite\",\"@id\":\"https:\/\/kirkensbymisjon.no\/tilbud-aktivitetskafe\/#website\",\"url\":\"https:\/\/kirkensbymisjon.no\/tilbud-aktivitetskafe\/\",\"name\":\"Aktivitetskaf\u00e9\",\"description\":\"\",\"potentialAction\":[{\"@type\":\"SearchAction\",\"target\":{\"@type\":\"EntryPoint\",\"urlTemplate\":\"https:\/\/kirkensbymisjon.no\/tilbud-aktivitetskafe\/?s={search_term_string}\"},\"query-input\":{\"@type\":\"PropertyValueSpecification\",\"valueRequired\":true,\"valueName\":\"search_term_string\"}}],\"inLanguage\":\"nb-NO\"}]}<\/script>\n<!-- \/ Yoast SEO Premium plugin. -->","yoast_head_json":{"title":"V\u00e5r meny - Aktivitetskaf\u00e9","robots":{"index":"index","follow":"follow","max-snippet":"max-snippet:-1","max-image-preview":"max-image-preview:large","max-video-preview":"max-video-preview:-1"},"canonical":"https:\/\/kirkensbymisjon.no\/tilbud-aktivitetskafe\/var-meny\/","og_locale":"nb_NO","og_type":"article","og_title":"V\u00e5r meny","og_description":"V\u00e5r meny Ukens retter Salatbar Bagett \u00d8vrige lunsjretter\u2028 Kaker og bakst\u2028 Kaffe\u2028og annen drikke","og_url":"https:\/\/kirkensbymisjon.no\/tilbud-aktivitetskafe\/var-meny\/","og_site_name":"Aktivitetskaf\u00e9","article_modified_time":"2024-11-05T11:22:59+00:00","og_image":[{"width":449,"height":300,"url":"https:\/\/kirkensbymisjon.no\/content\/uploads\/sites\/80\/2024\/08\/tilbud_Aktivitetskafe_meny.jpg","type":"image\/jpeg"}],"twitter_card":"summary_large_image","twitter_misc":{"Ansl. lesetid":"1 minutt"},"schema":{"@context":"https:\/\/schema.org","@graph":[{"@type":"WebPage","@id":"https:\/\/kirkensbymisjon.no\/tilbud-aktivitetskafe\/var-meny\/","url":"https:\/\/kirkensbymisjon.no\/tilbud-aktivitetskafe\/var-meny\/","name":"V\u00e5r meny - Aktivitetskaf\u00e9","isPartOf":{"@id":"https:\/\/kirkensbymisjon.no\/tilbud-aktivitetskafe\/#website"},"primaryImageOfPage":{"@id":"https:\/\/kirkensbymisjon.no\/tilbud-aktivitetskafe\/var-meny\/#primaryimage"},"image":{"@id":"https:\/\/kirkensbymisjon.no\/tilbud-aktivitetskafe\/var-meny\/#primaryimage"},"thumbnailUrl":"https:\/\/kirkensbymisjon.no\/content\/uploads\/sites\/80\/2024\/08\/tilbud_Aktivitetskafe_meny.jpg","datePublished":"2024-07-24T09:37:01+00:00","dateModified":"2024-11-05T11:22:59+00:00","breadcrumb":{"@id":"https:\/\/kirkensbymisjon.no\/tilbud-aktivitetskafe\/var-meny\/#breadcrumb"},"inLanguage":"nb-NO","potentialAction":[{"@type":"ReadAction","target":["https:\/\/kirkensbymisjon.no\/tilbud-aktivitetskafe\/var-meny\/"]}]},{"@type":"ImageObject","inLanguage":"nb-NO","@id":"https:\/\/kirkensbymisjon.no\/tilbud-aktivitetskafe\/var-meny\/#primaryimage","url":"https:\/\/kirkensbymisjon.no\/content\/uploads\/sites\/80\/2024\/08\/tilbud_Aktivitetskafe_meny.jpg","contentUrl":"https:\/\/kirkensbymisjon.no\/content\/uploads\/sites\/80\/2024\/08\/tilbud_Aktivitetskafe_meny.jpg"},{"@type":"BreadcrumbList","@id":"https:\/\/kirkensbymisjon.no\/tilbud-aktivitetskafe\/var-meny\/#breadcrumb","itemListElement":[{"@type":"ListItem","position":1,"name":"Hjem","item":"https:\/\/kirkensbymisjon.no\/tilbud-aktivitetskafe\/"},{"@type":"ListItem","position":2,"name":"V\u00e5r meny"}]},{"@type":"WebSite","@id":"https:\/\/kirkensbymisjon.no\/tilbud-aktivitetskafe\/#website","url":"https:\/\/kirkensbymisjon.no\/tilbud-aktivitetskafe\/","name":"Aktivitetskaf\u00e9","description":"","potentialAction":[{"@type":"SearchAction","target":{"@type":"EntryPoint","urlTemplate":"https:\/\/kirkensbymisjon.no\/tilbud-aktivitetskafe\/?s={search_term_string}"},"query-input":{"@type":"PropertyValueSpecification","valueRequired":true,"valueName":"search_term_string"}}],"inLanguage":"nb-NO"}]}},"_links":{"self":[{"href":"https:\/\/kirkensbymisjon.no\/tilbud-aktivitetskafe\/wp-json\/wp\/v2\/pages\/10","targetHints":{"allow":["GET"]}}],"collection":[{"href":"https:\/\/kirkensbymisjon.no\/tilbud-aktivitetskafe\/wp-json\/wp\/v2\/pages"}],"about":[{"href":"https:\/\/kirkensbymisjon.no\/tilbud-aktivitetskafe\/wp-json\/wp\/v2\/types\/page"}],"author":[{"embeddable":true,"href":"https:\/\/kirkensbymisjon.no\/tilbud-aktivitetskafe\/wp-json\/wp\/v2\/users\/6"}],"replies":[{"embeddable":true,"href":"https:\/\/kirkensbymisjon.no\/tilbud-aktivitetskafe\/wp-json\/wp\/v2\/comments?post=10"}],"version-history":[{"count":5,"href":"https:\/\/kirkensbymisjon.no\/tilbud-aktivitetskafe\/wp-json\/wp\/v2\/pages\/10\/revisions"}],"predecessor-version":[{"id":214,"href":"https:\/\/kirkensbymisjon.no\/tilbud-aktivitetskafe\/wp-json\/wp\/v2\/pages\/10\/revisions\/214"}],"wp:attachment":[{"href":"https:\/\/kirkensbymisjon.no\/tilbud-aktivitetskafe\/wp-json\/wp\/v2\/media?parent=10"}],"curies":[{"name":"wp","href":"https:\/\/api.w.org\/{rel}","templated":true}]}}