{"id":3,"date":"2024-06-26T20:03:15","date_gmt":"2024-06-26T18:03:15","guid":{"rendered":"https:\/\/kirkensbymisjon.no\/tilbud-aktivitetskafe\/forside\/"},"modified":"2025-04-03T10:23:07","modified_gmt":"2025-04-03T08:23:07","slug":"forside","status":"publish","type":"page","link":"https:\/\/kirkensbymisjon.no\/tilbud-aktivitetskafe\/","title":{"rendered":"Forside"},"content":{"rendered":"\n<div class=\"wp-block-media-text alignwide is-stacked-on-mobile is-style-filled\"><figure class=\"wp-block-media-text__media\"><img loading=\"lazy\" decoding=\"async\" width=\"1000\" height=\"500\" src=\"https:\/\/kirkensbymisjon.no\/content\/uploads\/sites\/80\/2024\/08\/tilbud_Aktivitetskafe_02.jpg\" alt=\"Matservering\" class=\"wp-image-30 size-full\" srcset=\"https:\/\/kirkensbymisjon.no\/content\/uploads\/sites\/80\/2024\/08\/tilbud_Aktivitetskafe_02.jpg 1000w, https:\/\/kirkensbymisjon.no\/content\/uploads\/sites\/80\/2024\/08\/tilbud_Aktivitetskafe_02-300x150.jpg 300w, https:\/\/kirkensbymisjon.no\/content\/uploads\/sites\/80\/2024\/08\/tilbud_Aktivitetskafe_02-768x384.jpg 768w\" sizes=\"auto, (max-width: 1000px) 100vw, 1000px\" \/><\/figure><div class=\"wp-block-media-text__content\">\n<h2 class=\"wp-block-heading\" id=\"h-skal-det-vaere-en-hjertevarm-kaffe\">Skal det v\u00e6re en hjertevarm kaffe?<\/h2>\n\n\n\n<p>Aktivitetskafeen er \u00e5pen for alle, men er spesielt tilrettelagt for mennesker i n\u00e6rmilj\u00f8et med ulike utfordringer i livet og i hverdagen.<\/p>\n<\/div><\/div>\n\n\n\t<div class=\"alignwide wp-block-kbm-link-list\">\n\t\t<div class=\"kbm-link-list__items\">\n\t\t\t\n<a class=\"wp-block-kbm-link-list-item\" href=\"\/tilbud-aktivitetskafe\/var-meny\/\">\t<svg xmlns=\"http:\/\/www.w3.org\/2000\/svg\" viewBox=\"0 0 48 48\" height=\"24\" width=\"24\" class=\"t2-icon t2-icon-cafeactivitycenter\" aria-hidden=\"true\" focusable=\"false\"><path d=\"M7.327 4.126a2.014 2.014 0 0 0-1.065.897L6.04 5.4l-.022 14.16c-.024 15.444-.037 14.942.428 16.566.112.393.398 1.119.635 1.614 1.505 3.15 4.26 5.295 7.799 6.071.626.137 1.109.149 6.12.149 5.007 0 5.494-.012 6.12-.149 4.2-.919 7.34-3.844 8.479-7.899.199-.709.4-1.962.401-2.501 0-.367.011-.386.18-.336 1.492.443 3.284.482 4.42.094a6.22 6.22 0 0 0 2.331-1.43c.975-.926 1.553-1.919 1.893-3.251.174-.682.176-.749.176-7.488 0-6.739-.002-6.806-.176-7.488-.346-1.358-.927-2.34-1.953-3.306-.77-.724-1.91-1.334-2.871-1.536-.798-.168-2.423-.107-3.313.125a17.55 17.55 0 0 1-.66.165c-.015 0-.027-.732-.027-1.626 0-1.897-.067-2.206-.598-2.736-.647-.647.53-.599-14.436-.592-11.357.004-13.372.022-13.639.12m32.568 8.038c.583.284 1.117.84 1.441 1.501l.224.455V27.8l-.214.457c-.301.641-.844 1.194-1.447 1.473-.446.205-.584.23-1.299.228-1.005-.002-1.768-.218-2.262-.641L36 29.028V12.991l.26-.251c.347-.335 1.202-.725 1.786-.816.71-.11 1.285-.035 1.849.24\"\/><\/svg>\t<div class=\"kbm-link-list-item__content\">\n\t\t<p class=\"kbm-link-list-item__title\">Vi elsker kaffe og god mat<\/p>\n\t\t\t\t\t<p class=\"kbm-link-list-item__description\">Varierte lunsjretter hver dag til en hyggelig pris \u2013 og byens beste vafler!<\/p>\n\t\t\t<\/div>\n\t<\/a>\n\n<a class=\"wp-block-kbm-link-list-item\" href=\"\/tilbud-aktivitetskafe\/ny-start\/\">\t<svg xmlns=\"http:\/\/www.w3.org\/2000\/svg\" viewBox=\"0 0 48 48\" height=\"24\" width=\"24\" class=\"t2-icon t2-icon-workmeasures\" aria-hidden=\"true\" focusable=\"false\"><path d=\"M21.51 4.224a1.549 1.549 0 0 0-.669.613l-.241.39-.025 2.408-.025 2.408-.855.264c-.47.144-1.373.515-2.007.823l-1.152.561-1.608-1.601c-1.668-1.66-2.027-1.925-2.608-1.928-.69-.003-.847.104-2.387 1.627-.807.798-1.52 1.552-1.584 1.675-.2.382-.228.969-.068 1.395.115.308.458.699 1.777 2.031l1.634 1.65-.548 1.11c-.302.611-.672 1.512-.824 2.004l-.275.894-2.365.026c-2.355.026-2.366.027-2.762.23a1.506 1.506 0 0 0-.637.594l-.241.389-.024 2.13-.023 2.131.227.435c.166.318.331.499.617.676l.39.241 2.407.026 2.406.026.345 1.054c.328 1 .569 1.554 1.093 2.516l.23.422-1.642 1.658c-1.326 1.339-1.67 1.731-1.785 2.039-.172.458-.126 1.063.11 1.445.087.139.8.889 1.584 1.665 1.495 1.48 1.658 1.59 2.345 1.587.581-.003.94-.268 2.609-1.929l1.609-1.602 1.111.549c.611.302 1.514.673 2.006.824l.895.275.025 2.409.025 2.409.241.39c.177.286.358.451.676.617l.435.227 2.131-.023 2.13-.024.389-.241c.276-.17.449-.356.594-.637.203-.396.204-.405.228-2.762l.025-2.364.895-.276c.493-.151 1.396-.522 2.007-.824l1.111-.549 1.609 1.602c1.669 1.661 2.028 1.926 2.609 1.929.687.003.85-.107 2.345-1.587.784-.776 1.497-1.526 1.584-1.665.236-.382.282-.987.11-1.445-.115-.308-.458-.699-1.777-2.031l-1.634-1.65.548-1.11c.302-.611.673-1.513.824-2.006l.276-.895 2.364-.025c2.357-.024 2.366-.025 2.762-.228.281-.145.467-.318.637-.594l.241-.389.025-2.046c.029-2.295 0-2.486-.45-2.984-.511-.567-.564-.577-3.218-.608l-2.362-.027-.275-.894c-.152-.492-.522-1.394-.824-2.005l-.549-1.111 1.602-1.609c1.661-1.669 1.926-2.028 1.929-2.609.003-.684-.11-.853-1.547-2.309-.754-.764-1.508-1.477-1.676-1.584a1.69 1.69 0 0 0-1.474-.146c-.308.115-.699.458-2.031 1.777l-1.651 1.634-1.052-.52a18.032 18.032 0 0 0-2.004-.826l-.952-.306-.025-2.406-.026-2.407-.241-.39a1.549 1.549 0 0 0-.669-.613L26.062 4h-4.124l-.428.224m4.23 11.742c1.798.371 3.479 1.416 4.681 2.913 1.967 2.448 2.35 5.855.977 8.694-1.152 2.381-3.271 4.003-5.901 4.515-3.583.697-7.214-1.122-8.875-4.448-.61-1.221-.822-2.198-.81-3.72.007-.967.043-1.289.213-1.936.864-3.289 3.551-5.681 6.895-6.138.72-.099 2.028-.043 2.82.12\"\/><\/svg>\t<div class=\"kbm-link-list-item__content\">\n\t\t<p class=\"kbm-link-list-item__title\">Ny start<\/p>\n\t\t\t\t\t<p class=\"kbm-link-list-item__description\">Vi tror p\u00e5 et arbeidsliv for alle, uavhengig av diagnose, rusbruk eller fortid.<\/p>\n\t\t\t<\/div>\n\t<\/a>\n\n<a class=\"wp-block-kbm-link-list-item\" href=\"\/tilbud-aktivitetskafe\/om-kafeen\/\">\t<svg xmlns=\"http:\/\/www.w3.org\/2000\/svg\" viewBox=\"0 0 48 48\" height=\"24\" width=\"24\" class=\"t2-icon t2-icon-fundraising\" aria-hidden=\"true\" focusable=\"false\"><path d=\"M12.824 3.208c-.594.229-1.166.775-1.482 1.416-.246.5-.262.585-.262 1.376 0 .791.016.876.262 1.376.322.653.892 1.19 1.507 1.421.424.158.575.164 3.755.144l3.313-.021-2.116-2.56c-1.164-1.408-2.27-2.676-2.459-2.818a3.119 3.119 0 0 0-.696-.38c-.493-.17-1.313-.149-1.822.046m20.496-.041c-.591.211-1.072.702-3.162 3.233l-2.08 2.52 3.257.021c3.688.024 3.798.01 4.504-.548.803-.634 1.164-1.483 1.105-2.598-.028-.537-.082-.757-.292-1.182-.315-.64-.89-1.181-1.499-1.409-.517-.193-1.348-.21-1.833-.037M3.633 10.078c-.091.037-.262.181-.38.321l-.213.253v1.798c0 1.451.023 1.843.121 2.033.26.502-.172.477 8.384.477 7.782 0 7.794 0 8.006-.167.418-.329.449-.486.449-2.289 0-1.885-.054-2.111-.56-2.364-.261-.13-.803-.139-7.96-.135-4.224.003-7.755.035-7.847.073m18-.002c-.091.038-.262.183-.38.323l-.213.253v32.71l.274.299.273.299 2.261.024c2.451.025 2.569.009 2.914-.401l.198-.235v-32.71l-.274-.299-.273-.299-2.307-.017c-1.268-.009-2.381.015-2.473.053m6.871.081c-.468.285-.504.45-.504 2.327 0 1.888.052 2.128.511 2.38.23.126.846.136 8.013.136 7.282 0 7.776-.009 7.978-.141.478-.313.498-.408.498-2.335 0-1.512-.02-1.8-.136-2.013C44.569 9.974 45 10 36.468 10c-7.504.001-7.715.005-7.964.157M6.56 16.14c-.16.08-.34.26-.42.42C6.009 16.823 6 17.631 6 30s.009 13.177.14 13.44c.293.586-.027.56 6.86.56 6.887 0 6.567.026 6.86-.56.131-.263.14-1.071.14-13.44s-.009-13.177-.14-13.44c-.293-.586.027-.56-6.86-.56-5.704 0-6.181.011-6.44.14m22 0c-.16.08-.34.26-.42.42-.131.263-.14 1.071-.14 13.44s.009 13.177.14 13.44c.293.586-.027.56 6.86.56 6.887 0 6.567.026 6.86-.56.131-.263.14-1.071.14-13.44s-.009-13.177-.14-13.44c-.293-.586.027-.56-6.86-.56-5.704 0-6.181.011-6.44.14\"\/><\/svg>\t<div class=\"kbm-link-list-item__content\">\n\t\t<p class=\"kbm-link-list-item__title\">H\u00e5ndlagde produkter<\/p>\n\t\t\t\t\t<p class=\"kbm-link-list-item__description\">Vi har arbeidstrening og verksted som lager produkter som selges i v\u00e5r nettbutikk.<\/p>\n\t\t\t<\/div>\n\t<\/a>\n\t\t<\/div>\n\t<\/div>\n\t\n\n\t<div class=\"alignwide wp-block-kbm-link-list\">\n\t\t<div class=\"kbm-link-list__items\">\n\t\t\t\n<a class=\"wp-block-kbm-link-list-item\" href=\"\/tilbud-aktivitetskafe\/aktivitet-for-sosialhjelp\/\">\t<svg xmlns=\"http:\/\/www.w3.org\/2000\/svg\" viewBox=\"0 0 48 48\" height=\"24\" width=\"24\" class=\"t2-icon t2-icon-conversations\" aria-hidden=\"true\" focusable=\"false\"><path d=\"M17.32 3.094c-5.657.702-10.128 3.89-11.592 8.266-.429 1.281-.554 2.15-.503 3.48.091 2.359.84 4.177 2.637 6.4l.194.24-1.547 2.48a1047.26 1047.26 0 0 0-2.025 3.256l-.477.776 2.297-.788c1.263-.433 3.316-1.138 4.562-1.568l2.266-.78.934.293c1.466.46 1.347.473 1.814-.197 2.253-3.232 6.618-5.596 11.23-6.078.871-.091 3.664-.057 4.456.054l.326.046.22-.49c.601-1.341.867-2.55.87-3.964.003-1.161-.111-1.889-.471-3-.548-1.693-1.441-3.086-2.858-4.456-2.194-2.121-5.095-3.478-8.345-3.904-.83-.109-3.313-.15-3.988-.066m9.974 16.986c-4.999.527-9.314 3.225-11.195 7-1.41 2.83-1.427 5.935-.047 8.712 2.876 5.789 10.846 8.631 17.838 6.361l.97-.315 4.51 1.553c2.481.855 4.521 1.543 4.534 1.53.014-.013-.878-1.472-1.981-3.242l-2.005-3.219.429-.53c1.19-1.471 1.904-2.945 2.27-4.685.168-.797.184-2.557.031-3.405-.236-1.313-.826-2.755-1.62-3.96-.612-.929-2.306-2.599-3.308-3.26-1.897-1.254-4.01-2.062-6.32-2.418-.979-.151-3.203-.217-4.106-.122\"\/><\/svg>\t<div class=\"kbm-link-list-item__content\">\n\t\t<p class=\"kbm-link-list-item__title\">Aktivitet for sosialhjelp<\/p>\n\t\t\t\t\t<p class=\"kbm-link-list-item__description\">Mottar du \u00f8konomisk sosialhjelp, men \u00f8nsker deg ut i jobb? Her f\u00e5r du vist dine sterke sider gjennom arbeid og aktivitet.<\/p>\n\t\t\t<\/div>\n\t<\/a>\n\n<a class=\"wp-block-kbm-link-list-item\" href=\"\/tilbud-aktiv-fritid\/\">\t<svg xmlns=\"http:\/\/www.w3.org\/2000\/svg\" viewBox=\"0 0 48 48\" height=\"24\" width=\"24\" class=\"t2-icon t2-icon-activities\" aria-hidden=\"true\" focusable=\"false\"><path d=\"M22.24 4.082c-1.537.145-3.662.604-4.838 1.044l-.46.172 1.269.657a45.146 45.146 0 0 1 4.402 2.614l1.053.704.92-.914c.658-.654.985-1.046 1.147-1.377.218-.444.227-.509.227-1.635 0-.645-.023-1.196-.051-1.225-.086-.086-2.858-.117-3.669-.04m5.74 1.539c-.067 1.941-.296 2.447-1.809 4.001-.495.508-.809.89-.765.93.076.07 1.89 1.588 2.275 1.904l.215.177 1.268-.757c1.641-.978 3.137-1.715 4.223-2.077.888-.297 3.075-.838 3.388-.839.334 0 .259-.142-.317-.603-2.297-1.839-5.03-3.136-8.227-3.904l-.21-.051-.041 1.219M13.856 6.795a20.046 20.046 0 0 0-7.694 8.241c-.315.627-.379.812-.268.766 1.413-.576 3.008-.981 6.906-1.754 3.858-.766 4.59-.978 6.36-1.847 1.061-.522 2.761-1.532 2.759-1.641 0-.078-2.135-1.427-3.359-2.124-1.038-.59-3.468-1.813-3.93-1.977-.077-.028-.395.111-.774.336m24.264 3.981c-.699.095-2.683.531-3.545.78-1.311.377-3.096 1.234-4.716 2.263l-.421.267.768.857a28.269 28.269 0 0 1 1.336 1.617l.594.795c.015.019.27-.043.566-.138 1.534-.493 3.559-.7 4.628-.471.805.171 1.633.536 2.513 1.104 1.023.662 1.765 1.294 2.977 2.538.561.576 1.02 1.021 1.02.989-.001-.19-.279-1.614-.442-2.259-.458-1.821-1.336-3.917-2.306-5.506-.496-.813-1.395-2.056-1.859-2.57-.304-.335-.41-.361-1.113-.266m-15.24 1.59c-1.741 1.197-3.526 2.102-5.28 2.677-.874.286-1.844.497-5.32 1.157-3.108.591-5.045 1.148-6.645 1.913l-.885.423-.177.752c-.986 4.19-.673 8.369.918 12.272a21.302 21.302 0 0 0 1.646 3.178l.416.649.252-.793c.815-2.568 2.351-5.318 4.551-8.147 3.094-3.98 8.082-8.628 12.844-11.968.462-.324.855-.6.873-.614.018-.013-.036-.1-.12-.194-.197-.219-2.19-1.832-2.26-1.829-.029.001-.395.237-.813.524m3.76 3.576c-7.452 5.349-13.249 11.435-15.791 16.576-.808 1.636-1.403 3.4-1.541 4.575l-.05.424.74.721c1.605 1.564 3.124 2.636 5.162 3.644 1.821.9 3.968 1.59 5.728 1.84l.368.053.367-.838c1.065-2.43 2.307-6.753 3.856-13.417 1.097-4.718 1.602-6.457 2.315-7.967.582-1.232 1.464-2.397 2.278-3.011l.271-.204-.187-.269c-.608-.873-2.331-2.79-2.505-2.788-.05.001-.505.298-1.011.661m8.32 2.816c-.545.092-1.604.34-1.65.385-.01.011.298.651.684 1.424 2.189 4.371 3.69 10.092 4.194 15.976.061.717.128 1.32.149 1.341.103.102 1.694-1.869 2.457-3.044 1.834-2.824 2.809-5.747 3.166-9.492l.051-.532-.819-.988c-1.076-1.298-3.236-3.453-3.992-3.982-1.56-1.093-2.614-1.363-4.24-1.088m-3.855 1.563c-.727.599-1.502 1.938-2.067 3.572-.425 1.231-.688 2.246-1.755 6.787-1.42 6.046-2.342 9.348-3.297 11.8a51.391 51.391 0 0 0-.527 1.393c-.043.146-.001.15 1.108.096 2.232-.109 3.791-.386 5.673-1.006 1.379-.455 2.534-.964 3.68-1.622.914-.525 2.17-1.361 2.325-1.548.123-.148.108-1.055-.05-2.913-.396-4.656-1.498-9.474-3.026-13.228-.445-1.095-1.643-3.572-1.726-3.572-.026 0-.178.108-.338.241\"\/><\/svg>\t<div class=\"kbm-link-list-item__content\">\n\t\t<p class=\"kbm-link-list-item__title\">Aktiv fritid<\/p>\n\t\t\t\t\t<p class=\"kbm-link-list-item__description\">Vi tilbyr ulike aktiviteter, trening i grupper og individuelt, arrangementer, foredrag og \u00e5pne kaf\u00e9kvelder.<\/p>\n\t\t\t<\/div>\n\t<\/a>\n\n<a class=\"wp-block-kbm-link-list-item\" href=\"\/tilbud-aktivitetskafe\/senioraktiviteter\/\">\t<svg xmlns=\"http:\/\/www.w3.org\/2000\/svg\" viewBox=\"0 0 48 48\" height=\"24\" width=\"24\" class=\"t2-icon t2-icon-substanceabuse\" aria-hidden=\"true\" focusable=\"false\"><path d=\"M12.56 9.154c-1.341.298-2.645 1.02-3.574 1.979C7.697 12.465 7.02 14.139 7.02 16c0 1.434.389 2.738 1.147 3.847 1.839 2.689 5.013 3.786 8.045 2.781 2.343-.777 4.141-2.82 4.672-5.308.157-.736.12-2.2-.074-2.939-.374-1.42-.887-2.311-1.927-3.341-.989-.98-2.132-1.604-3.441-1.88-.683-.143-2.248-.147-2.882-.006m19.96.013c-.635.139-1.595.533-2.262.927-.582.343-1.821 1.582-2.164 2.164-.801 1.355-1.097 2.524-1.03 4.056.053 1.203.179 1.707.694 2.766a6.659 6.659 0 0 0 3.162 3.162c1.198.583 1.617.675 3.08.675s1.882-.092 3.08-.675a6.878 6.878 0 0 0 2.325-1.823c.5-.602 1.152-1.869 1.369-2.659.108-.395.143-.818.143-1.76 0-1.463-.092-1.882-.675-3.08a6.878 6.878 0 0 0-1.823-2.325c-.59-.49-1.865-1.151-2.619-1.357-.694-.191-2.555-.231-3.28-.071M8.438 28.079c-2.389.351-4.344 1.951-5.133 4.201l-.225.64-.024 3.02-.025 3.02h17.586l.048-1.06c.071-1.592.431-2.97 1.156-4.42.413-.828 1.123-1.894 1.7-2.553.219-.251.399-.497.399-.548 0-.149-.879-.956-1.44-1.322a7.39 7.39 0 0 0-1.133-.577c-1.197-.462-1.483-.481-7.257-.47-2.888.005-5.431.037-5.652.069m24.251.006c-1.748.203-3.4.813-4.929 1.82-.842.555-2.146 1.809-2.743 2.638-1.226 1.702-1.977 3.887-1.977 5.747v.67h21.92v-.67c0-1.861-.751-4.045-1.978-5.748-.523-.727-1.755-1.947-2.502-2.478-2.187-1.554-5.092-2.292-7.791-1.979\"\/><\/svg>\t<div class=\"kbm-link-list-item__content\">\n\t\t<p class=\"kbm-link-list-item__title\">Senioraktiviteter i kafeen<\/p>\n\t\t\t\t\t<p class=\"kbm-link-list-item__description\">To ganger i m\u00e5neder har vi tilbud for seniorer i omr\u00e5det; foredrag, minikonserter og et sosialt samlingspunkt.<\/p>\n\t\t\t<\/div>\n\t<\/a>\n\t\t<\/div>\n\t<\/div>\n\t\n\n\n<div class=\"wp-block-media-text alignwide is-stacked-on-mobile is-style-filled\"><figure class=\"wp-block-media-text__media\"><img decoding=\"async\" src=\"https:\/\/kirkensbymisjon.no\/content\/uploads\/2024\/09\/Standard_Bli-frivillig_01-1024x751.jpg\" alt=\"Frivillige i samtale med gjest i kafeen. Foto: Kirkens Bymisjon\" class=\"wp-image-3078 size-full\"\/><\/figure><div class=\"wp-block-media-text__content\">\n<h2 class=\"wp-block-heading\" id=\"h-bli-frivillig-nbsp\"><strong>Bli frivillig!<\/strong>&nbsp;<\/h2>\n\n\n\n<p>Vi trenger deg som \u00f8nsker \u00e5 gj\u00f8re en frivillig innsats til nytte og glede for andre og deg selv. Gjennom frivillig engasjement kan du bruke din erfaring og kompetanse \u2013 eller l\u00e6re noe nytt.&nbsp;<\/p>\n\n\n\n<p><a href=\"\/bli-frivillig\">Les mer om frivillighet<\/a><\/p>\n<\/div><\/div>\n\n\n<div class=\"t2-accordion wp-block-t2-accordion\" data-allow-multiple=\"1\" role=\"list\">\n<div class=\"t2-accordion-item wp-block-t2-accordion-item\" role=\"listitem\">\n\t\t\t<h2 class=\"t2-accordion-title\">\n\t\t\t\t<button type=\"button\" class=\"t2-accordion-trigger\" id=\"personvernerkl\u00e6ring\" aria-controls=\"accordion-panel\" aria-expanded=\"false\">\n\t\t\t\t\tPersonvernerkl\u00e6ring\n\t\t\t\t\t<span class=\"t2-accordion-icon is-closed-icon\"><svg xmlns=\"http:\/\/www.w3.org\/2000\/svg\" viewBox=\"0 0 24 24\" height=\"24\" width=\"24\" class=\"t2-icon t2-icon-plus\" aria-hidden=\"true\" focusable=\"false\"><path d=\"M11.8 5.037a1.088 1.088 0 0 0-.722.566c-.075.148-.078.25-.078 2.772v2.619l-2.61.016c-1.867.012-2.652.03-2.756.064-.168.055-.438.301-.54.494-.049.092-.07.223-.07.432 0 .34.054.476.282.704.289.289.14.275 3.064.288l2.63.012v2.619c0 2.544.002 2.625.08 2.778.191.372.516.577.92.577s.729-.205.92-.577c.078-.153.08-.234.08-2.778v-2.619l2.63-.012c2.924-.013 2.775.001 3.064-.288.228-.228.282-.364.282-.704 0-.209-.021-.34-.07-.432-.102-.193-.372-.439-.54-.494-.104-.034-.889-.052-2.756-.064L13 10.994V8.375c0-2.522-.003-2.624-.078-2.772-.214-.418-.685-.656-1.122-.566\"\/><\/svg><\/span>\n\t\t\t\t\t<span class=\"t2-accordion-icon is-open-icon\"><svg xmlns=\"http:\/\/www.w3.org\/2000\/svg\" viewBox=\"0 0 24 24\" height=\"24\" width=\"24\" class=\"t2-icon t2-icon-chevronup\" aria-hidden=\"true\" focusable=\"false\"><path d=\"M6.7 14.7c-.2-.2-.3-.4-.3-.7s.1-.5.3-.7l4.6-4.6c.1-.1.2-.2.3-.2.1 0 .2-.1.4-.1.1 0 .3 0 .4.1.1 0 .2.1.3.2l4.6 4.6c.2.2.3.4.3.7s-.1.5-.3.7c-.2.2-.4.3-.7.3s-.5-.1-.7-.3L12 10.8l-3.9 3.9c-.2.2-.4.3-.7.3s-.5-.1-.7-.3z\" fill=\"currentColor\" \/><\/svg><\/span>\n\t\t\t\t<\/button>\n\t\t\t<\/h2>\n\t\t\t<div class=\"t2-accordion-item__inner-container is-layout-flow\" id=\"accordion-panel\" aria-labelledby=\"personvernerkl\u00e6ring\" role=\"region\" hidden>\n\t\t\t\t\n\n<p><a href=\"https:\/\/kirkensbymisjon.no\/content\/uploads\/sites\/80\/2025\/04\/Personvernerklaering-aktivitetskafeene-Honefoss-og-Kongsberg.pdf\">Her kan du laste ned v\u00e5r personvernerkl\u00e6ring.<\/a><\/p>\n\n\n\t\t\t<\/div>\n\t\t<\/div>\n<\/div>","protected":false},"excerpt":{"rendered":"<p>Skal det v\u00e6re en hjertevarm kaffe? Aktivitetskafeen er \u00e5pen for alle, men er spesielt tilrettelagt&hellip;<\/p>\n","protected":false},"author":5,"featured_media":0,"parent":0,"menu_order":0,"comment_status":"closed","ping_status":"closed","template":"","meta":{"_relevanssi_hide_post":"","_relevanssi_hide_content":"","_relevanssi_pin_for_all":"","_relevanssi_pin_keywords":"","_relevanssi_unpin_keywords":"","_relevanssi_related_keywords":"","_relevanssi_related_include_ids":"","_relevanssi_related_exclude_ids":"","_relevanssi_related_no_append":"","_relevanssi_related_not_related":"","_relevanssi_related_posts":"1","_relevanssi_noindex_reason":"","editor_notices":[],"footnotes":""},"class_list":["post-3","page","type-page","status-publish","hentry"],"yoast_head":"<!-- This site is optimized with the Yoast SEO Premium plugin v27.2 (Yoast SEO v27.2) - https:\/\/yoast.com\/product\/yoast-seo-premium-wordpress\/ -->\n<title>Kirkens Bymisjon - Aktivitetskaf\u00e9<\/title>\n<meta name=\"description\" content=\"En inkluderende kaf\u00e9 med fristende og rimelig mat \u2013 midt i hjertet av Drammen sentrum.\" \/>\n<meta name=\"robots\" content=\"index, follow, max-snippet:-1, max-image-preview:large, max-video-preview:-1\" \/>\n<link rel=\"canonical\" href=\"https:\/\/kirkensbymisjon.no\/tilbud-aktivitetskafe\/\" \/>\n<meta property=\"og:locale\" content=\"nb_NO\" \/>\n<meta property=\"og:type\" content=\"article\" \/>\n<meta property=\"og:title\" content=\"Forside\" \/>\n<meta property=\"og:description\" content=\"En inkluderende kaf\u00e9 med fristende og rimelig mat \u2013 midt i hjertet av Drammen sentrum.\" \/>\n<meta property=\"og:url\" content=\"https:\/\/kirkensbymisjon.no\/tilbud-aktivitetskafe\/\" \/>\n<meta property=\"og:site_name\" content=\"Aktivitetskaf\u00e9\" \/>\n<meta property=\"article:modified_time\" content=\"2025-04-03T08:23:07+00:00\" \/>\n<meta property=\"og:image\" content=\"https:\/\/kirkensbymisjon.no\/content\/uploads\/sites\/80\/2024\/08\/tilbud_Aktivitetskafe_02.jpg\" \/>\n\t<meta property=\"og:image:width\" content=\"1000\" \/>\n\t<meta property=\"og:image:height\" content=\"500\" \/>\n\t<meta property=\"og:image:type\" content=\"image\/jpeg\" \/>\n<meta name=\"twitter:card\" content=\"summary_large_image\" \/>\n<meta name=\"twitter:label1\" content=\"Ansl. lesetid\" \/>\n\t<meta name=\"twitter:data1\" content=\"1 minutt\" \/>\n<script type=\"application\/ld+json\" class=\"yoast-schema-graph\">{\"@context\":\"https:\/\/schema.org\",\"@graph\":[{\"@type\":\"WebPage\",\"@id\":\"https:\/\/kirkensbymisjon.no\/tilbud-aktivitetskafe\/\",\"url\":\"https:\/\/kirkensbymisjon.no\/tilbud-aktivitetskafe\/\",\"name\":\"Kirkens Bymisjon - Aktivitetskaf\u00e9\",\"isPartOf\":{\"@id\":\"https:\/\/kirkensbymisjon.no\/tilbud-aktivitetskafe\/#website\"},\"primaryImageOfPage\":{\"@id\":\"https:\/\/kirkensbymisjon.no\/tilbud-aktivitetskafe\/#primaryimage\"},\"image\":{\"@id\":\"https:\/\/kirkensbymisjon.no\/tilbud-aktivitetskafe\/#primaryimage\"},\"thumbnailUrl\":\"https:\/\/kirkensbymisjon.no\/content\/uploads\/sites\/80\/2024\/08\/tilbud_Aktivitetskafe_02.jpg\",\"datePublished\":\"2024-06-26T18:03:15+00:00\",\"dateModified\":\"2025-04-03T08:23:07+00:00\",\"description\":\"En inkluderende kaf\u00e9 med fristende og rimelig mat \u2013 midt i hjertet av Drammen sentrum.\",\"breadcrumb\":{\"@id\":\"https:\/\/kirkensbymisjon.no\/tilbud-aktivitetskafe\/#breadcrumb\"},\"inLanguage\":\"nb-NO\",\"potentialAction\":[{\"@type\":\"ReadAction\",\"target\":[\"https:\/\/kirkensbymisjon.no\/tilbud-aktivitetskafe\/\"]}]},{\"@type\":\"ImageObject\",\"inLanguage\":\"nb-NO\",\"@id\":\"https:\/\/kirkensbymisjon.no\/tilbud-aktivitetskafe\/#primaryimage\",\"url\":\"https:\/\/kirkensbymisjon.no\/content\/uploads\/sites\/80\/2024\/08\/tilbud_Aktivitetskafe_02.jpg\",\"contentUrl\":\"https:\/\/kirkensbymisjon.no\/content\/uploads\/sites\/80\/2024\/08\/tilbud_Aktivitetskafe_02.jpg\"},{\"@type\":\"BreadcrumbList\",\"@id\":\"https:\/\/kirkensbymisjon.no\/tilbud-aktivitetskafe\/#breadcrumb\",\"itemListElement\":[{\"@type\":\"ListItem\",\"position\":1,\"name\":\"Hjem\",\"item\":\"https:\/\/kirkensbymisjon.no\/tilbud-aktivitetskafe\/\"},{\"@type\":\"ListItem\",\"position\":2,\"name\":\"Forside\"}]},{\"@type\":\"WebSite\",\"@id\":\"https:\/\/kirkensbymisjon.no\/tilbud-aktivitetskafe\/#website\",\"url\":\"https:\/\/kirkensbymisjon.no\/tilbud-aktivitetskafe\/\",\"name\":\"Aktivitetskaf\u00e9\",\"description\":\"\",\"potentialAction\":[{\"@type\":\"SearchAction\",\"target\":{\"@type\":\"EntryPoint\",\"urlTemplate\":\"https:\/\/kirkensbymisjon.no\/tilbud-aktivitetskafe\/?s={search_term_string}\"},\"query-input\":{\"@type\":\"PropertyValueSpecification\",\"valueRequired\":true,\"valueName\":\"search_term_string\"}}],\"inLanguage\":\"nb-NO\"}]}<\/script>\n<!-- \/ Yoast SEO Premium plugin. -->","yoast_head_json":{"title":"Kirkens Bymisjon - Aktivitetskaf\u00e9","description":"En inkluderende kaf\u00e9 med fristende og rimelig mat \u2013 midt i hjertet av Drammen sentrum.","robots":{"index":"index","follow":"follow","max-snippet":"max-snippet:-1","max-image-preview":"max-image-preview:large","max-video-preview":"max-video-preview:-1"},"canonical":"https:\/\/kirkensbymisjon.no\/tilbud-aktivitetskafe\/","og_locale":"nb_NO","og_type":"article","og_title":"Forside","og_description":"En inkluderende kaf\u00e9 med fristende og rimelig mat \u2013 midt i hjertet av Drammen sentrum.","og_url":"https:\/\/kirkensbymisjon.no\/tilbud-aktivitetskafe\/","og_site_name":"Aktivitetskaf\u00e9","article_modified_time":"2025-04-03T08:23:07+00:00","og_image":[{"width":1000,"height":500,"url":"https:\/\/kirkensbymisjon.no\/content\/uploads\/sites\/80\/2024\/08\/tilbud_Aktivitetskafe_02.jpg","type":"image\/jpeg"}],"twitter_card":"summary_large_image","twitter_misc":{"Ansl. lesetid":"1 minutt"},"schema":{"@context":"https:\/\/schema.org","@graph":[{"@type":"WebPage","@id":"https:\/\/kirkensbymisjon.no\/tilbud-aktivitetskafe\/","url":"https:\/\/kirkensbymisjon.no\/tilbud-aktivitetskafe\/","name":"Kirkens Bymisjon - Aktivitetskaf\u00e9","isPartOf":{"@id":"https:\/\/kirkensbymisjon.no\/tilbud-aktivitetskafe\/#website"},"primaryImageOfPage":{"@id":"https:\/\/kirkensbymisjon.no\/tilbud-aktivitetskafe\/#primaryimage"},"image":{"@id":"https:\/\/kirkensbymisjon.no\/tilbud-aktivitetskafe\/#primaryimage"},"thumbnailUrl":"https:\/\/kirkensbymisjon.no\/content\/uploads\/sites\/80\/2024\/08\/tilbud_Aktivitetskafe_02.jpg","datePublished":"2024-06-26T18:03:15+00:00","dateModified":"2025-04-03T08:23:07+00:00","description":"En inkluderende kaf\u00e9 med fristende og rimelig mat \u2013 midt i hjertet av Drammen sentrum.","breadcrumb":{"@id":"https:\/\/kirkensbymisjon.no\/tilbud-aktivitetskafe\/#breadcrumb"},"inLanguage":"nb-NO","potentialAction":[{"@type":"ReadAction","target":["https:\/\/kirkensbymisjon.no\/tilbud-aktivitetskafe\/"]}]},{"@type":"ImageObject","inLanguage":"nb-NO","@id":"https:\/\/kirkensbymisjon.no\/tilbud-aktivitetskafe\/#primaryimage","url":"https:\/\/kirkensbymisjon.no\/content\/uploads\/sites\/80\/2024\/08\/tilbud_Aktivitetskafe_02.jpg","contentUrl":"https:\/\/kirkensbymisjon.no\/content\/uploads\/sites\/80\/2024\/08\/tilbud_Aktivitetskafe_02.jpg"},{"@type":"BreadcrumbList","@id":"https:\/\/kirkensbymisjon.no\/tilbud-aktivitetskafe\/#breadcrumb","itemListElement":[{"@type":"ListItem","position":1,"name":"Hjem","item":"https:\/\/kirkensbymisjon.no\/tilbud-aktivitetskafe\/"},{"@type":"ListItem","position":2,"name":"Forside"}]},{"@type":"WebSite","@id":"https:\/\/kirkensbymisjon.no\/tilbud-aktivitetskafe\/#website","url":"https:\/\/kirkensbymisjon.no\/tilbud-aktivitetskafe\/","name":"Aktivitetskaf\u00e9","description":"","potentialAction":[{"@type":"SearchAction","target":{"@type":"EntryPoint","urlTemplate":"https:\/\/kirkensbymisjon.no\/tilbud-aktivitetskafe\/?s={search_term_string}"},"query-input":{"@type":"PropertyValueSpecification","valueRequired":true,"valueName":"search_term_string"}}],"inLanguage":"nb-NO"}]}},"_links":{"self":[{"href":"https:\/\/kirkensbymisjon.no\/tilbud-aktivitetskafe\/wp-json\/wp\/v2\/pages\/3","targetHints":{"allow":["GET"]}}],"collection":[{"href":"https:\/\/kirkensbymisjon.no\/tilbud-aktivitetskafe\/wp-json\/wp\/v2\/pages"}],"about":[{"href":"https:\/\/kirkensbymisjon.no\/tilbud-aktivitetskafe\/wp-json\/wp\/v2\/types\/page"}],"author":[{"embeddable":true,"href":"https:\/\/kirkensbymisjon.no\/tilbud-aktivitetskafe\/wp-json\/wp\/v2\/users\/5"}],"replies":[{"embeddable":true,"href":"https:\/\/kirkensbymisjon.no\/tilbud-aktivitetskafe\/wp-json\/wp\/v2\/comments?post=3"}],"version-history":[{"count":5,"href":"https:\/\/kirkensbymisjon.no\/tilbud-aktivitetskafe\/wp-json\/wp\/v2\/pages\/3\/revisions"}],"predecessor-version":[{"id":242,"href":"https:\/\/kirkensbymisjon.no\/tilbud-aktivitetskafe\/wp-json\/wp\/v2\/pages\/3\/revisions\/242"}],"wp:attachment":[{"href":"https:\/\/kirkensbymisjon.no\/tilbud-aktivitetskafe\/wp-json\/wp\/v2\/media?parent=3"}],"curies":[{"name":"wp","href":"https:\/\/api.w.org\/{rel}","templated":true}]}}