{"id":3,"date":"2025-07-22T11:38:16","date_gmt":"2025-07-22T09:38:16","guid":{"rendered":"https:\/\/kirkensbymisjon.no\/tilbud-aktivitetsplikten\/forside\/"},"modified":"2025-07-28T04:19:00","modified_gmt":"2025-07-28T02:19:00","slug":"forside","status":"publish","type":"page","link":"https:\/\/kirkensbymisjon.no\/tilbud-aktivitetsplikten\/","title":{"rendered":"Forside"},"content":{"rendered":"\n<p><em>Hos oss f\u00e5r unge voksne som mottar sosialhjelp tilbud om meningsfull aktivitet, arbeidstrening og tett individuell oppf\u00f8lging.<br>Tiltaket gir mulighet til \u00e5 utforske egne ressurser, mestre nye oppgaver og bygge selvtillit p\u00e5 veien mot jobb og selvfors\u00f8rgelse.<\/em><\/p>\n\n\n\n<h2 class=\"wp-block-heading\" id=\"h-hva-er-aktivitetsplikten\"><strong>Hva er Aktivitetsplikten?<\/strong><\/h2>\n\n\n\n<p><strong><br><\/strong>Aktivitetsplikten er et samarbeid med NAV Drammen, prim\u00e6rt rettet mot unge voksne (18\u201330 \u00e5r) som mottar \u00f8konomisk sosialhjelp. M\u00e5let er \u00e5 komme n\u00e6rmere jobb eller utdanning \u2013 med arbeidstrening, veiledning og aktiviteter som st\u00f8tter hele mennesket, hele d\u00f8gnet.<\/p>\n\n\n\n<p>Tiltaket varer fire uker av gangen (kan utvides dersom det er hensiktsmessig), og har l\u00f8pende inntak.\u00a0<br><strong><em>For mange er dette starten p\u00e5 noe nytt.<\/em><\/strong><br><br>____________________________<\/p>\n\n\n\n<h2 class=\"wp-block-heading\" id=\"h-praktisk-informasjon\">Praktisk informasjon<\/h2>\n\n\n\t<div class=\"wp-block-kbm-link-list\">\n\t\t<div class=\"kbm-link-list__items\">\n\t\t\t\n<div class=\"wp-block-kbm-link-list-item\">\t<svg xmlns=\"http:\/\/www.w3.org\/2000\/svg\" viewBox=\"0 0 48 48\" height=\"24\" width=\"24\" class=\"t2-icon t2-icon-heart\" aria-hidden=\"true\" focusable=\"false\"><path d=\"M12.608 7.169c-1.695.306-3.132.959-4.579 2.081-1.894 1.468-3.293 3.755-3.79 6.194-.689 3.382.232 7.499 2.57 11.489 2.339 3.991 6.459 8.359 11.511 12.202 1.924 1.463 5.432 3.825 5.682 3.825.244 0 3.789-2.389 5.678-3.826 3.507-2.666 6.767-5.781 9.058-8.654 4.107-5.151 5.927-10.598 5.023-15.036-.867-4.255-4.231-7.559-8.431-8.282-.908-.156-2.546-.157-3.46-.001-3.228.55-6.151 2.758-7.548 5.699-.151.319-.296.58-.32.58-.025 0-.212-.333-.416-.74-1.452-2.905-4.266-4.995-7.456-5.539-.885-.151-2.667-.147-3.522.008\"\/><\/svg>\t<div class=\"kbm-link-list-item__content\">\n\t\t<p class=\"kbm-link-list-item__title\">\u00c5pningstider<\/p>\n\t\t\t\t\t<p class=\"kbm-link-list-item__description\">Mandag til fredag, kl. 08.00\u201315.00.<\/p>\n\t\t\t<\/div>\n\t<\/div>\n\n<div class=\"wp-block-kbm-link-list-item\">\t<svg xmlns=\"http:\/\/www.w3.org\/2000\/svg\" viewBox=\"0 0 48 48\" height=\"24\" width=\"24\" class=\"t2-icon t2-icon-heart\" aria-hidden=\"true\" focusable=\"false\"><path d=\"M12.608 7.169c-1.695.306-3.132.959-4.579 2.081-1.894 1.468-3.293 3.755-3.79 6.194-.689 3.382.232 7.499 2.57 11.489 2.339 3.991 6.459 8.359 11.511 12.202 1.924 1.463 5.432 3.825 5.682 3.825.244 0 3.789-2.389 5.678-3.826 3.507-2.666 6.767-5.781 9.058-8.654 4.107-5.151 5.927-10.598 5.023-15.036-.867-4.255-4.231-7.559-8.431-8.282-.908-.156-2.546-.157-3.46-.001-3.228.55-6.151 2.758-7.548 5.699-.151.319-.296.58-.32.58-.025 0-.212-.333-.416-.74-1.452-2.905-4.266-4.995-7.456-5.539-.885-.151-2.667-.147-3.522.008\"\/><\/svg>\t<div class=\"kbm-link-list-item__content\">\n\t\t<p class=\"kbm-link-list-item__title\">Varighet<\/p>\n\t\t\t\t\t<p class=\"kbm-link-list-item__description\">Tiltaket varer normalt i fire uker.<\/p>\n\t\t\t<\/div>\n\t<\/div>\n\n<div class=\"wp-block-kbm-link-list-item\">\t<svg xmlns=\"http:\/\/www.w3.org\/2000\/svg\" viewBox=\"0 0 48 48\" height=\"24\" width=\"24\" class=\"t2-icon t2-icon-heart\" aria-hidden=\"true\" focusable=\"false\"><path d=\"M12.608 7.169c-1.695.306-3.132.959-4.579 2.081-1.894 1.468-3.293 3.755-3.79 6.194-.689 3.382.232 7.499 2.57 11.489 2.339 3.991 6.459 8.359 11.511 12.202 1.924 1.463 5.432 3.825 5.682 3.825.244 0 3.789-2.389 5.678-3.826 3.507-2.666 6.767-5.781 9.058-8.654 4.107-5.151 5.927-10.598 5.023-15.036-.867-4.255-4.231-7.559-8.431-8.282-.908-.156-2.546-.157-3.46-.001-3.228.55-6.151 2.758-7.548 5.699-.151.319-.296.58-.32.58-.025 0-.212-.333-.416-.74-1.452-2.905-4.266-4.995-7.456-5.539-.885-.151-2.667-.147-3.522.008\"\/><\/svg>\t<div class=\"kbm-link-list-item__content\">\n\t\t<p class=\"kbm-link-list-item__title\">Oppstart<\/p>\n\t\t\t\t\t<p class=\"kbm-link-list-item__description\">Allerede dagen etter du s\u00f8kes inn via NAV.<\/p>\n\t\t\t<\/div>\n\t<\/div>\n\n<div class=\"wp-block-kbm-link-list-item\">\t<svg xmlns=\"http:\/\/www.w3.org\/2000\/svg\" viewBox=\"0 0 48 48\" height=\"24\" width=\"24\" class=\"t2-icon t2-icon-heart\" aria-hidden=\"true\" focusable=\"false\"><path d=\"M12.608 7.169c-1.695.306-3.132.959-4.579 2.081-1.894 1.468-3.293 3.755-3.79 6.194-.689 3.382.232 7.499 2.57 11.489 2.339 3.991 6.459 8.359 11.511 12.202 1.924 1.463 5.432 3.825 5.682 3.825.244 0 3.789-2.389 5.678-3.826 3.507-2.666 6.767-5.781 9.058-8.654 4.107-5.151 5.927-10.598 5.023-15.036-.867-4.255-4.231-7.559-8.431-8.282-.908-.156-2.546-.157-3.46-.001-3.228.55-6.151 2.758-7.548 5.699-.151.319-.296.58-.32.58-.025 0-.212-.333-.416-.74-1.452-2.905-4.266-4.995-7.456-5.539-.885-.151-2.667-.147-3.522.008\"\/><\/svg>\t<div class=\"kbm-link-list-item__content\">\n\t\t<p class=\"kbm-link-list-item__title\">Du f\u00e5r..<\/p>\n\t\t\t\t\t<p class=\"kbm-link-list-item__description\">Fast veileder, oppf\u00f8lging og en konkret plan.<\/p>\n\t\t\t<\/div>\n\t<\/div>\n\t\t<\/div>\n\t<\/div>\n\t\n\n\n<h3 class=\"wp-block-heading\" id=\"h-\"><\/h3>\n","protected":false},"excerpt":{"rendered":"<p>Hos oss f\u00e5r unge voksne som mottar sosialhjelp tilbud om meningsfull aktivitet, arbeidstrening og tett&hellip;<\/p>\n","protected":false},"author":6,"featured_media":0,"parent":0,"menu_order":0,"comment_status":"closed","ping_status":"closed","template":"","meta":{"_relevanssi_hide_post":"","_relevanssi_hide_content":"","_relevanssi_pin_for_all":"","_relevanssi_pin_keywords":"","_relevanssi_unpin_keywords":"","_relevanssi_related_keywords":"","_relevanssi_related_include_ids":"","_relevanssi_related_exclude_ids":"","_relevanssi_related_no_append":"","_relevanssi_related_not_related":"","_relevanssi_related_posts":"1","_relevanssi_noindex_reason":"","editor_notices":[],"footnotes":""},"class_list":["post-3","page","type-page","status-publish","hentry"],"yoast_head":"<!-- This site is optimized with the Yoast SEO Premium plugin v27.2 (Yoast SEO v27.2) - https:\/\/yoast.com\/product\/yoast-seo-premium-wordpress\/ -->\n<title>Forside - Aktivitetsplikten<\/title>\n<meta name=\"robots\" content=\"index, follow, max-snippet:-1, max-image-preview:large, max-video-preview:-1\" \/>\n<link rel=\"canonical\" href=\"https:\/\/kirkensbymisjon.no\/tilbud-aktivitetsplikten\/\" \/>\n<meta property=\"og:locale\" content=\"nb_NO\" \/>\n<meta property=\"og:type\" content=\"article\" \/>\n<meta property=\"og:title\" content=\"Forside\" \/>\n<meta property=\"og:description\" content=\"Hos oss f\u00e5r unge voksne som mottar sosialhjelp tilbud om meningsfull aktivitet, arbeidstrening og tett&hellip;\" \/>\n<meta property=\"og:url\" content=\"https:\/\/kirkensbymisjon.no\/tilbud-aktivitetsplikten\/\" \/>\n<meta property=\"og:site_name\" content=\"Aktivitetsplikten\" \/>\n<meta property=\"article:modified_time\" content=\"2025-07-28T02:19:00+00:00\" \/>\n<meta name=\"twitter:card\" content=\"summary_large_image\" \/>\n<meta name=\"twitter:label1\" content=\"Ansl. lesetid\" \/>\n\t<meta name=\"twitter:data1\" content=\"1 minutt\" \/>\n<script type=\"application\/ld+json\" class=\"yoast-schema-graph\">{\"@context\":\"https:\/\/schema.org\",\"@graph\":[{\"@type\":\"WebPage\",\"@id\":\"https:\/\/kirkensbymisjon.no\/tilbud-aktivitetsplikten\/\",\"url\":\"https:\/\/kirkensbymisjon.no\/tilbud-aktivitetsplikten\/\",\"name\":\"Forside - Aktivitetsplikten\",\"isPartOf\":{\"@id\":\"https:\/\/kirkensbymisjon.no\/tilbud-aktivitetsplikten\/#website\"},\"datePublished\":\"2025-07-22T09:38:16+00:00\",\"dateModified\":\"2025-07-28T02:19:00+00:00\",\"breadcrumb\":{\"@id\":\"https:\/\/kirkensbymisjon.no\/tilbud-aktivitetsplikten\/#breadcrumb\"},\"inLanguage\":\"nb-NO\",\"potentialAction\":[{\"@type\":\"ReadAction\",\"target\":[\"https:\/\/kirkensbymisjon.no\/tilbud-aktivitetsplikten\/\"]}]},{\"@type\":\"BreadcrumbList\",\"@id\":\"https:\/\/kirkensbymisjon.no\/tilbud-aktivitetsplikten\/#breadcrumb\",\"itemListElement\":[{\"@type\":\"ListItem\",\"position\":1,\"name\":\"Hjem\",\"item\":\"https:\/\/kirkensbymisjon.no\/tilbud-aktivitetsplikten\/\"},{\"@type\":\"ListItem\",\"position\":2,\"name\":\"Forside\"}]},{\"@type\":\"WebSite\",\"@id\":\"https:\/\/kirkensbymisjon.no\/tilbud-aktivitetsplikten\/#website\",\"url\":\"https:\/\/kirkensbymisjon.no\/tilbud-aktivitetsplikten\/\",\"name\":\"Aktivitetsplikten\",\"description\":\"\",\"potentialAction\":[{\"@type\":\"SearchAction\",\"target\":{\"@type\":\"EntryPoint\",\"urlTemplate\":\"https:\/\/kirkensbymisjon.no\/tilbud-aktivitetsplikten\/?s={search_term_string}\"},\"query-input\":{\"@type\":\"PropertyValueSpecification\",\"valueRequired\":true,\"valueName\":\"search_term_string\"}}],\"inLanguage\":\"nb-NO\"}]}<\/script>\n<!-- \/ Yoast SEO Premium plugin. -->","yoast_head_json":{"title":"Forside - Aktivitetsplikten","robots":{"index":"index","follow":"follow","max-snippet":"max-snippet:-1","max-image-preview":"max-image-preview:large","max-video-preview":"max-video-preview:-1"},"canonical":"https:\/\/kirkensbymisjon.no\/tilbud-aktivitetsplikten\/","og_locale":"nb_NO","og_type":"article","og_title":"Forside","og_description":"Hos oss f\u00e5r unge voksne som mottar sosialhjelp tilbud om meningsfull aktivitet, arbeidstrening og tett&hellip;","og_url":"https:\/\/kirkensbymisjon.no\/tilbud-aktivitetsplikten\/","og_site_name":"Aktivitetsplikten","article_modified_time":"2025-07-28T02:19:00+00:00","twitter_card":"summary_large_image","twitter_misc":{"Ansl. lesetid":"1 minutt"},"schema":{"@context":"https:\/\/schema.org","@graph":[{"@type":"WebPage","@id":"https:\/\/kirkensbymisjon.no\/tilbud-aktivitetsplikten\/","url":"https:\/\/kirkensbymisjon.no\/tilbud-aktivitetsplikten\/","name":"Forside - Aktivitetsplikten","isPartOf":{"@id":"https:\/\/kirkensbymisjon.no\/tilbud-aktivitetsplikten\/#website"},"datePublished":"2025-07-22T09:38:16+00:00","dateModified":"2025-07-28T02:19:00+00:00","breadcrumb":{"@id":"https:\/\/kirkensbymisjon.no\/tilbud-aktivitetsplikten\/#breadcrumb"},"inLanguage":"nb-NO","potentialAction":[{"@type":"ReadAction","target":["https:\/\/kirkensbymisjon.no\/tilbud-aktivitetsplikten\/"]}]},{"@type":"BreadcrumbList","@id":"https:\/\/kirkensbymisjon.no\/tilbud-aktivitetsplikten\/#breadcrumb","itemListElement":[{"@type":"ListItem","position":1,"name":"Hjem","item":"https:\/\/kirkensbymisjon.no\/tilbud-aktivitetsplikten\/"},{"@type":"ListItem","position":2,"name":"Forside"}]},{"@type":"WebSite","@id":"https:\/\/kirkensbymisjon.no\/tilbud-aktivitetsplikten\/#website","url":"https:\/\/kirkensbymisjon.no\/tilbud-aktivitetsplikten\/","name":"Aktivitetsplikten","description":"","potentialAction":[{"@type":"SearchAction","target":{"@type":"EntryPoint","urlTemplate":"https:\/\/kirkensbymisjon.no\/tilbud-aktivitetsplikten\/?s={search_term_string}"},"query-input":{"@type":"PropertyValueSpecification","valueRequired":true,"valueName":"search_term_string"}}],"inLanguage":"nb-NO"}]}},"_links":{"self":[{"href":"https:\/\/kirkensbymisjon.no\/tilbud-aktivitetsplikten\/wp-json\/wp\/v2\/pages\/3","targetHints":{"allow":["GET"]}}],"collection":[{"href":"https:\/\/kirkensbymisjon.no\/tilbud-aktivitetsplikten\/wp-json\/wp\/v2\/pages"}],"about":[{"href":"https:\/\/kirkensbymisjon.no\/tilbud-aktivitetsplikten\/wp-json\/wp\/v2\/types\/page"}],"author":[{"embeddable":true,"href":"https:\/\/kirkensbymisjon.no\/tilbud-aktivitetsplikten\/wp-json\/wp\/v2\/users\/6"}],"replies":[{"embeddable":true,"href":"https:\/\/kirkensbymisjon.no\/tilbud-aktivitetsplikten\/wp-json\/wp\/v2\/comments?post=3"}],"version-history":[{"count":5,"href":"https:\/\/kirkensbymisjon.no\/tilbud-aktivitetsplikten\/wp-json\/wp\/v2\/pages\/3\/revisions"}],"predecessor-version":[{"id":47,"href":"https:\/\/kirkensbymisjon.no\/tilbud-aktivitetsplikten\/wp-json\/wp\/v2\/pages\/3\/revisions\/47"}],"wp:attachment":[{"href":"https:\/\/kirkensbymisjon.no\/tilbud-aktivitetsplikten\/wp-json\/wp\/v2\/media?parent=3"}],"curies":[{"name":"wp","href":"https:\/\/api.w.org\/{rel}","templated":true}]}}