{"id":4,"date":"2025-03-21T09:34:23","date_gmt":"2025-03-21T08:34:23","guid":{"rendered":"https:\/\/kirkensbymisjon.no\/tilbud-akuttovernatting\/forside-2\/"},"modified":"2025-05-06T11:44:52","modified_gmt":"2025-05-06T09:44:52","slug":"forside-2","status":"publish","type":"page","link":"https:\/\/kirkensbymisjon.no\/tilbud-akuttovernatting\/","title":{"rendered":"Forside"},"content":{"rendered":"\n<p>Kirkens Bymisjon tilbyr akuttovernatting i flere byer. Vi s\u00f8rger for en pute \u00e5 hvile hodet p\u00e5, muligheten for en dusj og en seng for natten, i trygge, rolige og varme omgivelser.<\/p>\n\n\n\n<h2 class=\"wp-block-heading\" id=\"h-mer-informasjon-om-akuttovernatting-i\">Mer informasjon om akuttovernatting i:<\/h2>\n\n\n<div class=\"t2-accordion wp-block-t2-accordion\" data-allow-multiple=\"1\" role=\"list\">\n<div class=\"t2-accordion-item wp-block-t2-accordion-item\" role=\"listitem\">\n\t\t\t<h2 class=\"t2-accordion-title\">\n\t\t\t\t<button type=\"button\" class=\"t2-accordion-trigger\" id=\"bergen\" aria-controls=\"accordion-panel\" aria-expanded=\"false\">\n\t\t\t\t\tBergen\n\t\t\t\t\t<span class=\"t2-accordion-icon is-closed-icon\"><svg xmlns=\"http:\/\/www.w3.org\/2000\/svg\" viewBox=\"0 0 24 24\" height=\"24\" width=\"24\" class=\"t2-icon t2-icon-plus\" aria-hidden=\"true\" focusable=\"false\"><path d=\"M11.8 5.037a1.088 1.088 0 0 0-.722.566c-.075.148-.078.25-.078 2.772v2.619l-2.61.016c-1.867.012-2.652.03-2.756.064-.168.055-.438.301-.54.494-.049.092-.07.223-.07.432 0 .34.054.476.282.704.289.289.14.275 3.064.288l2.63.012v2.619c0 2.544.002 2.625.08 2.778.191.372.516.577.92.577s.729-.205.92-.577c.078-.153.08-.234.08-2.778v-2.619l2.63-.012c2.924-.013 2.775.001 3.064-.288.228-.228.282-.364.282-.704 0-.209-.021-.34-.07-.432-.102-.193-.372-.439-.54-.494-.104-.034-.889-.052-2.756-.064L13 10.994V8.375c0-2.522-.003-2.624-.078-2.772-.214-.418-.685-.656-1.122-.566\"\/><\/svg><\/span>\n\t\t\t\t\t<span class=\"t2-accordion-icon is-open-icon\"><svg xmlns=\"http:\/\/www.w3.org\/2000\/svg\" viewBox=\"0 0 24 24\" height=\"24\" width=\"24\" class=\"t2-icon t2-icon-chevronup\" aria-hidden=\"true\" focusable=\"false\"><path d=\"M6.7 14.7c-.2-.2-.3-.4-.3-.7s.1-.5.3-.7l4.6-4.6c.1-.1.2-.2.3-.2.1 0 .2-.1.4-.1.1 0 .3 0 .4.1.1 0 .2.1.3.2l4.6 4.6c.2.2.3.4.3.7s-.1.5-.3.7c-.2.2-.4.3-.7.3s-.5-.1-.7-.3L12 10.8l-3.9 3.9c-.2.2-.4.3-.7.3s-.5-.1-.7-.3z\" fill=\"currentColor\" \/><\/svg><\/span>\n\t\t\t\t<\/button>\n\t\t\t<\/h2>\n\t\t\t<div class=\"t2-accordion-item__inner-container is-layout-flow\" id=\"accordion-panel\" aria-labelledby=\"bergen\" role=\"region\" hidden>\n\t\t\t\t\n\n<p>Akuttovernattingen i Bergen kan benyttes av fattige tilreisende menn, kvinner og par fra EU\/E\u00d8S-omr\u00e5det.<\/p>\n\n\n\n<p><strong>\u00c5pningstider:<\/strong> \u00c5pent hver dag kl. 21.30\u201307.30.<\/p>\n\n\n\n<p><strong>Adresse:<\/strong> Hollendergaten 17, 5017 Bergen.<\/p>\n\n\n\n<p><strong>Telefon:<\/strong> <a href=\"tel:94024285\">940 24 285<\/a> (bemannet kl. 21.00\u201323.00 og kl. 06.00\u201308.00).<\/p>\n\n\n\t\t\t<\/div>\n\t\t<\/div>\n\n<div class=\"t2-accordion-item wp-block-t2-accordion-item\" role=\"listitem\">\n\t\t\t<h2 class=\"t2-accordion-title\">\n\t\t\t\t<button type=\"button\" class=\"t2-accordion-trigger\" id=\"oslo\" aria-controls=\"accordion-panel-1\" aria-expanded=\"false\">\n\t\t\t\t\tOslo\n\t\t\t\t\t<span class=\"t2-accordion-icon is-closed-icon\"><svg xmlns=\"http:\/\/www.w3.org\/2000\/svg\" viewBox=\"0 0 24 24\" height=\"24\" width=\"24\" class=\"t2-icon t2-icon-plus\" aria-hidden=\"true\" focusable=\"false\"><path d=\"M11.8 5.037a1.088 1.088 0 0 0-.722.566c-.075.148-.078.25-.078 2.772v2.619l-2.61.016c-1.867.012-2.652.03-2.756.064-.168.055-.438.301-.54.494-.049.092-.07.223-.07.432 0 .34.054.476.282.704.289.289.14.275 3.064.288l2.63.012v2.619c0 2.544.002 2.625.08 2.778.191.372.516.577.92.577s.729-.205.92-.577c.078-.153.08-.234.08-2.778v-2.619l2.63-.012c2.924-.013 2.775.001 3.064-.288.228-.228.282-.364.282-.704 0-.209-.021-.34-.07-.432-.102-.193-.372-.439-.54-.494-.104-.034-.889-.052-2.756-.064L13 10.994V8.375c0-2.522-.003-2.624-.078-2.772-.214-.418-.685-.656-1.122-.566\"\/><\/svg><\/span>\n\t\t\t\t\t<span class=\"t2-accordion-icon is-open-icon\"><svg xmlns=\"http:\/\/www.w3.org\/2000\/svg\" viewBox=\"0 0 24 24\" height=\"24\" width=\"24\" class=\"t2-icon t2-icon-chevronup\" aria-hidden=\"true\" focusable=\"false\"><path d=\"M6.7 14.7c-.2-.2-.3-.4-.3-.7s.1-.5.3-.7l4.6-4.6c.1-.1.2-.2.3-.2.1 0 .2-.1.4-.1.1 0 .3 0 .4.1.1 0 .2.1.3.2l4.6 4.6c.2.2.3.4.3.7s-.1.5-.3.7c-.2.2-.4.3-.7.3s-.5-.1-.7-.3L12 10.8l-3.9 3.9c-.2.2-.4.3-.7.3s-.5-.1-.7-.3z\" fill=\"currentColor\" \/><\/svg><\/span>\n\t\t\t\t<\/button>\n\t\t\t<\/h2>\n\t\t\t<div class=\"t2-accordion-item__inner-container is-layout-flow\" id=\"accordion-panel-1\" aria-labelledby=\"oslo\" role=\"region\" hidden>\n\t\t\t\t\n\n<p>Akuttovernattingen i Oslo er en del av v\u00e5rt tilbud for <a href=\"https:\/\/kirkensbymisjon.no\/tilbud-fattige-tilreisende\/\">fattige tilreisende<\/a>. Vi disponerer cirka 80 sengeplasser, som kan benyttes av fattige tilreisende kvinner og par. <\/p>\n\n\n\n<p><strong>Adresse:<\/strong> Louises gate 30, 0169 Oslo.<\/p>\n\n\n\n<p>Les mer om tilbudet i Oslo <a href=\"https:\/\/kirkensbymisjon.no\/tilbud-fattige-tilreisende\/\">her<\/a>.<\/p>\n\n\n\n<p><strong>Hvordan?<\/strong><br>Kj\u00f8p av sengeplass skjer ved ankomst til Louises gate 30 i Oslo. Man kan booke seg inn for opptil fem netter av gangen, men det betales kun for \u00e9n natt av gangen, noe som koster 15 kroner. De som har forh\u00e5ndsreservert plass, registreres og slippes inn mellom kl. 18.00\u201321.00. Deretter vil ledige plasser bli fordelt. Er det flere som st\u00e5r i k\u00f8 enn det vi har senger til, vil de resterende plassene bli tildelt ved loddtrekning. Det brukes et enkelt registreringssystem, gjestene viser ID og blir deretter booket inn av ansatte.<\/p>\n\n\n\t\t\t<\/div>\n\t\t<\/div>\n\n<div class=\"t2-accordion-item wp-block-t2-accordion-item\" role=\"listitem\">\n\t\t\t<h2 class=\"t2-accordion-title\">\n\t\t\t\t<button type=\"button\" class=\"t2-accordion-trigger\" id=\"drammen\" aria-controls=\"accordion-panel-2\" aria-expanded=\"false\">\n\t\t\t\t\tDrammen\n\t\t\t\t\t<span class=\"t2-accordion-icon is-closed-icon\"><svg xmlns=\"http:\/\/www.w3.org\/2000\/svg\" viewBox=\"0 0 24 24\" height=\"24\" width=\"24\" class=\"t2-icon t2-icon-plus\" aria-hidden=\"true\" focusable=\"false\"><path d=\"M11.8 5.037a1.088 1.088 0 0 0-.722.566c-.075.148-.078.25-.078 2.772v2.619l-2.61.016c-1.867.012-2.652.03-2.756.064-.168.055-.438.301-.54.494-.049.092-.07.223-.07.432 0 .34.054.476.282.704.289.289.14.275 3.064.288l2.63.012v2.619c0 2.544.002 2.625.08 2.778.191.372.516.577.92.577s.729-.205.92-.577c.078-.153.08-.234.08-2.778v-2.619l2.63-.012c2.924-.013 2.775.001 3.064-.288.228-.228.282-.364.282-.704 0-.209-.021-.34-.07-.432-.102-.193-.372-.439-.54-.494-.104-.034-.889-.052-2.756-.064L13 10.994V8.375c0-2.522-.003-2.624-.078-2.772-.214-.418-.685-.656-1.122-.566\"\/><\/svg><\/span>\n\t\t\t\t\t<span class=\"t2-accordion-icon is-open-icon\"><svg xmlns=\"http:\/\/www.w3.org\/2000\/svg\" viewBox=\"0 0 24 24\" height=\"24\" width=\"24\" class=\"t2-icon t2-icon-chevronup\" aria-hidden=\"true\" focusable=\"false\"><path d=\"M6.7 14.7c-.2-.2-.3-.4-.3-.7s.1-.5.3-.7l4.6-4.6c.1-.1.2-.2.3-.2.1 0 .2-.1.4-.1.1 0 .3 0 .4.1.1 0 .2.1.3.2l4.6 4.6c.2.2.3.4.3.7s-.1.5-.3.7c-.2.2-.4.3-.7.3s-.5-.1-.7-.3L12 10.8l-3.9 3.9c-.2.2-.4.3-.7.3s-.5-.1-.7-.3z\" fill=\"currentColor\" \/><\/svg><\/span>\n\t\t\t\t<\/button>\n\t\t\t<\/h2>\n\t\t\t<div class=\"t2-accordion-item__inner-container is-layout-flow\" id=\"accordion-panel-2\" aria-labelledby=\"drammen\" role=\"region\" hidden>\n\t\t\t\t\n\n<p>Akuttovernattingen i Drammen er \u00e5pen i vintersesongen. Tilbudet er \u00e5pent for fattige tilreisende E\u00d8S-borgere. Her f\u00e5r man et varmt og trygt sted \u00e5 tilbringe natten.<\/p>\n\n\n\n<p>Vi holder til i det gamle Tinghuset.<\/p>\n\n\n\n<p><em>Mer informasjon kommer.<\/em><\/p>\n\n\n\t\t\t<\/div>\n\t\t<\/div>\n<\/div>\n\n\n<div class=\"wp-block-media-text alignwide is-stacked-on-mobile is-style-filled\"><figure class=\"wp-block-media-text__media\"><img decoding=\"async\" src=\"https:\/\/kirkensbymisjon.no\/content\/uploads\/2025\/01\/Tema_Bostedsloshet_02-1024x634.jpg\" alt=\"Person som g\u00e5r under en bro en m\u00f8rk vinternatt\" class=\"wp-image-6196 size-full\"\/><\/figure><div class=\"wp-block-media-text__content\">\n<h2 class=\"wp-block-heading\" id=\"bostedsloshet\">V\u00e5rt arbeid innen&nbsp;bostedsl\u00f8shet<\/h2>\n\n\n\n<p>\u00c5 ha tak over hodet er et grunnleggende behov. Samtidig mangler stadig flere i Norge et stabilt og godt sted \u00e5 bo.<\/p>\n\n\n\n<div class=\"wp-block-button is-style-outline is-style-outline--1\"><a class=\"wp-block-button__link wp-element-button\" href=\"https:\/\/kirkensbymisjon.no\/bostedsloshet\/\" target=\"_blank\" rel=\"noreferrer noopener\">Les mer<\/a><\/div>\n<\/div><\/div>\n","protected":false},"excerpt":{"rendered":"<p>Kirkens Bymisjon tilbyr akuttovernatting i flere byer. Vi s\u00f8rger for en pute \u00e5 hvile hodet&hellip;<\/p>\n","protected":false},"author":4,"featured_media":12,"parent":0,"menu_order":0,"comment_status":"closed","ping_status":"closed","template":"","meta":{"_relevanssi_hide_post":"","_relevanssi_hide_content":"","_relevanssi_pin_for_all":"","_relevanssi_pin_keywords":"","_relevanssi_unpin_keywords":"","_relevanssi_related_keywords":"","_relevanssi_related_include_ids":"","_relevanssi_related_exclude_ids":"","_relevanssi_related_no_append":"","_relevanssi_related_not_related":"","_relevanssi_related_posts":"1","_relevanssi_noindex_reason":"","editor_notices":[],"footnotes":""},"class_list":["post-4","page","type-page","status-publish","has-post-thumbnail","hentry"],"yoast_head":"<!-- This site is optimized with the Yoast SEO Premium plugin v27.2 (Yoast SEO v27.2) - https:\/\/yoast.com\/product\/yoast-seo-premium-wordpress\/ -->\n<title>Kirkens Bymisjon - Akuttovernatting<\/title>\n<meta name=\"description\" content=\"Vi s\u00f8rger for en pute \u00e5 hvile hodet p\u00e5, muligheten for en dusj og en seng for natten, i trygge, rolige og varme omgivelser.\" \/>\n<meta name=\"robots\" content=\"index, follow, max-snippet:-1, max-image-preview:large, max-video-preview:-1\" \/>\n<link rel=\"canonical\" href=\"https:\/\/kirkensbymisjon.no\/tilbud-akuttovernatting\/\" \/>\n<meta property=\"og:locale\" content=\"nb_NO\" \/>\n<meta property=\"og:type\" content=\"article\" \/>\n<meta property=\"og:title\" content=\"Kirkens Bymisjon - Akuttovernatting\" \/>\n<meta property=\"og:description\" content=\"Vi s\u00f8rger for en pute \u00e5 hvile hodet p\u00e5, muligheten for en dusj og en seng for natten, i trygge, rolige og varme omgivelser.\" \/>\n<meta property=\"og:url\" content=\"https:\/\/kirkensbymisjon.no\/tilbud-akuttovernatting\/\" \/>\n<meta property=\"og:site_name\" content=\"Akuttovernatting\" \/>\n<meta property=\"article:modified_time\" content=\"2025-05-06T09:44:52+00:00\" \/>\n<meta property=\"og:image\" content=\"https:\/\/kirkensbymisjon.no\/content\/uploads\/sites\/175\/2025\/03\/Tilbud_akuttovernatting_01-scaled.jpg\" \/>\n\t<meta property=\"og:image:width\" content=\"2560\" \/>\n\t<meta property=\"og:image:height\" content=\"1880\" \/>\n\t<meta property=\"og:image:type\" content=\"image\/jpeg\" \/>\n<meta name=\"twitter:card\" content=\"summary_large_image\" \/>\n<meta name=\"twitter:title\" content=\"Forside\" \/>\n<meta name=\"twitter:label1\" content=\"Ansl. lesetid\" \/>\n\t<meta name=\"twitter:data1\" content=\"2 minutter\" \/>\n<script type=\"application\/ld+json\" class=\"yoast-schema-graph\">{\"@context\":\"https:\/\/schema.org\",\"@graph\":[{\"@type\":\"WebPage\",\"@id\":\"https:\/\/kirkensbymisjon.no\/tilbud-akuttovernatting\/\",\"url\":\"https:\/\/kirkensbymisjon.no\/tilbud-akuttovernatting\/\",\"name\":\"Kirkens Bymisjon - Akuttovernatting\",\"isPartOf\":{\"@id\":\"https:\/\/kirkensbymisjon.no\/tilbud-akuttovernatting\/#website\"},\"primaryImageOfPage\":{\"@id\":\"https:\/\/kirkensbymisjon.no\/tilbud-akuttovernatting\/#primaryimage\"},\"image\":{\"@id\":\"https:\/\/kirkensbymisjon.no\/tilbud-akuttovernatting\/#primaryimage\"},\"thumbnailUrl\":\"https:\/\/kirkensbymisjon.no\/content\/uploads\/sites\/175\/2025\/03\/Tilbud_akuttovernatting_01-scaled.jpg\",\"datePublished\":\"2025-03-21T08:34:23+00:00\",\"dateModified\":\"2025-05-06T09:44:52+00:00\",\"description\":\"Vi s\u00f8rger for en pute \u00e5 hvile hodet p\u00e5, muligheten for en dusj og en seng for natten, i trygge, rolige og varme omgivelser.\",\"breadcrumb\":{\"@id\":\"https:\/\/kirkensbymisjon.no\/tilbud-akuttovernatting\/#breadcrumb\"},\"inLanguage\":\"nb-NO\",\"potentialAction\":[{\"@type\":\"ReadAction\",\"target\":[\"https:\/\/kirkensbymisjon.no\/tilbud-akuttovernatting\/\"]}]},{\"@type\":\"ImageObject\",\"inLanguage\":\"nb-NO\",\"@id\":\"https:\/\/kirkensbymisjon.no\/tilbud-akuttovernatting\/#primaryimage\",\"url\":\"https:\/\/kirkensbymisjon.no\/content\/uploads\/sites\/175\/2025\/03\/Tilbud_akuttovernatting_01-scaled.jpg\",\"contentUrl\":\"https:\/\/kirkensbymisjon.no\/content\/uploads\/sites\/175\/2025\/03\/Tilbud_akuttovernatting_01-scaled.jpg\",\"width\":2560,\"height\":1880},{\"@type\":\"BreadcrumbList\",\"@id\":\"https:\/\/kirkensbymisjon.no\/tilbud-akuttovernatting\/#breadcrumb\",\"itemListElement\":[{\"@type\":\"ListItem\",\"position\":1,\"name\":\"Hjem\",\"item\":\"https:\/\/kirkensbymisjon.no\/tilbud-akuttovernatting\/\"},{\"@type\":\"ListItem\",\"position\":2,\"name\":\"Forside\"}]},{\"@type\":\"WebSite\",\"@id\":\"https:\/\/kirkensbymisjon.no\/tilbud-akuttovernatting\/#website\",\"url\":\"https:\/\/kirkensbymisjon.no\/tilbud-akuttovernatting\/\",\"name\":\"Akuttovernatting\",\"description\":\"\",\"potentialAction\":[{\"@type\":\"SearchAction\",\"target\":{\"@type\":\"EntryPoint\",\"urlTemplate\":\"https:\/\/kirkensbymisjon.no\/tilbud-akuttovernatting\/?s={search_term_string}\"},\"query-input\":{\"@type\":\"PropertyValueSpecification\",\"valueRequired\":true,\"valueName\":\"search_term_string\"}}],\"inLanguage\":\"nb-NO\"}]}<\/script>\n<!-- \/ Yoast SEO Premium plugin. -->","yoast_head_json":{"title":"Kirkens Bymisjon - Akuttovernatting","description":"Vi s\u00f8rger for en pute \u00e5 hvile hodet p\u00e5, muligheten for en dusj og en seng for natten, i trygge, rolige og varme omgivelser.","robots":{"index":"index","follow":"follow","max-snippet":"max-snippet:-1","max-image-preview":"max-image-preview:large","max-video-preview":"max-video-preview:-1"},"canonical":"https:\/\/kirkensbymisjon.no\/tilbud-akuttovernatting\/","og_locale":"nb_NO","og_type":"article","og_title":"Kirkens Bymisjon - Akuttovernatting","og_description":"Vi s\u00f8rger for en pute \u00e5 hvile hodet p\u00e5, muligheten for en dusj og en seng for natten, i trygge, rolige og varme omgivelser.","og_url":"https:\/\/kirkensbymisjon.no\/tilbud-akuttovernatting\/","og_site_name":"Akuttovernatting","article_modified_time":"2025-05-06T09:44:52+00:00","og_image":[{"width":2560,"height":1880,"url":"https:\/\/kirkensbymisjon.no\/content\/uploads\/sites\/175\/2025\/03\/Tilbud_akuttovernatting_01-scaled.jpg","type":"image\/jpeg"}],"twitter_card":"summary_large_image","twitter_title":"Forside","twitter_misc":{"Ansl. lesetid":"2 minutter"},"schema":{"@context":"https:\/\/schema.org","@graph":[{"@type":"WebPage","@id":"https:\/\/kirkensbymisjon.no\/tilbud-akuttovernatting\/","url":"https:\/\/kirkensbymisjon.no\/tilbud-akuttovernatting\/","name":"Kirkens Bymisjon - Akuttovernatting","isPartOf":{"@id":"https:\/\/kirkensbymisjon.no\/tilbud-akuttovernatting\/#website"},"primaryImageOfPage":{"@id":"https:\/\/kirkensbymisjon.no\/tilbud-akuttovernatting\/#primaryimage"},"image":{"@id":"https:\/\/kirkensbymisjon.no\/tilbud-akuttovernatting\/#primaryimage"},"thumbnailUrl":"https:\/\/kirkensbymisjon.no\/content\/uploads\/sites\/175\/2025\/03\/Tilbud_akuttovernatting_01-scaled.jpg","datePublished":"2025-03-21T08:34:23+00:00","dateModified":"2025-05-06T09:44:52+00:00","description":"Vi s\u00f8rger for en pute \u00e5 hvile hodet p\u00e5, muligheten for en dusj og en seng for natten, i trygge, rolige og varme omgivelser.","breadcrumb":{"@id":"https:\/\/kirkensbymisjon.no\/tilbud-akuttovernatting\/#breadcrumb"},"inLanguage":"nb-NO","potentialAction":[{"@type":"ReadAction","target":["https:\/\/kirkensbymisjon.no\/tilbud-akuttovernatting\/"]}]},{"@type":"ImageObject","inLanguage":"nb-NO","@id":"https:\/\/kirkensbymisjon.no\/tilbud-akuttovernatting\/#primaryimage","url":"https:\/\/kirkensbymisjon.no\/content\/uploads\/sites\/175\/2025\/03\/Tilbud_akuttovernatting_01-scaled.jpg","contentUrl":"https:\/\/kirkensbymisjon.no\/content\/uploads\/sites\/175\/2025\/03\/Tilbud_akuttovernatting_01-scaled.jpg","width":2560,"height":1880},{"@type":"BreadcrumbList","@id":"https:\/\/kirkensbymisjon.no\/tilbud-akuttovernatting\/#breadcrumb","itemListElement":[{"@type":"ListItem","position":1,"name":"Hjem","item":"https:\/\/kirkensbymisjon.no\/tilbud-akuttovernatting\/"},{"@type":"ListItem","position":2,"name":"Forside"}]},{"@type":"WebSite","@id":"https:\/\/kirkensbymisjon.no\/tilbud-akuttovernatting\/#website","url":"https:\/\/kirkensbymisjon.no\/tilbud-akuttovernatting\/","name":"Akuttovernatting","description":"","potentialAction":[{"@type":"SearchAction","target":{"@type":"EntryPoint","urlTemplate":"https:\/\/kirkensbymisjon.no\/tilbud-akuttovernatting\/?s={search_term_string}"},"query-input":{"@type":"PropertyValueSpecification","valueRequired":true,"valueName":"search_term_string"}}],"inLanguage":"nb-NO"}]}},"_links":{"self":[{"href":"https:\/\/kirkensbymisjon.no\/tilbud-akuttovernatting\/wp-json\/wp\/v2\/pages\/4","targetHints":{"allow":["GET"]}}],"collection":[{"href":"https:\/\/kirkensbymisjon.no\/tilbud-akuttovernatting\/wp-json\/wp\/v2\/pages"}],"about":[{"href":"https:\/\/kirkensbymisjon.no\/tilbud-akuttovernatting\/wp-json\/wp\/v2\/types\/page"}],"author":[{"embeddable":true,"href":"https:\/\/kirkensbymisjon.no\/tilbud-akuttovernatting\/wp-json\/wp\/v2\/users\/4"}],"replies":[{"embeddable":true,"href":"https:\/\/kirkensbymisjon.no\/tilbud-akuttovernatting\/wp-json\/wp\/v2\/comments?post=4"}],"version-history":[{"count":4,"href":"https:\/\/kirkensbymisjon.no\/tilbud-akuttovernatting\/wp-json\/wp\/v2\/pages\/4\/revisions"}],"predecessor-version":[{"id":26,"href":"https:\/\/kirkensbymisjon.no\/tilbud-akuttovernatting\/wp-json\/wp\/v2\/pages\/4\/revisions\/26"}],"wp:featuredmedia":[{"embeddable":true,"href":"https:\/\/kirkensbymisjon.no\/tilbud-akuttovernatting\/wp-json\/wp\/v2\/media\/12"}],"wp:attachment":[{"href":"https:\/\/kirkensbymisjon.no\/tilbud-akuttovernatting\/wp-json\/wp\/v2\/media?parent=4"}],"curies":[{"name":"wp","href":"https:\/\/api.w.org\/{rel}","templated":true}]}}