{"id":3,"date":"2024-08-10T21:41:24","date_gmt":"2024-08-10T19:41:24","guid":{"rendered":"https:\/\/kirkensbymisjon.no\/tilbud-apen-barnehage\/forside\/"},"modified":"2024-12-15T19:00:23","modified_gmt":"2024-12-15T18:00:23","slug":"forside","status":"publish","type":"page","link":"https:\/\/kirkensbymisjon.no\/tilbud-apen-barnehage\/","title":{"rendered":"Forside"},"content":{"rendered":"\n<div class=\"wp-block-media-text alignwide is-stacked-on-mobile is-style-filled\"><figure class=\"wp-block-media-text__media\"><img loading=\"lazy\" decoding=\"async\" width=\"1024\" height=\"640\" src=\"https:\/\/kirkensbymisjon.no\/content\/uploads\/sites\/124\/2024\/08\/Tilbud_Barnehage_03-1024x640.jpg\" alt=\"Mor med spebarn\" class=\"wp-image-25 size-full\" srcset=\"https:\/\/kirkensbymisjon.no\/content\/uploads\/sites\/124\/2024\/08\/Tilbud_Barnehage_03-1024x640.jpg 1024w, https:\/\/kirkensbymisjon.no\/content\/uploads\/sites\/124\/2024\/08\/Tilbud_Barnehage_03-300x187.jpg 300w, https:\/\/kirkensbymisjon.no\/content\/uploads\/sites\/124\/2024\/08\/Tilbud_Barnehage_03-768x480.jpg 768w, https:\/\/kirkensbymisjon.no\/content\/uploads\/sites\/124\/2024\/08\/Tilbud_Barnehage_03-1536x960.jpg 1536w, https:\/\/kirkensbymisjon.no\/content\/uploads\/sites\/124\/2024\/08\/Tilbud_Barnehage_03.jpg 1701w\" sizes=\"auto, (max-width: 1024px) 100vw, 1024px\" \/><\/figure><div class=\"wp-block-media-text__content\">\n<h2 class=\"wp-block-heading\" id=\"h-apen-barnehage-for-alle\">\u00c5pen barnehage for alle<\/h2>\n\n\n\n<p>Barna kommer sammen med foreldre som har hovedansvaret for barna den tiden de er i barnehagen. For mange er fleksibiliteten i \u00e5pen barnehage viktig. Du bestemmer selv n\u00e5r du vil komme og hvor lenge du vil \u00e5 bli.<\/p>\n<\/div><\/div>\n\n\n\t<div class=\"alignwide wp-block-kbm-link-list\">\n\t\t<div class=\"kbm-link-list__items\">\n\t\t\t\n<div class=\"wp-block-kbm-link-list-item\">\t<svg xmlns=\"http:\/\/www.w3.org\/2000\/svg\" viewBox=\"0 0 48 48\" height=\"24\" width=\"24\" class=\"t2-icon t2-icon-child\" aria-hidden=\"true\" focusable=\"false\"><path d=\"M22.48 4.083a22.9 22.9 0 0 0-3.643.637c-4.782 1.215-9.055 4.091-11.768 7.92-1.339 1.89-2.379 4.2-2.87 6.374-.107.471-.174.877-.15.902.087.087 4.165.035 4.951-.064 3.552-.445 6.287-1.242 9.377-2.733 5.019-2.422 9.062-6.008 11.68-10.359.454-.755.903-1.587.903-1.674 0-.134-2.46-.708-3.8-.887-1.157-.154-3.632-.216-4.68-.116m10.334 2.053c-.147.277-.484 1.442-.611 2.11-.603 3.166.272 6.614 2.33 9.186 2.143 2.678 5.219 4.283 8.691 4.534l.785.057-.052-.432c-.466-3.924-1.689-6.961-4.022-9.991-.725-.941-2.455-2.645-3.418-3.367a23.81 23.81 0 0 0-2.932-1.863c-.637-.346-.702-.366-.771-.234m-3.385 4.556c-1.996 2.789-4.882 5.435-7.847 7.195-4.513 2.679-9.686 4.12-15.89 4.426-.852.042-1.572.1-1.6.129-.112.112-.04 3.203.098 4.158.331 2.31.953 4.278 2.007 6.346 2.145 4.213 5.559 7.445 9.883 9.359 4.618 2.043 9.756 2.228 14.6.527 1.926-.677 4.461-2.119 6.03-3.43 4.305-3.6 6.941-8.865 7.258-14.502.03-.539.033-.98.007-.98-.026 0-.468-.055-.982-.123-5.668-.743-9.68-3.183-11.634-7.077-.427-.851-.977-2.522-1.158-3.52a23.852 23.852 0 0 1-.23-1.948l-.091-1.189-.451.629M18.84 24.141c.429.222.955.777 1.154 1.219.109.242.163.531.163.88.002.688-.238 1.202-.794 1.702-.971.873-2.304.78-3.187-.223-.556-.631-.715-1.441-.442-2.245.173-.508.883-1.235 1.386-1.419.48-.176 1.292-.135 1.72.086m13.058.008c1.112.567 1.642 1.95 1.146 2.99-.701 1.47-2.463 1.834-3.656.756-.496-.448-.708-.942-.708-1.655 0-.516.033-.66.237-1.028.284-.513.811-.997 1.269-1.166.459-.169 1.275-.121 1.712.103\"\/><\/svg>\t<div class=\"kbm-link-list-item__content\">\n\t\t<p class=\"kbm-link-list-item__title\">M\u00f8teplass barn og foreldre<\/p>\n\t\t\t\t\t<p class=\"kbm-link-list-item__description\">Vi har ansvar for det pedagogiske arbeidet, samt tilrettelegging og gjennomf\u00f8ring av dagen. <\/p>\n\t\t\t<\/div>\n\t<\/div>\n\n<div class=\"wp-block-kbm-link-list-item\">\t<svg xmlns=\"http:\/\/www.w3.org\/2000\/svg\" viewBox=\"0 0 48 48\" height=\"24\" width=\"24\" class=\"t2-icon t2-icon-alarm\" aria-hidden=\"true\" focusable=\"false\"><path d=\"M11.024 5.126c-2.385.253-4.607 1.942-5.505 4.183-.386.964-.505 1.699-.461 2.851.033.852.076 1.112.295 1.758.586 1.733 1.659 3.034 2.51 3.04.539.005.783-.209 4.802-4.221 2.192-2.187 4.037-4.074 4.1-4.193.063-.119.115-.389.115-.6-.001-.48-.218-.851-.76-1.301-1.384-1.15-3.266-1.71-5.096-1.517m23.761.037a7.958 7.958 0 0 0-2.117.85c-.553.334-1.355 1.052-1.511 1.352-.137.265-.152.769-.033 1.09.124.334 7.96 8.165 8.356 8.351.826.388 1.507.011 2.391-1.321.783-1.179 1.125-2.456 1.063-3.965-.051-1.204-.178-1.709-.696-2.76a6.465 6.465 0 0 0-2.998-2.998c-.44-.217-1.016-.453-1.28-.525-.687-.187-2.485-.228-3.175-.074m-12.324 5.326c-5.571.537-10.527 4.35-12.492 9.61-.376 1.006-.734 2.482-.855 3.516-.137 1.18-.056 3.395.164 4.501.524 2.636 1.847 5.312 3.509 7.102.211.227.333.425.306.496-.024.065-.912 1.273-1.972 2.685-1.06 1.411-1.962 2.658-2.004 2.769-.325.856.317 1.798 1.235 1.812.693.01.784-.08 2.907-2.903l1.972-2.622.445.301c.717.485 1.587.955 2.455 1.327a14.822 14.822 0 0 0 8.774.913c1.725-.349 3.767-1.18 5.151-2.097l.657-.435 1.919 2.539c1.056 1.396 2.016 2.614 2.133 2.707.975.767 2.426-.173 2.112-1.37-.064-.246-.646-1.079-2.092-2.998l-2.003-2.659.252-.301c1.712-2.049 2.601-3.619 3.238-5.721 1.16-3.829.716-8.104-1.194-11.501-2.978-5.298-8.604-8.251-14.617-7.671m2.101 5.531c.196.099.438.302.537.452l.181.272V25.813l-.331.474c-.758 1.081-4.024 5.367-4.218 5.534-.64.55-1.643.317-2.058-.477-.13-.249-.148-.762-.036-1.055.042-.111.96-1.379 2.04-2.818l1.963-2.617.001-4.007c.002-3.999.002-4.008.181-4.327.201-.36.736-.68 1.138-.68.135 0 .406.081.602.18\"\/><\/svg>\t<div class=\"kbm-link-list-item__content\">\n\t\t<p class=\"kbm-link-list-item__title\">Drop-in<\/p>\n\t\t\t\t\t<p class=\"kbm-link-list-item__description\">Du er velkommen n\u00e5r som helst i l\u00f8pet av \u00e5pningstiden. Vi f\u00f8lger nasjonale r\u00e5d og er n\u00f8ye p\u00e5 smittevern. <\/p>\n\t\t\t<\/div>\n\t<\/div>\n\n<div class=\"wp-block-kbm-link-list-item\">\t<svg xmlns=\"http:\/\/www.w3.org\/2000\/svg\" viewBox=\"0 0 48 48\" height=\"24\" width=\"24\" class=\"t2-icon t2-icon-substanceabuse\" aria-hidden=\"true\" focusable=\"false\"><path d=\"M12.56 9.154c-1.341.298-2.645 1.02-3.574 1.979C7.697 12.465 7.02 14.139 7.02 16c0 1.434.389 2.738 1.147 3.847 1.839 2.689 5.013 3.786 8.045 2.781 2.343-.777 4.141-2.82 4.672-5.308.157-.736.12-2.2-.074-2.939-.374-1.42-.887-2.311-1.927-3.341-.989-.98-2.132-1.604-3.441-1.88-.683-.143-2.248-.147-2.882-.006m19.96.013c-.635.139-1.595.533-2.262.927-.582.343-1.821 1.582-2.164 2.164-.801 1.355-1.097 2.524-1.03 4.056.053 1.203.179 1.707.694 2.766a6.659 6.659 0 0 0 3.162 3.162c1.198.583 1.617.675 3.08.675s1.882-.092 3.08-.675a6.878 6.878 0 0 0 2.325-1.823c.5-.602 1.152-1.869 1.369-2.659.108-.395.143-.818.143-1.76 0-1.463-.092-1.882-.675-3.08a6.878 6.878 0 0 0-1.823-2.325c-.59-.49-1.865-1.151-2.619-1.357-.694-.191-2.555-.231-3.28-.071M8.438 28.079c-2.389.351-4.344 1.951-5.133 4.201l-.225.64-.024 3.02-.025 3.02h17.586l.048-1.06c.071-1.592.431-2.97 1.156-4.42.413-.828 1.123-1.894 1.7-2.553.219-.251.399-.497.399-.548 0-.149-.879-.956-1.44-1.322a7.39 7.39 0 0 0-1.133-.577c-1.197-.462-1.483-.481-7.257-.47-2.888.005-5.431.037-5.652.069m24.251.006c-1.748.203-3.4.813-4.929 1.82-.842.555-2.146 1.809-2.743 2.638-1.226 1.702-1.977 3.887-1.977 5.747v.67h21.92v-.67c0-1.861-.751-4.045-1.978-5.748-.523-.727-1.755-1.947-2.502-2.478-2.187-1.554-5.092-2.292-7.791-1.979\"\/><\/svg>\t<div class=\"kbm-link-list-item__content\">\n\t\t<p class=\"kbm-link-list-item__title\">Fellesskap for familier<\/p>\n\t\t\t\t\t<p class=\"kbm-link-list-item__description\">Du og din familie m\u00f8ter andre barn og foreldre, spiser middag, deltar i lek og andre ulike aktiviteter. <\/p>\n\t\t\t<\/div>\n\t<\/div>\n\t\t<\/div>\n\t<\/div>\n\t\n\n\n<div class=\"wp-block-media-text alignwide is-stacked-on-mobile is-style-filled\"><figure class=\"wp-block-media-text__media\"><img decoding=\"async\" src=\"https:\/\/kirkensbymisjon.no\/content\/uploads\/2024\/09\/Standard_Bli-frivillig_02-1024x633.jpg\" alt=\"Frivillige medarbeidere\" class=\"wp-image-3049 size-full\" \/><\/figure><div class=\"wp-block-media-text__content\">\n<h2 class=\"wp-block-heading\" id=\"h-bli-frivillig-nbsp\"><strong>Bli frivillig!<\/strong>&nbsp;<\/h2>\n\n\n\n<p>Vi trenger deg som \u00f8nsker \u00e5 gj\u00f8re en frivillig innsats til nytte og glede for andre og deg selv. Gjennom frivillig engasjement kan du bruke din erfaring og kompetanse \u2013 eller l\u00e6re noe nytt.&nbsp;<\/p>\n\n\n\n<p><a href=\"\/bli-frivillig\">Les mer om frivillighet<\/a><\/p>\n<\/div><\/div>\n","protected":false},"excerpt":{"rendered":"<p>\u00c5pen barnehage for alle Barna kommer sammen med foreldre som har hovedansvaret for barna den&hellip;<\/p>\n","protected":false},"author":5,"featured_media":0,"parent":0,"menu_order":0,"comment_status":"closed","ping_status":"closed","template":"","meta":{"_relevanssi_hide_post":"","_relevanssi_hide_content":"","_relevanssi_pin_for_all":"","_relevanssi_pin_keywords":"","_relevanssi_unpin_keywords":"","_relevanssi_related_keywords":"","_relevanssi_related_include_ids":"","_relevanssi_related_exclude_ids":"","_relevanssi_related_no_append":"","_relevanssi_related_not_related":"","_relevanssi_related_posts":"1","_relevanssi_noindex_reason":"","editor_notices":[],"footnotes":""},"class_list":["post-3","page","type-page","status-publish","hentry"],"yoast_head":"<!-- This site is optimized with the Yoast SEO Premium plugin v27.2 (Yoast SEO v27.2) - https:\/\/yoast.com\/product\/yoast-seo-premium-wordpress\/ -->\n<title>Kirkens Bymisjon - \u00c5pen barnehage<\/title>\n<meta name=\"description\" content=\"M\u00f8tested for foreldre som er hjemme p\u00e5 dagtid med sm\u00e5 barn, og som \u00f8nsker sosialt samv\u00e6r for barna og seg selv.\" \/>\n<meta name=\"robots\" content=\"index, follow, max-snippet:-1, max-image-preview:large, max-video-preview:-1\" \/>\n<link rel=\"canonical\" href=\"https:\/\/kirkensbymisjon.no\/tilbud-apen-barnehage\/\" \/>\n<meta property=\"og:locale\" content=\"nb_NO\" \/>\n<meta property=\"og:type\" content=\"article\" \/>\n<meta property=\"og:title\" content=\"Forside\" \/>\n<meta property=\"og:description\" content=\"M\u00f8tested for foreldre som er hjemme p\u00e5 dagtid med sm\u00e5 barn, og som \u00f8nsker sosialt samv\u00e6r for barna og seg selv.\" \/>\n<meta property=\"og:url\" content=\"https:\/\/kirkensbymisjon.no\/tilbud-apen-barnehage\/\" \/>\n<meta property=\"og:site_name\" content=\"\u00c5pen barnehage\" \/>\n<meta property=\"article:modified_time\" content=\"2024-12-15T18:00:23+00:00\" \/>\n<meta property=\"og:image\" content=\"https:\/\/kirkensbymisjon.no\/content\/uploads\/sites\/124\/2024\/08\/Tilbud_Barnehage_03.jpg\" \/>\n\t<meta property=\"og:image:width\" content=\"1701\" \/>\n\t<meta property=\"og:image:height\" content=\"1063\" \/>\n\t<meta property=\"og:image:type\" content=\"image\/jpeg\" \/>\n<meta name=\"twitter:card\" content=\"summary_large_image\" \/>\n<meta name=\"twitter:label1\" content=\"Ansl. lesetid\" \/>\n\t<meta name=\"twitter:data1\" content=\"1 minutt\" \/>\n<script type=\"application\/ld+json\" class=\"yoast-schema-graph\">{\"@context\":\"https:\/\/schema.org\",\"@graph\":[{\"@type\":\"WebPage\",\"@id\":\"https:\/\/kirkensbymisjon.no\/tilbud-apen-barnehage\/\",\"url\":\"https:\/\/kirkensbymisjon.no\/tilbud-apen-barnehage\/\",\"name\":\"Kirkens Bymisjon - \u00c5pen barnehage\",\"isPartOf\":{\"@id\":\"https:\/\/kirkensbymisjon.no\/tilbud-apen-barnehage\/#website\"},\"primaryImageOfPage\":{\"@id\":\"https:\/\/kirkensbymisjon.no\/tilbud-apen-barnehage\/#primaryimage\"},\"image\":{\"@id\":\"https:\/\/kirkensbymisjon.no\/tilbud-apen-barnehage\/#primaryimage\"},\"thumbnailUrl\":\"https:\/\/kirkensbymisjon.no\/content\/uploads\/sites\/124\/2024\/08\/Tilbud_Barnehage_03-1024x640.jpg\",\"datePublished\":\"2024-08-10T19:41:24+00:00\",\"dateModified\":\"2024-12-15T18:00:23+00:00\",\"description\":\"M\u00f8tested for foreldre som er hjemme p\u00e5 dagtid med sm\u00e5 barn, og som \u00f8nsker sosialt samv\u00e6r for barna og seg selv.\",\"breadcrumb\":{\"@id\":\"https:\/\/kirkensbymisjon.no\/tilbud-apen-barnehage\/#breadcrumb\"},\"inLanguage\":\"nb-NO\",\"potentialAction\":[{\"@type\":\"ReadAction\",\"target\":[\"https:\/\/kirkensbymisjon.no\/tilbud-apen-barnehage\/\"]}]},{\"@type\":\"ImageObject\",\"inLanguage\":\"nb-NO\",\"@id\":\"https:\/\/kirkensbymisjon.no\/tilbud-apen-barnehage\/#primaryimage\",\"url\":\"https:\/\/kirkensbymisjon.no\/content\/uploads\/sites\/124\/2024\/08\/Tilbud_Barnehage_03-1024x640.jpg\",\"contentUrl\":\"https:\/\/kirkensbymisjon.no\/content\/uploads\/sites\/124\/2024\/08\/Tilbud_Barnehage_03-1024x640.jpg\"},{\"@type\":\"BreadcrumbList\",\"@id\":\"https:\/\/kirkensbymisjon.no\/tilbud-apen-barnehage\/#breadcrumb\",\"itemListElement\":[{\"@type\":\"ListItem\",\"position\":1,\"name\":\"Hjem\",\"item\":\"https:\/\/kirkensbymisjon.no\/tilbud-apen-barnehage\/\"},{\"@type\":\"ListItem\",\"position\":2,\"name\":\"Forside\"}]},{\"@type\":\"WebSite\",\"@id\":\"https:\/\/kirkensbymisjon.no\/tilbud-apen-barnehage\/#website\",\"url\":\"https:\/\/kirkensbymisjon.no\/tilbud-apen-barnehage\/\",\"name\":\"\u00c5pen barnehage\",\"description\":\"\",\"potentialAction\":[{\"@type\":\"SearchAction\",\"target\":{\"@type\":\"EntryPoint\",\"urlTemplate\":\"https:\/\/kirkensbymisjon.no\/tilbud-apen-barnehage\/?s={search_term_string}\"},\"query-input\":{\"@type\":\"PropertyValueSpecification\",\"valueRequired\":true,\"valueName\":\"search_term_string\"}}],\"inLanguage\":\"nb-NO\"}]}<\/script>\n<!-- \/ Yoast SEO Premium plugin. -->","yoast_head_json":{"title":"Kirkens Bymisjon - \u00c5pen barnehage","description":"M\u00f8tested for foreldre som er hjemme p\u00e5 dagtid med sm\u00e5 barn, og som \u00f8nsker sosialt samv\u00e6r for barna og seg selv.","robots":{"index":"index","follow":"follow","max-snippet":"max-snippet:-1","max-image-preview":"max-image-preview:large","max-video-preview":"max-video-preview:-1"},"canonical":"https:\/\/kirkensbymisjon.no\/tilbud-apen-barnehage\/","og_locale":"nb_NO","og_type":"article","og_title":"Forside","og_description":"M\u00f8tested for foreldre som er hjemme p\u00e5 dagtid med sm\u00e5 barn, og som \u00f8nsker sosialt samv\u00e6r for barna og seg selv.","og_url":"https:\/\/kirkensbymisjon.no\/tilbud-apen-barnehage\/","og_site_name":"\u00c5pen barnehage","article_modified_time":"2024-12-15T18:00:23+00:00","og_image":[{"width":1701,"height":1063,"url":"https:\/\/kirkensbymisjon.no\/content\/uploads\/sites\/124\/2024\/08\/Tilbud_Barnehage_03.jpg","type":"image\/jpeg"}],"twitter_card":"summary_large_image","twitter_misc":{"Ansl. lesetid":"1 minutt"},"schema":{"@context":"https:\/\/schema.org","@graph":[{"@type":"WebPage","@id":"https:\/\/kirkensbymisjon.no\/tilbud-apen-barnehage\/","url":"https:\/\/kirkensbymisjon.no\/tilbud-apen-barnehage\/","name":"Kirkens Bymisjon - \u00c5pen barnehage","isPartOf":{"@id":"https:\/\/kirkensbymisjon.no\/tilbud-apen-barnehage\/#website"},"primaryImageOfPage":{"@id":"https:\/\/kirkensbymisjon.no\/tilbud-apen-barnehage\/#primaryimage"},"image":{"@id":"https:\/\/kirkensbymisjon.no\/tilbud-apen-barnehage\/#primaryimage"},"thumbnailUrl":"https:\/\/kirkensbymisjon.no\/content\/uploads\/sites\/124\/2024\/08\/Tilbud_Barnehage_03-1024x640.jpg","datePublished":"2024-08-10T19:41:24+00:00","dateModified":"2024-12-15T18:00:23+00:00","description":"M\u00f8tested for foreldre som er hjemme p\u00e5 dagtid med sm\u00e5 barn, og som \u00f8nsker sosialt samv\u00e6r for barna og seg selv.","breadcrumb":{"@id":"https:\/\/kirkensbymisjon.no\/tilbud-apen-barnehage\/#breadcrumb"},"inLanguage":"nb-NO","potentialAction":[{"@type":"ReadAction","target":["https:\/\/kirkensbymisjon.no\/tilbud-apen-barnehage\/"]}]},{"@type":"ImageObject","inLanguage":"nb-NO","@id":"https:\/\/kirkensbymisjon.no\/tilbud-apen-barnehage\/#primaryimage","url":"https:\/\/kirkensbymisjon.no\/content\/uploads\/sites\/124\/2024\/08\/Tilbud_Barnehage_03-1024x640.jpg","contentUrl":"https:\/\/kirkensbymisjon.no\/content\/uploads\/sites\/124\/2024\/08\/Tilbud_Barnehage_03-1024x640.jpg"},{"@type":"BreadcrumbList","@id":"https:\/\/kirkensbymisjon.no\/tilbud-apen-barnehage\/#breadcrumb","itemListElement":[{"@type":"ListItem","position":1,"name":"Hjem","item":"https:\/\/kirkensbymisjon.no\/tilbud-apen-barnehage\/"},{"@type":"ListItem","position":2,"name":"Forside"}]},{"@type":"WebSite","@id":"https:\/\/kirkensbymisjon.no\/tilbud-apen-barnehage\/#website","url":"https:\/\/kirkensbymisjon.no\/tilbud-apen-barnehage\/","name":"\u00c5pen barnehage","description":"","potentialAction":[{"@type":"SearchAction","target":{"@type":"EntryPoint","urlTemplate":"https:\/\/kirkensbymisjon.no\/tilbud-apen-barnehage\/?s={search_term_string}"},"query-input":{"@type":"PropertyValueSpecification","valueRequired":true,"valueName":"search_term_string"}}],"inLanguage":"nb-NO"}]}},"_links":{"self":[{"href":"https:\/\/kirkensbymisjon.no\/tilbud-apen-barnehage\/wp-json\/wp\/v2\/pages\/3","targetHints":{"allow":["GET"]}}],"collection":[{"href":"https:\/\/kirkensbymisjon.no\/tilbud-apen-barnehage\/wp-json\/wp\/v2\/pages"}],"about":[{"href":"https:\/\/kirkensbymisjon.no\/tilbud-apen-barnehage\/wp-json\/wp\/v2\/types\/page"}],"author":[{"embeddable":true,"href":"https:\/\/kirkensbymisjon.no\/tilbud-apen-barnehage\/wp-json\/wp\/v2\/users\/5"}],"replies":[{"embeddable":true,"href":"https:\/\/kirkensbymisjon.no\/tilbud-apen-barnehage\/wp-json\/wp\/v2\/comments?post=3"}],"version-history":[{"count":5,"href":"https:\/\/kirkensbymisjon.no\/tilbud-apen-barnehage\/wp-json\/wp\/v2\/pages\/3\/revisions"}],"predecessor-version":[{"id":247,"href":"https:\/\/kirkensbymisjon.no\/tilbud-apen-barnehage\/wp-json\/wp\/v2\/pages\/3\/revisions\/247"}],"wp:attachment":[{"href":"https:\/\/kirkensbymisjon.no\/tilbud-apen-barnehage\/wp-json\/wp\/v2\/media?parent=3"}],"curies":[{"name":"wp","href":"https:\/\/api.w.org\/{rel}","templated":true}]}}