{"id":4,"date":"2024-08-22T21:45:24","date_gmt":"2024-08-22T19:45:24","guid":{"rendered":"https:\/\/kirkensbymisjon.no\/tilbud-apen-kirke\/forside-2\/"},"modified":"2025-04-22T10:24:00","modified_gmt":"2025-04-22T08:24:00","slug":"forside-2","status":"publish","type":"page","link":"https:\/\/kirkensbymisjon.no\/tilbud-apen-kirke\/","title":{"rendered":"Forside"},"content":{"rendered":"\n<div class=\"wp-block-media-text alignwide is-stacked-on-mobile is-style-filled\"><figure class=\"wp-block-media-text__media\"><img loading=\"lazy\" decoding=\"async\" width=\"1024\" height=\"683\" src=\"https:\/\/kirkensbymisjon.no\/content\/uploads\/sites\/141\/2024\/08\/Tilbud_Var-frue-apen-kirke_01-1024x683.jpg\" alt=\"V\u00e5r Frue \u2013 \u00e5pen kirke, Trondheim\" class=\"wp-image-43 size-full\" srcset=\"https:\/\/kirkensbymisjon.no\/content\/uploads\/sites\/141\/2024\/08\/Tilbud_Var-frue-apen-kirke_01-1024x683.jpg 1024w, https:\/\/kirkensbymisjon.no\/content\/uploads\/sites\/141\/2024\/08\/Tilbud_Var-frue-apen-kirke_01-300x200.jpg 300w, https:\/\/kirkensbymisjon.no\/content\/uploads\/sites\/141\/2024\/08\/Tilbud_Var-frue-apen-kirke_01-768x512.jpg 768w, https:\/\/kirkensbymisjon.no\/content\/uploads\/sites\/141\/2024\/08\/Tilbud_Var-frue-apen-kirke_01-1536x1024.jpg 1536w, https:\/\/kirkensbymisjon.no\/content\/uploads\/sites\/141\/2024\/08\/Tilbud_Var-frue-apen-kirke_01.jpg 1701w\" sizes=\"auto, (max-width: 1024px) 100vw, 1024px\" \/><\/figure><div class=\"wp-block-media-text__content\">\n<h2 class=\"wp-block-heading\" id=\"h-var-frue-apen-kirke-trondheim\"><strong>V\u00e5r Frue \u2013 \u00e5pen kirke<\/strong>, Trondheim<\/h2>\n\n\n\n<p>Et sted du kan m\u00f8te andre mennesker, drikke en kopp kaffe, tenne lys, h\u00f8re musikk, be eller s\u00f8ke ly.<\/p>\n\n\n\n<p><a href=\"\/tilbud-var-frue-apen-kirke\/\">Les mer om v\u00e5rt tilbud i V\u00e5r Frue \u2013 \u00e5pen kirke<\/a><\/p>\n<\/div><\/div>\n\n\n\n<div class=\"wp-block-media-text alignwide is-stacked-on-mobile is-style-filled\"><figure class=\"wp-block-media-text__media\"><img loading=\"lazy\" decoding=\"async\" width=\"1024\" height=\"580\" src=\"https:\/\/kirkensbymisjon.no\/content\/uploads\/sites\/141\/2024\/08\/Tilbud_Toyenkirken_03-1024x580.jpg\" alt=\"T\u00f8yenkirken, Oslo\" class=\"wp-image-42 size-full\" srcset=\"https:\/\/kirkensbymisjon.no\/content\/uploads\/sites\/141\/2024\/08\/Tilbud_Toyenkirken_03-1024x580.jpg 1024w, https:\/\/kirkensbymisjon.no\/content\/uploads\/sites\/141\/2024\/08\/Tilbud_Toyenkirken_03-300x170.jpg 300w, https:\/\/kirkensbymisjon.no\/content\/uploads\/sites\/141\/2024\/08\/Tilbud_Toyenkirken_03-768x435.jpg 768w, https:\/\/kirkensbymisjon.no\/content\/uploads\/sites\/141\/2024\/08\/Tilbud_Toyenkirken_03.jpg 1417w\" sizes=\"auto, (max-width: 1024px) 100vw, 1024px\" \/><\/figure><div class=\"wp-block-media-text__content\">\n<h2 class=\"wp-block-heading\" id=\"h-toyenkirken-oslo\"><strong>T\u00f8yenkirken<\/strong>, Oslo<\/h2>\n\n\n\n<p>T\u00f8yenkirken er en kirke for mennesker som erfarer ulike former for utenforskap i Oslo.<\/p>\n\n\n\n<p><a href=\"\/tilbud-toyenkirken\/\">Les mer om v\u00e5rt tilbud i T\u00f8yenkirken<\/a><\/p>\n<\/div><\/div>\n\n\n\n<div class=\"wp-block-media-text alignwide is-stacked-on-mobile is-style-filled\"><figure class=\"wp-block-media-text__media\"><img loading=\"lazy\" decoding=\"async\" width=\"1024\" height=\"683\" src=\"https:\/\/kirkensbymisjon.no\/content\/uploads\/sites\/141\/2024\/08\/Tilbud_Korskirken_01-1024x683.jpeg\" alt=\"Korskirken, Bergen\" class=\"wp-image-41 size-full\" srcset=\"https:\/\/kirkensbymisjon.no\/content\/uploads\/sites\/141\/2024\/08\/Tilbud_Korskirken_01-1024x683.jpeg 1024w, https:\/\/kirkensbymisjon.no\/content\/uploads\/sites\/141\/2024\/08\/Tilbud_Korskirken_01-300x200.jpeg 300w, https:\/\/kirkensbymisjon.no\/content\/uploads\/sites\/141\/2024\/08\/Tilbud_Korskirken_01-768x512.jpeg 768w, https:\/\/kirkensbymisjon.no\/content\/uploads\/sites\/141\/2024\/08\/Tilbud_Korskirken_01-1536x1024.jpeg 1536w, https:\/\/kirkensbymisjon.no\/content\/uploads\/sites\/141\/2024\/08\/Tilbud_Korskirken_01-2048x1366.jpeg 2048w\" sizes=\"auto, (max-width: 1024px) 100vw, 1024px\" \/><\/figure><div class=\"wp-block-media-text__content\">\n<h2 class=\"wp-block-heading\" id=\"h-korskirken-bergen\"><strong>Korskirken<\/strong>, Bergen<\/h2>\n\n\n\n<p>Korskirken forvaltes av oss som en \u00e5pen kirke. Dette er en kirke for hele byen, med rom for alle.<\/p>\n\n\n\n<p><a href=\"\/tilbud-korskirken\/\">Les mer om v\u00e5rt tilbud i Korskirken<\/a><\/p>\n<\/div><\/div>\n\n\n\n<h2 class=\"wp-block-heading\" id=\"h-vare-tilbud-i-andre-kirker-rundt-i-landet\">V\u00e5re tilbud i andre kirker rundt i landet:<\/h2>\n\n\n<div class=\"t2-featured-content-layout alignwide alignwide wp-block-t2-featured-content-layout\" role=\"list\">\n<div class=\"t2-featured-single-post t2-featured-content is-post-type-page wp-block-t2-featured-single-post\" role=\"listitem\">\n\t\t<div class=\"wrapper-featured-content wp-block-t2-wrapper\">\n<a class=\"t2-post-link wp-block-t2-post-link\" href=\"https:\/\/kirkensbymisjon.no\/tilbud-apen-kirke\/bykirken-stromso-drammen\/\">\n<figure style=\"--t2-focal-point: 50% 50%;\" class=\"t2-post-featured-image has-image-ratio-4-3 wp-block-t2-post-featured-image\"><img loading=\"lazy\" decoding=\"async\" width=\"1000\" height=\"500\" src=\"https:\/\/kirkensbymisjon.no\/content\/uploads\/sites\/141\/2024\/08\/tilbud_kirke_drammen_01.jpg\" class=\"attachment-post-thumbnail size-post-thumbnail wp-post-image\" alt=\"Bykirken Str\u00f8ms\u00f8, Drammen\" srcset=\"https:\/\/kirkensbymisjon.no\/content\/uploads\/sites\/141\/2024\/08\/tilbud_kirke_drammen_01.jpg 1000w, https:\/\/kirkensbymisjon.no\/content\/uploads\/sites\/141\/2024\/08\/tilbud_kirke_drammen_01-300x150.jpg 300w, https:\/\/kirkensbymisjon.no\/content\/uploads\/sites\/141\/2024\/08\/tilbud_kirke_drammen_01-768x384.jpg 768w\" sizes=\"auto, (max-width: 1000px) 100vw, 1000px\" \/><\/figure>\n<div><h2 class=\"t2-post-title wp-block-t2-post-title\">Bykirken Str\u00f8ms\u00f8, Drammen<\/h2><\/div>\n<\/a>\n<\/div>\n<\/div>\n\n<div class=\"t2-featured-single-post t2-featured-content is-post-type-page wp-block-t2-featured-single-post\" role=\"listitem\">\n\t\t<div class=\"wrapper-featured-content wp-block-t2-wrapper\">\n<a class=\"t2-post-link wp-block-t2-post-link\" href=\"https:\/\/kirkensbymisjon.no\/tilbud-apen-kirke\/bryggekapellet-kristiansand\/\">\n<figure style=\"--t2-focal-point: 50% 50%;\" class=\"t2-post-featured-image has-image-ratio-4-3 wp-block-t2-post-featured-image\"><img loading=\"lazy\" decoding=\"async\" width=\"1290\" height=\"510\" src=\"https:\/\/kirkensbymisjon.no\/content\/uploads\/sites\/141\/2024\/08\/tilbud_kirke_Kristiansand.jpg\" class=\"attachment-post-thumbnail size-post-thumbnail wp-post-image\" alt=\"Bryggekapellet, Kristiansand\" srcset=\"https:\/\/kirkensbymisjon.no\/content\/uploads\/sites\/141\/2024\/08\/tilbud_kirke_Kristiansand.jpg 1290w, https:\/\/kirkensbymisjon.no\/content\/uploads\/sites\/141\/2024\/08\/tilbud_kirke_Kristiansand-300x119.jpg 300w, https:\/\/kirkensbymisjon.no\/content\/uploads\/sites\/141\/2024\/08\/tilbud_kirke_Kristiansand-1024x405.jpg 1024w, https:\/\/kirkensbymisjon.no\/content\/uploads\/sites\/141\/2024\/08\/tilbud_kirke_Kristiansand-768x304.jpg 768w\" sizes=\"auto, (max-width: 1290px) 100vw, 1290px\" \/><\/figure>\n<div><h2 class=\"t2-post-title wp-block-t2-post-title\">Bryggekapellet, Kristiansand<\/h2><\/div>\n<\/a>\n<\/div>\n<\/div>\n\n<div class=\"t2-featured-single-post t2-featured-content is-post-type-page wp-block-t2-featured-single-post\" role=\"listitem\">\n\t\t<div class=\"wrapper-featured-content wp-block-t2-wrapper\">\n<a class=\"t2-post-link wp-block-t2-post-link\" href=\"https:\/\/kirkensbymisjon.no\/tilbud-apen-kirke\/hverdagsmesse-porsgrunn\/\">\n<figure style=\"--t2-focal-point: 50% 50%;\" class=\"t2-post-featured-image has-image-ratio-4-3 wp-block-t2-post-featured-image\"><img loading=\"lazy\" decoding=\"async\" width=\"1000\" height=\"500\" src=\"https:\/\/kirkensbymisjon.no\/content\/uploads\/sites\/141\/2024\/08\/tilbud_kirke_porsgrunn_01.jpg\" class=\"attachment-post-thumbnail size-post-thumbnail wp-post-image\" alt=\"Hverdagsmesse, Porsgrunn\" srcset=\"https:\/\/kirkensbymisjon.no\/content\/uploads\/sites\/141\/2024\/08\/tilbud_kirke_porsgrunn_01.jpg 1000w, https:\/\/kirkensbymisjon.no\/content\/uploads\/sites\/141\/2024\/08\/tilbud_kirke_porsgrunn_01-300x150.jpg 300w, https:\/\/kirkensbymisjon.no\/content\/uploads\/sites\/141\/2024\/08\/tilbud_kirke_porsgrunn_01-768x384.jpg 768w\" sizes=\"auto, (max-width: 1000px) 100vw, 1000px\" \/><\/figure>\n<div><h2 class=\"t2-post-title wp-block-t2-post-title\">Hverdagsmesse, Porsgrunn<\/h2><\/div>\n<\/a>\n<\/div>\n<\/div>\n\n<div class=\"t2-featured-single-post t2-featured-content is-post-type-page wp-block-t2-featured-single-post\" role=\"listitem\">\n\t\t<div class=\"wrapper-featured-content wp-block-t2-wrapper\">\n<a class=\"t2-post-link wp-block-t2-post-link\" href=\"https:\/\/kirkensbymisjon.no\/tilbud-apen-kirke\/kirkestuen-honefoss\/\">\n<figure style=\"--t2-focal-point: 50% 50%;\" class=\"t2-post-featured-image has-image-ratio-4-3 wp-block-t2-post-featured-image\"><img loading=\"lazy\" decoding=\"async\" width=\"1000\" height=\"500\" src=\"https:\/\/kirkensbymisjon.no\/content\/uploads\/sites\/141\/2024\/08\/tilbud_kirke_honefoss_01.jpg\" class=\"attachment-post-thumbnail size-post-thumbnail wp-post-image\" alt=\"Kirkestuen, H\u00f8nefoss\" srcset=\"https:\/\/kirkensbymisjon.no\/content\/uploads\/sites\/141\/2024\/08\/tilbud_kirke_honefoss_01.jpg 1000w, https:\/\/kirkensbymisjon.no\/content\/uploads\/sites\/141\/2024\/08\/tilbud_kirke_honefoss_01-300x150.jpg 300w, https:\/\/kirkensbymisjon.no\/content\/uploads\/sites\/141\/2024\/08\/tilbud_kirke_honefoss_01-768x384.jpg 768w\" sizes=\"auto, (max-width: 1000px) 100vw, 1000px\" \/><\/figure>\n<div><h2 class=\"t2-post-title wp-block-t2-post-title\">Kirkestuen, H\u00f8nefoss<\/h2><\/div>\n<\/a>\n<\/div>\n<\/div>\n\n<div class=\"t2-featured-single-post t2-featured-content is-post-type-page wp-block-t2-featured-single-post\" role=\"listitem\">\n\t\t<div class=\"wrapper-featured-content wp-block-t2-wrapper\">\n<a class=\"t2-post-link wp-block-t2-post-link\" href=\"https:\/\/kirkensbymisjon.no\/tilbud-apen-kirke\/lunsjmesse-arendal\/\">\n<figure style=\"--t2-focal-point: 50% 50%;\" class=\"t2-post-featured-image has-image-ratio-4-3 wp-block-t2-post-featured-image\"><img loading=\"lazy\" decoding=\"async\" width=\"1000\" height=\"500\" src=\"https:\/\/kirkensbymisjon.no\/content\/uploads\/sites\/141\/2024\/08\/tilbud_kirke_arendal_01.jpg\" class=\"attachment-post-thumbnail size-post-thumbnail wp-post-image\" alt=\"Lunsjmesse, Arendal\" srcset=\"https:\/\/kirkensbymisjon.no\/content\/uploads\/sites\/141\/2024\/08\/tilbud_kirke_arendal_01.jpg 1000w, https:\/\/kirkensbymisjon.no\/content\/uploads\/sites\/141\/2024\/08\/tilbud_kirke_arendal_01-300x150.jpg 300w, https:\/\/kirkensbymisjon.no\/content\/uploads\/sites\/141\/2024\/08\/tilbud_kirke_arendal_01-768x384.jpg 768w\" sizes=\"auto, (max-width: 1000px) 100vw, 1000px\" \/><\/figure>\n<div><h2 class=\"t2-post-title wp-block-t2-post-title\">Lunsjmesse, Arendal<\/h2><\/div>\n<\/a>\n<\/div>\n<\/div>\n\n<div class=\"t2-featured-single-post t2-featured-content is-post-type-page wp-block-t2-featured-single-post\" role=\"listitem\">\n\t\t<div class=\"wrapper-featured-content wp-block-t2-wrapper\">\n<a class=\"t2-post-link wp-block-t2-post-link\" href=\"https:\/\/kirkensbymisjon.no\/tilbud-apen-kirke\/nattapen-kirke-oslo\/\">\n<figure style=\"--t2-focal-point: 50% 50%;\" class=\"t2-post-featured-image has-image-ratio-4-3 wp-block-t2-post-featured-image\"><img loading=\"lazy\" decoding=\"async\" width=\"1000\" height=\"500\" src=\"https:\/\/kirkensbymisjon.no\/content\/uploads\/sites\/141\/2024\/08\/Tilbud_Nattapen-kirke_01.jpeg\" class=\"attachment-post-thumbnail size-post-thumbnail wp-post-image\" alt=\"Kvinne som tenner lys i kirkerommet\" srcset=\"https:\/\/kirkensbymisjon.no\/content\/uploads\/sites\/141\/2024\/08\/Tilbud_Nattapen-kirke_01.jpeg 1000w, https:\/\/kirkensbymisjon.no\/content\/uploads\/sites\/141\/2024\/08\/Tilbud_Nattapen-kirke_01-300x150.jpeg 300w, https:\/\/kirkensbymisjon.no\/content\/uploads\/sites\/141\/2024\/08\/Tilbud_Nattapen-kirke_01-768x384.jpeg 768w\" sizes=\"auto, (max-width: 1000px) 100vw, 1000px\" \/><\/figure>\n<div><h2 class=\"t2-post-title wp-block-t2-post-title\">Natt\u00e5pen kirke, Oslo<\/h2><\/div>\n<\/a>\n<\/div>\n<\/div>\n<\/div>\n\n\n<div class=\"wp-block-media-text alignwide is-stacked-on-mobile is-style-filled\"><figure class=\"wp-block-media-text__media\"><img decoding=\"async\" src=\"https:\/\/kirkensbymisjon.no\/content\/uploads\/2024\/06\/Tema_Om-oss_01-1024x683.jpg\" alt=\"T\u00f8yenkirken heiser prideflagg\" class=\"wp-image-764 size-full\"\/><\/figure><div class=\"wp-block-media-text__content\">\n<h2 class=\"wp-block-heading\" id=\"h-rom-for-alle\">Rom for alle<\/h2>\n\n\n\n<p>Det er ingen konflikt mellom Kirkens Bymisjons kristne tilknytning og v\u00e5r livssyns\u00e5penhet. Tvert imot: Vi mener mennesker av ulik religi\u00f8s og livssynsmessig tilh\u00f8righet eller identitet kan arbeide og leve sammen.<\/p>\n\n\n\n<p><\/p>\n\n\n\n<p>V\u00e5r diakoni kjennetegnes ved at den er livssyns\u00e5pen. <a href=\"\/om\/en-diakonal-og-livsynsapen-organisasjon\/\">Hva betyr det?<\/a><\/p>\n<\/div><\/div>\n\n\n\n<div class=\"wp-block-media-text alignwide is-stacked-on-mobile is-style-filled\"><figure class=\"wp-block-media-text__media\"><img decoding=\"async\" src=\"https:\/\/kirkensbymisjon.no\/content\/uploads\/2024\/09\/Standard_Bli-frivillig_01-1024x751.jpg\" alt=\"Frivillige i samtale med gjest i kafeen. Foto: Kirkens Bymisjon\" class=\"wp-image-3078 size-full\"\/><\/figure><div class=\"wp-block-media-text__content\">\n<h2 class=\"wp-block-heading\" id=\"h-bli-frivillig-nbsp\"><strong>Bli frivillig!<\/strong>&nbsp;<\/h2>\n\n\n\n<p>Vi trenger deg som \u00f8nsker \u00e5 gj\u00f8re en frivillig innsats til nytte og glede for andre og deg selv. Gjennom frivillig engasjement kan du bruke din erfaring og kompetanse \u2013 eller l\u00e6re noe nytt.&nbsp;<\/p>\n\n\n\n<p><a href=\"\/bli-frivillig\">Les mer om frivillighet<\/a><\/p>\n<\/div><\/div>\n","protected":false},"excerpt":{"rendered":"<p>V\u00e5r Frue \u2013 \u00e5pen kirke, Trondheim Et sted du kan m\u00f8te andre mennesker, drikke en&hellip;<\/p>\n","protected":false},"author":5,"featured_media":0,"parent":0,"menu_order":0,"comment_status":"closed","ping_status":"closed","template":"","meta":{"_relevanssi_hide_post":"","_relevanssi_hide_content":"","_relevanssi_pin_for_all":"","_relevanssi_pin_keywords":"","_relevanssi_unpin_keywords":"","_relevanssi_related_keywords":"","_relevanssi_related_include_ids":"","_relevanssi_related_exclude_ids":"","_relevanssi_related_no_append":"","_relevanssi_related_not_related":"","_relevanssi_related_posts":"1","_relevanssi_noindex_reason":"","editor_notices":[],"footnotes":""},"class_list":["post-4","page","type-page","status-publish","hentry"],"yoast_head":"<!-- This site is optimized with the Yoast SEO Premium plugin v27.2 (Yoast SEO v27.2) - https:\/\/yoast.com\/product\/yoast-seo-premium-wordpress\/ -->\n<title>Kirkens Bymisjon - \u00c5pen kirke<\/title>\n<meta name=\"description\" content=\"I v\u00e5re \u00e5pne kirker kan du tenne lys og finne fellesskap. V\u00e5re kirker er m\u00f8testeder for mennesker i byene.\" \/>\n<meta name=\"robots\" content=\"index, follow, max-snippet:-1, max-image-preview:large, max-video-preview:-1\" \/>\n<link rel=\"canonical\" href=\"https:\/\/kirkensbymisjon.no\/tilbud-apen-kirke\/\" \/>\n<meta property=\"og:locale\" content=\"nb_NO\" \/>\n<meta property=\"og:type\" content=\"article\" \/>\n<meta property=\"og:title\" content=\"Forside\" \/>\n<meta property=\"og:description\" content=\"I v\u00e5re \u00e5pne kirker kan du tenne lys og finne fellesskap. V\u00e5re kirker er m\u00f8testeder for mennesker i byene.\" \/>\n<meta property=\"og:url\" content=\"https:\/\/kirkensbymisjon.no\/tilbud-apen-kirke\/\" \/>\n<meta property=\"og:site_name\" content=\"\u00c5pen kirke\" \/>\n<meta property=\"article:modified_time\" content=\"2025-04-22T08:24:00+00:00\" \/>\n<meta property=\"og:image\" content=\"https:\/\/kirkensbymisjon.no\/content\/uploads\/sites\/141\/2024\/08\/Tilbud_Var-frue-apen-kirke_01.jpg\" \/>\n\t<meta property=\"og:image:width\" content=\"1701\" \/>\n\t<meta property=\"og:image:height\" content=\"1134\" \/>\n\t<meta property=\"og:image:type\" content=\"image\/jpeg\" \/>\n<meta name=\"twitter:card\" content=\"summary_large_image\" \/>\n<meta name=\"twitter:label1\" content=\"Ansl. lesetid\" \/>\n\t<meta name=\"twitter:data1\" content=\"2 minutter\" \/>\n<script type=\"application\/ld+json\" class=\"yoast-schema-graph\">{\"@context\":\"https:\/\/schema.org\",\"@graph\":[{\"@type\":\"WebPage\",\"@id\":\"https:\/\/kirkensbymisjon.no\/tilbud-apen-kirke\/\",\"url\":\"https:\/\/kirkensbymisjon.no\/tilbud-apen-kirke\/\",\"name\":\"Kirkens Bymisjon - \u00c5pen kirke\",\"isPartOf\":{\"@id\":\"https:\/\/kirkensbymisjon.no\/tilbud-apen-kirke\/#website\"},\"primaryImageOfPage\":{\"@id\":\"https:\/\/kirkensbymisjon.no\/tilbud-apen-kirke\/#primaryimage\"},\"image\":{\"@id\":\"https:\/\/kirkensbymisjon.no\/tilbud-apen-kirke\/#primaryimage\"},\"thumbnailUrl\":\"https:\/\/kirkensbymisjon.no\/content\/uploads\/sites\/141\/2024\/08\/Tilbud_Var-frue-apen-kirke_01-1024x683.jpg\",\"datePublished\":\"2024-08-22T19:45:24+00:00\",\"dateModified\":\"2025-04-22T08:24:00+00:00\",\"description\":\"I v\u00e5re \u00e5pne kirker kan du tenne lys og finne fellesskap. V\u00e5re kirker er m\u00f8testeder for mennesker i byene.\",\"breadcrumb\":{\"@id\":\"https:\/\/kirkensbymisjon.no\/tilbud-apen-kirke\/#breadcrumb\"},\"inLanguage\":\"nb-NO\",\"potentialAction\":[{\"@type\":\"ReadAction\",\"target\":[\"https:\/\/kirkensbymisjon.no\/tilbud-apen-kirke\/\"]}]},{\"@type\":\"ImageObject\",\"inLanguage\":\"nb-NO\",\"@id\":\"https:\/\/kirkensbymisjon.no\/tilbud-apen-kirke\/#primaryimage\",\"url\":\"https:\/\/kirkensbymisjon.no\/content\/uploads\/sites\/141\/2024\/08\/Tilbud_Var-frue-apen-kirke_01-1024x683.jpg\",\"contentUrl\":\"https:\/\/kirkensbymisjon.no\/content\/uploads\/sites\/141\/2024\/08\/Tilbud_Var-frue-apen-kirke_01-1024x683.jpg\"},{\"@type\":\"BreadcrumbList\",\"@id\":\"https:\/\/kirkensbymisjon.no\/tilbud-apen-kirke\/#breadcrumb\",\"itemListElement\":[{\"@type\":\"ListItem\",\"position\":1,\"name\":\"Hjem\",\"item\":\"https:\/\/kirkensbymisjon.no\/tilbud-apen-kirke\/\"},{\"@type\":\"ListItem\",\"position\":2,\"name\":\"Forside\"}]},{\"@type\":\"WebSite\",\"@id\":\"https:\/\/kirkensbymisjon.no\/tilbud-apen-kirke\/#website\",\"url\":\"https:\/\/kirkensbymisjon.no\/tilbud-apen-kirke\/\",\"name\":\"\u00c5pen kirke\",\"description\":\"\",\"potentialAction\":[{\"@type\":\"SearchAction\",\"target\":{\"@type\":\"EntryPoint\",\"urlTemplate\":\"https:\/\/kirkensbymisjon.no\/tilbud-apen-kirke\/?s={search_term_string}\"},\"query-input\":{\"@type\":\"PropertyValueSpecification\",\"valueRequired\":true,\"valueName\":\"search_term_string\"}}],\"inLanguage\":\"nb-NO\"}]}<\/script>\n<!-- \/ Yoast SEO Premium plugin. -->","yoast_head_json":{"title":"Kirkens Bymisjon - \u00c5pen kirke","description":"I v\u00e5re \u00e5pne kirker kan du tenne lys og finne fellesskap. V\u00e5re kirker er m\u00f8testeder for mennesker i byene.","robots":{"index":"index","follow":"follow","max-snippet":"max-snippet:-1","max-image-preview":"max-image-preview:large","max-video-preview":"max-video-preview:-1"},"canonical":"https:\/\/kirkensbymisjon.no\/tilbud-apen-kirke\/","og_locale":"nb_NO","og_type":"article","og_title":"Forside","og_description":"I v\u00e5re \u00e5pne kirker kan du tenne lys og finne fellesskap. V\u00e5re kirker er m\u00f8testeder for mennesker i byene.","og_url":"https:\/\/kirkensbymisjon.no\/tilbud-apen-kirke\/","og_site_name":"\u00c5pen kirke","article_modified_time":"2025-04-22T08:24:00+00:00","og_image":[{"width":1701,"height":1134,"url":"https:\/\/kirkensbymisjon.no\/content\/uploads\/sites\/141\/2024\/08\/Tilbud_Var-frue-apen-kirke_01.jpg","type":"image\/jpeg"}],"twitter_card":"summary_large_image","twitter_misc":{"Ansl. lesetid":"2 minutter"},"schema":{"@context":"https:\/\/schema.org","@graph":[{"@type":"WebPage","@id":"https:\/\/kirkensbymisjon.no\/tilbud-apen-kirke\/","url":"https:\/\/kirkensbymisjon.no\/tilbud-apen-kirke\/","name":"Kirkens Bymisjon - \u00c5pen kirke","isPartOf":{"@id":"https:\/\/kirkensbymisjon.no\/tilbud-apen-kirke\/#website"},"primaryImageOfPage":{"@id":"https:\/\/kirkensbymisjon.no\/tilbud-apen-kirke\/#primaryimage"},"image":{"@id":"https:\/\/kirkensbymisjon.no\/tilbud-apen-kirke\/#primaryimage"},"thumbnailUrl":"https:\/\/kirkensbymisjon.no\/content\/uploads\/sites\/141\/2024\/08\/Tilbud_Var-frue-apen-kirke_01-1024x683.jpg","datePublished":"2024-08-22T19:45:24+00:00","dateModified":"2025-04-22T08:24:00+00:00","description":"I v\u00e5re \u00e5pne kirker kan du tenne lys og finne fellesskap. V\u00e5re kirker er m\u00f8testeder for mennesker i byene.","breadcrumb":{"@id":"https:\/\/kirkensbymisjon.no\/tilbud-apen-kirke\/#breadcrumb"},"inLanguage":"nb-NO","potentialAction":[{"@type":"ReadAction","target":["https:\/\/kirkensbymisjon.no\/tilbud-apen-kirke\/"]}]},{"@type":"ImageObject","inLanguage":"nb-NO","@id":"https:\/\/kirkensbymisjon.no\/tilbud-apen-kirke\/#primaryimage","url":"https:\/\/kirkensbymisjon.no\/content\/uploads\/sites\/141\/2024\/08\/Tilbud_Var-frue-apen-kirke_01-1024x683.jpg","contentUrl":"https:\/\/kirkensbymisjon.no\/content\/uploads\/sites\/141\/2024\/08\/Tilbud_Var-frue-apen-kirke_01-1024x683.jpg"},{"@type":"BreadcrumbList","@id":"https:\/\/kirkensbymisjon.no\/tilbud-apen-kirke\/#breadcrumb","itemListElement":[{"@type":"ListItem","position":1,"name":"Hjem","item":"https:\/\/kirkensbymisjon.no\/tilbud-apen-kirke\/"},{"@type":"ListItem","position":2,"name":"Forside"}]},{"@type":"WebSite","@id":"https:\/\/kirkensbymisjon.no\/tilbud-apen-kirke\/#website","url":"https:\/\/kirkensbymisjon.no\/tilbud-apen-kirke\/","name":"\u00c5pen kirke","description":"","potentialAction":[{"@type":"SearchAction","target":{"@type":"EntryPoint","urlTemplate":"https:\/\/kirkensbymisjon.no\/tilbud-apen-kirke\/?s={search_term_string}"},"query-input":{"@type":"PropertyValueSpecification","valueRequired":true,"valueName":"search_term_string"}}],"inLanguage":"nb-NO"}]}},"_links":{"self":[{"href":"https:\/\/kirkensbymisjon.no\/tilbud-apen-kirke\/wp-json\/wp\/v2\/pages\/4","targetHints":{"allow":["GET"]}}],"collection":[{"href":"https:\/\/kirkensbymisjon.no\/tilbud-apen-kirke\/wp-json\/wp\/v2\/pages"}],"about":[{"href":"https:\/\/kirkensbymisjon.no\/tilbud-apen-kirke\/wp-json\/wp\/v2\/types\/page"}],"author":[{"embeddable":true,"href":"https:\/\/kirkensbymisjon.no\/tilbud-apen-kirke\/wp-json\/wp\/v2\/users\/5"}],"replies":[{"embeddable":true,"href":"https:\/\/kirkensbymisjon.no\/tilbud-apen-kirke\/wp-json\/wp\/v2\/comments?post=4"}],"version-history":[{"count":5,"href":"https:\/\/kirkensbymisjon.no\/tilbud-apen-kirke\/wp-json\/wp\/v2\/pages\/4\/revisions"}],"predecessor-version":[{"id":123,"href":"https:\/\/kirkensbymisjon.no\/tilbud-apen-kirke\/wp-json\/wp\/v2\/pages\/4\/revisions\/123"}],"wp:attachment":[{"href":"https:\/\/kirkensbymisjon.no\/tilbud-apen-kirke\/wp-json\/wp\/v2\/media?parent=4"}],"curies":[{"name":"wp","href":"https:\/\/api.w.org\/{rel}","templated":true}]}}