{"id":2,"date":"2024-06-17T15:52:36","date_gmt":"2024-06-17T13:52:36","guid":{"rendered":"https:\/\/kirkensbymisjon.no\/tilbud-baerekraftige-fellesskap\/?page_id=2"},"modified":"2025-03-25T13:56:46","modified_gmt":"2025-03-25T12:56:46","slug":"forside","status":"publish","type":"page","link":"https:\/\/kirkensbymisjon.no\/tilbud-baerekraftige-fellesskap\/","title":{"rendered":"Forside"},"content":{"rendered":"\n<div class=\"wp-block-media-text alignwide is-stacked-on-mobile is-style-filled\"><figure class=\"wp-block-media-text__media\"><img loading=\"lazy\" decoding=\"async\" width=\"780\" height=\"520\" src=\"https:\/\/kirkensbymisjon.no\/content\/uploads\/sites\/25\/2024\/07\/Tilbud_Baerekraftige-fellesskap_04_samskapmat_780x520.jpg\" alt=\"Matservering\" class=\"wp-image-30 size-full\" srcset=\"https:\/\/kirkensbymisjon.no\/content\/uploads\/sites\/25\/2024\/07\/Tilbud_Baerekraftige-fellesskap_04_samskapmat_780x520.jpg 780w, https:\/\/kirkensbymisjon.no\/content\/uploads\/sites\/25\/2024\/07\/Tilbud_Baerekraftige-fellesskap_04_samskapmat_780x520-300x200.jpg 300w, https:\/\/kirkensbymisjon.no\/content\/uploads\/sites\/25\/2024\/07\/Tilbud_Baerekraftige-fellesskap_04_samskapmat_780x520-768x512.jpg 768w\" sizes=\"auto, (max-width: 780px) 100vw, 780px\" \/><\/figure><div class=\"wp-block-media-text__content\">\n<h2 class=\"wp-block-heading\" id=\"h-naeringsrik-og-baerekraftig-mat-som-gleder-bade-store-og-sma\">N\u00e6ringsrik og b\u00e6rekraftig mat som gleder b\u00e5de store og sm\u00e5<\/h2>\n\n\n\n<p>Med samskaping som metode vil vi sammen med bydelen og befolkningen i n\u00e6rmilj\u00f8et utvikle en m\u00f8teplass for nye aktiviteter, deltakelse og nettverk. Sammen skaper vi matgleder.<\/p>\n<\/div><\/div>\n\n\n\t<div class=\"alignwide wp-block-kbm-link-list\">\n\t\t<div class=\"kbm-link-list__items\">\n\t\t\t\n<div class=\"wp-block-kbm-link-list-item\">\t<svg xmlns=\"http:\/\/www.w3.org\/2000\/svg\" viewBox=\"0 0 48 48\" height=\"24\" width=\"24\" class=\"t2-icon t2-icon-heart\" aria-hidden=\"true\" focusable=\"false\"><path d=\"M12.608 7.169c-1.695.306-3.132.959-4.579 2.081-1.894 1.468-3.293 3.755-3.79 6.194-.689 3.382.232 7.499 2.57 11.489 2.339 3.991 6.459 8.359 11.511 12.202 1.924 1.463 5.432 3.825 5.682 3.825.244 0 3.789-2.389 5.678-3.826 3.507-2.666 6.767-5.781 9.058-8.654 4.107-5.151 5.927-10.598 5.023-15.036-.867-4.255-4.231-7.559-8.431-8.282-.908-.156-2.546-.157-3.46-.001-3.228.55-6.151 2.758-7.548 5.699-.151.319-.296.58-.32.58-.025 0-.212-.333-.416-.74-1.452-2.905-4.266-4.995-7.456-5.539-.885-.151-2.667-.147-3.522.008\"\/><\/svg>\t<div class=\"kbm-link-list-item__content\">\n\t\t<p class=\"kbm-link-list-item__title\">Matglede og fellesskap<\/p>\n\t\t\t\t\t<p class=\"kbm-link-list-item__description\">Fra v\u00e5rt kj\u00f8kken p\u00e5 Tveten g\u00e5rd skaper vi n\u00e6ringsrike matgleder for b\u00e5de barnehager og n\u00e6rmilj\u00f8et.<\/p>\n\t\t\t<\/div>\n\t<\/div>\n\n<div class=\"wp-block-kbm-link-list-item\">\t<svg xmlns=\"http:\/\/www.w3.org\/2000\/svg\" viewBox=\"0 0 48 48\" height=\"24\" width=\"24\" class=\"t2-icon t2-icon-foodservice\" aria-hidden=\"true\" focusable=\"false\"><path d=\"M33.876 3.268c-1.698.996-2.874 4.265-3.469 9.652-.321 2.901-.364 4.112-.366 10.36l-.001 6.04.22.374c.403.685 1.115 1.106 1.872 1.106h.344l.022 6.22.022 6.22.185.409c.797 1.76 3.217 1.787 4.072.046L37 43.24V23.96c0-21.203.04-19.614-.504-20.216-.429-.475-.826-.646-1.576-.682-.593-.028-.67-.013-1.044.206m-21.751.847c-.442.163-.696.369-.904.733l-.178.312-.002 7.607c-.001 7.337.005 7.63.159 8.24.458 1.819 1.648 3.264 3.376 4.098l.776.375.024 9 .024 9 .173.32c.383.709 1.104 1.155 1.873 1.158.909.004 1.587-.402 1.969-1.18l.225-.458.022-8.924.021-8.924.625-.292a6.341 6.341 0 0 0 3.61-4.794c.065-.417.084-2.699.067-7.906-.024-7.153-.029-7.326-.185-7.592a1.894 1.894 0 0 0-1.1-.821c-.713-.188-1.53.189-1.827.844-.142.313-.15.67-.151 7.554-.001 5.161-.028 7.275-.091 7.4-.259.505-.885.614-1.277.221l-.234-.234-.002-7.266c-.001-6.855-.01-7.284-.147-7.587a1.611 1.611 0 0 0-2.622-.489c-.194.194-.367.463-.419.65-.062.223-.089 2.489-.09 7.506v7.186l-.234.234a.851.851 0 0 1-.978.148c-.392-.21-.388-.13-.388-7.835 0-6.913-.006-7.217-.151-7.502a1.788 1.788 0 0 0-.3-.427c-.447-.392-1.155-.543-1.664-.355\"\/><\/svg>\t<div class=\"kbm-link-list-item__content\">\n\t\t<p class=\"kbm-link-list-item__title\">Variert meny<\/p>\n\t\t\t\t\t<p class=\"kbm-link-list-item__description\">V\u00e5r meny er laget med omtanke, den er fargerik og inspirert av smaker fra hele verden. <\/p>\n\t\t\t<\/div>\n\t<\/div>\n\n<div class=\"wp-block-kbm-link-list-item\">\t<svg xmlns=\"http:\/\/www.w3.org\/2000\/svg\" viewBox=\"0 0 48 48\" height=\"24\" width=\"24\" class=\"t2-icon t2-icon-eco\" aria-hidden=\"true\" focusable=\"false\"><path d=\"M35.08 6.091c-2.869.362-5.372 1.869-6.939 4.177-.789 1.162-1.373 2.843-1.325 3.811l.024.474.48-.306c3.121-1.986 7.201-3.356 12.16-4.082.616-.09 1.246-.159 1.4-.153.267.011.269.013.04.044-.132.018-.87.158-1.64.31-4.457.885-7.798 2.205-10.128 4.004-1.139.879-1.754 1.674-2.518 3.258-.831 1.723-1.141 2.909-1.873 7.172-.349 2.031-.698 3.68-.779 3.68-.034 0-.062-.031-.062-.07 0-.038-.088-.497-.197-1.02-.108-.522-.324-1.677-.481-2.565-.346-1.963-.581-2.802-1.05-3.745-1.562-3.139-4.348-5.186-9.312-6.843-1.801-.602-4.247-1.213-6.16-1.541-.559-.096.403-.044 1.293.07 4.833.618 9.276 2.043 12.426 3.987.69.426.721.437.782.273.081-.22-.066-1.297-.264-1.933A8.677 8.677 0 0 0 20.5 14c-1.268-2.508-3.46-4.254-6.248-4.976-.786-.204-1.133-.248-2.212-.283-2.049-.064-3.777.265-6.6 1.259-3.312 1.166-3.896 1.34-4.981 1.481l-.382.049.416.313c.873.655 1.813 1.532 3.325 3.102 2.317 2.404 3.555 3.375 5.729 4.496 1.644.847 3.154 1.397 4.373 1.594.743.12 2.106.102 2.758-.036.648-.137 1.576-.558 2.137-.97.216-.158.405-.275.419-.259.015.017.191.336.392.71.694 1.293 1.51 3.505 1.974 5.35.36 1.429.867 4.29.777 4.38-.019.019-.356.086-.748.15-1.559.252-3.036.812-4.522 1.715-2.588 1.573-4.68 4.003-5.495 6.383-.197.577-.412 1.732-.412 2.218 0 .99.696 1.825 2.087 2.504 1.61.786 3.439 1.244 6.368 1.595 1.707.204 6.983.204 8.69 0 3.907-.468 6.492-1.304 7.695-2.488.753-.743.88-1.259.643-2.617-.222-1.267-.711-2.409-1.589-3.71-.593-.878-2.308-2.612-3.214-3.25-1.795-1.264-3.631-2.047-5.509-2.35-.392-.064-.728-.13-.745-.147-.05-.05.35-2.603.66-4.213.554-2.877 1.23-5.393 1.997-7.431.238-.633.452-1.17.475-1.194.023-.023.204.074.402.217 1.524 1.094 3.714 1.264 6.181.479 2.284-.727 4.844-2.119 6.539-3.556.352-.298 1.473-1.392 2.491-2.43 1.019-1.038 2.232-2.193 2.697-2.566l.846-.679-.537-.06c-.723-.081-1.555-.326-3.728-1.096a80.54 80.54 0 0 0-2.739-.925c-2.163-.656-4.136-.882-5.83-.668m6.38 3.882a.311.311 0 0 1-.2 0c-.055-.022-.01-.04.1-.04s.155.018.1.04\"\/><\/svg>\t<div class=\"kbm-link-list-item__content\">\n\t\t<p class=\"kbm-link-list-item__title\">Arbeidstrening<\/p>\n\t\t\t\t\t<p class=\"kbm-link-list-item__description\">Vi jobber for at mennesker skal bli inkludert i arbeidslivet gjennom \u00e5 tilby arbeids- og spr\u00e5ktrening.<\/p>\n\t\t\t<\/div>\n\t<\/div>\n\t\t<\/div>\n\t<\/div>\n\t\n\n\t<div class=\"wp-block-kbm-video\">\n\t\t\n\n<figure class=\"wp-block-embed is-type-video is-provider-youtube wp-block-embed-youtube wp-embed-aspect-16-9 wp-has-aspect-ratio\"><div class=\"wp-block-embed__wrapper\">\n<iframe loading=\"lazy\" title=\"B\u00e6rekraftige fellesskap\" width=\"500\" height=\"281\" src=\"https:\/\/www.youtube.com\/embed\/D2fZ1Hxh7WI?feature=oembed\" frameborder=\"0\" allow=\"accelerometer; autoplay; clipboard-write; encrypted-media; gyroscope; picture-in-picture; web-share\" referrerpolicy=\"strict-origin-when-cross-origin\" allowfullscreen><\/iframe>\n<\/div><\/figure>\n\n\t\t<div class=\"kbm-video__content\" style=\"aspect-ratio: 16\/9\">\n\t\t\t<div class=\"kbm-video__play\">\n\t\t\t\t<span class=\"screen-reader-text\">Spill video<\/span>\n\t\t\t\t<svg xmlns=\"http:\/\/www.w3.org\/2000\/svg\" viewBox=\"0 0 48 48\" height=\"24\" width=\"24\" class=\"t2-icon t2-icon-play\" aria-hidden=\"true\" focusable=\"false\"><rect width=\"48\" height=\"48\" rx=\"24\"\/><path fill=\"currentColor\" d=\"M29.888 23.1913c.5491.3993.5491 1.2181 0 1.6174l-8.2998 6.0363c-.661.4807-1.5882.0085-1.5882-.8088V17.9638c0-.8173.9272-1.2895 1.5882-.8088l8.2998 6.0363Z\"\/><\/svg>\t\t\t\t\t\t\t\t\t<p class=\"kbm-video__subtext\">B\u00e6rekraftige fellesskap<\/p>\n\t\t\t\t\t\t\t<\/div>\n\t\t\t\t\t\t\t<h2 class=\"kbm-video__title\">Se hvordan vi jobber<\/h2>\n\t\t\t\t\t\t<img loading=\"lazy\" decoding=\"async\" width=\"1417\" height=\"797\" src=\"https:\/\/kirkensbymisjon.no\/content\/uploads\/sites\/25\/2024\/08\/Tilbud_Barekraftige-fellesskap_film.png\" class=\"attachment-full size-full\" alt=\"Barn fra film om tilbudet\" style=\"object-position: 50% 50%\" \/>\t\t<\/div>\n\t<\/div>\n\t\n\n\n<h2 class=\"wp-block-heading\" id=\"h-rapport-2025-samskapingsprosjektet-baerekraftige-fellesskap\"><strong>Rapport 2025: Samskapingsprosjektet B\u00e6rekraftige fellesskap.<\/strong><\/h2>\n\n\n\n<p>Med utgangspunkt i tre innsatsomr\u00e5der; sysselsetting, servering av mat i offentlige barnehager og konseptualisering av en sosial m\u00f8teplass, oppsummerer denne rapporten l\u00e6ring og ideer \u00e5 bygge videre p\u00e5.<\/p>\n\n\n\n<p><a href=\"https:\/\/kirkensbymisjon.no\/content\/uploads\/sites\/25\/2025\/03\/A4_Rapport_2025_Barekraftige-Fellesskap.pdf\" target=\"_blank\" rel=\"noreferrer noopener\">Les rapporten her<\/a>.<\/p>\n","protected":false},"excerpt":{"rendered":"<p>N\u00e6ringsrik og b\u00e6rekraftig mat som gleder b\u00e5de store og sm\u00e5 Med samskaping som metode vil&hellip;<\/p>\n","protected":false},"author":1,"featured_media":0,"parent":0,"menu_order":0,"comment_status":"closed","ping_status":"closed","template":"","meta":{"_relevanssi_hide_post":"","_relevanssi_hide_content":"","_relevanssi_pin_for_all":"","_relevanssi_pin_keywords":"","_relevanssi_unpin_keywords":"","_relevanssi_related_keywords":"","_relevanssi_related_include_ids":"","_relevanssi_related_exclude_ids":"","_relevanssi_related_no_append":"","_relevanssi_related_not_related":"","_relevanssi_related_posts":"1","_relevanssi_noindex_reason":"","editor_notices":[],"footnotes":""},"class_list":["post-2","page","type-page","status-publish","hentry"],"yoast_head":"<!-- This site is optimized with the Yoast SEO Premium plugin v27.2 (Yoast SEO v27.2) - https:\/\/yoast.com\/product\/yoast-seo-premium-wordpress\/ -->\n<title>Kirkens Bymisjon - B\u00e6rekraftige fellesskap<\/title>\n<meta name=\"description\" content=\"Sammen med Bydel Alna som skaper matglede i barnehager, inkludering i jobb og opplevelser i nabolaget.\" \/>\n<meta name=\"robots\" content=\"index, follow, max-snippet:-1, max-image-preview:large, max-video-preview:-1\" \/>\n<link rel=\"canonical\" href=\"https:\/\/kirkensbymisjon.no\/tilbud-baerekraftige-fellesskap\/\" \/>\n<meta property=\"og:locale\" content=\"nb_NO\" \/>\n<meta property=\"og:type\" content=\"article\" \/>\n<meta property=\"og:title\" content=\"Forside\" \/>\n<meta property=\"og:description\" content=\"Sammen med Bydel Alna som skaper matglede i barnehager, inkludering i jobb og opplevelser i nabolaget.\" \/>\n<meta property=\"og:url\" content=\"https:\/\/kirkensbymisjon.no\/tilbud-baerekraftige-fellesskap\/\" \/>\n<meta property=\"og:site_name\" content=\"B\u00e6rekraftige fellesskap\" \/>\n<meta property=\"article:modified_time\" content=\"2025-03-25T12:56:46+00:00\" \/>\n<meta property=\"og:image\" content=\"https:\/\/kirkensbymisjon.no\/content\/uploads\/sites\/25\/2024\/07\/Tilbud_Baerekraftige-fellesskap_04_samskapmat_780x520.jpg\" \/>\n\t<meta property=\"og:image:width\" content=\"780\" \/>\n\t<meta property=\"og:image:height\" content=\"520\" \/>\n\t<meta property=\"og:image:type\" content=\"image\/jpeg\" \/>\n<meta name=\"twitter:card\" content=\"summary_large_image\" \/>\n<meta name=\"twitter:label1\" content=\"Ansl. lesetid\" \/>\n\t<meta name=\"twitter:data1\" content=\"1 minutt\" \/>\n<script type=\"application\/ld+json\" class=\"yoast-schema-graph\">{\"@context\":\"https:\/\/schema.org\",\"@graph\":[{\"@type\":\"WebPage\",\"@id\":\"https:\/\/kirkensbymisjon.no\/tilbud-baerekraftige-fellesskap\/\",\"url\":\"https:\/\/kirkensbymisjon.no\/tilbud-baerekraftige-fellesskap\/\",\"name\":\"Kirkens Bymisjon - B\u00e6rekraftige fellesskap\",\"isPartOf\":{\"@id\":\"https:\/\/kirkensbymisjon.no\/tilbud-baerekraftige-fellesskap\/#website\"},\"primaryImageOfPage\":{\"@id\":\"https:\/\/kirkensbymisjon.no\/tilbud-baerekraftige-fellesskap\/#primaryimage\"},\"image\":{\"@id\":\"https:\/\/kirkensbymisjon.no\/tilbud-baerekraftige-fellesskap\/#primaryimage\"},\"thumbnailUrl\":\"https:\/\/kirkensbymisjon.no\/content\/uploads\/sites\/25\/2024\/07\/Tilbud_Baerekraftige-fellesskap_04_samskapmat_780x520.jpg\",\"datePublished\":\"2024-06-17T13:52:36+00:00\",\"dateModified\":\"2025-03-25T12:56:46+00:00\",\"description\":\"Sammen med Bydel Alna som skaper matglede i barnehager, inkludering i jobb og opplevelser i nabolaget.\",\"breadcrumb\":{\"@id\":\"https:\/\/kirkensbymisjon.no\/tilbud-baerekraftige-fellesskap\/#breadcrumb\"},\"inLanguage\":\"nb-NO\",\"potentialAction\":[{\"@type\":\"ReadAction\",\"target\":[\"https:\/\/kirkensbymisjon.no\/tilbud-baerekraftige-fellesskap\/\"]}]},{\"@type\":\"ImageObject\",\"inLanguage\":\"nb-NO\",\"@id\":\"https:\/\/kirkensbymisjon.no\/tilbud-baerekraftige-fellesskap\/#primaryimage\",\"url\":\"https:\/\/kirkensbymisjon.no\/content\/uploads\/sites\/25\/2024\/07\/Tilbud_Baerekraftige-fellesskap_04_samskapmat_780x520.jpg\",\"contentUrl\":\"https:\/\/kirkensbymisjon.no\/content\/uploads\/sites\/25\/2024\/07\/Tilbud_Baerekraftige-fellesskap_04_samskapmat_780x520.jpg\"},{\"@type\":\"BreadcrumbList\",\"@id\":\"https:\/\/kirkensbymisjon.no\/tilbud-baerekraftige-fellesskap\/#breadcrumb\",\"itemListElement\":[{\"@type\":\"ListItem\",\"position\":1,\"name\":\"Hjem\",\"item\":\"https:\/\/kirkensbymisjon.no\/tilbud-baerekraftige-fellesskap\/\"},{\"@type\":\"ListItem\",\"position\":2,\"name\":\"Forside\"}]},{\"@type\":\"WebSite\",\"@id\":\"https:\/\/kirkensbymisjon.no\/tilbud-baerekraftige-fellesskap\/#website\",\"url\":\"https:\/\/kirkensbymisjon.no\/tilbud-baerekraftige-fellesskap\/\",\"name\":\"B\u00e6rekraftige fellesskap\",\"description\":\"\",\"potentialAction\":[{\"@type\":\"SearchAction\",\"target\":{\"@type\":\"EntryPoint\",\"urlTemplate\":\"https:\/\/kirkensbymisjon.no\/tilbud-baerekraftige-fellesskap\/?s={search_term_string}\"},\"query-input\":{\"@type\":\"PropertyValueSpecification\",\"valueRequired\":true,\"valueName\":\"search_term_string\"}}],\"inLanguage\":\"nb-NO\"}]}<\/script>\n<!-- \/ Yoast SEO Premium plugin. -->","yoast_head_json":{"title":"Kirkens Bymisjon - B\u00e6rekraftige fellesskap","description":"Sammen med Bydel Alna som skaper matglede i barnehager, inkludering i jobb og opplevelser i nabolaget.","robots":{"index":"index","follow":"follow","max-snippet":"max-snippet:-1","max-image-preview":"max-image-preview:large","max-video-preview":"max-video-preview:-1"},"canonical":"https:\/\/kirkensbymisjon.no\/tilbud-baerekraftige-fellesskap\/","og_locale":"nb_NO","og_type":"article","og_title":"Forside","og_description":"Sammen med Bydel Alna som skaper matglede i barnehager, inkludering i jobb og opplevelser i nabolaget.","og_url":"https:\/\/kirkensbymisjon.no\/tilbud-baerekraftige-fellesskap\/","og_site_name":"B\u00e6rekraftige fellesskap","article_modified_time":"2025-03-25T12:56:46+00:00","og_image":[{"width":780,"height":520,"url":"https:\/\/kirkensbymisjon.no\/content\/uploads\/sites\/25\/2024\/07\/Tilbud_Baerekraftige-fellesskap_04_samskapmat_780x520.jpg","type":"image\/jpeg"}],"twitter_card":"summary_large_image","twitter_misc":{"Ansl. lesetid":"1 minutt"},"schema":{"@context":"https:\/\/schema.org","@graph":[{"@type":"WebPage","@id":"https:\/\/kirkensbymisjon.no\/tilbud-baerekraftige-fellesskap\/","url":"https:\/\/kirkensbymisjon.no\/tilbud-baerekraftige-fellesskap\/","name":"Kirkens Bymisjon - B\u00e6rekraftige fellesskap","isPartOf":{"@id":"https:\/\/kirkensbymisjon.no\/tilbud-baerekraftige-fellesskap\/#website"},"primaryImageOfPage":{"@id":"https:\/\/kirkensbymisjon.no\/tilbud-baerekraftige-fellesskap\/#primaryimage"},"image":{"@id":"https:\/\/kirkensbymisjon.no\/tilbud-baerekraftige-fellesskap\/#primaryimage"},"thumbnailUrl":"https:\/\/kirkensbymisjon.no\/content\/uploads\/sites\/25\/2024\/07\/Tilbud_Baerekraftige-fellesskap_04_samskapmat_780x520.jpg","datePublished":"2024-06-17T13:52:36+00:00","dateModified":"2025-03-25T12:56:46+00:00","description":"Sammen med Bydel Alna som skaper matglede i barnehager, inkludering i jobb og opplevelser i nabolaget.","breadcrumb":{"@id":"https:\/\/kirkensbymisjon.no\/tilbud-baerekraftige-fellesskap\/#breadcrumb"},"inLanguage":"nb-NO","potentialAction":[{"@type":"ReadAction","target":["https:\/\/kirkensbymisjon.no\/tilbud-baerekraftige-fellesskap\/"]}]},{"@type":"ImageObject","inLanguage":"nb-NO","@id":"https:\/\/kirkensbymisjon.no\/tilbud-baerekraftige-fellesskap\/#primaryimage","url":"https:\/\/kirkensbymisjon.no\/content\/uploads\/sites\/25\/2024\/07\/Tilbud_Baerekraftige-fellesskap_04_samskapmat_780x520.jpg","contentUrl":"https:\/\/kirkensbymisjon.no\/content\/uploads\/sites\/25\/2024\/07\/Tilbud_Baerekraftige-fellesskap_04_samskapmat_780x520.jpg"},{"@type":"BreadcrumbList","@id":"https:\/\/kirkensbymisjon.no\/tilbud-baerekraftige-fellesskap\/#breadcrumb","itemListElement":[{"@type":"ListItem","position":1,"name":"Hjem","item":"https:\/\/kirkensbymisjon.no\/tilbud-baerekraftige-fellesskap\/"},{"@type":"ListItem","position":2,"name":"Forside"}]},{"@type":"WebSite","@id":"https:\/\/kirkensbymisjon.no\/tilbud-baerekraftige-fellesskap\/#website","url":"https:\/\/kirkensbymisjon.no\/tilbud-baerekraftige-fellesskap\/","name":"B\u00e6rekraftige fellesskap","description":"","potentialAction":[{"@type":"SearchAction","target":{"@type":"EntryPoint","urlTemplate":"https:\/\/kirkensbymisjon.no\/tilbud-baerekraftige-fellesskap\/?s={search_term_string}"},"query-input":{"@type":"PropertyValueSpecification","valueRequired":true,"valueName":"search_term_string"}}],"inLanguage":"nb-NO"}]}},"_links":{"self":[{"href":"https:\/\/kirkensbymisjon.no\/tilbud-baerekraftige-fellesskap\/wp-json\/wp\/v2\/pages\/2","targetHints":{"allow":["GET"]}}],"collection":[{"href":"https:\/\/kirkensbymisjon.no\/tilbud-baerekraftige-fellesskap\/wp-json\/wp\/v2\/pages"}],"about":[{"href":"https:\/\/kirkensbymisjon.no\/tilbud-baerekraftige-fellesskap\/wp-json\/wp\/v2\/types\/page"}],"author":[{"embeddable":true,"href":"https:\/\/kirkensbymisjon.no\/tilbud-baerekraftige-fellesskap\/wp-json\/wp\/v2\/users\/1"}],"replies":[{"embeddable":true,"href":"https:\/\/kirkensbymisjon.no\/tilbud-baerekraftige-fellesskap\/wp-json\/wp\/v2\/comments?post=2"}],"version-history":[{"count":4,"href":"https:\/\/kirkensbymisjon.no\/tilbud-baerekraftige-fellesskap\/wp-json\/wp\/v2\/pages\/2\/revisions"}],"predecessor-version":[{"id":134,"href":"https:\/\/kirkensbymisjon.no\/tilbud-baerekraftige-fellesskap\/wp-json\/wp\/v2\/pages\/2\/revisions\/134"}],"wp:attachment":[{"href":"https:\/\/kirkensbymisjon.no\/tilbud-baerekraftige-fellesskap\/wp-json\/wp\/v2\/media?parent=2"}],"curies":[{"name":"wp","href":"https:\/\/api.w.org\/{rel}","templated":true}]}}