{"id":2,"date":"2024-06-14T12:29:16","date_gmt":"2024-06-14T10:29:16","guid":{"rendered":"https:\/\/kirkensbymisjon.no\/tilbud-bamsehiet\/?page_id=2"},"modified":"2025-02-19T14:46:19","modified_gmt":"2025-02-19T13:46:19","slug":"bamsehiet","status":"publish","type":"page","link":"https:\/\/kirkensbymisjon.no\/tilbud-bamsehiet\/","title":{"rendered":"Forside"},"content":{"rendered":"\n<p>Vi er et tilbud for familier med barn i alderen 0\u201312 \u00e5r, og holder til i Bergen sentrum og Land\u00e5s\/Slettebakken. B\u00e5de norske familier og familier fra ulike steder i verden er hjertelig velkomne til \u00e5 delta p\u00e5 <a href=\"https:\/\/kirkensbymisjon.no\/tilbud-bamsehiet\/#aktiviteter\">v\u00e5re aktiviteter<\/a>. Hos oss f\u00e5r barn og voksne mulighet til \u00e5 knytte kontakt med hverandre, og kanskje f\u00e5r dere venner for livet! <a href=\"https:\/\/kirkensbymisjon.no\/tilbud-bamsehiet\/kontaktinformasjon\/\">Her finner du oss<\/a>.<\/p>\n\n\n\n<p>Bamsehiet st\u00f8ttes \u00f8konomisk av Bergen kommune, Barne-, ungdoms- og familiedirektoratet, og <a href=\"https:\/\/www.facebook.com\/StiftelsenUlvsnesoySkolehjem\/\" target=\"_blank\" rel=\"noreferrer noopener\">Stiftelsen Ulvsnes\u00f8y Skolehjem<\/a>.<\/p>\n\n\n\t<div class=\"alignwide wp-block-kbm-link-list\">\n\t\t<div class=\"kbm-link-list__items\">\n\t\t\t\n<div class=\"wp-block-kbm-link-list-item\">\t<svg xmlns=\"http:\/\/www.w3.org\/2000\/svg\" viewBox=\"0 0 48 48\" height=\"24\" width=\"24\" class=\"t2-icon t2-icon-heart\" aria-hidden=\"true\" focusable=\"false\"><path d=\"M12.608 7.169c-1.695.306-3.132.959-4.579 2.081-1.894 1.468-3.293 3.755-3.79 6.194-.689 3.382.232 7.499 2.57 11.489 2.339 3.991 6.459 8.359 11.511 12.202 1.924 1.463 5.432 3.825 5.682 3.825.244 0 3.789-2.389 5.678-3.826 3.507-2.666 6.767-5.781 9.058-8.654 4.107-5.151 5.927-10.598 5.023-15.036-.867-4.255-4.231-7.559-8.431-8.282-.908-.156-2.546-.157-3.46-.001-3.228.55-6.151 2.758-7.548 5.699-.151.319-.296.58-.32.58-.025 0-.212-.333-.416-.74-1.452-2.905-4.266-4.995-7.456-5.539-.885-.151-2.667-.147-3.522.008\"\/><\/svg>\t<div class=\"kbm-link-list-item__content\">\n\t\t<p class=\"kbm-link-list-item__title\">Rom for alle<\/p>\n\t\t\t\t\t<p class=\"kbm-link-list-item__description\">Hos oss er alle familier med barn (0\u201312 \u00e5r) velkomne, uavhengig av nasjonalitet og bakgrunn. Barnet kan komme i f\u00f8lge med foreldre eller en annen omsorgsperson. <\/p>\n\t\t\t<\/div>\n\t<\/div>\n\n<div class=\"wp-block-kbm-link-list-item\">\t<svg xmlns=\"http:\/\/www.w3.org\/2000\/svg\" viewBox=\"0 0 48 48\" height=\"24\" width=\"24\" class=\"t2-icon t2-icon-competence\" aria-hidden=\"true\" focusable=\"false\"><path d=\"M4.52 5.114c-.582.143-1.121.6-1.376 1.166-.137.304-.145 1.072-.165 15.336l-.021 15.016.261.04c.144.022 1.017.059 1.941.083 6.757.174 13.478 1.64 17.097 3.731l.643.37c.033.018.06-6.861.06-15.287V10.248l-.94-.628c-3.508-2.343-8.48-3.846-14.46-4.371-1.882-.165-2.759-.204-3.04-.135m37.8-.023c-7.149.49-12.52 1.979-16.34 4.53l-.94.627v30.645l.3-.186a19.248 19.248 0 0 1 2.333-1.234c3.668-1.615 7.714-2.364 14.447-2.672a98.22 98.22 0 0 0 2.34-.129l.5-.045V21.591c0-16.466.036-15.271-.482-15.862-.478-.544-1.052-.713-2.158-.638M3.042 39.857c.002 1.832.049 2.034.597 2.566.593.576-.06.543 10.081.519l9.12-.022-.68-.411c-3.828-2.314-10.102-3.881-16.6-4.146-.616-.025-1.435-.064-1.82-.087l-.7-.042.002 1.623m39.998-1.533c-7.143.301-13.59 1.885-17.355 4.264l-.525.332 9.12.022c10.141.024 9.488.057 10.081-.519.548-.532.595-.734.597-2.563l.002-1.62-.26.012c-.143.007-.89.04-1.66.072\"\/><\/svg>\t<div class=\"kbm-link-list-item__content\">\n\t\t<p class=\"kbm-link-list-item__title\">Trygghet og kompetanse <\/p>\n\t\t\t\t\t<p class=\"kbm-link-list-item__description\">Bamsehiet ledes av ansatte med kunnskap om barn og familier. Vi har ansvar for det pedagogiske arbeidet, samt tilrettelegging og gjennomf\u00f8ring av dagen.<\/p>\n\t\t\t<\/div>\n\t<\/div>\n\n<div class=\"wp-block-kbm-link-list-item\">\t<svg xmlns=\"http:\/\/www.w3.org\/2000\/svg\" viewBox=\"0 0 48 48\" height=\"24\" width=\"24\" class=\"t2-icon t2-icon-substanceabuse\" aria-hidden=\"true\" focusable=\"false\"><path d=\"M12.56 9.154c-1.341.298-2.645 1.02-3.574 1.979C7.697 12.465 7.02 14.139 7.02 16c0 1.434.389 2.738 1.147 3.847 1.839 2.689 5.013 3.786 8.045 2.781 2.343-.777 4.141-2.82 4.672-5.308.157-.736.12-2.2-.074-2.939-.374-1.42-.887-2.311-1.927-3.341-.989-.98-2.132-1.604-3.441-1.88-.683-.143-2.248-.147-2.882-.006m19.96.013c-.635.139-1.595.533-2.262.927-.582.343-1.821 1.582-2.164 2.164-.801 1.355-1.097 2.524-1.03 4.056.053 1.203.179 1.707.694 2.766a6.659 6.659 0 0 0 3.162 3.162c1.198.583 1.617.675 3.08.675s1.882-.092 3.08-.675a6.878 6.878 0 0 0 2.325-1.823c.5-.602 1.152-1.869 1.369-2.659.108-.395.143-.818.143-1.76 0-1.463-.092-1.882-.675-3.08a6.878 6.878 0 0 0-1.823-2.325c-.59-.49-1.865-1.151-2.619-1.357-.694-.191-2.555-.231-3.28-.071M8.438 28.079c-2.389.351-4.344 1.951-5.133 4.201l-.225.64-.024 3.02-.025 3.02h17.586l.048-1.06c.071-1.592.431-2.97 1.156-4.42.413-.828 1.123-1.894 1.7-2.553.219-.251.399-.497.399-.548 0-.149-.879-.956-1.44-1.322a7.39 7.39 0 0 0-1.133-.577c-1.197-.462-1.483-.481-7.257-.47-2.888.005-5.431.037-5.652.069m24.251.006c-1.748.203-3.4.813-4.929 1.82-.842.555-2.146 1.809-2.743 2.638-1.226 1.702-1.977 3.887-1.977 5.747v.67h21.92v-.67c0-1.861-.751-4.045-1.978-5.748-.523-.727-1.755-1.947-2.502-2.478-2.187-1.554-5.092-2.292-7.791-1.979\"\/><\/svg>\t<div class=\"kbm-link-list-item__content\">\n\t\t<p class=\"kbm-link-list-item__title\">Fellesskap for barn og voksne<\/p>\n\t\t\t\t\t<p class=\"kbm-link-list-item__description\">Vi har mange ulike aktiviteter, og dere velger selv hva dere vil delta p\u00e5. Vi er opptatt av \u00e5 bygge et im\u00f8tekommende fellesskap, med rom til \u00e5 bli kjent med hverandre. <\/p>\n\t\t\t<\/div>\n\t<\/div>\n\t\t<\/div>\n\t<\/div>\n\t\n\n\n<h2 class=\"wp-block-heading\" id=\"aktiviteter\">Aktiviteter og p\u00e5melding<\/h2>\n\n\n<div class=\"t2-accordion wp-block-t2-accordion\" data-allow-multiple=\"1\" role=\"list\">\n<div class=\"t2-accordion-item wp-block-t2-accordion-item\" role=\"listitem\">\n\t\t\t<h2 class=\"t2-accordion-title\">\n\t\t\t\t<button type=\"button\" class=\"t2-accordion-trigger\" id=\"v\u00e5re-aktiviteter\" aria-controls=\"accordion-panel\" aria-expanded=\"false\">\n\t\t\t\t\tV\u00e5re aktiviteter\n\t\t\t\t\t<span class=\"t2-accordion-icon is-closed-icon\"><svg xmlns=\"http:\/\/www.w3.org\/2000\/svg\" viewBox=\"0 0 24 24\" height=\"24\" width=\"24\" class=\"t2-icon t2-icon-plus\" aria-hidden=\"true\" focusable=\"false\"><path d=\"M11.8 5.037a1.088 1.088 0 0 0-.722.566c-.075.148-.078.25-.078 2.772v2.619l-2.61.016c-1.867.012-2.652.03-2.756.064-.168.055-.438.301-.54.494-.049.092-.07.223-.07.432 0 .34.054.476.282.704.289.289.14.275 3.064.288l2.63.012v2.619c0 2.544.002 2.625.08 2.778.191.372.516.577.92.577s.729-.205.92-.577c.078-.153.08-.234.08-2.778v-2.619l2.63-.012c2.924-.013 2.775.001 3.064-.288.228-.228.282-.364.282-.704 0-.209-.021-.34-.07-.432-.102-.193-.372-.439-.54-.494-.104-.034-.889-.052-2.756-.064L13 10.994V8.375c0-2.522-.003-2.624-.078-2.772-.214-.418-.685-.656-1.122-.566\"\/><\/svg><\/span>\n\t\t\t\t\t<span class=\"t2-accordion-icon is-open-icon\"><svg xmlns=\"http:\/\/www.w3.org\/2000\/svg\" viewBox=\"0 0 24 24\" height=\"24\" width=\"24\" class=\"t2-icon t2-icon-chevronup\" aria-hidden=\"true\" focusable=\"false\"><path d=\"M6.7 14.7c-.2-.2-.3-.4-.3-.7s.1-.5.3-.7l4.6-4.6c.1-.1.2-.2.3-.2.1 0 .2-.1.4-.1.1 0 .3 0 .4.1.1 0 .2.1.3.2l4.6 4.6c.2.2.3.4.3.7s-.1.5-.3.7c-.2.2-.4.3-.7.3s-.5-.1-.7-.3L12 10.8l-3.9 3.9c-.2.2-.4.3-.7.3s-.5-.1-.7-.3z\" fill=\"currentColor\" \/><\/svg><\/span>\n\t\t\t\t<\/button>\n\t\t\t<\/h2>\n\t\t\t<div class=\"t2-accordion-item__inner-container is-layout-flow\" id=\"accordion-panel\" aria-labelledby=\"v\u00e5re-aktiviteter\" role=\"region\" hidden>\n\t\t\t\t\n\n<p>Aktivitetene tilrettelegges av Bamsehiets ansatte. Foreldre eller andre omsorgspersoner deltar sammen med barnet i alle aktiviteter:<\/p>\n\n\n\n<ul class=\"wp-block-list\">\n<li>Vi spiser middag sammen kl. 17.00. Felleskapet rundt m\u00e5ltidet er viktig.<\/li>\n\n\n\n<li>F\u00f8r og etter middag arrangeres det ulike aktiviteter, for eksempel forming, spill, lek eller bevegelse.<\/li>\n\n\n\n<li>Noen ganger drar vi p\u00e5 turer eller p\u00e5 kulturelle aktiviteter.<\/li>\n<\/ul>\n\n\n\n<p><a href=\"https:\/\/kirkensbymisjon.no\/content\/uploads\/sites\/8\/2025\/02\/Bamsehiet-aktivitetsplan-varen-2025-4.pdf\">Last ned aktivitetsprogram for v\u00e5ren 2025.<\/a><\/p>\n\n\n\t\t\t<\/div>\n\t\t<\/div>\n\n<div class=\"t2-accordion-item wp-block-t2-accordion-item\" role=\"listitem\">\n\t\t\t<h2 class=\"t2-accordion-title\">\n\t\t\t\t<button type=\"button\" class=\"t2-accordion-trigger\" id=\"p\u00e5melding-til-aktiviteter\" aria-controls=\"accordion-panel-1\" aria-expanded=\"false\">\n\t\t\t\t\tP\u00e5melding til aktiviteter\n\t\t\t\t\t<span class=\"t2-accordion-icon is-closed-icon\"><svg xmlns=\"http:\/\/www.w3.org\/2000\/svg\" viewBox=\"0 0 24 24\" height=\"24\" width=\"24\" class=\"t2-icon t2-icon-plus\" aria-hidden=\"true\" focusable=\"false\"><path d=\"M11.8 5.037a1.088 1.088 0 0 0-.722.566c-.075.148-.078.25-.078 2.772v2.619l-2.61.016c-1.867.012-2.652.03-2.756.064-.168.055-.438.301-.54.494-.049.092-.07.223-.07.432 0 .34.054.476.282.704.289.289.14.275 3.064.288l2.63.012v2.619c0 2.544.002 2.625.08 2.778.191.372.516.577.92.577s.729-.205.92-.577c.078-.153.08-.234.08-2.778v-2.619l2.63-.012c2.924-.013 2.775.001 3.064-.288.228-.228.282-.364.282-.704 0-.209-.021-.34-.07-.432-.102-.193-.372-.439-.54-.494-.104-.034-.889-.052-2.756-.064L13 10.994V8.375c0-2.522-.003-2.624-.078-2.772-.214-.418-.685-.656-1.122-.566\"\/><\/svg><\/span>\n\t\t\t\t\t<span class=\"t2-accordion-icon is-open-icon\"><svg xmlns=\"http:\/\/www.w3.org\/2000\/svg\" viewBox=\"0 0 24 24\" height=\"24\" width=\"24\" class=\"t2-icon t2-icon-chevronup\" aria-hidden=\"true\" focusable=\"false\"><path d=\"M6.7 14.7c-.2-.2-.3-.4-.3-.7s.1-.5.3-.7l4.6-4.6c.1-.1.2-.2.3-.2.1 0 .2-.1.4-.1.1 0 .3 0 .4.1.1 0 .2.1.3.2l4.6 4.6c.2.2.3.4.3.7s-.1.5-.3.7c-.2.2-.4.3-.7.3s-.5-.1-.7-.3L12 10.8l-3.9 3.9c-.2.2-.4.3-.7.3s-.5-.1-.7-.3z\" fill=\"currentColor\" \/><\/svg><\/span>\n\t\t\t\t<\/button>\n\t\t\t<\/h2>\n\t\t\t<div class=\"t2-accordion-item__inner-container is-layout-flow\" id=\"accordion-panel-1\" aria-labelledby=\"p\u00e5melding-til-aktiviteter\" role=\"region\" hidden>\n\t\t\t\t\n\n<p>For p\u00e5melding kan du sende SMS eller ringe oss i Bamsehiets <a href=\"https:\/\/kirkensbymisjon.no\/tilbud-bamsehiet\/kontaktinformasjon\/\">\u00e5pningstid<\/a>.<\/p>\n\n\n\n<p>Vi kan ogs\u00e5 kontaktes via \u00c5pen Barnehages <a href=\"https:\/\/www.facebook.com\/kirkensbymisjonapenbarnehage\" target=\"_blank\" rel=\"noreferrer noopener\">Facebook<\/a>. <\/p>\n\n\n\t\t\t<\/div>\n\t\t<\/div>\n<\/div>\n\n\n<blockquote class=\"wp-block-quote is-layout-flow wp-block-quote-is-layout-flow\">\n<p>Bamsehiet er et flerkulturelt og mangfoldig m\u00f8tested der vi l\u00e6rer av hverandre. Her er det greit \u00e5 v\u00e6re annerledes. Alle snakker, eller pr\u00f8ver \u00e5 snakke, norsk. Det er ikke s\u00e5 farlig at man ikke er s\u00e5 god. Det viktigste er \u00e5 v\u00e6re seg selv.<\/p>\n<cite>\u00c5se Tveit Christiansen<\/cite><\/blockquote>\n\n\n\n<blockquote class=\"wp-block-quote is-layout-flow wp-block-quote-is-layout-flow\">\n<p>Bamsehiet betyr veldig mye b\u00e5de for meg og jenten min. Vi har f\u00e5tt et st\u00f8rre nettverk, og blitt kjent med folk fra mange forskjellige kulturer. Ingen d\u00f8mmer en, her er det \u00e5pent hus uansett. Vennene vi har f\u00e5tt her treffer vi ellers ogs\u00e5. Spesielt turene gj\u00f8r at man kommer tett innp\u00e5 folk.<\/p>\n<cite>Mor<\/cite><\/blockquote>\n\n\n\n<div class=\"wp-block-media-text alignwide is-stacked-on-mobile is-style-filled\"><figure class=\"wp-block-media-text__media\"><img decoding=\"async\" src=\"https:\/\/kirkensbymisjon.no\/content\/uploads\/2024\/06\/arbeidsfelt_barnunge_04-1024x683.jpg\" alt=\"Ansatt i samtale med jente\" class=\"wp-image-147 size-full\"\/><\/figure><div class=\"wp-block-media-text__content\">\n<h2 class=\"wp-block-heading\" id=\"h-barn-unge-og-familier\">Barn, unge og familier<\/h2>\n\n\n\n<p>En viktig del av v\u00e5r strategi er \u00e5 gj\u00f8re en ekstra innsats for barn og unge. Vi jobber derfor for at barn og unge skal f\u00e5 en god oppvekst, og for \u00e5 skape trygge rammer rundt familiene.&nbsp;&nbsp;<\/p>\n\n\n\n<p><a href=\"\/barn-unge-og-familier\/\">Les mer om Kirkens Bymisjons tilbud<\/a>.<\/p>\n<\/div><\/div>\n","protected":false},"excerpt":{"rendered":"<p>Vi er et tilbud for familier med barn i alderen 0\u201312 \u00e5r, og holder til&hellip;<\/p>\n","protected":false},"author":1,"featured_media":22,"parent":0,"menu_order":0,"comment_status":"closed","ping_status":"closed","template":"","meta":{"_relevanssi_hide_post":"","_relevanssi_hide_content":"","_relevanssi_pin_for_all":"","_relevanssi_pin_keywords":"","_relevanssi_unpin_keywords":"","_relevanssi_related_keywords":"","_relevanssi_related_include_ids":"","_relevanssi_related_exclude_ids":"","_relevanssi_related_no_append":"","_relevanssi_related_not_related":"","_relevanssi_related_posts":"1","_relevanssi_noindex_reason":"","editor_notices":[],"footnotes":""},"class_list":["post-2","page","type-page","status-publish","has-post-thumbnail","hentry"],"yoast_head":"<!-- This site is optimized with the Yoast SEO Premium plugin v27.2 (Yoast SEO v27.2) - https:\/\/yoast.com\/product\/yoast-seo-premium-wordpress\/ -->\n<title>Kirkens Bymisjon - Bamsehiet<\/title>\n<meta name=\"description\" content=\"Vi er en \u00e5pen og inkluderende m\u00f8teplass for sm\u00e5barnsfamilier med barn i alderen 0\u201312 \u00e5r i Bergen, med mange sosiale aktiviteter.\" \/>\n<meta name=\"robots\" content=\"index, follow, max-snippet:-1, max-image-preview:large, max-video-preview:-1\" \/>\n<link rel=\"canonical\" href=\"https:\/\/kirkensbymisjon.no\/tilbud-bamsehiet\/\" \/>\n<meta property=\"og:locale\" content=\"nb_NO\" \/>\n<meta property=\"og:type\" content=\"article\" \/>\n<meta property=\"og:title\" content=\"Kirkens Bymisjon - Bamsehiet\" \/>\n<meta property=\"og:description\" content=\"Vi er et \u00e5pent m\u00f8tested for barn, sammen med foreldre eller en annen omsorgsperson.\" \/>\n<meta property=\"og:url\" content=\"https:\/\/kirkensbymisjon.no\/tilbud-bamsehiet\/\" \/>\n<meta property=\"og:site_name\" content=\"Bamsehiet\" \/>\n<meta property=\"article:modified_time\" content=\"2025-02-19T13:46:19+00:00\" \/>\n<meta property=\"og:image\" content=\"https:\/\/kirkensbymisjon.no\/content\/uploads\/sites\/8\/2024\/06\/Tilbud_Bamsehiet_01.jpeg\" \/>\n\t<meta property=\"og:image:width\" content=\"1000\" \/>\n\t<meta property=\"og:image:height\" content=\"500\" \/>\n\t<meta property=\"og:image:type\" content=\"image\/jpeg\" \/>\n<meta name=\"twitter:card\" content=\"summary_large_image\" \/>\n<meta name=\"twitter:title\" content=\"Forside\" \/>\n<meta name=\"twitter:label1\" content=\"Ansl. lesetid\" \/>\n\t<meta name=\"twitter:data1\" content=\"2 minutter\" \/>\n<script type=\"application\/ld+json\" class=\"yoast-schema-graph\">{\"@context\":\"https:\/\/schema.org\",\"@graph\":[{\"@type\":\"WebPage\",\"@id\":\"https:\/\/kirkensbymisjon.no\/tilbud-bamsehiet\/\",\"url\":\"https:\/\/kirkensbymisjon.no\/tilbud-bamsehiet\/\",\"name\":\"Kirkens Bymisjon - Bamsehiet\",\"isPartOf\":{\"@id\":\"https:\/\/kirkensbymisjon.no\/tilbud-bamsehiet\/#website\"},\"primaryImageOfPage\":{\"@id\":\"https:\/\/kirkensbymisjon.no\/tilbud-bamsehiet\/#primaryimage\"},\"image\":{\"@id\":\"https:\/\/kirkensbymisjon.no\/tilbud-bamsehiet\/#primaryimage\"},\"thumbnailUrl\":\"https:\/\/kirkensbymisjon.no\/content\/uploads\/sites\/8\/2024\/06\/Tilbud_Bamsehiet_01.jpeg\",\"datePublished\":\"2024-06-14T10:29:16+00:00\",\"dateModified\":\"2025-02-19T13:46:19+00:00\",\"description\":\"Vi er en \u00e5pen og inkluderende m\u00f8teplass for sm\u00e5barnsfamilier med barn i alderen 0\u201312 \u00e5r i Bergen, med mange sosiale aktiviteter.\",\"breadcrumb\":{\"@id\":\"https:\/\/kirkensbymisjon.no\/tilbud-bamsehiet\/#breadcrumb\"},\"inLanguage\":\"nb-NO\",\"potentialAction\":[{\"@type\":\"ReadAction\",\"target\":[\"https:\/\/kirkensbymisjon.no\/tilbud-bamsehiet\/\"]}]},{\"@type\":\"ImageObject\",\"inLanguage\":\"nb-NO\",\"@id\":\"https:\/\/kirkensbymisjon.no\/tilbud-bamsehiet\/#primaryimage\",\"url\":\"https:\/\/kirkensbymisjon.no\/content\/uploads\/sites\/8\/2024\/06\/Tilbud_Bamsehiet_01.jpeg\",\"contentUrl\":\"https:\/\/kirkensbymisjon.no\/content\/uploads\/sites\/8\/2024\/06\/Tilbud_Bamsehiet_01.jpeg\",\"width\":1000,\"height\":500,\"caption\":\"Flere barn som leker med bamser\"},{\"@type\":\"BreadcrumbList\",\"@id\":\"https:\/\/kirkensbymisjon.no\/tilbud-bamsehiet\/#breadcrumb\",\"itemListElement\":[{\"@type\":\"ListItem\",\"position\":1,\"name\":\"Hjem\",\"item\":\"https:\/\/kirkensbymisjon.no\/tilbud-bamsehiet\/\"},{\"@type\":\"ListItem\",\"position\":2,\"name\":\"Forside\"}]},{\"@type\":\"WebSite\",\"@id\":\"https:\/\/kirkensbymisjon.no\/tilbud-bamsehiet\/#website\",\"url\":\"https:\/\/kirkensbymisjon.no\/tilbud-bamsehiet\/\",\"name\":\"Bamsehiet\",\"description\":\"\",\"potentialAction\":[{\"@type\":\"SearchAction\",\"target\":{\"@type\":\"EntryPoint\",\"urlTemplate\":\"https:\/\/kirkensbymisjon.no\/tilbud-bamsehiet\/?s={search_term_string}\"},\"query-input\":{\"@type\":\"PropertyValueSpecification\",\"valueRequired\":true,\"valueName\":\"search_term_string\"}}],\"inLanguage\":\"nb-NO\"}]}<\/script>\n<!-- \/ Yoast SEO Premium plugin. -->","yoast_head_json":{"title":"Kirkens Bymisjon - Bamsehiet","description":"Vi er en \u00e5pen og inkluderende m\u00f8teplass for sm\u00e5barnsfamilier med barn i alderen 0\u201312 \u00e5r i Bergen, med mange sosiale aktiviteter.","robots":{"index":"index","follow":"follow","max-snippet":"max-snippet:-1","max-image-preview":"max-image-preview:large","max-video-preview":"max-video-preview:-1"},"canonical":"https:\/\/kirkensbymisjon.no\/tilbud-bamsehiet\/","og_locale":"nb_NO","og_type":"article","og_title":"Kirkens Bymisjon - Bamsehiet","og_description":"Vi er et \u00e5pent m\u00f8tested for barn, sammen med foreldre eller en annen omsorgsperson.","og_url":"https:\/\/kirkensbymisjon.no\/tilbud-bamsehiet\/","og_site_name":"Bamsehiet","article_modified_time":"2025-02-19T13:46:19+00:00","og_image":[{"width":1000,"height":500,"url":"https:\/\/kirkensbymisjon.no\/content\/uploads\/sites\/8\/2024\/06\/Tilbud_Bamsehiet_01.jpeg","type":"image\/jpeg"}],"twitter_card":"summary_large_image","twitter_title":"Forside","twitter_misc":{"Ansl. lesetid":"2 minutter"},"schema":{"@context":"https:\/\/schema.org","@graph":[{"@type":"WebPage","@id":"https:\/\/kirkensbymisjon.no\/tilbud-bamsehiet\/","url":"https:\/\/kirkensbymisjon.no\/tilbud-bamsehiet\/","name":"Kirkens Bymisjon - Bamsehiet","isPartOf":{"@id":"https:\/\/kirkensbymisjon.no\/tilbud-bamsehiet\/#website"},"primaryImageOfPage":{"@id":"https:\/\/kirkensbymisjon.no\/tilbud-bamsehiet\/#primaryimage"},"image":{"@id":"https:\/\/kirkensbymisjon.no\/tilbud-bamsehiet\/#primaryimage"},"thumbnailUrl":"https:\/\/kirkensbymisjon.no\/content\/uploads\/sites\/8\/2024\/06\/Tilbud_Bamsehiet_01.jpeg","datePublished":"2024-06-14T10:29:16+00:00","dateModified":"2025-02-19T13:46:19+00:00","description":"Vi er en \u00e5pen og inkluderende m\u00f8teplass for sm\u00e5barnsfamilier med barn i alderen 0\u201312 \u00e5r i Bergen, med mange sosiale aktiviteter.","breadcrumb":{"@id":"https:\/\/kirkensbymisjon.no\/tilbud-bamsehiet\/#breadcrumb"},"inLanguage":"nb-NO","potentialAction":[{"@type":"ReadAction","target":["https:\/\/kirkensbymisjon.no\/tilbud-bamsehiet\/"]}]},{"@type":"ImageObject","inLanguage":"nb-NO","@id":"https:\/\/kirkensbymisjon.no\/tilbud-bamsehiet\/#primaryimage","url":"https:\/\/kirkensbymisjon.no\/content\/uploads\/sites\/8\/2024\/06\/Tilbud_Bamsehiet_01.jpeg","contentUrl":"https:\/\/kirkensbymisjon.no\/content\/uploads\/sites\/8\/2024\/06\/Tilbud_Bamsehiet_01.jpeg","width":1000,"height":500,"caption":"Flere barn som leker med bamser"},{"@type":"BreadcrumbList","@id":"https:\/\/kirkensbymisjon.no\/tilbud-bamsehiet\/#breadcrumb","itemListElement":[{"@type":"ListItem","position":1,"name":"Hjem","item":"https:\/\/kirkensbymisjon.no\/tilbud-bamsehiet\/"},{"@type":"ListItem","position":2,"name":"Forside"}]},{"@type":"WebSite","@id":"https:\/\/kirkensbymisjon.no\/tilbud-bamsehiet\/#website","url":"https:\/\/kirkensbymisjon.no\/tilbud-bamsehiet\/","name":"Bamsehiet","description":"","potentialAction":[{"@type":"SearchAction","target":{"@type":"EntryPoint","urlTemplate":"https:\/\/kirkensbymisjon.no\/tilbud-bamsehiet\/?s={search_term_string}"},"query-input":{"@type":"PropertyValueSpecification","valueRequired":true,"valueName":"search_term_string"}}],"inLanguage":"nb-NO"}]}},"_links":{"self":[{"href":"https:\/\/kirkensbymisjon.no\/tilbud-bamsehiet\/wp-json\/wp\/v2\/pages\/2","targetHints":{"allow":["GET"]}}],"collection":[{"href":"https:\/\/kirkensbymisjon.no\/tilbud-bamsehiet\/wp-json\/wp\/v2\/pages"}],"about":[{"href":"https:\/\/kirkensbymisjon.no\/tilbud-bamsehiet\/wp-json\/wp\/v2\/types\/page"}],"author":[{"embeddable":true,"href":"https:\/\/kirkensbymisjon.no\/tilbud-bamsehiet\/wp-json\/wp\/v2\/users\/1"}],"replies":[{"embeddable":true,"href":"https:\/\/kirkensbymisjon.no\/tilbud-bamsehiet\/wp-json\/wp\/v2\/comments?post=2"}],"version-history":[{"count":5,"href":"https:\/\/kirkensbymisjon.no\/tilbud-bamsehiet\/wp-json\/wp\/v2\/pages\/2\/revisions"}],"predecessor-version":[{"id":105,"href":"https:\/\/kirkensbymisjon.no\/tilbud-bamsehiet\/wp-json\/wp\/v2\/pages\/2\/revisions\/105"}],"wp:featuredmedia":[{"embeddable":true,"href":"https:\/\/kirkensbymisjon.no\/tilbud-bamsehiet\/wp-json\/wp\/v2\/media\/22"}],"wp:attachment":[{"href":"https:\/\/kirkensbymisjon.no\/tilbud-bamsehiet\/wp-json\/wp\/v2\/media?parent=2"}],"curies":[{"name":"wp","href":"https:\/\/api.w.org\/{rel}","templated":true}]}}